{"id":71434,"date":"2026-05-10T10:26:05","date_gmt":"2026-05-10T08:26:05","guid":{"rendered":"https:\/\/www.lavillagardendesign.com\/product\/litorale-set-2-piatti-frutta\/"},"modified":"2026-05-10T10:26:05","modified_gmt":"2026-05-10T08:26:05","slug":"litorale-set-2-piatti-frutta","status":"publish","type":"product","link":"https:\/\/www.lavillagardendesign.com\/fr\/product\/litorale-set-2-piatti-frutta\/","title":{"rendered":"LITORALE &#8211; Set 2 Piatti Frutta"},"content":{"rendered":"","protected":false},"excerpt":{"rendered":"<p>Compl\u00e9tez votre vaisselle d&rsquo;ext\u00e9rieur avec l&rsquo;\u00e9l\u00e9gance contemporaine de la collection Litorale. Ces assiettes \u00e0 fruits ont \u00e9t\u00e9 d\u00e9velopp\u00e9es pour offrir une esth\u00e9tique italienne raffin\u00e9e, alliant la l\u00e9g\u00e8ret\u00e9 visuelle \u00e0 l&rsquo;extr\u00eame r\u00e9sistance de la m\u00e9lamine technique. Leur finition de haute qualit\u00e9 est id\u00e9ale pour servir des desserts ou des fruits sur des terrasses et des jardins luxueux, en conservant la sophistication dans chaque d\u00e9tail.  <\/p>\n","protected":false},"featured_media":71383,"comment_status":"open","ping_status":"closed","template":"","meta":[],"product_brand":[],"product_cat":[2922,7285],"product_tag":[],"class_list":{"0":"post-71434","1":"product","2":"type-product","3":"status-publish","4":"has-post-thumbnail","6":"product_cat-accessoires","7":"product_cat-vaisselle","9":"first","10":"instock","11":"taxable","12":"shipping-taxable","13":"purchasable","14":"product-type-simple"},"yoast_head":"<!-- This site is optimized with the Yoast SEO plugin v27.4 - https:\/\/yoast.com\/product\/yoast-seo-wordpress\/ -->\n<title>Litorale Set 2 Piatti Frutta | Vaisselle d&#039;ext\u00e9rieur de luxe | La Villa<\/title>\n<meta name=\"description\" content=\"Achetez le set de 2 assiettes \u00e0 fruits Litorale en m\u00e9lamine de haute qualit\u00e9. Un design italien exclusif pour des services de table haut de gamme dans les jardins et terrasses de luxe.\" \/>\n<meta name=\"robots\" content=\"index, follow, max-snippet:-1, max-image-preview:large, max-video-preview:-1\" \/>\n<link rel=\"canonical\" href=\"https:\/\/www.lavillagardendesign.com\/fr\/product\/litorale-set-2-piatti-frutta\/\" \/>\n<meta property=\"og:locale\" content=\"fr_FR\" \/>\n<meta property=\"og:type\" content=\"article\" \/>\n<meta property=\"og:title\" content=\"Litorale Set 2 Piatti Frutta | Vaisselle d&#039;ext\u00e9rieur de luxe | La Villa\" \/>\n<meta property=\"og:description\" content=\"Achetez le set de 2 assiettes \u00e0 fruits Litorale en m\u00e9lamine de haute qualit\u00e9. Un design italien exclusif pour des services de table haut de gamme dans les jardins et terrasses de luxe.\" \/>\n<meta property=\"og:url\" content=\"https:\/\/www.lavillagardendesign.com\/fr\/product\/litorale-set-2-piatti-frutta\/\" \/>\n<meta property=\"og:site_name\" content=\"La Villa Garden&amp;Design\" \/>\n<meta property=\"article:publisher\" content=\"https:\/\/www.facebook.com\/lavillagardendesign\/\" \/>\n<meta property=\"og:image\" content=\"https:\/\/www.lavillagardendesign.com\/wp-content\/uploads\/2026\/05\/1-8.png\" \/>\n\t<meta property=\"og:image:width\" content=\"700\" \/>\n\t<meta property=\"og:image:height\" content=\"800\" \/>\n\t<meta property=\"og:image:type\" content=\"image\/png\" \/>\n<meta name=\"twitter:card\" content=\"summary_large_image\" \/>\n<script type=\"application\/ld+json\" class=\"yoast-schema-graph\">{\"@context\":\"https:\\\/\\\/schema.org\",\"@graph\":[{\"@type\":\"WebPage\",\"@id\":\"https:\\\/\\\/www.lavillagardendesign.com\\\/fr\\\/product\\\/litorale-set-2-piatti-frutta\\\/\",\"url\":\"https:\\\/\\\/www.lavillagardendesign.com\\\/fr\\\/product\\\/litorale-set-2-piatti-frutta\\\/\",\"name\":\"Litorale Set 2 Piatti Frutta | Vaisselle d'ext\u00e9rieur de luxe | La Villa\",\"isPartOf\":{\"@id\":\"https:\\\/\\\/www.lavillagardendesign.com\\\/#website\"},\"primaryImageOfPage\":{\"@id\":\"https:\\\/\\\/www.lavillagardendesign.com\\\/fr\\\/product\\\/litorale-set-2-piatti-frutta\\\/#primaryimage\"},\"image\":{\"@id\":\"https:\\\/\\\/www.lavillagardendesign.com\\\/fr\\\/product\\\/litorale-set-2-piatti-frutta\\\/#primaryimage\"},\"thumbnailUrl\":\"https:\\\/\\\/www.lavillagardendesign.com\\\/wp-content\\\/uploads\\\/2026\\\/05\\\/1-8.png\",\"datePublished\":\"2026-05-10T08:26:05+00:00\",\"description\":\"Achetez le set de 2 assiettes \u00e0 fruits Litorale en m\u00e9lamine de haute qualit\u00e9. Un design italien exclusif pour des services de table haut de gamme dans les jardins et terrasses de luxe.\",\"breadcrumb\":{\"@id\":\"https:\\\/\\\/www.lavillagardendesign.com\\\/fr\\\/product\\\/litorale-set-2-piatti-frutta\\\/#breadcrumb\"},\"inLanguage\":\"fr-FR\",\"potentialAction\":[{\"@type\":\"ReadAction\",\"target\":[\"https:\\\/\\\/www.lavillagardendesign.com\\\/fr\\\/product\\\/litorale-set-2-piatti-frutta\\\/\"]}]},{\"@type\":\"ImageObject\",\"inLanguage\":\"fr-FR\",\"@id\":\"https:\\\/\\\/www.lavillagardendesign.com\\\/fr\\\/product\\\/litorale-set-2-piatti-frutta\\\/#primaryimage\",\"url\":\"https:\\\/\\\/www.lavillagardendesign.com\\\/wp-content\\\/uploads\\\/2026\\\/05\\\/1-8.png\",\"contentUrl\":\"https:\\\/\\\/www.lavillagardendesign.com\\\/wp-content\\\/uploads\\\/2026\\\/05\\\/1-8.png\",\"width\":700,\"height\":800},{\"@type\":\"BreadcrumbList\",\"@id\":\"https:\\\/\\\/www.lavillagardendesign.com\\\/fr\\\/product\\\/litorale-set-2-piatti-frutta\\\/#breadcrumb\",\"itemListElement\":[{\"@type\":\"ListItem\",\"position\":1,\"name\":\"Home\",\"item\":\"https:\\\/\\\/www.lavillagardendesign.com\\\/\"},{\"@type\":\"ListItem\",\"position\":2,\"name\":\"Boutique\",\"item\":\"https:\\\/\\\/www.lavillagardendesign.com\\\/fr\\\/boutique\\\/\"},{\"@type\":\"ListItem\",\"position\":3,\"name\":\"LITORALE &#8211; Set 2 Piatti Frutta\"}]},{\"@type\":\"WebSite\",\"@id\":\"https:\\\/\\\/www.lavillagardendesign.com\\\/#website\",\"url\":\"https:\\\/\\\/www.lavillagardendesign.com\\\/\",\"name\":\"La Villa Garden&Design\",\"description\":\"\",\"publisher\":{\"@id\":\"https:\\\/\\\/www.lavillagardendesign.com\\\/#organization\"},\"potentialAction\":[{\"@type\":\"SearchAction\",\"target\":{\"@type\":\"EntryPoint\",\"urlTemplate\":\"https:\\\/\\\/www.lavillagardendesign.com\\\/?s={search_term_string}\"},\"query-input\":{\"@type\":\"PropertyValueSpecification\",\"valueRequired\":true,\"valueName\":\"search_term_string\"}}],\"inLanguage\":\"fr-FR\"},{\"@type\":\"Organization\",\"@id\":\"https:\\\/\\\/www.lavillagardendesign.com\\\/#organization\",\"name\":\"La Villa Garden&Design\",\"url\":\"https:\\\/\\\/www.lavillagardendesign.com\\\/\",\"logo\":{\"@type\":\"ImageObject\",\"inLanguage\":\"fr-FR\",\"@id\":\"https:\\\/\\\/www.lavillagardendesign.com\\\/#\\\/schema\\\/logo\\\/image\\\/\",\"url\":\"https:\\\/\\\/www.lavillagardendesign.com\\\/wp-content\\\/uploads\\\/2024\\\/04\\\/logolavilla.png\",\"contentUrl\":\"https:\\\/\\\/www.lavillagardendesign.com\\\/wp-content\\\/uploads\\\/2024\\\/04\\\/logolavilla.png\",\"width\":682,\"height\":391,\"caption\":\"La Villa Garden&Design\"},\"image\":{\"@id\":\"https:\\\/\\\/www.lavillagardendesign.com\\\/#\\\/schema\\\/logo\\\/image\\\/\"},\"sameAs\":[\"https:\\\/\\\/www.facebook.com\\\/lavillagardendesign\\\/\"]}]}<\/script>\n<!-- \/ Yoast SEO plugin. -->","yoast_head_json":{"title":"Litorale Set 2 Piatti Frutta | Vaisselle d'ext\u00e9rieur de luxe | La Villa","description":"Achetez le set de 2 assiettes \u00e0 fruits Litorale en m\u00e9lamine de haute qualit\u00e9. Un design italien exclusif pour des services de table haut de gamme dans les jardins et terrasses de luxe.","robots":{"index":"index","follow":"follow","max-snippet":"max-snippet:-1","max-image-preview":"max-image-preview:large","max-video-preview":"max-video-preview:-1"},"canonical":"https:\/\/www.lavillagardendesign.com\/fr\/product\/litorale-set-2-piatti-frutta\/","og_locale":"fr_FR","og_type":"article","og_title":"Litorale Set 2 Piatti Frutta | Vaisselle d'ext\u00e9rieur de luxe | La Villa","og_description":"Achetez le set de 2 assiettes \u00e0 fruits Litorale en m\u00e9lamine de haute qualit\u00e9. Un design italien exclusif pour des services de table haut de gamme dans les jardins et terrasses de luxe.","og_url":"https:\/\/www.lavillagardendesign.com\/fr\/product\/litorale-set-2-piatti-frutta\/","og_site_name":"La Villa Garden&amp;Design","article_publisher":"https:\/\/www.facebook.com\/lavillagardendesign\/","og_image":[{"width":700,"height":800,"url":"https:\/\/www.lavillagardendesign.com\/wp-content\/uploads\/2026\/05\/1-8.png","type":"image\/png"}],"twitter_card":"summary_large_image","schema":{"@context":"https:\/\/schema.org","@graph":[{"@type":"WebPage","@id":"https:\/\/www.lavillagardendesign.com\/fr\/product\/litorale-set-2-piatti-frutta\/","url":"https:\/\/www.lavillagardendesign.com\/fr\/product\/litorale-set-2-piatti-frutta\/","name":"Litorale Set 2 Piatti Frutta | Vaisselle d'ext\u00e9rieur de luxe | La Villa","isPartOf":{"@id":"https:\/\/www.lavillagardendesign.com\/#website"},"primaryImageOfPage":{"@id":"https:\/\/www.lavillagardendesign.com\/fr\/product\/litorale-set-2-piatti-frutta\/#primaryimage"},"image":{"@id":"https:\/\/www.lavillagardendesign.com\/fr\/product\/litorale-set-2-piatti-frutta\/#primaryimage"},"thumbnailUrl":"https:\/\/www.lavillagardendesign.com\/wp-content\/uploads\/2026\/05\/1-8.png","datePublished":"2026-05-10T08:26:05+00:00","description":"Achetez le set de 2 assiettes \u00e0 fruits Litorale en m\u00e9lamine de haute qualit\u00e9. Un design italien exclusif pour des services de table haut de gamme dans les jardins et terrasses de luxe.","breadcrumb":{"@id":"https:\/\/www.lavillagardendesign.com\/fr\/product\/litorale-set-2-piatti-frutta\/#breadcrumb"},"inLanguage":"fr-FR","potentialAction":[{"@type":"ReadAction","target":["https:\/\/www.lavillagardendesign.com\/fr\/product\/litorale-set-2-piatti-frutta\/"]}]},{"@type":"ImageObject","inLanguage":"fr-FR","@id":"https:\/\/www.lavillagardendesign.com\/fr\/product\/litorale-set-2-piatti-frutta\/#primaryimage","url":"https:\/\/www.lavillagardendesign.com\/wp-content\/uploads\/2026\/05\/1-8.png","contentUrl":"https:\/\/www.lavillagardendesign.com\/wp-content\/uploads\/2026\/05\/1-8.png","width":700,"height":800},{"@type":"BreadcrumbList","@id":"https:\/\/www.lavillagardendesign.com\/fr\/product\/litorale-set-2-piatti-frutta\/#breadcrumb","itemListElement":[{"@type":"ListItem","position":1,"name":"Home","item":"https:\/\/www.lavillagardendesign.com\/"},{"@type":"ListItem","position":2,"name":"Boutique","item":"https:\/\/www.lavillagardendesign.com\/fr\/boutique\/"},{"@type":"ListItem","position":3,"name":"LITORALE &#8211; Set 2 Piatti Frutta"}]},{"@type":"WebSite","@id":"https:\/\/www.lavillagardendesign.com\/#website","url":"https:\/\/www.lavillagardendesign.com\/","name":"La Villa Garden&Design","description":"","publisher":{"@id":"https:\/\/www.lavillagardendesign.com\/#organization"},"potentialAction":[{"@type":"SearchAction","target":{"@type":"EntryPoint","urlTemplate":"https:\/\/www.lavillagardendesign.com\/?s={search_term_string}"},"query-input":{"@type":"PropertyValueSpecification","valueRequired":true,"valueName":"search_term_string"}}],"inLanguage":"fr-FR"},{"@type":"Organization","@id":"https:\/\/www.lavillagardendesign.com\/#organization","name":"La Villa Garden&Design","url":"https:\/\/www.lavillagardendesign.com\/","logo":{"@type":"ImageObject","inLanguage":"fr-FR","@id":"https:\/\/www.lavillagardendesign.com\/#\/schema\/logo\/image\/","url":"https:\/\/www.lavillagardendesign.com\/wp-content\/uploads\/2024\/04\/logolavilla.png","contentUrl":"https:\/\/www.lavillagardendesign.com\/wp-content\/uploads\/2024\/04\/logolavilla.png","width":682,"height":391,"caption":"La Villa Garden&Design"},"image":{"@id":"https:\/\/www.lavillagardendesign.com\/#\/schema\/logo\/image\/"},"sameAs":["https:\/\/www.facebook.com\/lavillagardendesign\/"]}]}},"_links":{"self":[{"href":"https:\/\/www.lavillagardendesign.com\/fr\/wp-json\/wp\/v2\/product\/71434","targetHints":{"allow":["GET"]}}],"collection":[{"href":"https:\/\/www.lavillagardendesign.com\/fr\/wp-json\/wp\/v2\/product"}],"about":[{"href":"https:\/\/www.lavillagardendesign.com\/fr\/wp-json\/wp\/v2\/types\/product"}],"replies":[{"embeddable":true,"href":"https:\/\/www.lavillagardendesign.com\/fr\/wp-json\/wp\/v2\/comments?post=71434"}],"version-history":[{"count":0,"href":"https:\/\/www.lavillagardendesign.com\/fr\/wp-json\/wp\/v2\/product\/71434\/revisions"}],"wp:featuredmedia":[{"embeddable":true,"href":"https:\/\/www.lavillagardendesign.com\/fr\/wp-json\/wp\/v2\/media\/71383"}],"wp:attachment":[{"href":"https:\/\/www.lavillagardendesign.com\/fr\/wp-json\/wp\/v2\/media?parent=71434"}],"wp:term":[{"taxonomy":"product_brand","embeddable":true,"href":"https:\/\/www.lavillagardendesign.com\/fr\/wp-json\/wp\/v2\/product_brand?post=71434"},{"taxonomy":"product_cat","embeddable":true,"href":"https:\/\/www.lavillagardendesign.com\/fr\/wp-json\/wp\/v2\/product_cat?post=71434"},{"taxonomy":"product_tag","embeddable":true,"href":"https:\/\/www.lavillagardendesign.com\/fr\/wp-json\/wp\/v2\/product_tag?post=71434"}],"curies":[{"name":"wp","href":"https:\/\/api.w.org\/{rel}","templated":true}]}}