{"id":70265,"date":"2026-04-07T19:17:48","date_gmt":"2026-04-07T18:17:48","guid":{"rendered":"https:\/\/www.lavillagardendesign.com\/product\/faz-planteuse-de-conception-minerale\/"},"modified":"2026-04-07T19:17:48","modified_gmt":"2026-04-07T18:17:48","slug":"faz-planteuse-de-conception-minerale","status":"publish","type":"product","link":"https:\/\/www.lavillagardendesign.com\/fr\/product\/faz-planteuse-de-conception-minerale\/","title":{"rendered":"FAZ &#8211; Planteuse de conception min\u00e9rale"},"content":{"rendered":"","protected":false},"excerpt":{"rendered":"<p>Con\u00e7ue par Ram\u00f3n Esteve pour Vondom, la collection Faz s&rsquo;inspire des formes cristallines des min\u00e9raux. Sa g\u00e9om\u00e9trie avant-gardiste apporte non seulement un caract\u00e8re architectural \u00e0 votre jardin, mais s&rsquo;int\u00e8gre aussi harmonieusement dans les environnements de luxe contemporains. Il s&rsquo;agit d&rsquo;une pi\u00e8ce \u00e0 haute r\u00e9sistance, id\u00e9ale pour les villas exigeant durabilit\u00e9 et un style visuellement frappant.  <\/p>\n","protected":false},"featured_media":69463,"comment_status":"open","ping_status":"closed","template":"","meta":[],"product_brand":[5000],"product_cat":[6832,2922,2927],"product_tag":[],"class_list":{"0":"post-70265","1":"product","2":"type-product","3":"status-publish","4":"has-post-thumbnail","6":"product_brand-vondom","7":"product_cat-outdoor-fr","8":"product_cat-accessoires","9":"product_cat-jardinieres","11":"first","12":"instock","13":"taxable","14":"shipping-taxable","15":"purchasable","16":"product-type-variable"},"yoast_head":"<!-- This site is optimized with the Yoast SEO plugin v27.1.1 - https:\/\/yoast.com\/product\/yoast-seo-wordpress\/ -->\n<title>Faz Planter par Ram\u00f3n Esteve | Mineral Design | La Villa Garden<\/title>\n<meta name=\"description\" content=\"Magasinez le bac \u00e0 fleurs Faz chez La Villa Garden. Design \u00e0 facettes de Ram\u00f3n Esteve, disponible en 3 tailles et 14 couleurs de base. \u00c0 partir de 160 \u20ac. Une qualit\u00e9 sup\u00e9rieure pour votre villa.\" \/>\n<meta name=\"robots\" content=\"index, follow, max-snippet:-1, max-image-preview:large, max-video-preview:-1\" \/>\n<link rel=\"canonical\" href=\"https:\/\/www.lavillagardendesign.com\/fr\/product\/faz-planteuse-de-conception-minerale\/\" \/>\n<meta property=\"og:locale\" content=\"fr_FR\" \/>\n<meta property=\"og:type\" content=\"article\" \/>\n<meta property=\"og:title\" content=\"Faz Planter par Ram\u00f3n Esteve | Mineral Design | La Villa Garden\" \/>\n<meta property=\"og:description\" content=\"Magasinez le bac \u00e0 fleurs Faz chez La Villa Garden. Design \u00e0 facettes de Ram\u00f3n Esteve, disponible en 3 tailles et 14 couleurs de base. \u00c0 partir de 160 \u20ac. Une qualit\u00e9 sup\u00e9rieure pour votre villa.\" \/>\n<meta property=\"og:url\" content=\"https:\/\/www.lavillagardendesign.com\/fr\/product\/faz-planteuse-de-conception-minerale\/\" \/>\n<meta property=\"og:site_name\" content=\"La Villa Garden&amp;Design\" \/>\n<meta property=\"article:publisher\" content=\"https:\/\/www.facebook.com\/lavillagardendesign\/\" \/>\n<meta property=\"og:image\" content=\"https:\/\/www.lavillagardendesign.com\/wp-content\/uploads\/2026\/04\/5-8.png\" \/>\n\t<meta property=\"og:image:width\" content=\"700\" \/>\n\t<meta property=\"og:image:height\" content=\"800\" \/>\n\t<meta property=\"og:image:type\" content=\"image\/png\" \/>\n<meta name=\"twitter:card\" content=\"summary_large_image\" \/>\n<script type=\"application\/ld+json\" class=\"yoast-schema-graph\">{\"@context\":\"https:\/\/schema.org\",\"@graph\":[{\"@type\":\"WebPage\",\"@id\":\"https:\/\/www.lavillagardendesign.com\/fr\/product\/faz-planteuse-de-conception-minerale\/\",\"url\":\"https:\/\/www.lavillagardendesign.com\/fr\/product\/faz-planteuse-de-conception-minerale\/\",\"name\":\"Faz Planter par Ram\u00f3n Esteve | Mineral Design | La Villa Garden\",\"isPartOf\":{\"@id\":\"https:\/\/www.lavillagardendesign.com\/#website\"},\"primaryImageOfPage\":{\"@id\":\"https:\/\/www.lavillagardendesign.com\/fr\/product\/faz-planteuse-de-conception-minerale\/#primaryimage\"},\"image\":{\"@id\":\"https:\/\/www.lavillagardendesign.com\/fr\/product\/faz-planteuse-de-conception-minerale\/#primaryimage\"},\"thumbnailUrl\":\"https:\/\/www.lavillagardendesign.com\/wp-content\/uploads\/2026\/04\/5-8.png\",\"datePublished\":\"2026-04-07T18:17:48+00:00\",\"description\":\"Magasinez le bac \u00e0 fleurs Faz chez La Villa Garden. Design \u00e0 facettes de Ram\u00f3n Esteve, disponible en 3 tailles et 14 couleurs de base. \u00c0 partir de 160 \u20ac. Une qualit\u00e9 sup\u00e9rieure pour votre villa.\",\"breadcrumb\":{\"@id\":\"https:\/\/www.lavillagardendesign.com\/fr\/product\/faz-planteuse-de-conception-minerale\/#breadcrumb\"},\"inLanguage\":\"fr-FR\",\"potentialAction\":[{\"@type\":\"ReadAction\",\"target\":[\"https:\/\/www.lavillagardendesign.com\/fr\/product\/faz-planteuse-de-conception-minerale\/\"]}]},{\"@type\":\"ImageObject\",\"inLanguage\":\"fr-FR\",\"@id\":\"https:\/\/www.lavillagardendesign.com\/fr\/product\/faz-planteuse-de-conception-minerale\/#primaryimage\",\"url\":\"https:\/\/www.lavillagardendesign.com\/wp-content\/uploads\/2026\/04\/5-8.png\",\"contentUrl\":\"https:\/\/www.lavillagardendesign.com\/wp-content\/uploads\/2026\/04\/5-8.png\",\"width\":700,\"height\":800},{\"@type\":\"BreadcrumbList\",\"@id\":\"https:\/\/www.lavillagardendesign.com\/fr\/product\/faz-planteuse-de-conception-minerale\/#breadcrumb\",\"itemListElement\":[{\"@type\":\"ListItem\",\"position\":1,\"name\":\"Home\",\"item\":\"https:\/\/www.lavillagardendesign.com\/\"},{\"@type\":\"ListItem\",\"position\":2,\"name\":\"Boutique\",\"item\":\"https:\/\/www.lavillagardendesign.com\/fr\/boutique\/\"},{\"@type\":\"ListItem\",\"position\":3,\"name\":\"FAZ &#8211; Planteuse de conception min\u00e9rale\"}]},{\"@type\":\"WebSite\",\"@id\":\"https:\/\/www.lavillagardendesign.com\/#website\",\"url\":\"https:\/\/www.lavillagardendesign.com\/\",\"name\":\"La Villa Garden&Design\",\"description\":\"\",\"publisher\":{\"@id\":\"https:\/\/www.lavillagardendesign.com\/#organization\"},\"potentialAction\":[{\"@type\":\"SearchAction\",\"target\":{\"@type\":\"EntryPoint\",\"urlTemplate\":\"https:\/\/www.lavillagardendesign.com\/?s={search_term_string}\"},\"query-input\":{\"@type\":\"PropertyValueSpecification\",\"valueRequired\":true,\"valueName\":\"search_term_string\"}}],\"inLanguage\":\"fr-FR\"},{\"@type\":\"Organization\",\"@id\":\"https:\/\/www.lavillagardendesign.com\/#organization\",\"name\":\"La Villa Garden&Design\",\"url\":\"https:\/\/www.lavillagardendesign.com\/\",\"logo\":{\"@type\":\"ImageObject\",\"inLanguage\":\"fr-FR\",\"@id\":\"https:\/\/www.lavillagardendesign.com\/#\/schema\/logo\/image\/\",\"url\":\"https:\/\/www.lavillagardendesign.com\/wp-content\/uploads\/2024\/04\/logolavilla.png\",\"contentUrl\":\"https:\/\/www.lavillagardendesign.com\/wp-content\/uploads\/2024\/04\/logolavilla.png\",\"width\":682,\"height\":391,\"caption\":\"La Villa Garden&Design\"},\"image\":{\"@id\":\"https:\/\/www.lavillagardendesign.com\/#\/schema\/logo\/image\/\"},\"sameAs\":[\"https:\/\/www.facebook.com\/lavillagardendesign\/\"]}]}<\/script>\n<!-- \/ Yoast SEO plugin. -->","yoast_head_json":{"title":"Faz Planter par Ram\u00f3n Esteve | Mineral Design | La Villa Garden","description":"Magasinez le bac \u00e0 fleurs Faz chez La Villa Garden. Design \u00e0 facettes de Ram\u00f3n Esteve, disponible en 3 tailles et 14 couleurs de base. \u00c0 partir de 160 \u20ac. Une qualit\u00e9 sup\u00e9rieure pour votre villa.","robots":{"index":"index","follow":"follow","max-snippet":"max-snippet:-1","max-image-preview":"max-image-preview:large","max-video-preview":"max-video-preview:-1"},"canonical":"https:\/\/www.lavillagardendesign.com\/fr\/product\/faz-planteuse-de-conception-minerale\/","og_locale":"fr_FR","og_type":"article","og_title":"Faz Planter par Ram\u00f3n Esteve | Mineral Design | La Villa Garden","og_description":"Magasinez le bac \u00e0 fleurs Faz chez La Villa Garden. Design \u00e0 facettes de Ram\u00f3n Esteve, disponible en 3 tailles et 14 couleurs de base. \u00c0 partir de 160 \u20ac. Une qualit\u00e9 sup\u00e9rieure pour votre villa.","og_url":"https:\/\/www.lavillagardendesign.com\/fr\/product\/faz-planteuse-de-conception-minerale\/","og_site_name":"La Villa Garden&amp;Design","article_publisher":"https:\/\/www.facebook.com\/lavillagardendesign\/","og_image":[{"width":700,"height":800,"url":"https:\/\/www.lavillagardendesign.com\/wp-content\/uploads\/2026\/04\/5-8.png","type":"image\/png"}],"twitter_card":"summary_large_image","schema":{"@context":"https:\/\/schema.org","@graph":[{"@type":"WebPage","@id":"https:\/\/www.lavillagardendesign.com\/fr\/product\/faz-planteuse-de-conception-minerale\/","url":"https:\/\/www.lavillagardendesign.com\/fr\/product\/faz-planteuse-de-conception-minerale\/","name":"Faz Planter par Ram\u00f3n Esteve | Mineral Design | La Villa Garden","isPartOf":{"@id":"https:\/\/www.lavillagardendesign.com\/#website"},"primaryImageOfPage":{"@id":"https:\/\/www.lavillagardendesign.com\/fr\/product\/faz-planteuse-de-conception-minerale\/#primaryimage"},"image":{"@id":"https:\/\/www.lavillagardendesign.com\/fr\/product\/faz-planteuse-de-conception-minerale\/#primaryimage"},"thumbnailUrl":"https:\/\/www.lavillagardendesign.com\/wp-content\/uploads\/2026\/04\/5-8.png","datePublished":"2026-04-07T18:17:48+00:00","description":"Magasinez le bac \u00e0 fleurs Faz chez La Villa Garden. Design \u00e0 facettes de Ram\u00f3n Esteve, disponible en 3 tailles et 14 couleurs de base. \u00c0 partir de 160 \u20ac. Une qualit\u00e9 sup\u00e9rieure pour votre villa.","breadcrumb":{"@id":"https:\/\/www.lavillagardendesign.com\/fr\/product\/faz-planteuse-de-conception-minerale\/#breadcrumb"},"inLanguage":"fr-FR","potentialAction":[{"@type":"ReadAction","target":["https:\/\/www.lavillagardendesign.com\/fr\/product\/faz-planteuse-de-conception-minerale\/"]}]},{"@type":"ImageObject","inLanguage":"fr-FR","@id":"https:\/\/www.lavillagardendesign.com\/fr\/product\/faz-planteuse-de-conception-minerale\/#primaryimage","url":"https:\/\/www.lavillagardendesign.com\/wp-content\/uploads\/2026\/04\/5-8.png","contentUrl":"https:\/\/www.lavillagardendesign.com\/wp-content\/uploads\/2026\/04\/5-8.png","width":700,"height":800},{"@type":"BreadcrumbList","@id":"https:\/\/www.lavillagardendesign.com\/fr\/product\/faz-planteuse-de-conception-minerale\/#breadcrumb","itemListElement":[{"@type":"ListItem","position":1,"name":"Home","item":"https:\/\/www.lavillagardendesign.com\/"},{"@type":"ListItem","position":2,"name":"Boutique","item":"https:\/\/www.lavillagardendesign.com\/fr\/boutique\/"},{"@type":"ListItem","position":3,"name":"FAZ &#8211; Planteuse de conception min\u00e9rale"}]},{"@type":"WebSite","@id":"https:\/\/www.lavillagardendesign.com\/#website","url":"https:\/\/www.lavillagardendesign.com\/","name":"La Villa Garden&Design","description":"","publisher":{"@id":"https:\/\/www.lavillagardendesign.com\/#organization"},"potentialAction":[{"@type":"SearchAction","target":{"@type":"EntryPoint","urlTemplate":"https:\/\/www.lavillagardendesign.com\/?s={search_term_string}"},"query-input":{"@type":"PropertyValueSpecification","valueRequired":true,"valueName":"search_term_string"}}],"inLanguage":"fr-FR"},{"@type":"Organization","@id":"https:\/\/www.lavillagardendesign.com\/#organization","name":"La Villa Garden&Design","url":"https:\/\/www.lavillagardendesign.com\/","logo":{"@type":"ImageObject","inLanguage":"fr-FR","@id":"https:\/\/www.lavillagardendesign.com\/#\/schema\/logo\/image\/","url":"https:\/\/www.lavillagardendesign.com\/wp-content\/uploads\/2024\/04\/logolavilla.png","contentUrl":"https:\/\/www.lavillagardendesign.com\/wp-content\/uploads\/2024\/04\/logolavilla.png","width":682,"height":391,"caption":"La Villa Garden&Design"},"image":{"@id":"https:\/\/www.lavillagardendesign.com\/#\/schema\/logo\/image\/"},"sameAs":["https:\/\/www.facebook.com\/lavillagardendesign\/"]}]}},"_links":{"self":[{"href":"https:\/\/www.lavillagardendesign.com\/fr\/wp-json\/wp\/v2\/product\/70265","targetHints":{"allow":["GET"]}}],"collection":[{"href":"https:\/\/www.lavillagardendesign.com\/fr\/wp-json\/wp\/v2\/product"}],"about":[{"href":"https:\/\/www.lavillagardendesign.com\/fr\/wp-json\/wp\/v2\/types\/product"}],"replies":[{"embeddable":true,"href":"https:\/\/www.lavillagardendesign.com\/fr\/wp-json\/wp\/v2\/comments?post=70265"}],"version-history":[{"count":0,"href":"https:\/\/www.lavillagardendesign.com\/fr\/wp-json\/wp\/v2\/product\/70265\/revisions"}],"wp:featuredmedia":[{"embeddable":true,"href":"https:\/\/www.lavillagardendesign.com\/fr\/wp-json\/wp\/v2\/media\/69463"}],"wp:attachment":[{"href":"https:\/\/www.lavillagardendesign.com\/fr\/wp-json\/wp\/v2\/media?parent=70265"}],"wp:term":[{"taxonomy":"product_brand","embeddable":true,"href":"https:\/\/www.lavillagardendesign.com\/fr\/wp-json\/wp\/v2\/product_brand?post=70265"},{"taxonomy":"product_cat","embeddable":true,"href":"https:\/\/www.lavillagardendesign.com\/fr\/wp-json\/wp\/v2\/product_cat?post=70265"},{"taxonomy":"product_tag","embeddable":true,"href":"https:\/\/www.lavillagardendesign.com\/fr\/wp-json\/wp\/v2\/product_tag?post=70265"}],"curies":[{"name":"wp","href":"https:\/\/api.w.org\/{rel}","templated":true}]}}