{"id":70008,"date":"2026-04-07T19:17:48","date_gmt":"2026-04-07T18:17:48","guid":{"rendered":"https:\/\/www.lavillagardendesign.com\/product\/faz-jardiniere-au-design-architectural\/"},"modified":"2026-04-09T14:30:56","modified_gmt":"2026-04-09T13:30:56","slug":"faz-jardiniere-au-design-architectural","status":"publish","type":"product","link":"https:\/\/www.lavillagardendesign.com\/fr\/product\/faz-jardiniere-au-design-architectural\/","title":{"rendered":"FAZ &#8211; Jardini\u00e8re au design architectural"},"content":{"rendered":"","protected":false},"excerpt":{"rendered":"<p>Le bac \u00e0 plantes Faz, chef-d&rsquo;\u0153uvre de Ram\u00f3n Esteve pour Vondom, repr\u00e9sente le summum de la conception modulaire et de la sophistication. Ses formes emphatiques et min\u00e9rales \u00e9voquent une harmonie intemporelle, transformant tout environnement en une atmosph\u00e8re enveloppante et exclusive. Il s&rsquo;agit de la pi\u00e8ce ma\u00eetresse des villas de luxe qui recherchent un \u00e9quilibre parfait entre la lumi\u00e8re, les mat\u00e9riaux et le design m\u00e9diterran\u00e9en de pointe.  <\/p>\n","protected":false},"featured_media":69533,"comment_status":"open","ping_status":"closed","template":"","meta":[],"product_brand":[5000],"product_cat":[6832,2922,2927],"product_tag":[],"class_list":{"0":"post-70008","1":"product","2":"type-product","3":"status-publish","4":"has-post-thumbnail","6":"product_brand-vondom","7":"product_cat-outdoor-fr","8":"product_cat-accessoires","9":"product_cat-jardinieres","11":"first","12":"instock","13":"taxable","14":"shipping-taxable","15":"purchasable","16":"product-type-variable"},"yoast_head":"<!-- This site is optimized with the Yoast SEO plugin v27.1.1 - https:\/\/yoast.com\/product\/yoast-seo-wordpress\/ -->\n<title>Faz Planter par Ram\u00f3n Esteve | Exclusive Design | La Villa Garden<\/title>\n<meta name=\"description\" content=\"D\u00e9couvrez la jardini\u00e8re Faz de Vondom. Un design min\u00e9ral et sophistiqu\u00e9 pour les villas de luxe. Disponible en 3 tailles et 14 couleurs \u00e0 partir de 392 \u20ac. Qualit\u00e9 sup\u00e9rieure garantie.\" \/>\n<meta name=\"robots\" content=\"index, follow, max-snippet:-1, max-image-preview:large, max-video-preview:-1\" \/>\n<link rel=\"canonical\" href=\"https:\/\/www.lavillagardendesign.com\/fr\/product\/faz-jardiniere-au-design-architectural\/\" \/>\n<meta property=\"og:locale\" content=\"fr_FR\" \/>\n<meta property=\"og:type\" content=\"article\" \/>\n<meta property=\"og:title\" content=\"Faz Planter par Ram\u00f3n Esteve | Exclusive Design | La Villa Garden\" \/>\n<meta property=\"og:description\" content=\"D\u00e9couvrez la jardini\u00e8re Faz de Vondom. Un design min\u00e9ral et sophistiqu\u00e9 pour les villas de luxe. Disponible en 3 tailles et 14 couleurs \u00e0 partir de 392 \u20ac. Qualit\u00e9 sup\u00e9rieure garantie.\" \/>\n<meta property=\"og:url\" content=\"https:\/\/www.lavillagardendesign.com\/fr\/product\/faz-jardiniere-au-design-architectural\/\" \/>\n<meta property=\"og:site_name\" content=\"La Villa Garden&amp;Design\" \/>\n<meta property=\"article:publisher\" content=\"https:\/\/www.facebook.com\/lavillagardendesign\/\" \/>\n<meta property=\"article:modified_time\" content=\"2026-04-09T13:30:56+00:00\" \/>\n<meta property=\"og:image\" content=\"https:\/\/www.lavillagardendesign.com\/wp-content\/uploads\/2026\/04\/1-15.png\" \/>\n\t<meta property=\"og:image:width\" content=\"700\" \/>\n\t<meta property=\"og:image:height\" content=\"800\" \/>\n\t<meta property=\"og:image:type\" content=\"image\/png\" \/>\n<meta name=\"twitter:card\" content=\"summary_large_image\" \/>\n<script type=\"application\/ld+json\" class=\"yoast-schema-graph\">{\"@context\":\"https:\/\/schema.org\",\"@graph\":[{\"@type\":\"WebPage\",\"@id\":\"https:\/\/www.lavillagardendesign.com\/fr\/product\/faz-jardiniere-au-design-architectural\/\",\"url\":\"https:\/\/www.lavillagardendesign.com\/fr\/product\/faz-jardiniere-au-design-architectural\/\",\"name\":\"Faz Planter par Ram\u00f3n Esteve | Exclusive Design | La Villa Garden\",\"isPartOf\":{\"@id\":\"https:\/\/www.lavillagardendesign.com\/#website\"},\"primaryImageOfPage\":{\"@id\":\"https:\/\/www.lavillagardendesign.com\/fr\/product\/faz-jardiniere-au-design-architectural\/#primaryimage\"},\"image\":{\"@id\":\"https:\/\/www.lavillagardendesign.com\/fr\/product\/faz-jardiniere-au-design-architectural\/#primaryimage\"},\"thumbnailUrl\":\"https:\/\/www.lavillagardendesign.com\/wp-content\/uploads\/2026\/04\/1-15.png\",\"datePublished\":\"2026-04-07T18:17:48+00:00\",\"dateModified\":\"2026-04-09T13:30:56+00:00\",\"description\":\"D\u00e9couvrez la jardini\u00e8re Faz de Vondom. Un design min\u00e9ral et sophistiqu\u00e9 pour les villas de luxe. Disponible en 3 tailles et 14 couleurs \u00e0 partir de 392 \u20ac. Qualit\u00e9 sup\u00e9rieure garantie.\",\"breadcrumb\":{\"@id\":\"https:\/\/www.lavillagardendesign.com\/fr\/product\/faz-jardiniere-au-design-architectural\/#breadcrumb\"},\"inLanguage\":\"fr-FR\",\"potentialAction\":[{\"@type\":\"ReadAction\",\"target\":[\"https:\/\/www.lavillagardendesign.com\/fr\/product\/faz-jardiniere-au-design-architectural\/\"]}]},{\"@type\":\"ImageObject\",\"inLanguage\":\"fr-FR\",\"@id\":\"https:\/\/www.lavillagardendesign.com\/fr\/product\/faz-jardiniere-au-design-architectural\/#primaryimage\",\"url\":\"https:\/\/www.lavillagardendesign.com\/wp-content\/uploads\/2026\/04\/1-15.png\",\"contentUrl\":\"https:\/\/www.lavillagardendesign.com\/wp-content\/uploads\/2026\/04\/1-15.png\",\"width\":700,\"height\":800},{\"@type\":\"BreadcrumbList\",\"@id\":\"https:\/\/www.lavillagardendesign.com\/fr\/product\/faz-jardiniere-au-design-architectural\/#breadcrumb\",\"itemListElement\":[{\"@type\":\"ListItem\",\"position\":1,\"name\":\"Home\",\"item\":\"https:\/\/www.lavillagardendesign.com\/\"},{\"@type\":\"ListItem\",\"position\":2,\"name\":\"Boutique\",\"item\":\"https:\/\/www.lavillagardendesign.com\/fr\/boutique\/\"},{\"@type\":\"ListItem\",\"position\":3,\"name\":\"FAZ &#8211; Jardini\u00e8re au design architectural\"}]},{\"@type\":\"WebSite\",\"@id\":\"https:\/\/www.lavillagardendesign.com\/#website\",\"url\":\"https:\/\/www.lavillagardendesign.com\/\",\"name\":\"La Villa Garden&Design\",\"description\":\"\",\"publisher\":{\"@id\":\"https:\/\/www.lavillagardendesign.com\/#organization\"},\"potentialAction\":[{\"@type\":\"SearchAction\",\"target\":{\"@type\":\"EntryPoint\",\"urlTemplate\":\"https:\/\/www.lavillagardendesign.com\/?s={search_term_string}\"},\"query-input\":{\"@type\":\"PropertyValueSpecification\",\"valueRequired\":true,\"valueName\":\"search_term_string\"}}],\"inLanguage\":\"fr-FR\"},{\"@type\":\"Organization\",\"@id\":\"https:\/\/www.lavillagardendesign.com\/#organization\",\"name\":\"La Villa Garden&Design\",\"url\":\"https:\/\/www.lavillagardendesign.com\/\",\"logo\":{\"@type\":\"ImageObject\",\"inLanguage\":\"fr-FR\",\"@id\":\"https:\/\/www.lavillagardendesign.com\/#\/schema\/logo\/image\/\",\"url\":\"https:\/\/www.lavillagardendesign.com\/wp-content\/uploads\/2024\/04\/logolavilla.png\",\"contentUrl\":\"https:\/\/www.lavillagardendesign.com\/wp-content\/uploads\/2024\/04\/logolavilla.png\",\"width\":682,\"height\":391,\"caption\":\"La Villa Garden&Design\"},\"image\":{\"@id\":\"https:\/\/www.lavillagardendesign.com\/#\/schema\/logo\/image\/\"},\"sameAs\":[\"https:\/\/www.facebook.com\/lavillagardendesign\/\"]}]}<\/script>\n<!-- \/ Yoast SEO plugin. -->","yoast_head_json":{"title":"Faz Planter par Ram\u00f3n Esteve | Exclusive Design | La Villa Garden","description":"D\u00e9couvrez la jardini\u00e8re Faz de Vondom. Un design min\u00e9ral et sophistiqu\u00e9 pour les villas de luxe. Disponible en 3 tailles et 14 couleurs \u00e0 partir de 392 \u20ac. Qualit\u00e9 sup\u00e9rieure garantie.","robots":{"index":"index","follow":"follow","max-snippet":"max-snippet:-1","max-image-preview":"max-image-preview:large","max-video-preview":"max-video-preview:-1"},"canonical":"https:\/\/www.lavillagardendesign.com\/fr\/product\/faz-jardiniere-au-design-architectural\/","og_locale":"fr_FR","og_type":"article","og_title":"Faz Planter par Ram\u00f3n Esteve | Exclusive Design | La Villa Garden","og_description":"D\u00e9couvrez la jardini\u00e8re Faz de Vondom. Un design min\u00e9ral et sophistiqu\u00e9 pour les villas de luxe. Disponible en 3 tailles et 14 couleurs \u00e0 partir de 392 \u20ac. Qualit\u00e9 sup\u00e9rieure garantie.","og_url":"https:\/\/www.lavillagardendesign.com\/fr\/product\/faz-jardiniere-au-design-architectural\/","og_site_name":"La Villa Garden&amp;Design","article_publisher":"https:\/\/www.facebook.com\/lavillagardendesign\/","article_modified_time":"2026-04-09T13:30:56+00:00","og_image":[{"width":700,"height":800,"url":"https:\/\/www.lavillagardendesign.com\/wp-content\/uploads\/2026\/04\/1-15.png","type":"image\/png"}],"twitter_card":"summary_large_image","schema":{"@context":"https:\/\/schema.org","@graph":[{"@type":"WebPage","@id":"https:\/\/www.lavillagardendesign.com\/fr\/product\/faz-jardiniere-au-design-architectural\/","url":"https:\/\/www.lavillagardendesign.com\/fr\/product\/faz-jardiniere-au-design-architectural\/","name":"Faz Planter par Ram\u00f3n Esteve | Exclusive Design | La Villa Garden","isPartOf":{"@id":"https:\/\/www.lavillagardendesign.com\/#website"},"primaryImageOfPage":{"@id":"https:\/\/www.lavillagardendesign.com\/fr\/product\/faz-jardiniere-au-design-architectural\/#primaryimage"},"image":{"@id":"https:\/\/www.lavillagardendesign.com\/fr\/product\/faz-jardiniere-au-design-architectural\/#primaryimage"},"thumbnailUrl":"https:\/\/www.lavillagardendesign.com\/wp-content\/uploads\/2026\/04\/1-15.png","datePublished":"2026-04-07T18:17:48+00:00","dateModified":"2026-04-09T13:30:56+00:00","description":"D\u00e9couvrez la jardini\u00e8re Faz de Vondom. Un design min\u00e9ral et sophistiqu\u00e9 pour les villas de luxe. Disponible en 3 tailles et 14 couleurs \u00e0 partir de 392 \u20ac. Qualit\u00e9 sup\u00e9rieure garantie.","breadcrumb":{"@id":"https:\/\/www.lavillagardendesign.com\/fr\/product\/faz-jardiniere-au-design-architectural\/#breadcrumb"},"inLanguage":"fr-FR","potentialAction":[{"@type":"ReadAction","target":["https:\/\/www.lavillagardendesign.com\/fr\/product\/faz-jardiniere-au-design-architectural\/"]}]},{"@type":"ImageObject","inLanguage":"fr-FR","@id":"https:\/\/www.lavillagardendesign.com\/fr\/product\/faz-jardiniere-au-design-architectural\/#primaryimage","url":"https:\/\/www.lavillagardendesign.com\/wp-content\/uploads\/2026\/04\/1-15.png","contentUrl":"https:\/\/www.lavillagardendesign.com\/wp-content\/uploads\/2026\/04\/1-15.png","width":700,"height":800},{"@type":"BreadcrumbList","@id":"https:\/\/www.lavillagardendesign.com\/fr\/product\/faz-jardiniere-au-design-architectural\/#breadcrumb","itemListElement":[{"@type":"ListItem","position":1,"name":"Home","item":"https:\/\/www.lavillagardendesign.com\/"},{"@type":"ListItem","position":2,"name":"Boutique","item":"https:\/\/www.lavillagardendesign.com\/fr\/boutique\/"},{"@type":"ListItem","position":3,"name":"FAZ &#8211; Jardini\u00e8re au design architectural"}]},{"@type":"WebSite","@id":"https:\/\/www.lavillagardendesign.com\/#website","url":"https:\/\/www.lavillagardendesign.com\/","name":"La Villa Garden&Design","description":"","publisher":{"@id":"https:\/\/www.lavillagardendesign.com\/#organization"},"potentialAction":[{"@type":"SearchAction","target":{"@type":"EntryPoint","urlTemplate":"https:\/\/www.lavillagardendesign.com\/?s={search_term_string}"},"query-input":{"@type":"PropertyValueSpecification","valueRequired":true,"valueName":"search_term_string"}}],"inLanguage":"fr-FR"},{"@type":"Organization","@id":"https:\/\/www.lavillagardendesign.com\/#organization","name":"La Villa Garden&Design","url":"https:\/\/www.lavillagardendesign.com\/","logo":{"@type":"ImageObject","inLanguage":"fr-FR","@id":"https:\/\/www.lavillagardendesign.com\/#\/schema\/logo\/image\/","url":"https:\/\/www.lavillagardendesign.com\/wp-content\/uploads\/2024\/04\/logolavilla.png","contentUrl":"https:\/\/www.lavillagardendesign.com\/wp-content\/uploads\/2024\/04\/logolavilla.png","width":682,"height":391,"caption":"La Villa Garden&Design"},"image":{"@id":"https:\/\/www.lavillagardendesign.com\/#\/schema\/logo\/image\/"},"sameAs":["https:\/\/www.facebook.com\/lavillagardendesign\/"]}]}},"_links":{"self":[{"href":"https:\/\/www.lavillagardendesign.com\/fr\/wp-json\/wp\/v2\/product\/70008","targetHints":{"allow":["GET"]}}],"collection":[{"href":"https:\/\/www.lavillagardendesign.com\/fr\/wp-json\/wp\/v2\/product"}],"about":[{"href":"https:\/\/www.lavillagardendesign.com\/fr\/wp-json\/wp\/v2\/types\/product"}],"replies":[{"embeddable":true,"href":"https:\/\/www.lavillagardendesign.com\/fr\/wp-json\/wp\/v2\/comments?post=70008"}],"version-history":[{"count":1,"href":"https:\/\/www.lavillagardendesign.com\/fr\/wp-json\/wp\/v2\/product\/70008\/revisions"}],"predecessor-version":[{"id":70411,"href":"https:\/\/www.lavillagardendesign.com\/fr\/wp-json\/wp\/v2\/product\/70008\/revisions\/70411"}],"wp:featuredmedia":[{"embeddable":true,"href":"https:\/\/www.lavillagardendesign.com\/fr\/wp-json\/wp\/v2\/media\/69533"}],"wp:attachment":[{"href":"https:\/\/www.lavillagardendesign.com\/fr\/wp-json\/wp\/v2\/media?parent=70008"}],"wp:term":[{"taxonomy":"product_brand","embeddable":true,"href":"https:\/\/www.lavillagardendesign.com\/fr\/wp-json\/wp\/v2\/product_brand?post=70008"},{"taxonomy":"product_cat","embeddable":true,"href":"https:\/\/www.lavillagardendesign.com\/fr\/wp-json\/wp\/v2\/product_cat?post=70008"},{"taxonomy":"product_tag","embeddable":true,"href":"https:\/\/www.lavillagardendesign.com\/fr\/wp-json\/wp\/v2\/product_tag?post=70008"}],"curies":[{"name":"wp","href":"https:\/\/api.w.org\/{rel}","templated":true}]}}