{"id":70007,"date":"2026-04-07T19:17:49","date_gmt":"2026-04-07T18:17:49","guid":{"rendered":"https:\/\/www.lavillagardendesign.com\/product\/ulm-jardiniere-haute-ronde-au-design-minimaliste\/"},"modified":"2026-04-07T19:17:49","modified_gmt":"2026-04-07T18:17:49","slug":"ulm-jardiniere-haute-ronde-au-design-minimaliste","status":"publish","type":"product","link":"https:\/\/www.lavillagardendesign.com\/fr\/product\/ulm-jardiniere-haute-ronde-au-design-minimaliste\/","title":{"rendered":"ULM &#8211; Jardini\u00e8re haute ronde au design minimaliste"},"content":{"rendered":"","protected":false},"excerpt":{"rendered":"<p>La variante \u00e0 haute silhouette de la collection Ulm, con\u00e7ue par Ram\u00f3n Esteve, est l&rsquo;expression ultime de l&rsquo;\u00e9l\u00e9gance verticale. Son design arrondi et haut cr\u00e9e des points focaux visuels \u00e0 fort impact dans les villas et les terrasses exclusives, offrant une esth\u00e9tique architecturale pure. Gr\u00e2ce \u00e0 sa fabrication en r\u00e9sine haute densit\u00e9, elle garantit une durabilit\u00e9 exceptionnelle contre le soleil et la salinit\u00e9 m\u00e9diterran\u00e9enne.  <\/p>\n","protected":false},"featured_media":69277,"comment_status":"open","ping_status":"closed","template":"","meta":[],"product_brand":[5000],"product_cat":[6832,2922,2927],"product_tag":[],"class_list":{"0":"post-70007","1":"product","2":"type-product","3":"status-publish","4":"has-post-thumbnail","6":"product_brand-vondom","7":"product_cat-outdoor-fr","8":"product_cat-accessoires","9":"product_cat-jardinieres","11":"first","12":"instock","13":"taxable","14":"shipping-taxable","15":"purchasable","16":"product-type-variable"},"yoast_head":"<!-- This site is optimized with the Yoast SEO plugin v27.1.1 - https:\/\/yoast.com\/product\/yoast-seo-wordpress\/ -->\n<title>Ulm High Round Planter | Luxury Design | La Villa Garden<\/title>\n<meta name=\"description\" content=\"Achetez la jardini\u00e8re ronde haute Ulm. Design exclusif de Ram\u00f3n Esteve en 14 couleurs de base. \u00c0 partir de 228 \u20ac. Qualit\u00e9 sup\u00e9rieure pour votre villa \u00e0 Ibiza ou Barcelone.\" \/>\n<meta name=\"robots\" content=\"index, follow, max-snippet:-1, max-image-preview:large, max-video-preview:-1\" \/>\n<link rel=\"canonical\" href=\"https:\/\/www.lavillagardendesign.com\/fr\/product\/ulm-jardiniere-haute-ronde-au-design-minimaliste\/\" \/>\n<meta property=\"og:locale\" content=\"fr_FR\" \/>\n<meta property=\"og:type\" content=\"article\" \/>\n<meta property=\"og:title\" content=\"Ulm High Round Planter | Luxury Design | La Villa Garden\" \/>\n<meta property=\"og:description\" content=\"Achetez la jardini\u00e8re ronde haute Ulm. Design exclusif de Ram\u00f3n Esteve en 14 couleurs de base. \u00c0 partir de 228 \u20ac. Qualit\u00e9 sup\u00e9rieure pour votre villa \u00e0 Ibiza ou Barcelone.\" \/>\n<meta property=\"og:url\" content=\"https:\/\/www.lavillagardendesign.com\/fr\/product\/ulm-jardiniere-haute-ronde-au-design-minimaliste\/\" \/>\n<meta property=\"og:site_name\" content=\"La Villa Garden&amp;Design\" \/>\n<meta property=\"article:publisher\" content=\"https:\/\/www.facebook.com\/lavillagardendesign\/\" \/>\n<meta property=\"og:image\" content=\"https:\/\/www.lavillagardendesign.com\/wp-content\/uploads\/2026\/04\/4-9.png\" \/>\n\t<meta property=\"og:image:width\" content=\"700\" \/>\n\t<meta property=\"og:image:height\" content=\"800\" \/>\n\t<meta property=\"og:image:type\" content=\"image\/png\" \/>\n<meta name=\"twitter:card\" content=\"summary_large_image\" \/>\n<script type=\"application\/ld+json\" class=\"yoast-schema-graph\">{\"@context\":\"https:\/\/schema.org\",\"@graph\":[{\"@type\":\"WebPage\",\"@id\":\"https:\/\/www.lavillagardendesign.com\/fr\/product\/ulm-jardiniere-haute-ronde-au-design-minimaliste\/\",\"url\":\"https:\/\/www.lavillagardendesign.com\/fr\/product\/ulm-jardiniere-haute-ronde-au-design-minimaliste\/\",\"name\":\"Ulm High Round Planter | Luxury Design | La Villa Garden\",\"isPartOf\":{\"@id\":\"https:\/\/www.lavillagardendesign.com\/#website\"},\"primaryImageOfPage\":{\"@id\":\"https:\/\/www.lavillagardendesign.com\/fr\/product\/ulm-jardiniere-haute-ronde-au-design-minimaliste\/#primaryimage\"},\"image\":{\"@id\":\"https:\/\/www.lavillagardendesign.com\/fr\/product\/ulm-jardiniere-haute-ronde-au-design-minimaliste\/#primaryimage\"},\"thumbnailUrl\":\"https:\/\/www.lavillagardendesign.com\/wp-content\/uploads\/2026\/04\/4-9.png\",\"datePublished\":\"2026-04-07T18:17:49+00:00\",\"description\":\"Achetez la jardini\u00e8re ronde haute Ulm. Design exclusif de Ram\u00f3n Esteve en 14 couleurs de base. \u00c0 partir de 228 \u20ac. Qualit\u00e9 sup\u00e9rieure pour votre villa \u00e0 Ibiza ou Barcelone.\",\"breadcrumb\":{\"@id\":\"https:\/\/www.lavillagardendesign.com\/fr\/product\/ulm-jardiniere-haute-ronde-au-design-minimaliste\/#breadcrumb\"},\"inLanguage\":\"fr-FR\",\"potentialAction\":[{\"@type\":\"ReadAction\",\"target\":[\"https:\/\/www.lavillagardendesign.com\/fr\/product\/ulm-jardiniere-haute-ronde-au-design-minimaliste\/\"]}]},{\"@type\":\"ImageObject\",\"inLanguage\":\"fr-FR\",\"@id\":\"https:\/\/www.lavillagardendesign.com\/fr\/product\/ulm-jardiniere-haute-ronde-au-design-minimaliste\/#primaryimage\",\"url\":\"https:\/\/www.lavillagardendesign.com\/wp-content\/uploads\/2026\/04\/4-9.png\",\"contentUrl\":\"https:\/\/www.lavillagardendesign.com\/wp-content\/uploads\/2026\/04\/4-9.png\",\"width\":700,\"height\":800},{\"@type\":\"BreadcrumbList\",\"@id\":\"https:\/\/www.lavillagardendesign.com\/fr\/product\/ulm-jardiniere-haute-ronde-au-design-minimaliste\/#breadcrumb\",\"itemListElement\":[{\"@type\":\"ListItem\",\"position\":1,\"name\":\"Home\",\"item\":\"https:\/\/www.lavillagardendesign.com\/\"},{\"@type\":\"ListItem\",\"position\":2,\"name\":\"Boutique\",\"item\":\"https:\/\/www.lavillagardendesign.com\/fr\/boutique\/\"},{\"@type\":\"ListItem\",\"position\":3,\"name\":\"ULM &#8211; Jardini\u00e8re haute ronde au design minimaliste\"}]},{\"@type\":\"WebSite\",\"@id\":\"https:\/\/www.lavillagardendesign.com\/#website\",\"url\":\"https:\/\/www.lavillagardendesign.com\/\",\"name\":\"La Villa Garden&Design\",\"description\":\"\",\"publisher\":{\"@id\":\"https:\/\/www.lavillagardendesign.com\/#organization\"},\"potentialAction\":[{\"@type\":\"SearchAction\",\"target\":{\"@type\":\"EntryPoint\",\"urlTemplate\":\"https:\/\/www.lavillagardendesign.com\/?s={search_term_string}\"},\"query-input\":{\"@type\":\"PropertyValueSpecification\",\"valueRequired\":true,\"valueName\":\"search_term_string\"}}],\"inLanguage\":\"fr-FR\"},{\"@type\":\"Organization\",\"@id\":\"https:\/\/www.lavillagardendesign.com\/#organization\",\"name\":\"La Villa Garden&Design\",\"url\":\"https:\/\/www.lavillagardendesign.com\/\",\"logo\":{\"@type\":\"ImageObject\",\"inLanguage\":\"fr-FR\",\"@id\":\"https:\/\/www.lavillagardendesign.com\/#\/schema\/logo\/image\/\",\"url\":\"https:\/\/www.lavillagardendesign.com\/wp-content\/uploads\/2024\/04\/logolavilla.png\",\"contentUrl\":\"https:\/\/www.lavillagardendesign.com\/wp-content\/uploads\/2024\/04\/logolavilla.png\",\"width\":682,\"height\":391,\"caption\":\"La Villa Garden&Design\"},\"image\":{\"@id\":\"https:\/\/www.lavillagardendesign.com\/#\/schema\/logo\/image\/\"},\"sameAs\":[\"https:\/\/www.facebook.com\/lavillagardendesign\/\"]}]}<\/script>\n<!-- \/ Yoast SEO plugin. -->","yoast_head_json":{"title":"Ulm High Round Planter | Luxury Design | La Villa Garden","description":"Achetez la jardini\u00e8re ronde haute Ulm. Design exclusif de Ram\u00f3n Esteve en 14 couleurs de base. \u00c0 partir de 228 \u20ac. Qualit\u00e9 sup\u00e9rieure pour votre villa \u00e0 Ibiza ou Barcelone.","robots":{"index":"index","follow":"follow","max-snippet":"max-snippet:-1","max-image-preview":"max-image-preview:large","max-video-preview":"max-video-preview:-1"},"canonical":"https:\/\/www.lavillagardendesign.com\/fr\/product\/ulm-jardiniere-haute-ronde-au-design-minimaliste\/","og_locale":"fr_FR","og_type":"article","og_title":"Ulm High Round Planter | Luxury Design | La Villa Garden","og_description":"Achetez la jardini\u00e8re ronde haute Ulm. Design exclusif de Ram\u00f3n Esteve en 14 couleurs de base. \u00c0 partir de 228 \u20ac. Qualit\u00e9 sup\u00e9rieure pour votre villa \u00e0 Ibiza ou Barcelone.","og_url":"https:\/\/www.lavillagardendesign.com\/fr\/product\/ulm-jardiniere-haute-ronde-au-design-minimaliste\/","og_site_name":"La Villa Garden&amp;Design","article_publisher":"https:\/\/www.facebook.com\/lavillagardendesign\/","og_image":[{"width":700,"height":800,"url":"https:\/\/www.lavillagardendesign.com\/wp-content\/uploads\/2026\/04\/4-9.png","type":"image\/png"}],"twitter_card":"summary_large_image","schema":{"@context":"https:\/\/schema.org","@graph":[{"@type":"WebPage","@id":"https:\/\/www.lavillagardendesign.com\/fr\/product\/ulm-jardiniere-haute-ronde-au-design-minimaliste\/","url":"https:\/\/www.lavillagardendesign.com\/fr\/product\/ulm-jardiniere-haute-ronde-au-design-minimaliste\/","name":"Ulm High Round Planter | Luxury Design | La Villa Garden","isPartOf":{"@id":"https:\/\/www.lavillagardendesign.com\/#website"},"primaryImageOfPage":{"@id":"https:\/\/www.lavillagardendesign.com\/fr\/product\/ulm-jardiniere-haute-ronde-au-design-minimaliste\/#primaryimage"},"image":{"@id":"https:\/\/www.lavillagardendesign.com\/fr\/product\/ulm-jardiniere-haute-ronde-au-design-minimaliste\/#primaryimage"},"thumbnailUrl":"https:\/\/www.lavillagardendesign.com\/wp-content\/uploads\/2026\/04\/4-9.png","datePublished":"2026-04-07T18:17:49+00:00","description":"Achetez la jardini\u00e8re ronde haute Ulm. Design exclusif de Ram\u00f3n Esteve en 14 couleurs de base. \u00c0 partir de 228 \u20ac. Qualit\u00e9 sup\u00e9rieure pour votre villa \u00e0 Ibiza ou Barcelone.","breadcrumb":{"@id":"https:\/\/www.lavillagardendesign.com\/fr\/product\/ulm-jardiniere-haute-ronde-au-design-minimaliste\/#breadcrumb"},"inLanguage":"fr-FR","potentialAction":[{"@type":"ReadAction","target":["https:\/\/www.lavillagardendesign.com\/fr\/product\/ulm-jardiniere-haute-ronde-au-design-minimaliste\/"]}]},{"@type":"ImageObject","inLanguage":"fr-FR","@id":"https:\/\/www.lavillagardendesign.com\/fr\/product\/ulm-jardiniere-haute-ronde-au-design-minimaliste\/#primaryimage","url":"https:\/\/www.lavillagardendesign.com\/wp-content\/uploads\/2026\/04\/4-9.png","contentUrl":"https:\/\/www.lavillagardendesign.com\/wp-content\/uploads\/2026\/04\/4-9.png","width":700,"height":800},{"@type":"BreadcrumbList","@id":"https:\/\/www.lavillagardendesign.com\/fr\/product\/ulm-jardiniere-haute-ronde-au-design-minimaliste\/#breadcrumb","itemListElement":[{"@type":"ListItem","position":1,"name":"Home","item":"https:\/\/www.lavillagardendesign.com\/"},{"@type":"ListItem","position":2,"name":"Boutique","item":"https:\/\/www.lavillagardendesign.com\/fr\/boutique\/"},{"@type":"ListItem","position":3,"name":"ULM &#8211; Jardini\u00e8re haute ronde au design minimaliste"}]},{"@type":"WebSite","@id":"https:\/\/www.lavillagardendesign.com\/#website","url":"https:\/\/www.lavillagardendesign.com\/","name":"La Villa Garden&Design","description":"","publisher":{"@id":"https:\/\/www.lavillagardendesign.com\/#organization"},"potentialAction":[{"@type":"SearchAction","target":{"@type":"EntryPoint","urlTemplate":"https:\/\/www.lavillagardendesign.com\/?s={search_term_string}"},"query-input":{"@type":"PropertyValueSpecification","valueRequired":true,"valueName":"search_term_string"}}],"inLanguage":"fr-FR"},{"@type":"Organization","@id":"https:\/\/www.lavillagardendesign.com\/#organization","name":"La Villa Garden&Design","url":"https:\/\/www.lavillagardendesign.com\/","logo":{"@type":"ImageObject","inLanguage":"fr-FR","@id":"https:\/\/www.lavillagardendesign.com\/#\/schema\/logo\/image\/","url":"https:\/\/www.lavillagardendesign.com\/wp-content\/uploads\/2024\/04\/logolavilla.png","contentUrl":"https:\/\/www.lavillagardendesign.com\/wp-content\/uploads\/2024\/04\/logolavilla.png","width":682,"height":391,"caption":"La Villa Garden&Design"},"image":{"@id":"https:\/\/www.lavillagardendesign.com\/#\/schema\/logo\/image\/"},"sameAs":["https:\/\/www.facebook.com\/lavillagardendesign\/"]}]}},"_links":{"self":[{"href":"https:\/\/www.lavillagardendesign.com\/fr\/wp-json\/wp\/v2\/product\/70007","targetHints":{"allow":["GET"]}}],"collection":[{"href":"https:\/\/www.lavillagardendesign.com\/fr\/wp-json\/wp\/v2\/product"}],"about":[{"href":"https:\/\/www.lavillagardendesign.com\/fr\/wp-json\/wp\/v2\/types\/product"}],"replies":[{"embeddable":true,"href":"https:\/\/www.lavillagardendesign.com\/fr\/wp-json\/wp\/v2\/comments?post=70007"}],"version-history":[{"count":0,"href":"https:\/\/www.lavillagardendesign.com\/fr\/wp-json\/wp\/v2\/product\/70007\/revisions"}],"wp:featuredmedia":[{"embeddable":true,"href":"https:\/\/www.lavillagardendesign.com\/fr\/wp-json\/wp\/v2\/media\/69277"}],"wp:attachment":[{"href":"https:\/\/www.lavillagardendesign.com\/fr\/wp-json\/wp\/v2\/media?parent=70007"}],"wp:term":[{"taxonomy":"product_brand","embeddable":true,"href":"https:\/\/www.lavillagardendesign.com\/fr\/wp-json\/wp\/v2\/product_brand?post=70007"},{"taxonomy":"product_cat","embeddable":true,"href":"https:\/\/www.lavillagardendesign.com\/fr\/wp-json\/wp\/v2\/product_cat?post=70007"},{"taxonomy":"product_tag","embeddable":true,"href":"https:\/\/www.lavillagardendesign.com\/fr\/wp-json\/wp\/v2\/product_tag?post=70007"}],"curies":[{"name":"wp","href":"https:\/\/api.w.org\/{rel}","templated":true}]}}