{"id":69922,"date":"2026-04-07T19:17:50","date_gmt":"2026-04-07T18:17:50","guid":{"rendered":"https:\/\/www.lavillagardendesign.com\/product\/ulm-jardinieres-carrees-architecturales-haut-de-gamme\/"},"modified":"2026-04-09T09:13:14","modified_gmt":"2026-04-09T08:13:14","slug":"ulm-jardinieres-carrees-architecturales-haut-de-gamme","status":"publish","type":"product","link":"https:\/\/www.lavillagardendesign.com\/fr\/product\/ulm-jardinieres-carrees-architecturales-haut-de-gamme\/","title":{"rendered":"ULM &#8211; Jardini\u00e8res carr\u00e9es architecturales haut de gamme"},"content":{"rendered":"","protected":false},"excerpt":{"rendered":"<p>La s\u00e9rie Ulm, une cr\u00e9ation magistrale de Ram\u00f3n Esteve pour Vondom, red\u00e9finit le concept des contenants botaniques \u00e0 travers un prisme de sophistication et de puret\u00e9. Ces jardini\u00e8res au design carr\u00e9 ne sont pas de simples accessoires, mais des \u00e9l\u00e9ments structurels qui apportent s\u00e9r\u00e9nit\u00e9 et ordre visuel intemporel \u00e0 tout projet d&rsquo;am\u00e9nagement paysager de haut niveau. Leur structure en poly\u00e9thyl\u00e8ne recyclable garantit une pr\u00e9sence impeccable dans les villas les plus exclusives, r\u00e9sistant avec \u00e9l\u00e9gance \u00e0 l&rsquo;exposition solaire et \u00e0 l&rsquo;humidit\u00e9.  <\/p>\n","protected":false},"featured_media":68980,"comment_status":"open","ping_status":"closed","template":"","meta":[],"product_brand":[5000],"product_cat":[6832,2922,2927],"product_tag":[],"class_list":{"0":"post-69922","1":"product","2":"type-product","3":"status-publish","4":"has-post-thumbnail","6":"product_brand-vondom","7":"product_cat-outdoor-fr","8":"product_cat-accessoires","9":"product_cat-jardinieres","11":"first","12":"instock","13":"taxable","14":"shipping-taxable","15":"purchasable","16":"product-type-variable"},"yoast_head":"<!-- This site is optimized with the Yoast SEO plugin v27.1.1 - https:\/\/yoast.com\/product\/yoast-seo-wordpress\/ -->\n<title>Ulm Square Planters | High-End Design | La Villa Garden<\/title>\n<meta name=\"description\" content=\"Mettez en valeur votre architecture ext\u00e9rieure avec la collection de jardini\u00e8res Ulm. Formes carr\u00e9es pures, disponibles en plusieurs formats et 14 couleurs \u00e0 partir de 229 \u20ac. Qualit\u00e9 de luxe Vondom.\" \/>\n<meta name=\"robots\" content=\"index, follow, max-snippet:-1, max-image-preview:large, max-video-preview:-1\" \/>\n<link rel=\"canonical\" href=\"https:\/\/www.lavillagardendesign.com\/fr\/product\/ulm-jardinieres-carrees-architecturales-haut-de-gamme\/\" \/>\n<meta property=\"og:locale\" content=\"fr_FR\" \/>\n<meta property=\"og:type\" content=\"article\" \/>\n<meta property=\"og:title\" content=\"Ulm Square Planters | High-End Design | La Villa Garden\" \/>\n<meta property=\"og:description\" content=\"Mettez en valeur votre architecture ext\u00e9rieure avec la collection de jardini\u00e8res Ulm. Formes carr\u00e9es pures, disponibles en plusieurs formats et 14 couleurs \u00e0 partir de 229 \u20ac. Qualit\u00e9 de luxe Vondom.\" \/>\n<meta property=\"og:url\" content=\"https:\/\/www.lavillagardendesign.com\/fr\/product\/ulm-jardinieres-carrees-architecturales-haut-de-gamme\/\" \/>\n<meta property=\"og:site_name\" content=\"La Villa Garden&amp;Design\" \/>\n<meta property=\"article:publisher\" content=\"https:\/\/www.facebook.com\/lavillagardendesign\/\" \/>\n<meta property=\"article:modified_time\" content=\"2026-04-09T08:13:14+00:00\" \/>\n<meta property=\"og:image\" content=\"https:\/\/www.lavillagardendesign.com\/wp-content\/uploads\/2026\/04\/10.png\" \/>\n\t<meta property=\"og:image:width\" content=\"700\" \/>\n\t<meta property=\"og:image:height\" content=\"800\" \/>\n\t<meta property=\"og:image:type\" content=\"image\/png\" \/>\n<meta name=\"twitter:card\" content=\"summary_large_image\" \/>\n<script type=\"application\/ld+json\" class=\"yoast-schema-graph\">{\"@context\":\"https:\/\/schema.org\",\"@graph\":[{\"@type\":\"WebPage\",\"@id\":\"https:\/\/www.lavillagardendesign.com\/fr\/product\/ulm-jardinieres-carrees-architecturales-haut-de-gamme\/\",\"url\":\"https:\/\/www.lavillagardendesign.com\/fr\/product\/ulm-jardinieres-carrees-architecturales-haut-de-gamme\/\",\"name\":\"Ulm Square Planters | High-End Design | La Villa Garden\",\"isPartOf\":{\"@id\":\"https:\/\/www.lavillagardendesign.com\/#website\"},\"primaryImageOfPage\":{\"@id\":\"https:\/\/www.lavillagardendesign.com\/fr\/product\/ulm-jardinieres-carrees-architecturales-haut-de-gamme\/#primaryimage\"},\"image\":{\"@id\":\"https:\/\/www.lavillagardendesign.com\/fr\/product\/ulm-jardinieres-carrees-architecturales-haut-de-gamme\/#primaryimage\"},\"thumbnailUrl\":\"https:\/\/www.lavillagardendesign.com\/wp-content\/uploads\/2026\/04\/10.png\",\"datePublished\":\"2026-04-07T18:17:50+00:00\",\"dateModified\":\"2026-04-09T08:13:14+00:00\",\"description\":\"Mettez en valeur votre architecture ext\u00e9rieure avec la collection de jardini\u00e8res Ulm. Formes carr\u00e9es pures, disponibles en plusieurs formats et 14 couleurs \u00e0 partir de 229 \u20ac. Qualit\u00e9 de luxe Vondom.\",\"breadcrumb\":{\"@id\":\"https:\/\/www.lavillagardendesign.com\/fr\/product\/ulm-jardinieres-carrees-architecturales-haut-de-gamme\/#breadcrumb\"},\"inLanguage\":\"fr-FR\",\"potentialAction\":[{\"@type\":\"ReadAction\",\"target\":[\"https:\/\/www.lavillagardendesign.com\/fr\/product\/ulm-jardinieres-carrees-architecturales-haut-de-gamme\/\"]}]},{\"@type\":\"ImageObject\",\"inLanguage\":\"fr-FR\",\"@id\":\"https:\/\/www.lavillagardendesign.com\/fr\/product\/ulm-jardinieres-carrees-architecturales-haut-de-gamme\/#primaryimage\",\"url\":\"https:\/\/www.lavillagardendesign.com\/wp-content\/uploads\/2026\/04\/10.png\",\"contentUrl\":\"https:\/\/www.lavillagardendesign.com\/wp-content\/uploads\/2026\/04\/10.png\",\"width\":700,\"height\":800},{\"@type\":\"BreadcrumbList\",\"@id\":\"https:\/\/www.lavillagardendesign.com\/fr\/product\/ulm-jardinieres-carrees-architecturales-haut-de-gamme\/#breadcrumb\",\"itemListElement\":[{\"@type\":\"ListItem\",\"position\":1,\"name\":\"Home\",\"item\":\"https:\/\/www.lavillagardendesign.com\/\"},{\"@type\":\"ListItem\",\"position\":2,\"name\":\"Boutique\",\"item\":\"https:\/\/www.lavillagardendesign.com\/fr\/boutique\/\"},{\"@type\":\"ListItem\",\"position\":3,\"name\":\"ULM &#8211; Jardini\u00e8res carr\u00e9es architecturales haut de gamme\"}]},{\"@type\":\"WebSite\",\"@id\":\"https:\/\/www.lavillagardendesign.com\/#website\",\"url\":\"https:\/\/www.lavillagardendesign.com\/\",\"name\":\"La Villa Garden&Design\",\"description\":\"\",\"publisher\":{\"@id\":\"https:\/\/www.lavillagardendesign.com\/#organization\"},\"potentialAction\":[{\"@type\":\"SearchAction\",\"target\":{\"@type\":\"EntryPoint\",\"urlTemplate\":\"https:\/\/www.lavillagardendesign.com\/?s={search_term_string}\"},\"query-input\":{\"@type\":\"PropertyValueSpecification\",\"valueRequired\":true,\"valueName\":\"search_term_string\"}}],\"inLanguage\":\"fr-FR\"},{\"@type\":\"Organization\",\"@id\":\"https:\/\/www.lavillagardendesign.com\/#organization\",\"name\":\"La Villa Garden&Design\",\"url\":\"https:\/\/www.lavillagardendesign.com\/\",\"logo\":{\"@type\":\"ImageObject\",\"inLanguage\":\"fr-FR\",\"@id\":\"https:\/\/www.lavillagardendesign.com\/#\/schema\/logo\/image\/\",\"url\":\"https:\/\/www.lavillagardendesign.com\/wp-content\/uploads\/2024\/04\/logolavilla.png\",\"contentUrl\":\"https:\/\/www.lavillagardendesign.com\/wp-content\/uploads\/2024\/04\/logolavilla.png\",\"width\":682,\"height\":391,\"caption\":\"La Villa Garden&Design\"},\"image\":{\"@id\":\"https:\/\/www.lavillagardendesign.com\/#\/schema\/logo\/image\/\"},\"sameAs\":[\"https:\/\/www.facebook.com\/lavillagardendesign\/\"]}]}<\/script>\n<!-- \/ Yoast SEO plugin. -->","yoast_head_json":{"title":"Ulm Square Planters | High-End Design | La Villa Garden","description":"Mettez en valeur votre architecture ext\u00e9rieure avec la collection de jardini\u00e8res Ulm. Formes carr\u00e9es pures, disponibles en plusieurs formats et 14 couleurs \u00e0 partir de 229 \u20ac. Qualit\u00e9 de luxe Vondom.","robots":{"index":"index","follow":"follow","max-snippet":"max-snippet:-1","max-image-preview":"max-image-preview:large","max-video-preview":"max-video-preview:-1"},"canonical":"https:\/\/www.lavillagardendesign.com\/fr\/product\/ulm-jardinieres-carrees-architecturales-haut-de-gamme\/","og_locale":"fr_FR","og_type":"article","og_title":"Ulm Square Planters | High-End Design | La Villa Garden","og_description":"Mettez en valeur votre architecture ext\u00e9rieure avec la collection de jardini\u00e8res Ulm. Formes carr\u00e9es pures, disponibles en plusieurs formats et 14 couleurs \u00e0 partir de 229 \u20ac. Qualit\u00e9 de luxe Vondom.","og_url":"https:\/\/www.lavillagardendesign.com\/fr\/product\/ulm-jardinieres-carrees-architecturales-haut-de-gamme\/","og_site_name":"La Villa Garden&amp;Design","article_publisher":"https:\/\/www.facebook.com\/lavillagardendesign\/","article_modified_time":"2026-04-09T08:13:14+00:00","og_image":[{"width":700,"height":800,"url":"https:\/\/www.lavillagardendesign.com\/wp-content\/uploads\/2026\/04\/10.png","type":"image\/png"}],"twitter_card":"summary_large_image","schema":{"@context":"https:\/\/schema.org","@graph":[{"@type":"WebPage","@id":"https:\/\/www.lavillagardendesign.com\/fr\/product\/ulm-jardinieres-carrees-architecturales-haut-de-gamme\/","url":"https:\/\/www.lavillagardendesign.com\/fr\/product\/ulm-jardinieres-carrees-architecturales-haut-de-gamme\/","name":"Ulm Square Planters | High-End Design | La Villa Garden","isPartOf":{"@id":"https:\/\/www.lavillagardendesign.com\/#website"},"primaryImageOfPage":{"@id":"https:\/\/www.lavillagardendesign.com\/fr\/product\/ulm-jardinieres-carrees-architecturales-haut-de-gamme\/#primaryimage"},"image":{"@id":"https:\/\/www.lavillagardendesign.com\/fr\/product\/ulm-jardinieres-carrees-architecturales-haut-de-gamme\/#primaryimage"},"thumbnailUrl":"https:\/\/www.lavillagardendesign.com\/wp-content\/uploads\/2026\/04\/10.png","datePublished":"2026-04-07T18:17:50+00:00","dateModified":"2026-04-09T08:13:14+00:00","description":"Mettez en valeur votre architecture ext\u00e9rieure avec la collection de jardini\u00e8res Ulm. Formes carr\u00e9es pures, disponibles en plusieurs formats et 14 couleurs \u00e0 partir de 229 \u20ac. Qualit\u00e9 de luxe Vondom.","breadcrumb":{"@id":"https:\/\/www.lavillagardendesign.com\/fr\/product\/ulm-jardinieres-carrees-architecturales-haut-de-gamme\/#breadcrumb"},"inLanguage":"fr-FR","potentialAction":[{"@type":"ReadAction","target":["https:\/\/www.lavillagardendesign.com\/fr\/product\/ulm-jardinieres-carrees-architecturales-haut-de-gamme\/"]}]},{"@type":"ImageObject","inLanguage":"fr-FR","@id":"https:\/\/www.lavillagardendesign.com\/fr\/product\/ulm-jardinieres-carrees-architecturales-haut-de-gamme\/#primaryimage","url":"https:\/\/www.lavillagardendesign.com\/wp-content\/uploads\/2026\/04\/10.png","contentUrl":"https:\/\/www.lavillagardendesign.com\/wp-content\/uploads\/2026\/04\/10.png","width":700,"height":800},{"@type":"BreadcrumbList","@id":"https:\/\/www.lavillagardendesign.com\/fr\/product\/ulm-jardinieres-carrees-architecturales-haut-de-gamme\/#breadcrumb","itemListElement":[{"@type":"ListItem","position":1,"name":"Home","item":"https:\/\/www.lavillagardendesign.com\/"},{"@type":"ListItem","position":2,"name":"Boutique","item":"https:\/\/www.lavillagardendesign.com\/fr\/boutique\/"},{"@type":"ListItem","position":3,"name":"ULM &#8211; Jardini\u00e8res carr\u00e9es architecturales haut de gamme"}]},{"@type":"WebSite","@id":"https:\/\/www.lavillagardendesign.com\/#website","url":"https:\/\/www.lavillagardendesign.com\/","name":"La Villa Garden&Design","description":"","publisher":{"@id":"https:\/\/www.lavillagardendesign.com\/#organization"},"potentialAction":[{"@type":"SearchAction","target":{"@type":"EntryPoint","urlTemplate":"https:\/\/www.lavillagardendesign.com\/?s={search_term_string}"},"query-input":{"@type":"PropertyValueSpecification","valueRequired":true,"valueName":"search_term_string"}}],"inLanguage":"fr-FR"},{"@type":"Organization","@id":"https:\/\/www.lavillagardendesign.com\/#organization","name":"La Villa Garden&Design","url":"https:\/\/www.lavillagardendesign.com\/","logo":{"@type":"ImageObject","inLanguage":"fr-FR","@id":"https:\/\/www.lavillagardendesign.com\/#\/schema\/logo\/image\/","url":"https:\/\/www.lavillagardendesign.com\/wp-content\/uploads\/2024\/04\/logolavilla.png","contentUrl":"https:\/\/www.lavillagardendesign.com\/wp-content\/uploads\/2024\/04\/logolavilla.png","width":682,"height":391,"caption":"La Villa Garden&Design"},"image":{"@id":"https:\/\/www.lavillagardendesign.com\/#\/schema\/logo\/image\/"},"sameAs":["https:\/\/www.facebook.com\/lavillagardendesign\/"]}]}},"_links":{"self":[{"href":"https:\/\/www.lavillagardendesign.com\/fr\/wp-json\/wp\/v2\/product\/69922","targetHints":{"allow":["GET"]}}],"collection":[{"href":"https:\/\/www.lavillagardendesign.com\/fr\/wp-json\/wp\/v2\/product"}],"about":[{"href":"https:\/\/www.lavillagardendesign.com\/fr\/wp-json\/wp\/v2\/types\/product"}],"replies":[{"embeddable":true,"href":"https:\/\/www.lavillagardendesign.com\/fr\/wp-json\/wp\/v2\/comments?post=69922"}],"version-history":[{"count":1,"href":"https:\/\/www.lavillagardendesign.com\/fr\/wp-json\/wp\/v2\/product\/69922\/revisions"}],"predecessor-version":[{"id":70009,"href":"https:\/\/www.lavillagardendesign.com\/fr\/wp-json\/wp\/v2\/product\/69922\/revisions\/70009"}],"wp:featuredmedia":[{"embeddable":true,"href":"https:\/\/www.lavillagardendesign.com\/fr\/wp-json\/wp\/v2\/media\/68980"}],"wp:attachment":[{"href":"https:\/\/www.lavillagardendesign.com\/fr\/wp-json\/wp\/v2\/media?parent=69922"}],"wp:term":[{"taxonomy":"product_brand","embeddable":true,"href":"https:\/\/www.lavillagardendesign.com\/fr\/wp-json\/wp\/v2\/product_brand?post=69922"},{"taxonomy":"product_cat","embeddable":true,"href":"https:\/\/www.lavillagardendesign.com\/fr\/wp-json\/wp\/v2\/product_cat?post=69922"},{"taxonomy":"product_tag","embeddable":true,"href":"https:\/\/www.lavillagardendesign.com\/fr\/wp-json\/wp\/v2\/product_tag?post=69922"}],"curies":[{"name":"wp","href":"https:\/\/api.w.org\/{rel}","templated":true}]}}