{"id":69720,"date":"2026-04-08T18:28:01","date_gmt":"2026-04-08T17:28:01","guid":{"rendered":"https:\/\/www.lavillagardendesign.com\/product\/stanton-table-dinterieur-en-bois-recycle-et-acier-inoxydable\/"},"modified":"2026-04-08T18:28:01","modified_gmt":"2026-04-08T17:28:01","slug":"stanton-table-dinterieur-en-bois-recycle-et-acier-inoxydable","status":"publish","type":"product","link":"https:\/\/www.lavillagardendesign.com\/fr\/product\/stanton-table-dinterieur-en-bois-recycle-et-acier-inoxydable\/","title":{"rendered":"STANTON &#8211; Table d&rsquo;int\u00e9rieur en bois recycl\u00e9 et acier inoxydable"},"content":{"rendered":"","protected":false},"excerpt":{"rendered":"<p>La table STANTON repr\u00e9sente l&rsquo;\u00e9quilibre parfait entre la durabilit\u00e9 artisanale et le design industriel contemporain. Son imposant plateau en bois recycl\u00e9 \u00e0 la finition naturelle conserve les marques du temps, les fissures et les imperfections qui conf\u00e8rent \u00e0 chaque pi\u00e8ce une personnalit\u00e9 unique et originale. Prot\u00e9g\u00e9e par une surface en verre tremp\u00e9 qui met en valeur la texture des planches non polies, cette table repose sur une structure en acier inoxydable, assurant une pr\u00e9sence sculpturale sur toute terrasse de luxe.  <\/p>\n","protected":false},"featured_media":69647,"comment_status":"open","ping_status":"closed","template":"","meta":[],"product_brand":[4998],"product_cat":[5340,6676],"product_tag":[],"class_list":{"0":"post-69720","1":"product","2":"type-product","3":"status-publish","4":"has-post-thumbnail","6":"product_brand-la-villa","7":"product_cat-indoor-fr","8":"product_cat-tables-repas-dinterieur","10":"first","11":"instock","12":"taxable","13":"shipping-taxable","14":"purchasable","15":"product-type-variable"},"yoast_head":"<!-- This site is optimized with the Yoast SEO plugin v27.1.1 - https:\/\/yoast.com\/product\/yoast-seo-wordpress\/ -->\n<title>STANTON Table | Bois recycl\u00e9 et acier inoxydable | La Villa<\/title>\n<meta name=\"description\" content=\"D\u00e9couvrez la table STANTON. Design unique en bois recycl\u00e9, verre tremp\u00e9 et acier inoxydable. Qualit\u00e9 sup\u00e9rieure et exclusivit\u00e9 pour votre jardin ou votre terrasse.\" \/>\n<meta name=\"robots\" content=\"index, follow, max-snippet:-1, max-image-preview:large, max-video-preview:-1\" \/>\n<link rel=\"canonical\" href=\"https:\/\/www.lavillagardendesign.com\/fr\/product\/stanton-table-dinterieur-en-bois-recycle-et-acier-inoxydable\/\" \/>\n<meta property=\"og:locale\" content=\"fr_FR\" \/>\n<meta property=\"og:type\" content=\"article\" \/>\n<meta property=\"og:title\" content=\"STANTON Table | Bois recycl\u00e9 et acier inoxydable | La Villa\" \/>\n<meta property=\"og:description\" content=\"D\u00e9couvrez la table STANTON. Design unique en bois recycl\u00e9, verre tremp\u00e9 et acier inoxydable. Qualit\u00e9 sup\u00e9rieure et exclusivit\u00e9 pour votre jardin ou votre terrasse.\" \/>\n<meta property=\"og:url\" content=\"https:\/\/www.lavillagardendesign.com\/fr\/product\/stanton-table-dinterieur-en-bois-recycle-et-acier-inoxydable\/\" \/>\n<meta property=\"og:site_name\" content=\"La Villa Garden&amp;Design\" \/>\n<meta property=\"article:publisher\" content=\"https:\/\/www.facebook.com\/lavillagardendesign\/\" \/>\n<meta property=\"og:image\" content=\"https:\/\/www.lavillagardendesign.com\/wp-content\/uploads\/2026\/04\/2-17.png\" \/>\n\t<meta property=\"og:image:width\" content=\"700\" \/>\n\t<meta property=\"og:image:height\" content=\"800\" \/>\n\t<meta property=\"og:image:type\" content=\"image\/png\" \/>\n<meta name=\"twitter:card\" content=\"summary_large_image\" \/>\n<script type=\"application\/ld+json\" class=\"yoast-schema-graph\">{\"@context\":\"https:\/\/schema.org\",\"@graph\":[{\"@type\":\"WebPage\",\"@id\":\"https:\/\/www.lavillagardendesign.com\/fr\/product\/stanton-table-dinterieur-en-bois-recycle-et-acier-inoxydable\/\",\"url\":\"https:\/\/www.lavillagardendesign.com\/fr\/product\/stanton-table-dinterieur-en-bois-recycle-et-acier-inoxydable\/\",\"name\":\"STANTON Table | Bois recycl\u00e9 et acier inoxydable | La Villa\",\"isPartOf\":{\"@id\":\"https:\/\/www.lavillagardendesign.com\/#website\"},\"primaryImageOfPage\":{\"@id\":\"https:\/\/www.lavillagardendesign.com\/fr\/product\/stanton-table-dinterieur-en-bois-recycle-et-acier-inoxydable\/#primaryimage\"},\"image\":{\"@id\":\"https:\/\/www.lavillagardendesign.com\/fr\/product\/stanton-table-dinterieur-en-bois-recycle-et-acier-inoxydable\/#primaryimage\"},\"thumbnailUrl\":\"https:\/\/www.lavillagardendesign.com\/wp-content\/uploads\/2026\/04\/2-17.png\",\"datePublished\":\"2026-04-08T17:28:01+00:00\",\"description\":\"D\u00e9couvrez la table STANTON. Design unique en bois recycl\u00e9, verre tremp\u00e9 et acier inoxydable. Qualit\u00e9 sup\u00e9rieure et exclusivit\u00e9 pour votre jardin ou votre terrasse.\",\"breadcrumb\":{\"@id\":\"https:\/\/www.lavillagardendesign.com\/fr\/product\/stanton-table-dinterieur-en-bois-recycle-et-acier-inoxydable\/#breadcrumb\"},\"inLanguage\":\"fr-FR\",\"potentialAction\":[{\"@type\":\"ReadAction\",\"target\":[\"https:\/\/www.lavillagardendesign.com\/fr\/product\/stanton-table-dinterieur-en-bois-recycle-et-acier-inoxydable\/\"]}]},{\"@type\":\"ImageObject\",\"inLanguage\":\"fr-FR\",\"@id\":\"https:\/\/www.lavillagardendesign.com\/fr\/product\/stanton-table-dinterieur-en-bois-recycle-et-acier-inoxydable\/#primaryimage\",\"url\":\"https:\/\/www.lavillagardendesign.com\/wp-content\/uploads\/2026\/04\/2-17.png\",\"contentUrl\":\"https:\/\/www.lavillagardendesign.com\/wp-content\/uploads\/2026\/04\/2-17.png\",\"width\":700,\"height\":800},{\"@type\":\"BreadcrumbList\",\"@id\":\"https:\/\/www.lavillagardendesign.com\/fr\/product\/stanton-table-dinterieur-en-bois-recycle-et-acier-inoxydable\/#breadcrumb\",\"itemListElement\":[{\"@type\":\"ListItem\",\"position\":1,\"name\":\"Home\",\"item\":\"https:\/\/www.lavillagardendesign.com\/\"},{\"@type\":\"ListItem\",\"position\":2,\"name\":\"Boutique\",\"item\":\"https:\/\/www.lavillagardendesign.com\/fr\/boutique\/\"},{\"@type\":\"ListItem\",\"position\":3,\"name\":\"STANTON &#8211; Table d&rsquo;int\u00e9rieur en bois recycl\u00e9 et acier inoxydable\"}]},{\"@type\":\"WebSite\",\"@id\":\"https:\/\/www.lavillagardendesign.com\/#website\",\"url\":\"https:\/\/www.lavillagardendesign.com\/\",\"name\":\"La Villa Garden&Design\",\"description\":\"\",\"publisher\":{\"@id\":\"https:\/\/www.lavillagardendesign.com\/#organization\"},\"potentialAction\":[{\"@type\":\"SearchAction\",\"target\":{\"@type\":\"EntryPoint\",\"urlTemplate\":\"https:\/\/www.lavillagardendesign.com\/?s={search_term_string}\"},\"query-input\":{\"@type\":\"PropertyValueSpecification\",\"valueRequired\":true,\"valueName\":\"search_term_string\"}}],\"inLanguage\":\"fr-FR\"},{\"@type\":\"Organization\",\"@id\":\"https:\/\/www.lavillagardendesign.com\/#organization\",\"name\":\"La Villa Garden&Design\",\"url\":\"https:\/\/www.lavillagardendesign.com\/\",\"logo\":{\"@type\":\"ImageObject\",\"inLanguage\":\"fr-FR\",\"@id\":\"https:\/\/www.lavillagardendesign.com\/#\/schema\/logo\/image\/\",\"url\":\"https:\/\/www.lavillagardendesign.com\/wp-content\/uploads\/2024\/04\/logolavilla.png\",\"contentUrl\":\"https:\/\/www.lavillagardendesign.com\/wp-content\/uploads\/2024\/04\/logolavilla.png\",\"width\":682,\"height\":391,\"caption\":\"La Villa Garden&Design\"},\"image\":{\"@id\":\"https:\/\/www.lavillagardendesign.com\/#\/schema\/logo\/image\/\"},\"sameAs\":[\"https:\/\/www.facebook.com\/lavillagardendesign\/\"]}]}<\/script>\n<!-- \/ Yoast SEO plugin. -->","yoast_head_json":{"title":"STANTON Table | Bois recycl\u00e9 et acier inoxydable | La Villa","description":"D\u00e9couvrez la table STANTON. Design unique en bois recycl\u00e9, verre tremp\u00e9 et acier inoxydable. Qualit\u00e9 sup\u00e9rieure et exclusivit\u00e9 pour votre jardin ou votre terrasse.","robots":{"index":"index","follow":"follow","max-snippet":"max-snippet:-1","max-image-preview":"max-image-preview:large","max-video-preview":"max-video-preview:-1"},"canonical":"https:\/\/www.lavillagardendesign.com\/fr\/product\/stanton-table-dinterieur-en-bois-recycle-et-acier-inoxydable\/","og_locale":"fr_FR","og_type":"article","og_title":"STANTON Table | Bois recycl\u00e9 et acier inoxydable | La Villa","og_description":"D\u00e9couvrez la table STANTON. Design unique en bois recycl\u00e9, verre tremp\u00e9 et acier inoxydable. Qualit\u00e9 sup\u00e9rieure et exclusivit\u00e9 pour votre jardin ou votre terrasse.","og_url":"https:\/\/www.lavillagardendesign.com\/fr\/product\/stanton-table-dinterieur-en-bois-recycle-et-acier-inoxydable\/","og_site_name":"La Villa Garden&amp;Design","article_publisher":"https:\/\/www.facebook.com\/lavillagardendesign\/","og_image":[{"width":700,"height":800,"url":"https:\/\/www.lavillagardendesign.com\/wp-content\/uploads\/2026\/04\/2-17.png","type":"image\/png"}],"twitter_card":"summary_large_image","schema":{"@context":"https:\/\/schema.org","@graph":[{"@type":"WebPage","@id":"https:\/\/www.lavillagardendesign.com\/fr\/product\/stanton-table-dinterieur-en-bois-recycle-et-acier-inoxydable\/","url":"https:\/\/www.lavillagardendesign.com\/fr\/product\/stanton-table-dinterieur-en-bois-recycle-et-acier-inoxydable\/","name":"STANTON Table | Bois recycl\u00e9 et acier inoxydable | La Villa","isPartOf":{"@id":"https:\/\/www.lavillagardendesign.com\/#website"},"primaryImageOfPage":{"@id":"https:\/\/www.lavillagardendesign.com\/fr\/product\/stanton-table-dinterieur-en-bois-recycle-et-acier-inoxydable\/#primaryimage"},"image":{"@id":"https:\/\/www.lavillagardendesign.com\/fr\/product\/stanton-table-dinterieur-en-bois-recycle-et-acier-inoxydable\/#primaryimage"},"thumbnailUrl":"https:\/\/www.lavillagardendesign.com\/wp-content\/uploads\/2026\/04\/2-17.png","datePublished":"2026-04-08T17:28:01+00:00","description":"D\u00e9couvrez la table STANTON. Design unique en bois recycl\u00e9, verre tremp\u00e9 et acier inoxydable. Qualit\u00e9 sup\u00e9rieure et exclusivit\u00e9 pour votre jardin ou votre terrasse.","breadcrumb":{"@id":"https:\/\/www.lavillagardendesign.com\/fr\/product\/stanton-table-dinterieur-en-bois-recycle-et-acier-inoxydable\/#breadcrumb"},"inLanguage":"fr-FR","potentialAction":[{"@type":"ReadAction","target":["https:\/\/www.lavillagardendesign.com\/fr\/product\/stanton-table-dinterieur-en-bois-recycle-et-acier-inoxydable\/"]}]},{"@type":"ImageObject","inLanguage":"fr-FR","@id":"https:\/\/www.lavillagardendesign.com\/fr\/product\/stanton-table-dinterieur-en-bois-recycle-et-acier-inoxydable\/#primaryimage","url":"https:\/\/www.lavillagardendesign.com\/wp-content\/uploads\/2026\/04\/2-17.png","contentUrl":"https:\/\/www.lavillagardendesign.com\/wp-content\/uploads\/2026\/04\/2-17.png","width":700,"height":800},{"@type":"BreadcrumbList","@id":"https:\/\/www.lavillagardendesign.com\/fr\/product\/stanton-table-dinterieur-en-bois-recycle-et-acier-inoxydable\/#breadcrumb","itemListElement":[{"@type":"ListItem","position":1,"name":"Home","item":"https:\/\/www.lavillagardendesign.com\/"},{"@type":"ListItem","position":2,"name":"Boutique","item":"https:\/\/www.lavillagardendesign.com\/fr\/boutique\/"},{"@type":"ListItem","position":3,"name":"STANTON &#8211; Table d&rsquo;int\u00e9rieur en bois recycl\u00e9 et acier inoxydable"}]},{"@type":"WebSite","@id":"https:\/\/www.lavillagardendesign.com\/#website","url":"https:\/\/www.lavillagardendesign.com\/","name":"La Villa Garden&Design","description":"","publisher":{"@id":"https:\/\/www.lavillagardendesign.com\/#organization"},"potentialAction":[{"@type":"SearchAction","target":{"@type":"EntryPoint","urlTemplate":"https:\/\/www.lavillagardendesign.com\/?s={search_term_string}"},"query-input":{"@type":"PropertyValueSpecification","valueRequired":true,"valueName":"search_term_string"}}],"inLanguage":"fr-FR"},{"@type":"Organization","@id":"https:\/\/www.lavillagardendesign.com\/#organization","name":"La Villa Garden&Design","url":"https:\/\/www.lavillagardendesign.com\/","logo":{"@type":"ImageObject","inLanguage":"fr-FR","@id":"https:\/\/www.lavillagardendesign.com\/#\/schema\/logo\/image\/","url":"https:\/\/www.lavillagardendesign.com\/wp-content\/uploads\/2024\/04\/logolavilla.png","contentUrl":"https:\/\/www.lavillagardendesign.com\/wp-content\/uploads\/2024\/04\/logolavilla.png","width":682,"height":391,"caption":"La Villa Garden&Design"},"image":{"@id":"https:\/\/www.lavillagardendesign.com\/#\/schema\/logo\/image\/"},"sameAs":["https:\/\/www.facebook.com\/lavillagardendesign\/"]}]}},"_links":{"self":[{"href":"https:\/\/www.lavillagardendesign.com\/fr\/wp-json\/wp\/v2\/product\/69720","targetHints":{"allow":["GET"]}}],"collection":[{"href":"https:\/\/www.lavillagardendesign.com\/fr\/wp-json\/wp\/v2\/product"}],"about":[{"href":"https:\/\/www.lavillagardendesign.com\/fr\/wp-json\/wp\/v2\/types\/product"}],"replies":[{"embeddable":true,"href":"https:\/\/www.lavillagardendesign.com\/fr\/wp-json\/wp\/v2\/comments?post=69720"}],"version-history":[{"count":0,"href":"https:\/\/www.lavillagardendesign.com\/fr\/wp-json\/wp\/v2\/product\/69720\/revisions"}],"wp:featuredmedia":[{"embeddable":true,"href":"https:\/\/www.lavillagardendesign.com\/fr\/wp-json\/wp\/v2\/media\/69647"}],"wp:attachment":[{"href":"https:\/\/www.lavillagardendesign.com\/fr\/wp-json\/wp\/v2\/media?parent=69720"}],"wp:term":[{"taxonomy":"product_brand","embeddable":true,"href":"https:\/\/www.lavillagardendesign.com\/fr\/wp-json\/wp\/v2\/product_brand?post=69720"},{"taxonomy":"product_cat","embeddable":true,"href":"https:\/\/www.lavillagardendesign.com\/fr\/wp-json\/wp\/v2\/product_cat?post=69720"},{"taxonomy":"product_tag","embeddable":true,"href":"https:\/\/www.lavillagardendesign.com\/fr\/wp-json\/wp\/v2\/product_tag?post=69720"}],"curies":[{"name":"wp","href":"https:\/\/api.w.org\/{rel}","templated":true}]}}