{"id":67982,"date":"2026-03-20T22:59:13","date_gmt":"2026-03-20T21:59:13","guid":{"rendered":"https:\/\/www.lavillagardendesign.com\/product\/cuba-canape-dexterieur-5-places-et-table-basse\/"},"modified":"2026-03-20T22:59:13","modified_gmt":"2026-03-20T21:59:13","slug":"cuba-canape-dexterieur-5-places-et-table-basse","status":"publish","type":"product","link":"https:\/\/www.lavillagardendesign.com\/fr\/product\/cuba-canape-dexterieur-5-places-et-table-basse\/","title":{"rendered":"CUBA &#8211; Canap\u00e9 d&rsquo;ext\u00e9rieur 5 places et table basse"},"content":{"rendered":"","protected":false},"excerpt":{"rendered":"<p>Rehaussez la sophistication de votre terrasse avec l&rsquo;ensemble CUBA, un chef-d&rsquo;\u0153uvre qui allie la chaleur visuelle du bois \u00e0 la durabilit\u00e9 in\u00e9gal\u00e9e de l&rsquo;aluminium. Cet ensemble de 5 places a \u00e9t\u00e9 con\u00e7u pour offrir une exp\u00e9rience de confort de premier ordre dans des environnements ext\u00e9rieurs luxueux, avec un \u00e9l\u00e9gant tissage artisanal de corde de polyester de 5 mm. La table basse, avec son plateau en porcelaine \u00e9maill\u00e9e exclusive provenant d&rsquo;Espagne, ajoute une touche distinctive de design m\u00e9diterran\u00e9en contemporain.  <\/p>\n<ul>\n<li><b>Canap\u00e9 3 places :<\/b> 203 cm (L) x 81 cm (P) x 78 cm (H).<\/li>\n<li><b>2 places \/ Fauteuils :<\/b> 73 cm (L) x 81 cm (P) x 78 cm (H).<\/li>\n<li><b>Table :<\/b> 140 cm (L) x 73 cm (L) x 38 cm (H).<\/li>\n<li>\n<p id=\"m_2181529436115456645gmail-p-rc_aed5a702815c1c4e-25\"><b>Hauteur de l&rsquo;assise et de l&rsquo;accoudoir :<\/b> 45 cm \/ 61 cm.<\/p>\n<\/li>\n<\/ul>\n","protected":false},"featured_media":67969,"comment_status":"open","ping_status":"closed","template":"","meta":[],"product_brand":[],"product_cat":[6832,2935,2937],"product_tag":[],"class_list":{"0":"post-67982","1":"product","2":"type-product","3":"status-publish","4":"has-post-thumbnail","6":"product_cat-outdoor-fr","7":"product_cat-canapes-fauteuils","8":"product_cat-canapes","10":"first","11":"instock","12":"sale","13":"taxable","14":"shipping-taxable","15":"purchasable","16":"product-type-simple"},"yoast_head":"<!-- This site is optimized with the Yoast SEO plugin v27.1.1 - https:\/\/yoast.com\/product\/yoast-seo-wordpress\/ -->\n<title>CUBA - Canap\u00e9 5 places de luxe | La Villa Outdoor Furniture<\/title>\n<meta name=\"description\" content=\"D\u00e9couvrez le canap\u00e9 d&#039;ext\u00e9rieur 5 places CUBA. Aluminium \u00e0 effet bois, d\u00e9tails en corde et tissu Olefin. Un design exclusif pour les villas de luxe et les projets haut de gamme.\" \/>\n<meta name=\"robots\" content=\"index, follow, max-snippet:-1, max-image-preview:large, max-video-preview:-1\" \/>\n<link rel=\"canonical\" href=\"https:\/\/www.lavillagardendesign.com\/fr\/product\/cuba-canape-dexterieur-5-places-et-table-basse\/\" \/>\n<meta property=\"og:locale\" content=\"fr_FR\" \/>\n<meta property=\"og:type\" content=\"article\" \/>\n<meta property=\"og:title\" content=\"CUBA - Canap\u00e9 5 places de luxe | La Villa Outdoor Furniture\" \/>\n<meta property=\"og:description\" content=\"D\u00e9couvrez le canap\u00e9 d&#039;ext\u00e9rieur 5 places CUBA. Aluminium \u00e0 effet bois, d\u00e9tails en corde et tissu Olefin. Un design exclusif pour les villas de luxe et les projets haut de gamme.\" \/>\n<meta property=\"og:url\" content=\"https:\/\/www.lavillagardendesign.com\/fr\/product\/cuba-canape-dexterieur-5-places-et-table-basse\/\" \/>\n<meta property=\"og:site_name\" content=\"La Villa Garden&amp;Design\" \/>\n<meta property=\"article:publisher\" content=\"https:\/\/www.facebook.com\/lavillagardendesign\/\" \/>\n<meta property=\"og:image\" content=\"https:\/\/www.lavillagardendesign.com\/wp-content\/uploads\/2026\/03\/4-55.png\" \/>\n\t<meta property=\"og:image:width\" content=\"700\" \/>\n\t<meta property=\"og:image:height\" content=\"800\" \/>\n\t<meta property=\"og:image:type\" content=\"image\/png\" \/>\n<meta name=\"twitter:card\" content=\"summary_large_image\" \/>\n<script type=\"application\/ld+json\" class=\"yoast-schema-graph\">{\"@context\":\"https:\/\/schema.org\",\"@graph\":[{\"@type\":\"WebPage\",\"@id\":\"https:\/\/www.lavillagardendesign.com\/fr\/product\/cuba-canape-dexterieur-5-places-et-table-basse\/\",\"url\":\"https:\/\/www.lavillagardendesign.com\/fr\/product\/cuba-canape-dexterieur-5-places-et-table-basse\/\",\"name\":\"CUBA - Canap\u00e9 5 places de luxe | La Villa Outdoor Furniture\",\"isPartOf\":{\"@id\":\"https:\/\/www.lavillagardendesign.com\/#website\"},\"primaryImageOfPage\":{\"@id\":\"https:\/\/www.lavillagardendesign.com\/fr\/product\/cuba-canape-dexterieur-5-places-et-table-basse\/#primaryimage\"},\"image\":{\"@id\":\"https:\/\/www.lavillagardendesign.com\/fr\/product\/cuba-canape-dexterieur-5-places-et-table-basse\/#primaryimage\"},\"thumbnailUrl\":\"https:\/\/www.lavillagardendesign.com\/wp-content\/uploads\/2026\/03\/4-55.png\",\"datePublished\":\"2026-03-20T21:59:13+00:00\",\"description\":\"D\u00e9couvrez le canap\u00e9 d'ext\u00e9rieur 5 places CUBA. Aluminium \u00e0 effet bois, d\u00e9tails en corde et tissu Olefin. Un design exclusif pour les villas de luxe et les projets haut de gamme.\",\"breadcrumb\":{\"@id\":\"https:\/\/www.lavillagardendesign.com\/fr\/product\/cuba-canape-dexterieur-5-places-et-table-basse\/#breadcrumb\"},\"inLanguage\":\"fr-FR\",\"potentialAction\":[{\"@type\":\"ReadAction\",\"target\":[\"https:\/\/www.lavillagardendesign.com\/fr\/product\/cuba-canape-dexterieur-5-places-et-table-basse\/\"]}]},{\"@type\":\"ImageObject\",\"inLanguage\":\"fr-FR\",\"@id\":\"https:\/\/www.lavillagardendesign.com\/fr\/product\/cuba-canape-dexterieur-5-places-et-table-basse\/#primaryimage\",\"url\":\"https:\/\/www.lavillagardendesign.com\/wp-content\/uploads\/2026\/03\/4-55.png\",\"contentUrl\":\"https:\/\/www.lavillagardendesign.com\/wp-content\/uploads\/2026\/03\/4-55.png\",\"width\":700,\"height\":800},{\"@type\":\"BreadcrumbList\",\"@id\":\"https:\/\/www.lavillagardendesign.com\/fr\/product\/cuba-canape-dexterieur-5-places-et-table-basse\/#breadcrumb\",\"itemListElement\":[{\"@type\":\"ListItem\",\"position\":1,\"name\":\"Home\",\"item\":\"https:\/\/www.lavillagardendesign.com\/\"},{\"@type\":\"ListItem\",\"position\":2,\"name\":\"Boutique\",\"item\":\"https:\/\/www.lavillagardendesign.com\/fr\/boutique\/\"},{\"@type\":\"ListItem\",\"position\":3,\"name\":\"CUBA &#8211; Canap\u00e9 d&rsquo;ext\u00e9rieur 5 places et table basse\"}]},{\"@type\":\"WebSite\",\"@id\":\"https:\/\/www.lavillagardendesign.com\/#website\",\"url\":\"https:\/\/www.lavillagardendesign.com\/\",\"name\":\"La Villa Garden&Design\",\"description\":\"\",\"publisher\":{\"@id\":\"https:\/\/www.lavillagardendesign.com\/#organization\"},\"potentialAction\":[{\"@type\":\"SearchAction\",\"target\":{\"@type\":\"EntryPoint\",\"urlTemplate\":\"https:\/\/www.lavillagardendesign.com\/?s={search_term_string}\"},\"query-input\":{\"@type\":\"PropertyValueSpecification\",\"valueRequired\":true,\"valueName\":\"search_term_string\"}}],\"inLanguage\":\"fr-FR\"},{\"@type\":\"Organization\",\"@id\":\"https:\/\/www.lavillagardendesign.com\/#organization\",\"name\":\"La Villa Garden&Design\",\"url\":\"https:\/\/www.lavillagardendesign.com\/\",\"logo\":{\"@type\":\"ImageObject\",\"inLanguage\":\"fr-FR\",\"@id\":\"https:\/\/www.lavillagardendesign.com\/#\/schema\/logo\/image\/\",\"url\":\"https:\/\/www.lavillagardendesign.com\/wp-content\/uploads\/2024\/04\/logolavilla.png\",\"contentUrl\":\"https:\/\/www.lavillagardendesign.com\/wp-content\/uploads\/2024\/04\/logolavilla.png\",\"width\":682,\"height\":391,\"caption\":\"La Villa Garden&Design\"},\"image\":{\"@id\":\"https:\/\/www.lavillagardendesign.com\/#\/schema\/logo\/image\/\"},\"sameAs\":[\"https:\/\/www.facebook.com\/lavillagardendesign\/\"]}]}<\/script>\n<!-- \/ Yoast SEO plugin. -->","yoast_head_json":{"title":"CUBA - Canap\u00e9 5 places de luxe | La Villa Outdoor Furniture","description":"D\u00e9couvrez le canap\u00e9 d'ext\u00e9rieur 5 places CUBA. Aluminium \u00e0 effet bois, d\u00e9tails en corde et tissu Olefin. Un design exclusif pour les villas de luxe et les projets haut de gamme.","robots":{"index":"index","follow":"follow","max-snippet":"max-snippet:-1","max-image-preview":"max-image-preview:large","max-video-preview":"max-video-preview:-1"},"canonical":"https:\/\/www.lavillagardendesign.com\/fr\/product\/cuba-canape-dexterieur-5-places-et-table-basse\/","og_locale":"fr_FR","og_type":"article","og_title":"CUBA - Canap\u00e9 5 places de luxe | La Villa Outdoor Furniture","og_description":"D\u00e9couvrez le canap\u00e9 d'ext\u00e9rieur 5 places CUBA. Aluminium \u00e0 effet bois, d\u00e9tails en corde et tissu Olefin. Un design exclusif pour les villas de luxe et les projets haut de gamme.","og_url":"https:\/\/www.lavillagardendesign.com\/fr\/product\/cuba-canape-dexterieur-5-places-et-table-basse\/","og_site_name":"La Villa Garden&amp;Design","article_publisher":"https:\/\/www.facebook.com\/lavillagardendesign\/","og_image":[{"width":700,"height":800,"url":"https:\/\/www.lavillagardendesign.com\/wp-content\/uploads\/2026\/03\/4-55.png","type":"image\/png"}],"twitter_card":"summary_large_image","schema":{"@context":"https:\/\/schema.org","@graph":[{"@type":"WebPage","@id":"https:\/\/www.lavillagardendesign.com\/fr\/product\/cuba-canape-dexterieur-5-places-et-table-basse\/","url":"https:\/\/www.lavillagardendesign.com\/fr\/product\/cuba-canape-dexterieur-5-places-et-table-basse\/","name":"CUBA - Canap\u00e9 5 places de luxe | La Villa Outdoor Furniture","isPartOf":{"@id":"https:\/\/www.lavillagardendesign.com\/#website"},"primaryImageOfPage":{"@id":"https:\/\/www.lavillagardendesign.com\/fr\/product\/cuba-canape-dexterieur-5-places-et-table-basse\/#primaryimage"},"image":{"@id":"https:\/\/www.lavillagardendesign.com\/fr\/product\/cuba-canape-dexterieur-5-places-et-table-basse\/#primaryimage"},"thumbnailUrl":"https:\/\/www.lavillagardendesign.com\/wp-content\/uploads\/2026\/03\/4-55.png","datePublished":"2026-03-20T21:59:13+00:00","description":"D\u00e9couvrez le canap\u00e9 d'ext\u00e9rieur 5 places CUBA. Aluminium \u00e0 effet bois, d\u00e9tails en corde et tissu Olefin. Un design exclusif pour les villas de luxe et les projets haut de gamme.","breadcrumb":{"@id":"https:\/\/www.lavillagardendesign.com\/fr\/product\/cuba-canape-dexterieur-5-places-et-table-basse\/#breadcrumb"},"inLanguage":"fr-FR","potentialAction":[{"@type":"ReadAction","target":["https:\/\/www.lavillagardendesign.com\/fr\/product\/cuba-canape-dexterieur-5-places-et-table-basse\/"]}]},{"@type":"ImageObject","inLanguage":"fr-FR","@id":"https:\/\/www.lavillagardendesign.com\/fr\/product\/cuba-canape-dexterieur-5-places-et-table-basse\/#primaryimage","url":"https:\/\/www.lavillagardendesign.com\/wp-content\/uploads\/2026\/03\/4-55.png","contentUrl":"https:\/\/www.lavillagardendesign.com\/wp-content\/uploads\/2026\/03\/4-55.png","width":700,"height":800},{"@type":"BreadcrumbList","@id":"https:\/\/www.lavillagardendesign.com\/fr\/product\/cuba-canape-dexterieur-5-places-et-table-basse\/#breadcrumb","itemListElement":[{"@type":"ListItem","position":1,"name":"Home","item":"https:\/\/www.lavillagardendesign.com\/"},{"@type":"ListItem","position":2,"name":"Boutique","item":"https:\/\/www.lavillagardendesign.com\/fr\/boutique\/"},{"@type":"ListItem","position":3,"name":"CUBA &#8211; Canap\u00e9 d&rsquo;ext\u00e9rieur 5 places et table basse"}]},{"@type":"WebSite","@id":"https:\/\/www.lavillagardendesign.com\/#website","url":"https:\/\/www.lavillagardendesign.com\/","name":"La Villa Garden&Design","description":"","publisher":{"@id":"https:\/\/www.lavillagardendesign.com\/#organization"},"potentialAction":[{"@type":"SearchAction","target":{"@type":"EntryPoint","urlTemplate":"https:\/\/www.lavillagardendesign.com\/?s={search_term_string}"},"query-input":{"@type":"PropertyValueSpecification","valueRequired":true,"valueName":"search_term_string"}}],"inLanguage":"fr-FR"},{"@type":"Organization","@id":"https:\/\/www.lavillagardendesign.com\/#organization","name":"La Villa Garden&Design","url":"https:\/\/www.lavillagardendesign.com\/","logo":{"@type":"ImageObject","inLanguage":"fr-FR","@id":"https:\/\/www.lavillagardendesign.com\/#\/schema\/logo\/image\/","url":"https:\/\/www.lavillagardendesign.com\/wp-content\/uploads\/2024\/04\/logolavilla.png","contentUrl":"https:\/\/www.lavillagardendesign.com\/wp-content\/uploads\/2024\/04\/logolavilla.png","width":682,"height":391,"caption":"La Villa Garden&Design"},"image":{"@id":"https:\/\/www.lavillagardendesign.com\/#\/schema\/logo\/image\/"},"sameAs":["https:\/\/www.facebook.com\/lavillagardendesign\/"]}]}},"_links":{"self":[{"href":"https:\/\/www.lavillagardendesign.com\/fr\/wp-json\/wp\/v2\/product\/67982","targetHints":{"allow":["GET"]}}],"collection":[{"href":"https:\/\/www.lavillagardendesign.com\/fr\/wp-json\/wp\/v2\/product"}],"about":[{"href":"https:\/\/www.lavillagardendesign.com\/fr\/wp-json\/wp\/v2\/types\/product"}],"replies":[{"embeddable":true,"href":"https:\/\/www.lavillagardendesign.com\/fr\/wp-json\/wp\/v2\/comments?post=67982"}],"version-history":[{"count":0,"href":"https:\/\/www.lavillagardendesign.com\/fr\/wp-json\/wp\/v2\/product\/67982\/revisions"}],"wp:featuredmedia":[{"embeddable":true,"href":"https:\/\/www.lavillagardendesign.com\/fr\/wp-json\/wp\/v2\/media\/67969"}],"wp:attachment":[{"href":"https:\/\/www.lavillagardendesign.com\/fr\/wp-json\/wp\/v2\/media?parent=67982"}],"wp:term":[{"taxonomy":"product_brand","embeddable":true,"href":"https:\/\/www.lavillagardendesign.com\/fr\/wp-json\/wp\/v2\/product_brand?post=67982"},{"taxonomy":"product_cat","embeddable":true,"href":"https:\/\/www.lavillagardendesign.com\/fr\/wp-json\/wp\/v2\/product_cat?post=67982"},{"taxonomy":"product_tag","embeddable":true,"href":"https:\/\/www.lavillagardendesign.com\/fr\/wp-json\/wp\/v2\/product_tag?post=67982"}],"curies":[{"name":"wp","href":"https:\/\/api.w.org\/{rel}","templated":true}]}}