{"id":67666,"date":"2026-03-10T21:44:45","date_gmt":"2026-03-10T20:44:45","guid":{"rendered":"https:\/\/www.lavillagardendesign.com\/product\/vivian-moon-fauteuil-pivotant-avec-mecanisme-de-retour-a-linterieur\/"},"modified":"2026-03-10T21:44:45","modified_gmt":"2026-03-10T20:44:45","slug":"vivian-moon-fauteuil-pivotant-avec-mecanisme-de-retour-a-linterieur","status":"publish","type":"product","link":"https:\/\/www.lavillagardendesign.com\/fr\/product\/vivian-moon-fauteuil-pivotant-avec-mecanisme-de-retour-a-linterieur\/","title":{"rendered":"VIVIAN MOON &#8211; Fauteuil pivotant avec m\u00e9canisme de retour \u00e0 l&rsquo;int\u00e9rieur"},"content":{"rendered":"","protected":false},"excerpt":{"rendered":"<p>La chaise Vivian Moon red\u00e9finit l&rsquo;\u00e9l\u00e9gance fonctionnelle pour les int\u00e9rieurs les plus exigeants. Son design sophistiqu\u00e9 se caract\u00e9rise par une assise en contreplaqu\u00e9, minutieusement rembourr\u00e9e de mousse de polyur\u00e9thane pour garantir un confort sup\u00e9rieur. Le rev\u00eatement en polyester de haute qualit\u00e9 enveloppe une structure enveloppante qui repose sur une base pivotante \u00e0 360\u00b0 dot\u00e9e d&rsquo;un m\u00e9canisme de retour automatique avanc\u00e9. Ses pieds en acier, recouverts d&rsquo;un rev\u00eatement en poudre \u00e9poxy, offrent une durabilit\u00e9 exceptionnelle et une touche minimaliste, id\u00e9ale pour les salles \u00e0 manger de luxe ou les bureaux design.   <\/p>\n","protected":false},"featured_media":67731,"comment_status":"open","ping_status":"closed","template":"","meta":[],"product_brand":[4998],"product_cat":[5340,6674],"product_tag":[],"class_list":{"0":"post-67666","1":"product","2":"type-product","3":"status-publish","4":"has-post-thumbnail","6":"product_brand-la-villa","7":"product_cat-indoor-fr","8":"product_cat-chaises-dinterieur","10":"first","11":"instock","12":"taxable","13":"shipping-taxable","14":"purchasable","15":"product-type-simple"},"yoast_head":"<!-- This site is optimized with the Yoast SEO plugin v27.1.1 - https:\/\/yoast.com\/product\/yoast-seo-wordpress\/ -->\n<title>Vivian Moon Swivel Chair | Luxury Design &amp; Comfort | La Villa<\/title>\n<meta name=\"description\" content=\"D\u00e9couvrez la chaise Vivian Moon \u00e0 La Villa Garden &amp; Design. Une \u00e9l\u00e9gance pivotante \u00e0 360\u00b0 avec un m\u00e9canisme de retour et une finition haut de gamme. Une qualit\u00e9 exclusive pour votre int\u00e9rieur.\" \/>\n<meta name=\"robots\" content=\"index, follow, max-snippet:-1, max-image-preview:large, max-video-preview:-1\" \/>\n<link rel=\"canonical\" href=\"https:\/\/www.lavillagardendesign.com\/fr\/product\/vivian-moon-fauteuil-pivotant-avec-mecanisme-de-retour-a-linterieur\/\" \/>\n<meta property=\"og:locale\" content=\"fr_FR\" \/>\n<meta property=\"og:type\" content=\"article\" \/>\n<meta property=\"og:title\" content=\"Vivian Moon Swivel Chair | Luxury Design &amp; Comfort | La Villa\" \/>\n<meta property=\"og:description\" content=\"D\u00e9couvrez la chaise Vivian Moon \u00e0 La Villa Garden &amp; Design. Une \u00e9l\u00e9gance pivotante \u00e0 360\u00b0 avec un m\u00e9canisme de retour et une finition haut de gamme. Une qualit\u00e9 exclusive pour votre int\u00e9rieur.\" \/>\n<meta property=\"og:url\" content=\"https:\/\/www.lavillagardendesign.com\/fr\/product\/vivian-moon-fauteuil-pivotant-avec-mecanisme-de-retour-a-linterieur\/\" \/>\n<meta property=\"og:site_name\" content=\"La Villa Garden&amp;Design\" \/>\n<meta property=\"article:publisher\" content=\"https:\/\/www.facebook.com\/lavillagardendesign\/\" \/>\n<meta property=\"og:image\" content=\"https:\/\/www.lavillagardendesign.com\/wp-content\/uploads\/2026\/03\/4-43.png\" \/>\n\t<meta property=\"og:image:width\" content=\"700\" \/>\n\t<meta property=\"og:image:height\" content=\"800\" \/>\n\t<meta property=\"og:image:type\" content=\"image\/png\" \/>\n<meta name=\"twitter:card\" content=\"summary_large_image\" \/>\n<script type=\"application\/ld+json\" class=\"yoast-schema-graph\">{\"@context\":\"https:\/\/schema.org\",\"@graph\":[{\"@type\":\"WebPage\",\"@id\":\"https:\/\/www.lavillagardendesign.com\/fr\/product\/vivian-moon-fauteuil-pivotant-avec-mecanisme-de-retour-a-linterieur\/\",\"url\":\"https:\/\/www.lavillagardendesign.com\/fr\/product\/vivian-moon-fauteuil-pivotant-avec-mecanisme-de-retour-a-linterieur\/\",\"name\":\"Vivian Moon Swivel Chair | Luxury Design & Comfort | La Villa\",\"isPartOf\":{\"@id\":\"https:\/\/www.lavillagardendesign.com\/#website\"},\"primaryImageOfPage\":{\"@id\":\"https:\/\/www.lavillagardendesign.com\/fr\/product\/vivian-moon-fauteuil-pivotant-avec-mecanisme-de-retour-a-linterieur\/#primaryimage\"},\"image\":{\"@id\":\"https:\/\/www.lavillagardendesign.com\/fr\/product\/vivian-moon-fauteuil-pivotant-avec-mecanisme-de-retour-a-linterieur\/#primaryimage\"},\"thumbnailUrl\":\"https:\/\/www.lavillagardendesign.com\/wp-content\/uploads\/2026\/03\/3-58.png\",\"datePublished\":\"2026-03-10T20:44:45+00:00\",\"description\":\"D\u00e9couvrez la chaise Vivian Moon \u00e0 La Villa Garden & Design. Une \u00e9l\u00e9gance pivotante \u00e0 360\u00b0 avec un m\u00e9canisme de retour et une finition haut de gamme. Une qualit\u00e9 exclusive pour votre int\u00e9rieur.\",\"breadcrumb\":{\"@id\":\"https:\/\/www.lavillagardendesign.com\/fr\/product\/vivian-moon-fauteuil-pivotant-avec-mecanisme-de-retour-a-linterieur\/#breadcrumb\"},\"inLanguage\":\"fr-FR\",\"potentialAction\":[{\"@type\":\"ReadAction\",\"target\":[\"https:\/\/www.lavillagardendesign.com\/fr\/product\/vivian-moon-fauteuil-pivotant-avec-mecanisme-de-retour-a-linterieur\/\"]}]},{\"@type\":\"ImageObject\",\"inLanguage\":\"fr-FR\",\"@id\":\"https:\/\/www.lavillagardendesign.com\/fr\/product\/vivian-moon-fauteuil-pivotant-avec-mecanisme-de-retour-a-linterieur\/#primaryimage\",\"url\":\"https:\/\/www.lavillagardendesign.com\/wp-content\/uploads\/2026\/03\/3-58.png\",\"contentUrl\":\"https:\/\/www.lavillagardendesign.com\/wp-content\/uploads\/2026\/03\/3-58.png\",\"width\":700,\"height\":800},{\"@type\":\"BreadcrumbList\",\"@id\":\"https:\/\/www.lavillagardendesign.com\/fr\/product\/vivian-moon-fauteuil-pivotant-avec-mecanisme-de-retour-a-linterieur\/#breadcrumb\",\"itemListElement\":[{\"@type\":\"ListItem\",\"position\":1,\"name\":\"Home\",\"item\":\"https:\/\/www.lavillagardendesign.com\/\"},{\"@type\":\"ListItem\",\"position\":2,\"name\":\"Boutique\",\"item\":\"https:\/\/www.lavillagardendesign.com\/fr\/boutique\/\"},{\"@type\":\"ListItem\",\"position\":3,\"name\":\"VIVIAN MOON &#8211; Fauteuil pivotant avec m\u00e9canisme de retour \u00e0 l&rsquo;int\u00e9rieur\"}]},{\"@type\":\"WebSite\",\"@id\":\"https:\/\/www.lavillagardendesign.com\/#website\",\"url\":\"https:\/\/www.lavillagardendesign.com\/\",\"name\":\"La Villa Garden&Design\",\"description\":\"\",\"publisher\":{\"@id\":\"https:\/\/www.lavillagardendesign.com\/#organization\"},\"potentialAction\":[{\"@type\":\"SearchAction\",\"target\":{\"@type\":\"EntryPoint\",\"urlTemplate\":\"https:\/\/www.lavillagardendesign.com\/?s={search_term_string}\"},\"query-input\":{\"@type\":\"PropertyValueSpecification\",\"valueRequired\":true,\"valueName\":\"search_term_string\"}}],\"inLanguage\":\"fr-FR\"},{\"@type\":\"Organization\",\"@id\":\"https:\/\/www.lavillagardendesign.com\/#organization\",\"name\":\"La Villa Garden&Design\",\"url\":\"https:\/\/www.lavillagardendesign.com\/\",\"logo\":{\"@type\":\"ImageObject\",\"inLanguage\":\"fr-FR\",\"@id\":\"https:\/\/www.lavillagardendesign.com\/#\/schema\/logo\/image\/\",\"url\":\"https:\/\/www.lavillagardendesign.com\/wp-content\/uploads\/2024\/04\/logolavilla.png\",\"contentUrl\":\"https:\/\/www.lavillagardendesign.com\/wp-content\/uploads\/2024\/04\/logolavilla.png\",\"width\":682,\"height\":391,\"caption\":\"La Villa Garden&Design\"},\"image\":{\"@id\":\"https:\/\/www.lavillagardendesign.com\/#\/schema\/logo\/image\/\"},\"sameAs\":[\"https:\/\/www.facebook.com\/lavillagardendesign\/\"]}]}<\/script>\n<!-- \/ Yoast SEO plugin. -->","yoast_head_json":{"title":"Vivian Moon Swivel Chair | Luxury Design & Comfort | La Villa","description":"D\u00e9couvrez la chaise Vivian Moon \u00e0 La Villa Garden & Design. Une \u00e9l\u00e9gance pivotante \u00e0 360\u00b0 avec un m\u00e9canisme de retour et une finition haut de gamme. Une qualit\u00e9 exclusive pour votre int\u00e9rieur.","robots":{"index":"index","follow":"follow","max-snippet":"max-snippet:-1","max-image-preview":"max-image-preview:large","max-video-preview":"max-video-preview:-1"},"canonical":"https:\/\/www.lavillagardendesign.com\/fr\/product\/vivian-moon-fauteuil-pivotant-avec-mecanisme-de-retour-a-linterieur\/","og_locale":"fr_FR","og_type":"article","og_title":"Vivian Moon Swivel Chair | Luxury Design & Comfort | La Villa","og_description":"D\u00e9couvrez la chaise Vivian Moon \u00e0 La Villa Garden & Design. Une \u00e9l\u00e9gance pivotante \u00e0 360\u00b0 avec un m\u00e9canisme de retour et une finition haut de gamme. Une qualit\u00e9 exclusive pour votre int\u00e9rieur.","og_url":"https:\/\/www.lavillagardendesign.com\/fr\/product\/vivian-moon-fauteuil-pivotant-avec-mecanisme-de-retour-a-linterieur\/","og_site_name":"La Villa Garden&amp;Design","article_publisher":"https:\/\/www.facebook.com\/lavillagardendesign\/","og_image":[{"width":700,"height":800,"url":"https:\/\/www.lavillagardendesign.com\/wp-content\/uploads\/2026\/03\/4-43.png","type":"image\/png"}],"twitter_card":"summary_large_image","schema":{"@context":"https:\/\/schema.org","@graph":[{"@type":"WebPage","@id":"https:\/\/www.lavillagardendesign.com\/fr\/product\/vivian-moon-fauteuil-pivotant-avec-mecanisme-de-retour-a-linterieur\/","url":"https:\/\/www.lavillagardendesign.com\/fr\/product\/vivian-moon-fauteuil-pivotant-avec-mecanisme-de-retour-a-linterieur\/","name":"Vivian Moon Swivel Chair | Luxury Design & Comfort | La Villa","isPartOf":{"@id":"https:\/\/www.lavillagardendesign.com\/#website"},"primaryImageOfPage":{"@id":"https:\/\/www.lavillagardendesign.com\/fr\/product\/vivian-moon-fauteuil-pivotant-avec-mecanisme-de-retour-a-linterieur\/#primaryimage"},"image":{"@id":"https:\/\/www.lavillagardendesign.com\/fr\/product\/vivian-moon-fauteuil-pivotant-avec-mecanisme-de-retour-a-linterieur\/#primaryimage"},"thumbnailUrl":"https:\/\/www.lavillagardendesign.com\/wp-content\/uploads\/2026\/03\/3-58.png","datePublished":"2026-03-10T20:44:45+00:00","description":"D\u00e9couvrez la chaise Vivian Moon \u00e0 La Villa Garden & Design. Une \u00e9l\u00e9gance pivotante \u00e0 360\u00b0 avec un m\u00e9canisme de retour et une finition haut de gamme. Une qualit\u00e9 exclusive pour votre int\u00e9rieur.","breadcrumb":{"@id":"https:\/\/www.lavillagardendesign.com\/fr\/product\/vivian-moon-fauteuil-pivotant-avec-mecanisme-de-retour-a-linterieur\/#breadcrumb"},"inLanguage":"fr-FR","potentialAction":[{"@type":"ReadAction","target":["https:\/\/www.lavillagardendesign.com\/fr\/product\/vivian-moon-fauteuil-pivotant-avec-mecanisme-de-retour-a-linterieur\/"]}]},{"@type":"ImageObject","inLanguage":"fr-FR","@id":"https:\/\/www.lavillagardendesign.com\/fr\/product\/vivian-moon-fauteuil-pivotant-avec-mecanisme-de-retour-a-linterieur\/#primaryimage","url":"https:\/\/www.lavillagardendesign.com\/wp-content\/uploads\/2026\/03\/3-58.png","contentUrl":"https:\/\/www.lavillagardendesign.com\/wp-content\/uploads\/2026\/03\/3-58.png","width":700,"height":800},{"@type":"BreadcrumbList","@id":"https:\/\/www.lavillagardendesign.com\/fr\/product\/vivian-moon-fauteuil-pivotant-avec-mecanisme-de-retour-a-linterieur\/#breadcrumb","itemListElement":[{"@type":"ListItem","position":1,"name":"Home","item":"https:\/\/www.lavillagardendesign.com\/"},{"@type":"ListItem","position":2,"name":"Boutique","item":"https:\/\/www.lavillagardendesign.com\/fr\/boutique\/"},{"@type":"ListItem","position":3,"name":"VIVIAN MOON &#8211; Fauteuil pivotant avec m\u00e9canisme de retour \u00e0 l&rsquo;int\u00e9rieur"}]},{"@type":"WebSite","@id":"https:\/\/www.lavillagardendesign.com\/#website","url":"https:\/\/www.lavillagardendesign.com\/","name":"La Villa Garden&Design","description":"","publisher":{"@id":"https:\/\/www.lavillagardendesign.com\/#organization"},"potentialAction":[{"@type":"SearchAction","target":{"@type":"EntryPoint","urlTemplate":"https:\/\/www.lavillagardendesign.com\/?s={search_term_string}"},"query-input":{"@type":"PropertyValueSpecification","valueRequired":true,"valueName":"search_term_string"}}],"inLanguage":"fr-FR"},{"@type":"Organization","@id":"https:\/\/www.lavillagardendesign.com\/#organization","name":"La Villa Garden&Design","url":"https:\/\/www.lavillagardendesign.com\/","logo":{"@type":"ImageObject","inLanguage":"fr-FR","@id":"https:\/\/www.lavillagardendesign.com\/#\/schema\/logo\/image\/","url":"https:\/\/www.lavillagardendesign.com\/wp-content\/uploads\/2024\/04\/logolavilla.png","contentUrl":"https:\/\/www.lavillagardendesign.com\/wp-content\/uploads\/2024\/04\/logolavilla.png","width":682,"height":391,"caption":"La Villa Garden&Design"},"image":{"@id":"https:\/\/www.lavillagardendesign.com\/#\/schema\/logo\/image\/"},"sameAs":["https:\/\/www.facebook.com\/lavillagardendesign\/"]}]}},"_links":{"self":[{"href":"https:\/\/www.lavillagardendesign.com\/fr\/wp-json\/wp\/v2\/product\/67666","targetHints":{"allow":["GET"]}}],"collection":[{"href":"https:\/\/www.lavillagardendesign.com\/fr\/wp-json\/wp\/v2\/product"}],"about":[{"href":"https:\/\/www.lavillagardendesign.com\/fr\/wp-json\/wp\/v2\/types\/product"}],"replies":[{"embeddable":true,"href":"https:\/\/www.lavillagardendesign.com\/fr\/wp-json\/wp\/v2\/comments?post=67666"}],"version-history":[{"count":0,"href":"https:\/\/www.lavillagardendesign.com\/fr\/wp-json\/wp\/v2\/product\/67666\/revisions"}],"wp:featuredmedia":[{"embeddable":true,"href":"https:\/\/www.lavillagardendesign.com\/fr\/wp-json\/wp\/v2\/media\/67731"}],"wp:attachment":[{"href":"https:\/\/www.lavillagardendesign.com\/fr\/wp-json\/wp\/v2\/media?parent=67666"}],"wp:term":[{"taxonomy":"product_brand","embeddable":true,"href":"https:\/\/www.lavillagardendesign.com\/fr\/wp-json\/wp\/v2\/product_brand?post=67666"},{"taxonomy":"product_cat","embeddable":true,"href":"https:\/\/www.lavillagardendesign.com\/fr\/wp-json\/wp\/v2\/product_cat?post=67666"},{"taxonomy":"product_tag","embeddable":true,"href":"https:\/\/www.lavillagardendesign.com\/fr\/wp-json\/wp\/v2\/product_tag?post=67666"}],"curies":[{"name":"wp","href":"https:\/\/api.w.org\/{rel}","templated":true}]}}