{"id":67158,"date":"2026-03-06T18:33:48","date_gmt":"2026-03-06T17:33:48","guid":{"rendered":"https:\/\/www.lavillagardendesign.com\/product\/adan-jardiniere-design-multifonctionnelle\/"},"modified":"2026-03-19T13:03:06","modified_gmt":"2026-03-19T12:03:06","slug":"adan-jardiniere-design-multifonctionnelle","status":"publish","type":"product","link":"https:\/\/www.lavillagardendesign.com\/fr\/product\/adan-jardiniere-design-multifonctionnelle\/","title":{"rendered":"ADAN &#8211; Jardini\u00e8re design multifonctionnelle"},"content":{"rendered":"","protected":false},"excerpt":{"rendered":"<p>La collection ADAN, con\u00e7ue par Teresa Sapey, est une pi\u00e8ce ma\u00eetresse qui transcende la fonctionnalit\u00e9 pour devenir une sculpture architecturale. Son design, qui \u00e9voque les traits d&rsquo;un visage humain avec des lignes g\u00e9om\u00e9triques contemporaines, apporte une personnalit\u00e9 in\u00e9gal\u00e9e \u00e0 tout jardin ou terrasse de luxe. Fabriqu\u00e9 par injection de r\u00e9sine polycarbonate, il offre une r\u00e9sistance exceptionnelle aux chocs et aux conditions climatiques extr\u00eames tout en conservant une l\u00e9g\u00e8ret\u00e9 surprenante. Il s&rsquo;agit d&rsquo;une pi\u00e8ce 100% recyclable qui red\u00e9finit le concept d&rsquo;avant-garde en mati\u00e8re de mobilier d&rsquo;ext\u00e9rieur.   <\/p>\n","protected":false},"featured_media":66695,"comment_status":"open","ping_status":"closed","template":"","meta":[],"product_brand":[5000],"product_cat":[6832,2922,2927],"product_tag":[],"class_list":{"0":"post-67158","1":"product","2":"type-product","3":"status-publish","4":"has-post-thumbnail","6":"product_brand-vondom","7":"product_cat-outdoor-fr","8":"product_cat-accessoires","9":"product_cat-jardinieres","11":"first","12":"instock","13":"taxable","14":"shipping-taxable","15":"purchasable","16":"product-type-variable"},"yoast_head":"<!-- This site is optimized with the Yoast SEO plugin v27.1.1 - https:\/\/yoast.com\/product\/yoast-seo-wordpress\/ -->\n<title>ADAN Design Jardini\u00e8re | Sculpture d&#039;ext\u00e9rieur de luxe | La Villa Garden<\/title>\n<meta name=\"description\" content=\"D\u00e9couvrez la jardini\u00e8re ADAN chez La Villa Garden &amp; Design. Un design avant-gardiste en r\u00e9sine haute r\u00e9sistance, parfait pour les projets d&#039;am\u00e9nagement paysager exclusifs et les villas de luxe.\" \/>\n<meta name=\"robots\" content=\"index, follow, max-snippet:-1, max-image-preview:large, max-video-preview:-1\" \/>\n<link rel=\"canonical\" href=\"https:\/\/www.lavillagardendesign.com\/fr\/product\/adan-jardiniere-design-multifonctionnelle\/\" \/>\n<meta property=\"og:locale\" content=\"fr_FR\" \/>\n<meta property=\"og:type\" content=\"article\" \/>\n<meta property=\"og:title\" content=\"ADAN Design Jardini\u00e8re | Sculpture d&#039;ext\u00e9rieur de luxe | La Villa Garden\" \/>\n<meta property=\"og:description\" content=\"D\u00e9couvrez la jardini\u00e8re ADAN chez La Villa Garden &amp; Design. Un design avant-gardiste en r\u00e9sine haute r\u00e9sistance, parfait pour les projets d&#039;am\u00e9nagement paysager exclusifs et les villas de luxe.\" \/>\n<meta property=\"og:url\" content=\"https:\/\/www.lavillagardendesign.com\/fr\/product\/adan-jardiniere-design-multifonctionnelle\/\" \/>\n<meta property=\"og:site_name\" content=\"La Villa Garden&amp;Design\" \/>\n<meta property=\"article:publisher\" content=\"https:\/\/www.facebook.com\/lavillagardendesign\/\" \/>\n<meta property=\"article:modified_time\" content=\"2026-03-19T12:03:06+00:00\" \/>\n<meta property=\"og:image\" content=\"https:\/\/www.lavillagardendesign.com\/wp-content\/uploads\/2026\/03\/2-36.png\" \/>\n\t<meta property=\"og:image:width\" content=\"700\" \/>\n\t<meta property=\"og:image:height\" content=\"800\" \/>\n\t<meta property=\"og:image:type\" content=\"image\/png\" \/>\n<meta name=\"twitter:card\" content=\"summary_large_image\" \/>\n<script type=\"application\/ld+json\" class=\"yoast-schema-graph\">{\"@context\":\"https:\/\/schema.org\",\"@graph\":[{\"@type\":\"WebPage\",\"@id\":\"https:\/\/www.lavillagardendesign.com\/fr\/product\/adan-jardiniere-design-multifonctionnelle\/\",\"url\":\"https:\/\/www.lavillagardendesign.com\/fr\/product\/adan-jardiniere-design-multifonctionnelle\/\",\"name\":\"ADAN Design Jardini\u00e8re | Sculpture d'ext\u00e9rieur de luxe | La Villa Garden\",\"isPartOf\":{\"@id\":\"https:\/\/www.lavillagardendesign.com\/#website\"},\"primaryImageOfPage\":{\"@id\":\"https:\/\/www.lavillagardendesign.com\/fr\/product\/adan-jardiniere-design-multifonctionnelle\/#primaryimage\"},\"image\":{\"@id\":\"https:\/\/www.lavillagardendesign.com\/fr\/product\/adan-jardiniere-design-multifonctionnelle\/#primaryimage\"},\"thumbnailUrl\":\"https:\/\/www.lavillagardendesign.com\/wp-content\/uploads\/2026\/03\/2-36.png\",\"datePublished\":\"2026-03-06T17:33:48+00:00\",\"dateModified\":\"2026-03-19T12:03:06+00:00\",\"description\":\"D\u00e9couvrez la jardini\u00e8re ADAN chez La Villa Garden & Design. Un design avant-gardiste en r\u00e9sine haute r\u00e9sistance, parfait pour les projets d'am\u00e9nagement paysager exclusifs et les villas de luxe.\",\"breadcrumb\":{\"@id\":\"https:\/\/www.lavillagardendesign.com\/fr\/product\/adan-jardiniere-design-multifonctionnelle\/#breadcrumb\"},\"inLanguage\":\"fr-FR\",\"potentialAction\":[{\"@type\":\"ReadAction\",\"target\":[\"https:\/\/www.lavillagardendesign.com\/fr\/product\/adan-jardiniere-design-multifonctionnelle\/\"]}]},{\"@type\":\"ImageObject\",\"inLanguage\":\"fr-FR\",\"@id\":\"https:\/\/www.lavillagardendesign.com\/fr\/product\/adan-jardiniere-design-multifonctionnelle\/#primaryimage\",\"url\":\"https:\/\/www.lavillagardendesign.com\/wp-content\/uploads\/2026\/03\/2-36.png\",\"contentUrl\":\"https:\/\/www.lavillagardendesign.com\/wp-content\/uploads\/2026\/03\/2-36.png\",\"width\":700,\"height\":800},{\"@type\":\"BreadcrumbList\",\"@id\":\"https:\/\/www.lavillagardendesign.com\/fr\/product\/adan-jardiniere-design-multifonctionnelle\/#breadcrumb\",\"itemListElement\":[{\"@type\":\"ListItem\",\"position\":1,\"name\":\"Home\",\"item\":\"https:\/\/www.lavillagardendesign.com\/\"},{\"@type\":\"ListItem\",\"position\":2,\"name\":\"Boutique\",\"item\":\"https:\/\/www.lavillagardendesign.com\/fr\/boutique\/\"},{\"@type\":\"ListItem\",\"position\":3,\"name\":\"ADAN &#8211; Jardini\u00e8re design multifonctionnelle\"}]},{\"@type\":\"WebSite\",\"@id\":\"https:\/\/www.lavillagardendesign.com\/#website\",\"url\":\"https:\/\/www.lavillagardendesign.com\/\",\"name\":\"La Villa Garden&Design\",\"description\":\"\",\"publisher\":{\"@id\":\"https:\/\/www.lavillagardendesign.com\/#organization\"},\"potentialAction\":[{\"@type\":\"SearchAction\",\"target\":{\"@type\":\"EntryPoint\",\"urlTemplate\":\"https:\/\/www.lavillagardendesign.com\/?s={search_term_string}\"},\"query-input\":{\"@type\":\"PropertyValueSpecification\",\"valueRequired\":true,\"valueName\":\"search_term_string\"}}],\"inLanguage\":\"fr-FR\"},{\"@type\":\"Organization\",\"@id\":\"https:\/\/www.lavillagardendesign.com\/#organization\",\"name\":\"La Villa Garden&Design\",\"url\":\"https:\/\/www.lavillagardendesign.com\/\",\"logo\":{\"@type\":\"ImageObject\",\"inLanguage\":\"fr-FR\",\"@id\":\"https:\/\/www.lavillagardendesign.com\/#\/schema\/logo\/image\/\",\"url\":\"https:\/\/www.lavillagardendesign.com\/wp-content\/uploads\/2024\/04\/logolavilla.png\",\"contentUrl\":\"https:\/\/www.lavillagardendesign.com\/wp-content\/uploads\/2024\/04\/logolavilla.png\",\"width\":682,\"height\":391,\"caption\":\"La Villa Garden&Design\"},\"image\":{\"@id\":\"https:\/\/www.lavillagardendesign.com\/#\/schema\/logo\/image\/\"},\"sameAs\":[\"https:\/\/www.facebook.com\/lavillagardendesign\/\"]}]}<\/script>\n<!-- \/ Yoast SEO plugin. -->","yoast_head_json":{"title":"ADAN Design Jardini\u00e8re | Sculpture d'ext\u00e9rieur de luxe | La Villa Garden","description":"D\u00e9couvrez la jardini\u00e8re ADAN chez La Villa Garden & Design. Un design avant-gardiste en r\u00e9sine haute r\u00e9sistance, parfait pour les projets d'am\u00e9nagement paysager exclusifs et les villas de luxe.","robots":{"index":"index","follow":"follow","max-snippet":"max-snippet:-1","max-image-preview":"max-image-preview:large","max-video-preview":"max-video-preview:-1"},"canonical":"https:\/\/www.lavillagardendesign.com\/fr\/product\/adan-jardiniere-design-multifonctionnelle\/","og_locale":"fr_FR","og_type":"article","og_title":"ADAN Design Jardini\u00e8re | Sculpture d'ext\u00e9rieur de luxe | La Villa Garden","og_description":"D\u00e9couvrez la jardini\u00e8re ADAN chez La Villa Garden & Design. Un design avant-gardiste en r\u00e9sine haute r\u00e9sistance, parfait pour les projets d'am\u00e9nagement paysager exclusifs et les villas de luxe.","og_url":"https:\/\/www.lavillagardendesign.com\/fr\/product\/adan-jardiniere-design-multifonctionnelle\/","og_site_name":"La Villa Garden&amp;Design","article_publisher":"https:\/\/www.facebook.com\/lavillagardendesign\/","article_modified_time":"2026-03-19T12:03:06+00:00","og_image":[{"width":700,"height":800,"url":"https:\/\/www.lavillagardendesign.com\/wp-content\/uploads\/2026\/03\/2-36.png","type":"image\/png"}],"twitter_card":"summary_large_image","schema":{"@context":"https:\/\/schema.org","@graph":[{"@type":"WebPage","@id":"https:\/\/www.lavillagardendesign.com\/fr\/product\/adan-jardiniere-design-multifonctionnelle\/","url":"https:\/\/www.lavillagardendesign.com\/fr\/product\/adan-jardiniere-design-multifonctionnelle\/","name":"ADAN Design Jardini\u00e8re | Sculpture d'ext\u00e9rieur de luxe | La Villa Garden","isPartOf":{"@id":"https:\/\/www.lavillagardendesign.com\/#website"},"primaryImageOfPage":{"@id":"https:\/\/www.lavillagardendesign.com\/fr\/product\/adan-jardiniere-design-multifonctionnelle\/#primaryimage"},"image":{"@id":"https:\/\/www.lavillagardendesign.com\/fr\/product\/adan-jardiniere-design-multifonctionnelle\/#primaryimage"},"thumbnailUrl":"https:\/\/www.lavillagardendesign.com\/wp-content\/uploads\/2026\/03\/2-36.png","datePublished":"2026-03-06T17:33:48+00:00","dateModified":"2026-03-19T12:03:06+00:00","description":"D\u00e9couvrez la jardini\u00e8re ADAN chez La Villa Garden & Design. Un design avant-gardiste en r\u00e9sine haute r\u00e9sistance, parfait pour les projets d'am\u00e9nagement paysager exclusifs et les villas de luxe.","breadcrumb":{"@id":"https:\/\/www.lavillagardendesign.com\/fr\/product\/adan-jardiniere-design-multifonctionnelle\/#breadcrumb"},"inLanguage":"fr-FR","potentialAction":[{"@type":"ReadAction","target":["https:\/\/www.lavillagardendesign.com\/fr\/product\/adan-jardiniere-design-multifonctionnelle\/"]}]},{"@type":"ImageObject","inLanguage":"fr-FR","@id":"https:\/\/www.lavillagardendesign.com\/fr\/product\/adan-jardiniere-design-multifonctionnelle\/#primaryimage","url":"https:\/\/www.lavillagardendesign.com\/wp-content\/uploads\/2026\/03\/2-36.png","contentUrl":"https:\/\/www.lavillagardendesign.com\/wp-content\/uploads\/2026\/03\/2-36.png","width":700,"height":800},{"@type":"BreadcrumbList","@id":"https:\/\/www.lavillagardendesign.com\/fr\/product\/adan-jardiniere-design-multifonctionnelle\/#breadcrumb","itemListElement":[{"@type":"ListItem","position":1,"name":"Home","item":"https:\/\/www.lavillagardendesign.com\/"},{"@type":"ListItem","position":2,"name":"Boutique","item":"https:\/\/www.lavillagardendesign.com\/fr\/boutique\/"},{"@type":"ListItem","position":3,"name":"ADAN &#8211; Jardini\u00e8re design multifonctionnelle"}]},{"@type":"WebSite","@id":"https:\/\/www.lavillagardendesign.com\/#website","url":"https:\/\/www.lavillagardendesign.com\/","name":"La Villa Garden&Design","description":"","publisher":{"@id":"https:\/\/www.lavillagardendesign.com\/#organization"},"potentialAction":[{"@type":"SearchAction","target":{"@type":"EntryPoint","urlTemplate":"https:\/\/www.lavillagardendesign.com\/?s={search_term_string}"},"query-input":{"@type":"PropertyValueSpecification","valueRequired":true,"valueName":"search_term_string"}}],"inLanguage":"fr-FR"},{"@type":"Organization","@id":"https:\/\/www.lavillagardendesign.com\/#organization","name":"La Villa Garden&Design","url":"https:\/\/www.lavillagardendesign.com\/","logo":{"@type":"ImageObject","inLanguage":"fr-FR","@id":"https:\/\/www.lavillagardendesign.com\/#\/schema\/logo\/image\/","url":"https:\/\/www.lavillagardendesign.com\/wp-content\/uploads\/2024\/04\/logolavilla.png","contentUrl":"https:\/\/www.lavillagardendesign.com\/wp-content\/uploads\/2024\/04\/logolavilla.png","width":682,"height":391,"caption":"La Villa Garden&Design"},"image":{"@id":"https:\/\/www.lavillagardendesign.com\/#\/schema\/logo\/image\/"},"sameAs":["https:\/\/www.facebook.com\/lavillagardendesign\/"]}]}},"_links":{"self":[{"href":"https:\/\/www.lavillagardendesign.com\/fr\/wp-json\/wp\/v2\/product\/67158","targetHints":{"allow":["GET"]}}],"collection":[{"href":"https:\/\/www.lavillagardendesign.com\/fr\/wp-json\/wp\/v2\/product"}],"about":[{"href":"https:\/\/www.lavillagardendesign.com\/fr\/wp-json\/wp\/v2\/types\/product"}],"replies":[{"embeddable":true,"href":"https:\/\/www.lavillagardendesign.com\/fr\/wp-json\/wp\/v2\/comments?post=67158"}],"version-history":[{"count":1,"href":"https:\/\/www.lavillagardendesign.com\/fr\/wp-json\/wp\/v2\/product\/67158\/revisions"}],"predecessor-version":[{"id":67944,"href":"https:\/\/www.lavillagardendesign.com\/fr\/wp-json\/wp\/v2\/product\/67158\/revisions\/67944"}],"wp:featuredmedia":[{"embeddable":true,"href":"https:\/\/www.lavillagardendesign.com\/fr\/wp-json\/wp\/v2\/media\/66695"}],"wp:attachment":[{"href":"https:\/\/www.lavillagardendesign.com\/fr\/wp-json\/wp\/v2\/media?parent=67158"}],"wp:term":[{"taxonomy":"product_brand","embeddable":true,"href":"https:\/\/www.lavillagardendesign.com\/fr\/wp-json\/wp\/v2\/product_brand?post=67158"},{"taxonomy":"product_cat","embeddable":true,"href":"https:\/\/www.lavillagardendesign.com\/fr\/wp-json\/wp\/v2\/product_cat?post=67158"},{"taxonomy":"product_tag","embeddable":true,"href":"https:\/\/www.lavillagardendesign.com\/fr\/wp-json\/wp\/v2\/product_tag?post=67158"}],"curies":[{"name":"wp","href":"https:\/\/api.w.org\/{rel}","templated":true}]}}