{"id":67152,"date":"2026-03-06T18:33:49","date_gmt":"2026-03-06T17:33:49","guid":{"rendered":"https:\/\/www.lavillagardendesign.com\/product\/ulm-chaise-longue-ergonomique-dexterieur\/"},"modified":"2026-03-06T18:33:49","modified_gmt":"2026-03-06T17:33:49","slug":"ulm-chaise-longue-ergonomique-dexterieur","status":"publish","type":"product","link":"https:\/\/www.lavillagardendesign.com\/fr\/product\/ulm-chaise-longue-ergonomique-dexterieur\/","title":{"rendered":"ULM &#8211; Chaise longue ergonomique d&rsquo;ext\u00e9rieur"},"content":{"rendered":"","protected":false},"excerpt":{"rendered":"<p>Le fauteuil ULM, con\u00e7u par le c\u00e9l\u00e8bre architecte Ram\u00f3n Esteve, est la synth\u00e8se parfaite entre volume et confort. Sa structure circulaire, inspir\u00e9e des formes organiques et du minimalisme contemporain, invite \u00e0 la d\u00e9tente dans les environnements les plus exclusifs. Fabriqu\u00e9e par rotomoulage en r\u00e9sine de poly\u00e9thyl\u00e8ne haute densit\u00e9, cette pi\u00e8ce est totalement r\u00e9sistante aux rayons UV et aux conditions climatiques difficiles, ce qui la rend id\u00e9ale pour les int\u00e9rieurs sophistiqu\u00e9s et les terrasses haut de gamme. Un design 100 % recyclable qui allie durabilit\u00e9 et esth\u00e9tique m\u00e9diterran\u00e9enne.   <\/p>\n","protected":false},"featured_media":66639,"comment_status":"open","ping_status":"closed","template":"","meta":[],"product_brand":[5000],"product_cat":[6832,2935,2936],"product_tag":[],"class_list":{"0":"post-67152","1":"product","2":"type-product","3":"status-publish","4":"has-post-thumbnail","6":"product_brand-vondom","7":"product_cat-outdoor-fr","8":"product_cat-canapes-fauteuils","9":"product_cat-fauteuils","11":"first","12":"instock","13":"taxable","14":"shipping-taxable","15":"purchasable","16":"product-type-variable"},"yoast_head":"<!-- This site is optimized with the Yoast SEO plugin v27.1.1 - https:\/\/yoast.com\/product\/yoast-seo-wordpress\/ -->\n<title>Chaise longue d&#039;ext\u00e9rieur ULM | Luxury Design by Ram\u00f3n Esteve | La Villa<\/title>\n<meta name=\"description\" content=\"D\u00e9couvrez le fauteuil design ULM chez La Villa Garden &amp; Design. Ergonomie, exclusivit\u00e9 et r\u00e9sistance pour les villas de luxe et les projets d&#039;am\u00e9nagement int\u00e9rieur haut de gamme.\" \/>\n<meta name=\"robots\" content=\"index, follow, max-snippet:-1, max-image-preview:large, max-video-preview:-1\" \/>\n<link rel=\"canonical\" href=\"https:\/\/www.lavillagardendesign.com\/fr\/product\/ulm-chaise-longue-ergonomique-dexterieur\/\" \/>\n<meta property=\"og:locale\" content=\"fr_FR\" \/>\n<meta property=\"og:type\" content=\"article\" \/>\n<meta property=\"og:title\" content=\"Chaise longue d&#039;ext\u00e9rieur ULM | Luxury Design by Ram\u00f3n Esteve | La Villa\" \/>\n<meta property=\"og:description\" content=\"D\u00e9couvrez le fauteuil design ULM chez La Villa Garden &amp; Design. Ergonomie, exclusivit\u00e9 et r\u00e9sistance pour les villas de luxe et les projets d&#039;am\u00e9nagement int\u00e9rieur haut de gamme.\" \/>\n<meta property=\"og:url\" content=\"https:\/\/www.lavillagardendesign.com\/fr\/product\/ulm-chaise-longue-ergonomique-dexterieur\/\" \/>\n<meta property=\"og:site_name\" content=\"La Villa Garden&amp;Design\" \/>\n<meta property=\"article:publisher\" content=\"https:\/\/www.facebook.com\/lavillagardendesign\/\" \/>\n<meta property=\"og:image\" content=\"https:\/\/www.lavillagardendesign.com\/wp-content\/uploads\/2026\/03\/2-35.png\" \/>\n\t<meta property=\"og:image:width\" content=\"700\" \/>\n\t<meta property=\"og:image:height\" content=\"800\" \/>\n\t<meta property=\"og:image:type\" content=\"image\/png\" \/>\n<meta name=\"twitter:card\" content=\"summary_large_image\" \/>\n<script type=\"application\/ld+json\" class=\"yoast-schema-graph\">{\"@context\":\"https:\/\/schema.org\",\"@graph\":[{\"@type\":\"WebPage\",\"@id\":\"https:\/\/www.lavillagardendesign.com\/fr\/product\/ulm-chaise-longue-ergonomique-dexterieur\/\",\"url\":\"https:\/\/www.lavillagardendesign.com\/fr\/product\/ulm-chaise-longue-ergonomique-dexterieur\/\",\"name\":\"Chaise longue d'ext\u00e9rieur ULM | Luxury Design by Ram\u00f3n Esteve | La Villa\",\"isPartOf\":{\"@id\":\"https:\/\/www.lavillagardendesign.com\/#website\"},\"primaryImageOfPage\":{\"@id\":\"https:\/\/www.lavillagardendesign.com\/fr\/product\/ulm-chaise-longue-ergonomique-dexterieur\/#primaryimage\"},\"image\":{\"@id\":\"https:\/\/www.lavillagardendesign.com\/fr\/product\/ulm-chaise-longue-ergonomique-dexterieur\/#primaryimage\"},\"thumbnailUrl\":\"https:\/\/www.lavillagardendesign.com\/wp-content\/uploads\/2026\/03\/2-35.png\",\"datePublished\":\"2026-03-06T17:33:49+00:00\",\"description\":\"D\u00e9couvrez le fauteuil design ULM chez La Villa Garden & Design. Ergonomie, exclusivit\u00e9 et r\u00e9sistance pour les villas de luxe et les projets d'am\u00e9nagement int\u00e9rieur haut de gamme.\",\"breadcrumb\":{\"@id\":\"https:\/\/www.lavillagardendesign.com\/fr\/product\/ulm-chaise-longue-ergonomique-dexterieur\/#breadcrumb\"},\"inLanguage\":\"fr-FR\",\"potentialAction\":[{\"@type\":\"ReadAction\",\"target\":[\"https:\/\/www.lavillagardendesign.com\/fr\/product\/ulm-chaise-longue-ergonomique-dexterieur\/\"]}]},{\"@type\":\"ImageObject\",\"inLanguage\":\"fr-FR\",\"@id\":\"https:\/\/www.lavillagardendesign.com\/fr\/product\/ulm-chaise-longue-ergonomique-dexterieur\/#primaryimage\",\"url\":\"https:\/\/www.lavillagardendesign.com\/wp-content\/uploads\/2026\/03\/2-35.png\",\"contentUrl\":\"https:\/\/www.lavillagardendesign.com\/wp-content\/uploads\/2026\/03\/2-35.png\",\"width\":700,\"height\":800},{\"@type\":\"BreadcrumbList\",\"@id\":\"https:\/\/www.lavillagardendesign.com\/fr\/product\/ulm-chaise-longue-ergonomique-dexterieur\/#breadcrumb\",\"itemListElement\":[{\"@type\":\"ListItem\",\"position\":1,\"name\":\"Home\",\"item\":\"https:\/\/www.lavillagardendesign.com\/\"},{\"@type\":\"ListItem\",\"position\":2,\"name\":\"Boutique\",\"item\":\"https:\/\/www.lavillagardendesign.com\/fr\/boutique\/\"},{\"@type\":\"ListItem\",\"position\":3,\"name\":\"ULM &#8211; Chaise longue ergonomique d&#8217;ext\u00e9rieur\"}]},{\"@type\":\"WebSite\",\"@id\":\"https:\/\/www.lavillagardendesign.com\/#website\",\"url\":\"https:\/\/www.lavillagardendesign.com\/\",\"name\":\"La Villa Garden&Design\",\"description\":\"\",\"publisher\":{\"@id\":\"https:\/\/www.lavillagardendesign.com\/#organization\"},\"potentialAction\":[{\"@type\":\"SearchAction\",\"target\":{\"@type\":\"EntryPoint\",\"urlTemplate\":\"https:\/\/www.lavillagardendesign.com\/?s={search_term_string}\"},\"query-input\":{\"@type\":\"PropertyValueSpecification\",\"valueRequired\":true,\"valueName\":\"search_term_string\"}}],\"inLanguage\":\"fr-FR\"},{\"@type\":\"Organization\",\"@id\":\"https:\/\/www.lavillagardendesign.com\/#organization\",\"name\":\"La Villa Garden&Design\",\"url\":\"https:\/\/www.lavillagardendesign.com\/\",\"logo\":{\"@type\":\"ImageObject\",\"inLanguage\":\"fr-FR\",\"@id\":\"https:\/\/www.lavillagardendesign.com\/#\/schema\/logo\/image\/\",\"url\":\"https:\/\/www.lavillagardendesign.com\/wp-content\/uploads\/2024\/04\/logolavilla.png\",\"contentUrl\":\"https:\/\/www.lavillagardendesign.com\/wp-content\/uploads\/2024\/04\/logolavilla.png\",\"width\":682,\"height\":391,\"caption\":\"La Villa Garden&Design\"},\"image\":{\"@id\":\"https:\/\/www.lavillagardendesign.com\/#\/schema\/logo\/image\/\"},\"sameAs\":[\"https:\/\/www.facebook.com\/lavillagardendesign\/\"]}]}<\/script>\n<!-- \/ Yoast SEO plugin. -->","yoast_head_json":{"title":"Chaise longue d'ext\u00e9rieur ULM | Luxury Design by Ram\u00f3n Esteve | La Villa","description":"D\u00e9couvrez le fauteuil design ULM chez La Villa Garden & Design. Ergonomie, exclusivit\u00e9 et r\u00e9sistance pour les villas de luxe et les projets d'am\u00e9nagement int\u00e9rieur haut de gamme.","robots":{"index":"index","follow":"follow","max-snippet":"max-snippet:-1","max-image-preview":"max-image-preview:large","max-video-preview":"max-video-preview:-1"},"canonical":"https:\/\/www.lavillagardendesign.com\/fr\/product\/ulm-chaise-longue-ergonomique-dexterieur\/","og_locale":"fr_FR","og_type":"article","og_title":"Chaise longue d'ext\u00e9rieur ULM | Luxury Design by Ram\u00f3n Esteve | La Villa","og_description":"D\u00e9couvrez le fauteuil design ULM chez La Villa Garden & Design. Ergonomie, exclusivit\u00e9 et r\u00e9sistance pour les villas de luxe et les projets d'am\u00e9nagement int\u00e9rieur haut de gamme.","og_url":"https:\/\/www.lavillagardendesign.com\/fr\/product\/ulm-chaise-longue-ergonomique-dexterieur\/","og_site_name":"La Villa Garden&amp;Design","article_publisher":"https:\/\/www.facebook.com\/lavillagardendesign\/","og_image":[{"width":700,"height":800,"url":"https:\/\/www.lavillagardendesign.com\/wp-content\/uploads\/2026\/03\/2-35.png","type":"image\/png"}],"twitter_card":"summary_large_image","schema":{"@context":"https:\/\/schema.org","@graph":[{"@type":"WebPage","@id":"https:\/\/www.lavillagardendesign.com\/fr\/product\/ulm-chaise-longue-ergonomique-dexterieur\/","url":"https:\/\/www.lavillagardendesign.com\/fr\/product\/ulm-chaise-longue-ergonomique-dexterieur\/","name":"Chaise longue d'ext\u00e9rieur ULM | Luxury Design by Ram\u00f3n Esteve | La Villa","isPartOf":{"@id":"https:\/\/www.lavillagardendesign.com\/#website"},"primaryImageOfPage":{"@id":"https:\/\/www.lavillagardendesign.com\/fr\/product\/ulm-chaise-longue-ergonomique-dexterieur\/#primaryimage"},"image":{"@id":"https:\/\/www.lavillagardendesign.com\/fr\/product\/ulm-chaise-longue-ergonomique-dexterieur\/#primaryimage"},"thumbnailUrl":"https:\/\/www.lavillagardendesign.com\/wp-content\/uploads\/2026\/03\/2-35.png","datePublished":"2026-03-06T17:33:49+00:00","description":"D\u00e9couvrez le fauteuil design ULM chez La Villa Garden & Design. Ergonomie, exclusivit\u00e9 et r\u00e9sistance pour les villas de luxe et les projets d'am\u00e9nagement int\u00e9rieur haut de gamme.","breadcrumb":{"@id":"https:\/\/www.lavillagardendesign.com\/fr\/product\/ulm-chaise-longue-ergonomique-dexterieur\/#breadcrumb"},"inLanguage":"fr-FR","potentialAction":[{"@type":"ReadAction","target":["https:\/\/www.lavillagardendesign.com\/fr\/product\/ulm-chaise-longue-ergonomique-dexterieur\/"]}]},{"@type":"ImageObject","inLanguage":"fr-FR","@id":"https:\/\/www.lavillagardendesign.com\/fr\/product\/ulm-chaise-longue-ergonomique-dexterieur\/#primaryimage","url":"https:\/\/www.lavillagardendesign.com\/wp-content\/uploads\/2026\/03\/2-35.png","contentUrl":"https:\/\/www.lavillagardendesign.com\/wp-content\/uploads\/2026\/03\/2-35.png","width":700,"height":800},{"@type":"BreadcrumbList","@id":"https:\/\/www.lavillagardendesign.com\/fr\/product\/ulm-chaise-longue-ergonomique-dexterieur\/#breadcrumb","itemListElement":[{"@type":"ListItem","position":1,"name":"Home","item":"https:\/\/www.lavillagardendesign.com\/"},{"@type":"ListItem","position":2,"name":"Boutique","item":"https:\/\/www.lavillagardendesign.com\/fr\/boutique\/"},{"@type":"ListItem","position":3,"name":"ULM &#8211; Chaise longue ergonomique d&#8217;ext\u00e9rieur"}]},{"@type":"WebSite","@id":"https:\/\/www.lavillagardendesign.com\/#website","url":"https:\/\/www.lavillagardendesign.com\/","name":"La Villa Garden&Design","description":"","publisher":{"@id":"https:\/\/www.lavillagardendesign.com\/#organization"},"potentialAction":[{"@type":"SearchAction","target":{"@type":"EntryPoint","urlTemplate":"https:\/\/www.lavillagardendesign.com\/?s={search_term_string}"},"query-input":{"@type":"PropertyValueSpecification","valueRequired":true,"valueName":"search_term_string"}}],"inLanguage":"fr-FR"},{"@type":"Organization","@id":"https:\/\/www.lavillagardendesign.com\/#organization","name":"La Villa Garden&Design","url":"https:\/\/www.lavillagardendesign.com\/","logo":{"@type":"ImageObject","inLanguage":"fr-FR","@id":"https:\/\/www.lavillagardendesign.com\/#\/schema\/logo\/image\/","url":"https:\/\/www.lavillagardendesign.com\/wp-content\/uploads\/2024\/04\/logolavilla.png","contentUrl":"https:\/\/www.lavillagardendesign.com\/wp-content\/uploads\/2024\/04\/logolavilla.png","width":682,"height":391,"caption":"La Villa Garden&Design"},"image":{"@id":"https:\/\/www.lavillagardendesign.com\/#\/schema\/logo\/image\/"},"sameAs":["https:\/\/www.facebook.com\/lavillagardendesign\/"]}]}},"_links":{"self":[{"href":"https:\/\/www.lavillagardendesign.com\/fr\/wp-json\/wp\/v2\/product\/67152","targetHints":{"allow":["GET"]}}],"collection":[{"href":"https:\/\/www.lavillagardendesign.com\/fr\/wp-json\/wp\/v2\/product"}],"about":[{"href":"https:\/\/www.lavillagardendesign.com\/fr\/wp-json\/wp\/v2\/types\/product"}],"replies":[{"embeddable":true,"href":"https:\/\/www.lavillagardendesign.com\/fr\/wp-json\/wp\/v2\/comments?post=67152"}],"version-history":[{"count":0,"href":"https:\/\/www.lavillagardendesign.com\/fr\/wp-json\/wp\/v2\/product\/67152\/revisions"}],"wp:featuredmedia":[{"embeddable":true,"href":"https:\/\/www.lavillagardendesign.com\/fr\/wp-json\/wp\/v2\/media\/66639"}],"wp:attachment":[{"href":"https:\/\/www.lavillagardendesign.com\/fr\/wp-json\/wp\/v2\/media?parent=67152"}],"wp:term":[{"taxonomy":"product_brand","embeddable":true,"href":"https:\/\/www.lavillagardendesign.com\/fr\/wp-json\/wp\/v2\/product_brand?post=67152"},{"taxonomy":"product_cat","embeddable":true,"href":"https:\/\/www.lavillagardendesign.com\/fr\/wp-json\/wp\/v2\/product_cat?post=67152"},{"taxonomy":"product_tag","embeddable":true,"href":"https:\/\/www.lavillagardendesign.com\/fr\/wp-json\/wp\/v2\/product_tag?post=67152"}],"curies":[{"name":"wp","href":"https:\/\/api.w.org\/{rel}","templated":true}]}}