{"id":67096,"date":"2026-02-26T20:55:41","date_gmt":"2026-02-26T19:55:41","guid":{"rendered":"https:\/\/www.lavillagardendesign.com\/product\/faz-bar-central-dexterieur-avec-seau-a-glace\/"},"modified":"2026-03-07T17:59:48","modified_gmt":"2026-03-07T16:59:48","slug":"faz-bar-central-dexterieur-avec-seau-a-glace","status":"publish","type":"product","link":"https:\/\/www.lavillagardendesign.com\/fr\/product\/faz-bar-central-dexterieur-avec-seau-a-glace\/","title":{"rendered":"FAZ &#8211; Bar central d&rsquo;ext\u00e9rieur avec seau \u00e0 glace"},"content":{"rendered":"","protected":false},"excerpt":{"rendered":"<p>Transformez votre terrasse en \u00e9picentre du luxe avec le bar central FAZ, une pi\u00e8ce qui allie design architectural et fonctionnalit\u00e9 sup\u00e9rieure. Ce module, cr\u00e9\u00e9 par Ram\u00f3n Esteve, est dot\u00e9 d&rsquo;un seau \u00e0 glace int\u00e9gr\u00e9 qui permet d&rsquo;offrir un service haut de gamme lors d&rsquo;\u00e9v\u00e9nements priv\u00e9s ou dans des espaces commerciaux. Son design facett\u00e9, inspir\u00e9 des sculptures min\u00e9rales, offre une pr\u00e9sence sculpturale in\u00e9gal\u00e9e dans les villas et les centres de vill\u00e9giature exclusifs.  <\/p>\n","protected":false},"featured_media":66759,"comment_status":"open","ping_status":"closed","template":"","meta":[],"product_brand":[5000],"product_cat":[6832,2944,2947],"product_tag":[],"class_list":{"0":"post-67096","1":"product","2":"type-product","3":"status-publish","4":"has-post-thumbnail","6":"product_brand-vondom","7":"product_cat-outdoor-fr","8":"product_cat-tables-fr","9":"product_cat-tables-hautes-bars","11":"first","12":"instock","13":"taxable","14":"shipping-taxable","15":"purchasable","16":"product-type-variable"},"yoast_head":"<!-- This site is optimized with the Yoast SEO plugin v27.1.1 - https:\/\/yoast.com\/product\/yoast-seo-wordpress\/ -->\n<title>FAZ Central Bar avec Ice Bucket Vondom Ramon Esteve | La Villa<\/title>\n<meta name=\"description\" content=\"Bar central FAZ de Vondom avec seau \u00e0 glace int\u00e9gr\u00e9. Design de luxe de Ram\u00f3n Esteve. Possibilit\u00e9 d&#039;\u00e9clairage LED. Parfait pour les villas et les terrasses haut de gamme.\" \/>\n<meta name=\"robots\" content=\"index, follow, max-snippet:-1, max-image-preview:large, max-video-preview:-1\" \/>\n<link rel=\"canonical\" href=\"https:\/\/www.lavillagardendesign.com\/fr\/product\/faz-bar-central-dexterieur-avec-seau-a-glace\/\" \/>\n<meta property=\"og:locale\" content=\"fr_FR\" \/>\n<meta property=\"og:type\" content=\"article\" \/>\n<meta property=\"og:title\" content=\"FAZ Central Bar avec Ice Bucket Vondom Ramon Esteve | La Villa\" \/>\n<meta property=\"og:description\" content=\"Bar central FAZ de Vondom avec seau \u00e0 glace int\u00e9gr\u00e9. Design de luxe de Ram\u00f3n Esteve. Possibilit\u00e9 d&#039;\u00e9clairage LED. Parfait pour les villas et les terrasses haut de gamme.\" \/>\n<meta property=\"og:url\" content=\"https:\/\/www.lavillagardendesign.com\/fr\/product\/faz-bar-central-dexterieur-avec-seau-a-glace\/\" \/>\n<meta property=\"og:site_name\" content=\"La Villa Garden&amp;Design\" \/>\n<meta property=\"article:publisher\" content=\"https:\/\/www.facebook.com\/lavillagardendesign\/\" \/>\n<meta property=\"article:modified_time\" content=\"2026-03-07T16:59:48+00:00\" \/>\n<meta property=\"og:image\" content=\"https:\/\/www.lavillagardendesign.com\/wp-content\/uploads\/2026\/02\/2-31.png\" \/>\n\t<meta property=\"og:image:width\" content=\"700\" \/>\n\t<meta property=\"og:image:height\" content=\"800\" \/>\n\t<meta property=\"og:image:type\" content=\"image\/png\" \/>\n<meta name=\"twitter:card\" content=\"summary_large_image\" \/>\n<script type=\"application\/ld+json\" class=\"yoast-schema-graph\">{\"@context\":\"https:\/\/schema.org\",\"@graph\":[{\"@type\":\"WebPage\",\"@id\":\"https:\/\/www.lavillagardendesign.com\/fr\/product\/faz-bar-central-dexterieur-avec-seau-a-glace\/\",\"url\":\"https:\/\/www.lavillagardendesign.com\/fr\/product\/faz-bar-central-dexterieur-avec-seau-a-glace\/\",\"name\":\"FAZ Central Bar avec Ice Bucket Vondom Ramon Esteve | La Villa\",\"isPartOf\":{\"@id\":\"https:\/\/www.lavillagardendesign.com\/#website\"},\"primaryImageOfPage\":{\"@id\":\"https:\/\/www.lavillagardendesign.com\/fr\/product\/faz-bar-central-dexterieur-avec-seau-a-glace\/#primaryimage\"},\"image\":{\"@id\":\"https:\/\/www.lavillagardendesign.com\/fr\/product\/faz-bar-central-dexterieur-avec-seau-a-glace\/#primaryimage\"},\"thumbnailUrl\":\"https:\/\/www.lavillagardendesign.com\/wp-content\/uploads\/2026\/02\/2-31.png\",\"datePublished\":\"2026-02-26T19:55:41+00:00\",\"dateModified\":\"2026-03-07T16:59:48+00:00\",\"description\":\"Bar central FAZ de Vondom avec seau \u00e0 glace int\u00e9gr\u00e9. Design de luxe de Ram\u00f3n Esteve. Possibilit\u00e9 d'\u00e9clairage LED. Parfait pour les villas et les terrasses haut de gamme.\",\"breadcrumb\":{\"@id\":\"https:\/\/www.lavillagardendesign.com\/fr\/product\/faz-bar-central-dexterieur-avec-seau-a-glace\/#breadcrumb\"},\"inLanguage\":\"fr-FR\",\"potentialAction\":[{\"@type\":\"ReadAction\",\"target\":[\"https:\/\/www.lavillagardendesign.com\/fr\/product\/faz-bar-central-dexterieur-avec-seau-a-glace\/\"]}]},{\"@type\":\"ImageObject\",\"inLanguage\":\"fr-FR\",\"@id\":\"https:\/\/www.lavillagardendesign.com\/fr\/product\/faz-bar-central-dexterieur-avec-seau-a-glace\/#primaryimage\",\"url\":\"https:\/\/www.lavillagardendesign.com\/wp-content\/uploads\/2026\/02\/2-31.png\",\"contentUrl\":\"https:\/\/www.lavillagardendesign.com\/wp-content\/uploads\/2026\/02\/2-31.png\",\"width\":700,\"height\":800},{\"@type\":\"BreadcrumbList\",\"@id\":\"https:\/\/www.lavillagardendesign.com\/fr\/product\/faz-bar-central-dexterieur-avec-seau-a-glace\/#breadcrumb\",\"itemListElement\":[{\"@type\":\"ListItem\",\"position\":1,\"name\":\"Home\",\"item\":\"https:\/\/www.lavillagardendesign.com\/\"},{\"@type\":\"ListItem\",\"position\":2,\"name\":\"Boutique\",\"item\":\"https:\/\/www.lavillagardendesign.com\/fr\/boutique\/\"},{\"@type\":\"ListItem\",\"position\":3,\"name\":\"FAZ &#8211; Bar central d&#8217;ext\u00e9rieur avec seau \u00e0 glace\"}]},{\"@type\":\"WebSite\",\"@id\":\"https:\/\/www.lavillagardendesign.com\/#website\",\"url\":\"https:\/\/www.lavillagardendesign.com\/\",\"name\":\"La Villa Garden&Design\",\"description\":\"\",\"publisher\":{\"@id\":\"https:\/\/www.lavillagardendesign.com\/#organization\"},\"potentialAction\":[{\"@type\":\"SearchAction\",\"target\":{\"@type\":\"EntryPoint\",\"urlTemplate\":\"https:\/\/www.lavillagardendesign.com\/?s={search_term_string}\"},\"query-input\":{\"@type\":\"PropertyValueSpecification\",\"valueRequired\":true,\"valueName\":\"search_term_string\"}}],\"inLanguage\":\"fr-FR\"},{\"@type\":\"Organization\",\"@id\":\"https:\/\/www.lavillagardendesign.com\/#organization\",\"name\":\"La Villa Garden&Design\",\"url\":\"https:\/\/www.lavillagardendesign.com\/\",\"logo\":{\"@type\":\"ImageObject\",\"inLanguage\":\"fr-FR\",\"@id\":\"https:\/\/www.lavillagardendesign.com\/#\/schema\/logo\/image\/\",\"url\":\"https:\/\/www.lavillagardendesign.com\/wp-content\/uploads\/2024\/04\/logolavilla.png\",\"contentUrl\":\"https:\/\/www.lavillagardendesign.com\/wp-content\/uploads\/2024\/04\/logolavilla.png\",\"width\":682,\"height\":391,\"caption\":\"La Villa Garden&Design\"},\"image\":{\"@id\":\"https:\/\/www.lavillagardendesign.com\/#\/schema\/logo\/image\/\"},\"sameAs\":[\"https:\/\/www.facebook.com\/lavillagardendesign\/\"]}]}<\/script>\n<!-- \/ Yoast SEO plugin. -->","yoast_head_json":{"title":"FAZ Central Bar avec Ice Bucket Vondom Ramon Esteve | La Villa","description":"Bar central FAZ de Vondom avec seau \u00e0 glace int\u00e9gr\u00e9. Design de luxe de Ram\u00f3n Esteve. Possibilit\u00e9 d'\u00e9clairage LED. Parfait pour les villas et les terrasses haut de gamme.","robots":{"index":"index","follow":"follow","max-snippet":"max-snippet:-1","max-image-preview":"max-image-preview:large","max-video-preview":"max-video-preview:-1"},"canonical":"https:\/\/www.lavillagardendesign.com\/fr\/product\/faz-bar-central-dexterieur-avec-seau-a-glace\/","og_locale":"fr_FR","og_type":"article","og_title":"FAZ Central Bar avec Ice Bucket Vondom Ramon Esteve | La Villa","og_description":"Bar central FAZ de Vondom avec seau \u00e0 glace int\u00e9gr\u00e9. Design de luxe de Ram\u00f3n Esteve. Possibilit\u00e9 d'\u00e9clairage LED. Parfait pour les villas et les terrasses haut de gamme.","og_url":"https:\/\/www.lavillagardendesign.com\/fr\/product\/faz-bar-central-dexterieur-avec-seau-a-glace\/","og_site_name":"La Villa Garden&amp;Design","article_publisher":"https:\/\/www.facebook.com\/lavillagardendesign\/","article_modified_time":"2026-03-07T16:59:48+00:00","og_image":[{"width":700,"height":800,"url":"https:\/\/www.lavillagardendesign.com\/wp-content\/uploads\/2026\/02\/2-31.png","type":"image\/png"}],"twitter_card":"summary_large_image","schema":{"@context":"https:\/\/schema.org","@graph":[{"@type":"WebPage","@id":"https:\/\/www.lavillagardendesign.com\/fr\/product\/faz-bar-central-dexterieur-avec-seau-a-glace\/","url":"https:\/\/www.lavillagardendesign.com\/fr\/product\/faz-bar-central-dexterieur-avec-seau-a-glace\/","name":"FAZ Central Bar avec Ice Bucket Vondom Ramon Esteve | La Villa","isPartOf":{"@id":"https:\/\/www.lavillagardendesign.com\/#website"},"primaryImageOfPage":{"@id":"https:\/\/www.lavillagardendesign.com\/fr\/product\/faz-bar-central-dexterieur-avec-seau-a-glace\/#primaryimage"},"image":{"@id":"https:\/\/www.lavillagardendesign.com\/fr\/product\/faz-bar-central-dexterieur-avec-seau-a-glace\/#primaryimage"},"thumbnailUrl":"https:\/\/www.lavillagardendesign.com\/wp-content\/uploads\/2026\/02\/2-31.png","datePublished":"2026-02-26T19:55:41+00:00","dateModified":"2026-03-07T16:59:48+00:00","description":"Bar central FAZ de Vondom avec seau \u00e0 glace int\u00e9gr\u00e9. Design de luxe de Ram\u00f3n Esteve. Possibilit\u00e9 d'\u00e9clairage LED. Parfait pour les villas et les terrasses haut de gamme.","breadcrumb":{"@id":"https:\/\/www.lavillagardendesign.com\/fr\/product\/faz-bar-central-dexterieur-avec-seau-a-glace\/#breadcrumb"},"inLanguage":"fr-FR","potentialAction":[{"@type":"ReadAction","target":["https:\/\/www.lavillagardendesign.com\/fr\/product\/faz-bar-central-dexterieur-avec-seau-a-glace\/"]}]},{"@type":"ImageObject","inLanguage":"fr-FR","@id":"https:\/\/www.lavillagardendesign.com\/fr\/product\/faz-bar-central-dexterieur-avec-seau-a-glace\/#primaryimage","url":"https:\/\/www.lavillagardendesign.com\/wp-content\/uploads\/2026\/02\/2-31.png","contentUrl":"https:\/\/www.lavillagardendesign.com\/wp-content\/uploads\/2026\/02\/2-31.png","width":700,"height":800},{"@type":"BreadcrumbList","@id":"https:\/\/www.lavillagardendesign.com\/fr\/product\/faz-bar-central-dexterieur-avec-seau-a-glace\/#breadcrumb","itemListElement":[{"@type":"ListItem","position":1,"name":"Home","item":"https:\/\/www.lavillagardendesign.com\/"},{"@type":"ListItem","position":2,"name":"Boutique","item":"https:\/\/www.lavillagardendesign.com\/fr\/boutique\/"},{"@type":"ListItem","position":3,"name":"FAZ &#8211; Bar central d&#8217;ext\u00e9rieur avec seau \u00e0 glace"}]},{"@type":"WebSite","@id":"https:\/\/www.lavillagardendesign.com\/#website","url":"https:\/\/www.lavillagardendesign.com\/","name":"La Villa Garden&Design","description":"","publisher":{"@id":"https:\/\/www.lavillagardendesign.com\/#organization"},"potentialAction":[{"@type":"SearchAction","target":{"@type":"EntryPoint","urlTemplate":"https:\/\/www.lavillagardendesign.com\/?s={search_term_string}"},"query-input":{"@type":"PropertyValueSpecification","valueRequired":true,"valueName":"search_term_string"}}],"inLanguage":"fr-FR"},{"@type":"Organization","@id":"https:\/\/www.lavillagardendesign.com\/#organization","name":"La Villa Garden&Design","url":"https:\/\/www.lavillagardendesign.com\/","logo":{"@type":"ImageObject","inLanguage":"fr-FR","@id":"https:\/\/www.lavillagardendesign.com\/#\/schema\/logo\/image\/","url":"https:\/\/www.lavillagardendesign.com\/wp-content\/uploads\/2024\/04\/logolavilla.png","contentUrl":"https:\/\/www.lavillagardendesign.com\/wp-content\/uploads\/2024\/04\/logolavilla.png","width":682,"height":391,"caption":"La Villa Garden&Design"},"image":{"@id":"https:\/\/www.lavillagardendesign.com\/#\/schema\/logo\/image\/"},"sameAs":["https:\/\/www.facebook.com\/lavillagardendesign\/"]}]}},"_links":{"self":[{"href":"https:\/\/www.lavillagardendesign.com\/fr\/wp-json\/wp\/v2\/product\/67096","targetHints":{"allow":["GET"]}}],"collection":[{"href":"https:\/\/www.lavillagardendesign.com\/fr\/wp-json\/wp\/v2\/product"}],"about":[{"href":"https:\/\/www.lavillagardendesign.com\/fr\/wp-json\/wp\/v2\/types\/product"}],"replies":[{"embeddable":true,"href":"https:\/\/www.lavillagardendesign.com\/fr\/wp-json\/wp\/v2\/comments?post=67096"}],"version-history":[{"count":1,"href":"https:\/\/www.lavillagardendesign.com\/fr\/wp-json\/wp\/v2\/product\/67096\/revisions"}],"predecessor-version":[{"id":67157,"href":"https:\/\/www.lavillagardendesign.com\/fr\/wp-json\/wp\/v2\/product\/67096\/revisions\/67157"}],"wp:featuredmedia":[{"embeddable":true,"href":"https:\/\/www.lavillagardendesign.com\/fr\/wp-json\/wp\/v2\/media\/66759"}],"wp:attachment":[{"href":"https:\/\/www.lavillagardendesign.com\/fr\/wp-json\/wp\/v2\/media?parent=67096"}],"wp:term":[{"taxonomy":"product_brand","embeddable":true,"href":"https:\/\/www.lavillagardendesign.com\/fr\/wp-json\/wp\/v2\/product_brand?post=67096"},{"taxonomy":"product_cat","embeddable":true,"href":"https:\/\/www.lavillagardendesign.com\/fr\/wp-json\/wp\/v2\/product_cat?post=67096"},{"taxonomy":"product_tag","embeddable":true,"href":"https:\/\/www.lavillagardendesign.com\/fr\/wp-json\/wp\/v2\/product_tag?post=67096"}],"curies":[{"name":"wp","href":"https:\/\/api.w.org\/{rel}","templated":true}]}}