{"id":67081,"date":"2026-02-26T20:55:41","date_gmt":"2026-02-26T19:55:41","guid":{"rendered":"https:\/\/www.lavillagardendesign.com\/product\/faz-outdoor-corner-bar-angular-bar-module\/"},"modified":"2026-02-26T20:55:41","modified_gmt":"2026-02-26T19:55:41","slug":"faz-outdoor-corner-bar-angular-bar-module","status":"publish","type":"product","link":"https:\/\/www.lavillagardendesign.com\/fr\/product\/faz-outdoor-corner-bar-angular-bar-module\/","title":{"rendered":"FAZ &#8211; Outdoor Corner Bar (Angular Bar Module)"},"content":{"rendered":"","protected":false},"excerpt":{"rendered":"<p>Compl\u00e9tez votre projet de divertissement en plein air avec le module d&rsquo;angle FAZ, une pi\u00e8ce architecturale cr\u00e9\u00e9e par Ram\u00f3n Esteve pour Vondom. Cet \u00e9l\u00e9ment permet d&rsquo;articuler des espaces de bar sophistiqu\u00e9s, en s&rsquo;adaptant \u00e0 la g\u00e9om\u00e9trie de votre terrasse ou de votre jardin avec une \u00e9l\u00e9gance sans pr\u00e9c\u00e9dent. Sa structure \u00e0 facettes n&rsquo;est pas seulement fonctionnelle, mais agit comme une sculpture moderne qui d\u00e9finit les environnements de luxe dans les villas et les centres de vill\u00e9giature exclusifs.  <\/p>\n","protected":false},"featured_media":66781,"comment_status":"open","ping_status":"closed","template":"","meta":[],"product_brand":[5000],"product_cat":[6832,2944,2947],"product_tag":[],"class_list":{"0":"post-67081","1":"product","2":"type-product","3":"status-publish","4":"has-post-thumbnail","6":"product_brand-vondom","7":"product_cat-outdoor-fr","8":"product_cat-tables-fr","9":"product_cat-tables-hautes-bars","11":"first","12":"instock","13":"taxable","14":"shipping-taxable","15":"purchasable","16":"product-type-variable"},"yoast_head":"<!-- This site is optimized with the Yoast SEO plugin v27.1.1 - https:\/\/yoast.com\/product\/yoast-seo-wordpress\/ -->\n<title>FAZ Corner Bar Vondom | Luxury Design by Ram\u00f3n Esteve\/ La Villa<\/title>\n<meta name=\"description\" content=\"Module de bar d&#039;angle FAZ de Vondom. Design architectural en poly\u00e9thyl\u00e8ne haute r\u00e9sistance. Disponible avec un \u00e9clairage LED pour les environnements ext\u00e9rieurs luxueux.\" \/>\n<meta name=\"robots\" content=\"index, follow, max-snippet:-1, max-image-preview:large, max-video-preview:-1\" \/>\n<link rel=\"canonical\" href=\"https:\/\/www.lavillagardendesign.com\/fr\/product\/faz-outdoor-corner-bar-angular-bar-module\/\" \/>\n<meta property=\"og:locale\" content=\"fr_FR\" \/>\n<meta property=\"og:type\" content=\"article\" \/>\n<meta property=\"og:title\" content=\"FAZ Corner Bar Vondom | Luxury Design by Ram\u00f3n Esteve\/ La Villa\" \/>\n<meta property=\"og:description\" content=\"Module de bar d&#039;angle FAZ de Vondom. Design architectural en poly\u00e9thyl\u00e8ne haute r\u00e9sistance. Disponible avec un \u00e9clairage LED pour les environnements ext\u00e9rieurs luxueux.\" \/>\n<meta property=\"og:url\" content=\"https:\/\/www.lavillagardendesign.com\/fr\/product\/faz-outdoor-corner-bar-angular-bar-module\/\" \/>\n<meta property=\"og:site_name\" content=\"La Villa Garden&amp;Design\" \/>\n<meta property=\"article:publisher\" content=\"https:\/\/www.facebook.com\/lavillagardendesign\/\" \/>\n<meta property=\"og:image\" content=\"https:\/\/www.lavillagardendesign.com\/wp-content\/uploads\/2026\/02\/2-32.png\" \/>\n\t<meta property=\"og:image:width\" content=\"700\" \/>\n\t<meta property=\"og:image:height\" content=\"800\" \/>\n\t<meta property=\"og:image:type\" content=\"image\/png\" \/>\n<meta name=\"twitter:card\" content=\"summary_large_image\" \/>\n<script type=\"application\/ld+json\" class=\"yoast-schema-graph\">{\"@context\":\"https:\/\/schema.org\",\"@graph\":[{\"@type\":\"WebPage\",\"@id\":\"https:\/\/www.lavillagardendesign.com\/fr\/product\/faz-outdoor-corner-bar-angular-bar-module\/\",\"url\":\"https:\/\/www.lavillagardendesign.com\/fr\/product\/faz-outdoor-corner-bar-angular-bar-module\/\",\"name\":\"FAZ Corner Bar Vondom | Luxury Design by Ram\u00f3n Esteve\/ La Villa\",\"isPartOf\":{\"@id\":\"https:\/\/www.lavillagardendesign.com\/#website\"},\"primaryImageOfPage\":{\"@id\":\"https:\/\/www.lavillagardendesign.com\/fr\/product\/faz-outdoor-corner-bar-angular-bar-module\/#primaryimage\"},\"image\":{\"@id\":\"https:\/\/www.lavillagardendesign.com\/fr\/product\/faz-outdoor-corner-bar-angular-bar-module\/#primaryimage\"},\"thumbnailUrl\":\"https:\/\/www.lavillagardendesign.com\/wp-content\/uploads\/2026\/02\/2-32.png\",\"datePublished\":\"2026-02-26T19:55:41+00:00\",\"description\":\"Module de bar d'angle FAZ de Vondom. Design architectural en poly\u00e9thyl\u00e8ne haute r\u00e9sistance. Disponible avec un \u00e9clairage LED pour les environnements ext\u00e9rieurs luxueux.\",\"breadcrumb\":{\"@id\":\"https:\/\/www.lavillagardendesign.com\/fr\/product\/faz-outdoor-corner-bar-angular-bar-module\/#breadcrumb\"},\"inLanguage\":\"fr-FR\",\"potentialAction\":[{\"@type\":\"ReadAction\",\"target\":[\"https:\/\/www.lavillagardendesign.com\/fr\/product\/faz-outdoor-corner-bar-angular-bar-module\/\"]}]},{\"@type\":\"ImageObject\",\"inLanguage\":\"fr-FR\",\"@id\":\"https:\/\/www.lavillagardendesign.com\/fr\/product\/faz-outdoor-corner-bar-angular-bar-module\/#primaryimage\",\"url\":\"https:\/\/www.lavillagardendesign.com\/wp-content\/uploads\/2026\/02\/2-32.png\",\"contentUrl\":\"https:\/\/www.lavillagardendesign.com\/wp-content\/uploads\/2026\/02\/2-32.png\",\"width\":700,\"height\":800},{\"@type\":\"BreadcrumbList\",\"@id\":\"https:\/\/www.lavillagardendesign.com\/fr\/product\/faz-outdoor-corner-bar-angular-bar-module\/#breadcrumb\",\"itemListElement\":[{\"@type\":\"ListItem\",\"position\":1,\"name\":\"Home\",\"item\":\"https:\/\/www.lavillagardendesign.com\/\"},{\"@type\":\"ListItem\",\"position\":2,\"name\":\"Boutique\",\"item\":\"https:\/\/www.lavillagardendesign.com\/fr\/boutique\/\"},{\"@type\":\"ListItem\",\"position\":3,\"name\":\"FAZ &#8211; Outdoor Corner Bar (Angular Bar Module)\"}]},{\"@type\":\"WebSite\",\"@id\":\"https:\/\/www.lavillagardendesign.com\/#website\",\"url\":\"https:\/\/www.lavillagardendesign.com\/\",\"name\":\"La Villa Garden&Design\",\"description\":\"\",\"publisher\":{\"@id\":\"https:\/\/www.lavillagardendesign.com\/#organization\"},\"potentialAction\":[{\"@type\":\"SearchAction\",\"target\":{\"@type\":\"EntryPoint\",\"urlTemplate\":\"https:\/\/www.lavillagardendesign.com\/?s={search_term_string}\"},\"query-input\":{\"@type\":\"PropertyValueSpecification\",\"valueRequired\":true,\"valueName\":\"search_term_string\"}}],\"inLanguage\":\"fr-FR\"},{\"@type\":\"Organization\",\"@id\":\"https:\/\/www.lavillagardendesign.com\/#organization\",\"name\":\"La Villa Garden&Design\",\"url\":\"https:\/\/www.lavillagardendesign.com\/\",\"logo\":{\"@type\":\"ImageObject\",\"inLanguage\":\"fr-FR\",\"@id\":\"https:\/\/www.lavillagardendesign.com\/#\/schema\/logo\/image\/\",\"url\":\"https:\/\/www.lavillagardendesign.com\/wp-content\/uploads\/2024\/04\/logolavilla.png\",\"contentUrl\":\"https:\/\/www.lavillagardendesign.com\/wp-content\/uploads\/2024\/04\/logolavilla.png\",\"width\":682,\"height\":391,\"caption\":\"La Villa Garden&Design\"},\"image\":{\"@id\":\"https:\/\/www.lavillagardendesign.com\/#\/schema\/logo\/image\/\"},\"sameAs\":[\"https:\/\/www.facebook.com\/lavillagardendesign\/\"]}]}<\/script>\n<!-- \/ Yoast SEO plugin. -->","yoast_head_json":{"title":"FAZ Corner Bar Vondom | Luxury Design by Ram\u00f3n Esteve\/ La Villa","description":"Module de bar d'angle FAZ de Vondom. Design architectural en poly\u00e9thyl\u00e8ne haute r\u00e9sistance. Disponible avec un \u00e9clairage LED pour les environnements ext\u00e9rieurs luxueux.","robots":{"index":"index","follow":"follow","max-snippet":"max-snippet:-1","max-image-preview":"max-image-preview:large","max-video-preview":"max-video-preview:-1"},"canonical":"https:\/\/www.lavillagardendesign.com\/fr\/product\/faz-outdoor-corner-bar-angular-bar-module\/","og_locale":"fr_FR","og_type":"article","og_title":"FAZ Corner Bar Vondom | Luxury Design by Ram\u00f3n Esteve\/ La Villa","og_description":"Module de bar d'angle FAZ de Vondom. Design architectural en poly\u00e9thyl\u00e8ne haute r\u00e9sistance. Disponible avec un \u00e9clairage LED pour les environnements ext\u00e9rieurs luxueux.","og_url":"https:\/\/www.lavillagardendesign.com\/fr\/product\/faz-outdoor-corner-bar-angular-bar-module\/","og_site_name":"La Villa Garden&amp;Design","article_publisher":"https:\/\/www.facebook.com\/lavillagardendesign\/","og_image":[{"width":700,"height":800,"url":"https:\/\/www.lavillagardendesign.com\/wp-content\/uploads\/2026\/02\/2-32.png","type":"image\/png"}],"twitter_card":"summary_large_image","schema":{"@context":"https:\/\/schema.org","@graph":[{"@type":"WebPage","@id":"https:\/\/www.lavillagardendesign.com\/fr\/product\/faz-outdoor-corner-bar-angular-bar-module\/","url":"https:\/\/www.lavillagardendesign.com\/fr\/product\/faz-outdoor-corner-bar-angular-bar-module\/","name":"FAZ Corner Bar Vondom | Luxury Design by Ram\u00f3n Esteve\/ La Villa","isPartOf":{"@id":"https:\/\/www.lavillagardendesign.com\/#website"},"primaryImageOfPage":{"@id":"https:\/\/www.lavillagardendesign.com\/fr\/product\/faz-outdoor-corner-bar-angular-bar-module\/#primaryimage"},"image":{"@id":"https:\/\/www.lavillagardendesign.com\/fr\/product\/faz-outdoor-corner-bar-angular-bar-module\/#primaryimage"},"thumbnailUrl":"https:\/\/www.lavillagardendesign.com\/wp-content\/uploads\/2026\/02\/2-32.png","datePublished":"2026-02-26T19:55:41+00:00","description":"Module de bar d'angle FAZ de Vondom. Design architectural en poly\u00e9thyl\u00e8ne haute r\u00e9sistance. Disponible avec un \u00e9clairage LED pour les environnements ext\u00e9rieurs luxueux.","breadcrumb":{"@id":"https:\/\/www.lavillagardendesign.com\/fr\/product\/faz-outdoor-corner-bar-angular-bar-module\/#breadcrumb"},"inLanguage":"fr-FR","potentialAction":[{"@type":"ReadAction","target":["https:\/\/www.lavillagardendesign.com\/fr\/product\/faz-outdoor-corner-bar-angular-bar-module\/"]}]},{"@type":"ImageObject","inLanguage":"fr-FR","@id":"https:\/\/www.lavillagardendesign.com\/fr\/product\/faz-outdoor-corner-bar-angular-bar-module\/#primaryimage","url":"https:\/\/www.lavillagardendesign.com\/wp-content\/uploads\/2026\/02\/2-32.png","contentUrl":"https:\/\/www.lavillagardendesign.com\/wp-content\/uploads\/2026\/02\/2-32.png","width":700,"height":800},{"@type":"BreadcrumbList","@id":"https:\/\/www.lavillagardendesign.com\/fr\/product\/faz-outdoor-corner-bar-angular-bar-module\/#breadcrumb","itemListElement":[{"@type":"ListItem","position":1,"name":"Home","item":"https:\/\/www.lavillagardendesign.com\/"},{"@type":"ListItem","position":2,"name":"Boutique","item":"https:\/\/www.lavillagardendesign.com\/fr\/boutique\/"},{"@type":"ListItem","position":3,"name":"FAZ &#8211; Outdoor Corner Bar (Angular Bar Module)"}]},{"@type":"WebSite","@id":"https:\/\/www.lavillagardendesign.com\/#website","url":"https:\/\/www.lavillagardendesign.com\/","name":"La Villa Garden&Design","description":"","publisher":{"@id":"https:\/\/www.lavillagardendesign.com\/#organization"},"potentialAction":[{"@type":"SearchAction","target":{"@type":"EntryPoint","urlTemplate":"https:\/\/www.lavillagardendesign.com\/?s={search_term_string}"},"query-input":{"@type":"PropertyValueSpecification","valueRequired":true,"valueName":"search_term_string"}}],"inLanguage":"fr-FR"},{"@type":"Organization","@id":"https:\/\/www.lavillagardendesign.com\/#organization","name":"La Villa Garden&Design","url":"https:\/\/www.lavillagardendesign.com\/","logo":{"@type":"ImageObject","inLanguage":"fr-FR","@id":"https:\/\/www.lavillagardendesign.com\/#\/schema\/logo\/image\/","url":"https:\/\/www.lavillagardendesign.com\/wp-content\/uploads\/2024\/04\/logolavilla.png","contentUrl":"https:\/\/www.lavillagardendesign.com\/wp-content\/uploads\/2024\/04\/logolavilla.png","width":682,"height":391,"caption":"La Villa Garden&Design"},"image":{"@id":"https:\/\/www.lavillagardendesign.com\/#\/schema\/logo\/image\/"},"sameAs":["https:\/\/www.facebook.com\/lavillagardendesign\/"]}]}},"_links":{"self":[{"href":"https:\/\/www.lavillagardendesign.com\/fr\/wp-json\/wp\/v2\/product\/67081","targetHints":{"allow":["GET"]}}],"collection":[{"href":"https:\/\/www.lavillagardendesign.com\/fr\/wp-json\/wp\/v2\/product"}],"about":[{"href":"https:\/\/www.lavillagardendesign.com\/fr\/wp-json\/wp\/v2\/types\/product"}],"replies":[{"embeddable":true,"href":"https:\/\/www.lavillagardendesign.com\/fr\/wp-json\/wp\/v2\/comments?post=67081"}],"version-history":[{"count":0,"href":"https:\/\/www.lavillagardendesign.com\/fr\/wp-json\/wp\/v2\/product\/67081\/revisions"}],"wp:featuredmedia":[{"embeddable":true,"href":"https:\/\/www.lavillagardendesign.com\/fr\/wp-json\/wp\/v2\/media\/66781"}],"wp:attachment":[{"href":"https:\/\/www.lavillagardendesign.com\/fr\/wp-json\/wp\/v2\/media?parent=67081"}],"wp:term":[{"taxonomy":"product_brand","embeddable":true,"href":"https:\/\/www.lavillagardendesign.com\/fr\/wp-json\/wp\/v2\/product_brand?post=67081"},{"taxonomy":"product_cat","embeddable":true,"href":"https:\/\/www.lavillagardendesign.com\/fr\/wp-json\/wp\/v2\/product_cat?post=67081"},{"taxonomy":"product_tag","embeddable":true,"href":"https:\/\/www.lavillagardendesign.com\/fr\/wp-json\/wp\/v2\/product_tag?post=67081"}],"curies":[{"name":"wp","href":"https:\/\/api.w.org\/{rel}","templated":true}]}}