{"id":67068,"date":"2026-03-06T18:35:24","date_gmt":"2026-03-06T17:35:24","guid":{"rendered":"https:\/\/www.lavillagardendesign.com\/product\/surf-bain-de-soleil-dexterieur-bio\/"},"modified":"2026-03-06T18:35:24","modified_gmt":"2026-03-06T17:35:24","slug":"surf-bain-de-soleil-dexterieur-bio","status":"publish","type":"product","link":"https:\/\/www.lavillagardendesign.com\/fr\/product\/surf-bain-de-soleil-dexterieur-bio\/","title":{"rendered":"SURF &#8211; Bain de soleil d&rsquo;ext\u00e9rieur bio"},"content":{"rendered":"","protected":false},"excerpt":{"rendered":"<p>La chaise longue Surf, une cr\u00e9ation magistrale de Karim Rashid, coule comme une vague statique pour offrir une exp\u00e9rience de relaxation en apesanteur. Son design ergonomique et avant-gardiste \u00e9voque le calme des vagues m\u00e9diterran\u00e9ennes, devenant ainsi le point central de toute piscine ou solarium de luxe. Fabriqu\u00e9e par rotomoulage \u00e0 haute densit\u00e9, cette pi\u00e8ce est 100 % recyclable et extr\u00eamement r\u00e9sistante aux rayons UV et aux temp\u00e9ratures extr\u00eames, garantissant une esth\u00e9tique impeccable et un confort sublime.  <\/p>\n","protected":false},"featured_media":66053,"comment_status":"open","ping_status":"closed","template":"","meta":[],"product_brand":[5000],"product_cat":[6832,2938,2940],"product_tag":[],"class_list":{"0":"post-67068","1":"product","2":"type-product","3":"status-publish","4":"has-post-thumbnail","6":"product_brand-vondom","7":"product_cat-outdoor-fr","8":"product_cat-bains-de-soleil","9":"product_cat-transats","11":"first","12":"instock","13":"taxable","14":"shipping-taxable","15":"purchasable","16":"product-type-variable"},"yoast_head":"<!-- This site is optimized with the Yoast SEO plugin v27.1.1 - https:\/\/yoast.com\/product\/yoast-seo-wordpress\/ -->\n<title>Bain de soleil design SURF | Karim Rashid Design | La Villa<\/title>\n<meta name=\"description\" content=\"D\u00e9couvrez l&#039;embl\u00e9matique chaise longue SURF de Karim Rashid. Un design organique de luxe pour un ext\u00e9rieur exclusif. Durable, 100 % recyclable et disponible en diff\u00e9rentes finitions.\" \/>\n<meta name=\"robots\" content=\"index, follow, max-snippet:-1, max-image-preview:large, max-video-preview:-1\" \/>\n<link rel=\"canonical\" href=\"https:\/\/www.lavillagardendesign.com\/fr\/product\/surf-bain-de-soleil-dexterieur-bio\/\" \/>\n<meta property=\"og:locale\" content=\"fr_FR\" \/>\n<meta property=\"og:type\" content=\"article\" \/>\n<meta property=\"og:title\" content=\"Bain de soleil design SURF | Karim Rashid Design | La Villa\" \/>\n<meta property=\"og:description\" content=\"D\u00e9couvrez l&#039;embl\u00e9matique chaise longue SURF de Karim Rashid. Un design organique de luxe pour un ext\u00e9rieur exclusif. Durable, 100 % recyclable et disponible en diff\u00e9rentes finitions.\" \/>\n<meta property=\"og:url\" content=\"https:\/\/www.lavillagardendesign.com\/fr\/product\/surf-bain-de-soleil-dexterieur-bio\/\" \/>\n<meta property=\"og:site_name\" content=\"La Villa Garden&amp;Design\" \/>\n<meta property=\"article:publisher\" content=\"https:\/\/www.facebook.com\/lavillagardendesign\/\" \/>\n<meta property=\"og:image\" content=\"https:\/\/www.lavillagardendesign.com\/wp-content\/uploads\/2026\/03\/4-11.png\" \/>\n\t<meta property=\"og:image:width\" content=\"700\" \/>\n\t<meta property=\"og:image:height\" content=\"800\" \/>\n\t<meta property=\"og:image:type\" content=\"image\/png\" \/>\n<meta name=\"twitter:card\" content=\"summary_large_image\" \/>\n<script type=\"application\/ld+json\" class=\"yoast-schema-graph\">{\"@context\":\"https:\/\/schema.org\",\"@graph\":[{\"@type\":\"WebPage\",\"@id\":\"https:\/\/www.lavillagardendesign.com\/fr\/product\/surf-bain-de-soleil-dexterieur-bio\/\",\"url\":\"https:\/\/www.lavillagardendesign.com\/fr\/product\/surf-bain-de-soleil-dexterieur-bio\/\",\"name\":\"Bain de soleil design SURF | Karim Rashid Design | La Villa\",\"isPartOf\":{\"@id\":\"https:\/\/www.lavillagardendesign.com\/#website\"},\"primaryImageOfPage\":{\"@id\":\"https:\/\/www.lavillagardendesign.com\/fr\/product\/surf-bain-de-soleil-dexterieur-bio\/#primaryimage\"},\"image\":{\"@id\":\"https:\/\/www.lavillagardendesign.com\/fr\/product\/surf-bain-de-soleil-dexterieur-bio\/#primaryimage\"},\"thumbnailUrl\":\"https:\/\/www.lavillagardendesign.com\/wp-content\/uploads\/2026\/03\/4-11.png\",\"datePublished\":\"2026-03-06T17:35:24+00:00\",\"description\":\"D\u00e9couvrez l'embl\u00e9matique chaise longue SURF de Karim Rashid. Un design organique de luxe pour un ext\u00e9rieur exclusif. Durable, 100 % recyclable et disponible en diff\u00e9rentes finitions.\",\"breadcrumb\":{\"@id\":\"https:\/\/www.lavillagardendesign.com\/fr\/product\/surf-bain-de-soleil-dexterieur-bio\/#breadcrumb\"},\"inLanguage\":\"fr-FR\",\"potentialAction\":[{\"@type\":\"ReadAction\",\"target\":[\"https:\/\/www.lavillagardendesign.com\/fr\/product\/surf-bain-de-soleil-dexterieur-bio\/\"]}]},{\"@type\":\"ImageObject\",\"inLanguage\":\"fr-FR\",\"@id\":\"https:\/\/www.lavillagardendesign.com\/fr\/product\/surf-bain-de-soleil-dexterieur-bio\/#primaryimage\",\"url\":\"https:\/\/www.lavillagardendesign.com\/wp-content\/uploads\/2026\/03\/4-11.png\",\"contentUrl\":\"https:\/\/www.lavillagardendesign.com\/wp-content\/uploads\/2026\/03\/4-11.png\",\"width\":700,\"height\":800},{\"@type\":\"BreadcrumbList\",\"@id\":\"https:\/\/www.lavillagardendesign.com\/fr\/product\/surf-bain-de-soleil-dexterieur-bio\/#breadcrumb\",\"itemListElement\":[{\"@type\":\"ListItem\",\"position\":1,\"name\":\"Home\",\"item\":\"https:\/\/www.lavillagardendesign.com\/\"},{\"@type\":\"ListItem\",\"position\":2,\"name\":\"Boutique\",\"item\":\"https:\/\/www.lavillagardendesign.com\/fr\/boutique\/\"},{\"@type\":\"ListItem\",\"position\":3,\"name\":\"SURF &#8211; Bain de soleil d&#8217;ext\u00e9rieur bio\"}]},{\"@type\":\"WebSite\",\"@id\":\"https:\/\/www.lavillagardendesign.com\/#website\",\"url\":\"https:\/\/www.lavillagardendesign.com\/\",\"name\":\"La Villa Garden&Design\",\"description\":\"\",\"publisher\":{\"@id\":\"https:\/\/www.lavillagardendesign.com\/#organization\"},\"potentialAction\":[{\"@type\":\"SearchAction\",\"target\":{\"@type\":\"EntryPoint\",\"urlTemplate\":\"https:\/\/www.lavillagardendesign.com\/?s={search_term_string}\"},\"query-input\":{\"@type\":\"PropertyValueSpecification\",\"valueRequired\":true,\"valueName\":\"search_term_string\"}}],\"inLanguage\":\"fr-FR\"},{\"@type\":\"Organization\",\"@id\":\"https:\/\/www.lavillagardendesign.com\/#organization\",\"name\":\"La Villa Garden&Design\",\"url\":\"https:\/\/www.lavillagardendesign.com\/\",\"logo\":{\"@type\":\"ImageObject\",\"inLanguage\":\"fr-FR\",\"@id\":\"https:\/\/www.lavillagardendesign.com\/#\/schema\/logo\/image\/\",\"url\":\"https:\/\/www.lavillagardendesign.com\/wp-content\/uploads\/2024\/04\/logolavilla.png\",\"contentUrl\":\"https:\/\/www.lavillagardendesign.com\/wp-content\/uploads\/2024\/04\/logolavilla.png\",\"width\":682,\"height\":391,\"caption\":\"La Villa Garden&Design\"},\"image\":{\"@id\":\"https:\/\/www.lavillagardendesign.com\/#\/schema\/logo\/image\/\"},\"sameAs\":[\"https:\/\/www.facebook.com\/lavillagardendesign\/\"]}]}<\/script>\n<!-- \/ Yoast SEO plugin. -->","yoast_head_json":{"title":"Bain de soleil design SURF | Karim Rashid Design | La Villa","description":"D\u00e9couvrez l'embl\u00e9matique chaise longue SURF de Karim Rashid. Un design organique de luxe pour un ext\u00e9rieur exclusif. Durable, 100 % recyclable et disponible en diff\u00e9rentes finitions.","robots":{"index":"index","follow":"follow","max-snippet":"max-snippet:-1","max-image-preview":"max-image-preview:large","max-video-preview":"max-video-preview:-1"},"canonical":"https:\/\/www.lavillagardendesign.com\/fr\/product\/surf-bain-de-soleil-dexterieur-bio\/","og_locale":"fr_FR","og_type":"article","og_title":"Bain de soleil design SURF | Karim Rashid Design | La Villa","og_description":"D\u00e9couvrez l'embl\u00e9matique chaise longue SURF de Karim Rashid. Un design organique de luxe pour un ext\u00e9rieur exclusif. Durable, 100 % recyclable et disponible en diff\u00e9rentes finitions.","og_url":"https:\/\/www.lavillagardendesign.com\/fr\/product\/surf-bain-de-soleil-dexterieur-bio\/","og_site_name":"La Villa Garden&amp;Design","article_publisher":"https:\/\/www.facebook.com\/lavillagardendesign\/","og_image":[{"width":700,"height":800,"url":"https:\/\/www.lavillagardendesign.com\/wp-content\/uploads\/2026\/03\/4-11.png","type":"image\/png"}],"twitter_card":"summary_large_image","schema":{"@context":"https:\/\/schema.org","@graph":[{"@type":"WebPage","@id":"https:\/\/www.lavillagardendesign.com\/fr\/product\/surf-bain-de-soleil-dexterieur-bio\/","url":"https:\/\/www.lavillagardendesign.com\/fr\/product\/surf-bain-de-soleil-dexterieur-bio\/","name":"Bain de soleil design SURF | Karim Rashid Design | La Villa","isPartOf":{"@id":"https:\/\/www.lavillagardendesign.com\/#website"},"primaryImageOfPage":{"@id":"https:\/\/www.lavillagardendesign.com\/fr\/product\/surf-bain-de-soleil-dexterieur-bio\/#primaryimage"},"image":{"@id":"https:\/\/www.lavillagardendesign.com\/fr\/product\/surf-bain-de-soleil-dexterieur-bio\/#primaryimage"},"thumbnailUrl":"https:\/\/www.lavillagardendesign.com\/wp-content\/uploads\/2026\/03\/4-11.png","datePublished":"2026-03-06T17:35:24+00:00","description":"D\u00e9couvrez l'embl\u00e9matique chaise longue SURF de Karim Rashid. Un design organique de luxe pour un ext\u00e9rieur exclusif. Durable, 100 % recyclable et disponible en diff\u00e9rentes finitions.","breadcrumb":{"@id":"https:\/\/www.lavillagardendesign.com\/fr\/product\/surf-bain-de-soleil-dexterieur-bio\/#breadcrumb"},"inLanguage":"fr-FR","potentialAction":[{"@type":"ReadAction","target":["https:\/\/www.lavillagardendesign.com\/fr\/product\/surf-bain-de-soleil-dexterieur-bio\/"]}]},{"@type":"ImageObject","inLanguage":"fr-FR","@id":"https:\/\/www.lavillagardendesign.com\/fr\/product\/surf-bain-de-soleil-dexterieur-bio\/#primaryimage","url":"https:\/\/www.lavillagardendesign.com\/wp-content\/uploads\/2026\/03\/4-11.png","contentUrl":"https:\/\/www.lavillagardendesign.com\/wp-content\/uploads\/2026\/03\/4-11.png","width":700,"height":800},{"@type":"BreadcrumbList","@id":"https:\/\/www.lavillagardendesign.com\/fr\/product\/surf-bain-de-soleil-dexterieur-bio\/#breadcrumb","itemListElement":[{"@type":"ListItem","position":1,"name":"Home","item":"https:\/\/www.lavillagardendesign.com\/"},{"@type":"ListItem","position":2,"name":"Boutique","item":"https:\/\/www.lavillagardendesign.com\/fr\/boutique\/"},{"@type":"ListItem","position":3,"name":"SURF &#8211; Bain de soleil d&#8217;ext\u00e9rieur bio"}]},{"@type":"WebSite","@id":"https:\/\/www.lavillagardendesign.com\/#website","url":"https:\/\/www.lavillagardendesign.com\/","name":"La Villa Garden&Design","description":"","publisher":{"@id":"https:\/\/www.lavillagardendesign.com\/#organization"},"potentialAction":[{"@type":"SearchAction","target":{"@type":"EntryPoint","urlTemplate":"https:\/\/www.lavillagardendesign.com\/?s={search_term_string}"},"query-input":{"@type":"PropertyValueSpecification","valueRequired":true,"valueName":"search_term_string"}}],"inLanguage":"fr-FR"},{"@type":"Organization","@id":"https:\/\/www.lavillagardendesign.com\/#organization","name":"La Villa Garden&Design","url":"https:\/\/www.lavillagardendesign.com\/","logo":{"@type":"ImageObject","inLanguage":"fr-FR","@id":"https:\/\/www.lavillagardendesign.com\/#\/schema\/logo\/image\/","url":"https:\/\/www.lavillagardendesign.com\/wp-content\/uploads\/2024\/04\/logolavilla.png","contentUrl":"https:\/\/www.lavillagardendesign.com\/wp-content\/uploads\/2024\/04\/logolavilla.png","width":682,"height":391,"caption":"La Villa Garden&Design"},"image":{"@id":"https:\/\/www.lavillagardendesign.com\/#\/schema\/logo\/image\/"},"sameAs":["https:\/\/www.facebook.com\/lavillagardendesign\/"]}]}},"_links":{"self":[{"href":"https:\/\/www.lavillagardendesign.com\/fr\/wp-json\/wp\/v2\/product\/67068","targetHints":{"allow":["GET"]}}],"collection":[{"href":"https:\/\/www.lavillagardendesign.com\/fr\/wp-json\/wp\/v2\/product"}],"about":[{"href":"https:\/\/www.lavillagardendesign.com\/fr\/wp-json\/wp\/v2\/types\/product"}],"replies":[{"embeddable":true,"href":"https:\/\/www.lavillagardendesign.com\/fr\/wp-json\/wp\/v2\/comments?post=67068"}],"version-history":[{"count":0,"href":"https:\/\/www.lavillagardendesign.com\/fr\/wp-json\/wp\/v2\/product\/67068\/revisions"}],"wp:featuredmedia":[{"embeddable":true,"href":"https:\/\/www.lavillagardendesign.com\/fr\/wp-json\/wp\/v2\/media\/66053"}],"wp:attachment":[{"href":"https:\/\/www.lavillagardendesign.com\/fr\/wp-json\/wp\/v2\/media?parent=67068"}],"wp:term":[{"taxonomy":"product_brand","embeddable":true,"href":"https:\/\/www.lavillagardendesign.com\/fr\/wp-json\/wp\/v2\/product_brand?post=67068"},{"taxonomy":"product_cat","embeddable":true,"href":"https:\/\/www.lavillagardendesign.com\/fr\/wp-json\/wp\/v2\/product_cat?post=67068"},{"taxonomy":"product_tag","embeddable":true,"href":"https:\/\/www.lavillagardendesign.com\/fr\/wp-json\/wp\/v2\/product_tag?post=67068"}],"curies":[{"name":"wp","href":"https:\/\/api.w.org\/{rel}","templated":true}]}}