{"id":67033,"date":"2026-03-06T18:35:22","date_gmt":"2026-03-06T17:35:22","guid":{"rendered":"https:\/\/www.lavillagardendesign.com\/product\/fiesta-comptoir-de-bar-exterieur-120cm\/"},"modified":"2026-03-09T09:57:44","modified_gmt":"2026-03-09T08:57:44","slug":"fiesta-comptoir-de-bar-exterieur-120cm","status":"publish","type":"product","link":"https:\/\/www.lavillagardendesign.com\/fr\/product\/fiesta-comptoir-de-bar-exterieur-120cm\/","title":{"rendered":"FIESTA &#8211; Comptoir de bar ext\u00e9rieur 120cm"},"content":{"rendered":"","protected":false},"excerpt":{"rendered":"<p>Le bar Fiesta de 120 cm offre une solution compacte sans compromettre l&rsquo;\u00e9l\u00e9gance architecturale. Con\u00e7u par Archirivolto Design, son esth\u00e9tique minimaliste et fonctionnelle s&rsquo;adapte parfaitement aux terrasses priv\u00e9es et aux piscines haut de gamme. Gr\u00e2ce \u00e0 sa construction robuste rotomoul\u00e9e et \u00e0 son poids \u00e9quilibr\u00e9, il assure une stabilit\u00e9 sup\u00e9rieure et une r\u00e9sistance totale aux climats m\u00e9diterran\u00e9ens les plus exigeants, en conservant un aspect impeccable pendant des ann\u00e9es.  <\/p>\n","protected":false},"featured_media":66133,"comment_status":"open","ping_status":"closed","template":"","meta":[],"product_brand":[5000],"product_cat":[6832,2944,2947],"product_tag":[],"class_list":{"0":"post-67033","1":"product","2":"type-product","3":"status-publish","4":"has-post-thumbnail","6":"product_brand-vondom","7":"product_cat-outdoor-fr","8":"product_cat-tables-fr","9":"product_cat-tables-hautes-bars","11":"first","12":"instock","13":"taxable","14":"shipping-taxable","15":"purchasable","16":"product-type-variable"},"yoast_head":"<!-- This site is optimized with the Yoast SEO plugin v27.1.1 - https:\/\/yoast.com\/product\/yoast-seo-wordpress\/ -->\n<title>FIESTA Comptoir bar d&#039;ext\u00e9rieur 120cm | Luxury Design | La Villa<\/title>\n<meta name=\"description\" content=\"Achetez le comptoir de bar compact FIESTA 120cm. Design exclusif, 100% recyclable, et haute r\u00e9sistance pour les jardins et terrasses de luxe. Qualit\u00e9 sup\u00e9rieure garantie.\" \/>\n<meta name=\"robots\" content=\"index, follow, max-snippet:-1, max-image-preview:large, max-video-preview:-1\" \/>\n<link rel=\"canonical\" href=\"https:\/\/www.lavillagardendesign.com\/fr\/product\/fiesta-comptoir-de-bar-exterieur-120cm\/\" \/>\n<meta property=\"og:locale\" content=\"fr_FR\" \/>\n<meta property=\"og:type\" content=\"article\" \/>\n<meta property=\"og:title\" content=\"FIESTA Comptoir bar d&#039;ext\u00e9rieur 120cm | Luxury Design | La Villa\" \/>\n<meta property=\"og:description\" content=\"Achetez le comptoir de bar compact FIESTA 120cm. Design exclusif, 100% recyclable, et haute r\u00e9sistance pour les jardins et terrasses de luxe. Qualit\u00e9 sup\u00e9rieure garantie.\" \/>\n<meta property=\"og:url\" content=\"https:\/\/www.lavillagardendesign.com\/fr\/product\/fiesta-comptoir-de-bar-exterieur-120cm\/\" \/>\n<meta property=\"og:site_name\" content=\"La Villa Garden&amp;Design\" \/>\n<meta property=\"article:publisher\" content=\"https:\/\/www.facebook.com\/lavillagardendesign\/\" \/>\n<meta property=\"article:modified_time\" content=\"2026-03-09T08:57:44+00:00\" \/>\n<meta property=\"og:image\" content=\"https:\/\/www.lavillagardendesign.com\/wp-content\/uploads\/2026\/03\/1-13.png\" \/>\n\t<meta property=\"og:image:width\" content=\"700\" \/>\n\t<meta property=\"og:image:height\" content=\"800\" \/>\n\t<meta property=\"og:image:type\" content=\"image\/png\" \/>\n<meta name=\"twitter:card\" content=\"summary_large_image\" \/>\n<script type=\"application\/ld+json\" class=\"yoast-schema-graph\">{\"@context\":\"https:\/\/schema.org\",\"@graph\":[{\"@type\":\"WebPage\",\"@id\":\"https:\/\/www.lavillagardendesign.com\/fr\/product\/fiesta-comptoir-de-bar-exterieur-120cm\/\",\"url\":\"https:\/\/www.lavillagardendesign.com\/fr\/product\/fiesta-comptoir-de-bar-exterieur-120cm\/\",\"name\":\"FIESTA Comptoir bar d'ext\u00e9rieur 120cm | Luxury Design | La Villa\",\"isPartOf\":{\"@id\":\"https:\/\/www.lavillagardendesign.com\/#website\"},\"primaryImageOfPage\":{\"@id\":\"https:\/\/www.lavillagardendesign.com\/fr\/product\/fiesta-comptoir-de-bar-exterieur-120cm\/#primaryimage\"},\"image\":{\"@id\":\"https:\/\/www.lavillagardendesign.com\/fr\/product\/fiesta-comptoir-de-bar-exterieur-120cm\/#primaryimage\"},\"thumbnailUrl\":\"https:\/\/www.lavillagardendesign.com\/wp-content\/uploads\/2026\/03\/1-13.png\",\"datePublished\":\"2026-03-06T17:35:22+00:00\",\"dateModified\":\"2026-03-09T08:57:44+00:00\",\"description\":\"Achetez le comptoir de bar compact FIESTA 120cm. Design exclusif, 100% recyclable, et haute r\u00e9sistance pour les jardins et terrasses de luxe. Qualit\u00e9 sup\u00e9rieure garantie.\",\"breadcrumb\":{\"@id\":\"https:\/\/www.lavillagardendesign.com\/fr\/product\/fiesta-comptoir-de-bar-exterieur-120cm\/#breadcrumb\"},\"inLanguage\":\"fr-FR\",\"potentialAction\":[{\"@type\":\"ReadAction\",\"target\":[\"https:\/\/www.lavillagardendesign.com\/fr\/product\/fiesta-comptoir-de-bar-exterieur-120cm\/\"]}]},{\"@type\":\"ImageObject\",\"inLanguage\":\"fr-FR\",\"@id\":\"https:\/\/www.lavillagardendesign.com\/fr\/product\/fiesta-comptoir-de-bar-exterieur-120cm\/#primaryimage\",\"url\":\"https:\/\/www.lavillagardendesign.com\/wp-content\/uploads\/2026\/03\/1-13.png\",\"contentUrl\":\"https:\/\/www.lavillagardendesign.com\/wp-content\/uploads\/2026\/03\/1-13.png\",\"width\":700,\"height\":800},{\"@type\":\"BreadcrumbList\",\"@id\":\"https:\/\/www.lavillagardendesign.com\/fr\/product\/fiesta-comptoir-de-bar-exterieur-120cm\/#breadcrumb\",\"itemListElement\":[{\"@type\":\"ListItem\",\"position\":1,\"name\":\"Home\",\"item\":\"https:\/\/www.lavillagardendesign.com\/\"},{\"@type\":\"ListItem\",\"position\":2,\"name\":\"Boutique\",\"item\":\"https:\/\/www.lavillagardendesign.com\/fr\/boutique\/\"},{\"@type\":\"ListItem\",\"position\":3,\"name\":\"FIESTA &#8211; Comptoir de bar ext\u00e9rieur 120cm\"}]},{\"@type\":\"WebSite\",\"@id\":\"https:\/\/www.lavillagardendesign.com\/#website\",\"url\":\"https:\/\/www.lavillagardendesign.com\/\",\"name\":\"La Villa Garden&Design\",\"description\":\"\",\"publisher\":{\"@id\":\"https:\/\/www.lavillagardendesign.com\/#organization\"},\"potentialAction\":[{\"@type\":\"SearchAction\",\"target\":{\"@type\":\"EntryPoint\",\"urlTemplate\":\"https:\/\/www.lavillagardendesign.com\/?s={search_term_string}\"},\"query-input\":{\"@type\":\"PropertyValueSpecification\",\"valueRequired\":true,\"valueName\":\"search_term_string\"}}],\"inLanguage\":\"fr-FR\"},{\"@type\":\"Organization\",\"@id\":\"https:\/\/www.lavillagardendesign.com\/#organization\",\"name\":\"La Villa Garden&Design\",\"url\":\"https:\/\/www.lavillagardendesign.com\/\",\"logo\":{\"@type\":\"ImageObject\",\"inLanguage\":\"fr-FR\",\"@id\":\"https:\/\/www.lavillagardendesign.com\/#\/schema\/logo\/image\/\",\"url\":\"https:\/\/www.lavillagardendesign.com\/wp-content\/uploads\/2024\/04\/logolavilla.png\",\"contentUrl\":\"https:\/\/www.lavillagardendesign.com\/wp-content\/uploads\/2024\/04\/logolavilla.png\",\"width\":682,\"height\":391,\"caption\":\"La Villa Garden&Design\"},\"image\":{\"@id\":\"https:\/\/www.lavillagardendesign.com\/#\/schema\/logo\/image\/\"},\"sameAs\":[\"https:\/\/www.facebook.com\/lavillagardendesign\/\"]}]}<\/script>\n<!-- \/ Yoast SEO plugin. -->","yoast_head_json":{"title":"FIESTA Comptoir bar d'ext\u00e9rieur 120cm | Luxury Design | La Villa","description":"Achetez le comptoir de bar compact FIESTA 120cm. Design exclusif, 100% recyclable, et haute r\u00e9sistance pour les jardins et terrasses de luxe. Qualit\u00e9 sup\u00e9rieure garantie.","robots":{"index":"index","follow":"follow","max-snippet":"max-snippet:-1","max-image-preview":"max-image-preview:large","max-video-preview":"max-video-preview:-1"},"canonical":"https:\/\/www.lavillagardendesign.com\/fr\/product\/fiesta-comptoir-de-bar-exterieur-120cm\/","og_locale":"fr_FR","og_type":"article","og_title":"FIESTA Comptoir bar d'ext\u00e9rieur 120cm | Luxury Design | La Villa","og_description":"Achetez le comptoir de bar compact FIESTA 120cm. Design exclusif, 100% recyclable, et haute r\u00e9sistance pour les jardins et terrasses de luxe. Qualit\u00e9 sup\u00e9rieure garantie.","og_url":"https:\/\/www.lavillagardendesign.com\/fr\/product\/fiesta-comptoir-de-bar-exterieur-120cm\/","og_site_name":"La Villa Garden&amp;Design","article_publisher":"https:\/\/www.facebook.com\/lavillagardendesign\/","article_modified_time":"2026-03-09T08:57:44+00:00","og_image":[{"width":700,"height":800,"url":"https:\/\/www.lavillagardendesign.com\/wp-content\/uploads\/2026\/03\/1-13.png","type":"image\/png"}],"twitter_card":"summary_large_image","schema":{"@context":"https:\/\/schema.org","@graph":[{"@type":"WebPage","@id":"https:\/\/www.lavillagardendesign.com\/fr\/product\/fiesta-comptoir-de-bar-exterieur-120cm\/","url":"https:\/\/www.lavillagardendesign.com\/fr\/product\/fiesta-comptoir-de-bar-exterieur-120cm\/","name":"FIESTA Comptoir bar d'ext\u00e9rieur 120cm | Luxury Design | La Villa","isPartOf":{"@id":"https:\/\/www.lavillagardendesign.com\/#website"},"primaryImageOfPage":{"@id":"https:\/\/www.lavillagardendesign.com\/fr\/product\/fiesta-comptoir-de-bar-exterieur-120cm\/#primaryimage"},"image":{"@id":"https:\/\/www.lavillagardendesign.com\/fr\/product\/fiesta-comptoir-de-bar-exterieur-120cm\/#primaryimage"},"thumbnailUrl":"https:\/\/www.lavillagardendesign.com\/wp-content\/uploads\/2026\/03\/1-13.png","datePublished":"2026-03-06T17:35:22+00:00","dateModified":"2026-03-09T08:57:44+00:00","description":"Achetez le comptoir de bar compact FIESTA 120cm. Design exclusif, 100% recyclable, et haute r\u00e9sistance pour les jardins et terrasses de luxe. Qualit\u00e9 sup\u00e9rieure garantie.","breadcrumb":{"@id":"https:\/\/www.lavillagardendesign.com\/fr\/product\/fiesta-comptoir-de-bar-exterieur-120cm\/#breadcrumb"},"inLanguage":"fr-FR","potentialAction":[{"@type":"ReadAction","target":["https:\/\/www.lavillagardendesign.com\/fr\/product\/fiesta-comptoir-de-bar-exterieur-120cm\/"]}]},{"@type":"ImageObject","inLanguage":"fr-FR","@id":"https:\/\/www.lavillagardendesign.com\/fr\/product\/fiesta-comptoir-de-bar-exterieur-120cm\/#primaryimage","url":"https:\/\/www.lavillagardendesign.com\/wp-content\/uploads\/2026\/03\/1-13.png","contentUrl":"https:\/\/www.lavillagardendesign.com\/wp-content\/uploads\/2026\/03\/1-13.png","width":700,"height":800},{"@type":"BreadcrumbList","@id":"https:\/\/www.lavillagardendesign.com\/fr\/product\/fiesta-comptoir-de-bar-exterieur-120cm\/#breadcrumb","itemListElement":[{"@type":"ListItem","position":1,"name":"Home","item":"https:\/\/www.lavillagardendesign.com\/"},{"@type":"ListItem","position":2,"name":"Boutique","item":"https:\/\/www.lavillagardendesign.com\/fr\/boutique\/"},{"@type":"ListItem","position":3,"name":"FIESTA &#8211; Comptoir de bar ext\u00e9rieur 120cm"}]},{"@type":"WebSite","@id":"https:\/\/www.lavillagardendesign.com\/#website","url":"https:\/\/www.lavillagardendesign.com\/","name":"La Villa Garden&Design","description":"","publisher":{"@id":"https:\/\/www.lavillagardendesign.com\/#organization"},"potentialAction":[{"@type":"SearchAction","target":{"@type":"EntryPoint","urlTemplate":"https:\/\/www.lavillagardendesign.com\/?s={search_term_string}"},"query-input":{"@type":"PropertyValueSpecification","valueRequired":true,"valueName":"search_term_string"}}],"inLanguage":"fr-FR"},{"@type":"Organization","@id":"https:\/\/www.lavillagardendesign.com\/#organization","name":"La Villa Garden&Design","url":"https:\/\/www.lavillagardendesign.com\/","logo":{"@type":"ImageObject","inLanguage":"fr-FR","@id":"https:\/\/www.lavillagardendesign.com\/#\/schema\/logo\/image\/","url":"https:\/\/www.lavillagardendesign.com\/wp-content\/uploads\/2024\/04\/logolavilla.png","contentUrl":"https:\/\/www.lavillagardendesign.com\/wp-content\/uploads\/2024\/04\/logolavilla.png","width":682,"height":391,"caption":"La Villa Garden&Design"},"image":{"@id":"https:\/\/www.lavillagardendesign.com\/#\/schema\/logo\/image\/"},"sameAs":["https:\/\/www.facebook.com\/lavillagardendesign\/"]}]}},"_links":{"self":[{"href":"https:\/\/www.lavillagardendesign.com\/fr\/wp-json\/wp\/v2\/product\/67033","targetHints":{"allow":["GET"]}}],"collection":[{"href":"https:\/\/www.lavillagardendesign.com\/fr\/wp-json\/wp\/v2\/product"}],"about":[{"href":"https:\/\/www.lavillagardendesign.com\/fr\/wp-json\/wp\/v2\/types\/product"}],"replies":[{"embeddable":true,"href":"https:\/\/www.lavillagardendesign.com\/fr\/wp-json\/wp\/v2\/comments?post=67033"}],"version-history":[{"count":1,"href":"https:\/\/www.lavillagardendesign.com\/fr\/wp-json\/wp\/v2\/product\/67033\/revisions"}],"predecessor-version":[{"id":67230,"href":"https:\/\/www.lavillagardendesign.com\/fr\/wp-json\/wp\/v2\/product\/67033\/revisions\/67230"}],"wp:featuredmedia":[{"embeddable":true,"href":"https:\/\/www.lavillagardendesign.com\/fr\/wp-json\/wp\/v2\/media\/66133"}],"wp:attachment":[{"href":"https:\/\/www.lavillagardendesign.com\/fr\/wp-json\/wp\/v2\/media?parent=67033"}],"wp:term":[{"taxonomy":"product_brand","embeddable":true,"href":"https:\/\/www.lavillagardendesign.com\/fr\/wp-json\/wp\/v2\/product_brand?post=67033"},{"taxonomy":"product_cat","embeddable":true,"href":"https:\/\/www.lavillagardendesign.com\/fr\/wp-json\/wp\/v2\/product_cat?post=67033"},{"taxonomy":"product_tag","embeddable":true,"href":"https:\/\/www.lavillagardendesign.com\/fr\/wp-json\/wp\/v2\/product_tag?post=67033"}],"curies":[{"name":"wp","href":"https:\/\/api.w.org\/{rel}","templated":true}]}}