{"id":67018,"date":"2026-03-06T18:35:21","date_gmt":"2026-03-06T17:35:21","guid":{"rendered":"https:\/\/www.lavillagardendesign.com\/product\/fiesta-comptoir-de-bar-exterieur-courbe\/"},"modified":"2026-03-09T09:59:08","modified_gmt":"2026-03-09T08:59:08","slug":"fiesta-comptoir-de-bar-exterieur-courbe","status":"publish","type":"product","link":"https:\/\/www.lavillagardendesign.com\/fr\/product\/fiesta-comptoir-de-bar-exterieur-courbe\/","title":{"rendered":"FIESTA &#8211; Comptoir de bar ext\u00e9rieur courb\u00e9"},"content":{"rendered":"","protected":false},"excerpt":{"rendered":"<p>Le bar courbe Fiesta, con\u00e7u par Archirivolto Design, allie la fonctionnalit\u00e9 d&rsquo;un espace de divertissement \u00e0 la puret\u00e9 des formes m\u00e9diterran\u00e9ennes. Sa silhouette sinueuse permet une infinit\u00e9 de configurations modulaires, ce qui en fait la pi\u00e8ce ma\u00eetresse id\u00e9ale pour les \u00e9v\u00e9nements exclusifs dans les jardins et les terrasses de luxe. Fabriqu\u00e9 par rotomoulage, ce bar se distingue non seulement par son esth\u00e9tique avant-gardiste, mais aussi par sa capacit\u00e9 \u00e0 r\u00e9sister aux conditions climatiques les plus exigeantes sans perdre son \u00e9l\u00e9gance originelle.  <\/p>\n","protected":false},"featured_media":66161,"comment_status":"open","ping_status":"closed","template":"","meta":[],"product_brand":[5000],"product_cat":[6832,2944,2947],"product_tag":[],"class_list":{"0":"post-67018","1":"product","2":"type-product","3":"status-publish","4":"has-post-thumbnail","6":"product_brand-vondom","7":"product_cat-outdoor-fr","8":"product_cat-tables-fr","9":"product_cat-tables-hautes-bars","11":"first","12":"instock","13":"taxable","14":"shipping-taxable","15":"purchasable","16":"product-type-variable"},"yoast_head":"<!-- This site is optimized with the Yoast SEO plugin v27.1.1 - https:\/\/yoast.com\/product\/yoast-seo-wordpress\/ -->\n<title>FIESTA Curved Outdoor Bar | Luxury Modular Design | La Villa<\/title>\n<meta name=\"description\" content=\"D\u00e9couvrez le comptoir de bar incurv\u00e9 FIESTA. Conception modulaire exclusive pour l&#039;ext\u00e9rieur haut de gamme. Durable, \u00e9l\u00e9gant et 100% recyclable. La touche premium pour votre terrasse.\" \/>\n<meta name=\"robots\" content=\"index, follow, max-snippet:-1, max-image-preview:large, max-video-preview:-1\" \/>\n<link rel=\"canonical\" href=\"https:\/\/www.lavillagardendesign.com\/fr\/product\/fiesta-comptoir-de-bar-exterieur-courbe\/\" \/>\n<meta property=\"og:locale\" content=\"fr_FR\" \/>\n<meta property=\"og:type\" content=\"article\" \/>\n<meta property=\"og:title\" content=\"FIESTA Curved Outdoor Bar | Luxury Modular Design | La Villa\" \/>\n<meta property=\"og:description\" content=\"D\u00e9couvrez le comptoir de bar incurv\u00e9 FIESTA. Conception modulaire exclusive pour l&#039;ext\u00e9rieur haut de gamme. Durable, \u00e9l\u00e9gant et 100% recyclable. La touche premium pour votre terrasse.\" \/>\n<meta property=\"og:url\" content=\"https:\/\/www.lavillagardendesign.com\/fr\/product\/fiesta-comptoir-de-bar-exterieur-courbe\/\" \/>\n<meta property=\"og:site_name\" content=\"La Villa Garden&amp;Design\" \/>\n<meta property=\"article:publisher\" content=\"https:\/\/www.facebook.com\/lavillagardendesign\/\" \/>\n<meta property=\"article:modified_time\" content=\"2026-03-09T08:59:08+00:00\" \/>\n<meta property=\"og:image\" content=\"https:\/\/www.lavillagardendesign.com\/wp-content\/uploads\/2026\/03\/1-15.png\" \/>\n\t<meta property=\"og:image:width\" content=\"700\" \/>\n\t<meta property=\"og:image:height\" content=\"800\" \/>\n\t<meta property=\"og:image:type\" content=\"image\/png\" \/>\n<meta name=\"twitter:card\" content=\"summary_large_image\" \/>\n<script type=\"application\/ld+json\" class=\"yoast-schema-graph\">{\"@context\":\"https:\/\/schema.org\",\"@graph\":[{\"@type\":\"WebPage\",\"@id\":\"https:\/\/www.lavillagardendesign.com\/fr\/product\/fiesta-comptoir-de-bar-exterieur-courbe\/\",\"url\":\"https:\/\/www.lavillagardendesign.com\/fr\/product\/fiesta-comptoir-de-bar-exterieur-courbe\/\",\"name\":\"FIESTA Curved Outdoor Bar | Luxury Modular Design | La Villa\",\"isPartOf\":{\"@id\":\"https:\/\/www.lavillagardendesign.com\/#website\"},\"primaryImageOfPage\":{\"@id\":\"https:\/\/www.lavillagardendesign.com\/fr\/product\/fiesta-comptoir-de-bar-exterieur-courbe\/#primaryimage\"},\"image\":{\"@id\":\"https:\/\/www.lavillagardendesign.com\/fr\/product\/fiesta-comptoir-de-bar-exterieur-courbe\/#primaryimage\"},\"thumbnailUrl\":\"https:\/\/www.lavillagardendesign.com\/wp-content\/uploads\/2026\/03\/1-15.png\",\"datePublished\":\"2026-03-06T17:35:21+00:00\",\"dateModified\":\"2026-03-09T08:59:08+00:00\",\"description\":\"D\u00e9couvrez le comptoir de bar incurv\u00e9 FIESTA. Conception modulaire exclusive pour l'ext\u00e9rieur haut de gamme. Durable, \u00e9l\u00e9gant et 100% recyclable. La touche premium pour votre terrasse.\",\"breadcrumb\":{\"@id\":\"https:\/\/www.lavillagardendesign.com\/fr\/product\/fiesta-comptoir-de-bar-exterieur-courbe\/#breadcrumb\"},\"inLanguage\":\"fr-FR\",\"potentialAction\":[{\"@type\":\"ReadAction\",\"target\":[\"https:\/\/www.lavillagardendesign.com\/fr\/product\/fiesta-comptoir-de-bar-exterieur-courbe\/\"]}]},{\"@type\":\"ImageObject\",\"inLanguage\":\"fr-FR\",\"@id\":\"https:\/\/www.lavillagardendesign.com\/fr\/product\/fiesta-comptoir-de-bar-exterieur-courbe\/#primaryimage\",\"url\":\"https:\/\/www.lavillagardendesign.com\/wp-content\/uploads\/2026\/03\/1-15.png\",\"contentUrl\":\"https:\/\/www.lavillagardendesign.com\/wp-content\/uploads\/2026\/03\/1-15.png\",\"width\":700,\"height\":800},{\"@type\":\"BreadcrumbList\",\"@id\":\"https:\/\/www.lavillagardendesign.com\/fr\/product\/fiesta-comptoir-de-bar-exterieur-courbe\/#breadcrumb\",\"itemListElement\":[{\"@type\":\"ListItem\",\"position\":1,\"name\":\"Home\",\"item\":\"https:\/\/www.lavillagardendesign.com\/\"},{\"@type\":\"ListItem\",\"position\":2,\"name\":\"Boutique\",\"item\":\"https:\/\/www.lavillagardendesign.com\/fr\/boutique\/\"},{\"@type\":\"ListItem\",\"position\":3,\"name\":\"FIESTA &#8211; Comptoir de bar ext\u00e9rieur courb\u00e9\"}]},{\"@type\":\"WebSite\",\"@id\":\"https:\/\/www.lavillagardendesign.com\/#website\",\"url\":\"https:\/\/www.lavillagardendesign.com\/\",\"name\":\"La Villa Garden&Design\",\"description\":\"\",\"publisher\":{\"@id\":\"https:\/\/www.lavillagardendesign.com\/#organization\"},\"potentialAction\":[{\"@type\":\"SearchAction\",\"target\":{\"@type\":\"EntryPoint\",\"urlTemplate\":\"https:\/\/www.lavillagardendesign.com\/?s={search_term_string}\"},\"query-input\":{\"@type\":\"PropertyValueSpecification\",\"valueRequired\":true,\"valueName\":\"search_term_string\"}}],\"inLanguage\":\"fr-FR\"},{\"@type\":\"Organization\",\"@id\":\"https:\/\/www.lavillagardendesign.com\/#organization\",\"name\":\"La Villa Garden&Design\",\"url\":\"https:\/\/www.lavillagardendesign.com\/\",\"logo\":{\"@type\":\"ImageObject\",\"inLanguage\":\"fr-FR\",\"@id\":\"https:\/\/www.lavillagardendesign.com\/#\/schema\/logo\/image\/\",\"url\":\"https:\/\/www.lavillagardendesign.com\/wp-content\/uploads\/2024\/04\/logolavilla.png\",\"contentUrl\":\"https:\/\/www.lavillagardendesign.com\/wp-content\/uploads\/2024\/04\/logolavilla.png\",\"width\":682,\"height\":391,\"caption\":\"La Villa Garden&Design\"},\"image\":{\"@id\":\"https:\/\/www.lavillagardendesign.com\/#\/schema\/logo\/image\/\"},\"sameAs\":[\"https:\/\/www.facebook.com\/lavillagardendesign\/\"]}]}<\/script>\n<!-- \/ Yoast SEO plugin. -->","yoast_head_json":{"title":"FIESTA Curved Outdoor Bar | Luxury Modular Design | La Villa","description":"D\u00e9couvrez le comptoir de bar incurv\u00e9 FIESTA. Conception modulaire exclusive pour l'ext\u00e9rieur haut de gamme. Durable, \u00e9l\u00e9gant et 100% recyclable. La touche premium pour votre terrasse.","robots":{"index":"index","follow":"follow","max-snippet":"max-snippet:-1","max-image-preview":"max-image-preview:large","max-video-preview":"max-video-preview:-1"},"canonical":"https:\/\/www.lavillagardendesign.com\/fr\/product\/fiesta-comptoir-de-bar-exterieur-courbe\/","og_locale":"fr_FR","og_type":"article","og_title":"FIESTA Curved Outdoor Bar | Luxury Modular Design | La Villa","og_description":"D\u00e9couvrez le comptoir de bar incurv\u00e9 FIESTA. Conception modulaire exclusive pour l'ext\u00e9rieur haut de gamme. Durable, \u00e9l\u00e9gant et 100% recyclable. La touche premium pour votre terrasse.","og_url":"https:\/\/www.lavillagardendesign.com\/fr\/product\/fiesta-comptoir-de-bar-exterieur-courbe\/","og_site_name":"La Villa Garden&amp;Design","article_publisher":"https:\/\/www.facebook.com\/lavillagardendesign\/","article_modified_time":"2026-03-09T08:59:08+00:00","og_image":[{"width":700,"height":800,"url":"https:\/\/www.lavillagardendesign.com\/wp-content\/uploads\/2026\/03\/1-15.png","type":"image\/png"}],"twitter_card":"summary_large_image","schema":{"@context":"https:\/\/schema.org","@graph":[{"@type":"WebPage","@id":"https:\/\/www.lavillagardendesign.com\/fr\/product\/fiesta-comptoir-de-bar-exterieur-courbe\/","url":"https:\/\/www.lavillagardendesign.com\/fr\/product\/fiesta-comptoir-de-bar-exterieur-courbe\/","name":"FIESTA Curved Outdoor Bar | Luxury Modular Design | La Villa","isPartOf":{"@id":"https:\/\/www.lavillagardendesign.com\/#website"},"primaryImageOfPage":{"@id":"https:\/\/www.lavillagardendesign.com\/fr\/product\/fiesta-comptoir-de-bar-exterieur-courbe\/#primaryimage"},"image":{"@id":"https:\/\/www.lavillagardendesign.com\/fr\/product\/fiesta-comptoir-de-bar-exterieur-courbe\/#primaryimage"},"thumbnailUrl":"https:\/\/www.lavillagardendesign.com\/wp-content\/uploads\/2026\/03\/1-15.png","datePublished":"2026-03-06T17:35:21+00:00","dateModified":"2026-03-09T08:59:08+00:00","description":"D\u00e9couvrez le comptoir de bar incurv\u00e9 FIESTA. Conception modulaire exclusive pour l'ext\u00e9rieur haut de gamme. Durable, \u00e9l\u00e9gant et 100% recyclable. La touche premium pour votre terrasse.","breadcrumb":{"@id":"https:\/\/www.lavillagardendesign.com\/fr\/product\/fiesta-comptoir-de-bar-exterieur-courbe\/#breadcrumb"},"inLanguage":"fr-FR","potentialAction":[{"@type":"ReadAction","target":["https:\/\/www.lavillagardendesign.com\/fr\/product\/fiesta-comptoir-de-bar-exterieur-courbe\/"]}]},{"@type":"ImageObject","inLanguage":"fr-FR","@id":"https:\/\/www.lavillagardendesign.com\/fr\/product\/fiesta-comptoir-de-bar-exterieur-courbe\/#primaryimage","url":"https:\/\/www.lavillagardendesign.com\/wp-content\/uploads\/2026\/03\/1-15.png","contentUrl":"https:\/\/www.lavillagardendesign.com\/wp-content\/uploads\/2026\/03\/1-15.png","width":700,"height":800},{"@type":"BreadcrumbList","@id":"https:\/\/www.lavillagardendesign.com\/fr\/product\/fiesta-comptoir-de-bar-exterieur-courbe\/#breadcrumb","itemListElement":[{"@type":"ListItem","position":1,"name":"Home","item":"https:\/\/www.lavillagardendesign.com\/"},{"@type":"ListItem","position":2,"name":"Boutique","item":"https:\/\/www.lavillagardendesign.com\/fr\/boutique\/"},{"@type":"ListItem","position":3,"name":"FIESTA &#8211; Comptoir de bar ext\u00e9rieur courb\u00e9"}]},{"@type":"WebSite","@id":"https:\/\/www.lavillagardendesign.com\/#website","url":"https:\/\/www.lavillagardendesign.com\/","name":"La Villa Garden&Design","description":"","publisher":{"@id":"https:\/\/www.lavillagardendesign.com\/#organization"},"potentialAction":[{"@type":"SearchAction","target":{"@type":"EntryPoint","urlTemplate":"https:\/\/www.lavillagardendesign.com\/?s={search_term_string}"},"query-input":{"@type":"PropertyValueSpecification","valueRequired":true,"valueName":"search_term_string"}}],"inLanguage":"fr-FR"},{"@type":"Organization","@id":"https:\/\/www.lavillagardendesign.com\/#organization","name":"La Villa Garden&Design","url":"https:\/\/www.lavillagardendesign.com\/","logo":{"@type":"ImageObject","inLanguage":"fr-FR","@id":"https:\/\/www.lavillagardendesign.com\/#\/schema\/logo\/image\/","url":"https:\/\/www.lavillagardendesign.com\/wp-content\/uploads\/2024\/04\/logolavilla.png","contentUrl":"https:\/\/www.lavillagardendesign.com\/wp-content\/uploads\/2024\/04\/logolavilla.png","width":682,"height":391,"caption":"La Villa Garden&Design"},"image":{"@id":"https:\/\/www.lavillagardendesign.com\/#\/schema\/logo\/image\/"},"sameAs":["https:\/\/www.facebook.com\/lavillagardendesign\/"]}]}},"_links":{"self":[{"href":"https:\/\/www.lavillagardendesign.com\/fr\/wp-json\/wp\/v2\/product\/67018","targetHints":{"allow":["GET"]}}],"collection":[{"href":"https:\/\/www.lavillagardendesign.com\/fr\/wp-json\/wp\/v2\/product"}],"about":[{"href":"https:\/\/www.lavillagardendesign.com\/fr\/wp-json\/wp\/v2\/types\/product"}],"replies":[{"embeddable":true,"href":"https:\/\/www.lavillagardendesign.com\/fr\/wp-json\/wp\/v2\/comments?post=67018"}],"version-history":[{"count":1,"href":"https:\/\/www.lavillagardendesign.com\/fr\/wp-json\/wp\/v2\/product\/67018\/revisions"}],"predecessor-version":[{"id":67234,"href":"https:\/\/www.lavillagardendesign.com\/fr\/wp-json\/wp\/v2\/product\/67018\/revisions\/67234"}],"wp:featuredmedia":[{"embeddable":true,"href":"https:\/\/www.lavillagardendesign.com\/fr\/wp-json\/wp\/v2\/media\/66161"}],"wp:attachment":[{"href":"https:\/\/www.lavillagardendesign.com\/fr\/wp-json\/wp\/v2\/media?parent=67018"}],"wp:term":[{"taxonomy":"product_brand","embeddable":true,"href":"https:\/\/www.lavillagardendesign.com\/fr\/wp-json\/wp\/v2\/product_brand?post=67018"},{"taxonomy":"product_cat","embeddable":true,"href":"https:\/\/www.lavillagardendesign.com\/fr\/wp-json\/wp\/v2\/product_cat?post=67018"},{"taxonomy":"product_tag","embeddable":true,"href":"https:\/\/www.lavillagardendesign.com\/fr\/wp-json\/wp\/v2\/product_tag?post=67018"}],"curies":[{"name":"wp","href":"https:\/\/api.w.org\/{rel}","templated":true}]}}