{"id":66977,"date":"2026-03-06T18:35:15","date_gmt":"2026-03-06T17:35:15","guid":{"rendered":"https:\/\/www.lavillagardendesign.com\/product\/vela-chaise-longue-modulaire-dexterieur\/"},"modified":"2026-03-06T18:35:15","modified_gmt":"2026-03-06T17:35:15","slug":"vela-chaise-longue-modulaire-dexterieur","status":"publish","type":"product","link":"https:\/\/www.lavillagardendesign.com\/fr\/product\/vela-chaise-longue-modulaire-dexterieur\/","title":{"rendered":"VELA &#8211; Chaise longue modulaire d&rsquo;ext\u00e9rieur"},"content":{"rendered":"","protected":false},"excerpt":{"rendered":"<p>La chaise longue Vela, une cr\u00e9ation magistrale de Ram\u00f3n Esteve, incarne l&rsquo;\u00e9quilibre entre l&rsquo;architecture moderne et le confort supr\u00eame. Son design aux volumes pr\u00e9cis et aux proportions \u00e9l\u00e9gantes en fait la pi\u00e8ce ma\u00eetresse des terrasses en hauteur et des espaces de d\u00e9tente exclusifs. Fabriqu\u00e9 \u00e0 l&rsquo;aide de la technologie du rotomoulage, il garantit une durabilit\u00e9 exceptionnelle contre les \u00e9l\u00e9ments, tout en conservant une esth\u00e9tique minimaliste qui invite \u00e0 une relaxation sophistiqu\u00e9e.  <\/p>\n","protected":false},"featured_media":66303,"comment_status":"open","ping_status":"closed","template":"","meta":[],"product_brand":[5000],"product_cat":[6832,2935,2936],"product_tag":[],"class_list":{"0":"post-66977","1":"product","2":"type-product","3":"status-publish","4":"has-post-thumbnail","6":"product_brand-vondom","7":"product_cat-outdoor-fr","8":"product_cat-canapes-fauteuils","9":"product_cat-fauteuils","11":"first","12":"instock","13":"taxable","14":"shipping-taxable","15":"purchasable","16":"product-type-variable"},"yoast_head":"<!-- This site is optimized with the Yoast SEO plugin v27.1.1 - https:\/\/yoast.com\/product\/yoast-seo-wordpress\/ -->\n<title>VELA - Chaise longue modulaire d&#039;ext\u00e9rieur - La Villa Garden&amp;Design<\/title>\n<meta name=\"robots\" content=\"index, follow, max-snippet:-1, max-image-preview:large, max-video-preview:-1\" \/>\n<link rel=\"canonical\" href=\"https:\/\/www.lavillagardendesign.com\/product\/vela-chaise-longue-modulaire-dexterieur\/\" \/>\n<meta property=\"og:locale\" content=\"fr_FR\" \/>\n<meta property=\"og:type\" content=\"article\" \/>\n<meta property=\"og:title\" content=\"VELA - Chaise longue modulaire d&#039;ext\u00e9rieur - La Villa Garden&amp;Design\" \/>\n<meta property=\"og:description\" content=\"La chaise longue Vela, une cr\u00e9ation magistrale de Ram\u00f3n Esteve, incarne l&#039;\u00e9quilibre entre l&#039;architecture moderne et le confort supr\u00eame. Son design aux volumes pr\u00e9cis et aux proportions \u00e9l\u00e9gantes en fait la pi\u00e8ce ma\u00eetresse des terrasses en hauteur et des espaces de d\u00e9tente exclusifs. Fabriqu\u00e9 \u00e0 l&#039;aide de la technologie du rotomoulage, il garantit une durabilit\u00e9 exceptionnelle contre les \u00e9l\u00e9ments, tout en conservant une esth\u00e9tique minimaliste qui invite \u00e0 une relaxation sophistiqu\u00e9e.\" \/>\n<meta property=\"og:url\" content=\"https:\/\/www.lavillagardendesign.com\/product\/vela-chaise-longue-modulaire-dexterieur\/\" \/>\n<meta property=\"og:site_name\" content=\"La Villa Garden&amp;Design\" \/>\n<meta property=\"article:publisher\" content=\"https:\/\/www.facebook.com\/lavillagardendesign\/\" \/>\n<meta name=\"twitter:card\" content=\"summary_large_image\" \/>\n<script type=\"application\/ld+json\" class=\"yoast-schema-graph\">{\"@context\":\"https:\/\/schema.org\",\"@graph\":[{\"@type\":\"WebPage\",\"@id\":\"https:\/\/www.lavillagardendesign.com\/product\/vela-chaise-longue-modulaire-dexterieur\/\",\"url\":\"https:\/\/www.lavillagardendesign.com\/product\/vela-chaise-longue-modulaire-dexterieur\/\",\"name\":\"VELA - Chaise longue modulaire d'ext\u00e9rieur - La Villa Garden&amp;Design\",\"isPartOf\":{\"@id\":\"https:\/\/www.lavillagardendesign.com\/#website\"},\"primaryImageOfPage\":{\"@id\":\"https:\/\/www.lavillagardendesign.com\/product\/vela-chaise-longue-modulaire-dexterieur\/#primaryimage\"},\"image\":{\"@id\":\"https:\/\/www.lavillagardendesign.com\/product\/vela-chaise-longue-modulaire-dexterieur\/#primaryimage\"},\"thumbnailUrl\":\"https:\/\/www.lavillagardendesign.com\/wp-content\/uploads\/2026\/03\/1-20.png\",\"datePublished\":\"2026-03-06T17:35:15+00:00\",\"breadcrumb\":{\"@id\":\"https:\/\/www.lavillagardendesign.com\/product\/vela-chaise-longue-modulaire-dexterieur\/#breadcrumb\"},\"inLanguage\":\"fr-FR\",\"potentialAction\":[{\"@type\":\"ReadAction\",\"target\":[\"https:\/\/www.lavillagardendesign.com\/product\/vela-chaise-longue-modulaire-dexterieur\/\"]}]},{\"@type\":\"ImageObject\",\"inLanguage\":\"fr-FR\",\"@id\":\"https:\/\/www.lavillagardendesign.com\/product\/vela-chaise-longue-modulaire-dexterieur\/#primaryimage\",\"url\":\"https:\/\/www.lavillagardendesign.com\/wp-content\/uploads\/2026\/03\/1-20.png\",\"contentUrl\":\"https:\/\/www.lavillagardendesign.com\/wp-content\/uploads\/2026\/03\/1-20.png\",\"width\":700,\"height\":800},{\"@type\":\"BreadcrumbList\",\"@id\":\"https:\/\/www.lavillagardendesign.com\/product\/vela-chaise-longue-modulaire-dexterieur\/#breadcrumb\",\"itemListElement\":[{\"@type\":\"ListItem\",\"position\":1,\"name\":\"Home\",\"item\":\"https:\/\/www.lavillagardendesign.com\/\"},{\"@type\":\"ListItem\",\"position\":2,\"name\":\"Boutique\",\"item\":\"https:\/\/www.lavillagardendesign.com\/fr\/boutique\/\"},{\"@type\":\"ListItem\",\"position\":3,\"name\":\"VELA &#8211; Chaise longue modulaire d&rsquo;ext\u00e9rieur\"}]},{\"@type\":\"WebSite\",\"@id\":\"https:\/\/www.lavillagardendesign.com\/#website\",\"url\":\"https:\/\/www.lavillagardendesign.com\/\",\"name\":\"La Villa Garden&Design\",\"description\":\"\",\"publisher\":{\"@id\":\"https:\/\/www.lavillagardendesign.com\/#organization\"},\"potentialAction\":[{\"@type\":\"SearchAction\",\"target\":{\"@type\":\"EntryPoint\",\"urlTemplate\":\"https:\/\/www.lavillagardendesign.com\/?s={search_term_string}\"},\"query-input\":{\"@type\":\"PropertyValueSpecification\",\"valueRequired\":true,\"valueName\":\"search_term_string\"}}],\"inLanguage\":\"fr-FR\"},{\"@type\":\"Organization\",\"@id\":\"https:\/\/www.lavillagardendesign.com\/#organization\",\"name\":\"La Villa Garden&Design\",\"url\":\"https:\/\/www.lavillagardendesign.com\/\",\"logo\":{\"@type\":\"ImageObject\",\"inLanguage\":\"fr-FR\",\"@id\":\"https:\/\/www.lavillagardendesign.com\/#\/schema\/logo\/image\/\",\"url\":\"https:\/\/www.lavillagardendesign.com\/wp-content\/uploads\/2024\/04\/logolavilla.png\",\"contentUrl\":\"https:\/\/www.lavillagardendesign.com\/wp-content\/uploads\/2024\/04\/logolavilla.png\",\"width\":682,\"height\":391,\"caption\":\"La Villa Garden&Design\"},\"image\":{\"@id\":\"https:\/\/www.lavillagardendesign.com\/#\/schema\/logo\/image\/\"},\"sameAs\":[\"https:\/\/www.facebook.com\/lavillagardendesign\/\"]}]}<\/script>\n<!-- \/ Yoast SEO plugin. -->","yoast_head_json":{"title":"VELA - Chaise longue modulaire d'ext\u00e9rieur - La Villa Garden&amp;Design","robots":{"index":"index","follow":"follow","max-snippet":"max-snippet:-1","max-image-preview":"max-image-preview:large","max-video-preview":"max-video-preview:-1"},"canonical":"https:\/\/www.lavillagardendesign.com\/product\/vela-chaise-longue-modulaire-dexterieur\/","og_locale":"fr_FR","og_type":"article","og_title":"VELA - Chaise longue modulaire d'ext\u00e9rieur - La Villa Garden&amp;Design","og_description":"La chaise longue Vela, une cr\u00e9ation magistrale de Ram\u00f3n Esteve, incarne l'\u00e9quilibre entre l'architecture moderne et le confort supr\u00eame. Son design aux volumes pr\u00e9cis et aux proportions \u00e9l\u00e9gantes en fait la pi\u00e8ce ma\u00eetresse des terrasses en hauteur et des espaces de d\u00e9tente exclusifs. Fabriqu\u00e9 \u00e0 l'aide de la technologie du rotomoulage, il garantit une durabilit\u00e9 exceptionnelle contre les \u00e9l\u00e9ments, tout en conservant une esth\u00e9tique minimaliste qui invite \u00e0 une relaxation sophistiqu\u00e9e.","og_url":"https:\/\/www.lavillagardendesign.com\/product\/vela-chaise-longue-modulaire-dexterieur\/","og_site_name":"La Villa Garden&amp;Design","article_publisher":"https:\/\/www.facebook.com\/lavillagardendesign\/","twitter_card":"summary_large_image","schema":{"@context":"https:\/\/schema.org","@graph":[{"@type":"WebPage","@id":"https:\/\/www.lavillagardendesign.com\/product\/vela-chaise-longue-modulaire-dexterieur\/","url":"https:\/\/www.lavillagardendesign.com\/product\/vela-chaise-longue-modulaire-dexterieur\/","name":"VELA - Chaise longue modulaire d'ext\u00e9rieur - La Villa Garden&amp;Design","isPartOf":{"@id":"https:\/\/www.lavillagardendesign.com\/#website"},"primaryImageOfPage":{"@id":"https:\/\/www.lavillagardendesign.com\/product\/vela-chaise-longue-modulaire-dexterieur\/#primaryimage"},"image":{"@id":"https:\/\/www.lavillagardendesign.com\/product\/vela-chaise-longue-modulaire-dexterieur\/#primaryimage"},"thumbnailUrl":"https:\/\/www.lavillagardendesign.com\/wp-content\/uploads\/2026\/03\/1-20.png","datePublished":"2026-03-06T17:35:15+00:00","breadcrumb":{"@id":"https:\/\/www.lavillagardendesign.com\/product\/vela-chaise-longue-modulaire-dexterieur\/#breadcrumb"},"inLanguage":"fr-FR","potentialAction":[{"@type":"ReadAction","target":["https:\/\/www.lavillagardendesign.com\/product\/vela-chaise-longue-modulaire-dexterieur\/"]}]},{"@type":"ImageObject","inLanguage":"fr-FR","@id":"https:\/\/www.lavillagardendesign.com\/product\/vela-chaise-longue-modulaire-dexterieur\/#primaryimage","url":"https:\/\/www.lavillagardendesign.com\/wp-content\/uploads\/2026\/03\/1-20.png","contentUrl":"https:\/\/www.lavillagardendesign.com\/wp-content\/uploads\/2026\/03\/1-20.png","width":700,"height":800},{"@type":"BreadcrumbList","@id":"https:\/\/www.lavillagardendesign.com\/product\/vela-chaise-longue-modulaire-dexterieur\/#breadcrumb","itemListElement":[{"@type":"ListItem","position":1,"name":"Home","item":"https:\/\/www.lavillagardendesign.com\/"},{"@type":"ListItem","position":2,"name":"Boutique","item":"https:\/\/www.lavillagardendesign.com\/fr\/boutique\/"},{"@type":"ListItem","position":3,"name":"VELA &#8211; Chaise longue modulaire d&rsquo;ext\u00e9rieur"}]},{"@type":"WebSite","@id":"https:\/\/www.lavillagardendesign.com\/#website","url":"https:\/\/www.lavillagardendesign.com\/","name":"La Villa Garden&Design","description":"","publisher":{"@id":"https:\/\/www.lavillagardendesign.com\/#organization"},"potentialAction":[{"@type":"SearchAction","target":{"@type":"EntryPoint","urlTemplate":"https:\/\/www.lavillagardendesign.com\/?s={search_term_string}"},"query-input":{"@type":"PropertyValueSpecification","valueRequired":true,"valueName":"search_term_string"}}],"inLanguage":"fr-FR"},{"@type":"Organization","@id":"https:\/\/www.lavillagardendesign.com\/#organization","name":"La Villa Garden&Design","url":"https:\/\/www.lavillagardendesign.com\/","logo":{"@type":"ImageObject","inLanguage":"fr-FR","@id":"https:\/\/www.lavillagardendesign.com\/#\/schema\/logo\/image\/","url":"https:\/\/www.lavillagardendesign.com\/wp-content\/uploads\/2024\/04\/logolavilla.png","contentUrl":"https:\/\/www.lavillagardendesign.com\/wp-content\/uploads\/2024\/04\/logolavilla.png","width":682,"height":391,"caption":"La Villa Garden&Design"},"image":{"@id":"https:\/\/www.lavillagardendesign.com\/#\/schema\/logo\/image\/"},"sameAs":["https:\/\/www.facebook.com\/lavillagardendesign\/"]}]}},"_links":{"self":[{"href":"https:\/\/www.lavillagardendesign.com\/fr\/wp-json\/wp\/v2\/product\/66977","targetHints":{"allow":["GET"]}}],"collection":[{"href":"https:\/\/www.lavillagardendesign.com\/fr\/wp-json\/wp\/v2\/product"}],"about":[{"href":"https:\/\/www.lavillagardendesign.com\/fr\/wp-json\/wp\/v2\/types\/product"}],"replies":[{"embeddable":true,"href":"https:\/\/www.lavillagardendesign.com\/fr\/wp-json\/wp\/v2\/comments?post=66977"}],"version-history":[{"count":0,"href":"https:\/\/www.lavillagardendesign.com\/fr\/wp-json\/wp\/v2\/product\/66977\/revisions"}],"wp:featuredmedia":[{"embeddable":true,"href":"https:\/\/www.lavillagardendesign.com\/fr\/wp-json\/wp\/v2\/media\/66303"}],"wp:attachment":[{"href":"https:\/\/www.lavillagardendesign.com\/fr\/wp-json\/wp\/v2\/media?parent=66977"}],"wp:term":[{"taxonomy":"product_brand","embeddable":true,"href":"https:\/\/www.lavillagardendesign.com\/fr\/wp-json\/wp\/v2\/product_brand?post=66977"},{"taxonomy":"product_cat","embeddable":true,"href":"https:\/\/www.lavillagardendesign.com\/fr\/wp-json\/wp\/v2\/product_cat?post=66977"},{"taxonomy":"product_tag","embeddable":true,"href":"https:\/\/www.lavillagardendesign.com\/fr\/wp-json\/wp\/v2\/product_tag?post=66977"}],"curies":[{"name":"wp","href":"https:\/\/api.w.org\/{rel}","templated":true}]}}