{"id":66945,"date":"2026-03-06T18:33:54","date_gmt":"2026-03-06T17:33:54","guid":{"rendered":"https:\/\/www.lavillagardendesign.com\/product\/stone-table-basse-dexterieur-bio\/"},"modified":"2026-03-06T18:33:54","modified_gmt":"2026-03-06T17:33:54","slug":"stone-table-basse-dexterieur-bio","status":"publish","type":"product","link":"https:\/\/www.lavillagardendesign.com\/fr\/product\/stone-table-basse-dexterieur-bio\/","title":{"rendered":"STONE &#8211; Table basse d&rsquo;ext\u00e9rieur bio"},"content":{"rendered":"","protected":false},"excerpt":{"rendered":"<p>La table basse Stone est l&rsquo;\u00e9l\u00e9ment de transition parfait pour les salons d&rsquo;ext\u00e9rieur haut de gamme. Son design, inspir\u00e9 par la douceur des pierres de rivi\u00e8re, apporte une esth\u00e9tique minimaliste et naturaliste \u00e0 toute terrasse ou jardin de luxe. Fabriqu\u00e9e avec des mat\u00e9riaux de pointe, sa l\u00e9g\u00e8ret\u00e9 et sa r\u00e9sistance en font une pi\u00e8ce aussi fonctionnelle que sculpturale, id\u00e9ale pour \u00eatre associ\u00e9e au canap\u00e9 et aux fauteuils de la m\u00eame collection.  <\/p>\n","protected":false},"featured_media":66389,"comment_status":"open","ping_status":"closed","template":"","meta":[],"product_brand":[5000],"product_cat":[6832,2944,2945],"product_tag":[],"class_list":{"0":"post-66945","1":"product","2":"type-product","3":"status-publish","4":"has-post-thumbnail","6":"product_brand-vondom","7":"product_cat-outdoor-fr","8":"product_cat-tables-fr","9":"product_cat-tables-basses","11":"first","12":"instock","13":"taxable","14":"shipping-taxable","15":"purchasable","16":"product-type-variable"},"yoast_head":"<!-- This site is optimized with the Yoast SEO plugin v27.1.1 - https:\/\/yoast.com\/product\/yoast-seo-wordpress\/ -->\n<title>Table basse d&#039;ext\u00e9rieur en pierre | Luxury Organic Design | La Villa<\/title>\n<meta name=\"description\" content=\"Am\u00e9liorez votre jardin avec la table basse STONE. Design organique de Stefano Giovannoni. Durable, \u00e9l\u00e9gante et 100% recyclable. Une qualit\u00e9 sup\u00e9rieure pour votre villa.\" \/>\n<meta name=\"robots\" content=\"index, follow, max-snippet:-1, max-image-preview:large, max-video-preview:-1\" \/>\n<link rel=\"canonical\" href=\"https:\/\/www.lavillagardendesign.com\/fr\/product\/stone-table-basse-dexterieur-bio\/\" \/>\n<meta property=\"og:locale\" content=\"fr_FR\" \/>\n<meta property=\"og:type\" content=\"article\" \/>\n<meta property=\"og:title\" content=\"Table basse d&#039;ext\u00e9rieur en pierre | Luxury Organic Design | La Villa\" \/>\n<meta property=\"og:description\" content=\"Am\u00e9liorez votre jardin avec la table basse STONE. Design organique de Stefano Giovannoni. Durable, \u00e9l\u00e9gante et 100% recyclable. Une qualit\u00e9 sup\u00e9rieure pour votre villa.\" \/>\n<meta property=\"og:url\" content=\"https:\/\/www.lavillagardendesign.com\/fr\/product\/stone-table-basse-dexterieur-bio\/\" \/>\n<meta property=\"og:site_name\" content=\"La Villa Garden&amp;Design\" \/>\n<meta property=\"article:publisher\" content=\"https:\/\/www.facebook.com\/lavillagardendesign\/\" \/>\n<meta property=\"og:image\" content=\"https:\/\/www.lavillagardendesign.com\/wp-content\/uploads\/2026\/03\/2-24.png\" \/>\n\t<meta property=\"og:image:width\" content=\"700\" \/>\n\t<meta property=\"og:image:height\" content=\"800\" \/>\n\t<meta property=\"og:image:type\" content=\"image\/png\" \/>\n<meta name=\"twitter:card\" content=\"summary_large_image\" \/>\n<script type=\"application\/ld+json\" class=\"yoast-schema-graph\">{\"@context\":\"https:\/\/schema.org\",\"@graph\":[{\"@type\":\"WebPage\",\"@id\":\"https:\/\/www.lavillagardendesign.com\/fr\/product\/stone-table-basse-dexterieur-bio\/\",\"url\":\"https:\/\/www.lavillagardendesign.com\/fr\/product\/stone-table-basse-dexterieur-bio\/\",\"name\":\"Table basse d'ext\u00e9rieur en pierre | Luxury Organic Design | La Villa\",\"isPartOf\":{\"@id\":\"https:\/\/www.lavillagardendesign.com\/#website\"},\"primaryImageOfPage\":{\"@id\":\"https:\/\/www.lavillagardendesign.com\/fr\/product\/stone-table-basse-dexterieur-bio\/#primaryimage\"},\"image\":{\"@id\":\"https:\/\/www.lavillagardendesign.com\/fr\/product\/stone-table-basse-dexterieur-bio\/#primaryimage\"},\"thumbnailUrl\":\"https:\/\/www.lavillagardendesign.com\/wp-content\/uploads\/2026\/03\/2-24.png\",\"datePublished\":\"2026-03-06T17:33:54+00:00\",\"description\":\"Am\u00e9liorez votre jardin avec la table basse STONE. Design organique de Stefano Giovannoni. Durable, \u00e9l\u00e9gante et 100% recyclable. Une qualit\u00e9 sup\u00e9rieure pour votre villa.\",\"breadcrumb\":{\"@id\":\"https:\/\/www.lavillagardendesign.com\/fr\/product\/stone-table-basse-dexterieur-bio\/#breadcrumb\"},\"inLanguage\":\"fr-FR\",\"potentialAction\":[{\"@type\":\"ReadAction\",\"target\":[\"https:\/\/www.lavillagardendesign.com\/fr\/product\/stone-table-basse-dexterieur-bio\/\"]}]},{\"@type\":\"ImageObject\",\"inLanguage\":\"fr-FR\",\"@id\":\"https:\/\/www.lavillagardendesign.com\/fr\/product\/stone-table-basse-dexterieur-bio\/#primaryimage\",\"url\":\"https:\/\/www.lavillagardendesign.com\/wp-content\/uploads\/2026\/03\/2-24.png\",\"contentUrl\":\"https:\/\/www.lavillagardendesign.com\/wp-content\/uploads\/2026\/03\/2-24.png\",\"width\":700,\"height\":800},{\"@type\":\"BreadcrumbList\",\"@id\":\"https:\/\/www.lavillagardendesign.com\/fr\/product\/stone-table-basse-dexterieur-bio\/#breadcrumb\",\"itemListElement\":[{\"@type\":\"ListItem\",\"position\":1,\"name\":\"Home\",\"item\":\"https:\/\/www.lavillagardendesign.com\/\"},{\"@type\":\"ListItem\",\"position\":2,\"name\":\"Boutique\",\"item\":\"https:\/\/www.lavillagardendesign.com\/fr\/boutique\/\"},{\"@type\":\"ListItem\",\"position\":3,\"name\":\"STONE &#8211; Table basse d&rsquo;ext\u00e9rieur bio\"}]},{\"@type\":\"WebSite\",\"@id\":\"https:\/\/www.lavillagardendesign.com\/#website\",\"url\":\"https:\/\/www.lavillagardendesign.com\/\",\"name\":\"La Villa Garden&Design\",\"description\":\"\",\"publisher\":{\"@id\":\"https:\/\/www.lavillagardendesign.com\/#organization\"},\"potentialAction\":[{\"@type\":\"SearchAction\",\"target\":{\"@type\":\"EntryPoint\",\"urlTemplate\":\"https:\/\/www.lavillagardendesign.com\/?s={search_term_string}\"},\"query-input\":{\"@type\":\"PropertyValueSpecification\",\"valueRequired\":true,\"valueName\":\"search_term_string\"}}],\"inLanguage\":\"fr-FR\"},{\"@type\":\"Organization\",\"@id\":\"https:\/\/www.lavillagardendesign.com\/#organization\",\"name\":\"La Villa Garden&Design\",\"url\":\"https:\/\/www.lavillagardendesign.com\/\",\"logo\":{\"@type\":\"ImageObject\",\"inLanguage\":\"fr-FR\",\"@id\":\"https:\/\/www.lavillagardendesign.com\/#\/schema\/logo\/image\/\",\"url\":\"https:\/\/www.lavillagardendesign.com\/wp-content\/uploads\/2024\/04\/logolavilla.png\",\"contentUrl\":\"https:\/\/www.lavillagardendesign.com\/wp-content\/uploads\/2024\/04\/logolavilla.png\",\"width\":682,\"height\":391,\"caption\":\"La Villa Garden&Design\"},\"image\":{\"@id\":\"https:\/\/www.lavillagardendesign.com\/#\/schema\/logo\/image\/\"},\"sameAs\":[\"https:\/\/www.facebook.com\/lavillagardendesign\/\"]}]}<\/script>\n<!-- \/ Yoast SEO plugin. -->","yoast_head_json":{"title":"Table basse d'ext\u00e9rieur en pierre | Luxury Organic Design | La Villa","description":"Am\u00e9liorez votre jardin avec la table basse STONE. Design organique de Stefano Giovannoni. Durable, \u00e9l\u00e9gante et 100% recyclable. Une qualit\u00e9 sup\u00e9rieure pour votre villa.","robots":{"index":"index","follow":"follow","max-snippet":"max-snippet:-1","max-image-preview":"max-image-preview:large","max-video-preview":"max-video-preview:-1"},"canonical":"https:\/\/www.lavillagardendesign.com\/fr\/product\/stone-table-basse-dexterieur-bio\/","og_locale":"fr_FR","og_type":"article","og_title":"Table basse d'ext\u00e9rieur en pierre | Luxury Organic Design | La Villa","og_description":"Am\u00e9liorez votre jardin avec la table basse STONE. Design organique de Stefano Giovannoni. Durable, \u00e9l\u00e9gante et 100% recyclable. Une qualit\u00e9 sup\u00e9rieure pour votre villa.","og_url":"https:\/\/www.lavillagardendesign.com\/fr\/product\/stone-table-basse-dexterieur-bio\/","og_site_name":"La Villa Garden&amp;Design","article_publisher":"https:\/\/www.facebook.com\/lavillagardendesign\/","og_image":[{"width":700,"height":800,"url":"https:\/\/www.lavillagardendesign.com\/wp-content\/uploads\/2026\/03\/2-24.png","type":"image\/png"}],"twitter_card":"summary_large_image","schema":{"@context":"https:\/\/schema.org","@graph":[{"@type":"WebPage","@id":"https:\/\/www.lavillagardendesign.com\/fr\/product\/stone-table-basse-dexterieur-bio\/","url":"https:\/\/www.lavillagardendesign.com\/fr\/product\/stone-table-basse-dexterieur-bio\/","name":"Table basse d'ext\u00e9rieur en pierre | Luxury Organic Design | La Villa","isPartOf":{"@id":"https:\/\/www.lavillagardendesign.com\/#website"},"primaryImageOfPage":{"@id":"https:\/\/www.lavillagardendesign.com\/fr\/product\/stone-table-basse-dexterieur-bio\/#primaryimage"},"image":{"@id":"https:\/\/www.lavillagardendesign.com\/fr\/product\/stone-table-basse-dexterieur-bio\/#primaryimage"},"thumbnailUrl":"https:\/\/www.lavillagardendesign.com\/wp-content\/uploads\/2026\/03\/2-24.png","datePublished":"2026-03-06T17:33:54+00:00","description":"Am\u00e9liorez votre jardin avec la table basse STONE. Design organique de Stefano Giovannoni. Durable, \u00e9l\u00e9gante et 100% recyclable. Une qualit\u00e9 sup\u00e9rieure pour votre villa.","breadcrumb":{"@id":"https:\/\/www.lavillagardendesign.com\/fr\/product\/stone-table-basse-dexterieur-bio\/#breadcrumb"},"inLanguage":"fr-FR","potentialAction":[{"@type":"ReadAction","target":["https:\/\/www.lavillagardendesign.com\/fr\/product\/stone-table-basse-dexterieur-bio\/"]}]},{"@type":"ImageObject","inLanguage":"fr-FR","@id":"https:\/\/www.lavillagardendesign.com\/fr\/product\/stone-table-basse-dexterieur-bio\/#primaryimage","url":"https:\/\/www.lavillagardendesign.com\/wp-content\/uploads\/2026\/03\/2-24.png","contentUrl":"https:\/\/www.lavillagardendesign.com\/wp-content\/uploads\/2026\/03\/2-24.png","width":700,"height":800},{"@type":"BreadcrumbList","@id":"https:\/\/www.lavillagardendesign.com\/fr\/product\/stone-table-basse-dexterieur-bio\/#breadcrumb","itemListElement":[{"@type":"ListItem","position":1,"name":"Home","item":"https:\/\/www.lavillagardendesign.com\/"},{"@type":"ListItem","position":2,"name":"Boutique","item":"https:\/\/www.lavillagardendesign.com\/fr\/boutique\/"},{"@type":"ListItem","position":3,"name":"STONE &#8211; Table basse d&rsquo;ext\u00e9rieur bio"}]},{"@type":"WebSite","@id":"https:\/\/www.lavillagardendesign.com\/#website","url":"https:\/\/www.lavillagardendesign.com\/","name":"La Villa Garden&Design","description":"","publisher":{"@id":"https:\/\/www.lavillagardendesign.com\/#organization"},"potentialAction":[{"@type":"SearchAction","target":{"@type":"EntryPoint","urlTemplate":"https:\/\/www.lavillagardendesign.com\/?s={search_term_string}"},"query-input":{"@type":"PropertyValueSpecification","valueRequired":true,"valueName":"search_term_string"}}],"inLanguage":"fr-FR"},{"@type":"Organization","@id":"https:\/\/www.lavillagardendesign.com\/#organization","name":"La Villa Garden&Design","url":"https:\/\/www.lavillagardendesign.com\/","logo":{"@type":"ImageObject","inLanguage":"fr-FR","@id":"https:\/\/www.lavillagardendesign.com\/#\/schema\/logo\/image\/","url":"https:\/\/www.lavillagardendesign.com\/wp-content\/uploads\/2024\/04\/logolavilla.png","contentUrl":"https:\/\/www.lavillagardendesign.com\/wp-content\/uploads\/2024\/04\/logolavilla.png","width":682,"height":391,"caption":"La Villa Garden&Design"},"image":{"@id":"https:\/\/www.lavillagardendesign.com\/#\/schema\/logo\/image\/"},"sameAs":["https:\/\/www.facebook.com\/lavillagardendesign\/"]}]}},"_links":{"self":[{"href":"https:\/\/www.lavillagardendesign.com\/fr\/wp-json\/wp\/v2\/product\/66945","targetHints":{"allow":["GET"]}}],"collection":[{"href":"https:\/\/www.lavillagardendesign.com\/fr\/wp-json\/wp\/v2\/product"}],"about":[{"href":"https:\/\/www.lavillagardendesign.com\/fr\/wp-json\/wp\/v2\/types\/product"}],"replies":[{"embeddable":true,"href":"https:\/\/www.lavillagardendesign.com\/fr\/wp-json\/wp\/v2\/comments?post=66945"}],"version-history":[{"count":0,"href":"https:\/\/www.lavillagardendesign.com\/fr\/wp-json\/wp\/v2\/product\/66945\/revisions"}],"wp:featuredmedia":[{"embeddable":true,"href":"https:\/\/www.lavillagardendesign.com\/fr\/wp-json\/wp\/v2\/media\/66389"}],"wp:attachment":[{"href":"https:\/\/www.lavillagardendesign.com\/fr\/wp-json\/wp\/v2\/media?parent=66945"}],"wp:term":[{"taxonomy":"product_brand","embeddable":true,"href":"https:\/\/www.lavillagardendesign.com\/fr\/wp-json\/wp\/v2\/product_brand?post=66945"},{"taxonomy":"product_cat","embeddable":true,"href":"https:\/\/www.lavillagardendesign.com\/fr\/wp-json\/wp\/v2\/product_cat?post=66945"},{"taxonomy":"product_tag","embeddable":true,"href":"https:\/\/www.lavillagardendesign.com\/fr\/wp-json\/wp\/v2\/product_tag?post=66945"}],"curies":[{"name":"wp","href":"https:\/\/api.w.org\/{rel}","templated":true}]}}