{"id":66901,"date":"2026-03-06T18:35:23","date_gmt":"2026-03-06T17:35:23","guid":{"rendered":"https:\/\/www.lavillagardendesign.com\/product\/love-bain-de-soleil-dexterieur-empilable\/"},"modified":"2026-03-09T09:53:52","modified_gmt":"2026-03-09T08:53:52","slug":"love-bain-de-soleil-dexterieur-empilable","status":"publish","type":"product","link":"https:\/\/www.lavillagardendesign.com\/fr\/product\/love-bain-de-soleil-dexterieur-empilable\/","title":{"rendered":"LOVE &#8211; Bain de soleil d&rsquo;ext\u00e9rieur empilable"},"content":{"rendered":"","protected":false},"excerpt":{"rendered":"<p>La chaise longue Love est l&rsquo;expression ultime de la l\u00e9g\u00e8ret\u00e9 et du design m\u00e9diterran\u00e9en contemporain. Con\u00e7ue par Eugeni Quitllet, sa silhouette organique apporte non seulement une esth\u00e9tique fluide aux zones de piscine, mais offre \u00e9galement une fonctionnalit\u00e9 sup\u00e9rieure gr\u00e2ce \u00e0 sa conception empilable. Fabriqu\u00e9e en polypropyl\u00e8ne inject\u00e9 avec des additifs min\u00e9raux, cette pi\u00e8ce combine une r\u00e9sistance extr\u00eame aux intemp\u00e9ries avec un entretien minimal, ce qui en fait le choix pr\u00e9f\u00e9r\u00e9 des villas de luxe et des centres de vill\u00e9giature exclusifs.  <\/p>\n","protected":false},"featured_media":66099,"comment_status":"open","ping_status":"closed","template":"","meta":[],"product_brand":[5000],"product_cat":[6832,2938,2940],"product_tag":[],"class_list":{"0":"post-66901","1":"product","2":"type-product","3":"status-publish","4":"has-post-thumbnail","6":"product_brand-vondom","7":"product_cat-outdoor-fr","8":"product_cat-bains-de-soleil","9":"product_cat-transats","11":"first","12":"instock","13":"taxable","14":"shipping-taxable","15":"purchasable","16":"product-type-variable"},"yoast_head":"<!-- This site is optimized with the Yoast SEO plugin v27.1.1 - https:\/\/yoast.com\/product\/yoast-seo-wordpress\/ -->\n<title>Bain de soleil ext\u00e9rieur LOVE | Eugeni Quitllet Design | La Villa<\/title>\n<meta name=\"description\" content=\"D\u00e9couvrez la chaise longue empilable LOVE. Design ergonomique, durable et 100% recyclable pour les piscines de luxe. Qualit\u00e9 sup\u00e9rieure \u00e0 un prix comp\u00e9titif. Livraison exclusive.\" \/>\n<meta name=\"robots\" content=\"index, follow, max-snippet:-1, max-image-preview:large, max-video-preview:-1\" \/>\n<link rel=\"canonical\" href=\"https:\/\/www.lavillagardendesign.com\/fr\/product\/love-bain-de-soleil-dexterieur-empilable\/\" \/>\n<meta property=\"og:locale\" content=\"fr_FR\" \/>\n<meta property=\"og:type\" content=\"article\" \/>\n<meta property=\"og:title\" content=\"Bain de soleil ext\u00e9rieur LOVE | Eugeni Quitllet Design | La Villa\" \/>\n<meta property=\"og:description\" content=\"D\u00e9couvrez la chaise longue empilable LOVE. Design ergonomique, durable et 100% recyclable pour les piscines de luxe. Qualit\u00e9 sup\u00e9rieure \u00e0 un prix comp\u00e9titif. Livraison exclusive.\" \/>\n<meta property=\"og:url\" content=\"https:\/\/www.lavillagardendesign.com\/fr\/product\/love-bain-de-soleil-dexterieur-empilable\/\" \/>\n<meta property=\"og:site_name\" content=\"La Villa Garden&amp;Design\" \/>\n<meta property=\"article:publisher\" content=\"https:\/\/www.facebook.com\/lavillagardendesign\/\" \/>\n<meta property=\"article:modified_time\" content=\"2026-03-09T08:53:52+00:00\" \/>\n<meta property=\"og:image\" content=\"https:\/\/www.lavillagardendesign.com\/wp-content\/uploads\/2026\/03\/7-5.png\" \/>\n\t<meta property=\"og:image:width\" content=\"700\" \/>\n\t<meta property=\"og:image:height\" content=\"800\" \/>\n\t<meta property=\"og:image:type\" content=\"image\/png\" \/>\n<meta name=\"twitter:card\" content=\"summary_large_image\" \/>\n<script type=\"application\/ld+json\" class=\"yoast-schema-graph\">{\"@context\":\"https:\/\/schema.org\",\"@graph\":[{\"@type\":\"WebPage\",\"@id\":\"https:\/\/www.lavillagardendesign.com\/fr\/product\/love-bain-de-soleil-dexterieur-empilable\/\",\"url\":\"https:\/\/www.lavillagardendesign.com\/fr\/product\/love-bain-de-soleil-dexterieur-empilable\/\",\"name\":\"Bain de soleil ext\u00e9rieur LOVE | Eugeni Quitllet Design | La Villa\",\"isPartOf\":{\"@id\":\"https:\/\/www.lavillagardendesign.com\/#website\"},\"primaryImageOfPage\":{\"@id\":\"https:\/\/www.lavillagardendesign.com\/fr\/product\/love-bain-de-soleil-dexterieur-empilable\/#primaryimage\"},\"image\":{\"@id\":\"https:\/\/www.lavillagardendesign.com\/fr\/product\/love-bain-de-soleil-dexterieur-empilable\/#primaryimage\"},\"thumbnailUrl\":\"https:\/\/www.lavillagardendesign.com\/wp-content\/uploads\/2026\/03\/7-5.png\",\"datePublished\":\"2026-03-06T17:35:23+00:00\",\"dateModified\":\"2026-03-09T08:53:52+00:00\",\"description\":\"D\u00e9couvrez la chaise longue empilable LOVE. Design ergonomique, durable et 100% recyclable pour les piscines de luxe. Qualit\u00e9 sup\u00e9rieure \u00e0 un prix comp\u00e9titif. Livraison exclusive.\",\"breadcrumb\":{\"@id\":\"https:\/\/www.lavillagardendesign.com\/fr\/product\/love-bain-de-soleil-dexterieur-empilable\/#breadcrumb\"},\"inLanguage\":\"fr-FR\",\"potentialAction\":[{\"@type\":\"ReadAction\",\"target\":[\"https:\/\/www.lavillagardendesign.com\/fr\/product\/love-bain-de-soleil-dexterieur-empilable\/\"]}]},{\"@type\":\"ImageObject\",\"inLanguage\":\"fr-FR\",\"@id\":\"https:\/\/www.lavillagardendesign.com\/fr\/product\/love-bain-de-soleil-dexterieur-empilable\/#primaryimage\",\"url\":\"https:\/\/www.lavillagardendesign.com\/wp-content\/uploads\/2026\/03\/7-5.png\",\"contentUrl\":\"https:\/\/www.lavillagardendesign.com\/wp-content\/uploads\/2026\/03\/7-5.png\",\"width\":700,\"height\":800},{\"@type\":\"BreadcrumbList\",\"@id\":\"https:\/\/www.lavillagardendesign.com\/fr\/product\/love-bain-de-soleil-dexterieur-empilable\/#breadcrumb\",\"itemListElement\":[{\"@type\":\"ListItem\",\"position\":1,\"name\":\"Home\",\"item\":\"https:\/\/www.lavillagardendesign.com\/\"},{\"@type\":\"ListItem\",\"position\":2,\"name\":\"Boutique\",\"item\":\"https:\/\/www.lavillagardendesign.com\/fr\/boutique\/\"},{\"@type\":\"ListItem\",\"position\":3,\"name\":\"LOVE &#8211; Bain de soleil d&rsquo;ext\u00e9rieur empilable\"}]},{\"@type\":\"WebSite\",\"@id\":\"https:\/\/www.lavillagardendesign.com\/#website\",\"url\":\"https:\/\/www.lavillagardendesign.com\/\",\"name\":\"La Villa Garden&Design\",\"description\":\"\",\"publisher\":{\"@id\":\"https:\/\/www.lavillagardendesign.com\/#organization\"},\"potentialAction\":[{\"@type\":\"SearchAction\",\"target\":{\"@type\":\"EntryPoint\",\"urlTemplate\":\"https:\/\/www.lavillagardendesign.com\/?s={search_term_string}\"},\"query-input\":{\"@type\":\"PropertyValueSpecification\",\"valueRequired\":true,\"valueName\":\"search_term_string\"}}],\"inLanguage\":\"fr-FR\"},{\"@type\":\"Organization\",\"@id\":\"https:\/\/www.lavillagardendesign.com\/#organization\",\"name\":\"La Villa Garden&Design\",\"url\":\"https:\/\/www.lavillagardendesign.com\/\",\"logo\":{\"@type\":\"ImageObject\",\"inLanguage\":\"fr-FR\",\"@id\":\"https:\/\/www.lavillagardendesign.com\/#\/schema\/logo\/image\/\",\"url\":\"https:\/\/www.lavillagardendesign.com\/wp-content\/uploads\/2024\/04\/logolavilla.png\",\"contentUrl\":\"https:\/\/www.lavillagardendesign.com\/wp-content\/uploads\/2024\/04\/logolavilla.png\",\"width\":682,\"height\":391,\"caption\":\"La Villa Garden&Design\"},\"image\":{\"@id\":\"https:\/\/www.lavillagardendesign.com\/#\/schema\/logo\/image\/\"},\"sameAs\":[\"https:\/\/www.facebook.com\/lavillagardendesign\/\"]}]}<\/script>\n<!-- \/ Yoast SEO plugin. -->","yoast_head_json":{"title":"Bain de soleil ext\u00e9rieur LOVE | Eugeni Quitllet Design | La Villa","description":"D\u00e9couvrez la chaise longue empilable LOVE. Design ergonomique, durable et 100% recyclable pour les piscines de luxe. Qualit\u00e9 sup\u00e9rieure \u00e0 un prix comp\u00e9titif. Livraison exclusive.","robots":{"index":"index","follow":"follow","max-snippet":"max-snippet:-1","max-image-preview":"max-image-preview:large","max-video-preview":"max-video-preview:-1"},"canonical":"https:\/\/www.lavillagardendesign.com\/fr\/product\/love-bain-de-soleil-dexterieur-empilable\/","og_locale":"fr_FR","og_type":"article","og_title":"Bain de soleil ext\u00e9rieur LOVE | Eugeni Quitllet Design | La Villa","og_description":"D\u00e9couvrez la chaise longue empilable LOVE. Design ergonomique, durable et 100% recyclable pour les piscines de luxe. Qualit\u00e9 sup\u00e9rieure \u00e0 un prix comp\u00e9titif. Livraison exclusive.","og_url":"https:\/\/www.lavillagardendesign.com\/fr\/product\/love-bain-de-soleil-dexterieur-empilable\/","og_site_name":"La Villa Garden&amp;Design","article_publisher":"https:\/\/www.facebook.com\/lavillagardendesign\/","article_modified_time":"2026-03-09T08:53:52+00:00","og_image":[{"width":700,"height":800,"url":"https:\/\/www.lavillagardendesign.com\/wp-content\/uploads\/2026\/03\/7-5.png","type":"image\/png"}],"twitter_card":"summary_large_image","schema":{"@context":"https:\/\/schema.org","@graph":[{"@type":"WebPage","@id":"https:\/\/www.lavillagardendesign.com\/fr\/product\/love-bain-de-soleil-dexterieur-empilable\/","url":"https:\/\/www.lavillagardendesign.com\/fr\/product\/love-bain-de-soleil-dexterieur-empilable\/","name":"Bain de soleil ext\u00e9rieur LOVE | Eugeni Quitllet Design | La Villa","isPartOf":{"@id":"https:\/\/www.lavillagardendesign.com\/#website"},"primaryImageOfPage":{"@id":"https:\/\/www.lavillagardendesign.com\/fr\/product\/love-bain-de-soleil-dexterieur-empilable\/#primaryimage"},"image":{"@id":"https:\/\/www.lavillagardendesign.com\/fr\/product\/love-bain-de-soleil-dexterieur-empilable\/#primaryimage"},"thumbnailUrl":"https:\/\/www.lavillagardendesign.com\/wp-content\/uploads\/2026\/03\/7-5.png","datePublished":"2026-03-06T17:35:23+00:00","dateModified":"2026-03-09T08:53:52+00:00","description":"D\u00e9couvrez la chaise longue empilable LOVE. Design ergonomique, durable et 100% recyclable pour les piscines de luxe. Qualit\u00e9 sup\u00e9rieure \u00e0 un prix comp\u00e9titif. Livraison exclusive.","breadcrumb":{"@id":"https:\/\/www.lavillagardendesign.com\/fr\/product\/love-bain-de-soleil-dexterieur-empilable\/#breadcrumb"},"inLanguage":"fr-FR","potentialAction":[{"@type":"ReadAction","target":["https:\/\/www.lavillagardendesign.com\/fr\/product\/love-bain-de-soleil-dexterieur-empilable\/"]}]},{"@type":"ImageObject","inLanguage":"fr-FR","@id":"https:\/\/www.lavillagardendesign.com\/fr\/product\/love-bain-de-soleil-dexterieur-empilable\/#primaryimage","url":"https:\/\/www.lavillagardendesign.com\/wp-content\/uploads\/2026\/03\/7-5.png","contentUrl":"https:\/\/www.lavillagardendesign.com\/wp-content\/uploads\/2026\/03\/7-5.png","width":700,"height":800},{"@type":"BreadcrumbList","@id":"https:\/\/www.lavillagardendesign.com\/fr\/product\/love-bain-de-soleil-dexterieur-empilable\/#breadcrumb","itemListElement":[{"@type":"ListItem","position":1,"name":"Home","item":"https:\/\/www.lavillagardendesign.com\/"},{"@type":"ListItem","position":2,"name":"Boutique","item":"https:\/\/www.lavillagardendesign.com\/fr\/boutique\/"},{"@type":"ListItem","position":3,"name":"LOVE &#8211; Bain de soleil d&rsquo;ext\u00e9rieur empilable"}]},{"@type":"WebSite","@id":"https:\/\/www.lavillagardendesign.com\/#website","url":"https:\/\/www.lavillagardendesign.com\/","name":"La Villa Garden&Design","description":"","publisher":{"@id":"https:\/\/www.lavillagardendesign.com\/#organization"},"potentialAction":[{"@type":"SearchAction","target":{"@type":"EntryPoint","urlTemplate":"https:\/\/www.lavillagardendesign.com\/?s={search_term_string}"},"query-input":{"@type":"PropertyValueSpecification","valueRequired":true,"valueName":"search_term_string"}}],"inLanguage":"fr-FR"},{"@type":"Organization","@id":"https:\/\/www.lavillagardendesign.com\/#organization","name":"La Villa Garden&Design","url":"https:\/\/www.lavillagardendesign.com\/","logo":{"@type":"ImageObject","inLanguage":"fr-FR","@id":"https:\/\/www.lavillagardendesign.com\/#\/schema\/logo\/image\/","url":"https:\/\/www.lavillagardendesign.com\/wp-content\/uploads\/2024\/04\/logolavilla.png","contentUrl":"https:\/\/www.lavillagardendesign.com\/wp-content\/uploads\/2024\/04\/logolavilla.png","width":682,"height":391,"caption":"La Villa Garden&Design"},"image":{"@id":"https:\/\/www.lavillagardendesign.com\/#\/schema\/logo\/image\/"},"sameAs":["https:\/\/www.facebook.com\/lavillagardendesign\/"]}]}},"_links":{"self":[{"href":"https:\/\/www.lavillagardendesign.com\/fr\/wp-json\/wp\/v2\/product\/66901","targetHints":{"allow":["GET"]}}],"collection":[{"href":"https:\/\/www.lavillagardendesign.com\/fr\/wp-json\/wp\/v2\/product"}],"about":[{"href":"https:\/\/www.lavillagardendesign.com\/fr\/wp-json\/wp\/v2\/types\/product"}],"replies":[{"embeddable":true,"href":"https:\/\/www.lavillagardendesign.com\/fr\/wp-json\/wp\/v2\/comments?post=66901"}],"version-history":[{"count":1,"href":"https:\/\/www.lavillagardendesign.com\/fr\/wp-json\/wp\/v2\/product\/66901\/revisions"}],"predecessor-version":[{"id":67219,"href":"https:\/\/www.lavillagardendesign.com\/fr\/wp-json\/wp\/v2\/product\/66901\/revisions\/67219"}],"wp:featuredmedia":[{"embeddable":true,"href":"https:\/\/www.lavillagardendesign.com\/fr\/wp-json\/wp\/v2\/media\/66099"}],"wp:attachment":[{"href":"https:\/\/www.lavillagardendesign.com\/fr\/wp-json\/wp\/v2\/media?parent=66901"}],"wp:term":[{"taxonomy":"product_brand","embeddable":true,"href":"https:\/\/www.lavillagardendesign.com\/fr\/wp-json\/wp\/v2\/product_brand?post=66901"},{"taxonomy":"product_cat","embeddable":true,"href":"https:\/\/www.lavillagardendesign.com\/fr\/wp-json\/wp\/v2\/product_cat?post=66901"},{"taxonomy":"product_tag","embeddable":true,"href":"https:\/\/www.lavillagardendesign.com\/fr\/wp-json\/wp\/v2\/product_tag?post=66901"}],"curies":[{"name":"wp","href":"https:\/\/api.w.org\/{rel}","templated":true}]}}