{"id":66827,"date":"2026-03-06T18:33:53","date_gmt":"2026-03-06T17:33:53","guid":{"rendered":"https:\/\/www.lavillagardendesign.com\/product\/luna-fauteuil-design-organique\/"},"modified":"2026-03-06T18:33:53","modified_gmt":"2026-03-06T17:33:53","slug":"luna-fauteuil-design-organique","status":"publish","type":"product","link":"https:\/\/www.lavillagardendesign.com\/fr\/product\/luna-fauteuil-design-organique\/","title":{"rendered":"LUNA &#8211; Fauteuil design organique"},"content":{"rendered":"","protected":false},"excerpt":{"rendered":"<p>Le fauteuil LUNA, con\u00e7u par l&rsquo;architecte Ram\u00f3n Esteve, est la synth\u00e8se parfaite de l&rsquo;ergonomie et du design d&rsquo;avant-garde. Sa structure en poly\u00e9thyl\u00e8ne 100 % recyclable, obtenue par rotomoulage, offre une r\u00e9sistance sup\u00e9rieure aux climats maritimes. Gr\u00e2ce \u00e0 son rembourrage en mousse de polyur\u00e9thane haute densit\u00e9, ce fauteuil offre un confort enveloppant, id\u00e9al pour cr\u00e9er des coins de d\u00e9tente exclusifs dans les espaces ext\u00e9rieurs contemporains.  <\/p>\n","protected":false},"featured_media":66482,"comment_status":"open","ping_status":"closed","template":"","meta":[],"product_brand":[5000],"product_cat":[6832,2935,2936],"product_tag":[],"class_list":{"0":"post-66827","1":"product","2":"type-product","3":"status-publish","4":"has-post-thumbnail","6":"product_brand-vondom","7":"product_cat-outdoor-fr","8":"product_cat-canapes-fauteuils","9":"product_cat-fauteuils","11":"first","12":"instock","13":"taxable","14":"shipping-taxable","15":"purchasable","16":"product-type-variable"},"yoast_head":"<!-- This site is optimized with the Yoast SEO plugin v27.1.1 - https:\/\/yoast.com\/product\/yoast-seo-wordpress\/ -->\n<title>LUNA - Fauteuil design organique - La Villa Garden&amp;Design<\/title>\n<meta name=\"robots\" content=\"index, follow, max-snippet:-1, max-image-preview:large, max-video-preview:-1\" \/>\n<link rel=\"canonical\" href=\"https:\/\/www.lavillagardendesign.com\/product\/luna-fauteuil-design-organique\/\" \/>\n<meta property=\"og:locale\" content=\"fr_FR\" \/>\n<meta property=\"og:type\" content=\"article\" \/>\n<meta property=\"og:title\" content=\"LUNA - Fauteuil design organique - La Villa Garden&amp;Design\" \/>\n<meta property=\"og:description\" content=\"Le fauteuil LUNA, con\u00e7u par l&#039;architecte Ram\u00f3n Esteve, est la synth\u00e8se parfaite de l&#039;ergonomie et du design d&#039;avant-garde. Sa structure en poly\u00e9thyl\u00e8ne 100 % recyclable, obtenue par rotomoulage, offre une r\u00e9sistance sup\u00e9rieure aux climats maritimes. Gr\u00e2ce \u00e0 son rembourrage en mousse de polyur\u00e9thane haute densit\u00e9, ce fauteuil offre un confort enveloppant, id\u00e9al pour cr\u00e9er des coins de d\u00e9tente exclusifs dans les espaces ext\u00e9rieurs contemporains.\" \/>\n<meta property=\"og:url\" content=\"https:\/\/www.lavillagardendesign.com\/product\/luna-fauteuil-design-organique\/\" \/>\n<meta property=\"og:site_name\" content=\"La Villa Garden&amp;Design\" \/>\n<meta property=\"article:publisher\" content=\"https:\/\/www.facebook.com\/lavillagardendesign\/\" \/>\n<meta name=\"twitter:card\" content=\"summary_large_image\" \/>\n<script type=\"application\/ld+json\" class=\"yoast-schema-graph\">{\"@context\":\"https:\/\/schema.org\",\"@graph\":[{\"@type\":\"WebPage\",\"@id\":\"https:\/\/www.lavillagardendesign.com\/product\/luna-fauteuil-design-organique\/\",\"url\":\"https:\/\/www.lavillagardendesign.com\/product\/luna-fauteuil-design-organique\/\",\"name\":\"LUNA - Fauteuil design organique - La Villa Garden&amp;Design\",\"isPartOf\":{\"@id\":\"https:\/\/www.lavillagardendesign.com\/#website\"},\"primaryImageOfPage\":{\"@id\":\"https:\/\/www.lavillagardendesign.com\/product\/luna-fauteuil-design-organique\/#primaryimage\"},\"image\":{\"@id\":\"https:\/\/www.lavillagardendesign.com\/product\/luna-fauteuil-design-organique\/#primaryimage\"},\"thumbnailUrl\":\"https:\/\/www.lavillagardendesign.com\/wp-content\/uploads\/2026\/03\/3-29.png\",\"datePublished\":\"2026-03-06T17:33:53+00:00\",\"breadcrumb\":{\"@id\":\"https:\/\/www.lavillagardendesign.com\/product\/luna-fauteuil-design-organique\/#breadcrumb\"},\"inLanguage\":\"fr-FR\",\"potentialAction\":[{\"@type\":\"ReadAction\",\"target\":[\"https:\/\/www.lavillagardendesign.com\/product\/luna-fauteuil-design-organique\/\"]}]},{\"@type\":\"ImageObject\",\"inLanguage\":\"fr-FR\",\"@id\":\"https:\/\/www.lavillagardendesign.com\/product\/luna-fauteuil-design-organique\/#primaryimage\",\"url\":\"https:\/\/www.lavillagardendesign.com\/wp-content\/uploads\/2026\/03\/3-29.png\",\"contentUrl\":\"https:\/\/www.lavillagardendesign.com\/wp-content\/uploads\/2026\/03\/3-29.png\",\"width\":700,\"height\":800},{\"@type\":\"BreadcrumbList\",\"@id\":\"https:\/\/www.lavillagardendesign.com\/product\/luna-fauteuil-design-organique\/#breadcrumb\",\"itemListElement\":[{\"@type\":\"ListItem\",\"position\":1,\"name\":\"Home\",\"item\":\"https:\/\/www.lavillagardendesign.com\/\"},{\"@type\":\"ListItem\",\"position\":2,\"name\":\"Boutique\",\"item\":\"https:\/\/www.lavillagardendesign.com\/fr\/boutique\/\"},{\"@type\":\"ListItem\",\"position\":3,\"name\":\"LUNA &#8211; Fauteuil design organique\"}]},{\"@type\":\"WebSite\",\"@id\":\"https:\/\/www.lavillagardendesign.com\/#website\",\"url\":\"https:\/\/www.lavillagardendesign.com\/\",\"name\":\"La Villa Garden&Design\",\"description\":\"\",\"publisher\":{\"@id\":\"https:\/\/www.lavillagardendesign.com\/#organization\"},\"potentialAction\":[{\"@type\":\"SearchAction\",\"target\":{\"@type\":\"EntryPoint\",\"urlTemplate\":\"https:\/\/www.lavillagardendesign.com\/?s={search_term_string}\"},\"query-input\":{\"@type\":\"PropertyValueSpecification\",\"valueRequired\":true,\"valueName\":\"search_term_string\"}}],\"inLanguage\":\"fr-FR\"},{\"@type\":\"Organization\",\"@id\":\"https:\/\/www.lavillagardendesign.com\/#organization\",\"name\":\"La Villa Garden&Design\",\"url\":\"https:\/\/www.lavillagardendesign.com\/\",\"logo\":{\"@type\":\"ImageObject\",\"inLanguage\":\"fr-FR\",\"@id\":\"https:\/\/www.lavillagardendesign.com\/#\/schema\/logo\/image\/\",\"url\":\"https:\/\/www.lavillagardendesign.com\/wp-content\/uploads\/2024\/04\/logolavilla.png\",\"contentUrl\":\"https:\/\/www.lavillagardendesign.com\/wp-content\/uploads\/2024\/04\/logolavilla.png\",\"width\":682,\"height\":391,\"caption\":\"La Villa Garden&Design\"},\"image\":{\"@id\":\"https:\/\/www.lavillagardendesign.com\/#\/schema\/logo\/image\/\"},\"sameAs\":[\"https:\/\/www.facebook.com\/lavillagardendesign\/\"]}]}<\/script>\n<!-- \/ Yoast SEO plugin. -->","yoast_head_json":{"title":"LUNA - Fauteuil design organique - La Villa Garden&amp;Design","robots":{"index":"index","follow":"follow","max-snippet":"max-snippet:-1","max-image-preview":"max-image-preview:large","max-video-preview":"max-video-preview:-1"},"canonical":"https:\/\/www.lavillagardendesign.com\/product\/luna-fauteuil-design-organique\/","og_locale":"fr_FR","og_type":"article","og_title":"LUNA - Fauteuil design organique - La Villa Garden&amp;Design","og_description":"Le fauteuil LUNA, con\u00e7u par l'architecte Ram\u00f3n Esteve, est la synth\u00e8se parfaite de l'ergonomie et du design d'avant-garde. Sa structure en poly\u00e9thyl\u00e8ne 100 % recyclable, obtenue par rotomoulage, offre une r\u00e9sistance sup\u00e9rieure aux climats maritimes. Gr\u00e2ce \u00e0 son rembourrage en mousse de polyur\u00e9thane haute densit\u00e9, ce fauteuil offre un confort enveloppant, id\u00e9al pour cr\u00e9er des coins de d\u00e9tente exclusifs dans les espaces ext\u00e9rieurs contemporains.","og_url":"https:\/\/www.lavillagardendesign.com\/product\/luna-fauteuil-design-organique\/","og_site_name":"La Villa Garden&amp;Design","article_publisher":"https:\/\/www.facebook.com\/lavillagardendesign\/","twitter_card":"summary_large_image","schema":{"@context":"https:\/\/schema.org","@graph":[{"@type":"WebPage","@id":"https:\/\/www.lavillagardendesign.com\/product\/luna-fauteuil-design-organique\/","url":"https:\/\/www.lavillagardendesign.com\/product\/luna-fauteuil-design-organique\/","name":"LUNA - Fauteuil design organique - La Villa Garden&amp;Design","isPartOf":{"@id":"https:\/\/www.lavillagardendesign.com\/#website"},"primaryImageOfPage":{"@id":"https:\/\/www.lavillagardendesign.com\/product\/luna-fauteuil-design-organique\/#primaryimage"},"image":{"@id":"https:\/\/www.lavillagardendesign.com\/product\/luna-fauteuil-design-organique\/#primaryimage"},"thumbnailUrl":"https:\/\/www.lavillagardendesign.com\/wp-content\/uploads\/2026\/03\/3-29.png","datePublished":"2026-03-06T17:33:53+00:00","breadcrumb":{"@id":"https:\/\/www.lavillagardendesign.com\/product\/luna-fauteuil-design-organique\/#breadcrumb"},"inLanguage":"fr-FR","potentialAction":[{"@type":"ReadAction","target":["https:\/\/www.lavillagardendesign.com\/product\/luna-fauteuil-design-organique\/"]}]},{"@type":"ImageObject","inLanguage":"fr-FR","@id":"https:\/\/www.lavillagardendesign.com\/product\/luna-fauteuil-design-organique\/#primaryimage","url":"https:\/\/www.lavillagardendesign.com\/wp-content\/uploads\/2026\/03\/3-29.png","contentUrl":"https:\/\/www.lavillagardendesign.com\/wp-content\/uploads\/2026\/03\/3-29.png","width":700,"height":800},{"@type":"BreadcrumbList","@id":"https:\/\/www.lavillagardendesign.com\/product\/luna-fauteuil-design-organique\/#breadcrumb","itemListElement":[{"@type":"ListItem","position":1,"name":"Home","item":"https:\/\/www.lavillagardendesign.com\/"},{"@type":"ListItem","position":2,"name":"Boutique","item":"https:\/\/www.lavillagardendesign.com\/fr\/boutique\/"},{"@type":"ListItem","position":3,"name":"LUNA &#8211; Fauteuil design organique"}]},{"@type":"WebSite","@id":"https:\/\/www.lavillagardendesign.com\/#website","url":"https:\/\/www.lavillagardendesign.com\/","name":"La Villa Garden&Design","description":"","publisher":{"@id":"https:\/\/www.lavillagardendesign.com\/#organization"},"potentialAction":[{"@type":"SearchAction","target":{"@type":"EntryPoint","urlTemplate":"https:\/\/www.lavillagardendesign.com\/?s={search_term_string}"},"query-input":{"@type":"PropertyValueSpecification","valueRequired":true,"valueName":"search_term_string"}}],"inLanguage":"fr-FR"},{"@type":"Organization","@id":"https:\/\/www.lavillagardendesign.com\/#organization","name":"La Villa Garden&Design","url":"https:\/\/www.lavillagardendesign.com\/","logo":{"@type":"ImageObject","inLanguage":"fr-FR","@id":"https:\/\/www.lavillagardendesign.com\/#\/schema\/logo\/image\/","url":"https:\/\/www.lavillagardendesign.com\/wp-content\/uploads\/2024\/04\/logolavilla.png","contentUrl":"https:\/\/www.lavillagardendesign.com\/wp-content\/uploads\/2024\/04\/logolavilla.png","width":682,"height":391,"caption":"La Villa Garden&Design"},"image":{"@id":"https:\/\/www.lavillagardendesign.com\/#\/schema\/logo\/image\/"},"sameAs":["https:\/\/www.facebook.com\/lavillagardendesign\/"]}]}},"_links":{"self":[{"href":"https:\/\/www.lavillagardendesign.com\/fr\/wp-json\/wp\/v2\/product\/66827","targetHints":{"allow":["GET"]}}],"collection":[{"href":"https:\/\/www.lavillagardendesign.com\/fr\/wp-json\/wp\/v2\/product"}],"about":[{"href":"https:\/\/www.lavillagardendesign.com\/fr\/wp-json\/wp\/v2\/types\/product"}],"replies":[{"embeddable":true,"href":"https:\/\/www.lavillagardendesign.com\/fr\/wp-json\/wp\/v2\/comments?post=66827"}],"version-history":[{"count":0,"href":"https:\/\/www.lavillagardendesign.com\/fr\/wp-json\/wp\/v2\/product\/66827\/revisions"}],"wp:featuredmedia":[{"embeddable":true,"href":"https:\/\/www.lavillagardendesign.com\/fr\/wp-json\/wp\/v2\/media\/66482"}],"wp:attachment":[{"href":"https:\/\/www.lavillagardendesign.com\/fr\/wp-json\/wp\/v2\/media?parent=66827"}],"wp:term":[{"taxonomy":"product_brand","embeddable":true,"href":"https:\/\/www.lavillagardendesign.com\/fr\/wp-json\/wp\/v2\/product_brand?post=66827"},{"taxonomy":"product_cat","embeddable":true,"href":"https:\/\/www.lavillagardendesign.com\/fr\/wp-json\/wp\/v2\/product_cat?post=66827"},{"taxonomy":"product_tag","embeddable":true,"href":"https:\/\/www.lavillagardendesign.com\/fr\/wp-json\/wp\/v2\/product_tag?post=66827"}],"curies":[{"name":"wp","href":"https:\/\/api.w.org\/{rel}","templated":true}]}}