{"id":65960,"date":"2026-03-06T18:35:25","date_gmt":"2026-03-06T17:35:25","guid":{"rendered":"https:\/\/www.lavillagardendesign.com\/product\/cadre-table-de-salle-a-manger-dexterieur-en-aluminium\/"},"modified":"2026-03-06T18:35:25","modified_gmt":"2026-03-06T17:35:25","slug":"cadre-table-de-salle-a-manger-dexterieur-en-aluminium","status":"publish","type":"product","link":"https:\/\/www.lavillagardendesign.com\/fr\/product\/cadre-table-de-salle-a-manger-dexterieur-en-aluminium\/","title":{"rendered":"CADRE &#8211; Table de salle \u00e0 manger d&rsquo;ext\u00e9rieur en aluminium"},"content":{"rendered":"","protected":false},"excerpt":{"rendered":"<p>La table de salle \u00e0 manger Frame, con\u00e7ue par Ram\u00f3n Esteve, est n\u00e9e de la recherche de formes sereines et intemporelles qui s&rsquo;int\u00e8grent dans n&rsquo;importe quel environnement architectural. Sa structure en aluminium extrud\u00e9 et sa base en aluminium moul\u00e9 laqu\u00e9 offrent une durabilit\u00e9 extr\u00eame et une l\u00e9g\u00e8ret\u00e9 visuelle in\u00e9gal\u00e9e. Associ\u00e9e \u00e0 un plateau en HPL haute r\u00e9sistance, cette table est la pi\u00e8ce ma\u00eetresse id\u00e9ale pour les repas de luxe en plein air, garantissant un entretien minimal et une \u00e9l\u00e9gance persistante sous le soleil m\u00e9diterran\u00e9en.  <\/p>\n","protected":false},"featured_media":65510,"comment_status":"open","ping_status":"closed","template":"","meta":[],"product_brand":[5000],"product_cat":[6832,2944,2946],"product_tag":[],"class_list":{"0":"post-65960","1":"product","2":"type-product","3":"status-publish","4":"has-post-thumbnail","6":"product_brand-vondom","7":"product_cat-outdoor-fr","8":"product_cat-tables-fr","9":"product_cat-tables-repas","11":"first","12":"instock","13":"taxable","14":"shipping-taxable","15":"purchasable","16":"product-type-variable"},"yoast_head":"<!-- This site is optimized with the Yoast SEO plugin v27.1.1 - https:\/\/yoast.com\/product\/yoast-seo-wordpress\/ -->\n<title>FRAME Table de salle \u00e0 manger d&#039;ext\u00e9rieur | Ram\u00f3n Esteve Design | La Villa<\/title>\n<meta name=\"description\" content=\"Table de salle \u00e0 manger FRAME de luxe. Structure en aluminium et plateau en HPL. Design architectural durable et \u00e9l\u00e9gant pour les villas et terrasses exclusives.\" \/>\n<meta name=\"robots\" content=\"index, follow, max-snippet:-1, max-image-preview:large, max-video-preview:-1\" \/>\n<link rel=\"canonical\" href=\"https:\/\/www.lavillagardendesign.com\/fr\/product\/cadre-table-de-salle-a-manger-dexterieur-en-aluminium\/\" \/>\n<meta property=\"og:locale\" content=\"fr_FR\" \/>\n<meta property=\"og:type\" content=\"article\" \/>\n<meta property=\"og:title\" content=\"FRAME Table de salle \u00e0 manger d&#039;ext\u00e9rieur | Ram\u00f3n Esteve Design | La Villa\" \/>\n<meta property=\"og:description\" content=\"Table de salle \u00e0 manger FRAME de luxe. Structure en aluminium et plateau en HPL. Design architectural durable et \u00e9l\u00e9gant pour les villas et terrasses exclusives.\" \/>\n<meta property=\"og:url\" content=\"https:\/\/www.lavillagardendesign.com\/fr\/product\/cadre-table-de-salle-a-manger-dexterieur-en-aluminium\/\" \/>\n<meta property=\"og:site_name\" content=\"La Villa Garden&amp;Design\" \/>\n<meta property=\"article:publisher\" content=\"https:\/\/www.facebook.com\/lavillagardendesign\/\" \/>\n<meta property=\"og:image\" content=\"https:\/\/www.lavillagardendesign.com\/wp-content\/uploads\/2026\/03\/1-1.png\" \/>\n\t<meta property=\"og:image:width\" content=\"700\" \/>\n\t<meta property=\"og:image:height\" content=\"800\" \/>\n\t<meta property=\"og:image:type\" content=\"image\/png\" \/>\n<meta name=\"twitter:card\" content=\"summary_large_image\" \/>\n<script type=\"application\/ld+json\" class=\"yoast-schema-graph\">{\"@context\":\"https:\/\/schema.org\",\"@graph\":[{\"@type\":\"WebPage\",\"@id\":\"https:\/\/www.lavillagardendesign.com\/fr\/product\/cadre-table-de-salle-a-manger-dexterieur-en-aluminium\/\",\"url\":\"https:\/\/www.lavillagardendesign.com\/fr\/product\/cadre-table-de-salle-a-manger-dexterieur-en-aluminium\/\",\"name\":\"FRAME Table de salle \u00e0 manger d'ext\u00e9rieur | Ram\u00f3n Esteve Design | La Villa\",\"isPartOf\":{\"@id\":\"https:\/\/www.lavillagardendesign.com\/#website\"},\"primaryImageOfPage\":{\"@id\":\"https:\/\/www.lavillagardendesign.com\/fr\/product\/cadre-table-de-salle-a-manger-dexterieur-en-aluminium\/#primaryimage\"},\"image\":{\"@id\":\"https:\/\/www.lavillagardendesign.com\/fr\/product\/cadre-table-de-salle-a-manger-dexterieur-en-aluminium\/#primaryimage\"},\"thumbnailUrl\":\"https:\/\/www.lavillagardendesign.com\/wp-content\/uploads\/2026\/03\/1-1.png\",\"datePublished\":\"2026-03-06T17:35:25+00:00\",\"description\":\"Table de salle \u00e0 manger FRAME de luxe. Structure en aluminium et plateau en HPL. Design architectural durable et \u00e9l\u00e9gant pour les villas et terrasses exclusives.\",\"breadcrumb\":{\"@id\":\"https:\/\/www.lavillagardendesign.com\/fr\/product\/cadre-table-de-salle-a-manger-dexterieur-en-aluminium\/#breadcrumb\"},\"inLanguage\":\"fr-FR\",\"potentialAction\":[{\"@type\":\"ReadAction\",\"target\":[\"https:\/\/www.lavillagardendesign.com\/fr\/product\/cadre-table-de-salle-a-manger-dexterieur-en-aluminium\/\"]}]},{\"@type\":\"ImageObject\",\"inLanguage\":\"fr-FR\",\"@id\":\"https:\/\/www.lavillagardendesign.com\/fr\/product\/cadre-table-de-salle-a-manger-dexterieur-en-aluminium\/#primaryimage\",\"url\":\"https:\/\/www.lavillagardendesign.com\/wp-content\/uploads\/2026\/03\/1-1.png\",\"contentUrl\":\"https:\/\/www.lavillagardendesign.com\/wp-content\/uploads\/2026\/03\/1-1.png\",\"width\":700,\"height\":800},{\"@type\":\"BreadcrumbList\",\"@id\":\"https:\/\/www.lavillagardendesign.com\/fr\/product\/cadre-table-de-salle-a-manger-dexterieur-en-aluminium\/#breadcrumb\",\"itemListElement\":[{\"@type\":\"ListItem\",\"position\":1,\"name\":\"Home\",\"item\":\"https:\/\/www.lavillagardendesign.com\/\"},{\"@type\":\"ListItem\",\"position\":2,\"name\":\"Boutique\",\"item\":\"https:\/\/www.lavillagardendesign.com\/fr\/boutique\/\"},{\"@type\":\"ListItem\",\"position\":3,\"name\":\"CADRE &#8211; Table de salle \u00e0 manger d&#8217;ext\u00e9rieur en aluminium\"}]},{\"@type\":\"WebSite\",\"@id\":\"https:\/\/www.lavillagardendesign.com\/#website\",\"url\":\"https:\/\/www.lavillagardendesign.com\/\",\"name\":\"La Villa Garden&Design\",\"description\":\"\",\"publisher\":{\"@id\":\"https:\/\/www.lavillagardendesign.com\/#organization\"},\"potentialAction\":[{\"@type\":\"SearchAction\",\"target\":{\"@type\":\"EntryPoint\",\"urlTemplate\":\"https:\/\/www.lavillagardendesign.com\/?s={search_term_string}\"},\"query-input\":{\"@type\":\"PropertyValueSpecification\",\"valueRequired\":true,\"valueName\":\"search_term_string\"}}],\"inLanguage\":\"fr-FR\"},{\"@type\":\"Organization\",\"@id\":\"https:\/\/www.lavillagardendesign.com\/#organization\",\"name\":\"La Villa Garden&Design\",\"url\":\"https:\/\/www.lavillagardendesign.com\/\",\"logo\":{\"@type\":\"ImageObject\",\"inLanguage\":\"fr-FR\",\"@id\":\"https:\/\/www.lavillagardendesign.com\/#\/schema\/logo\/image\/\",\"url\":\"https:\/\/www.lavillagardendesign.com\/wp-content\/uploads\/2024\/04\/logolavilla.png\",\"contentUrl\":\"https:\/\/www.lavillagardendesign.com\/wp-content\/uploads\/2024\/04\/logolavilla.png\",\"width\":682,\"height\":391,\"caption\":\"La Villa Garden&Design\"},\"image\":{\"@id\":\"https:\/\/www.lavillagardendesign.com\/#\/schema\/logo\/image\/\"},\"sameAs\":[\"https:\/\/www.facebook.com\/lavillagardendesign\/\"]}]}<\/script>\n<!-- \/ Yoast SEO plugin. -->","yoast_head_json":{"title":"FRAME Table de salle \u00e0 manger d'ext\u00e9rieur | Ram\u00f3n Esteve Design | La Villa","description":"Table de salle \u00e0 manger FRAME de luxe. Structure en aluminium et plateau en HPL. Design architectural durable et \u00e9l\u00e9gant pour les villas et terrasses exclusives.","robots":{"index":"index","follow":"follow","max-snippet":"max-snippet:-1","max-image-preview":"max-image-preview:large","max-video-preview":"max-video-preview:-1"},"canonical":"https:\/\/www.lavillagardendesign.com\/fr\/product\/cadre-table-de-salle-a-manger-dexterieur-en-aluminium\/","og_locale":"fr_FR","og_type":"article","og_title":"FRAME Table de salle \u00e0 manger d'ext\u00e9rieur | Ram\u00f3n Esteve Design | La Villa","og_description":"Table de salle \u00e0 manger FRAME de luxe. Structure en aluminium et plateau en HPL. Design architectural durable et \u00e9l\u00e9gant pour les villas et terrasses exclusives.","og_url":"https:\/\/www.lavillagardendesign.com\/fr\/product\/cadre-table-de-salle-a-manger-dexterieur-en-aluminium\/","og_site_name":"La Villa Garden&amp;Design","article_publisher":"https:\/\/www.facebook.com\/lavillagardendesign\/","og_image":[{"width":700,"height":800,"url":"https:\/\/www.lavillagardendesign.com\/wp-content\/uploads\/2026\/03\/1-1.png","type":"image\/png"}],"twitter_card":"summary_large_image","schema":{"@context":"https:\/\/schema.org","@graph":[{"@type":"WebPage","@id":"https:\/\/www.lavillagardendesign.com\/fr\/product\/cadre-table-de-salle-a-manger-dexterieur-en-aluminium\/","url":"https:\/\/www.lavillagardendesign.com\/fr\/product\/cadre-table-de-salle-a-manger-dexterieur-en-aluminium\/","name":"FRAME Table de salle \u00e0 manger d'ext\u00e9rieur | Ram\u00f3n Esteve Design | La Villa","isPartOf":{"@id":"https:\/\/www.lavillagardendesign.com\/#website"},"primaryImageOfPage":{"@id":"https:\/\/www.lavillagardendesign.com\/fr\/product\/cadre-table-de-salle-a-manger-dexterieur-en-aluminium\/#primaryimage"},"image":{"@id":"https:\/\/www.lavillagardendesign.com\/fr\/product\/cadre-table-de-salle-a-manger-dexterieur-en-aluminium\/#primaryimage"},"thumbnailUrl":"https:\/\/www.lavillagardendesign.com\/wp-content\/uploads\/2026\/03\/1-1.png","datePublished":"2026-03-06T17:35:25+00:00","description":"Table de salle \u00e0 manger FRAME de luxe. Structure en aluminium et plateau en HPL. Design architectural durable et \u00e9l\u00e9gant pour les villas et terrasses exclusives.","breadcrumb":{"@id":"https:\/\/www.lavillagardendesign.com\/fr\/product\/cadre-table-de-salle-a-manger-dexterieur-en-aluminium\/#breadcrumb"},"inLanguage":"fr-FR","potentialAction":[{"@type":"ReadAction","target":["https:\/\/www.lavillagardendesign.com\/fr\/product\/cadre-table-de-salle-a-manger-dexterieur-en-aluminium\/"]}]},{"@type":"ImageObject","inLanguage":"fr-FR","@id":"https:\/\/www.lavillagardendesign.com\/fr\/product\/cadre-table-de-salle-a-manger-dexterieur-en-aluminium\/#primaryimage","url":"https:\/\/www.lavillagardendesign.com\/wp-content\/uploads\/2026\/03\/1-1.png","contentUrl":"https:\/\/www.lavillagardendesign.com\/wp-content\/uploads\/2026\/03\/1-1.png","width":700,"height":800},{"@type":"BreadcrumbList","@id":"https:\/\/www.lavillagardendesign.com\/fr\/product\/cadre-table-de-salle-a-manger-dexterieur-en-aluminium\/#breadcrumb","itemListElement":[{"@type":"ListItem","position":1,"name":"Home","item":"https:\/\/www.lavillagardendesign.com\/"},{"@type":"ListItem","position":2,"name":"Boutique","item":"https:\/\/www.lavillagardendesign.com\/fr\/boutique\/"},{"@type":"ListItem","position":3,"name":"CADRE &#8211; Table de salle \u00e0 manger d&#8217;ext\u00e9rieur en aluminium"}]},{"@type":"WebSite","@id":"https:\/\/www.lavillagardendesign.com\/#website","url":"https:\/\/www.lavillagardendesign.com\/","name":"La Villa Garden&Design","description":"","publisher":{"@id":"https:\/\/www.lavillagardendesign.com\/#organization"},"potentialAction":[{"@type":"SearchAction","target":{"@type":"EntryPoint","urlTemplate":"https:\/\/www.lavillagardendesign.com\/?s={search_term_string}"},"query-input":{"@type":"PropertyValueSpecification","valueRequired":true,"valueName":"search_term_string"}}],"inLanguage":"fr-FR"},{"@type":"Organization","@id":"https:\/\/www.lavillagardendesign.com\/#organization","name":"La Villa Garden&Design","url":"https:\/\/www.lavillagardendesign.com\/","logo":{"@type":"ImageObject","inLanguage":"fr-FR","@id":"https:\/\/www.lavillagardendesign.com\/#\/schema\/logo\/image\/","url":"https:\/\/www.lavillagardendesign.com\/wp-content\/uploads\/2024\/04\/logolavilla.png","contentUrl":"https:\/\/www.lavillagardendesign.com\/wp-content\/uploads\/2024\/04\/logolavilla.png","width":682,"height":391,"caption":"La Villa Garden&Design"},"image":{"@id":"https:\/\/www.lavillagardendesign.com\/#\/schema\/logo\/image\/"},"sameAs":["https:\/\/www.facebook.com\/lavillagardendesign\/"]}]}},"_links":{"self":[{"href":"https:\/\/www.lavillagardendesign.com\/fr\/wp-json\/wp\/v2\/product\/65960","targetHints":{"allow":["GET"]}}],"collection":[{"href":"https:\/\/www.lavillagardendesign.com\/fr\/wp-json\/wp\/v2\/product"}],"about":[{"href":"https:\/\/www.lavillagardendesign.com\/fr\/wp-json\/wp\/v2\/types\/product"}],"replies":[{"embeddable":true,"href":"https:\/\/www.lavillagardendesign.com\/fr\/wp-json\/wp\/v2\/comments?post=65960"}],"version-history":[{"count":0,"href":"https:\/\/www.lavillagardendesign.com\/fr\/wp-json\/wp\/v2\/product\/65960\/revisions"}],"wp:featuredmedia":[{"embeddable":true,"href":"https:\/\/www.lavillagardendesign.com\/fr\/wp-json\/wp\/v2\/media\/65510"}],"wp:attachment":[{"href":"https:\/\/www.lavillagardendesign.com\/fr\/wp-json\/wp\/v2\/media?parent=65960"}],"wp:term":[{"taxonomy":"product_brand","embeddable":true,"href":"https:\/\/www.lavillagardendesign.com\/fr\/wp-json\/wp\/v2\/product_brand?post=65960"},{"taxonomy":"product_cat","embeddable":true,"href":"https:\/\/www.lavillagardendesign.com\/fr\/wp-json\/wp\/v2\/product_cat?post=65960"},{"taxonomy":"product_tag","embeddable":true,"href":"https:\/\/www.lavillagardendesign.com\/fr\/wp-json\/wp\/v2\/product_tag?post=65960"}],"curies":[{"name":"wp","href":"https:\/\/api.w.org\/{rel}","templated":true}]}}