{"id":65836,"date":"2026-03-06T18:35:26","date_gmt":"2026-03-06T17:35:26","guid":{"rendered":"https:\/\/www.lavillagardendesign.com\/product\/delta-table-de-bar-dexterieur-h105\/"},"modified":"2026-03-07T14:58:38","modified_gmt":"2026-03-07T13:58:38","slug":"delta-table-de-bar-dexterieur-h105","status":"publish","type":"product","link":"https:\/\/www.lavillagardendesign.com\/fr\/product\/delta-table-de-bar-dexterieur-h105\/","title":{"rendered":"DELTA &#8211; Table de bar d&rsquo;ext\u00e9rieur H105"},"content":{"rendered":"","protected":false},"excerpt":{"rendered":"<p>La table haute DELTA Bar, une cr\u00e9ation du c\u00e9l\u00e8bre designer Jorge Pensi, \u00e9l\u00e8ve le concept de mobilier d&rsquo;ext\u00e9rieur \u00e0 une nouvelle dimension de sophistication fonctionnelle. Sa structure, compos\u00e9e d&rsquo;un tube en aluminium extrud\u00e9 et d&rsquo;une base en fonte d&rsquo;aluminium trait\u00e9e avec une peinture \u00e9poxy cuite au four, garantit une r\u00e9sistance totale \u00e0 la corrosion et aux conditions climatiques extr\u00eames, ce qui la rend id\u00e9ale pour les villas de luxe d&rsquo;Ibiza ou les terrasses haut de gamme de la Costa Brava. Avec ses 105 cm, cette table de bar est la pi\u00e8ce parfaite pour cr\u00e9er des environnements dynamiques et \u00e9l\u00e9gants. Son design permet une int\u00e9gration fluide aussi bien dans les int\u00e9rieurs contemporains que dans les espaces ext\u00e9rieurs exigeants, offrant une polyvalence que les marques de milieu de gamme ne peuvent \u00e9galer.   <\/p>\n","protected":false},"featured_media":65667,"comment_status":"open","ping_status":"closed","template":"","meta":[],"product_brand":[5000],"product_cat":[6832,2944,2947],"product_tag":[],"class_list":{"0":"post-65836","1":"product","2":"type-product","3":"status-publish","4":"has-post-thumbnail","6":"product_brand-vondom","7":"product_cat-outdoor-fr","8":"product_cat-tables-fr","9":"product_cat-tables-hautes-bars","11":"first","12":"instock","13":"taxable","14":"shipping-taxable","15":"purchasable","16":"product-type-variable"},"yoast_head":"<!-- This site is optimized with the Yoast SEO plugin v27.1.1 - https:\/\/yoast.com\/product\/yoast-seo-wordpress\/ -->\n<title>DELTA Bar Table haute H105 par Vondom | Jorge Pensi Design<\/title>\n<meta name=\"description\" content=\"Configurez votre table de bar DELTA (H105) par Jorge Pensi. Aluminium durable et plateaux en HPL de 10 mm. Meubles de luxe pour terrasses et collectivit\u00e9s \u00e0 partir de \u20ac324\" \/>\n<meta name=\"robots\" content=\"index, follow, max-snippet:-1, max-image-preview:large, max-video-preview:-1\" \/>\n<link rel=\"canonical\" href=\"https:\/\/www.lavillagardendesign.com\/fr\/product\/delta-table-de-bar-dexterieur-h105\/\" \/>\n<meta property=\"og:locale\" content=\"fr_FR\" \/>\n<meta property=\"og:type\" content=\"article\" \/>\n<meta property=\"og:title\" content=\"DELTA Bar Table haute H105 par Vondom | Jorge Pensi Design\" \/>\n<meta property=\"og:description\" content=\"Configurez votre table de bar DELTA (H105) par Jorge Pensi. Aluminium durable et plateaux en HPL de 10 mm. Meubles de luxe pour terrasses et collectivit\u00e9s \u00e0 partir de \u20ac324\" \/>\n<meta property=\"og:url\" content=\"https:\/\/www.lavillagardendesign.com\/fr\/product\/delta-table-de-bar-dexterieur-h105\/\" \/>\n<meta property=\"og:site_name\" content=\"La Villa Garden&amp;Design\" \/>\n<meta property=\"article:publisher\" content=\"https:\/\/www.facebook.com\/lavillagardendesign\/\" \/>\n<meta property=\"article:modified_time\" content=\"2026-03-07T13:58:38+00:00\" \/>\n<meta property=\"og:image\" content=\"https:\/\/www.lavillagardendesign.com\/wp-content\/uploads\/2026\/03\/7-3.png\" \/>\n\t<meta property=\"og:image:width\" content=\"700\" \/>\n\t<meta property=\"og:image:height\" content=\"800\" \/>\n\t<meta property=\"og:image:type\" content=\"image\/png\" \/>\n<meta name=\"twitter:card\" content=\"summary_large_image\" \/>\n<script type=\"application\/ld+json\" class=\"yoast-schema-graph\">{\"@context\":\"https:\/\/schema.org\",\"@graph\":[{\"@type\":\"WebPage\",\"@id\":\"https:\/\/www.lavillagardendesign.com\/fr\/product\/delta-table-de-bar-dexterieur-h105\/\",\"url\":\"https:\/\/www.lavillagardendesign.com\/fr\/product\/delta-table-de-bar-dexterieur-h105\/\",\"name\":\"DELTA Bar Table haute H105 par Vondom | Jorge Pensi Design\",\"isPartOf\":{\"@id\":\"https:\/\/www.lavillagardendesign.com\/#website\"},\"primaryImageOfPage\":{\"@id\":\"https:\/\/www.lavillagardendesign.com\/fr\/product\/delta-table-de-bar-dexterieur-h105\/#primaryimage\"},\"image\":{\"@id\":\"https:\/\/www.lavillagardendesign.com\/fr\/product\/delta-table-de-bar-dexterieur-h105\/#primaryimage\"},\"thumbnailUrl\":\"https:\/\/www.lavillagardendesign.com\/wp-content\/uploads\/2026\/03\/7-3.png\",\"datePublished\":\"2026-03-06T17:35:26+00:00\",\"dateModified\":\"2026-03-07T13:58:38+00:00\",\"description\":\"Configurez votre table de bar DELTA (H105) par Jorge Pensi. Aluminium durable et plateaux en HPL de 10 mm. Meubles de luxe pour terrasses et collectivit\u00e9s \u00e0 partir de \u20ac324\",\"breadcrumb\":{\"@id\":\"https:\/\/www.lavillagardendesign.com\/fr\/product\/delta-table-de-bar-dexterieur-h105\/#breadcrumb\"},\"inLanguage\":\"fr-FR\",\"potentialAction\":[{\"@type\":\"ReadAction\",\"target\":[\"https:\/\/www.lavillagardendesign.com\/fr\/product\/delta-table-de-bar-dexterieur-h105\/\"]}]},{\"@type\":\"ImageObject\",\"inLanguage\":\"fr-FR\",\"@id\":\"https:\/\/www.lavillagardendesign.com\/fr\/product\/delta-table-de-bar-dexterieur-h105\/#primaryimage\",\"url\":\"https:\/\/www.lavillagardendesign.com\/wp-content\/uploads\/2026\/03\/7-3.png\",\"contentUrl\":\"https:\/\/www.lavillagardendesign.com\/wp-content\/uploads\/2026\/03\/7-3.png\",\"width\":700,\"height\":800},{\"@type\":\"BreadcrumbList\",\"@id\":\"https:\/\/www.lavillagardendesign.com\/fr\/product\/delta-table-de-bar-dexterieur-h105\/#breadcrumb\",\"itemListElement\":[{\"@type\":\"ListItem\",\"position\":1,\"name\":\"Home\",\"item\":\"https:\/\/www.lavillagardendesign.com\/\"},{\"@type\":\"ListItem\",\"position\":2,\"name\":\"Boutique\",\"item\":\"https:\/\/www.lavillagardendesign.com\/fr\/boutique\/\"},{\"@type\":\"ListItem\",\"position\":3,\"name\":\"DELTA &#8211; Table de bar d&rsquo;ext\u00e9rieur H105\"}]},{\"@type\":\"WebSite\",\"@id\":\"https:\/\/www.lavillagardendesign.com\/#website\",\"url\":\"https:\/\/www.lavillagardendesign.com\/\",\"name\":\"La Villa Garden&Design\",\"description\":\"\",\"publisher\":{\"@id\":\"https:\/\/www.lavillagardendesign.com\/#organization\"},\"potentialAction\":[{\"@type\":\"SearchAction\",\"target\":{\"@type\":\"EntryPoint\",\"urlTemplate\":\"https:\/\/www.lavillagardendesign.com\/?s={search_term_string}\"},\"query-input\":{\"@type\":\"PropertyValueSpecification\",\"valueRequired\":true,\"valueName\":\"search_term_string\"}}],\"inLanguage\":\"fr-FR\"},{\"@type\":\"Organization\",\"@id\":\"https:\/\/www.lavillagardendesign.com\/#organization\",\"name\":\"La Villa Garden&Design\",\"url\":\"https:\/\/www.lavillagardendesign.com\/\",\"logo\":{\"@type\":\"ImageObject\",\"inLanguage\":\"fr-FR\",\"@id\":\"https:\/\/www.lavillagardendesign.com\/#\/schema\/logo\/image\/\",\"url\":\"https:\/\/www.lavillagardendesign.com\/wp-content\/uploads\/2024\/04\/logolavilla.png\",\"contentUrl\":\"https:\/\/www.lavillagardendesign.com\/wp-content\/uploads\/2024\/04\/logolavilla.png\",\"width\":682,\"height\":391,\"caption\":\"La Villa Garden&Design\"},\"image\":{\"@id\":\"https:\/\/www.lavillagardendesign.com\/#\/schema\/logo\/image\/\"},\"sameAs\":[\"https:\/\/www.facebook.com\/lavillagardendesign\/\"]}]}<\/script>\n<!-- \/ Yoast SEO plugin. -->","yoast_head_json":{"title":"DELTA Bar Table haute H105 par Vondom | Jorge Pensi Design","description":"Configurez votre table de bar DELTA (H105) par Jorge Pensi. Aluminium durable et plateaux en HPL de 10 mm. Meubles de luxe pour terrasses et collectivit\u00e9s \u00e0 partir de \u20ac324","robots":{"index":"index","follow":"follow","max-snippet":"max-snippet:-1","max-image-preview":"max-image-preview:large","max-video-preview":"max-video-preview:-1"},"canonical":"https:\/\/www.lavillagardendesign.com\/fr\/product\/delta-table-de-bar-dexterieur-h105\/","og_locale":"fr_FR","og_type":"article","og_title":"DELTA Bar Table haute H105 par Vondom | Jorge Pensi Design","og_description":"Configurez votre table de bar DELTA (H105) par Jorge Pensi. Aluminium durable et plateaux en HPL de 10 mm. Meubles de luxe pour terrasses et collectivit\u00e9s \u00e0 partir de \u20ac324","og_url":"https:\/\/www.lavillagardendesign.com\/fr\/product\/delta-table-de-bar-dexterieur-h105\/","og_site_name":"La Villa Garden&amp;Design","article_publisher":"https:\/\/www.facebook.com\/lavillagardendesign\/","article_modified_time":"2026-03-07T13:58:38+00:00","og_image":[{"width":700,"height":800,"url":"https:\/\/www.lavillagardendesign.com\/wp-content\/uploads\/2026\/03\/7-3.png","type":"image\/png"}],"twitter_card":"summary_large_image","schema":{"@context":"https:\/\/schema.org","@graph":[{"@type":"WebPage","@id":"https:\/\/www.lavillagardendesign.com\/fr\/product\/delta-table-de-bar-dexterieur-h105\/","url":"https:\/\/www.lavillagardendesign.com\/fr\/product\/delta-table-de-bar-dexterieur-h105\/","name":"DELTA Bar Table haute H105 par Vondom | Jorge Pensi Design","isPartOf":{"@id":"https:\/\/www.lavillagardendesign.com\/#website"},"primaryImageOfPage":{"@id":"https:\/\/www.lavillagardendesign.com\/fr\/product\/delta-table-de-bar-dexterieur-h105\/#primaryimage"},"image":{"@id":"https:\/\/www.lavillagardendesign.com\/fr\/product\/delta-table-de-bar-dexterieur-h105\/#primaryimage"},"thumbnailUrl":"https:\/\/www.lavillagardendesign.com\/wp-content\/uploads\/2026\/03\/7-3.png","datePublished":"2026-03-06T17:35:26+00:00","dateModified":"2026-03-07T13:58:38+00:00","description":"Configurez votre table de bar DELTA (H105) par Jorge Pensi. Aluminium durable et plateaux en HPL de 10 mm. Meubles de luxe pour terrasses et collectivit\u00e9s \u00e0 partir de \u20ac324","breadcrumb":{"@id":"https:\/\/www.lavillagardendesign.com\/fr\/product\/delta-table-de-bar-dexterieur-h105\/#breadcrumb"},"inLanguage":"fr-FR","potentialAction":[{"@type":"ReadAction","target":["https:\/\/www.lavillagardendesign.com\/fr\/product\/delta-table-de-bar-dexterieur-h105\/"]}]},{"@type":"ImageObject","inLanguage":"fr-FR","@id":"https:\/\/www.lavillagardendesign.com\/fr\/product\/delta-table-de-bar-dexterieur-h105\/#primaryimage","url":"https:\/\/www.lavillagardendesign.com\/wp-content\/uploads\/2026\/03\/7-3.png","contentUrl":"https:\/\/www.lavillagardendesign.com\/wp-content\/uploads\/2026\/03\/7-3.png","width":700,"height":800},{"@type":"BreadcrumbList","@id":"https:\/\/www.lavillagardendesign.com\/fr\/product\/delta-table-de-bar-dexterieur-h105\/#breadcrumb","itemListElement":[{"@type":"ListItem","position":1,"name":"Home","item":"https:\/\/www.lavillagardendesign.com\/"},{"@type":"ListItem","position":2,"name":"Boutique","item":"https:\/\/www.lavillagardendesign.com\/fr\/boutique\/"},{"@type":"ListItem","position":3,"name":"DELTA &#8211; Table de bar d&rsquo;ext\u00e9rieur H105"}]},{"@type":"WebSite","@id":"https:\/\/www.lavillagardendesign.com\/#website","url":"https:\/\/www.lavillagardendesign.com\/","name":"La Villa Garden&Design","description":"","publisher":{"@id":"https:\/\/www.lavillagardendesign.com\/#organization"},"potentialAction":[{"@type":"SearchAction","target":{"@type":"EntryPoint","urlTemplate":"https:\/\/www.lavillagardendesign.com\/?s={search_term_string}"},"query-input":{"@type":"PropertyValueSpecification","valueRequired":true,"valueName":"search_term_string"}}],"inLanguage":"fr-FR"},{"@type":"Organization","@id":"https:\/\/www.lavillagardendesign.com\/#organization","name":"La Villa Garden&Design","url":"https:\/\/www.lavillagardendesign.com\/","logo":{"@type":"ImageObject","inLanguage":"fr-FR","@id":"https:\/\/www.lavillagardendesign.com\/#\/schema\/logo\/image\/","url":"https:\/\/www.lavillagardendesign.com\/wp-content\/uploads\/2024\/04\/logolavilla.png","contentUrl":"https:\/\/www.lavillagardendesign.com\/wp-content\/uploads\/2024\/04\/logolavilla.png","width":682,"height":391,"caption":"La Villa Garden&Design"},"image":{"@id":"https:\/\/www.lavillagardendesign.com\/#\/schema\/logo\/image\/"},"sameAs":["https:\/\/www.facebook.com\/lavillagardendesign\/"]}]}},"_links":{"self":[{"href":"https:\/\/www.lavillagardendesign.com\/fr\/wp-json\/wp\/v2\/product\/65836","targetHints":{"allow":["GET"]}}],"collection":[{"href":"https:\/\/www.lavillagardendesign.com\/fr\/wp-json\/wp\/v2\/product"}],"about":[{"href":"https:\/\/www.lavillagardendesign.com\/fr\/wp-json\/wp\/v2\/types\/product"}],"replies":[{"embeddable":true,"href":"https:\/\/www.lavillagardendesign.com\/fr\/wp-json\/wp\/v2\/comments?post=65836"}],"version-history":[{"count":1,"href":"https:\/\/www.lavillagardendesign.com\/fr\/wp-json\/wp\/v2\/product\/65836\/revisions"}],"predecessor-version":[{"id":65897,"href":"https:\/\/www.lavillagardendesign.com\/fr\/wp-json\/wp\/v2\/product\/65836\/revisions\/65897"}],"wp:featuredmedia":[{"embeddable":true,"href":"https:\/\/www.lavillagardendesign.com\/fr\/wp-json\/wp\/v2\/media\/65667"}],"wp:attachment":[{"href":"https:\/\/www.lavillagardendesign.com\/fr\/wp-json\/wp\/v2\/media?parent=65836"}],"wp:term":[{"taxonomy":"product_brand","embeddable":true,"href":"https:\/\/www.lavillagardendesign.com\/fr\/wp-json\/wp\/v2\/product_brand?post=65836"},{"taxonomy":"product_cat","embeddable":true,"href":"https:\/\/www.lavillagardendesign.com\/fr\/wp-json\/wp\/v2\/product_cat?post=65836"},{"taxonomy":"product_tag","embeddable":true,"href":"https:\/\/www.lavillagardendesign.com\/fr\/wp-json\/wp\/v2\/product_tag?post=65836"}],"curies":[{"name":"wp","href":"https:\/\/api.w.org\/{rel}","templated":true}]}}