{"id":65258,"date":"2026-03-03T21:22:43","date_gmt":"2026-03-03T20:22:43","guid":{"rendered":"https:\/\/www.lavillagardendesign.com\/product\/voxel-chaise-longue-design-empilable-karim-rashid\/"},"modified":"2026-03-03T21:25:59","modified_gmt":"2026-03-03T19:25:59","slug":"voxel-chaise-longue-design-empilable-karim-rashid","status":"publish","type":"product","link":"https:\/\/www.lavillagardendesign.com\/fr\/product\/voxel-chaise-longue-design-empilable-karim-rashid\/","title":{"rendered":"VOXEL &#8211; Chaise longue design empilable (Karim Rashid)"},"content":{"rendered":"","protected":false},"excerpt":{"rendered":"<p>Red\u00e9finissez votre espace de d\u00e9tente avec la chaise longue VOXEL, un chef-d&rsquo;\u0153uvre de g\u00e9om\u00e9trie contemporaine con\u00e7u par Karim Rashid. Cette pi\u00e8ce se distingue par sa forme structurelle et facett\u00e9e, alliant une esth\u00e9tique visuelle saisissante \u00e0 une ergonomie con\u00e7ue pour un confort maximal. C&rsquo;est le choix privil\u00e9gi\u00e9 pour les projets d&rsquo;am\u00e9nagement ext\u00e9rieur qui recherchent une touche de sophistication et de modernit\u00e9 dans les environnements de piscines et de solariums haut de gamme.  <\/p>\n","protected":false},"featured_media":65213,"comment_status":"open","ping_status":"closed","template":"","meta":[],"product_brand":[],"product_cat":[6832,2938,2940],"product_tag":[],"class_list":{"0":"post-65258","1":"product","2":"type-product","3":"status-publish","4":"has-post-thumbnail","6":"product_cat-outdoor-fr","7":"product_cat-bains-de-soleil","8":"product_cat-transats","10":"first","11":"instock","12":"taxable","13":"shipping-taxable","14":"purchasable","15":"product-type-variable"},"yoast_head":"<!-- This site is optimized with the Yoast SEO plugin v27.1.1 - https:\/\/yoast.com\/product\/yoast-seo-wordpress\/ -->\n<title>Chaise longue d&#039;ext\u00e9rieur VOXEL Vondom | Karim Rashid Design | La Villa<\/title>\n<meta name=\"description\" content=\"D\u00e9couvrez la chaise longue VOXEL de Vondom. Design Karim Rashid en polypropyl\u00e8ne durable et empilable. Parfait pour les piscines de luxe et les villas exclusives.\" \/>\n<meta name=\"robots\" content=\"index, follow, max-snippet:-1, max-image-preview:large, max-video-preview:-1\" \/>\n<link rel=\"canonical\" href=\"https:\/\/www.lavillagardendesign.com\/fr\/product\/voxel-chaise-longue-design-empilable-karim-rashid\/\" \/>\n<meta property=\"og:locale\" content=\"fr_FR\" \/>\n<meta property=\"og:type\" content=\"article\" \/>\n<meta property=\"og:title\" content=\"Chaise longue d&#039;ext\u00e9rieur VOXEL Vondom | Karim Rashid Design | La Villa\" \/>\n<meta property=\"og:description\" content=\"D\u00e9couvrez la chaise longue VOXEL de Vondom. Design Karim Rashid en polypropyl\u00e8ne durable et empilable. Parfait pour les piscines de luxe et les villas exclusives.\" \/>\n<meta property=\"og:url\" content=\"https:\/\/www.lavillagardendesign.com\/fr\/product\/voxel-chaise-longue-design-empilable-karim-rashid\/\" \/>\n<meta property=\"og:site_name\" content=\"La Villa Garden&amp;Design\" \/>\n<meta property=\"article:publisher\" content=\"https:\/\/www.facebook.com\/lavillagardendesign\/\" \/>\n<meta property=\"og:image\" content=\"https:\/\/www.lavillagardendesign.com\/wp-content\/uploads\/2026\/02\/8-13-2.jpg\" \/>\n\t<meta property=\"og:image:width\" content=\"700\" \/>\n\t<meta property=\"og:image:height\" content=\"800\" \/>\n\t<meta property=\"og:image:type\" content=\"image\/jpeg\" \/>\n<meta name=\"twitter:card\" content=\"summary_large_image\" \/>\n<script type=\"application\/ld+json\" class=\"yoast-schema-graph\">{\"@context\":\"https:\/\/schema.org\",\"@graph\":[{\"@type\":\"WebPage\",\"@id\":\"https:\/\/www.lavillagardendesign.com\/fr\/product\/voxel-chaise-longue-design-empilable-karim-rashid\/\",\"url\":\"https:\/\/www.lavillagardendesign.com\/fr\/product\/voxel-chaise-longue-design-empilable-karim-rashid\/\",\"name\":\"Chaise longue d'ext\u00e9rieur VOXEL Vondom | Karim Rashid Design | La Villa\",\"isPartOf\":{\"@id\":\"https:\/\/www.lavillagardendesign.com\/#website\"},\"primaryImageOfPage\":{\"@id\":\"https:\/\/www.lavillagardendesign.com\/fr\/product\/voxel-chaise-longue-design-empilable-karim-rashid\/#primaryimage\"},\"image\":{\"@id\":\"https:\/\/www.lavillagardendesign.com\/fr\/product\/voxel-chaise-longue-design-empilable-karim-rashid\/#primaryimage\"},\"thumbnailUrl\":\"https:\/\/www.lavillagardendesign.com\/wp-content\/uploads\/2026\/02\/8-13-2.jpg\",\"datePublished\":\"2026-03-03T20:22:43+00:00\",\"description\":\"D\u00e9couvrez la chaise longue VOXEL de Vondom. Design Karim Rashid en polypropyl\u00e8ne durable et empilable. Parfait pour les piscines de luxe et les villas exclusives.\",\"breadcrumb\":{\"@id\":\"https:\/\/www.lavillagardendesign.com\/fr\/product\/voxel-chaise-longue-design-empilable-karim-rashid\/#breadcrumb\"},\"inLanguage\":\"fr-FR\",\"potentialAction\":[{\"@type\":\"ReadAction\",\"target\":[\"https:\/\/www.lavillagardendesign.com\/fr\/product\/voxel-chaise-longue-design-empilable-karim-rashid\/\"]}]},{\"@type\":\"ImageObject\",\"inLanguage\":\"fr-FR\",\"@id\":\"https:\/\/www.lavillagardendesign.com\/fr\/product\/voxel-chaise-longue-design-empilable-karim-rashid\/#primaryimage\",\"url\":\"https:\/\/www.lavillagardendesign.com\/wp-content\/uploads\/2026\/02\/8-13-2.jpg\",\"contentUrl\":\"https:\/\/www.lavillagardendesign.com\/wp-content\/uploads\/2026\/02\/8-13-2.jpg\",\"width\":700,\"height\":800},{\"@type\":\"BreadcrumbList\",\"@id\":\"https:\/\/www.lavillagardendesign.com\/fr\/product\/voxel-chaise-longue-design-empilable-karim-rashid\/#breadcrumb\",\"itemListElement\":[{\"@type\":\"ListItem\",\"position\":1,\"name\":\"Home\",\"item\":\"https:\/\/www.lavillagardendesign.com\/\"},{\"@type\":\"ListItem\",\"position\":2,\"name\":\"Boutique\",\"item\":\"https:\/\/www.lavillagardendesign.com\/fr\/boutique\/\"},{\"@type\":\"ListItem\",\"position\":3,\"name\":\"VOXEL &#8211; Chaise longue design empilable (Karim Rashid)\"}]},{\"@type\":\"WebSite\",\"@id\":\"https:\/\/www.lavillagardendesign.com\/#website\",\"url\":\"https:\/\/www.lavillagardendesign.com\/\",\"name\":\"La Villa Garden&Design\",\"description\":\"\",\"publisher\":{\"@id\":\"https:\/\/www.lavillagardendesign.com\/#organization\"},\"potentialAction\":[{\"@type\":\"SearchAction\",\"target\":{\"@type\":\"EntryPoint\",\"urlTemplate\":\"https:\/\/www.lavillagardendesign.com\/?s={search_term_string}\"},\"query-input\":{\"@type\":\"PropertyValueSpecification\",\"valueRequired\":true,\"valueName\":\"search_term_string\"}}],\"inLanguage\":\"fr-FR\"},{\"@type\":\"Organization\",\"@id\":\"https:\/\/www.lavillagardendesign.com\/#organization\",\"name\":\"La Villa Garden&Design\",\"url\":\"https:\/\/www.lavillagardendesign.com\/\",\"logo\":{\"@type\":\"ImageObject\",\"inLanguage\":\"fr-FR\",\"@id\":\"https:\/\/www.lavillagardendesign.com\/#\/schema\/logo\/image\/\",\"url\":\"https:\/\/www.lavillagardendesign.com\/wp-content\/uploads\/2024\/04\/logolavilla.png\",\"contentUrl\":\"https:\/\/www.lavillagardendesign.com\/wp-content\/uploads\/2024\/04\/logolavilla.png\",\"width\":682,\"height\":391,\"caption\":\"La Villa Garden&Design\"},\"image\":{\"@id\":\"https:\/\/www.lavillagardendesign.com\/#\/schema\/logo\/image\/\"},\"sameAs\":[\"https:\/\/www.facebook.com\/lavillagardendesign\/\"]}]}<\/script>\n<!-- \/ Yoast SEO plugin. -->","yoast_head_json":{"title":"Chaise longue d'ext\u00e9rieur VOXEL Vondom | Karim Rashid Design | La Villa","description":"D\u00e9couvrez la chaise longue VOXEL de Vondom. Design Karim Rashid en polypropyl\u00e8ne durable et empilable. Parfait pour les piscines de luxe et les villas exclusives.","robots":{"index":"index","follow":"follow","max-snippet":"max-snippet:-1","max-image-preview":"max-image-preview:large","max-video-preview":"max-video-preview:-1"},"canonical":"https:\/\/www.lavillagardendesign.com\/fr\/product\/voxel-chaise-longue-design-empilable-karim-rashid\/","og_locale":"fr_FR","og_type":"article","og_title":"Chaise longue d'ext\u00e9rieur VOXEL Vondom | Karim Rashid Design | La Villa","og_description":"D\u00e9couvrez la chaise longue VOXEL de Vondom. Design Karim Rashid en polypropyl\u00e8ne durable et empilable. Parfait pour les piscines de luxe et les villas exclusives.","og_url":"https:\/\/www.lavillagardendesign.com\/fr\/product\/voxel-chaise-longue-design-empilable-karim-rashid\/","og_site_name":"La Villa Garden&amp;Design","article_publisher":"https:\/\/www.facebook.com\/lavillagardendesign\/","og_image":[{"width":700,"height":800,"url":"https:\/\/www.lavillagardendesign.com\/wp-content\/uploads\/2026\/02\/8-13-2.jpg","type":"image\/jpeg"}],"twitter_card":"summary_large_image","schema":{"@context":"https:\/\/schema.org","@graph":[{"@type":"WebPage","@id":"https:\/\/www.lavillagardendesign.com\/fr\/product\/voxel-chaise-longue-design-empilable-karim-rashid\/","url":"https:\/\/www.lavillagardendesign.com\/fr\/product\/voxel-chaise-longue-design-empilable-karim-rashid\/","name":"Chaise longue d'ext\u00e9rieur VOXEL Vondom | Karim Rashid Design | La Villa","isPartOf":{"@id":"https:\/\/www.lavillagardendesign.com\/#website"},"primaryImageOfPage":{"@id":"https:\/\/www.lavillagardendesign.com\/fr\/product\/voxel-chaise-longue-design-empilable-karim-rashid\/#primaryimage"},"image":{"@id":"https:\/\/www.lavillagardendesign.com\/fr\/product\/voxel-chaise-longue-design-empilable-karim-rashid\/#primaryimage"},"thumbnailUrl":"https:\/\/www.lavillagardendesign.com\/wp-content\/uploads\/2026\/02\/8-13-2.jpg","datePublished":"2026-03-03T20:22:43+00:00","description":"D\u00e9couvrez la chaise longue VOXEL de Vondom. Design Karim Rashid en polypropyl\u00e8ne durable et empilable. Parfait pour les piscines de luxe et les villas exclusives.","breadcrumb":{"@id":"https:\/\/www.lavillagardendesign.com\/fr\/product\/voxel-chaise-longue-design-empilable-karim-rashid\/#breadcrumb"},"inLanguage":"fr-FR","potentialAction":[{"@type":"ReadAction","target":["https:\/\/www.lavillagardendesign.com\/fr\/product\/voxel-chaise-longue-design-empilable-karim-rashid\/"]}]},{"@type":"ImageObject","inLanguage":"fr-FR","@id":"https:\/\/www.lavillagardendesign.com\/fr\/product\/voxel-chaise-longue-design-empilable-karim-rashid\/#primaryimage","url":"https:\/\/www.lavillagardendesign.com\/wp-content\/uploads\/2026\/02\/8-13-2.jpg","contentUrl":"https:\/\/www.lavillagardendesign.com\/wp-content\/uploads\/2026\/02\/8-13-2.jpg","width":700,"height":800},{"@type":"BreadcrumbList","@id":"https:\/\/www.lavillagardendesign.com\/fr\/product\/voxel-chaise-longue-design-empilable-karim-rashid\/#breadcrumb","itemListElement":[{"@type":"ListItem","position":1,"name":"Home","item":"https:\/\/www.lavillagardendesign.com\/"},{"@type":"ListItem","position":2,"name":"Boutique","item":"https:\/\/www.lavillagardendesign.com\/fr\/boutique\/"},{"@type":"ListItem","position":3,"name":"VOXEL &#8211; Chaise longue design empilable (Karim Rashid)"}]},{"@type":"WebSite","@id":"https:\/\/www.lavillagardendesign.com\/#website","url":"https:\/\/www.lavillagardendesign.com\/","name":"La Villa Garden&Design","description":"","publisher":{"@id":"https:\/\/www.lavillagardendesign.com\/#organization"},"potentialAction":[{"@type":"SearchAction","target":{"@type":"EntryPoint","urlTemplate":"https:\/\/www.lavillagardendesign.com\/?s={search_term_string}"},"query-input":{"@type":"PropertyValueSpecification","valueRequired":true,"valueName":"search_term_string"}}],"inLanguage":"fr-FR"},{"@type":"Organization","@id":"https:\/\/www.lavillagardendesign.com\/#organization","name":"La Villa Garden&Design","url":"https:\/\/www.lavillagardendesign.com\/","logo":{"@type":"ImageObject","inLanguage":"fr-FR","@id":"https:\/\/www.lavillagardendesign.com\/#\/schema\/logo\/image\/","url":"https:\/\/www.lavillagardendesign.com\/wp-content\/uploads\/2024\/04\/logolavilla.png","contentUrl":"https:\/\/www.lavillagardendesign.com\/wp-content\/uploads\/2024\/04\/logolavilla.png","width":682,"height":391,"caption":"La Villa Garden&Design"},"image":{"@id":"https:\/\/www.lavillagardendesign.com\/#\/schema\/logo\/image\/"},"sameAs":["https:\/\/www.facebook.com\/lavillagardendesign\/"]}]}},"_links":{"self":[{"href":"https:\/\/www.lavillagardendesign.com\/fr\/wp-json\/wp\/v2\/product\/65258","targetHints":{"allow":["GET"]}}],"collection":[{"href":"https:\/\/www.lavillagardendesign.com\/fr\/wp-json\/wp\/v2\/product"}],"about":[{"href":"https:\/\/www.lavillagardendesign.com\/fr\/wp-json\/wp\/v2\/types\/product"}],"replies":[{"embeddable":true,"href":"https:\/\/www.lavillagardendesign.com\/fr\/wp-json\/wp\/v2\/comments?post=65258"}],"version-history":[{"count":1,"href":"https:\/\/www.lavillagardendesign.com\/fr\/wp-json\/wp\/v2\/product\/65258\/revisions"}],"predecessor-version":[{"id":65266,"href":"https:\/\/www.lavillagardendesign.com\/fr\/wp-json\/wp\/v2\/product\/65258\/revisions\/65266"}],"wp:featuredmedia":[{"embeddable":true,"href":"https:\/\/www.lavillagardendesign.com\/fr\/wp-json\/wp\/v2\/media\/65213"}],"wp:attachment":[{"href":"https:\/\/www.lavillagardendesign.com\/fr\/wp-json\/wp\/v2\/media?parent=65258"}],"wp:term":[{"taxonomy":"product_brand","embeddable":true,"href":"https:\/\/www.lavillagardendesign.com\/fr\/wp-json\/wp\/v2\/product_brand?post=65258"},{"taxonomy":"product_cat","embeddable":true,"href":"https:\/\/www.lavillagardendesign.com\/fr\/wp-json\/wp\/v2\/product_cat?post=65258"},{"taxonomy":"product_tag","embeddable":true,"href":"https:\/\/www.lavillagardendesign.com\/fr\/wp-json\/wp\/v2\/product_tag?post=65258"}],"curies":[{"name":"wp","href":"https:\/\/api.w.org\/{rel}","templated":true}]}}