{"id":65237,"date":"2026-02-26T20:55:41","date_gmt":"2026-02-26T19:55:41","guid":{"rendered":"https:\/\/www.lavillagardendesign.com\/product\/voxel-chaise-design-empilable-versions-standard-et-mini\/"},"modified":"2026-02-26T20:55:41","modified_gmt":"2026-02-26T18:55:41","slug":"voxel-chaise-design-empilable-versions-standard-et-mini","status":"publish","type":"product","link":"https:\/\/www.lavillagardendesign.com\/fr\/product\/voxel-chaise-design-empilable-versions-standard-et-mini\/","title":{"rendered":"VOXEL &#8211; Chaise design empilable (versions standard et mini)"},"content":{"rendered":"","protected":false},"excerpt":{"rendered":"<p>Apportez une esth\u00e9tique g\u00e9om\u00e9trique et futuriste \u00e0 votre int\u00e9rieur avec la chaise VOXEL, un chef-d&rsquo;\u0153uvre de Karim Rashid pour Vondom. Son design facett\u00e9, inspir\u00e9 de formes structurelles complexes, allie une l\u00e9g\u00e8ret\u00e9 visuelle unique \u00e0 une r\u00e9sistance exceptionnelle. Cette pi\u00e8ce est la solution id\u00e9ale pour les salles \u00e0 manger int\u00e9rieures modernes et les terrasses luxueuses qui recherchent une touche de distinction artistique.  <\/p>\n","protected":false},"featured_media":65169,"comment_status":"open","ping_status":"closed","template":"","meta":[],"product_brand":[5000],"product_cat":[6832,2929,2931],"product_tag":[],"class_list":{"0":"post-65237","1":"product","2":"type-product","3":"status-publish","4":"has-post-thumbnail","6":"product_brand-vondom","7":"product_cat-outdoor-fr","8":"product_cat-chaises","9":"product_cat-chaises-repas","11":"first","12":"instock","13":"taxable","14":"shipping-taxable","15":"purchasable","16":"product-type-variable"},"yoast_head":"<!-- This site is optimized with the Yoast SEO plugin v27.1.1 - https:\/\/yoast.com\/product\/yoast-seo-wordpress\/ -->\n<title>Chaise d&#039;ext\u00e9rieur VOXEL Vondom | Karim Rashid Design | La Villa<\/title>\n<meta name=\"description\" content=\"Magasinez la chaise VOXEL de Vondom. Design de Karim Rashid en polypropyl\u00e8ne durable. Versions standard et mini pour les terrasses et villas de luxe.\" \/>\n<meta name=\"robots\" content=\"index, follow, max-snippet:-1, max-image-preview:large, max-video-preview:-1\" \/>\n<link rel=\"canonical\" href=\"https:\/\/www.lavillagardendesign.com\/fr\/product\/voxel-chaise-design-empilable-versions-standard-et-mini\/\" \/>\n<meta property=\"og:locale\" content=\"fr_FR\" \/>\n<meta property=\"og:type\" content=\"article\" \/>\n<meta property=\"og:title\" content=\"Chaise d&#039;ext\u00e9rieur VOXEL Vondom | Karim Rashid Design | La Villa\" \/>\n<meta property=\"og:description\" content=\"Magasinez la chaise VOXEL de Vondom. Design de Karim Rashid en polypropyl\u00e8ne durable. Versions standard et mini pour les terrasses et villas de luxe.\" \/>\n<meta property=\"og:url\" content=\"https:\/\/www.lavillagardendesign.com\/fr\/product\/voxel-chaise-design-empilable-versions-standard-et-mini\/\" \/>\n<meta property=\"og:site_name\" content=\"La Villa Garden&amp;Design\" \/>\n<meta property=\"article:publisher\" content=\"https:\/\/www.facebook.com\/lavillagardendesign\/\" \/>\n<meta property=\"og:image\" content=\"https:\/\/www.lavillagardendesign.com\/wp-content\/uploads\/2026\/02\/5-15.jpg\" \/>\n\t<meta property=\"og:image:width\" content=\"700\" \/>\n\t<meta property=\"og:image:height\" content=\"800\" \/>\n\t<meta property=\"og:image:type\" content=\"image\/jpeg\" \/>\n<meta name=\"twitter:card\" content=\"summary_large_image\" \/>\n<script type=\"application\/ld+json\" class=\"yoast-schema-graph\">{\"@context\":\"https:\/\/schema.org\",\"@graph\":[{\"@type\":\"WebPage\",\"@id\":\"https:\/\/www.lavillagardendesign.com\/fr\/product\/voxel-chaise-design-empilable-versions-standard-et-mini\/\",\"url\":\"https:\/\/www.lavillagardendesign.com\/fr\/product\/voxel-chaise-design-empilable-versions-standard-et-mini\/\",\"name\":\"Chaise d'ext\u00e9rieur VOXEL Vondom | Karim Rashid Design | La Villa\",\"isPartOf\":{\"@id\":\"https:\/\/www.lavillagardendesign.com\/#website\"},\"primaryImageOfPage\":{\"@id\":\"https:\/\/www.lavillagardendesign.com\/fr\/product\/voxel-chaise-design-empilable-versions-standard-et-mini\/#primaryimage\"},\"image\":{\"@id\":\"https:\/\/www.lavillagardendesign.com\/fr\/product\/voxel-chaise-design-empilable-versions-standard-et-mini\/#primaryimage\"},\"thumbnailUrl\":\"https:\/\/www.lavillagardendesign.com\/wp-content\/uploads\/2026\/02\/5-15.jpg\",\"datePublished\":\"2026-02-26T19:55:41+00:00\",\"description\":\"Magasinez la chaise VOXEL de Vondom. Design de Karim Rashid en polypropyl\u00e8ne durable. Versions standard et mini pour les terrasses et villas de luxe.\",\"breadcrumb\":{\"@id\":\"https:\/\/www.lavillagardendesign.com\/fr\/product\/voxel-chaise-design-empilable-versions-standard-et-mini\/#breadcrumb\"},\"inLanguage\":\"fr-FR\",\"potentialAction\":[{\"@type\":\"ReadAction\",\"target\":[\"https:\/\/www.lavillagardendesign.com\/fr\/product\/voxel-chaise-design-empilable-versions-standard-et-mini\/\"]}]},{\"@type\":\"ImageObject\",\"inLanguage\":\"fr-FR\",\"@id\":\"https:\/\/www.lavillagardendesign.com\/fr\/product\/voxel-chaise-design-empilable-versions-standard-et-mini\/#primaryimage\",\"url\":\"https:\/\/www.lavillagardendesign.com\/wp-content\/uploads\/2026\/02\/5-15.jpg\",\"contentUrl\":\"https:\/\/www.lavillagardendesign.com\/wp-content\/uploads\/2026\/02\/5-15.jpg\",\"width\":700,\"height\":800},{\"@type\":\"BreadcrumbList\",\"@id\":\"https:\/\/www.lavillagardendesign.com\/fr\/product\/voxel-chaise-design-empilable-versions-standard-et-mini\/#breadcrumb\",\"itemListElement\":[{\"@type\":\"ListItem\",\"position\":1,\"name\":\"Home\",\"item\":\"https:\/\/www.lavillagardendesign.com\/\"},{\"@type\":\"ListItem\",\"position\":2,\"name\":\"Boutique\",\"item\":\"https:\/\/www.lavillagardendesign.com\/fr\/boutique\/\"},{\"@type\":\"ListItem\",\"position\":3,\"name\":\"VOXEL &#8211; Chaise design empilable (versions standard et mini)\"}]},{\"@type\":\"WebSite\",\"@id\":\"https:\/\/www.lavillagardendesign.com\/#website\",\"url\":\"https:\/\/www.lavillagardendesign.com\/\",\"name\":\"La Villa Garden&Design\",\"description\":\"\",\"publisher\":{\"@id\":\"https:\/\/www.lavillagardendesign.com\/#organization\"},\"potentialAction\":[{\"@type\":\"SearchAction\",\"target\":{\"@type\":\"EntryPoint\",\"urlTemplate\":\"https:\/\/www.lavillagardendesign.com\/?s={search_term_string}\"},\"query-input\":{\"@type\":\"PropertyValueSpecification\",\"valueRequired\":true,\"valueName\":\"search_term_string\"}}],\"inLanguage\":\"fr-FR\"},{\"@type\":\"Organization\",\"@id\":\"https:\/\/www.lavillagardendesign.com\/#organization\",\"name\":\"La Villa Garden&Design\",\"url\":\"https:\/\/www.lavillagardendesign.com\/\",\"logo\":{\"@type\":\"ImageObject\",\"inLanguage\":\"fr-FR\",\"@id\":\"https:\/\/www.lavillagardendesign.com\/#\/schema\/logo\/image\/\",\"url\":\"https:\/\/www.lavillagardendesign.com\/wp-content\/uploads\/2024\/04\/logolavilla.png\",\"contentUrl\":\"https:\/\/www.lavillagardendesign.com\/wp-content\/uploads\/2024\/04\/logolavilla.png\",\"width\":682,\"height\":391,\"caption\":\"La Villa Garden&Design\"},\"image\":{\"@id\":\"https:\/\/www.lavillagardendesign.com\/#\/schema\/logo\/image\/\"},\"sameAs\":[\"https:\/\/www.facebook.com\/lavillagardendesign\/\"]}]}<\/script>\n<!-- \/ Yoast SEO plugin. -->","yoast_head_json":{"title":"Chaise d'ext\u00e9rieur VOXEL Vondom | Karim Rashid Design | La Villa","description":"Magasinez la chaise VOXEL de Vondom. Design de Karim Rashid en polypropyl\u00e8ne durable. Versions standard et mini pour les terrasses et villas de luxe.","robots":{"index":"index","follow":"follow","max-snippet":"max-snippet:-1","max-image-preview":"max-image-preview:large","max-video-preview":"max-video-preview:-1"},"canonical":"https:\/\/www.lavillagardendesign.com\/fr\/product\/voxel-chaise-design-empilable-versions-standard-et-mini\/","og_locale":"fr_FR","og_type":"article","og_title":"Chaise d'ext\u00e9rieur VOXEL Vondom | Karim Rashid Design | La Villa","og_description":"Magasinez la chaise VOXEL de Vondom. Design de Karim Rashid en polypropyl\u00e8ne durable. Versions standard et mini pour les terrasses et villas de luxe.","og_url":"https:\/\/www.lavillagardendesign.com\/fr\/product\/voxel-chaise-design-empilable-versions-standard-et-mini\/","og_site_name":"La Villa Garden&amp;Design","article_publisher":"https:\/\/www.facebook.com\/lavillagardendesign\/","og_image":[{"width":700,"height":800,"url":"https:\/\/www.lavillagardendesign.com\/wp-content\/uploads\/2026\/02\/5-15.jpg","type":"image\/jpeg"}],"twitter_card":"summary_large_image","schema":{"@context":"https:\/\/schema.org","@graph":[{"@type":"WebPage","@id":"https:\/\/www.lavillagardendesign.com\/fr\/product\/voxel-chaise-design-empilable-versions-standard-et-mini\/","url":"https:\/\/www.lavillagardendesign.com\/fr\/product\/voxel-chaise-design-empilable-versions-standard-et-mini\/","name":"Chaise d'ext\u00e9rieur VOXEL Vondom | Karim Rashid Design | La Villa","isPartOf":{"@id":"https:\/\/www.lavillagardendesign.com\/#website"},"primaryImageOfPage":{"@id":"https:\/\/www.lavillagardendesign.com\/fr\/product\/voxel-chaise-design-empilable-versions-standard-et-mini\/#primaryimage"},"image":{"@id":"https:\/\/www.lavillagardendesign.com\/fr\/product\/voxel-chaise-design-empilable-versions-standard-et-mini\/#primaryimage"},"thumbnailUrl":"https:\/\/www.lavillagardendesign.com\/wp-content\/uploads\/2026\/02\/5-15.jpg","datePublished":"2026-02-26T19:55:41+00:00","description":"Magasinez la chaise VOXEL de Vondom. Design de Karim Rashid en polypropyl\u00e8ne durable. Versions standard et mini pour les terrasses et villas de luxe.","breadcrumb":{"@id":"https:\/\/www.lavillagardendesign.com\/fr\/product\/voxel-chaise-design-empilable-versions-standard-et-mini\/#breadcrumb"},"inLanguage":"fr-FR","potentialAction":[{"@type":"ReadAction","target":["https:\/\/www.lavillagardendesign.com\/fr\/product\/voxel-chaise-design-empilable-versions-standard-et-mini\/"]}]},{"@type":"ImageObject","inLanguage":"fr-FR","@id":"https:\/\/www.lavillagardendesign.com\/fr\/product\/voxel-chaise-design-empilable-versions-standard-et-mini\/#primaryimage","url":"https:\/\/www.lavillagardendesign.com\/wp-content\/uploads\/2026\/02\/5-15.jpg","contentUrl":"https:\/\/www.lavillagardendesign.com\/wp-content\/uploads\/2026\/02\/5-15.jpg","width":700,"height":800},{"@type":"BreadcrumbList","@id":"https:\/\/www.lavillagardendesign.com\/fr\/product\/voxel-chaise-design-empilable-versions-standard-et-mini\/#breadcrumb","itemListElement":[{"@type":"ListItem","position":1,"name":"Home","item":"https:\/\/www.lavillagardendesign.com\/"},{"@type":"ListItem","position":2,"name":"Boutique","item":"https:\/\/www.lavillagardendesign.com\/fr\/boutique\/"},{"@type":"ListItem","position":3,"name":"VOXEL &#8211; Chaise design empilable (versions standard et mini)"}]},{"@type":"WebSite","@id":"https:\/\/www.lavillagardendesign.com\/#website","url":"https:\/\/www.lavillagardendesign.com\/","name":"La Villa Garden&Design","description":"","publisher":{"@id":"https:\/\/www.lavillagardendesign.com\/#organization"},"potentialAction":[{"@type":"SearchAction","target":{"@type":"EntryPoint","urlTemplate":"https:\/\/www.lavillagardendesign.com\/?s={search_term_string}"},"query-input":{"@type":"PropertyValueSpecification","valueRequired":true,"valueName":"search_term_string"}}],"inLanguage":"fr-FR"},{"@type":"Organization","@id":"https:\/\/www.lavillagardendesign.com\/#organization","name":"La Villa Garden&Design","url":"https:\/\/www.lavillagardendesign.com\/","logo":{"@type":"ImageObject","inLanguage":"fr-FR","@id":"https:\/\/www.lavillagardendesign.com\/#\/schema\/logo\/image\/","url":"https:\/\/www.lavillagardendesign.com\/wp-content\/uploads\/2024\/04\/logolavilla.png","contentUrl":"https:\/\/www.lavillagardendesign.com\/wp-content\/uploads\/2024\/04\/logolavilla.png","width":682,"height":391,"caption":"La Villa Garden&Design"},"image":{"@id":"https:\/\/www.lavillagardendesign.com\/#\/schema\/logo\/image\/"},"sameAs":["https:\/\/www.facebook.com\/lavillagardendesign\/"]}]}},"_links":{"self":[{"href":"https:\/\/www.lavillagardendesign.com\/fr\/wp-json\/wp\/v2\/product\/65237","targetHints":{"allow":["GET"]}}],"collection":[{"href":"https:\/\/www.lavillagardendesign.com\/fr\/wp-json\/wp\/v2\/product"}],"about":[{"href":"https:\/\/www.lavillagardendesign.com\/fr\/wp-json\/wp\/v2\/types\/product"}],"replies":[{"embeddable":true,"href":"https:\/\/www.lavillagardendesign.com\/fr\/wp-json\/wp\/v2\/comments?post=65237"}],"version-history":[{"count":0,"href":"https:\/\/www.lavillagardendesign.com\/fr\/wp-json\/wp\/v2\/product\/65237\/revisions"}],"wp:featuredmedia":[{"embeddable":true,"href":"https:\/\/www.lavillagardendesign.com\/fr\/wp-json\/wp\/v2\/media\/65169"}],"wp:attachment":[{"href":"https:\/\/www.lavillagardendesign.com\/fr\/wp-json\/wp\/v2\/media?parent=65237"}],"wp:term":[{"taxonomy":"product_brand","embeddable":true,"href":"https:\/\/www.lavillagardendesign.com\/fr\/wp-json\/wp\/v2\/product_brand?post=65237"},{"taxonomy":"product_cat","embeddable":true,"href":"https:\/\/www.lavillagardendesign.com\/fr\/wp-json\/wp\/v2\/product_cat?post=65237"},{"taxonomy":"product_tag","embeddable":true,"href":"https:\/\/www.lavillagardendesign.com\/fr\/wp-json\/wp\/v2\/product_tag?post=65237"}],"curies":[{"name":"wp","href":"https:\/\/api.w.org\/{rel}","templated":true}]}}