{"id":65080,"date":"2026-02-26T20:55:40","date_gmt":"2026-02-26T19:55:40","guid":{"rendered":"https:\/\/www.lavillagardendesign.com\/product\/faz-table-de-salle-a-manger-dexterieur-ensemble-complet-h73\/"},"modified":"2026-03-03T11:38:27","modified_gmt":"2026-03-03T09:38:27","slug":"faz-table-de-salle-a-manger-dexterieur-ensemble-complet-h73","status":"publish","type":"product","link":"https:\/\/www.lavillagardendesign.com\/fr\/product\/faz-table-de-salle-a-manger-dexterieur-ensemble-complet-h73\/","title":{"rendered":"FAZ &#8211; Table de salle \u00e0 manger d&rsquo;ext\u00e9rieur (ensemble complet H73)"},"content":{"rendered":"","protected":false},"excerpt":{"rendered":"<p>La table FAZ, d&rsquo;une hauteur de 73 cm, rehausse votre exp\u00e9rience des repas en plein air. Cette pi\u00e8ce, qui allie la l\u00e9g\u00e8ret\u00e9 de l&rsquo;aluminium extrud\u00e9 \u00e0 la robustesse d&rsquo;une base en fonte, est la synth\u00e8se parfaite de la fonctionnalit\u00e9 et du design d&rsquo;avant-garde. Son esth\u00e9tique min\u00e9rale et facett\u00e9e, marque de fabrique de Ram\u00f3n Esteve pour Vondom, apporte une sophistication architecturale unique \u00e0 toute terrasse ou jardin de luxe.  <\/p>\n","protected":false},"featured_media":64886,"comment_status":"open","ping_status":"closed","template":"","meta":[],"product_brand":[5000],"product_cat":[6832,2944,2946],"product_tag":[],"class_list":{"0":"post-65080","1":"product","2":"type-product","3":"status-publish","4":"has-post-thumbnail","6":"product_brand-vondom","7":"product_cat-outdoor-fr","8":"product_cat-tables-fr","9":"product_cat-tables-repas","11":"first","12":"instock","13":"taxable","14":"shipping-taxable","15":"purchasable","16":"product-type-variable"},"yoast_head":"<!-- This site is optimized with the Yoast SEO plugin v27.1.1 - https:\/\/yoast.com\/product\/yoast-seo-wordpress\/ -->\n<title>FAZ Table \u00e0 manger d&#039;ext\u00e9rieur H73 Vondom | La Villa Garden<\/title>\n<meta name=\"description\" content=\"Table FAZ compl\u00e8te de Vondom (H73). Structure en aluminium durable pour l&#039;ext\u00e9rieur. Disponible en diff\u00e9rentes tailles et couleurs luxueuses pour les villas et les terrasses.\" \/>\n<meta name=\"robots\" content=\"index, follow, max-snippet:-1, max-image-preview:large, max-video-preview:-1\" \/>\n<link rel=\"canonical\" href=\"https:\/\/www.lavillagardendesign.com\/fr\/product\/faz-table-de-salle-a-manger-dexterieur-ensemble-complet-h73\/\" \/>\n<meta property=\"og:locale\" content=\"fr_FR\" \/>\n<meta property=\"og:type\" content=\"article\" \/>\n<meta property=\"og:title\" content=\"FAZ Table \u00e0 manger d&#039;ext\u00e9rieur H73 Vondom | La Villa Garden\" \/>\n<meta property=\"og:description\" content=\"Table FAZ compl\u00e8te de Vondom (H73). Structure en aluminium durable pour l&#039;ext\u00e9rieur. Disponible en diff\u00e9rentes tailles et couleurs luxueuses pour les villas et les terrasses.\" \/>\n<meta property=\"og:url\" content=\"https:\/\/www.lavillagardendesign.com\/fr\/product\/faz-table-de-salle-a-manger-dexterieur-ensemble-complet-h73\/\" \/>\n<meta property=\"og:site_name\" content=\"La Villa Garden&amp;Design\" \/>\n<meta property=\"article:publisher\" content=\"https:\/\/www.facebook.com\/lavillagardendesign\/\" \/>\n<meta property=\"article:modified_time\" content=\"2026-03-03T09:38:27+00:00\" \/>\n<meta property=\"og:image\" content=\"https:\/\/www.lavillagardendesign.com\/wp-content\/uploads\/2026\/02\/1-15.png\" \/>\n\t<meta property=\"og:image:width\" content=\"700\" \/>\n\t<meta property=\"og:image:height\" content=\"800\" \/>\n\t<meta property=\"og:image:type\" content=\"image\/png\" \/>\n<meta name=\"twitter:card\" content=\"summary_large_image\" \/>\n<script type=\"application\/ld+json\" class=\"yoast-schema-graph\">{\"@context\":\"https:\/\/schema.org\",\"@graph\":[{\"@type\":\"WebPage\",\"@id\":\"https:\/\/www.lavillagardendesign.com\/fr\/product\/faz-table-de-salle-a-manger-dexterieur-ensemble-complet-h73\/\",\"url\":\"https:\/\/www.lavillagardendesign.com\/fr\/product\/faz-table-de-salle-a-manger-dexterieur-ensemble-complet-h73\/\",\"name\":\"FAZ Table \u00e0 manger d'ext\u00e9rieur H73 Vondom | La Villa Garden\",\"isPartOf\":{\"@id\":\"https:\/\/www.lavillagardendesign.com\/#website\"},\"primaryImageOfPage\":{\"@id\":\"https:\/\/www.lavillagardendesign.com\/fr\/product\/faz-table-de-salle-a-manger-dexterieur-ensemble-complet-h73\/#primaryimage\"},\"image\":{\"@id\":\"https:\/\/www.lavillagardendesign.com\/fr\/product\/faz-table-de-salle-a-manger-dexterieur-ensemble-complet-h73\/#primaryimage\"},\"thumbnailUrl\":\"https:\/\/www.lavillagardendesign.com\/wp-content\/uploads\/2026\/02\/1-15.png\",\"datePublished\":\"2026-02-26T19:55:40+00:00\",\"dateModified\":\"2026-03-03T09:38:27+00:00\",\"description\":\"Table FAZ compl\u00e8te de Vondom (H73). Structure en aluminium durable pour l'ext\u00e9rieur. Disponible en diff\u00e9rentes tailles et couleurs luxueuses pour les villas et les terrasses.\",\"breadcrumb\":{\"@id\":\"https:\/\/www.lavillagardendesign.com\/fr\/product\/faz-table-de-salle-a-manger-dexterieur-ensemble-complet-h73\/#breadcrumb\"},\"inLanguage\":\"fr-FR\",\"potentialAction\":[{\"@type\":\"ReadAction\",\"target\":[\"https:\/\/www.lavillagardendesign.com\/fr\/product\/faz-table-de-salle-a-manger-dexterieur-ensemble-complet-h73\/\"]}]},{\"@type\":\"ImageObject\",\"inLanguage\":\"fr-FR\",\"@id\":\"https:\/\/www.lavillagardendesign.com\/fr\/product\/faz-table-de-salle-a-manger-dexterieur-ensemble-complet-h73\/#primaryimage\",\"url\":\"https:\/\/www.lavillagardendesign.com\/wp-content\/uploads\/2026\/02\/1-15.png\",\"contentUrl\":\"https:\/\/www.lavillagardendesign.com\/wp-content\/uploads\/2026\/02\/1-15.png\",\"width\":700,\"height\":800},{\"@type\":\"BreadcrumbList\",\"@id\":\"https:\/\/www.lavillagardendesign.com\/fr\/product\/faz-table-de-salle-a-manger-dexterieur-ensemble-complet-h73\/#breadcrumb\",\"itemListElement\":[{\"@type\":\"ListItem\",\"position\":1,\"name\":\"Home\",\"item\":\"https:\/\/www.lavillagardendesign.com\/\"},{\"@type\":\"ListItem\",\"position\":2,\"name\":\"Boutique\",\"item\":\"https:\/\/www.lavillagardendesign.com\/fr\/boutique\/\"},{\"@type\":\"ListItem\",\"position\":3,\"name\":\"FAZ &#8211; Table de salle \u00e0 manger d&rsquo;ext\u00e9rieur (ensemble complet H73)\"}]},{\"@type\":\"WebSite\",\"@id\":\"https:\/\/www.lavillagardendesign.com\/#website\",\"url\":\"https:\/\/www.lavillagardendesign.com\/\",\"name\":\"La Villa Garden&Design\",\"description\":\"\",\"publisher\":{\"@id\":\"https:\/\/www.lavillagardendesign.com\/#organization\"},\"potentialAction\":[{\"@type\":\"SearchAction\",\"target\":{\"@type\":\"EntryPoint\",\"urlTemplate\":\"https:\/\/www.lavillagardendesign.com\/?s={search_term_string}\"},\"query-input\":{\"@type\":\"PropertyValueSpecification\",\"valueRequired\":true,\"valueName\":\"search_term_string\"}}],\"inLanguage\":\"fr-FR\"},{\"@type\":\"Organization\",\"@id\":\"https:\/\/www.lavillagardendesign.com\/#organization\",\"name\":\"La Villa Garden&Design\",\"url\":\"https:\/\/www.lavillagardendesign.com\/\",\"logo\":{\"@type\":\"ImageObject\",\"inLanguage\":\"fr-FR\",\"@id\":\"https:\/\/www.lavillagardendesign.com\/#\/schema\/logo\/image\/\",\"url\":\"https:\/\/www.lavillagardendesign.com\/wp-content\/uploads\/2024\/04\/logolavilla.png\",\"contentUrl\":\"https:\/\/www.lavillagardendesign.com\/wp-content\/uploads\/2024\/04\/logolavilla.png\",\"width\":682,\"height\":391,\"caption\":\"La Villa Garden&Design\"},\"image\":{\"@id\":\"https:\/\/www.lavillagardendesign.com\/#\/schema\/logo\/image\/\"},\"sameAs\":[\"https:\/\/www.facebook.com\/lavillagardendesign\/\"]}]}<\/script>\n<!-- \/ Yoast SEO plugin. -->","yoast_head_json":{"title":"FAZ Table \u00e0 manger d'ext\u00e9rieur H73 Vondom | La Villa Garden","description":"Table FAZ compl\u00e8te de Vondom (H73). Structure en aluminium durable pour l'ext\u00e9rieur. Disponible en diff\u00e9rentes tailles et couleurs luxueuses pour les villas et les terrasses.","robots":{"index":"index","follow":"follow","max-snippet":"max-snippet:-1","max-image-preview":"max-image-preview:large","max-video-preview":"max-video-preview:-1"},"canonical":"https:\/\/www.lavillagardendesign.com\/fr\/product\/faz-table-de-salle-a-manger-dexterieur-ensemble-complet-h73\/","og_locale":"fr_FR","og_type":"article","og_title":"FAZ Table \u00e0 manger d'ext\u00e9rieur H73 Vondom | La Villa Garden","og_description":"Table FAZ compl\u00e8te de Vondom (H73). Structure en aluminium durable pour l'ext\u00e9rieur. Disponible en diff\u00e9rentes tailles et couleurs luxueuses pour les villas et les terrasses.","og_url":"https:\/\/www.lavillagardendesign.com\/fr\/product\/faz-table-de-salle-a-manger-dexterieur-ensemble-complet-h73\/","og_site_name":"La Villa Garden&amp;Design","article_publisher":"https:\/\/www.facebook.com\/lavillagardendesign\/","article_modified_time":"2026-03-03T09:38:27+00:00","og_image":[{"width":700,"height":800,"url":"https:\/\/www.lavillagardendesign.com\/wp-content\/uploads\/2026\/02\/1-15.png","type":"image\/png"}],"twitter_card":"summary_large_image","schema":{"@context":"https:\/\/schema.org","@graph":[{"@type":"WebPage","@id":"https:\/\/www.lavillagardendesign.com\/fr\/product\/faz-table-de-salle-a-manger-dexterieur-ensemble-complet-h73\/","url":"https:\/\/www.lavillagardendesign.com\/fr\/product\/faz-table-de-salle-a-manger-dexterieur-ensemble-complet-h73\/","name":"FAZ Table \u00e0 manger d'ext\u00e9rieur H73 Vondom | La Villa Garden","isPartOf":{"@id":"https:\/\/www.lavillagardendesign.com\/#website"},"primaryImageOfPage":{"@id":"https:\/\/www.lavillagardendesign.com\/fr\/product\/faz-table-de-salle-a-manger-dexterieur-ensemble-complet-h73\/#primaryimage"},"image":{"@id":"https:\/\/www.lavillagardendesign.com\/fr\/product\/faz-table-de-salle-a-manger-dexterieur-ensemble-complet-h73\/#primaryimage"},"thumbnailUrl":"https:\/\/www.lavillagardendesign.com\/wp-content\/uploads\/2026\/02\/1-15.png","datePublished":"2026-02-26T19:55:40+00:00","dateModified":"2026-03-03T09:38:27+00:00","description":"Table FAZ compl\u00e8te de Vondom (H73). Structure en aluminium durable pour l'ext\u00e9rieur. Disponible en diff\u00e9rentes tailles et couleurs luxueuses pour les villas et les terrasses.","breadcrumb":{"@id":"https:\/\/www.lavillagardendesign.com\/fr\/product\/faz-table-de-salle-a-manger-dexterieur-ensemble-complet-h73\/#breadcrumb"},"inLanguage":"fr-FR","potentialAction":[{"@type":"ReadAction","target":["https:\/\/www.lavillagardendesign.com\/fr\/product\/faz-table-de-salle-a-manger-dexterieur-ensemble-complet-h73\/"]}]},{"@type":"ImageObject","inLanguage":"fr-FR","@id":"https:\/\/www.lavillagardendesign.com\/fr\/product\/faz-table-de-salle-a-manger-dexterieur-ensemble-complet-h73\/#primaryimage","url":"https:\/\/www.lavillagardendesign.com\/wp-content\/uploads\/2026\/02\/1-15.png","contentUrl":"https:\/\/www.lavillagardendesign.com\/wp-content\/uploads\/2026\/02\/1-15.png","width":700,"height":800},{"@type":"BreadcrumbList","@id":"https:\/\/www.lavillagardendesign.com\/fr\/product\/faz-table-de-salle-a-manger-dexterieur-ensemble-complet-h73\/#breadcrumb","itemListElement":[{"@type":"ListItem","position":1,"name":"Home","item":"https:\/\/www.lavillagardendesign.com\/"},{"@type":"ListItem","position":2,"name":"Boutique","item":"https:\/\/www.lavillagardendesign.com\/fr\/boutique\/"},{"@type":"ListItem","position":3,"name":"FAZ &#8211; Table de salle \u00e0 manger d&rsquo;ext\u00e9rieur (ensemble complet H73)"}]},{"@type":"WebSite","@id":"https:\/\/www.lavillagardendesign.com\/#website","url":"https:\/\/www.lavillagardendesign.com\/","name":"La Villa Garden&Design","description":"","publisher":{"@id":"https:\/\/www.lavillagardendesign.com\/#organization"},"potentialAction":[{"@type":"SearchAction","target":{"@type":"EntryPoint","urlTemplate":"https:\/\/www.lavillagardendesign.com\/?s={search_term_string}"},"query-input":{"@type":"PropertyValueSpecification","valueRequired":true,"valueName":"search_term_string"}}],"inLanguage":"fr-FR"},{"@type":"Organization","@id":"https:\/\/www.lavillagardendesign.com\/#organization","name":"La Villa Garden&Design","url":"https:\/\/www.lavillagardendesign.com\/","logo":{"@type":"ImageObject","inLanguage":"fr-FR","@id":"https:\/\/www.lavillagardendesign.com\/#\/schema\/logo\/image\/","url":"https:\/\/www.lavillagardendesign.com\/wp-content\/uploads\/2024\/04\/logolavilla.png","contentUrl":"https:\/\/www.lavillagardendesign.com\/wp-content\/uploads\/2024\/04\/logolavilla.png","width":682,"height":391,"caption":"La Villa Garden&Design"},"image":{"@id":"https:\/\/www.lavillagardendesign.com\/#\/schema\/logo\/image\/"},"sameAs":["https:\/\/www.facebook.com\/lavillagardendesign\/"]}]}},"_links":{"self":[{"href":"https:\/\/www.lavillagardendesign.com\/fr\/wp-json\/wp\/v2\/product\/65080","targetHints":{"allow":["GET"]}}],"collection":[{"href":"https:\/\/www.lavillagardendesign.com\/fr\/wp-json\/wp\/v2\/product"}],"about":[{"href":"https:\/\/www.lavillagardendesign.com\/fr\/wp-json\/wp\/v2\/types\/product"}],"replies":[{"embeddable":true,"href":"https:\/\/www.lavillagardendesign.com\/fr\/wp-json\/wp\/v2\/comments?post=65080"}],"version-history":[{"count":1,"href":"https:\/\/www.lavillagardendesign.com\/fr\/wp-json\/wp\/v2\/product\/65080\/revisions"}],"predecessor-version":[{"id":65106,"href":"https:\/\/www.lavillagardendesign.com\/fr\/wp-json\/wp\/v2\/product\/65080\/revisions\/65106"}],"wp:featuredmedia":[{"embeddable":true,"href":"https:\/\/www.lavillagardendesign.com\/fr\/wp-json\/wp\/v2\/media\/64886"}],"wp:attachment":[{"href":"https:\/\/www.lavillagardendesign.com\/fr\/wp-json\/wp\/v2\/media?parent=65080"}],"wp:term":[{"taxonomy":"product_brand","embeddable":true,"href":"https:\/\/www.lavillagardendesign.com\/fr\/wp-json\/wp\/v2\/product_brand?post=65080"},{"taxonomy":"product_cat","embeddable":true,"href":"https:\/\/www.lavillagardendesign.com\/fr\/wp-json\/wp\/v2\/product_cat?post=65080"},{"taxonomy":"product_tag","embeddable":true,"href":"https:\/\/www.lavillagardendesign.com\/fr\/wp-json\/wp\/v2\/product_tag?post=65080"}],"curies":[{"name":"wp","href":"https:\/\/api.w.org\/{rel}","templated":true}]}}