{"id":64770,"date":"2026-02-26T20:28:46","date_gmt":"2026-02-26T19:28:46","guid":{"rendered":"https:\/\/www.lavillagardendesign.com\/product\/madison-wood-fauteuil-design\/"},"modified":"2026-02-26T20:28:46","modified_gmt":"2026-02-26T18:28:46","slug":"madison-wood-fauteuil-design","status":"publish","type":"product","link":"https:\/\/www.lavillagardendesign.com\/fr\/product\/madison-wood-fauteuil-design\/","title":{"rendered":"MADISON WOOD &#8211; Fauteuil design"},"content":{"rendered":"","protected":false},"excerpt":{"rendered":"<p id=\"m_1560715532308120316gmail-p-rc_b1c2c7fedded2838-274\">La chaise MADISON WOOD, une cr\u00e9ation d&rsquo;Eugeni Quitllet pour Vondom, repr\u00e9sente une fusion magistrale entre l&rsquo;innovation technologique et la chaleur esth\u00e9tique qui \u00e9voque le bois. Sa structure, compos\u00e9e de lattes de r\u00e9sine de haute qualit\u00e9, a \u00e9t\u00e9 m\u00e9ticuleusement pr\u00e9par\u00e9e pour r\u00e9sister \u00e0 l&rsquo;humidit\u00e9 et aux rayons UV, conservant ainsi son caract\u00e8re \u00e9l\u00e9gant tant \u00e0 l&rsquo;int\u00e9rieur qu&rsquo;\u00e0 l&rsquo;ext\u00e9rieur. <\/p>\n<p id=\"m_1560715532308120316gmail-p-rc_b1c2c7fedded2838-275\">Dot\u00e9e d&rsquo;un dossier ergonomique et d&rsquo;une assise adaptable, cette pi\u00e8ce offre un confort \u00e9tendu, id\u00e9al pour les terrasses exclusives de la Costa Brava ou les villas de luxe d&rsquo;Ibiza. Ses lignes raffin\u00e9es et ses proportions harmonieuses renforcent un style sophistiqu\u00e9 qui r\u00e9pond aux exigences les plus \u00e9lev\u00e9es du design m\u00e9diterran\u00e9en contemporain. <\/p>\n","protected":false},"featured_media":64714,"comment_status":"open","ping_status":"closed","template":"","meta":[],"product_brand":[5000],"product_cat":[6832,2929,2931],"product_tag":[],"class_list":{"0":"post-64770","1":"product","2":"type-product","3":"status-publish","4":"has-post-thumbnail","6":"product_brand-vondom","7":"product_cat-outdoor-fr","8":"product_cat-chaises","9":"product_cat-chaises-repas","11":"first","12":"instock","13":"taxable","14":"shipping-taxable","15":"purchasable","16":"product-type-variable"},"yoast_head":"<!-- This site is optimized with the Yoast SEO plugin v27.1.1 - https:\/\/yoast.com\/product\/yoast-seo-wordpress\/ -->\n<title>MADISON WOOD Chair by Vondom | Eugeni Quitllet Design | La Villa<\/title>\n<meta name=\"description\" content=\"Magasinez la chaise MADISON WOOD de Vondom. Design ergonomique d&#039;Eugeni Quitllet, r\u00e9sistant aux UV et \u00e0 l&#039;humidit\u00e9. Luxe et confort pour votre terrasse \u00e0 partir de 192\u20ac.\" \/>\n<meta name=\"robots\" content=\"index, follow, max-snippet:-1, max-image-preview:large, max-video-preview:-1\" \/>\n<link rel=\"canonical\" href=\"https:\/\/www.lavillagardendesign.com\/fr\/product\/madison-wood-fauteuil-design\/\" \/>\n<meta property=\"og:locale\" content=\"fr_FR\" \/>\n<meta property=\"og:type\" content=\"article\" \/>\n<meta property=\"og:title\" content=\"MADISON WOOD Chair by Vondom | Eugeni Quitllet Design | La Villa\" \/>\n<meta property=\"og:description\" content=\"Magasinez la chaise MADISON WOOD de Vondom. Design ergonomique d&#039;Eugeni Quitllet, r\u00e9sistant aux UV et \u00e0 l&#039;humidit\u00e9. Luxe et confort pour votre terrasse \u00e0 partir de 192\u20ac.\" \/>\n<meta property=\"og:url\" content=\"https:\/\/www.lavillagardendesign.com\/fr\/product\/madison-wood-fauteuil-design\/\" \/>\n<meta property=\"og:site_name\" content=\"La Villa Garden&amp;Design\" \/>\n<meta property=\"article:publisher\" content=\"https:\/\/www.facebook.com\/lavillagardendesign\/\" \/>\n<meta property=\"og:image\" content=\"https:\/\/www.lavillagardendesign.com\/wp-content\/uploads\/2026\/02\/5-11.jpg\" \/>\n\t<meta property=\"og:image:width\" content=\"700\" \/>\n\t<meta property=\"og:image:height\" content=\"800\" \/>\n\t<meta property=\"og:image:type\" content=\"image\/jpeg\" \/>\n<meta name=\"twitter:card\" content=\"summary_large_image\" \/>\n<script type=\"application\/ld+json\" class=\"yoast-schema-graph\">{\"@context\":\"https:\/\/schema.org\",\"@graph\":[{\"@type\":\"WebPage\",\"@id\":\"https:\/\/www.lavillagardendesign.com\/fr\/product\/madison-wood-fauteuil-design\/\",\"url\":\"https:\/\/www.lavillagardendesign.com\/fr\/product\/madison-wood-fauteuil-design\/\",\"name\":\"MADISON WOOD Chair by Vondom | Eugeni Quitllet Design | La Villa\",\"isPartOf\":{\"@id\":\"https:\/\/www.lavillagardendesign.com\/#website\"},\"primaryImageOfPage\":{\"@id\":\"https:\/\/www.lavillagardendesign.com\/fr\/product\/madison-wood-fauteuil-design\/#primaryimage\"},\"image\":{\"@id\":\"https:\/\/www.lavillagardendesign.com\/fr\/product\/madison-wood-fauteuil-design\/#primaryimage\"},\"thumbnailUrl\":\"https:\/\/www.lavillagardendesign.com\/wp-content\/uploads\/2026\/02\/5-11.jpg\",\"datePublished\":\"2026-02-26T19:28:46+00:00\",\"description\":\"Magasinez la chaise MADISON WOOD de Vondom. Design ergonomique d'Eugeni Quitllet, r\u00e9sistant aux UV et \u00e0 l'humidit\u00e9. Luxe et confort pour votre terrasse \u00e0 partir de 192\u20ac.\",\"breadcrumb\":{\"@id\":\"https:\/\/www.lavillagardendesign.com\/fr\/product\/madison-wood-fauteuil-design\/#breadcrumb\"},\"inLanguage\":\"fr-FR\",\"potentialAction\":[{\"@type\":\"ReadAction\",\"target\":[\"https:\/\/www.lavillagardendesign.com\/fr\/product\/madison-wood-fauteuil-design\/\"]}]},{\"@type\":\"ImageObject\",\"inLanguage\":\"fr-FR\",\"@id\":\"https:\/\/www.lavillagardendesign.com\/fr\/product\/madison-wood-fauteuil-design\/#primaryimage\",\"url\":\"https:\/\/www.lavillagardendesign.com\/wp-content\/uploads\/2026\/02\/5-11.jpg\",\"contentUrl\":\"https:\/\/www.lavillagardendesign.com\/wp-content\/uploads\/2026\/02\/5-11.jpg\",\"width\":700,\"height\":800},{\"@type\":\"BreadcrumbList\",\"@id\":\"https:\/\/www.lavillagardendesign.com\/fr\/product\/madison-wood-fauteuil-design\/#breadcrumb\",\"itemListElement\":[{\"@type\":\"ListItem\",\"position\":1,\"name\":\"Home\",\"item\":\"https:\/\/www.lavillagardendesign.com\/\"},{\"@type\":\"ListItem\",\"position\":2,\"name\":\"Boutique\",\"item\":\"https:\/\/www.lavillagardendesign.com\/fr\/boutique\/\"},{\"@type\":\"ListItem\",\"position\":3,\"name\":\"MADISON WOOD &#8211; Fauteuil design\"}]},{\"@type\":\"WebSite\",\"@id\":\"https:\/\/www.lavillagardendesign.com\/#website\",\"url\":\"https:\/\/www.lavillagardendesign.com\/\",\"name\":\"La Villa Garden&Design\",\"description\":\"\",\"publisher\":{\"@id\":\"https:\/\/www.lavillagardendesign.com\/#organization\"},\"potentialAction\":[{\"@type\":\"SearchAction\",\"target\":{\"@type\":\"EntryPoint\",\"urlTemplate\":\"https:\/\/www.lavillagardendesign.com\/?s={search_term_string}\"},\"query-input\":{\"@type\":\"PropertyValueSpecification\",\"valueRequired\":true,\"valueName\":\"search_term_string\"}}],\"inLanguage\":\"fr-FR\"},{\"@type\":\"Organization\",\"@id\":\"https:\/\/www.lavillagardendesign.com\/#organization\",\"name\":\"La Villa Garden&Design\",\"url\":\"https:\/\/www.lavillagardendesign.com\/\",\"logo\":{\"@type\":\"ImageObject\",\"inLanguage\":\"fr-FR\",\"@id\":\"https:\/\/www.lavillagardendesign.com\/#\/schema\/logo\/image\/\",\"url\":\"https:\/\/www.lavillagardendesign.com\/wp-content\/uploads\/2024\/04\/logolavilla.png\",\"contentUrl\":\"https:\/\/www.lavillagardendesign.com\/wp-content\/uploads\/2024\/04\/logolavilla.png\",\"width\":682,\"height\":391,\"caption\":\"La Villa Garden&Design\"},\"image\":{\"@id\":\"https:\/\/www.lavillagardendesign.com\/#\/schema\/logo\/image\/\"},\"sameAs\":[\"https:\/\/www.facebook.com\/lavillagardendesign\/\"]}]}<\/script>\n<!-- \/ Yoast SEO plugin. -->","yoast_head_json":{"title":"MADISON WOOD Chair by Vondom | Eugeni Quitllet Design | La Villa","description":"Magasinez la chaise MADISON WOOD de Vondom. Design ergonomique d'Eugeni Quitllet, r\u00e9sistant aux UV et \u00e0 l'humidit\u00e9. Luxe et confort pour votre terrasse \u00e0 partir de 192\u20ac.","robots":{"index":"index","follow":"follow","max-snippet":"max-snippet:-1","max-image-preview":"max-image-preview:large","max-video-preview":"max-video-preview:-1"},"canonical":"https:\/\/www.lavillagardendesign.com\/fr\/product\/madison-wood-fauteuil-design\/","og_locale":"fr_FR","og_type":"article","og_title":"MADISON WOOD Chair by Vondom | Eugeni Quitllet Design | La Villa","og_description":"Magasinez la chaise MADISON WOOD de Vondom. Design ergonomique d'Eugeni Quitllet, r\u00e9sistant aux UV et \u00e0 l'humidit\u00e9. Luxe et confort pour votre terrasse \u00e0 partir de 192\u20ac.","og_url":"https:\/\/www.lavillagardendesign.com\/fr\/product\/madison-wood-fauteuil-design\/","og_site_name":"La Villa Garden&amp;Design","article_publisher":"https:\/\/www.facebook.com\/lavillagardendesign\/","og_image":[{"width":700,"height":800,"url":"https:\/\/www.lavillagardendesign.com\/wp-content\/uploads\/2026\/02\/5-11.jpg","type":"image\/jpeg"}],"twitter_card":"summary_large_image","schema":{"@context":"https:\/\/schema.org","@graph":[{"@type":"WebPage","@id":"https:\/\/www.lavillagardendesign.com\/fr\/product\/madison-wood-fauteuil-design\/","url":"https:\/\/www.lavillagardendesign.com\/fr\/product\/madison-wood-fauteuil-design\/","name":"MADISON WOOD Chair by Vondom | Eugeni Quitllet Design | La Villa","isPartOf":{"@id":"https:\/\/www.lavillagardendesign.com\/#website"},"primaryImageOfPage":{"@id":"https:\/\/www.lavillagardendesign.com\/fr\/product\/madison-wood-fauteuil-design\/#primaryimage"},"image":{"@id":"https:\/\/www.lavillagardendesign.com\/fr\/product\/madison-wood-fauteuil-design\/#primaryimage"},"thumbnailUrl":"https:\/\/www.lavillagardendesign.com\/wp-content\/uploads\/2026\/02\/5-11.jpg","datePublished":"2026-02-26T19:28:46+00:00","description":"Magasinez la chaise MADISON WOOD de Vondom. Design ergonomique d'Eugeni Quitllet, r\u00e9sistant aux UV et \u00e0 l'humidit\u00e9. Luxe et confort pour votre terrasse \u00e0 partir de 192\u20ac.","breadcrumb":{"@id":"https:\/\/www.lavillagardendesign.com\/fr\/product\/madison-wood-fauteuil-design\/#breadcrumb"},"inLanguage":"fr-FR","potentialAction":[{"@type":"ReadAction","target":["https:\/\/www.lavillagardendesign.com\/fr\/product\/madison-wood-fauteuil-design\/"]}]},{"@type":"ImageObject","inLanguage":"fr-FR","@id":"https:\/\/www.lavillagardendesign.com\/fr\/product\/madison-wood-fauteuil-design\/#primaryimage","url":"https:\/\/www.lavillagardendesign.com\/wp-content\/uploads\/2026\/02\/5-11.jpg","contentUrl":"https:\/\/www.lavillagardendesign.com\/wp-content\/uploads\/2026\/02\/5-11.jpg","width":700,"height":800},{"@type":"BreadcrumbList","@id":"https:\/\/www.lavillagardendesign.com\/fr\/product\/madison-wood-fauteuil-design\/#breadcrumb","itemListElement":[{"@type":"ListItem","position":1,"name":"Home","item":"https:\/\/www.lavillagardendesign.com\/"},{"@type":"ListItem","position":2,"name":"Boutique","item":"https:\/\/www.lavillagardendesign.com\/fr\/boutique\/"},{"@type":"ListItem","position":3,"name":"MADISON WOOD &#8211; Fauteuil design"}]},{"@type":"WebSite","@id":"https:\/\/www.lavillagardendesign.com\/#website","url":"https:\/\/www.lavillagardendesign.com\/","name":"La Villa Garden&Design","description":"","publisher":{"@id":"https:\/\/www.lavillagardendesign.com\/#organization"},"potentialAction":[{"@type":"SearchAction","target":{"@type":"EntryPoint","urlTemplate":"https:\/\/www.lavillagardendesign.com\/?s={search_term_string}"},"query-input":{"@type":"PropertyValueSpecification","valueRequired":true,"valueName":"search_term_string"}}],"inLanguage":"fr-FR"},{"@type":"Organization","@id":"https:\/\/www.lavillagardendesign.com\/#organization","name":"La Villa Garden&Design","url":"https:\/\/www.lavillagardendesign.com\/","logo":{"@type":"ImageObject","inLanguage":"fr-FR","@id":"https:\/\/www.lavillagardendesign.com\/#\/schema\/logo\/image\/","url":"https:\/\/www.lavillagardendesign.com\/wp-content\/uploads\/2024\/04\/logolavilla.png","contentUrl":"https:\/\/www.lavillagardendesign.com\/wp-content\/uploads\/2024\/04\/logolavilla.png","width":682,"height":391,"caption":"La Villa Garden&Design"},"image":{"@id":"https:\/\/www.lavillagardendesign.com\/#\/schema\/logo\/image\/"},"sameAs":["https:\/\/www.facebook.com\/lavillagardendesign\/"]}]}},"_links":{"self":[{"href":"https:\/\/www.lavillagardendesign.com\/fr\/wp-json\/wp\/v2\/product\/64770","targetHints":{"allow":["GET"]}}],"collection":[{"href":"https:\/\/www.lavillagardendesign.com\/fr\/wp-json\/wp\/v2\/product"}],"about":[{"href":"https:\/\/www.lavillagardendesign.com\/fr\/wp-json\/wp\/v2\/types\/product"}],"replies":[{"embeddable":true,"href":"https:\/\/www.lavillagardendesign.com\/fr\/wp-json\/wp\/v2\/comments?post=64770"}],"version-history":[{"count":0,"href":"https:\/\/www.lavillagardendesign.com\/fr\/wp-json\/wp\/v2\/product\/64770\/revisions"}],"wp:featuredmedia":[{"embeddable":true,"href":"https:\/\/www.lavillagardendesign.com\/fr\/wp-json\/wp\/v2\/media\/64714"}],"wp:attachment":[{"href":"https:\/\/www.lavillagardendesign.com\/fr\/wp-json\/wp\/v2\/media?parent=64770"}],"wp:term":[{"taxonomy":"product_brand","embeddable":true,"href":"https:\/\/www.lavillagardendesign.com\/fr\/wp-json\/wp\/v2\/product_brand?post=64770"},{"taxonomy":"product_cat","embeddable":true,"href":"https:\/\/www.lavillagardendesign.com\/fr\/wp-json\/wp\/v2\/product_cat?post=64770"},{"taxonomy":"product_tag","embeddable":true,"href":"https:\/\/www.lavillagardendesign.com\/fr\/wp-json\/wp\/v2\/product_tag?post=64770"}],"curies":[{"name":"wp","href":"https:\/\/api.w.org\/{rel}","templated":true}]}}