{"id":64764,"date":"2026-02-26T20:55:30","date_gmt":"2026-02-26T19:55:30","guid":{"rendered":"https:\/\/www.lavillagardendesign.com\/?post_type=product&p=64764"},"modified":"2026-02-26T20:55:30","modified_gmt":"2026-02-26T18:55:30","slug":"madison-lamas-chaise-dexterieur-empilable","status":"publish","type":"product","link":"https:\/\/www.lavillagardendesign.com\/fr\/product\/madison-lamas-chaise-dexterieur-empilable\/","title":{"rendered":"MADISON LAMAS &#8211; Chaise d&rsquo;ext\u00e9rieur empilable"},"content":{"rendered":"","protected":false},"excerpt":{"rendered":"<p>La chaise MADISON LAMAS, con\u00e7ue par Eugeni Quitllet pour Vondom, projette un caract\u00e8re intemporel gr\u00e2ce \u00e0 ses lattes en r\u00e9sine haute r\u00e9sistance. Elle est \u00e0 la fois l\u00e9g\u00e8re et robuste, id\u00e9ale pour les espaces int\u00e9rieurs et ext\u00e9rieurs exigeants, tels que les terrasses de la Costa Brava ou les villas d&rsquo;Ibiza. <\/p>\n<p>Le design \u00e9pur\u00e9 de son dossier renforce la sensation d&rsquo;harmonie, facilite la ventilation et donne une image raffin\u00e9e. Ses dimensions \u00e9quilibr\u00e9es, associ\u00e9es \u00e0 une ergonomie con\u00e7ue pour un usage intensif, en font un choix polyvalent et durable pour les clients \u00e0 la recherche d&rsquo;un mobilier haut de gamme au design m\u00e9diterran\u00e9en contemporain. <\/p>\n","protected":false},"featured_media":64754,"comment_status":"open","ping_status":"closed","template":"","meta":[],"product_brand":[5000],"product_cat":[6832,2929,2931],"product_tag":[],"class_list":{"0":"post-64764","1":"product","2":"type-product","3":"status-publish","4":"has-post-thumbnail","6":"product_brand-vondom","7":"product_cat-outdoor-fr","8":"product_cat-chaises","9":"product_cat-chaises-repas","11":"first","12":"instock","13":"taxable","14":"shipping-taxable","15":"purchasable","16":"product-type-variable"},"yoast_head":"<!-- This site is optimized with the Yoast SEO plugin v27.1.1 - https:\/\/yoast.com\/product\/yoast-seo-wordpress\/ -->\n<title>MADISON LAMAS Chair by Vondom | Eugeni Quitllet Design | La Villa<\/title>\n<meta name=\"description\" content=\"Achetez la chaise MADISON LAMAS de Vondom. Design ergonomique \u00e0 lattes, l\u00e9ger et r\u00e9sistant aux intemp\u00e9ries. Qualit\u00e9 de luxe pour votre jardin \u00e0 partir de 132\u20ac.\" \/>\n<meta name=\"robots\" content=\"index, follow, max-snippet:-1, max-image-preview:large, max-video-preview:-1\" \/>\n<link rel=\"canonical\" href=\"https:\/\/www.lavillagardendesign.com\/fr\/?post_type=product&p=64764\" \/>\n<meta property=\"og:locale\" content=\"fr_FR\" \/>\n<meta property=\"og:type\" content=\"article\" \/>\n<meta property=\"og:title\" content=\"MADISON LAMAS Chair by Vondom | Eugeni Quitllet Design | La Villa\" \/>\n<meta property=\"og:description\" content=\"Achetez la chaise MADISON LAMAS de Vondom. Design ergonomique \u00e0 lattes, l\u00e9ger et r\u00e9sistant aux intemp\u00e9ries. Qualit\u00e9 de luxe pour votre jardin \u00e0 partir de 132\u20ac.\" \/>\n<meta property=\"og:url\" content=\"https:\/\/www.lavillagardendesign.com\/fr\/?post_type=product&amp;p=64764\" \/>\n<meta property=\"og:site_name\" content=\"La Villa Garden&amp;Design\" \/>\n<meta property=\"article:publisher\" content=\"https:\/\/www.facebook.com\/lavillagardendesign\/\" \/>\n<meta property=\"og:image\" content=\"https:\/\/www.lavillagardendesign.com\/wp-content\/uploads\/2026\/02\/3-26.png\" \/>\n\t<meta property=\"og:image:width\" content=\"700\" \/>\n\t<meta property=\"og:image:height\" content=\"800\" \/>\n\t<meta property=\"og:image:type\" content=\"image\/png\" \/>\n<meta name=\"twitter:card\" content=\"summary_large_image\" \/>\n<script type=\"application\/ld+json\" class=\"yoast-schema-graph\">{\"@context\":\"https:\/\/schema.org\",\"@graph\":[{\"@type\":\"WebPage\",\"@id\":\"https:\/\/www.lavillagardendesign.com\/fr\/?post_type=product&p=64764\",\"url\":\"https:\/\/www.lavillagardendesign.com\/fr\/?post_type=product&p=64764\",\"name\":\"MADISON LAMAS Chair by Vondom | Eugeni Quitllet Design | La Villa\",\"isPartOf\":{\"@id\":\"https:\/\/www.lavillagardendesign.com\/#website\"},\"primaryImageOfPage\":{\"@id\":\"https:\/\/www.lavillagardendesign.com\/fr\/?post_type=product&p=64764#primaryimage\"},\"image\":{\"@id\":\"https:\/\/www.lavillagardendesign.com\/fr\/?post_type=product&p=64764#primaryimage\"},\"thumbnailUrl\":\"https:\/\/www.lavillagardendesign.com\/wp-content\/uploads\/2026\/02\/3-26.png\",\"datePublished\":\"2026-02-26T19:55:30+00:00\",\"description\":\"Achetez la chaise MADISON LAMAS de Vondom. Design ergonomique \u00e0 lattes, l\u00e9ger et r\u00e9sistant aux intemp\u00e9ries. Qualit\u00e9 de luxe pour votre jardin \u00e0 partir de 132\u20ac.\",\"breadcrumb\":{\"@id\":\"https:\/\/www.lavillagardendesign.com\/fr\/?post_type=product&p=64764#breadcrumb\"},\"inLanguage\":\"fr-FR\",\"potentialAction\":[{\"@type\":\"ReadAction\",\"target\":[\"https:\/\/www.lavillagardendesign.com\/fr\/?post_type=product&p=64764\"]}]},{\"@type\":\"ImageObject\",\"inLanguage\":\"fr-FR\",\"@id\":\"https:\/\/www.lavillagardendesign.com\/fr\/?post_type=product&p=64764#primaryimage\",\"url\":\"https:\/\/www.lavillagardendesign.com\/wp-content\/uploads\/2026\/02\/3-26.png\",\"contentUrl\":\"https:\/\/www.lavillagardendesign.com\/wp-content\/uploads\/2026\/02\/3-26.png\",\"width\":700,\"height\":800},{\"@type\":\"BreadcrumbList\",\"@id\":\"https:\/\/www.lavillagardendesign.com\/fr\/?post_type=product&p=64764#breadcrumb\",\"itemListElement\":[{\"@type\":\"ListItem\",\"position\":1,\"name\":\"Home\",\"item\":\"https:\/\/www.lavillagardendesign.com\/\"},{\"@type\":\"ListItem\",\"position\":2,\"name\":\"Boutique\",\"item\":\"https:\/\/www.lavillagardendesign.com\/fr\/boutique\/\"},{\"@type\":\"ListItem\",\"position\":3,\"name\":\"Private: MADISON LAMAS &#8211; Chaise d&rsquo;ext\u00e9rieur empilable\"}]},{\"@type\":\"WebSite\",\"@id\":\"https:\/\/www.lavillagardendesign.com\/#website\",\"url\":\"https:\/\/www.lavillagardendesign.com\/\",\"name\":\"La Villa Garden&Design\",\"description\":\"\",\"publisher\":{\"@id\":\"https:\/\/www.lavillagardendesign.com\/#organization\"},\"potentialAction\":[{\"@type\":\"SearchAction\",\"target\":{\"@type\":\"EntryPoint\",\"urlTemplate\":\"https:\/\/www.lavillagardendesign.com\/?s={search_term_string}\"},\"query-input\":{\"@type\":\"PropertyValueSpecification\",\"valueRequired\":true,\"valueName\":\"search_term_string\"}}],\"inLanguage\":\"fr-FR\"},{\"@type\":\"Organization\",\"@id\":\"https:\/\/www.lavillagardendesign.com\/#organization\",\"name\":\"La Villa Garden&Design\",\"url\":\"https:\/\/www.lavillagardendesign.com\/\",\"logo\":{\"@type\":\"ImageObject\",\"inLanguage\":\"fr-FR\",\"@id\":\"https:\/\/www.lavillagardendesign.com\/#\/schema\/logo\/image\/\",\"url\":\"https:\/\/www.lavillagardendesign.com\/wp-content\/uploads\/2024\/04\/logolavilla.png\",\"contentUrl\":\"https:\/\/www.lavillagardendesign.com\/wp-content\/uploads\/2024\/04\/logolavilla.png\",\"width\":682,\"height\":391,\"caption\":\"La Villa Garden&Design\"},\"image\":{\"@id\":\"https:\/\/www.lavillagardendesign.com\/#\/schema\/logo\/image\/\"},\"sameAs\":[\"https:\/\/www.facebook.com\/lavillagardendesign\/\"]}]}<\/script>\n<!-- \/ Yoast SEO plugin. -->","yoast_head_json":{"title":"MADISON LAMAS Chair by Vondom | Eugeni Quitllet Design | La Villa","description":"Achetez la chaise MADISON LAMAS de Vondom. Design ergonomique \u00e0 lattes, l\u00e9ger et r\u00e9sistant aux intemp\u00e9ries. Qualit\u00e9 de luxe pour votre jardin \u00e0 partir de 132\u20ac.","robots":{"index":"index","follow":"follow","max-snippet":"max-snippet:-1","max-image-preview":"max-image-preview:large","max-video-preview":"max-video-preview:-1"},"canonical":"https:\/\/www.lavillagardendesign.com\/fr\/?post_type=product&p=64764","og_locale":"fr_FR","og_type":"article","og_title":"MADISON LAMAS Chair by Vondom | Eugeni Quitllet Design | La Villa","og_description":"Achetez la chaise MADISON LAMAS de Vondom. Design ergonomique \u00e0 lattes, l\u00e9ger et r\u00e9sistant aux intemp\u00e9ries. Qualit\u00e9 de luxe pour votre jardin \u00e0 partir de 132\u20ac.","og_url":"https:\/\/www.lavillagardendesign.com\/fr\/?post_type=product&p=64764","og_site_name":"La Villa Garden&amp;Design","article_publisher":"https:\/\/www.facebook.com\/lavillagardendesign\/","og_image":[{"width":700,"height":800,"url":"https:\/\/www.lavillagardendesign.com\/wp-content\/uploads\/2026\/02\/3-26.png","type":"image\/png"}],"twitter_card":"summary_large_image","schema":{"@context":"https:\/\/schema.org","@graph":[{"@type":"WebPage","@id":"https:\/\/www.lavillagardendesign.com\/fr\/?post_type=product&p=64764","url":"https:\/\/www.lavillagardendesign.com\/fr\/?post_type=product&p=64764","name":"MADISON LAMAS Chair by Vondom | Eugeni Quitllet Design | La Villa","isPartOf":{"@id":"https:\/\/www.lavillagardendesign.com\/#website"},"primaryImageOfPage":{"@id":"https:\/\/www.lavillagardendesign.com\/fr\/?post_type=product&p=64764#primaryimage"},"image":{"@id":"https:\/\/www.lavillagardendesign.com\/fr\/?post_type=product&p=64764#primaryimage"},"thumbnailUrl":"https:\/\/www.lavillagardendesign.com\/wp-content\/uploads\/2026\/02\/3-26.png","datePublished":"2026-02-26T19:55:30+00:00","description":"Achetez la chaise MADISON LAMAS de Vondom. Design ergonomique \u00e0 lattes, l\u00e9ger et r\u00e9sistant aux intemp\u00e9ries. Qualit\u00e9 de luxe pour votre jardin \u00e0 partir de 132\u20ac.","breadcrumb":{"@id":"https:\/\/www.lavillagardendesign.com\/fr\/?post_type=product&p=64764#breadcrumb"},"inLanguage":"fr-FR","potentialAction":[{"@type":"ReadAction","target":["https:\/\/www.lavillagardendesign.com\/fr\/?post_type=product&p=64764"]}]},{"@type":"ImageObject","inLanguage":"fr-FR","@id":"https:\/\/www.lavillagardendesign.com\/fr\/?post_type=product&p=64764#primaryimage","url":"https:\/\/www.lavillagardendesign.com\/wp-content\/uploads\/2026\/02\/3-26.png","contentUrl":"https:\/\/www.lavillagardendesign.com\/wp-content\/uploads\/2026\/02\/3-26.png","width":700,"height":800},{"@type":"BreadcrumbList","@id":"https:\/\/www.lavillagardendesign.com\/fr\/?post_type=product&p=64764#breadcrumb","itemListElement":[{"@type":"ListItem","position":1,"name":"Home","item":"https:\/\/www.lavillagardendesign.com\/"},{"@type":"ListItem","position":2,"name":"Boutique","item":"https:\/\/www.lavillagardendesign.com\/fr\/boutique\/"},{"@type":"ListItem","position":3,"name":"Private: MADISON LAMAS &#8211; Chaise d&rsquo;ext\u00e9rieur empilable"}]},{"@type":"WebSite","@id":"https:\/\/www.lavillagardendesign.com\/#website","url":"https:\/\/www.lavillagardendesign.com\/","name":"La Villa Garden&Design","description":"","publisher":{"@id":"https:\/\/www.lavillagardendesign.com\/#organization"},"potentialAction":[{"@type":"SearchAction","target":{"@type":"EntryPoint","urlTemplate":"https:\/\/www.lavillagardendesign.com\/?s={search_term_string}"},"query-input":{"@type":"PropertyValueSpecification","valueRequired":true,"valueName":"search_term_string"}}],"inLanguage":"fr-FR"},{"@type":"Organization","@id":"https:\/\/www.lavillagardendesign.com\/#organization","name":"La Villa Garden&Design","url":"https:\/\/www.lavillagardendesign.com\/","logo":{"@type":"ImageObject","inLanguage":"fr-FR","@id":"https:\/\/www.lavillagardendesign.com\/#\/schema\/logo\/image\/","url":"https:\/\/www.lavillagardendesign.com\/wp-content\/uploads\/2024\/04\/logolavilla.png","contentUrl":"https:\/\/www.lavillagardendesign.com\/wp-content\/uploads\/2024\/04\/logolavilla.png","width":682,"height":391,"caption":"La Villa Garden&Design"},"image":{"@id":"https:\/\/www.lavillagardendesign.com\/#\/schema\/logo\/image\/"},"sameAs":["https:\/\/www.facebook.com\/lavillagardendesign\/"]}]}},"_links":{"self":[{"href":"https:\/\/www.lavillagardendesign.com\/fr\/wp-json\/wp\/v2\/product\/64764","targetHints":{"allow":["GET"]}}],"collection":[{"href":"https:\/\/www.lavillagardendesign.com\/fr\/wp-json\/wp\/v2\/product"}],"about":[{"href":"https:\/\/www.lavillagardendesign.com\/fr\/wp-json\/wp\/v2\/types\/product"}],"replies":[{"embeddable":true,"href":"https:\/\/www.lavillagardendesign.com\/fr\/wp-json\/wp\/v2\/comments?post=64764"}],"version-history":[{"count":0,"href":"https:\/\/www.lavillagardendesign.com\/fr\/wp-json\/wp\/v2\/product\/64764\/revisions"}],"wp:featuredmedia":[{"embeddable":true,"href":"https:\/\/www.lavillagardendesign.com\/fr\/wp-json\/wp\/v2\/media\/64754"}],"wp:attachment":[{"href":"https:\/\/www.lavillagardendesign.com\/fr\/wp-json\/wp\/v2\/media?parent=64764"}],"wp:term":[{"taxonomy":"product_brand","embeddable":true,"href":"https:\/\/www.lavillagardendesign.com\/fr\/wp-json\/wp\/v2\/product_brand?post=64764"},{"taxonomy":"product_cat","embeddable":true,"href":"https:\/\/www.lavillagardendesign.com\/fr\/wp-json\/wp\/v2\/product_cat?post=64764"},{"taxonomy":"product_tag","embeddable":true,"href":"https:\/\/www.lavillagardendesign.com\/fr\/wp-json\/wp\/v2\/product_tag?post=64764"}],"curies":[{"name":"wp","href":"https:\/\/api.w.org\/{rel}","templated":true}]}}