{"id":64590,"date":"2026-02-26T11:16:31","date_gmt":"2026-02-26T10:16:31","guid":{"rendered":"https:\/\/www.lavillagardendesign.com\/product\/verona-table-dappoint-47x40x50-cm\/"},"modified":"2026-02-26T11:16:31","modified_gmt":"2026-02-26T09:16:31","slug":"verona-table-dappoint-47x40x50-cm","status":"publish","type":"product","link":"https:\/\/www.lavillagardendesign.com\/fr\/product\/verona-table-dappoint-47x40x50-cm\/","title":{"rendered":"VERONA &#8211; Table d&rsquo;appoint 47x40x50 cm"},"content":{"rendered":"","protected":false},"excerpt":{"rendered":"<p>Compl\u00e9tez votre espace lounge avec la table d&rsquo;appoint VERONA, une pi\u00e8ce fonctionnelle et \u00e9l\u00e9gante enti\u00e8rement fabriqu\u00e9e en aluminium haute r\u00e9sistance. Son design compact et minimaliste en fait le support id\u00e9al pour les environnements ext\u00e9rieurs sophistiqu\u00e9s, offrant une durabilit\u00e9 exceptionnelle contre les rayons UV et la corrosion. <\/p>\n","protected":false},"featured_media":64523,"comment_status":"open","ping_status":"closed","template":"","meta":[],"product_brand":[5001],"product_cat":[6832,2944,2948],"product_tag":[],"class_list":{"0":"post-64590","1":"product","2":"type-product","3":"status-publish","4":"has-post-thumbnail","6":"product_brand-la-villa-garden","7":"product_cat-outdoor-fr","8":"product_cat-tables-fr","9":"product_cat-tables-auxiliaires","11":"first","12":"instock","13":"sale","14":"taxable","15":"shipping-taxable","16":"purchasable","17":"product-type-variable"},"yoast_head":"<!-- This site is optimized with the Yoast SEO plugin v27.1.1 - https:\/\/yoast.com\/product\/yoast-seo-wordpress\/ -->\n<title>Table d&#039;appoint d&#039;ext\u00e9rieur VERONA | Premium Aluminum | La Villa<\/title>\n<meta name=\"description\" content=\"Ajoutez de la fonctionnalit\u00e9 \u00e0 votre jardin avec la table d&#039;appoint en aluminium VERONA. Design moderne, l\u00e9ger et durable. Parfaite pour les villas d&#039;Ibiza et de la Costa Brava.\" \/>\n<meta name=\"robots\" content=\"index, follow, max-snippet:-1, max-image-preview:large, max-video-preview:-1\" \/>\n<link rel=\"canonical\" href=\"https:\/\/www.lavillagardendesign.com\/fr\/product\/verona-table-dappoint-47x40x50-cm\/\" \/>\n<meta property=\"og:locale\" content=\"fr_FR\" \/>\n<meta property=\"og:type\" content=\"article\" \/>\n<meta property=\"og:title\" content=\"Table d&#039;appoint d&#039;ext\u00e9rieur VERONA | Premium Aluminum | La Villa\" \/>\n<meta property=\"og:description\" content=\"Ajoutez de la fonctionnalit\u00e9 \u00e0 votre jardin avec la table d&#039;appoint en aluminium VERONA. Design moderne, l\u00e9ger et durable. Parfaite pour les villas d&#039;Ibiza et de la Costa Brava.\" \/>\n<meta property=\"og:url\" content=\"https:\/\/www.lavillagardendesign.com\/fr\/product\/verona-table-dappoint-47x40x50-cm\/\" \/>\n<meta property=\"og:site_name\" content=\"La Villa Garden&amp;Design\" \/>\n<meta property=\"article:publisher\" content=\"https:\/\/www.facebook.com\/lavillagardendesign\/\" \/>\n<meta property=\"og:image\" content=\"https:\/\/www.lavillagardendesign.com\/wp-content\/uploads\/2026\/02\/VERONA-TAGA112STBG.webp\" \/>\n\t<meta property=\"og:image:width\" content=\"1500\" \/>\n\t<meta property=\"og:image:height\" content=\"1500\" \/>\n\t<meta property=\"og:image:type\" content=\"image\/webp\" \/>\n<meta name=\"twitter:card\" content=\"summary_large_image\" \/>\n<script type=\"application\/ld+json\" class=\"yoast-schema-graph\">{\"@context\":\"https:\/\/schema.org\",\"@graph\":[{\"@type\":\"WebPage\",\"@id\":\"https:\/\/www.lavillagardendesign.com\/fr\/product\/verona-table-dappoint-47x40x50-cm\/\",\"url\":\"https:\/\/www.lavillagardendesign.com\/fr\/product\/verona-table-dappoint-47x40x50-cm\/\",\"name\":\"Table d'appoint d'ext\u00e9rieur VERONA | Premium Aluminum | La Villa\",\"isPartOf\":{\"@id\":\"https:\/\/www.lavillagardendesign.com\/#website\"},\"primaryImageOfPage\":{\"@id\":\"https:\/\/www.lavillagardendesign.com\/fr\/product\/verona-table-dappoint-47x40x50-cm\/#primaryimage\"},\"image\":{\"@id\":\"https:\/\/www.lavillagardendesign.com\/fr\/product\/verona-table-dappoint-47x40x50-cm\/#primaryimage\"},\"thumbnailUrl\":\"https:\/\/www.lavillagardendesign.com\/wp-content\/uploads\/2026\/02\/VERONA-TAGA112STBG.webp\",\"datePublished\":\"2026-02-26T10:16:31+00:00\",\"description\":\"Ajoutez de la fonctionnalit\u00e9 \u00e0 votre jardin avec la table d'appoint en aluminium VERONA. Design moderne, l\u00e9ger et durable. Parfaite pour les villas d'Ibiza et de la Costa Brava.\",\"breadcrumb\":{\"@id\":\"https:\/\/www.lavillagardendesign.com\/fr\/product\/verona-table-dappoint-47x40x50-cm\/#breadcrumb\"},\"inLanguage\":\"fr-FR\",\"potentialAction\":[{\"@type\":\"ReadAction\",\"target\":[\"https:\/\/www.lavillagardendesign.com\/fr\/product\/verona-table-dappoint-47x40x50-cm\/\"]}]},{\"@type\":\"ImageObject\",\"inLanguage\":\"fr-FR\",\"@id\":\"https:\/\/www.lavillagardendesign.com\/fr\/product\/verona-table-dappoint-47x40x50-cm\/#primaryimage\",\"url\":\"https:\/\/www.lavillagardendesign.com\/wp-content\/uploads\/2026\/02\/VERONA-TAGA112STBG.webp\",\"contentUrl\":\"https:\/\/www.lavillagardendesign.com\/wp-content\/uploads\/2026\/02\/VERONA-TAGA112STBG.webp\",\"width\":1500,\"height\":1500},{\"@type\":\"BreadcrumbList\",\"@id\":\"https:\/\/www.lavillagardendesign.com\/fr\/product\/verona-table-dappoint-47x40x50-cm\/#breadcrumb\",\"itemListElement\":[{\"@type\":\"ListItem\",\"position\":1,\"name\":\"Home\",\"item\":\"https:\/\/www.lavillagardendesign.com\/\"},{\"@type\":\"ListItem\",\"position\":2,\"name\":\"Boutique\",\"item\":\"https:\/\/www.lavillagardendesign.com\/fr\/boutique\/\"},{\"@type\":\"ListItem\",\"position\":3,\"name\":\"VERONA &#8211; Table d&rsquo;appoint 47x40x50 cm\"}]},{\"@type\":\"WebSite\",\"@id\":\"https:\/\/www.lavillagardendesign.com\/#website\",\"url\":\"https:\/\/www.lavillagardendesign.com\/\",\"name\":\"La Villa Garden&Design\",\"description\":\"\",\"publisher\":{\"@id\":\"https:\/\/www.lavillagardendesign.com\/#organization\"},\"potentialAction\":[{\"@type\":\"SearchAction\",\"target\":{\"@type\":\"EntryPoint\",\"urlTemplate\":\"https:\/\/www.lavillagardendesign.com\/?s={search_term_string}\"},\"query-input\":{\"@type\":\"PropertyValueSpecification\",\"valueRequired\":true,\"valueName\":\"search_term_string\"}}],\"inLanguage\":\"fr-FR\"},{\"@type\":\"Organization\",\"@id\":\"https:\/\/www.lavillagardendesign.com\/#organization\",\"name\":\"La Villa Garden&Design\",\"url\":\"https:\/\/www.lavillagardendesign.com\/\",\"logo\":{\"@type\":\"ImageObject\",\"inLanguage\":\"fr-FR\",\"@id\":\"https:\/\/www.lavillagardendesign.com\/#\/schema\/logo\/image\/\",\"url\":\"https:\/\/www.lavillagardendesign.com\/wp-content\/uploads\/2024\/04\/logolavilla.png\",\"contentUrl\":\"https:\/\/www.lavillagardendesign.com\/wp-content\/uploads\/2024\/04\/logolavilla.png\",\"width\":682,\"height\":391,\"caption\":\"La Villa Garden&Design\"},\"image\":{\"@id\":\"https:\/\/www.lavillagardendesign.com\/#\/schema\/logo\/image\/\"},\"sameAs\":[\"https:\/\/www.facebook.com\/lavillagardendesign\/\"]}]}<\/script>\n<!-- \/ Yoast SEO plugin. -->","yoast_head_json":{"title":"Table d'appoint d'ext\u00e9rieur VERONA | Premium Aluminum | La Villa","description":"Ajoutez de la fonctionnalit\u00e9 \u00e0 votre jardin avec la table d'appoint en aluminium VERONA. Design moderne, l\u00e9ger et durable. Parfaite pour les villas d'Ibiza et de la Costa Brava.","robots":{"index":"index","follow":"follow","max-snippet":"max-snippet:-1","max-image-preview":"max-image-preview:large","max-video-preview":"max-video-preview:-1"},"canonical":"https:\/\/www.lavillagardendesign.com\/fr\/product\/verona-table-dappoint-47x40x50-cm\/","og_locale":"fr_FR","og_type":"article","og_title":"Table d'appoint d'ext\u00e9rieur VERONA | Premium Aluminum | La Villa","og_description":"Ajoutez de la fonctionnalit\u00e9 \u00e0 votre jardin avec la table d'appoint en aluminium VERONA. Design moderne, l\u00e9ger et durable. Parfaite pour les villas d'Ibiza et de la Costa Brava.","og_url":"https:\/\/www.lavillagardendesign.com\/fr\/product\/verona-table-dappoint-47x40x50-cm\/","og_site_name":"La Villa Garden&amp;Design","article_publisher":"https:\/\/www.facebook.com\/lavillagardendesign\/","og_image":[{"width":1500,"height":1500,"url":"https:\/\/www.lavillagardendesign.com\/wp-content\/uploads\/2026\/02\/VERONA-TAGA112STBG.webp","type":"image\/webp"}],"twitter_card":"summary_large_image","schema":{"@context":"https:\/\/schema.org","@graph":[{"@type":"WebPage","@id":"https:\/\/www.lavillagardendesign.com\/fr\/product\/verona-table-dappoint-47x40x50-cm\/","url":"https:\/\/www.lavillagardendesign.com\/fr\/product\/verona-table-dappoint-47x40x50-cm\/","name":"Table d'appoint d'ext\u00e9rieur VERONA | Premium Aluminum | La Villa","isPartOf":{"@id":"https:\/\/www.lavillagardendesign.com\/#website"},"primaryImageOfPage":{"@id":"https:\/\/www.lavillagardendesign.com\/fr\/product\/verona-table-dappoint-47x40x50-cm\/#primaryimage"},"image":{"@id":"https:\/\/www.lavillagardendesign.com\/fr\/product\/verona-table-dappoint-47x40x50-cm\/#primaryimage"},"thumbnailUrl":"https:\/\/www.lavillagardendesign.com\/wp-content\/uploads\/2026\/02\/VERONA-TAGA112STBG.webp","datePublished":"2026-02-26T10:16:31+00:00","description":"Ajoutez de la fonctionnalit\u00e9 \u00e0 votre jardin avec la table d'appoint en aluminium VERONA. Design moderne, l\u00e9ger et durable. Parfaite pour les villas d'Ibiza et de la Costa Brava.","breadcrumb":{"@id":"https:\/\/www.lavillagardendesign.com\/fr\/product\/verona-table-dappoint-47x40x50-cm\/#breadcrumb"},"inLanguage":"fr-FR","potentialAction":[{"@type":"ReadAction","target":["https:\/\/www.lavillagardendesign.com\/fr\/product\/verona-table-dappoint-47x40x50-cm\/"]}]},{"@type":"ImageObject","inLanguage":"fr-FR","@id":"https:\/\/www.lavillagardendesign.com\/fr\/product\/verona-table-dappoint-47x40x50-cm\/#primaryimage","url":"https:\/\/www.lavillagardendesign.com\/wp-content\/uploads\/2026\/02\/VERONA-TAGA112STBG.webp","contentUrl":"https:\/\/www.lavillagardendesign.com\/wp-content\/uploads\/2026\/02\/VERONA-TAGA112STBG.webp","width":1500,"height":1500},{"@type":"BreadcrumbList","@id":"https:\/\/www.lavillagardendesign.com\/fr\/product\/verona-table-dappoint-47x40x50-cm\/#breadcrumb","itemListElement":[{"@type":"ListItem","position":1,"name":"Home","item":"https:\/\/www.lavillagardendesign.com\/"},{"@type":"ListItem","position":2,"name":"Boutique","item":"https:\/\/www.lavillagardendesign.com\/fr\/boutique\/"},{"@type":"ListItem","position":3,"name":"VERONA &#8211; Table d&rsquo;appoint 47x40x50 cm"}]},{"@type":"WebSite","@id":"https:\/\/www.lavillagardendesign.com\/#website","url":"https:\/\/www.lavillagardendesign.com\/","name":"La Villa Garden&Design","description":"","publisher":{"@id":"https:\/\/www.lavillagardendesign.com\/#organization"},"potentialAction":[{"@type":"SearchAction","target":{"@type":"EntryPoint","urlTemplate":"https:\/\/www.lavillagardendesign.com\/?s={search_term_string}"},"query-input":{"@type":"PropertyValueSpecification","valueRequired":true,"valueName":"search_term_string"}}],"inLanguage":"fr-FR"},{"@type":"Organization","@id":"https:\/\/www.lavillagardendesign.com\/#organization","name":"La Villa Garden&Design","url":"https:\/\/www.lavillagardendesign.com\/","logo":{"@type":"ImageObject","inLanguage":"fr-FR","@id":"https:\/\/www.lavillagardendesign.com\/#\/schema\/logo\/image\/","url":"https:\/\/www.lavillagardendesign.com\/wp-content\/uploads\/2024\/04\/logolavilla.png","contentUrl":"https:\/\/www.lavillagardendesign.com\/wp-content\/uploads\/2024\/04\/logolavilla.png","width":682,"height":391,"caption":"La Villa Garden&Design"},"image":{"@id":"https:\/\/www.lavillagardendesign.com\/#\/schema\/logo\/image\/"},"sameAs":["https:\/\/www.facebook.com\/lavillagardendesign\/"]}]}},"_links":{"self":[{"href":"https:\/\/www.lavillagardendesign.com\/fr\/wp-json\/wp\/v2\/product\/64590","targetHints":{"allow":["GET"]}}],"collection":[{"href":"https:\/\/www.lavillagardendesign.com\/fr\/wp-json\/wp\/v2\/product"}],"about":[{"href":"https:\/\/www.lavillagardendesign.com\/fr\/wp-json\/wp\/v2\/types\/product"}],"replies":[{"embeddable":true,"href":"https:\/\/www.lavillagardendesign.com\/fr\/wp-json\/wp\/v2\/comments?post=64590"}],"version-history":[{"count":0,"href":"https:\/\/www.lavillagardendesign.com\/fr\/wp-json\/wp\/v2\/product\/64590\/revisions"}],"wp:featuredmedia":[{"embeddable":true,"href":"https:\/\/www.lavillagardendesign.com\/fr\/wp-json\/wp\/v2\/media\/64523"}],"wp:attachment":[{"href":"https:\/\/www.lavillagardendesign.com\/fr\/wp-json\/wp\/v2\/media?parent=64590"}],"wp:term":[{"taxonomy":"product_brand","embeddable":true,"href":"https:\/\/www.lavillagardendesign.com\/fr\/wp-json\/wp\/v2\/product_brand?post=64590"},{"taxonomy":"product_cat","embeddable":true,"href":"https:\/\/www.lavillagardendesign.com\/fr\/wp-json\/wp\/v2\/product_cat?post=64590"},{"taxonomy":"product_tag","embeddable":true,"href":"https:\/\/www.lavillagardendesign.com\/fr\/wp-json\/wp\/v2\/product_tag?post=64590"}],"curies":[{"name":"wp","href":"https:\/\/api.w.org\/{rel}","templated":true}]}}