{"id":64330,"date":"2026-02-24T21:42:32","date_gmt":"2026-02-24T20:42:32","guid":{"rendered":"https:\/\/www.lavillagardendesign.com\/product\/mistral-table-rectangulaire-en-teck-246x100cm-a-lattes-horizontales\/"},"modified":"2026-02-24T21:42:32","modified_gmt":"2026-02-24T19:42:32","slug":"mistral-table-rectangulaire-en-teck-246x100cm-a-lattes-horizontales","status":"publish","type":"product","link":"https:\/\/www.lavillagardendesign.com\/fr\/product\/mistral-table-rectangulaire-en-teck-246x100cm-a-lattes-horizontales\/","title":{"rendered":"MISTRAL &#8211; Table rectangulaire en teck 246x100cm \u00e0 lattes horizontales"},"content":{"rendered":"","protected":false},"excerpt":{"rendered":"<p>La table de salle \u00e0 manger Mistral est une ode \u00e0 la charpenterie moderne. Construite enti\u00e8rement en teck massif, elle se distingue par la disposition horizontale de ses lattes, cr\u00e9ant un effet visuel unique de largeur et de fluidit\u00e9. D&rsquo;une longueur de 246 cm, il peut accueillir de 8 \u00e0 10 personnes, devenant ainsi le c\u0153ur chaleureux de votre terrasse. La noblesse du teck lui conf\u00e8re une r\u00e9sistance naturelle aux intemp\u00e9ries, acqu\u00e9rant au fil du temps cette patine argent\u00e9e caract\u00e9ristique, gage de qualit\u00e9 et d&rsquo;authenticit\u00e9.   <\/p>\n","protected":false},"featured_media":64304,"comment_status":"open","ping_status":"closed","template":"","meta":[],"product_brand":[5001],"product_cat":[6832,2944,2946],"product_tag":[],"class_list":{"0":"post-64330","1":"product","2":"type-product","3":"status-publish","4":"has-post-thumbnail","6":"product_brand-la-villa-garden","7":"product_cat-outdoor-fr","8":"product_cat-tables-fr","9":"product_cat-tables-repas","11":"first","12":"instock","13":"sale","14":"taxable","15":"shipping-taxable","16":"purchasable","17":"product-type-simple"},"yoast_head":"<!-- This site is optimized with the Yoast SEO plugin v27.1.1 - https:\/\/yoast.com\/product\/yoast-seo-wordpress\/ -->\n<title>MISTRAL Table en teck massif 246cm | La Villa Garden &amp; Design<\/title>\n<meta name=\"description\" content=\"Table de salle \u00e0 manger Mistral (246x100cm). Bois de teck massif avec des lattes horizontales. Robuste, \u00e9l\u00e9gante et naturelle. Livraison Premium\" \/>\n<meta name=\"robots\" content=\"index, follow, max-snippet:-1, max-image-preview:large, max-video-preview:-1\" \/>\n<link rel=\"canonical\" href=\"https:\/\/www.lavillagardendesign.com\/fr\/product\/mistral-table-rectangulaire-en-teck-246x100cm-a-lattes-horizontales\/\" \/>\n<meta property=\"og:locale\" content=\"fr_FR\" \/>\n<meta property=\"og:type\" content=\"article\" \/>\n<meta property=\"og:title\" content=\"MISTRAL Table en teck massif 246cm | La Villa Garden &amp; Design\" \/>\n<meta property=\"og:description\" content=\"Table de salle \u00e0 manger Mistral (246x100cm). Bois de teck massif avec des lattes horizontales. Robuste, \u00e9l\u00e9gante et naturelle. Livraison Premium\" \/>\n<meta property=\"og:url\" content=\"https:\/\/www.lavillagardendesign.com\/fr\/product\/mistral-table-rectangulaire-en-teck-246x100cm-a-lattes-horizontales\/\" \/>\n<meta property=\"og:site_name\" content=\"La Villa Garden&amp;Design\" \/>\n<meta property=\"article:publisher\" content=\"https:\/\/www.facebook.com\/lavillagardendesign\/\" \/>\n<meta property=\"og:image\" content=\"https:\/\/www.lavillagardendesign.com\/wp-content\/uploads\/2026\/02\/1-12-6.jpg\" \/>\n\t<meta property=\"og:image:width\" content=\"700\" \/>\n\t<meta property=\"og:image:height\" content=\"800\" \/>\n\t<meta property=\"og:image:type\" content=\"image\/jpeg\" \/>\n<meta name=\"twitter:card\" content=\"summary_large_image\" \/>\n<script type=\"application\/ld+json\" class=\"yoast-schema-graph\">{\"@context\":\"https:\/\/schema.org\",\"@graph\":[{\"@type\":\"WebPage\",\"@id\":\"https:\/\/www.lavillagardendesign.com\/fr\/product\/mistral-table-rectangulaire-en-teck-246x100cm-a-lattes-horizontales\/\",\"url\":\"https:\/\/www.lavillagardendesign.com\/fr\/product\/mistral-table-rectangulaire-en-teck-246x100cm-a-lattes-horizontales\/\",\"name\":\"MISTRAL Table en teck massif 246cm | La Villa Garden & Design\",\"isPartOf\":{\"@id\":\"https:\/\/www.lavillagardendesign.com\/#website\"},\"primaryImageOfPage\":{\"@id\":\"https:\/\/www.lavillagardendesign.com\/fr\/product\/mistral-table-rectangulaire-en-teck-246x100cm-a-lattes-horizontales\/#primaryimage\"},\"image\":{\"@id\":\"https:\/\/www.lavillagardendesign.com\/fr\/product\/mistral-table-rectangulaire-en-teck-246x100cm-a-lattes-horizontales\/#primaryimage\"},\"thumbnailUrl\":\"https:\/\/www.lavillagardendesign.com\/wp-content\/uploads\/2026\/02\/1-12-6.jpg\",\"datePublished\":\"2026-02-24T20:42:32+00:00\",\"description\":\"Table de salle \u00e0 manger Mistral (246x100cm). Bois de teck massif avec des lattes horizontales. Robuste, \u00e9l\u00e9gante et naturelle. Livraison Premium\",\"breadcrumb\":{\"@id\":\"https:\/\/www.lavillagardendesign.com\/fr\/product\/mistral-table-rectangulaire-en-teck-246x100cm-a-lattes-horizontales\/#breadcrumb\"},\"inLanguage\":\"fr-FR\",\"potentialAction\":[{\"@type\":\"ReadAction\",\"target\":[\"https:\/\/www.lavillagardendesign.com\/fr\/product\/mistral-table-rectangulaire-en-teck-246x100cm-a-lattes-horizontales\/\"]}]},{\"@type\":\"ImageObject\",\"inLanguage\":\"fr-FR\",\"@id\":\"https:\/\/www.lavillagardendesign.com\/fr\/product\/mistral-table-rectangulaire-en-teck-246x100cm-a-lattes-horizontales\/#primaryimage\",\"url\":\"https:\/\/www.lavillagardendesign.com\/wp-content\/uploads\/2026\/02\/1-12-6.jpg\",\"contentUrl\":\"https:\/\/www.lavillagardendesign.com\/wp-content\/uploads\/2026\/02\/1-12-6.jpg\",\"width\":700,\"height\":800},{\"@type\":\"BreadcrumbList\",\"@id\":\"https:\/\/www.lavillagardendesign.com\/fr\/product\/mistral-table-rectangulaire-en-teck-246x100cm-a-lattes-horizontales\/#breadcrumb\",\"itemListElement\":[{\"@type\":\"ListItem\",\"position\":1,\"name\":\"Home\",\"item\":\"https:\/\/www.lavillagardendesign.com\/\"},{\"@type\":\"ListItem\",\"position\":2,\"name\":\"Boutique\",\"item\":\"https:\/\/www.lavillagardendesign.com\/fr\/boutique\/\"},{\"@type\":\"ListItem\",\"position\":3,\"name\":\"Private: MISTRAL &#8211; Table rectangulaire en teck 246x100cm \u00e0 lattes horizontales\"}]},{\"@type\":\"WebSite\",\"@id\":\"https:\/\/www.lavillagardendesign.com\/#website\",\"url\":\"https:\/\/www.lavillagardendesign.com\/\",\"name\":\"La Villa Garden&Design\",\"description\":\"\",\"publisher\":{\"@id\":\"https:\/\/www.lavillagardendesign.com\/#organization\"},\"potentialAction\":[{\"@type\":\"SearchAction\",\"target\":{\"@type\":\"EntryPoint\",\"urlTemplate\":\"https:\/\/www.lavillagardendesign.com\/?s={search_term_string}\"},\"query-input\":{\"@type\":\"PropertyValueSpecification\",\"valueRequired\":true,\"valueName\":\"search_term_string\"}}],\"inLanguage\":\"fr-FR\"},{\"@type\":\"Organization\",\"@id\":\"https:\/\/www.lavillagardendesign.com\/#organization\",\"name\":\"La Villa Garden&Design\",\"url\":\"https:\/\/www.lavillagardendesign.com\/\",\"logo\":{\"@type\":\"ImageObject\",\"inLanguage\":\"fr-FR\",\"@id\":\"https:\/\/www.lavillagardendesign.com\/#\/schema\/logo\/image\/\",\"url\":\"https:\/\/www.lavillagardendesign.com\/wp-content\/uploads\/2024\/04\/logolavilla.png\",\"contentUrl\":\"https:\/\/www.lavillagardendesign.com\/wp-content\/uploads\/2024\/04\/logolavilla.png\",\"width\":682,\"height\":391,\"caption\":\"La Villa Garden&Design\"},\"image\":{\"@id\":\"https:\/\/www.lavillagardendesign.com\/#\/schema\/logo\/image\/\"},\"sameAs\":[\"https:\/\/www.facebook.com\/lavillagardendesign\/\"]}]}<\/script>\n<!-- \/ Yoast SEO plugin. -->","yoast_head_json":{"title":"MISTRAL Table en teck massif 246cm | La Villa Garden & Design","description":"Table de salle \u00e0 manger Mistral (246x100cm). Bois de teck massif avec des lattes horizontales. Robuste, \u00e9l\u00e9gante et naturelle. Livraison Premium","robots":{"index":"index","follow":"follow","max-snippet":"max-snippet:-1","max-image-preview":"max-image-preview:large","max-video-preview":"max-video-preview:-1"},"canonical":"https:\/\/www.lavillagardendesign.com\/fr\/product\/mistral-table-rectangulaire-en-teck-246x100cm-a-lattes-horizontales\/","og_locale":"fr_FR","og_type":"article","og_title":"MISTRAL Table en teck massif 246cm | La Villa Garden & Design","og_description":"Table de salle \u00e0 manger Mistral (246x100cm). Bois de teck massif avec des lattes horizontales. Robuste, \u00e9l\u00e9gante et naturelle. Livraison Premium","og_url":"https:\/\/www.lavillagardendesign.com\/fr\/product\/mistral-table-rectangulaire-en-teck-246x100cm-a-lattes-horizontales\/","og_site_name":"La Villa Garden&amp;Design","article_publisher":"https:\/\/www.facebook.com\/lavillagardendesign\/","og_image":[{"width":700,"height":800,"url":"https:\/\/www.lavillagardendesign.com\/wp-content\/uploads\/2026\/02\/1-12-6.jpg","type":"image\/jpeg"}],"twitter_card":"summary_large_image","schema":{"@context":"https:\/\/schema.org","@graph":[{"@type":"WebPage","@id":"https:\/\/www.lavillagardendesign.com\/fr\/product\/mistral-table-rectangulaire-en-teck-246x100cm-a-lattes-horizontales\/","url":"https:\/\/www.lavillagardendesign.com\/fr\/product\/mistral-table-rectangulaire-en-teck-246x100cm-a-lattes-horizontales\/","name":"MISTRAL Table en teck massif 246cm | La Villa Garden & Design","isPartOf":{"@id":"https:\/\/www.lavillagardendesign.com\/#website"},"primaryImageOfPage":{"@id":"https:\/\/www.lavillagardendesign.com\/fr\/product\/mistral-table-rectangulaire-en-teck-246x100cm-a-lattes-horizontales\/#primaryimage"},"image":{"@id":"https:\/\/www.lavillagardendesign.com\/fr\/product\/mistral-table-rectangulaire-en-teck-246x100cm-a-lattes-horizontales\/#primaryimage"},"thumbnailUrl":"https:\/\/www.lavillagardendesign.com\/wp-content\/uploads\/2026\/02\/1-12-6.jpg","datePublished":"2026-02-24T20:42:32+00:00","description":"Table de salle \u00e0 manger Mistral (246x100cm). Bois de teck massif avec des lattes horizontales. Robuste, \u00e9l\u00e9gante et naturelle. Livraison Premium","breadcrumb":{"@id":"https:\/\/www.lavillagardendesign.com\/fr\/product\/mistral-table-rectangulaire-en-teck-246x100cm-a-lattes-horizontales\/#breadcrumb"},"inLanguage":"fr-FR","potentialAction":[{"@type":"ReadAction","target":["https:\/\/www.lavillagardendesign.com\/fr\/product\/mistral-table-rectangulaire-en-teck-246x100cm-a-lattes-horizontales\/"]}]},{"@type":"ImageObject","inLanguage":"fr-FR","@id":"https:\/\/www.lavillagardendesign.com\/fr\/product\/mistral-table-rectangulaire-en-teck-246x100cm-a-lattes-horizontales\/#primaryimage","url":"https:\/\/www.lavillagardendesign.com\/wp-content\/uploads\/2026\/02\/1-12-6.jpg","contentUrl":"https:\/\/www.lavillagardendesign.com\/wp-content\/uploads\/2026\/02\/1-12-6.jpg","width":700,"height":800},{"@type":"BreadcrumbList","@id":"https:\/\/www.lavillagardendesign.com\/fr\/product\/mistral-table-rectangulaire-en-teck-246x100cm-a-lattes-horizontales\/#breadcrumb","itemListElement":[{"@type":"ListItem","position":1,"name":"Home","item":"https:\/\/www.lavillagardendesign.com\/"},{"@type":"ListItem","position":2,"name":"Boutique","item":"https:\/\/www.lavillagardendesign.com\/fr\/boutique\/"},{"@type":"ListItem","position":3,"name":"Private: MISTRAL &#8211; Table rectangulaire en teck 246x100cm \u00e0 lattes horizontales"}]},{"@type":"WebSite","@id":"https:\/\/www.lavillagardendesign.com\/#website","url":"https:\/\/www.lavillagardendesign.com\/","name":"La Villa Garden&Design","description":"","publisher":{"@id":"https:\/\/www.lavillagardendesign.com\/#organization"},"potentialAction":[{"@type":"SearchAction","target":{"@type":"EntryPoint","urlTemplate":"https:\/\/www.lavillagardendesign.com\/?s={search_term_string}"},"query-input":{"@type":"PropertyValueSpecification","valueRequired":true,"valueName":"search_term_string"}}],"inLanguage":"fr-FR"},{"@type":"Organization","@id":"https:\/\/www.lavillagardendesign.com\/#organization","name":"La Villa Garden&Design","url":"https:\/\/www.lavillagardendesign.com\/","logo":{"@type":"ImageObject","inLanguage":"fr-FR","@id":"https:\/\/www.lavillagardendesign.com\/#\/schema\/logo\/image\/","url":"https:\/\/www.lavillagardendesign.com\/wp-content\/uploads\/2024\/04\/logolavilla.png","contentUrl":"https:\/\/www.lavillagardendesign.com\/wp-content\/uploads\/2024\/04\/logolavilla.png","width":682,"height":391,"caption":"La Villa Garden&Design"},"image":{"@id":"https:\/\/www.lavillagardendesign.com\/#\/schema\/logo\/image\/"},"sameAs":["https:\/\/www.facebook.com\/lavillagardendesign\/"]}]}},"_links":{"self":[{"href":"https:\/\/www.lavillagardendesign.com\/fr\/wp-json\/wp\/v2\/product\/64330","targetHints":{"allow":["GET"]}}],"collection":[{"href":"https:\/\/www.lavillagardendesign.com\/fr\/wp-json\/wp\/v2\/product"}],"about":[{"href":"https:\/\/www.lavillagardendesign.com\/fr\/wp-json\/wp\/v2\/types\/product"}],"replies":[{"embeddable":true,"href":"https:\/\/www.lavillagardendesign.com\/fr\/wp-json\/wp\/v2\/comments?post=64330"}],"version-history":[{"count":0,"href":"https:\/\/www.lavillagardendesign.com\/fr\/wp-json\/wp\/v2\/product\/64330\/revisions"}],"wp:featuredmedia":[{"embeddable":true,"href":"https:\/\/www.lavillagardendesign.com\/fr\/wp-json\/wp\/v2\/media\/64304"}],"wp:attachment":[{"href":"https:\/\/www.lavillagardendesign.com\/fr\/wp-json\/wp\/v2\/media?parent=64330"}],"wp:term":[{"taxonomy":"product_brand","embeddable":true,"href":"https:\/\/www.lavillagardendesign.com\/fr\/wp-json\/wp\/v2\/product_brand?post=64330"},{"taxonomy":"product_cat","embeddable":true,"href":"https:\/\/www.lavillagardendesign.com\/fr\/wp-json\/wp\/v2\/product_cat?post=64330"},{"taxonomy":"product_tag","embeddable":true,"href":"https:\/\/www.lavillagardendesign.com\/fr\/wp-json\/wp\/v2\/product_tag?post=64330"}],"curies":[{"name":"wp","href":"https:\/\/api.w.org\/{rel}","templated":true}]}}