{"id":64328,"date":"2026-02-24T21:42:32","date_gmt":"2026-02-24T20:42:32","guid":{"rendered":"https:\/\/www.lavillagardendesign.com\/product\/mistral-fauteuil-de-salle-a-manger-en-aluminium-et-corde-beige\/"},"modified":"2026-02-24T21:42:32","modified_gmt":"2026-02-24T19:42:32","slug":"mistral-fauteuil-de-salle-a-manger-en-aluminium-et-corde-beige","status":"publish","type":"product","link":"https:\/\/www.lavillagardendesign.com\/fr\/product\/mistral-fauteuil-de-salle-a-manger-en-aluminium-et-corde-beige\/","title":{"rendered":"MISTRAL &#8211; Fauteuil de salle \u00e0 manger en aluminium et corde beige"},"content":{"rendered":"","protected":false},"excerpt":{"rendered":"<p>Le fauteuil Mistral est le compagnon id\u00e9al des tables en bois ou en pierre, leur apportant l\u00e9g\u00e8ret\u00e9 et texture. Sa structure en aluminium beige illumine l&rsquo;espace, tandis que le dossier en corde synth\u00e9tique tress\u00e9e offre un soutien ergonomique et rafra\u00eechissant. La fusion de mat\u00e9riaux techniques et d&rsquo;un design inspir\u00e9 de la nature en fait une pi\u00e8ce polyvalente et durable. Il comprend un coussin d&rsquo;assise amovible pour assurer un maximum de confort pendant les longues conversations estivales apr\u00e8s le d\u00eener.   <\/p>\n","protected":false},"featured_media":64294,"comment_status":"open","ping_status":"closed","template":"","meta":[],"product_brand":[5001],"product_cat":[6832,2929,2931],"product_tag":[],"class_list":{"0":"post-64328","1":"product","2":"type-product","3":"status-publish","4":"has-post-thumbnail","6":"product_brand-la-villa-garden","7":"product_cat-outdoor-fr","8":"product_cat-chaises","9":"product_cat-chaises-repas","11":"first","12":"instock","13":"sale","14":"taxable","15":"shipping-taxable","16":"purchasable","17":"product-type-simple"},"yoast_head":"<!-- This site is optimized with the Yoast SEO plugin v27.1.1 - https:\/\/yoast.com\/product\/yoast-seo-wordpress\/ -->\n<title>Fauteuil MISTRAL Corde et aluminium beige | La Villa Garden<\/title>\n<meta name=\"description\" content=\"Fauteuil de salle \u00e0 manger Mistral. Structure l\u00e9g\u00e8re en aluminium beige et corde tress\u00e9e. Coussin inclus. Design moderne et confortable\" \/>\n<meta name=\"robots\" content=\"index, follow, max-snippet:-1, max-image-preview:large, max-video-preview:-1\" \/>\n<link rel=\"canonical\" href=\"https:\/\/www.lavillagardendesign.com\/fr\/product\/mistral-fauteuil-de-salle-a-manger-en-aluminium-et-corde-beige\/\" \/>\n<meta property=\"og:locale\" content=\"fr_FR\" \/>\n<meta property=\"og:type\" content=\"article\" \/>\n<meta property=\"og:title\" content=\"Fauteuil MISTRAL Corde et aluminium beige | La Villa Garden\" \/>\n<meta property=\"og:description\" content=\"Fauteuil de salle \u00e0 manger Mistral. Structure l\u00e9g\u00e8re en aluminium beige et corde tress\u00e9e. Coussin inclus. Design moderne et confortable\" \/>\n<meta property=\"og:url\" content=\"https:\/\/www.lavillagardendesign.com\/fr\/product\/mistral-fauteuil-de-salle-a-manger-en-aluminium-et-corde-beige\/\" \/>\n<meta property=\"og:site_name\" content=\"La Villa Garden&amp;Design\" \/>\n<meta property=\"article:publisher\" content=\"https:\/\/www.facebook.com\/lavillagardendesign\/\" \/>\n<meta property=\"og:image\" content=\"https:\/\/www.lavillagardendesign.com\/wp-content\/uploads\/2026\/02\/2-18.png\" \/>\n\t<meta property=\"og:image:width\" content=\"700\" \/>\n\t<meta property=\"og:image:height\" content=\"800\" \/>\n\t<meta property=\"og:image:type\" content=\"image\/png\" \/>\n<meta name=\"twitter:card\" content=\"summary_large_image\" \/>\n<script type=\"application\/ld+json\" class=\"yoast-schema-graph\">{\"@context\":\"https:\/\/schema.org\",\"@graph\":[{\"@type\":\"WebPage\",\"@id\":\"https:\/\/www.lavillagardendesign.com\/fr\/product\/mistral-fauteuil-de-salle-a-manger-en-aluminium-et-corde-beige\/\",\"url\":\"https:\/\/www.lavillagardendesign.com\/fr\/product\/mistral-fauteuil-de-salle-a-manger-en-aluminium-et-corde-beige\/\",\"name\":\"Fauteuil MISTRAL Corde et aluminium beige | La Villa Garden\",\"isPartOf\":{\"@id\":\"https:\/\/www.lavillagardendesign.com\/#website\"},\"primaryImageOfPage\":{\"@id\":\"https:\/\/www.lavillagardendesign.com\/fr\/product\/mistral-fauteuil-de-salle-a-manger-en-aluminium-et-corde-beige\/#primaryimage\"},\"image\":{\"@id\":\"https:\/\/www.lavillagardendesign.com\/fr\/product\/mistral-fauteuil-de-salle-a-manger-en-aluminium-et-corde-beige\/#primaryimage\"},\"thumbnailUrl\":\"https:\/\/www.lavillagardendesign.com\/wp-content\/uploads\/2026\/02\/2-18.png\",\"datePublished\":\"2026-02-24T20:42:32+00:00\",\"description\":\"Fauteuil de salle \u00e0 manger Mistral. Structure l\u00e9g\u00e8re en aluminium beige et corde tress\u00e9e. Coussin inclus. Design moderne et confortable\",\"breadcrumb\":{\"@id\":\"https:\/\/www.lavillagardendesign.com\/fr\/product\/mistral-fauteuil-de-salle-a-manger-en-aluminium-et-corde-beige\/#breadcrumb\"},\"inLanguage\":\"fr-FR\",\"potentialAction\":[{\"@type\":\"ReadAction\",\"target\":[\"https:\/\/www.lavillagardendesign.com\/fr\/product\/mistral-fauteuil-de-salle-a-manger-en-aluminium-et-corde-beige\/\"]}]},{\"@type\":\"ImageObject\",\"inLanguage\":\"fr-FR\",\"@id\":\"https:\/\/www.lavillagardendesign.com\/fr\/product\/mistral-fauteuil-de-salle-a-manger-en-aluminium-et-corde-beige\/#primaryimage\",\"url\":\"https:\/\/www.lavillagardendesign.com\/wp-content\/uploads\/2026\/02\/2-18.png\",\"contentUrl\":\"https:\/\/www.lavillagardendesign.com\/wp-content\/uploads\/2026\/02\/2-18.png\",\"width\":700,\"height\":800},{\"@type\":\"BreadcrumbList\",\"@id\":\"https:\/\/www.lavillagardendesign.com\/fr\/product\/mistral-fauteuil-de-salle-a-manger-en-aluminium-et-corde-beige\/#breadcrumb\",\"itemListElement\":[{\"@type\":\"ListItem\",\"position\":1,\"name\":\"Home\",\"item\":\"https:\/\/www.lavillagardendesign.com\/\"},{\"@type\":\"ListItem\",\"position\":2,\"name\":\"Boutique\",\"item\":\"https:\/\/www.lavillagardendesign.com\/fr\/boutique\/\"},{\"@type\":\"ListItem\",\"position\":3,\"name\":\"Private: MISTRAL &#8211; Fauteuil de salle \u00e0 manger en aluminium et corde beige\"}]},{\"@type\":\"WebSite\",\"@id\":\"https:\/\/www.lavillagardendesign.com\/#website\",\"url\":\"https:\/\/www.lavillagardendesign.com\/\",\"name\":\"La Villa Garden&Design\",\"description\":\"\",\"publisher\":{\"@id\":\"https:\/\/www.lavillagardendesign.com\/#organization\"},\"potentialAction\":[{\"@type\":\"SearchAction\",\"target\":{\"@type\":\"EntryPoint\",\"urlTemplate\":\"https:\/\/www.lavillagardendesign.com\/?s={search_term_string}\"},\"query-input\":{\"@type\":\"PropertyValueSpecification\",\"valueRequired\":true,\"valueName\":\"search_term_string\"}}],\"inLanguage\":\"fr-FR\"},{\"@type\":\"Organization\",\"@id\":\"https:\/\/www.lavillagardendesign.com\/#organization\",\"name\":\"La Villa Garden&Design\",\"url\":\"https:\/\/www.lavillagardendesign.com\/\",\"logo\":{\"@type\":\"ImageObject\",\"inLanguage\":\"fr-FR\",\"@id\":\"https:\/\/www.lavillagardendesign.com\/#\/schema\/logo\/image\/\",\"url\":\"https:\/\/www.lavillagardendesign.com\/wp-content\/uploads\/2024\/04\/logolavilla.png\",\"contentUrl\":\"https:\/\/www.lavillagardendesign.com\/wp-content\/uploads\/2024\/04\/logolavilla.png\",\"width\":682,\"height\":391,\"caption\":\"La Villa Garden&Design\"},\"image\":{\"@id\":\"https:\/\/www.lavillagardendesign.com\/#\/schema\/logo\/image\/\"},\"sameAs\":[\"https:\/\/www.facebook.com\/lavillagardendesign\/\"]}]}<\/script>\n<!-- \/ Yoast SEO plugin. -->","yoast_head_json":{"title":"Fauteuil MISTRAL Corde et aluminium beige | La Villa Garden","description":"Fauteuil de salle \u00e0 manger Mistral. Structure l\u00e9g\u00e8re en aluminium beige et corde tress\u00e9e. Coussin inclus. Design moderne et confortable","robots":{"index":"index","follow":"follow","max-snippet":"max-snippet:-1","max-image-preview":"max-image-preview:large","max-video-preview":"max-video-preview:-1"},"canonical":"https:\/\/www.lavillagardendesign.com\/fr\/product\/mistral-fauteuil-de-salle-a-manger-en-aluminium-et-corde-beige\/","og_locale":"fr_FR","og_type":"article","og_title":"Fauteuil MISTRAL Corde et aluminium beige | La Villa Garden","og_description":"Fauteuil de salle \u00e0 manger Mistral. Structure l\u00e9g\u00e8re en aluminium beige et corde tress\u00e9e. Coussin inclus. Design moderne et confortable","og_url":"https:\/\/www.lavillagardendesign.com\/fr\/product\/mistral-fauteuil-de-salle-a-manger-en-aluminium-et-corde-beige\/","og_site_name":"La Villa Garden&amp;Design","article_publisher":"https:\/\/www.facebook.com\/lavillagardendesign\/","og_image":[{"width":700,"height":800,"url":"https:\/\/www.lavillagardendesign.com\/wp-content\/uploads\/2026\/02\/2-18.png","type":"image\/png"}],"twitter_card":"summary_large_image","schema":{"@context":"https:\/\/schema.org","@graph":[{"@type":"WebPage","@id":"https:\/\/www.lavillagardendesign.com\/fr\/product\/mistral-fauteuil-de-salle-a-manger-en-aluminium-et-corde-beige\/","url":"https:\/\/www.lavillagardendesign.com\/fr\/product\/mistral-fauteuil-de-salle-a-manger-en-aluminium-et-corde-beige\/","name":"Fauteuil MISTRAL Corde et aluminium beige | La Villa Garden","isPartOf":{"@id":"https:\/\/www.lavillagardendesign.com\/#website"},"primaryImageOfPage":{"@id":"https:\/\/www.lavillagardendesign.com\/fr\/product\/mistral-fauteuil-de-salle-a-manger-en-aluminium-et-corde-beige\/#primaryimage"},"image":{"@id":"https:\/\/www.lavillagardendesign.com\/fr\/product\/mistral-fauteuil-de-salle-a-manger-en-aluminium-et-corde-beige\/#primaryimage"},"thumbnailUrl":"https:\/\/www.lavillagardendesign.com\/wp-content\/uploads\/2026\/02\/2-18.png","datePublished":"2026-02-24T20:42:32+00:00","description":"Fauteuil de salle \u00e0 manger Mistral. Structure l\u00e9g\u00e8re en aluminium beige et corde tress\u00e9e. Coussin inclus. Design moderne et confortable","breadcrumb":{"@id":"https:\/\/www.lavillagardendesign.com\/fr\/product\/mistral-fauteuil-de-salle-a-manger-en-aluminium-et-corde-beige\/#breadcrumb"},"inLanguage":"fr-FR","potentialAction":[{"@type":"ReadAction","target":["https:\/\/www.lavillagardendesign.com\/fr\/product\/mistral-fauteuil-de-salle-a-manger-en-aluminium-et-corde-beige\/"]}]},{"@type":"ImageObject","inLanguage":"fr-FR","@id":"https:\/\/www.lavillagardendesign.com\/fr\/product\/mistral-fauteuil-de-salle-a-manger-en-aluminium-et-corde-beige\/#primaryimage","url":"https:\/\/www.lavillagardendesign.com\/wp-content\/uploads\/2026\/02\/2-18.png","contentUrl":"https:\/\/www.lavillagardendesign.com\/wp-content\/uploads\/2026\/02\/2-18.png","width":700,"height":800},{"@type":"BreadcrumbList","@id":"https:\/\/www.lavillagardendesign.com\/fr\/product\/mistral-fauteuil-de-salle-a-manger-en-aluminium-et-corde-beige\/#breadcrumb","itemListElement":[{"@type":"ListItem","position":1,"name":"Home","item":"https:\/\/www.lavillagardendesign.com\/"},{"@type":"ListItem","position":2,"name":"Boutique","item":"https:\/\/www.lavillagardendesign.com\/fr\/boutique\/"},{"@type":"ListItem","position":3,"name":"Private: MISTRAL &#8211; Fauteuil de salle \u00e0 manger en aluminium et corde beige"}]},{"@type":"WebSite","@id":"https:\/\/www.lavillagardendesign.com\/#website","url":"https:\/\/www.lavillagardendesign.com\/","name":"La Villa Garden&Design","description":"","publisher":{"@id":"https:\/\/www.lavillagardendesign.com\/#organization"},"potentialAction":[{"@type":"SearchAction","target":{"@type":"EntryPoint","urlTemplate":"https:\/\/www.lavillagardendesign.com\/?s={search_term_string}"},"query-input":{"@type":"PropertyValueSpecification","valueRequired":true,"valueName":"search_term_string"}}],"inLanguage":"fr-FR"},{"@type":"Organization","@id":"https:\/\/www.lavillagardendesign.com\/#organization","name":"La Villa Garden&Design","url":"https:\/\/www.lavillagardendesign.com\/","logo":{"@type":"ImageObject","inLanguage":"fr-FR","@id":"https:\/\/www.lavillagardendesign.com\/#\/schema\/logo\/image\/","url":"https:\/\/www.lavillagardendesign.com\/wp-content\/uploads\/2024\/04\/logolavilla.png","contentUrl":"https:\/\/www.lavillagardendesign.com\/wp-content\/uploads\/2024\/04\/logolavilla.png","width":682,"height":391,"caption":"La Villa Garden&Design"},"image":{"@id":"https:\/\/www.lavillagardendesign.com\/#\/schema\/logo\/image\/"},"sameAs":["https:\/\/www.facebook.com\/lavillagardendesign\/"]}]}},"_links":{"self":[{"href":"https:\/\/www.lavillagardendesign.com\/fr\/wp-json\/wp\/v2\/product\/64328","targetHints":{"allow":["GET"]}}],"collection":[{"href":"https:\/\/www.lavillagardendesign.com\/fr\/wp-json\/wp\/v2\/product"}],"about":[{"href":"https:\/\/www.lavillagardendesign.com\/fr\/wp-json\/wp\/v2\/types\/product"}],"replies":[{"embeddable":true,"href":"https:\/\/www.lavillagardendesign.com\/fr\/wp-json\/wp\/v2\/comments?post=64328"}],"version-history":[{"count":0,"href":"https:\/\/www.lavillagardendesign.com\/fr\/wp-json\/wp\/v2\/product\/64328\/revisions"}],"wp:featuredmedia":[{"embeddable":true,"href":"https:\/\/www.lavillagardendesign.com\/fr\/wp-json\/wp\/v2\/media\/64294"}],"wp:attachment":[{"href":"https:\/\/www.lavillagardendesign.com\/fr\/wp-json\/wp\/v2\/media?parent=64328"}],"wp:term":[{"taxonomy":"product_brand","embeddable":true,"href":"https:\/\/www.lavillagardendesign.com\/fr\/wp-json\/wp\/v2\/product_brand?post=64328"},{"taxonomy":"product_cat","embeddable":true,"href":"https:\/\/www.lavillagardendesign.com\/fr\/wp-json\/wp\/v2\/product_cat?post=64328"},{"taxonomy":"product_tag","embeddable":true,"href":"https:\/\/www.lavillagardendesign.com\/fr\/wp-json\/wp\/v2\/product_tag?post=64328"}],"curies":[{"name":"wp","href":"https:\/\/api.w.org\/{rel}","templated":true}]}}