{"id":64317,"date":"2026-02-24T21:42:32","date_gmt":"2026-02-24T20:42:32","guid":{"rendered":"https:\/\/www.lavillagardendesign.com\/product\/nexo-table-dappoint-minimaliste-en-aluminium-plein\/"},"modified":"2026-02-24T21:42:32","modified_gmt":"2026-02-24T19:42:32","slug":"nexo-table-dappoint-minimaliste-en-aluminium-plein","status":"publish","type":"product","link":"https:\/\/www.lavillagardendesign.com\/fr\/product\/nexo-table-dappoint-minimaliste-en-aluminium-plein\/","title":{"rendered":"NEXO &#8211; Table d&rsquo;appoint minimaliste en aluminium plein"},"content":{"rendered":"","protected":false},"excerpt":{"rendered":"<p>La table d&rsquo;appoint Nexo est la d\u00e9finition m\u00eame de la fonctionnalit\u00e9 esth\u00e9tique. Con\u00e7ue comme un bloc sculptural de couleur, cette pi\u00e8ce est enti\u00e8rement fabriqu\u00e9e en aluminium peint par poudrage (\u00e0 la fois le cadre et le plateau), ce qui garantit une durabilit\u00e9 \u00e9ternelle sans aucun entretien. Elle est l\u00e9g\u00e8re, facile \u00e0 d\u00e9placer et r\u00e9sistante \u00e0 la corrosion marine. Son design \u00e9pur\u00e9 en fait le compl\u00e9ment id\u00e9al de n&rsquo;importe quelle chaise longue ou canap\u00e9, mais son v\u00e9ritable charme r\u00e9side dans sa gamme de couleurs : des \u00e9l\u00e9gants neutres au vibrant vert olive, parfait pour ajouter une touche fra\u00eeche et botanique \u00e0 votre terrasse.   <\/p>\n","protected":false},"featured_media":64266,"comment_status":"open","ping_status":"closed","template":"","meta":[],"product_brand":[5001],"product_cat":[6832,2944,2948],"product_tag":[],"class_list":{"0":"post-64317","1":"product","2":"type-product","3":"status-publish","4":"has-post-thumbnail","6":"product_brand-la-villa-garden","7":"product_cat-outdoor-fr","8":"product_cat-tables-fr","9":"product_cat-tables-auxiliaires","11":"first","12":"instock","13":"sale","14":"taxable","15":"shipping-taxable","16":"purchasable","17":"product-type-variable"},"yoast_head":"<!-- This site is optimized with the Yoast SEO plugin v27.1.1 - https:\/\/yoast.com\/product\/yoast-seo-wordpress\/ -->\n<title>Table d&#039;appoint en aluminium NEXO Colors | La Villa Garden<\/title>\n<meta name=\"description\" content=\"Table d&#039;appoint Nexo. Fabriqu\u00e9e \u00e0 100 % en aluminium durable. Disponible en 5 couleurs, dont le vert olive. Design minimaliste et sans entretien.\" \/>\n<meta name=\"robots\" content=\"index, follow, max-snippet:-1, max-image-preview:large, max-video-preview:-1\" \/>\n<link rel=\"canonical\" href=\"https:\/\/www.lavillagardendesign.com\/fr\/product\/nexo-table-dappoint-minimaliste-en-aluminium-plein\/\" \/>\n<meta property=\"og:locale\" content=\"fr_FR\" \/>\n<meta property=\"og:type\" content=\"article\" \/>\n<meta property=\"og:title\" content=\"Table d&#039;appoint en aluminium NEXO Colors | La Villa Garden\" \/>\n<meta property=\"og:description\" content=\"Table d&#039;appoint Nexo. Fabriqu\u00e9e \u00e0 100 % en aluminium durable. Disponible en 5 couleurs, dont le vert olive. Design minimaliste et sans entretien.\" \/>\n<meta property=\"og:url\" content=\"https:\/\/www.lavillagardendesign.com\/fr\/product\/nexo-table-dappoint-minimaliste-en-aluminium-plein\/\" \/>\n<meta property=\"og:site_name\" content=\"La Villa Garden&amp;Design\" \/>\n<meta property=\"article:publisher\" content=\"https:\/\/www.facebook.com\/lavillagardendesign\/\" \/>\n<meta property=\"og:image\" content=\"https:\/\/www.lavillagardendesign.com\/wp-content\/uploads\/2026\/02\/5-9-1.jpg\" \/>\n\t<meta property=\"og:image:width\" content=\"700\" \/>\n\t<meta property=\"og:image:height\" content=\"800\" \/>\n\t<meta property=\"og:image:type\" content=\"image\/jpeg\" \/>\n<meta name=\"twitter:card\" content=\"summary_large_image\" \/>\n<script type=\"application\/ld+json\" class=\"yoast-schema-graph\">{\"@context\":\"https:\/\/schema.org\",\"@graph\":[{\"@type\":\"WebPage\",\"@id\":\"https:\/\/www.lavillagardendesign.com\/fr\/product\/nexo-table-dappoint-minimaliste-en-aluminium-plein\/\",\"url\":\"https:\/\/www.lavillagardendesign.com\/fr\/product\/nexo-table-dappoint-minimaliste-en-aluminium-plein\/\",\"name\":\"Table d'appoint en aluminium NEXO Colors | La Villa Garden\",\"isPartOf\":{\"@id\":\"https:\/\/www.lavillagardendesign.com\/#website\"},\"primaryImageOfPage\":{\"@id\":\"https:\/\/www.lavillagardendesign.com\/fr\/product\/nexo-table-dappoint-minimaliste-en-aluminium-plein\/#primaryimage\"},\"image\":{\"@id\":\"https:\/\/www.lavillagardendesign.com\/fr\/product\/nexo-table-dappoint-minimaliste-en-aluminium-plein\/#primaryimage\"},\"thumbnailUrl\":\"https:\/\/www.lavillagardendesign.com\/wp-content\/uploads\/2026\/02\/5-9-1.jpg\",\"datePublished\":\"2026-02-24T20:42:32+00:00\",\"description\":\"Table d'appoint Nexo. Fabriqu\u00e9e \u00e0 100 % en aluminium durable. Disponible en 5 couleurs, dont le vert olive. Design minimaliste et sans entretien.\",\"breadcrumb\":{\"@id\":\"https:\/\/www.lavillagardendesign.com\/fr\/product\/nexo-table-dappoint-minimaliste-en-aluminium-plein\/#breadcrumb\"},\"inLanguage\":\"fr-FR\",\"potentialAction\":[{\"@type\":\"ReadAction\",\"target\":[\"https:\/\/www.lavillagardendesign.com\/fr\/product\/nexo-table-dappoint-minimaliste-en-aluminium-plein\/\"]}]},{\"@type\":\"ImageObject\",\"inLanguage\":\"fr-FR\",\"@id\":\"https:\/\/www.lavillagardendesign.com\/fr\/product\/nexo-table-dappoint-minimaliste-en-aluminium-plein\/#primaryimage\",\"url\":\"https:\/\/www.lavillagardendesign.com\/wp-content\/uploads\/2026\/02\/5-9-1.jpg\",\"contentUrl\":\"https:\/\/www.lavillagardendesign.com\/wp-content\/uploads\/2026\/02\/5-9-1.jpg\",\"width\":700,\"height\":800},{\"@type\":\"BreadcrumbList\",\"@id\":\"https:\/\/www.lavillagardendesign.com\/fr\/product\/nexo-table-dappoint-minimaliste-en-aluminium-plein\/#breadcrumb\",\"itemListElement\":[{\"@type\":\"ListItem\",\"position\":1,\"name\":\"Home\",\"item\":\"https:\/\/www.lavillagardendesign.com\/\"},{\"@type\":\"ListItem\",\"position\":2,\"name\":\"Boutique\",\"item\":\"https:\/\/www.lavillagardendesign.com\/fr\/boutique\/\"},{\"@type\":\"ListItem\",\"position\":3,\"name\":\"Private: NEXO &#8211; Table d&rsquo;appoint minimaliste en aluminium plein\"}]},{\"@type\":\"WebSite\",\"@id\":\"https:\/\/www.lavillagardendesign.com\/#website\",\"url\":\"https:\/\/www.lavillagardendesign.com\/\",\"name\":\"La Villa Garden&Design\",\"description\":\"\",\"publisher\":{\"@id\":\"https:\/\/www.lavillagardendesign.com\/#organization\"},\"potentialAction\":[{\"@type\":\"SearchAction\",\"target\":{\"@type\":\"EntryPoint\",\"urlTemplate\":\"https:\/\/www.lavillagardendesign.com\/?s={search_term_string}\"},\"query-input\":{\"@type\":\"PropertyValueSpecification\",\"valueRequired\":true,\"valueName\":\"search_term_string\"}}],\"inLanguage\":\"fr-FR\"},{\"@type\":\"Organization\",\"@id\":\"https:\/\/www.lavillagardendesign.com\/#organization\",\"name\":\"La Villa Garden&Design\",\"url\":\"https:\/\/www.lavillagardendesign.com\/\",\"logo\":{\"@type\":\"ImageObject\",\"inLanguage\":\"fr-FR\",\"@id\":\"https:\/\/www.lavillagardendesign.com\/#\/schema\/logo\/image\/\",\"url\":\"https:\/\/www.lavillagardendesign.com\/wp-content\/uploads\/2024\/04\/logolavilla.png\",\"contentUrl\":\"https:\/\/www.lavillagardendesign.com\/wp-content\/uploads\/2024\/04\/logolavilla.png\",\"width\":682,\"height\":391,\"caption\":\"La Villa Garden&Design\"},\"image\":{\"@id\":\"https:\/\/www.lavillagardendesign.com\/#\/schema\/logo\/image\/\"},\"sameAs\":[\"https:\/\/www.facebook.com\/lavillagardendesign\/\"]}]}<\/script>\n<!-- \/ Yoast SEO plugin. -->","yoast_head_json":{"title":"Table d'appoint en aluminium NEXO Colors | La Villa Garden","description":"Table d'appoint Nexo. Fabriqu\u00e9e \u00e0 100 % en aluminium durable. Disponible en 5 couleurs, dont le vert olive. Design minimaliste et sans entretien.","robots":{"index":"index","follow":"follow","max-snippet":"max-snippet:-1","max-image-preview":"max-image-preview:large","max-video-preview":"max-video-preview:-1"},"canonical":"https:\/\/www.lavillagardendesign.com\/fr\/product\/nexo-table-dappoint-minimaliste-en-aluminium-plein\/","og_locale":"fr_FR","og_type":"article","og_title":"Table d'appoint en aluminium NEXO Colors | La Villa Garden","og_description":"Table d'appoint Nexo. Fabriqu\u00e9e \u00e0 100 % en aluminium durable. Disponible en 5 couleurs, dont le vert olive. Design minimaliste et sans entretien.","og_url":"https:\/\/www.lavillagardendesign.com\/fr\/product\/nexo-table-dappoint-minimaliste-en-aluminium-plein\/","og_site_name":"La Villa Garden&amp;Design","article_publisher":"https:\/\/www.facebook.com\/lavillagardendesign\/","og_image":[{"width":700,"height":800,"url":"https:\/\/www.lavillagardendesign.com\/wp-content\/uploads\/2026\/02\/5-9-1.jpg","type":"image\/jpeg"}],"twitter_card":"summary_large_image","schema":{"@context":"https:\/\/schema.org","@graph":[{"@type":"WebPage","@id":"https:\/\/www.lavillagardendesign.com\/fr\/product\/nexo-table-dappoint-minimaliste-en-aluminium-plein\/","url":"https:\/\/www.lavillagardendesign.com\/fr\/product\/nexo-table-dappoint-minimaliste-en-aluminium-plein\/","name":"Table d'appoint en aluminium NEXO Colors | La Villa Garden","isPartOf":{"@id":"https:\/\/www.lavillagardendesign.com\/#website"},"primaryImageOfPage":{"@id":"https:\/\/www.lavillagardendesign.com\/fr\/product\/nexo-table-dappoint-minimaliste-en-aluminium-plein\/#primaryimage"},"image":{"@id":"https:\/\/www.lavillagardendesign.com\/fr\/product\/nexo-table-dappoint-minimaliste-en-aluminium-plein\/#primaryimage"},"thumbnailUrl":"https:\/\/www.lavillagardendesign.com\/wp-content\/uploads\/2026\/02\/5-9-1.jpg","datePublished":"2026-02-24T20:42:32+00:00","description":"Table d'appoint Nexo. Fabriqu\u00e9e \u00e0 100 % en aluminium durable. Disponible en 5 couleurs, dont le vert olive. Design minimaliste et sans entretien.","breadcrumb":{"@id":"https:\/\/www.lavillagardendesign.com\/fr\/product\/nexo-table-dappoint-minimaliste-en-aluminium-plein\/#breadcrumb"},"inLanguage":"fr-FR","potentialAction":[{"@type":"ReadAction","target":["https:\/\/www.lavillagardendesign.com\/fr\/product\/nexo-table-dappoint-minimaliste-en-aluminium-plein\/"]}]},{"@type":"ImageObject","inLanguage":"fr-FR","@id":"https:\/\/www.lavillagardendesign.com\/fr\/product\/nexo-table-dappoint-minimaliste-en-aluminium-plein\/#primaryimage","url":"https:\/\/www.lavillagardendesign.com\/wp-content\/uploads\/2026\/02\/5-9-1.jpg","contentUrl":"https:\/\/www.lavillagardendesign.com\/wp-content\/uploads\/2026\/02\/5-9-1.jpg","width":700,"height":800},{"@type":"BreadcrumbList","@id":"https:\/\/www.lavillagardendesign.com\/fr\/product\/nexo-table-dappoint-minimaliste-en-aluminium-plein\/#breadcrumb","itemListElement":[{"@type":"ListItem","position":1,"name":"Home","item":"https:\/\/www.lavillagardendesign.com\/"},{"@type":"ListItem","position":2,"name":"Boutique","item":"https:\/\/www.lavillagardendesign.com\/fr\/boutique\/"},{"@type":"ListItem","position":3,"name":"Private: NEXO &#8211; Table d&rsquo;appoint minimaliste en aluminium plein"}]},{"@type":"WebSite","@id":"https:\/\/www.lavillagardendesign.com\/#website","url":"https:\/\/www.lavillagardendesign.com\/","name":"La Villa Garden&Design","description":"","publisher":{"@id":"https:\/\/www.lavillagardendesign.com\/#organization"},"potentialAction":[{"@type":"SearchAction","target":{"@type":"EntryPoint","urlTemplate":"https:\/\/www.lavillagardendesign.com\/?s={search_term_string}"},"query-input":{"@type":"PropertyValueSpecification","valueRequired":true,"valueName":"search_term_string"}}],"inLanguage":"fr-FR"},{"@type":"Organization","@id":"https:\/\/www.lavillagardendesign.com\/#organization","name":"La Villa Garden&Design","url":"https:\/\/www.lavillagardendesign.com\/","logo":{"@type":"ImageObject","inLanguage":"fr-FR","@id":"https:\/\/www.lavillagardendesign.com\/#\/schema\/logo\/image\/","url":"https:\/\/www.lavillagardendesign.com\/wp-content\/uploads\/2024\/04\/logolavilla.png","contentUrl":"https:\/\/www.lavillagardendesign.com\/wp-content\/uploads\/2024\/04\/logolavilla.png","width":682,"height":391,"caption":"La Villa Garden&Design"},"image":{"@id":"https:\/\/www.lavillagardendesign.com\/#\/schema\/logo\/image\/"},"sameAs":["https:\/\/www.facebook.com\/lavillagardendesign\/"]}]}},"_links":{"self":[{"href":"https:\/\/www.lavillagardendesign.com\/fr\/wp-json\/wp\/v2\/product\/64317","targetHints":{"allow":["GET"]}}],"collection":[{"href":"https:\/\/www.lavillagardendesign.com\/fr\/wp-json\/wp\/v2\/product"}],"about":[{"href":"https:\/\/www.lavillagardendesign.com\/fr\/wp-json\/wp\/v2\/types\/product"}],"replies":[{"embeddable":true,"href":"https:\/\/www.lavillagardendesign.com\/fr\/wp-json\/wp\/v2\/comments?post=64317"}],"version-history":[{"count":0,"href":"https:\/\/www.lavillagardendesign.com\/fr\/wp-json\/wp\/v2\/product\/64317\/revisions"}],"wp:featuredmedia":[{"embeddable":true,"href":"https:\/\/www.lavillagardendesign.com\/fr\/wp-json\/wp\/v2\/media\/64266"}],"wp:attachment":[{"href":"https:\/\/www.lavillagardendesign.com\/fr\/wp-json\/wp\/v2\/media?parent=64317"}],"wp:term":[{"taxonomy":"product_brand","embeddable":true,"href":"https:\/\/www.lavillagardendesign.com\/fr\/wp-json\/wp\/v2\/product_brand?post=64317"},{"taxonomy":"product_cat","embeddable":true,"href":"https:\/\/www.lavillagardendesign.com\/fr\/wp-json\/wp\/v2\/product_cat?post=64317"},{"taxonomy":"product_tag","embeddable":true,"href":"https:\/\/www.lavillagardendesign.com\/fr\/wp-json\/wp\/v2\/product_tag?post=64317"}],"curies":[{"name":"wp","href":"https:\/\/api.w.org\/{rel}","templated":true}]}}