{"id":64225,"date":"2026-02-24T21:42:31","date_gmt":"2026-02-24T20:42:31","guid":{"rendered":"https:\/\/www.lavillagardendesign.com\/product\/kakao-chaise-de-salle-a-manger-legere-et-empilable-en-aluminium-et-corde-tressee\/"},"modified":"2026-02-24T21:42:31","modified_gmt":"2026-02-24T19:42:31","slug":"kakao-chaise-de-salle-a-manger-legere-et-empilable-en-aluminium-et-corde-tressee","status":"publish","type":"product","link":"https:\/\/www.lavillagardendesign.com\/fr\/product\/kakao-chaise-de-salle-a-manger-legere-et-empilable-en-aluminium-et-corde-tressee\/","title":{"rendered":"KAKAO &#8211; Chaise de salle \u00e0 manger l\u00e9g\u00e8re et empilable en aluminium et corde tress\u00e9e"},"content":{"rendered":"","protected":false},"excerpt":{"rendered":"<p>La chaise Kakao offre la m\u00eame sophistication artisanale que son homologue \u00e0 bras, mais avec un profil plus fin et plus l\u00e9ger. Sa structure en aluminium peint par poudrage est envelopp\u00e9e d&rsquo;un \u00e9l\u00e9gant tissage de cordes synth\u00e9tiques, ce qui lui conf\u00e8re transparence et fra\u00eecheur visuelles. Con\u00e7u avec un profil \u00e9pur\u00e9, il est l&rsquo;option id\u00e9ale pour maximiser le nombre de places assises autour de tables comme Essential ou Fermo, permettant de manger confortablement sans encombrer l&rsquo;espace. Sa capacit\u00e9 d&#8217;empilage la rend indispensable pour les espaces polyvalents de la Costa Brava o\u00f9 le rangement et la fonctionnalit\u00e9 sont essentiels.   <\/p>\n","protected":false},"featured_media":64062,"comment_status":"open","ping_status":"closed","template":"","meta":[],"product_brand":[5001],"product_cat":[6832,2929,2931],"product_tag":[],"class_list":{"0":"post-64225","1":"product","2":"type-product","3":"status-publish","4":"has-post-thumbnail","6":"product_brand-la-villa-garden","7":"product_cat-outdoor-fr","8":"product_cat-chaises","9":"product_cat-chaises-repas","11":"first","12":"instock","13":"sale","14":"taxable","15":"shipping-taxable","16":"purchasable","17":"product-type-variable"},"yoast_head":"<!-- This site is optimized with the Yoast SEO plugin v27.1.1 - https:\/\/yoast.com\/product\/yoast-seo-wordpress\/ -->\n<title>KAKAO Chaise de salle \u00e0 manger empilable en corde | La Villa Garden &amp; Design<\/title>\n<meta name=\"description\" content=\"chaise l\u00e9g\u00e8re. Design en corde tress\u00e9e et aluminium. Empilable et parfaite pour maximiser l&#039;espace sur les tables \u00e0 manger. Style artisanal moderne.\" \/>\n<meta name=\"robots\" content=\"index, follow, max-snippet:-1, max-image-preview:large, max-video-preview:-1\" \/>\n<link rel=\"canonical\" href=\"https:\/\/www.lavillagardendesign.com\/fr\/product\/kakao-chaise-de-salle-a-manger-legere-et-empilable-en-aluminium-et-corde-tressee\/\" \/>\n<meta property=\"og:locale\" content=\"fr_FR\" \/>\n<meta property=\"og:type\" content=\"article\" \/>\n<meta property=\"og:title\" content=\"KAKAO Chaise de salle \u00e0 manger empilable en corde | La Villa Garden &amp; Design\" \/>\n<meta property=\"og:description\" content=\"chaise l\u00e9g\u00e8re. Design en corde tress\u00e9e et aluminium. Empilable et parfaite pour maximiser l&#039;espace sur les tables \u00e0 manger. Style artisanal moderne.\" \/>\n<meta property=\"og:url\" content=\"https:\/\/www.lavillagardendesign.com\/fr\/product\/kakao-chaise-de-salle-a-manger-legere-et-empilable-en-aluminium-et-corde-tressee\/\" \/>\n<meta property=\"og:site_name\" content=\"La Villa Garden&amp;Design\" \/>\n<meta property=\"article:publisher\" content=\"https:\/\/www.facebook.com\/lavillagardendesign\/\" \/>\n<meta property=\"og:image\" content=\"https:\/\/www.lavillagardendesign.com\/wp-content\/uploads\/2026\/02\/3-20.png\" \/>\n\t<meta property=\"og:image:width\" content=\"700\" \/>\n\t<meta property=\"og:image:height\" content=\"800\" \/>\n\t<meta property=\"og:image:type\" content=\"image\/png\" \/>\n<meta name=\"twitter:card\" content=\"summary_large_image\" \/>\n<script type=\"application\/ld+json\" class=\"yoast-schema-graph\">{\"@context\":\"https:\/\/schema.org\",\"@graph\":[{\"@type\":\"WebPage\",\"@id\":\"https:\/\/www.lavillagardendesign.com\/fr\/product\/kakao-chaise-de-salle-a-manger-legere-et-empilable-en-aluminium-et-corde-tressee\/\",\"url\":\"https:\/\/www.lavillagardendesign.com\/fr\/product\/kakao-chaise-de-salle-a-manger-legere-et-empilable-en-aluminium-et-corde-tressee\/\",\"name\":\"KAKAO Chaise de salle \u00e0 manger empilable en corde | La Villa Garden & Design\",\"isPartOf\":{\"@id\":\"https:\/\/www.lavillagardendesign.com\/#website\"},\"primaryImageOfPage\":{\"@id\":\"https:\/\/www.lavillagardendesign.com\/fr\/product\/kakao-chaise-de-salle-a-manger-legere-et-empilable-en-aluminium-et-corde-tressee\/#primaryimage\"},\"image\":{\"@id\":\"https:\/\/www.lavillagardendesign.com\/fr\/product\/kakao-chaise-de-salle-a-manger-legere-et-empilable-en-aluminium-et-corde-tressee\/#primaryimage\"},\"thumbnailUrl\":\"https:\/\/www.lavillagardendesign.com\/wp-content\/uploads\/2026\/02\/3-20.png\",\"datePublished\":\"2026-02-24T20:42:31+00:00\",\"description\":\"chaise l\u00e9g\u00e8re. Design en corde tress\u00e9e et aluminium. Empilable et parfaite pour maximiser l'espace sur les tables \u00e0 manger. Style artisanal moderne.\",\"breadcrumb\":{\"@id\":\"https:\/\/www.lavillagardendesign.com\/fr\/product\/kakao-chaise-de-salle-a-manger-legere-et-empilable-en-aluminium-et-corde-tressee\/#breadcrumb\"},\"inLanguage\":\"fr-FR\",\"potentialAction\":[{\"@type\":\"ReadAction\",\"target\":[\"https:\/\/www.lavillagardendesign.com\/fr\/product\/kakao-chaise-de-salle-a-manger-legere-et-empilable-en-aluminium-et-corde-tressee\/\"]}]},{\"@type\":\"ImageObject\",\"inLanguage\":\"fr-FR\",\"@id\":\"https:\/\/www.lavillagardendesign.com\/fr\/product\/kakao-chaise-de-salle-a-manger-legere-et-empilable-en-aluminium-et-corde-tressee\/#primaryimage\",\"url\":\"https:\/\/www.lavillagardendesign.com\/wp-content\/uploads\/2026\/02\/3-20.png\",\"contentUrl\":\"https:\/\/www.lavillagardendesign.com\/wp-content\/uploads\/2026\/02\/3-20.png\",\"width\":700,\"height\":800},{\"@type\":\"BreadcrumbList\",\"@id\":\"https:\/\/www.lavillagardendesign.com\/fr\/product\/kakao-chaise-de-salle-a-manger-legere-et-empilable-en-aluminium-et-corde-tressee\/#breadcrumb\",\"itemListElement\":[{\"@type\":\"ListItem\",\"position\":1,\"name\":\"Home\",\"item\":\"https:\/\/www.lavillagardendesign.com\/\"},{\"@type\":\"ListItem\",\"position\":2,\"name\":\"Boutique\",\"item\":\"https:\/\/www.lavillagardendesign.com\/fr\/boutique\/\"},{\"@type\":\"ListItem\",\"position\":3,\"name\":\"Private: KAKAO &#8211; Chaise de salle \u00e0 manger l\u00e9g\u00e8re et empilable en aluminium et corde tress\u00e9e\"}]},{\"@type\":\"WebSite\",\"@id\":\"https:\/\/www.lavillagardendesign.com\/#website\",\"url\":\"https:\/\/www.lavillagardendesign.com\/\",\"name\":\"La Villa Garden&Design\",\"description\":\"\",\"publisher\":{\"@id\":\"https:\/\/www.lavillagardendesign.com\/#organization\"},\"potentialAction\":[{\"@type\":\"SearchAction\",\"target\":{\"@type\":\"EntryPoint\",\"urlTemplate\":\"https:\/\/www.lavillagardendesign.com\/?s={search_term_string}\"},\"query-input\":{\"@type\":\"PropertyValueSpecification\",\"valueRequired\":true,\"valueName\":\"search_term_string\"}}],\"inLanguage\":\"fr-FR\"},{\"@type\":\"Organization\",\"@id\":\"https:\/\/www.lavillagardendesign.com\/#organization\",\"name\":\"La Villa Garden&Design\",\"url\":\"https:\/\/www.lavillagardendesign.com\/\",\"logo\":{\"@type\":\"ImageObject\",\"inLanguage\":\"fr-FR\",\"@id\":\"https:\/\/www.lavillagardendesign.com\/#\/schema\/logo\/image\/\",\"url\":\"https:\/\/www.lavillagardendesign.com\/wp-content\/uploads\/2024\/04\/logolavilla.png\",\"contentUrl\":\"https:\/\/www.lavillagardendesign.com\/wp-content\/uploads\/2024\/04\/logolavilla.png\",\"width\":682,\"height\":391,\"caption\":\"La Villa Garden&Design\"},\"image\":{\"@id\":\"https:\/\/www.lavillagardendesign.com\/#\/schema\/logo\/image\/\"},\"sameAs\":[\"https:\/\/www.facebook.com\/lavillagardendesign\/\"]}]}<\/script>\n<!-- \/ Yoast SEO plugin. -->","yoast_head_json":{"title":"KAKAO Chaise de salle \u00e0 manger empilable en corde | La Villa Garden & Design","description":"chaise l\u00e9g\u00e8re. Design en corde tress\u00e9e et aluminium. Empilable et parfaite pour maximiser l'espace sur les tables \u00e0 manger. Style artisanal moderne.","robots":{"index":"index","follow":"follow","max-snippet":"max-snippet:-1","max-image-preview":"max-image-preview:large","max-video-preview":"max-video-preview:-1"},"canonical":"https:\/\/www.lavillagardendesign.com\/fr\/product\/kakao-chaise-de-salle-a-manger-legere-et-empilable-en-aluminium-et-corde-tressee\/","og_locale":"fr_FR","og_type":"article","og_title":"KAKAO Chaise de salle \u00e0 manger empilable en corde | La Villa Garden & Design","og_description":"chaise l\u00e9g\u00e8re. Design en corde tress\u00e9e et aluminium. Empilable et parfaite pour maximiser l'espace sur les tables \u00e0 manger. Style artisanal moderne.","og_url":"https:\/\/www.lavillagardendesign.com\/fr\/product\/kakao-chaise-de-salle-a-manger-legere-et-empilable-en-aluminium-et-corde-tressee\/","og_site_name":"La Villa Garden&amp;Design","article_publisher":"https:\/\/www.facebook.com\/lavillagardendesign\/","og_image":[{"width":700,"height":800,"url":"https:\/\/www.lavillagardendesign.com\/wp-content\/uploads\/2026\/02\/3-20.png","type":"image\/png"}],"twitter_card":"summary_large_image","schema":{"@context":"https:\/\/schema.org","@graph":[{"@type":"WebPage","@id":"https:\/\/www.lavillagardendesign.com\/fr\/product\/kakao-chaise-de-salle-a-manger-legere-et-empilable-en-aluminium-et-corde-tressee\/","url":"https:\/\/www.lavillagardendesign.com\/fr\/product\/kakao-chaise-de-salle-a-manger-legere-et-empilable-en-aluminium-et-corde-tressee\/","name":"KAKAO Chaise de salle \u00e0 manger empilable en corde | La Villa Garden & Design","isPartOf":{"@id":"https:\/\/www.lavillagardendesign.com\/#website"},"primaryImageOfPage":{"@id":"https:\/\/www.lavillagardendesign.com\/fr\/product\/kakao-chaise-de-salle-a-manger-legere-et-empilable-en-aluminium-et-corde-tressee\/#primaryimage"},"image":{"@id":"https:\/\/www.lavillagardendesign.com\/fr\/product\/kakao-chaise-de-salle-a-manger-legere-et-empilable-en-aluminium-et-corde-tressee\/#primaryimage"},"thumbnailUrl":"https:\/\/www.lavillagardendesign.com\/wp-content\/uploads\/2026\/02\/3-20.png","datePublished":"2026-02-24T20:42:31+00:00","description":"chaise l\u00e9g\u00e8re. Design en corde tress\u00e9e et aluminium. Empilable et parfaite pour maximiser l'espace sur les tables \u00e0 manger. Style artisanal moderne.","breadcrumb":{"@id":"https:\/\/www.lavillagardendesign.com\/fr\/product\/kakao-chaise-de-salle-a-manger-legere-et-empilable-en-aluminium-et-corde-tressee\/#breadcrumb"},"inLanguage":"fr-FR","potentialAction":[{"@type":"ReadAction","target":["https:\/\/www.lavillagardendesign.com\/fr\/product\/kakao-chaise-de-salle-a-manger-legere-et-empilable-en-aluminium-et-corde-tressee\/"]}]},{"@type":"ImageObject","inLanguage":"fr-FR","@id":"https:\/\/www.lavillagardendesign.com\/fr\/product\/kakao-chaise-de-salle-a-manger-legere-et-empilable-en-aluminium-et-corde-tressee\/#primaryimage","url":"https:\/\/www.lavillagardendesign.com\/wp-content\/uploads\/2026\/02\/3-20.png","contentUrl":"https:\/\/www.lavillagardendesign.com\/wp-content\/uploads\/2026\/02\/3-20.png","width":700,"height":800},{"@type":"BreadcrumbList","@id":"https:\/\/www.lavillagardendesign.com\/fr\/product\/kakao-chaise-de-salle-a-manger-legere-et-empilable-en-aluminium-et-corde-tressee\/#breadcrumb","itemListElement":[{"@type":"ListItem","position":1,"name":"Home","item":"https:\/\/www.lavillagardendesign.com\/"},{"@type":"ListItem","position":2,"name":"Boutique","item":"https:\/\/www.lavillagardendesign.com\/fr\/boutique\/"},{"@type":"ListItem","position":3,"name":"Private: KAKAO &#8211; Chaise de salle \u00e0 manger l\u00e9g\u00e8re et empilable en aluminium et corde tress\u00e9e"}]},{"@type":"WebSite","@id":"https:\/\/www.lavillagardendesign.com\/#website","url":"https:\/\/www.lavillagardendesign.com\/","name":"La Villa Garden&Design","description":"","publisher":{"@id":"https:\/\/www.lavillagardendesign.com\/#organization"},"potentialAction":[{"@type":"SearchAction","target":{"@type":"EntryPoint","urlTemplate":"https:\/\/www.lavillagardendesign.com\/?s={search_term_string}"},"query-input":{"@type":"PropertyValueSpecification","valueRequired":true,"valueName":"search_term_string"}}],"inLanguage":"fr-FR"},{"@type":"Organization","@id":"https:\/\/www.lavillagardendesign.com\/#organization","name":"La Villa Garden&Design","url":"https:\/\/www.lavillagardendesign.com\/","logo":{"@type":"ImageObject","inLanguage":"fr-FR","@id":"https:\/\/www.lavillagardendesign.com\/#\/schema\/logo\/image\/","url":"https:\/\/www.lavillagardendesign.com\/wp-content\/uploads\/2024\/04\/logolavilla.png","contentUrl":"https:\/\/www.lavillagardendesign.com\/wp-content\/uploads\/2024\/04\/logolavilla.png","width":682,"height":391,"caption":"La Villa Garden&Design"},"image":{"@id":"https:\/\/www.lavillagardendesign.com\/#\/schema\/logo\/image\/"},"sameAs":["https:\/\/www.facebook.com\/lavillagardendesign\/"]}]}},"_links":{"self":[{"href":"https:\/\/www.lavillagardendesign.com\/fr\/wp-json\/wp\/v2\/product\/64225","targetHints":{"allow":["GET"]}}],"collection":[{"href":"https:\/\/www.lavillagardendesign.com\/fr\/wp-json\/wp\/v2\/product"}],"about":[{"href":"https:\/\/www.lavillagardendesign.com\/fr\/wp-json\/wp\/v2\/types\/product"}],"replies":[{"embeddable":true,"href":"https:\/\/www.lavillagardendesign.com\/fr\/wp-json\/wp\/v2\/comments?post=64225"}],"version-history":[{"count":0,"href":"https:\/\/www.lavillagardendesign.com\/fr\/wp-json\/wp\/v2\/product\/64225\/revisions"}],"wp:featuredmedia":[{"embeddable":true,"href":"https:\/\/www.lavillagardendesign.com\/fr\/wp-json\/wp\/v2\/media\/64062"}],"wp:attachment":[{"href":"https:\/\/www.lavillagardendesign.com\/fr\/wp-json\/wp\/v2\/media?parent=64225"}],"wp:term":[{"taxonomy":"product_brand","embeddable":true,"href":"https:\/\/www.lavillagardendesign.com\/fr\/wp-json\/wp\/v2\/product_brand?post=64225"},{"taxonomy":"product_cat","embeddable":true,"href":"https:\/\/www.lavillagardendesign.com\/fr\/wp-json\/wp\/v2\/product_cat?post=64225"},{"taxonomy":"product_tag","embeddable":true,"href":"https:\/\/www.lavillagardendesign.com\/fr\/wp-json\/wp\/v2\/product_tag?post=64225"}],"curies":[{"name":"wp","href":"https:\/\/api.w.org\/{rel}","templated":true}]}}