{"id":64204,"date":"2026-02-24T21:42:31","date_gmt":"2026-02-24T20:42:31","guid":{"rendered":"https:\/\/www.lavillagardendesign.com\/product\/corva-lit-de-jour-rond-pour-lexterieur-en-aluminium-sable-et-tissu-sunproof\/"},"modified":"2026-02-24T21:42:31","modified_gmt":"2026-02-24T19:42:31","slug":"corva-lit-de-jour-rond-pour-lexterieur-en-aluminium-sable-et-tissu-sunproof","status":"publish","type":"product","link":"https:\/\/www.lavillagardendesign.com\/fr\/product\/corva-lit-de-jour-rond-pour-lexterieur-en-aluminium-sable-et-tissu-sunproof\/","title":{"rendered":"CORVA &#8211; Lit de jour rond pour l&rsquo;ext\u00e9rieur en aluminium sable et tissu Sunproof"},"content":{"rendered":"","protected":false},"excerpt":{"rendered":"<p>Transformez votre jardin en un lieu de vill\u00e9giature priv\u00e9 avec le lit de jour rond Corva. Ce lit de jour spectaculaire invite \u00e0 la d\u00e9connexion totale, offrant une retraite spacieuse et enveloppante. Sa structure en aluminium thermolaqu\u00e9 de couleur sable s&rsquo;int\u00e8gre harmonieusement au paysage naturel de la Costa Brava, \u00e9voquant la chaleur du sable de la plage. Le jeu de coussins en tissu Sunproof est son principal atout technique : une solution certifi\u00e9e haut de gamme garantissant la r\u00e9sistance \u00e0 la d\u00e9coloration par le soleil, aux taches et \u00e0 la moisissure, pour que le luxe reste impeccable saison apr\u00e8s saison.   <\/p>\n","protected":false},"featured_media":64134,"comment_status":"open","ping_status":"closed","template":"","meta":[],"product_brand":[5001],"product_cat":[2938,2939,6832],"product_tag":[],"class_list":{"0":"post-64204","1":"product","2":"type-product","3":"status-publish","4":"has-post-thumbnail","6":"product_brand-la-villa-garden","7":"product_cat-bains-de-soleil","8":"product_cat-lits-dexterieur","9":"product_cat-outdoor-fr","11":"first","12":"instock","13":"sale","14":"taxable","15":"shipping-taxable","16":"purchasable","17":"product-type-simple"},"yoast_head":"<!-- This site is optimized with the Yoast SEO plugin v27.4 - https:\/\/yoast.com\/product\/yoast-seo-wordpress\/ -->\n<title>CORVA Lit de jour rond pour l&#039;ext\u00e9rieur Sand Aluminum | La Villa Garden &amp; Design<\/title>\n<meta name=\"description\" content=\"Spectaculaire lit de jour rond Corva. Structure en aluminium sable et coussins Sunproof r\u00e9sistants au soleil. Le luxe ultime pour votre piscine ou votre jardin. Offre disponible.\" \/>\n<meta name=\"robots\" content=\"index, follow, max-snippet:-1, max-image-preview:large, max-video-preview:-1\" \/>\n<link rel=\"canonical\" href=\"https:\/\/www.lavillagardendesign.com\/fr\/product\/corva-lit-de-jour-rond-pour-lexterieur-en-aluminium-sable-et-tissu-sunproof\/\" \/>\n<meta property=\"og:locale\" content=\"fr_FR\" \/>\n<meta property=\"og:type\" content=\"article\" \/>\n<meta property=\"og:title\" content=\"CORVA Lit de jour rond pour l&#039;ext\u00e9rieur Sand Aluminum | La Villa Garden &amp; Design\" \/>\n<meta property=\"og:description\" content=\"Spectaculaire lit de jour rond Corva. Structure en aluminium sable et coussins Sunproof r\u00e9sistants au soleil. Le luxe ultime pour votre piscine ou votre jardin. Offre disponible.\" \/>\n<meta property=\"og:url\" content=\"https:\/\/www.lavillagardendesign.com\/fr\/product\/corva-lit-de-jour-rond-pour-lexterieur-en-aluminium-sable-et-tissu-sunproof\/\" \/>\n<meta property=\"og:site_name\" content=\"La Villa Garden&amp;Design\" \/>\n<meta property=\"article:publisher\" content=\"https:\/\/www.facebook.com\/lavillagardendesign\/\" \/>\n<meta property=\"og:image\" content=\"https:\/\/www.lavillagardendesign.com\/wp-content\/uploads\/2026\/02\/1-12-1.jpg\" \/>\n\t<meta property=\"og:image:width\" content=\"700\" \/>\n\t<meta property=\"og:image:height\" content=\"800\" \/>\n\t<meta property=\"og:image:type\" content=\"image\/jpeg\" \/>\n<meta name=\"twitter:card\" content=\"summary_large_image\" \/>\n<script type=\"application\/ld+json\" class=\"yoast-schema-graph\">{\"@context\":\"https:\\\/\\\/schema.org\",\"@graph\":[{\"@type\":\"WebPage\",\"@id\":\"https:\\\/\\\/www.lavillagardendesign.com\\\/fr\\\/product\\\/corva-lit-de-jour-rond-pour-lexterieur-en-aluminium-sable-et-tissu-sunproof\\\/\",\"url\":\"https:\\\/\\\/www.lavillagardendesign.com\\\/fr\\\/product\\\/corva-lit-de-jour-rond-pour-lexterieur-en-aluminium-sable-et-tissu-sunproof\\\/\",\"name\":\"CORVA Lit de jour rond pour l'ext\u00e9rieur Sand Aluminum | La Villa Garden & Design\",\"isPartOf\":{\"@id\":\"https:\\\/\\\/www.lavillagardendesign.com\\\/#website\"},\"primaryImageOfPage\":{\"@id\":\"https:\\\/\\\/www.lavillagardendesign.com\\\/fr\\\/product\\\/corva-lit-de-jour-rond-pour-lexterieur-en-aluminium-sable-et-tissu-sunproof\\\/#primaryimage\"},\"image\":{\"@id\":\"https:\\\/\\\/www.lavillagardendesign.com\\\/fr\\\/product\\\/corva-lit-de-jour-rond-pour-lexterieur-en-aluminium-sable-et-tissu-sunproof\\\/#primaryimage\"},\"thumbnailUrl\":\"https:\\\/\\\/www.lavillagardendesign.com\\\/wp-content\\\/uploads\\\/2026\\\/02\\\/1-12-1.jpg\",\"datePublished\":\"2026-02-24T20:42:31+00:00\",\"description\":\"Spectaculaire lit de jour rond Corva. Structure en aluminium sable et coussins Sunproof r\u00e9sistants au soleil. Le luxe ultime pour votre piscine ou votre jardin. Offre disponible.\",\"breadcrumb\":{\"@id\":\"https:\\\/\\\/www.lavillagardendesign.com\\\/fr\\\/product\\\/corva-lit-de-jour-rond-pour-lexterieur-en-aluminium-sable-et-tissu-sunproof\\\/#breadcrumb\"},\"inLanguage\":\"fr-FR\",\"potentialAction\":[{\"@type\":\"ReadAction\",\"target\":[\"https:\\\/\\\/www.lavillagardendesign.com\\\/fr\\\/product\\\/corva-lit-de-jour-rond-pour-lexterieur-en-aluminium-sable-et-tissu-sunproof\\\/\"]}]},{\"@type\":\"ImageObject\",\"inLanguage\":\"fr-FR\",\"@id\":\"https:\\\/\\\/www.lavillagardendesign.com\\\/fr\\\/product\\\/corva-lit-de-jour-rond-pour-lexterieur-en-aluminium-sable-et-tissu-sunproof\\\/#primaryimage\",\"url\":\"https:\\\/\\\/www.lavillagardendesign.com\\\/wp-content\\\/uploads\\\/2026\\\/02\\\/1-12-1.jpg\",\"contentUrl\":\"https:\\\/\\\/www.lavillagardendesign.com\\\/wp-content\\\/uploads\\\/2026\\\/02\\\/1-12-1.jpg\",\"width\":700,\"height\":800},{\"@type\":\"BreadcrumbList\",\"@id\":\"https:\\\/\\\/www.lavillagardendesign.com\\\/fr\\\/product\\\/corva-lit-de-jour-rond-pour-lexterieur-en-aluminium-sable-et-tissu-sunproof\\\/#breadcrumb\",\"itemListElement\":[{\"@type\":\"ListItem\",\"position\":1,\"name\":\"Home\",\"item\":\"https:\\\/\\\/www.lavillagardendesign.com\\\/\"},{\"@type\":\"ListItem\",\"position\":2,\"name\":\"Boutique\",\"item\":\"https:\\\/\\\/www.lavillagardendesign.com\\\/fr\\\/boutique\\\/\"},{\"@type\":\"ListItem\",\"position\":3,\"name\":\"Private: CORVA &#8211; Lit de jour rond pour l&rsquo;ext\u00e9rieur en aluminium sable et tissu Sunproof\"}]},{\"@type\":\"WebSite\",\"@id\":\"https:\\\/\\\/www.lavillagardendesign.com\\\/#website\",\"url\":\"https:\\\/\\\/www.lavillagardendesign.com\\\/\",\"name\":\"La Villa Garden&Design\",\"description\":\"\",\"publisher\":{\"@id\":\"https:\\\/\\\/www.lavillagardendesign.com\\\/#organization\"},\"potentialAction\":[{\"@type\":\"SearchAction\",\"target\":{\"@type\":\"EntryPoint\",\"urlTemplate\":\"https:\\\/\\\/www.lavillagardendesign.com\\\/?s={search_term_string}\"},\"query-input\":{\"@type\":\"PropertyValueSpecification\",\"valueRequired\":true,\"valueName\":\"search_term_string\"}}],\"inLanguage\":\"fr-FR\"},{\"@type\":\"Organization\",\"@id\":\"https:\\\/\\\/www.lavillagardendesign.com\\\/#organization\",\"name\":\"La Villa Garden&Design\",\"url\":\"https:\\\/\\\/www.lavillagardendesign.com\\\/\",\"logo\":{\"@type\":\"ImageObject\",\"inLanguage\":\"fr-FR\",\"@id\":\"https:\\\/\\\/www.lavillagardendesign.com\\\/#\\\/schema\\\/logo\\\/image\\\/\",\"url\":\"https:\\\/\\\/www.lavillagardendesign.com\\\/wp-content\\\/uploads\\\/2024\\\/04\\\/logolavilla.png\",\"contentUrl\":\"https:\\\/\\\/www.lavillagardendesign.com\\\/wp-content\\\/uploads\\\/2024\\\/04\\\/logolavilla.png\",\"width\":682,\"height\":391,\"caption\":\"La Villa Garden&Design\"},\"image\":{\"@id\":\"https:\\\/\\\/www.lavillagardendesign.com\\\/#\\\/schema\\\/logo\\\/image\\\/\"},\"sameAs\":[\"https:\\\/\\\/www.facebook.com\\\/lavillagardendesign\\\/\"]}]}<\/script>\n<!-- \/ Yoast SEO plugin. -->","yoast_head_json":{"title":"CORVA Lit de jour rond pour l'ext\u00e9rieur Sand Aluminum | La Villa Garden & Design","description":"Spectaculaire lit de jour rond Corva. Structure en aluminium sable et coussins Sunproof r\u00e9sistants au soleil. Le luxe ultime pour votre piscine ou votre jardin. Offre disponible.","robots":{"index":"index","follow":"follow","max-snippet":"max-snippet:-1","max-image-preview":"max-image-preview:large","max-video-preview":"max-video-preview:-1"},"canonical":"https:\/\/www.lavillagardendesign.com\/fr\/product\/corva-lit-de-jour-rond-pour-lexterieur-en-aluminium-sable-et-tissu-sunproof\/","og_locale":"fr_FR","og_type":"article","og_title":"CORVA Lit de jour rond pour l'ext\u00e9rieur Sand Aluminum | La Villa Garden & Design","og_description":"Spectaculaire lit de jour rond Corva. Structure en aluminium sable et coussins Sunproof r\u00e9sistants au soleil. Le luxe ultime pour votre piscine ou votre jardin. Offre disponible.","og_url":"https:\/\/www.lavillagardendesign.com\/fr\/product\/corva-lit-de-jour-rond-pour-lexterieur-en-aluminium-sable-et-tissu-sunproof\/","og_site_name":"La Villa Garden&amp;Design","article_publisher":"https:\/\/www.facebook.com\/lavillagardendesign\/","og_image":[{"width":700,"height":800,"url":"https:\/\/www.lavillagardendesign.com\/wp-content\/uploads\/2026\/02\/1-12-1.jpg","type":"image\/jpeg"}],"twitter_card":"summary_large_image","schema":{"@context":"https:\/\/schema.org","@graph":[{"@type":"WebPage","@id":"https:\/\/www.lavillagardendesign.com\/fr\/product\/corva-lit-de-jour-rond-pour-lexterieur-en-aluminium-sable-et-tissu-sunproof\/","url":"https:\/\/www.lavillagardendesign.com\/fr\/product\/corva-lit-de-jour-rond-pour-lexterieur-en-aluminium-sable-et-tissu-sunproof\/","name":"CORVA Lit de jour rond pour l'ext\u00e9rieur Sand Aluminum | La Villa Garden & Design","isPartOf":{"@id":"https:\/\/www.lavillagardendesign.com\/#website"},"primaryImageOfPage":{"@id":"https:\/\/www.lavillagardendesign.com\/fr\/product\/corva-lit-de-jour-rond-pour-lexterieur-en-aluminium-sable-et-tissu-sunproof\/#primaryimage"},"image":{"@id":"https:\/\/www.lavillagardendesign.com\/fr\/product\/corva-lit-de-jour-rond-pour-lexterieur-en-aluminium-sable-et-tissu-sunproof\/#primaryimage"},"thumbnailUrl":"https:\/\/www.lavillagardendesign.com\/wp-content\/uploads\/2026\/02\/1-12-1.jpg","datePublished":"2026-02-24T20:42:31+00:00","description":"Spectaculaire lit de jour rond Corva. Structure en aluminium sable et coussins Sunproof r\u00e9sistants au soleil. Le luxe ultime pour votre piscine ou votre jardin. Offre disponible.","breadcrumb":{"@id":"https:\/\/www.lavillagardendesign.com\/fr\/product\/corva-lit-de-jour-rond-pour-lexterieur-en-aluminium-sable-et-tissu-sunproof\/#breadcrumb"},"inLanguage":"fr-FR","potentialAction":[{"@type":"ReadAction","target":["https:\/\/www.lavillagardendesign.com\/fr\/product\/corva-lit-de-jour-rond-pour-lexterieur-en-aluminium-sable-et-tissu-sunproof\/"]}]},{"@type":"ImageObject","inLanguage":"fr-FR","@id":"https:\/\/www.lavillagardendesign.com\/fr\/product\/corva-lit-de-jour-rond-pour-lexterieur-en-aluminium-sable-et-tissu-sunproof\/#primaryimage","url":"https:\/\/www.lavillagardendesign.com\/wp-content\/uploads\/2026\/02\/1-12-1.jpg","contentUrl":"https:\/\/www.lavillagardendesign.com\/wp-content\/uploads\/2026\/02\/1-12-1.jpg","width":700,"height":800},{"@type":"BreadcrumbList","@id":"https:\/\/www.lavillagardendesign.com\/fr\/product\/corva-lit-de-jour-rond-pour-lexterieur-en-aluminium-sable-et-tissu-sunproof\/#breadcrumb","itemListElement":[{"@type":"ListItem","position":1,"name":"Home","item":"https:\/\/www.lavillagardendesign.com\/"},{"@type":"ListItem","position":2,"name":"Boutique","item":"https:\/\/www.lavillagardendesign.com\/fr\/boutique\/"},{"@type":"ListItem","position":3,"name":"Private: CORVA &#8211; Lit de jour rond pour l&rsquo;ext\u00e9rieur en aluminium sable et tissu Sunproof"}]},{"@type":"WebSite","@id":"https:\/\/www.lavillagardendesign.com\/#website","url":"https:\/\/www.lavillagardendesign.com\/","name":"La Villa Garden&Design","description":"","publisher":{"@id":"https:\/\/www.lavillagardendesign.com\/#organization"},"potentialAction":[{"@type":"SearchAction","target":{"@type":"EntryPoint","urlTemplate":"https:\/\/www.lavillagardendesign.com\/?s={search_term_string}"},"query-input":{"@type":"PropertyValueSpecification","valueRequired":true,"valueName":"search_term_string"}}],"inLanguage":"fr-FR"},{"@type":"Organization","@id":"https:\/\/www.lavillagardendesign.com\/#organization","name":"La Villa Garden&Design","url":"https:\/\/www.lavillagardendesign.com\/","logo":{"@type":"ImageObject","inLanguage":"fr-FR","@id":"https:\/\/www.lavillagardendesign.com\/#\/schema\/logo\/image\/","url":"https:\/\/www.lavillagardendesign.com\/wp-content\/uploads\/2024\/04\/logolavilla.png","contentUrl":"https:\/\/www.lavillagardendesign.com\/wp-content\/uploads\/2024\/04\/logolavilla.png","width":682,"height":391,"caption":"La Villa Garden&Design"},"image":{"@id":"https:\/\/www.lavillagardendesign.com\/#\/schema\/logo\/image\/"},"sameAs":["https:\/\/www.facebook.com\/lavillagardendesign\/"]}]}},"_links":{"self":[{"href":"https:\/\/www.lavillagardendesign.com\/fr\/wp-json\/wp\/v2\/product\/64204","targetHints":{"allow":["GET"]}}],"collection":[{"href":"https:\/\/www.lavillagardendesign.com\/fr\/wp-json\/wp\/v2\/product"}],"about":[{"href":"https:\/\/www.lavillagardendesign.com\/fr\/wp-json\/wp\/v2\/types\/product"}],"replies":[{"embeddable":true,"href":"https:\/\/www.lavillagardendesign.com\/fr\/wp-json\/wp\/v2\/comments?post=64204"}],"version-history":[{"count":0,"href":"https:\/\/www.lavillagardendesign.com\/fr\/wp-json\/wp\/v2\/product\/64204\/revisions"}],"wp:featuredmedia":[{"embeddable":true,"href":"https:\/\/www.lavillagardendesign.com\/fr\/wp-json\/wp\/v2\/media\/64134"}],"wp:attachment":[{"href":"https:\/\/www.lavillagardendesign.com\/fr\/wp-json\/wp\/v2\/media?parent=64204"}],"wp:term":[{"taxonomy":"product_brand","embeddable":true,"href":"https:\/\/www.lavillagardendesign.com\/fr\/wp-json\/wp\/v2\/product_brand?post=64204"},{"taxonomy":"product_cat","embeddable":true,"href":"https:\/\/www.lavillagardendesign.com\/fr\/wp-json\/wp\/v2\/product_cat?post=64204"},{"taxonomy":"product_tag","embeddable":true,"href":"https:\/\/www.lavillagardendesign.com\/fr\/wp-json\/wp\/v2\/product_tag?post=64204"}],"curies":[{"name":"wp","href":"https:\/\/api.w.org\/{rel}","templated":true}]}}