{"id":64200,"date":"2026-02-24T21:42:31","date_gmt":"2026-02-24T20:42:31","guid":{"rendered":"https:\/\/www.lavillagardendesign.com\/product\/kakao-bain-de-soleil-de-luxe-avec-accoudoirs-et-coussin-dappui-tete-en-teck\/"},"modified":"2026-02-24T21:42:31","modified_gmt":"2026-02-24T19:42:31","slug":"kakao-bain-de-soleil-de-luxe-avec-accoudoirs-et-coussin-dappui-tete-en-teck","status":"publish","type":"product","link":"https:\/\/www.lavillagardendesign.com\/fr\/product\/kakao-bain-de-soleil-de-luxe-avec-accoudoirs-et-coussin-dappui-tete-en-teck\/","title":{"rendered":"KAKAO &#8211; Bain de soleil de luxe avec accoudoirs et coussin d&rsquo;appui-t\u00eate en teck"},"content":{"rendered":"","protected":false},"excerpt":{"rendered":"<p>Le bain de soleil Kakao transcende le mobilier de piscine conventionnel pour devenir une pi\u00e8ce de design sensoriel. Sa structure allie la solidit\u00e9 de l&rsquo;aluminium \u00e0 un corps tiss\u00e9 en corde synth\u00e9tique qui se moule \u00e0 l&rsquo;utilisateur, mais c&rsquo;est le d\u00e9tail des accoudoirs en bois de teck qui fait la diff\u00e9rence, offrant un toucher chaud et naturel sous le soleil. Con\u00e7u pour une relaxation absolue, il est dot\u00e9 de roues discr\u00e8tes qui suivent la course du soleil et d&rsquo;un coussin d&rsquo;appui-t\u00eate fabriqu\u00e9 \u00e0 partir de tissus techniques haut de gamme (Sunproof ou Agora), garantissant un confort sup\u00e9rieur pour la nuque et une r\u00e9sistance totale \u00e0 la d\u00e9coloration.  <\/p>\n","protected":false},"featured_media":64039,"comment_status":"open","ping_status":"closed","template":"","meta":[],"product_brand":[5001],"product_cat":[6832,2938,2940],"product_tag":[],"class_list":{"0":"post-64200","1":"product","2":"type-product","3":"status-publish","4":"has-post-thumbnail","6":"product_brand-la-villa-garden","7":"product_cat-outdoor-fr","8":"product_cat-bains-de-soleil","9":"product_cat-transats","11":"first","12":"instock","13":"sale","14":"taxable","15":"shipping-taxable","16":"purchasable","17":"product-type-variable"},"yoast_head":"<!-- This site is optimized with the Yoast SEO plugin v27.1.1 - https:\/\/yoast.com\/product\/yoast-seo-wordpress\/ -->\n<title>KAKAO Chaise longue de luxe en teck et corde | La Villa Garden &amp; Design<\/title>\n<meta name=\"description\" content=\"Chaise longue exclusive Kakao. Design en corde et aluminium avec bras en teck. Comprend un coussin d&#039;appui-t\u00eate (Agora\/Sunproof) et des roulettes. Confort et style maximum.\" \/>\n<meta name=\"robots\" content=\"index, follow, max-snippet:-1, max-image-preview:large, max-video-preview:-1\" \/>\n<link rel=\"canonical\" href=\"https:\/\/www.lavillagardendesign.com\/fr\/product\/kakao-bain-de-soleil-de-luxe-avec-accoudoirs-et-coussin-dappui-tete-en-teck\/\" \/>\n<meta property=\"og:locale\" content=\"fr_FR\" \/>\n<meta property=\"og:type\" content=\"article\" \/>\n<meta property=\"og:title\" content=\"KAKAO Chaise longue de luxe en teck et corde | La Villa Garden &amp; Design\" \/>\n<meta property=\"og:description\" content=\"Chaise longue exclusive Kakao. Design en corde et aluminium avec bras en teck. Comprend un coussin d&#039;appui-t\u00eate (Agora\/Sunproof) et des roulettes. Confort et style maximum.\" \/>\n<meta property=\"og:url\" content=\"https:\/\/www.lavillagardendesign.com\/fr\/product\/kakao-bain-de-soleil-de-luxe-avec-accoudoirs-et-coussin-dappui-tete-en-teck\/\" \/>\n<meta property=\"og:site_name\" content=\"La Villa Garden&amp;Design\" \/>\n<meta property=\"article:publisher\" content=\"https:\/\/www.facebook.com\/lavillagardendesign\/\" \/>\n<meta property=\"og:image\" content=\"https:\/\/www.lavillagardendesign.com\/wp-content\/uploads\/2026\/02\/1-8.png\" \/>\n\t<meta property=\"og:image:width\" content=\"700\" \/>\n\t<meta property=\"og:image:height\" content=\"800\" \/>\n\t<meta property=\"og:image:type\" content=\"image\/png\" \/>\n<meta name=\"twitter:card\" content=\"summary_large_image\" \/>\n<script type=\"application\/ld+json\" class=\"yoast-schema-graph\">{\"@context\":\"https:\/\/schema.org\",\"@graph\":[{\"@type\":\"WebPage\",\"@id\":\"https:\/\/www.lavillagardendesign.com\/fr\/product\/kakao-bain-de-soleil-de-luxe-avec-accoudoirs-et-coussin-dappui-tete-en-teck\/\",\"url\":\"https:\/\/www.lavillagardendesign.com\/fr\/product\/kakao-bain-de-soleil-de-luxe-avec-accoudoirs-et-coussin-dappui-tete-en-teck\/\",\"name\":\"KAKAO Chaise longue de luxe en teck et corde | La Villa Garden & Design\",\"isPartOf\":{\"@id\":\"https:\/\/www.lavillagardendesign.com\/#website\"},\"primaryImageOfPage\":{\"@id\":\"https:\/\/www.lavillagardendesign.com\/fr\/product\/kakao-bain-de-soleil-de-luxe-avec-accoudoirs-et-coussin-dappui-tete-en-teck\/#primaryimage\"},\"image\":{\"@id\":\"https:\/\/www.lavillagardendesign.com\/fr\/product\/kakao-bain-de-soleil-de-luxe-avec-accoudoirs-et-coussin-dappui-tete-en-teck\/#primaryimage\"},\"thumbnailUrl\":\"https:\/\/www.lavillagardendesign.com\/wp-content\/uploads\/2026\/02\/1-8.png\",\"datePublished\":\"2026-02-24T20:42:31+00:00\",\"description\":\"Chaise longue exclusive Kakao. Design en corde et aluminium avec bras en teck. Comprend un coussin d'appui-t\u00eate (Agora\/Sunproof) et des roulettes. Confort et style maximum.\",\"breadcrumb\":{\"@id\":\"https:\/\/www.lavillagardendesign.com\/fr\/product\/kakao-bain-de-soleil-de-luxe-avec-accoudoirs-et-coussin-dappui-tete-en-teck\/#breadcrumb\"},\"inLanguage\":\"fr-FR\",\"potentialAction\":[{\"@type\":\"ReadAction\",\"target\":[\"https:\/\/www.lavillagardendesign.com\/fr\/product\/kakao-bain-de-soleil-de-luxe-avec-accoudoirs-et-coussin-dappui-tete-en-teck\/\"]}]},{\"@type\":\"ImageObject\",\"inLanguage\":\"fr-FR\",\"@id\":\"https:\/\/www.lavillagardendesign.com\/fr\/product\/kakao-bain-de-soleil-de-luxe-avec-accoudoirs-et-coussin-dappui-tete-en-teck\/#primaryimage\",\"url\":\"https:\/\/www.lavillagardendesign.com\/wp-content\/uploads\/2026\/02\/1-8.png\",\"contentUrl\":\"https:\/\/www.lavillagardendesign.com\/wp-content\/uploads\/2026\/02\/1-8.png\",\"width\":700,\"height\":800},{\"@type\":\"BreadcrumbList\",\"@id\":\"https:\/\/www.lavillagardendesign.com\/fr\/product\/kakao-bain-de-soleil-de-luxe-avec-accoudoirs-et-coussin-dappui-tete-en-teck\/#breadcrumb\",\"itemListElement\":[{\"@type\":\"ListItem\",\"position\":1,\"name\":\"Home\",\"item\":\"https:\/\/www.lavillagardendesign.com\/\"},{\"@type\":\"ListItem\",\"position\":2,\"name\":\"Boutique\",\"item\":\"https:\/\/www.lavillagardendesign.com\/fr\/boutique\/\"},{\"@type\":\"ListItem\",\"position\":3,\"name\":\"Private: KAKAO &#8211; Bain de soleil de luxe avec accoudoirs et coussin d&#8217;appui-t\u00eate en teck\"}]},{\"@type\":\"WebSite\",\"@id\":\"https:\/\/www.lavillagardendesign.com\/#website\",\"url\":\"https:\/\/www.lavillagardendesign.com\/\",\"name\":\"La Villa Garden&Design\",\"description\":\"\",\"publisher\":{\"@id\":\"https:\/\/www.lavillagardendesign.com\/#organization\"},\"potentialAction\":[{\"@type\":\"SearchAction\",\"target\":{\"@type\":\"EntryPoint\",\"urlTemplate\":\"https:\/\/www.lavillagardendesign.com\/?s={search_term_string}\"},\"query-input\":{\"@type\":\"PropertyValueSpecification\",\"valueRequired\":true,\"valueName\":\"search_term_string\"}}],\"inLanguage\":\"fr-FR\"},{\"@type\":\"Organization\",\"@id\":\"https:\/\/www.lavillagardendesign.com\/#organization\",\"name\":\"La Villa Garden&Design\",\"url\":\"https:\/\/www.lavillagardendesign.com\/\",\"logo\":{\"@type\":\"ImageObject\",\"inLanguage\":\"fr-FR\",\"@id\":\"https:\/\/www.lavillagardendesign.com\/#\/schema\/logo\/image\/\",\"url\":\"https:\/\/www.lavillagardendesign.com\/wp-content\/uploads\/2024\/04\/logolavilla.png\",\"contentUrl\":\"https:\/\/www.lavillagardendesign.com\/wp-content\/uploads\/2024\/04\/logolavilla.png\",\"width\":682,\"height\":391,\"caption\":\"La Villa Garden&Design\"},\"image\":{\"@id\":\"https:\/\/www.lavillagardendesign.com\/#\/schema\/logo\/image\/\"},\"sameAs\":[\"https:\/\/www.facebook.com\/lavillagardendesign\/\"]}]}<\/script>\n<!-- \/ Yoast SEO plugin. -->","yoast_head_json":{"title":"KAKAO Chaise longue de luxe en teck et corde | La Villa Garden & Design","description":"Chaise longue exclusive Kakao. Design en corde et aluminium avec bras en teck. Comprend un coussin d'appui-t\u00eate (Agora\/Sunproof) et des roulettes. Confort et style maximum.","robots":{"index":"index","follow":"follow","max-snippet":"max-snippet:-1","max-image-preview":"max-image-preview:large","max-video-preview":"max-video-preview:-1"},"canonical":"https:\/\/www.lavillagardendesign.com\/fr\/product\/kakao-bain-de-soleil-de-luxe-avec-accoudoirs-et-coussin-dappui-tete-en-teck\/","og_locale":"fr_FR","og_type":"article","og_title":"KAKAO Chaise longue de luxe en teck et corde | La Villa Garden & Design","og_description":"Chaise longue exclusive Kakao. Design en corde et aluminium avec bras en teck. Comprend un coussin d'appui-t\u00eate (Agora\/Sunproof) et des roulettes. Confort et style maximum.","og_url":"https:\/\/www.lavillagardendesign.com\/fr\/product\/kakao-bain-de-soleil-de-luxe-avec-accoudoirs-et-coussin-dappui-tete-en-teck\/","og_site_name":"La Villa Garden&amp;Design","article_publisher":"https:\/\/www.facebook.com\/lavillagardendesign\/","og_image":[{"width":700,"height":800,"url":"https:\/\/www.lavillagardendesign.com\/wp-content\/uploads\/2026\/02\/1-8.png","type":"image\/png"}],"twitter_card":"summary_large_image","schema":{"@context":"https:\/\/schema.org","@graph":[{"@type":"WebPage","@id":"https:\/\/www.lavillagardendesign.com\/fr\/product\/kakao-bain-de-soleil-de-luxe-avec-accoudoirs-et-coussin-dappui-tete-en-teck\/","url":"https:\/\/www.lavillagardendesign.com\/fr\/product\/kakao-bain-de-soleil-de-luxe-avec-accoudoirs-et-coussin-dappui-tete-en-teck\/","name":"KAKAO Chaise longue de luxe en teck et corde | La Villa Garden & Design","isPartOf":{"@id":"https:\/\/www.lavillagardendesign.com\/#website"},"primaryImageOfPage":{"@id":"https:\/\/www.lavillagardendesign.com\/fr\/product\/kakao-bain-de-soleil-de-luxe-avec-accoudoirs-et-coussin-dappui-tete-en-teck\/#primaryimage"},"image":{"@id":"https:\/\/www.lavillagardendesign.com\/fr\/product\/kakao-bain-de-soleil-de-luxe-avec-accoudoirs-et-coussin-dappui-tete-en-teck\/#primaryimage"},"thumbnailUrl":"https:\/\/www.lavillagardendesign.com\/wp-content\/uploads\/2026\/02\/1-8.png","datePublished":"2026-02-24T20:42:31+00:00","description":"Chaise longue exclusive Kakao. Design en corde et aluminium avec bras en teck. Comprend un coussin d'appui-t\u00eate (Agora\/Sunproof) et des roulettes. Confort et style maximum.","breadcrumb":{"@id":"https:\/\/www.lavillagardendesign.com\/fr\/product\/kakao-bain-de-soleil-de-luxe-avec-accoudoirs-et-coussin-dappui-tete-en-teck\/#breadcrumb"},"inLanguage":"fr-FR","potentialAction":[{"@type":"ReadAction","target":["https:\/\/www.lavillagardendesign.com\/fr\/product\/kakao-bain-de-soleil-de-luxe-avec-accoudoirs-et-coussin-dappui-tete-en-teck\/"]}]},{"@type":"ImageObject","inLanguage":"fr-FR","@id":"https:\/\/www.lavillagardendesign.com\/fr\/product\/kakao-bain-de-soleil-de-luxe-avec-accoudoirs-et-coussin-dappui-tete-en-teck\/#primaryimage","url":"https:\/\/www.lavillagardendesign.com\/wp-content\/uploads\/2026\/02\/1-8.png","contentUrl":"https:\/\/www.lavillagardendesign.com\/wp-content\/uploads\/2026\/02\/1-8.png","width":700,"height":800},{"@type":"BreadcrumbList","@id":"https:\/\/www.lavillagardendesign.com\/fr\/product\/kakao-bain-de-soleil-de-luxe-avec-accoudoirs-et-coussin-dappui-tete-en-teck\/#breadcrumb","itemListElement":[{"@type":"ListItem","position":1,"name":"Home","item":"https:\/\/www.lavillagardendesign.com\/"},{"@type":"ListItem","position":2,"name":"Boutique","item":"https:\/\/www.lavillagardendesign.com\/fr\/boutique\/"},{"@type":"ListItem","position":3,"name":"Private: KAKAO &#8211; Bain de soleil de luxe avec accoudoirs et coussin d&#8217;appui-t\u00eate en teck"}]},{"@type":"WebSite","@id":"https:\/\/www.lavillagardendesign.com\/#website","url":"https:\/\/www.lavillagardendesign.com\/","name":"La Villa Garden&Design","description":"","publisher":{"@id":"https:\/\/www.lavillagardendesign.com\/#organization"},"potentialAction":[{"@type":"SearchAction","target":{"@type":"EntryPoint","urlTemplate":"https:\/\/www.lavillagardendesign.com\/?s={search_term_string}"},"query-input":{"@type":"PropertyValueSpecification","valueRequired":true,"valueName":"search_term_string"}}],"inLanguage":"fr-FR"},{"@type":"Organization","@id":"https:\/\/www.lavillagardendesign.com\/#organization","name":"La Villa Garden&Design","url":"https:\/\/www.lavillagardendesign.com\/","logo":{"@type":"ImageObject","inLanguage":"fr-FR","@id":"https:\/\/www.lavillagardendesign.com\/#\/schema\/logo\/image\/","url":"https:\/\/www.lavillagardendesign.com\/wp-content\/uploads\/2024\/04\/logolavilla.png","contentUrl":"https:\/\/www.lavillagardendesign.com\/wp-content\/uploads\/2024\/04\/logolavilla.png","width":682,"height":391,"caption":"La Villa Garden&Design"},"image":{"@id":"https:\/\/www.lavillagardendesign.com\/#\/schema\/logo\/image\/"},"sameAs":["https:\/\/www.facebook.com\/lavillagardendesign\/"]}]}},"_links":{"self":[{"href":"https:\/\/www.lavillagardendesign.com\/fr\/wp-json\/wp\/v2\/product\/64200","targetHints":{"allow":["GET"]}}],"collection":[{"href":"https:\/\/www.lavillagardendesign.com\/fr\/wp-json\/wp\/v2\/product"}],"about":[{"href":"https:\/\/www.lavillagardendesign.com\/fr\/wp-json\/wp\/v2\/types\/product"}],"replies":[{"embeddable":true,"href":"https:\/\/www.lavillagardendesign.com\/fr\/wp-json\/wp\/v2\/comments?post=64200"}],"version-history":[{"count":0,"href":"https:\/\/www.lavillagardendesign.com\/fr\/wp-json\/wp\/v2\/product\/64200\/revisions"}],"wp:featuredmedia":[{"embeddable":true,"href":"https:\/\/www.lavillagardendesign.com\/fr\/wp-json\/wp\/v2\/media\/64039"}],"wp:attachment":[{"href":"https:\/\/www.lavillagardendesign.com\/fr\/wp-json\/wp\/v2\/media?parent=64200"}],"wp:term":[{"taxonomy":"product_brand","embeddable":true,"href":"https:\/\/www.lavillagardendesign.com\/fr\/wp-json\/wp\/v2\/product_brand?post=64200"},{"taxonomy":"product_cat","embeddable":true,"href":"https:\/\/www.lavillagardendesign.com\/fr\/wp-json\/wp\/v2\/product_cat?post=64200"},{"taxonomy":"product_tag","embeddable":true,"href":"https:\/\/www.lavillagardendesign.com\/fr\/wp-json\/wp\/v2\/product_tag?post=64200"}],"curies":[{"name":"wp","href":"https:\/\/api.w.org\/{rel}","templated":true}]}}