{"id":64188,"date":"2026-02-24T21:42:31","date_gmt":"2026-02-24T20:42:31","guid":{"rendered":"https:\/\/www.lavillagardendesign.com\/product\/luna-chaise-longue-de-piscine-en-corde-tressee-de-premiere-qualite-avec-coussin-technique\/"},"modified":"2026-02-24T21:42:31","modified_gmt":"2026-02-24T19:42:31","slug":"luna-chaise-longue-de-piscine-en-corde-tressee-de-premiere-qualite-avec-coussin-technique","status":"publish","type":"product","link":"https:\/\/www.lavillagardendesign.com\/fr\/product\/luna-chaise-longue-de-piscine-en-corde-tressee-de-premiere-qualite-avec-coussin-technique\/","title":{"rendered":"LUNA &#8211; Chaise longue de piscine en corde tress\u00e9e de premi\u00e8re qualit\u00e9 avec coussin technique"},"content":{"rendered":"","protected":false},"excerpt":{"rendered":"<p>La chaise longue Luna est une sculpture d\u00e9di\u00e9e au repos. Son design s&rsquo;\u00e9loigne des lignes droites traditionnelles pour offrir une silhouette enveloppante, d\u00e9finie par un tissage de corde artisanal qui enlace le cadre en aluminium. Cette texture apporte non seulement une richesse visuelle in\u00e9gal\u00e9e, mais cr\u00e9e \u00e9galement un jeu d&rsquo;ombres unique sous le soleil. Le confort est absolu gr\u00e2ce \u00e0 son matelas pleine longueur fabriqu\u00e9 \u00e0 partir de tissus d&rsquo;ing\u00e9nierie nautique (Axroma pour le mod\u00e8le noir et Olefin pour le mod\u00e8le blanc), garantissant une douceur textile sup\u00e9rieure et une r\u00e9sistance totale \u00e0 la d\u00e9coloration, \u00e0 l&rsquo;eau chlor\u00e9e et \u00e0 la moisissure.   <\/p>\n","protected":false},"featured_media":64029,"comment_status":"open","ping_status":"closed","template":"","meta":[],"product_brand":[5001],"product_cat":[6832,2938,2940],"product_tag":[],"class_list":{"0":"post-64188","1":"product","2":"type-product","3":"status-publish","4":"has-post-thumbnail","6":"product_brand-la-villa-garden","7":"product_cat-outdoor-fr","8":"product_cat-bains-de-soleil","9":"product_cat-transats","11":"first","12":"instock","13":"sale","14":"taxable","15":"shipping-taxable","16":"purchasable","17":"product-type-variable"},"yoast_head":"<!-- This site is optimized with the Yoast SEO plugin v27.1.1 - https:\/\/yoast.com\/product\/yoast-seo-wordpress\/ -->\n<title>LUNA Chaise longue de luxe en corde et aluminium | La Villa Garden &amp; Design<\/title>\n<meta name=\"description\" content=\"Chaise longue exclusive Luna. Design enveloppant en corde tress\u00e9e. Comprend un matelas de qualit\u00e9 sup\u00e9rieure (Axroma\/Olefin). Esth\u00e9tique moderne et confort maximal.\" \/>\n<meta name=\"robots\" content=\"index, follow, max-snippet:-1, max-image-preview:large, max-video-preview:-1\" \/>\n<link rel=\"canonical\" href=\"https:\/\/www.lavillagardendesign.com\/fr\/product\/luna-chaise-longue-de-piscine-en-corde-tressee-de-premiere-qualite-avec-coussin-technique\/\" \/>\n<meta property=\"og:locale\" content=\"fr_FR\" \/>\n<meta property=\"og:type\" content=\"article\" \/>\n<meta property=\"og:title\" content=\"LUNA Chaise longue de luxe en corde et aluminium | La Villa Garden &amp; Design\" \/>\n<meta property=\"og:description\" content=\"Chaise longue exclusive Luna. Design enveloppant en corde tress\u00e9e. Comprend un matelas de qualit\u00e9 sup\u00e9rieure (Axroma\/Olefin). Esth\u00e9tique moderne et confort maximal.\" \/>\n<meta property=\"og:url\" content=\"https:\/\/www.lavillagardendesign.com\/fr\/product\/luna-chaise-longue-de-piscine-en-corde-tressee-de-premiere-qualite-avec-coussin-technique\/\" \/>\n<meta property=\"og:site_name\" content=\"La Villa Garden&amp;Design\" \/>\n<meta property=\"article:publisher\" content=\"https:\/\/www.facebook.com\/lavillagardendesign\/\" \/>\n<meta property=\"og:image\" content=\"https:\/\/www.lavillagardendesign.com\/wp-content\/uploads\/2026\/02\/2-14-1.jpg\" \/>\n\t<meta property=\"og:image:width\" content=\"700\" \/>\n\t<meta property=\"og:image:height\" content=\"800\" \/>\n\t<meta property=\"og:image:type\" content=\"image\/jpeg\" \/>\n<meta name=\"twitter:card\" content=\"summary_large_image\" \/>\n<script type=\"application\/ld+json\" class=\"yoast-schema-graph\">{\"@context\":\"https:\/\/schema.org\",\"@graph\":[{\"@type\":\"WebPage\",\"@id\":\"https:\/\/www.lavillagardendesign.com\/fr\/product\/luna-chaise-longue-de-piscine-en-corde-tressee-de-premiere-qualite-avec-coussin-technique\/\",\"url\":\"https:\/\/www.lavillagardendesign.com\/fr\/product\/luna-chaise-longue-de-piscine-en-corde-tressee-de-premiere-qualite-avec-coussin-technique\/\",\"name\":\"LUNA Chaise longue de luxe en corde et aluminium | La Villa Garden & Design\",\"isPartOf\":{\"@id\":\"https:\/\/www.lavillagardendesign.com\/#website\"},\"primaryImageOfPage\":{\"@id\":\"https:\/\/www.lavillagardendesign.com\/fr\/product\/luna-chaise-longue-de-piscine-en-corde-tressee-de-premiere-qualite-avec-coussin-technique\/#primaryimage\"},\"image\":{\"@id\":\"https:\/\/www.lavillagardendesign.com\/fr\/product\/luna-chaise-longue-de-piscine-en-corde-tressee-de-premiere-qualite-avec-coussin-technique\/#primaryimage\"},\"thumbnailUrl\":\"https:\/\/www.lavillagardendesign.com\/wp-content\/uploads\/2026\/02\/2-14-1.jpg\",\"datePublished\":\"2026-02-24T20:42:31+00:00\",\"description\":\"Chaise longue exclusive Luna. Design enveloppant en corde tress\u00e9e. Comprend un matelas de qualit\u00e9 sup\u00e9rieure (Axroma\/Olefin). Esth\u00e9tique moderne et confort maximal.\",\"breadcrumb\":{\"@id\":\"https:\/\/www.lavillagardendesign.com\/fr\/product\/luna-chaise-longue-de-piscine-en-corde-tressee-de-premiere-qualite-avec-coussin-technique\/#breadcrumb\"},\"inLanguage\":\"fr-FR\",\"potentialAction\":[{\"@type\":\"ReadAction\",\"target\":[\"https:\/\/www.lavillagardendesign.com\/fr\/product\/luna-chaise-longue-de-piscine-en-corde-tressee-de-premiere-qualite-avec-coussin-technique\/\"]}]},{\"@type\":\"ImageObject\",\"inLanguage\":\"fr-FR\",\"@id\":\"https:\/\/www.lavillagardendesign.com\/fr\/product\/luna-chaise-longue-de-piscine-en-corde-tressee-de-premiere-qualite-avec-coussin-technique\/#primaryimage\",\"url\":\"https:\/\/www.lavillagardendesign.com\/wp-content\/uploads\/2026\/02\/2-14-1.jpg\",\"contentUrl\":\"https:\/\/www.lavillagardendesign.com\/wp-content\/uploads\/2026\/02\/2-14-1.jpg\",\"width\":700,\"height\":800},{\"@type\":\"BreadcrumbList\",\"@id\":\"https:\/\/www.lavillagardendesign.com\/fr\/product\/luna-chaise-longue-de-piscine-en-corde-tressee-de-premiere-qualite-avec-coussin-technique\/#breadcrumb\",\"itemListElement\":[{\"@type\":\"ListItem\",\"position\":1,\"name\":\"Home\",\"item\":\"https:\/\/www.lavillagardendesign.com\/\"},{\"@type\":\"ListItem\",\"position\":2,\"name\":\"Boutique\",\"item\":\"https:\/\/www.lavillagardendesign.com\/fr\/boutique\/\"},{\"@type\":\"ListItem\",\"position\":3,\"name\":\"Private: LUNA &#8211; Chaise longue de piscine en corde tress\u00e9e de premi\u00e8re qualit\u00e9 avec coussin technique\"}]},{\"@type\":\"WebSite\",\"@id\":\"https:\/\/www.lavillagardendesign.com\/#website\",\"url\":\"https:\/\/www.lavillagardendesign.com\/\",\"name\":\"La Villa Garden&Design\",\"description\":\"\",\"publisher\":{\"@id\":\"https:\/\/www.lavillagardendesign.com\/#organization\"},\"potentialAction\":[{\"@type\":\"SearchAction\",\"target\":{\"@type\":\"EntryPoint\",\"urlTemplate\":\"https:\/\/www.lavillagardendesign.com\/?s={search_term_string}\"},\"query-input\":{\"@type\":\"PropertyValueSpecification\",\"valueRequired\":true,\"valueName\":\"search_term_string\"}}],\"inLanguage\":\"fr-FR\"},{\"@type\":\"Organization\",\"@id\":\"https:\/\/www.lavillagardendesign.com\/#organization\",\"name\":\"La Villa Garden&Design\",\"url\":\"https:\/\/www.lavillagardendesign.com\/\",\"logo\":{\"@type\":\"ImageObject\",\"inLanguage\":\"fr-FR\",\"@id\":\"https:\/\/www.lavillagardendesign.com\/#\/schema\/logo\/image\/\",\"url\":\"https:\/\/www.lavillagardendesign.com\/wp-content\/uploads\/2024\/04\/logolavilla.png\",\"contentUrl\":\"https:\/\/www.lavillagardendesign.com\/wp-content\/uploads\/2024\/04\/logolavilla.png\",\"width\":682,\"height\":391,\"caption\":\"La Villa Garden&Design\"},\"image\":{\"@id\":\"https:\/\/www.lavillagardendesign.com\/#\/schema\/logo\/image\/\"},\"sameAs\":[\"https:\/\/www.facebook.com\/lavillagardendesign\/\"]}]}<\/script>\n<!-- \/ Yoast SEO plugin. -->","yoast_head_json":{"title":"LUNA Chaise longue de luxe en corde et aluminium | La Villa Garden & Design","description":"Chaise longue exclusive Luna. Design enveloppant en corde tress\u00e9e. Comprend un matelas de qualit\u00e9 sup\u00e9rieure (Axroma\/Olefin). Esth\u00e9tique moderne et confort maximal.","robots":{"index":"index","follow":"follow","max-snippet":"max-snippet:-1","max-image-preview":"max-image-preview:large","max-video-preview":"max-video-preview:-1"},"canonical":"https:\/\/www.lavillagardendesign.com\/fr\/product\/luna-chaise-longue-de-piscine-en-corde-tressee-de-premiere-qualite-avec-coussin-technique\/","og_locale":"fr_FR","og_type":"article","og_title":"LUNA Chaise longue de luxe en corde et aluminium | La Villa Garden & Design","og_description":"Chaise longue exclusive Luna. Design enveloppant en corde tress\u00e9e. Comprend un matelas de qualit\u00e9 sup\u00e9rieure (Axroma\/Olefin). Esth\u00e9tique moderne et confort maximal.","og_url":"https:\/\/www.lavillagardendesign.com\/fr\/product\/luna-chaise-longue-de-piscine-en-corde-tressee-de-premiere-qualite-avec-coussin-technique\/","og_site_name":"La Villa Garden&amp;Design","article_publisher":"https:\/\/www.facebook.com\/lavillagardendesign\/","og_image":[{"width":700,"height":800,"url":"https:\/\/www.lavillagardendesign.com\/wp-content\/uploads\/2026\/02\/2-14-1.jpg","type":"image\/jpeg"}],"twitter_card":"summary_large_image","schema":{"@context":"https:\/\/schema.org","@graph":[{"@type":"WebPage","@id":"https:\/\/www.lavillagardendesign.com\/fr\/product\/luna-chaise-longue-de-piscine-en-corde-tressee-de-premiere-qualite-avec-coussin-technique\/","url":"https:\/\/www.lavillagardendesign.com\/fr\/product\/luna-chaise-longue-de-piscine-en-corde-tressee-de-premiere-qualite-avec-coussin-technique\/","name":"LUNA Chaise longue de luxe en corde et aluminium | La Villa Garden & Design","isPartOf":{"@id":"https:\/\/www.lavillagardendesign.com\/#website"},"primaryImageOfPage":{"@id":"https:\/\/www.lavillagardendesign.com\/fr\/product\/luna-chaise-longue-de-piscine-en-corde-tressee-de-premiere-qualite-avec-coussin-technique\/#primaryimage"},"image":{"@id":"https:\/\/www.lavillagardendesign.com\/fr\/product\/luna-chaise-longue-de-piscine-en-corde-tressee-de-premiere-qualite-avec-coussin-technique\/#primaryimage"},"thumbnailUrl":"https:\/\/www.lavillagardendesign.com\/wp-content\/uploads\/2026\/02\/2-14-1.jpg","datePublished":"2026-02-24T20:42:31+00:00","description":"Chaise longue exclusive Luna. Design enveloppant en corde tress\u00e9e. Comprend un matelas de qualit\u00e9 sup\u00e9rieure (Axroma\/Olefin). Esth\u00e9tique moderne et confort maximal.","breadcrumb":{"@id":"https:\/\/www.lavillagardendesign.com\/fr\/product\/luna-chaise-longue-de-piscine-en-corde-tressee-de-premiere-qualite-avec-coussin-technique\/#breadcrumb"},"inLanguage":"fr-FR","potentialAction":[{"@type":"ReadAction","target":["https:\/\/www.lavillagardendesign.com\/fr\/product\/luna-chaise-longue-de-piscine-en-corde-tressee-de-premiere-qualite-avec-coussin-technique\/"]}]},{"@type":"ImageObject","inLanguage":"fr-FR","@id":"https:\/\/www.lavillagardendesign.com\/fr\/product\/luna-chaise-longue-de-piscine-en-corde-tressee-de-premiere-qualite-avec-coussin-technique\/#primaryimage","url":"https:\/\/www.lavillagardendesign.com\/wp-content\/uploads\/2026\/02\/2-14-1.jpg","contentUrl":"https:\/\/www.lavillagardendesign.com\/wp-content\/uploads\/2026\/02\/2-14-1.jpg","width":700,"height":800},{"@type":"BreadcrumbList","@id":"https:\/\/www.lavillagardendesign.com\/fr\/product\/luna-chaise-longue-de-piscine-en-corde-tressee-de-premiere-qualite-avec-coussin-technique\/#breadcrumb","itemListElement":[{"@type":"ListItem","position":1,"name":"Home","item":"https:\/\/www.lavillagardendesign.com\/"},{"@type":"ListItem","position":2,"name":"Boutique","item":"https:\/\/www.lavillagardendesign.com\/fr\/boutique\/"},{"@type":"ListItem","position":3,"name":"Private: LUNA &#8211; Chaise longue de piscine en corde tress\u00e9e de premi\u00e8re qualit\u00e9 avec coussin technique"}]},{"@type":"WebSite","@id":"https:\/\/www.lavillagardendesign.com\/#website","url":"https:\/\/www.lavillagardendesign.com\/","name":"La Villa Garden&Design","description":"","publisher":{"@id":"https:\/\/www.lavillagardendesign.com\/#organization"},"potentialAction":[{"@type":"SearchAction","target":{"@type":"EntryPoint","urlTemplate":"https:\/\/www.lavillagardendesign.com\/?s={search_term_string}"},"query-input":{"@type":"PropertyValueSpecification","valueRequired":true,"valueName":"search_term_string"}}],"inLanguage":"fr-FR"},{"@type":"Organization","@id":"https:\/\/www.lavillagardendesign.com\/#organization","name":"La Villa Garden&Design","url":"https:\/\/www.lavillagardendesign.com\/","logo":{"@type":"ImageObject","inLanguage":"fr-FR","@id":"https:\/\/www.lavillagardendesign.com\/#\/schema\/logo\/image\/","url":"https:\/\/www.lavillagardendesign.com\/wp-content\/uploads\/2024\/04\/logolavilla.png","contentUrl":"https:\/\/www.lavillagardendesign.com\/wp-content\/uploads\/2024\/04\/logolavilla.png","width":682,"height":391,"caption":"La Villa Garden&Design"},"image":{"@id":"https:\/\/www.lavillagardendesign.com\/#\/schema\/logo\/image\/"},"sameAs":["https:\/\/www.facebook.com\/lavillagardendesign\/"]}]}},"_links":{"self":[{"href":"https:\/\/www.lavillagardendesign.com\/fr\/wp-json\/wp\/v2\/product\/64188","targetHints":{"allow":["GET"]}}],"collection":[{"href":"https:\/\/www.lavillagardendesign.com\/fr\/wp-json\/wp\/v2\/product"}],"about":[{"href":"https:\/\/www.lavillagardendesign.com\/fr\/wp-json\/wp\/v2\/types\/product"}],"replies":[{"embeddable":true,"href":"https:\/\/www.lavillagardendesign.com\/fr\/wp-json\/wp\/v2\/comments?post=64188"}],"version-history":[{"count":0,"href":"https:\/\/www.lavillagardendesign.com\/fr\/wp-json\/wp\/v2\/product\/64188\/revisions"}],"wp:featuredmedia":[{"embeddable":true,"href":"https:\/\/www.lavillagardendesign.com\/fr\/wp-json\/wp\/v2\/media\/64029"}],"wp:attachment":[{"href":"https:\/\/www.lavillagardendesign.com\/fr\/wp-json\/wp\/v2\/media?parent=64188"}],"wp:term":[{"taxonomy":"product_brand","embeddable":true,"href":"https:\/\/www.lavillagardendesign.com\/fr\/wp-json\/wp\/v2\/product_brand?post=64188"},{"taxonomy":"product_cat","embeddable":true,"href":"https:\/\/www.lavillagardendesign.com\/fr\/wp-json\/wp\/v2\/product_cat?post=64188"},{"taxonomy":"product_tag","embeddable":true,"href":"https:\/\/www.lavillagardendesign.com\/fr\/wp-json\/wp\/v2\/product_tag?post=64188"}],"curies":[{"name":"wp","href":"https:\/\/api.w.org\/{rel}","templated":true}]}}