{"id":64181,"date":"2026-02-24T21:42:31","date_gmt":"2026-02-24T20:42:31","guid":{"rendered":"https:\/\/www.lavillagardendesign.com\/product\/kakao-fauteuil-de-salle-a-manger-empilable-en-aluminium-et-corde-tressee\/"},"modified":"2026-02-24T21:42:31","modified_gmt":"2026-02-24T19:42:31","slug":"kakao-fauteuil-de-salle-a-manger-empilable-en-aluminium-et-corde-tressee","status":"publish","type":"product","link":"https:\/\/www.lavillagardendesign.com\/fr\/product\/kakao-fauteuil-de-salle-a-manger-empilable-en-aluminium-et-corde-tressee\/","title":{"rendered":"KAKAO &#8211; Fauteuil de salle \u00e0 manger empilable en aluminium et corde tress\u00e9e"},"content":{"rendered":"","protected":false},"excerpt":{"rendered":"<p>Le fauteuil de salle \u00e0 manger Kakao est l&rsquo;harmonie parfaite entre la force technique et la chaleur artisanale. Sa structure en aluminium peint par poudrage sert de toile \u00e0 un tissage \u00e9labor\u00e9 de cordes synth\u00e9tiques sur le dossier et les accoudoirs. Ce tissage offre non seulement une texture visuelle riche et sophistiqu\u00e9e, mais aussi un soutien dorsal souple et confortable. Malgr\u00e9 son aspect d\u00e9licat et \u00e9l\u00e9gant, la corde est trait\u00e9e pour r\u00e9sister aux rayons UV et \u00e0 l&rsquo;humidit\u00e9. De plus, sa conception empilable en fait une option fonctionnelle pour ceux qui cherchent \u00e0 rehausser l&rsquo;esth\u00e9tique de leur terrasse sans sacrifier l&rsquo;aspect pratique.    <\/p>\n","protected":false},"featured_media":64078,"comment_status":"open","ping_status":"closed","template":"","meta":[],"product_brand":[5001],"product_cat":[6832,2929,2931],"product_tag":[],"class_list":{"0":"post-64181","1":"product","2":"type-product","3":"status-publish","4":"has-post-thumbnail","6":"product_brand-la-villa-garden","7":"product_cat-outdoor-fr","8":"product_cat-chaises","9":"product_cat-chaises-repas","11":"first","12":"instock","13":"sale","14":"taxable","15":"shipping-taxable","16":"purchasable","17":"product-type-variable"},"yoast_head":"<!-- This site is optimized with the Yoast SEO plugin v27.1.1 - https:\/\/yoast.com\/product\/yoast-seo-wordpress\/ -->\n<title>Fauteuil empilable en corde et aluminium KAKAO | La Villa Garden &amp; Design<\/title>\n<meta name=\"description\" content=\"Fauteuil empilable Kakao. Design exclusif avec tissage de corde synth\u00e9tique et structure en aluminium. El\u00e9gance artisanale et durabilit\u00e9 pour votre jardin.\" \/>\n<meta name=\"robots\" content=\"index, follow, max-snippet:-1, max-image-preview:large, max-video-preview:-1\" \/>\n<link rel=\"canonical\" href=\"https:\/\/www.lavillagardendesign.com\/fr\/product\/kakao-fauteuil-de-salle-a-manger-empilable-en-aluminium-et-corde-tressee\/\" \/>\n<meta property=\"og:locale\" content=\"fr_FR\" \/>\n<meta property=\"og:type\" content=\"article\" \/>\n<meta property=\"og:title\" content=\"Fauteuil empilable en corde et aluminium KAKAO | La Villa Garden &amp; Design\" \/>\n<meta property=\"og:description\" content=\"Fauteuil empilable Kakao. Design exclusif avec tissage de corde synth\u00e9tique et structure en aluminium. El\u00e9gance artisanale et durabilit\u00e9 pour votre jardin.\" \/>\n<meta property=\"og:url\" content=\"https:\/\/www.lavillagardendesign.com\/fr\/product\/kakao-fauteuil-de-salle-a-manger-empilable-en-aluminium-et-corde-tressee\/\" \/>\n<meta property=\"og:site_name\" content=\"La Villa Garden&amp;Design\" \/>\n<meta property=\"article:publisher\" content=\"https:\/\/www.facebook.com\/lavillagardendesign\/\" \/>\n<meta property=\"og:image\" content=\"https:\/\/www.lavillagardendesign.com\/wp-content\/uploads\/2026\/02\/5-7.png\" \/>\n\t<meta property=\"og:image:width\" content=\"700\" \/>\n\t<meta property=\"og:image:height\" content=\"800\" \/>\n\t<meta property=\"og:image:type\" content=\"image\/png\" \/>\n<meta name=\"twitter:card\" content=\"summary_large_image\" \/>\n<script type=\"application\/ld+json\" class=\"yoast-schema-graph\">{\"@context\":\"https:\/\/schema.org\",\"@graph\":[{\"@type\":\"WebPage\",\"@id\":\"https:\/\/www.lavillagardendesign.com\/fr\/product\/kakao-fauteuil-de-salle-a-manger-empilable-en-aluminium-et-corde-tressee\/\",\"url\":\"https:\/\/www.lavillagardendesign.com\/fr\/product\/kakao-fauteuil-de-salle-a-manger-empilable-en-aluminium-et-corde-tressee\/\",\"name\":\"Fauteuil empilable en corde et aluminium KAKAO | La Villa Garden & Design\",\"isPartOf\":{\"@id\":\"https:\/\/www.lavillagardendesign.com\/#website\"},\"primaryImageOfPage\":{\"@id\":\"https:\/\/www.lavillagardendesign.com\/fr\/product\/kakao-fauteuil-de-salle-a-manger-empilable-en-aluminium-et-corde-tressee\/#primaryimage\"},\"image\":{\"@id\":\"https:\/\/www.lavillagardendesign.com\/fr\/product\/kakao-fauteuil-de-salle-a-manger-empilable-en-aluminium-et-corde-tressee\/#primaryimage\"},\"thumbnailUrl\":\"https:\/\/www.lavillagardendesign.com\/wp-content\/uploads\/2026\/02\/5-7.png\",\"datePublished\":\"2026-02-24T20:42:31+00:00\",\"description\":\"Fauteuil empilable Kakao. Design exclusif avec tissage de corde synth\u00e9tique et structure en aluminium. El\u00e9gance artisanale et durabilit\u00e9 pour votre jardin.\",\"breadcrumb\":{\"@id\":\"https:\/\/www.lavillagardendesign.com\/fr\/product\/kakao-fauteuil-de-salle-a-manger-empilable-en-aluminium-et-corde-tressee\/#breadcrumb\"},\"inLanguage\":\"fr-FR\",\"potentialAction\":[{\"@type\":\"ReadAction\",\"target\":[\"https:\/\/www.lavillagardendesign.com\/fr\/product\/kakao-fauteuil-de-salle-a-manger-empilable-en-aluminium-et-corde-tressee\/\"]}]},{\"@type\":\"ImageObject\",\"inLanguage\":\"fr-FR\",\"@id\":\"https:\/\/www.lavillagardendesign.com\/fr\/product\/kakao-fauteuil-de-salle-a-manger-empilable-en-aluminium-et-corde-tressee\/#primaryimage\",\"url\":\"https:\/\/www.lavillagardendesign.com\/wp-content\/uploads\/2026\/02\/5-7.png\",\"contentUrl\":\"https:\/\/www.lavillagardendesign.com\/wp-content\/uploads\/2026\/02\/5-7.png\",\"width\":700,\"height\":800},{\"@type\":\"BreadcrumbList\",\"@id\":\"https:\/\/www.lavillagardendesign.com\/fr\/product\/kakao-fauteuil-de-salle-a-manger-empilable-en-aluminium-et-corde-tressee\/#breadcrumb\",\"itemListElement\":[{\"@type\":\"ListItem\",\"position\":1,\"name\":\"Home\",\"item\":\"https:\/\/www.lavillagardendesign.com\/\"},{\"@type\":\"ListItem\",\"position\":2,\"name\":\"Boutique\",\"item\":\"https:\/\/www.lavillagardendesign.com\/fr\/boutique\/\"},{\"@type\":\"ListItem\",\"position\":3,\"name\":\"Private: KAKAO &#8211; Fauteuil de salle \u00e0 manger empilable en aluminium et corde tress\u00e9e\"}]},{\"@type\":\"WebSite\",\"@id\":\"https:\/\/www.lavillagardendesign.com\/#website\",\"url\":\"https:\/\/www.lavillagardendesign.com\/\",\"name\":\"La Villa Garden&Design\",\"description\":\"\",\"publisher\":{\"@id\":\"https:\/\/www.lavillagardendesign.com\/#organization\"},\"potentialAction\":[{\"@type\":\"SearchAction\",\"target\":{\"@type\":\"EntryPoint\",\"urlTemplate\":\"https:\/\/www.lavillagardendesign.com\/?s={search_term_string}\"},\"query-input\":{\"@type\":\"PropertyValueSpecification\",\"valueRequired\":true,\"valueName\":\"search_term_string\"}}],\"inLanguage\":\"fr-FR\"},{\"@type\":\"Organization\",\"@id\":\"https:\/\/www.lavillagardendesign.com\/#organization\",\"name\":\"La Villa Garden&Design\",\"url\":\"https:\/\/www.lavillagardendesign.com\/\",\"logo\":{\"@type\":\"ImageObject\",\"inLanguage\":\"fr-FR\",\"@id\":\"https:\/\/www.lavillagardendesign.com\/#\/schema\/logo\/image\/\",\"url\":\"https:\/\/www.lavillagardendesign.com\/wp-content\/uploads\/2024\/04\/logolavilla.png\",\"contentUrl\":\"https:\/\/www.lavillagardendesign.com\/wp-content\/uploads\/2024\/04\/logolavilla.png\",\"width\":682,\"height\":391,\"caption\":\"La Villa Garden&Design\"},\"image\":{\"@id\":\"https:\/\/www.lavillagardendesign.com\/#\/schema\/logo\/image\/\"},\"sameAs\":[\"https:\/\/www.facebook.com\/lavillagardendesign\/\"]}]}<\/script>\n<!-- \/ Yoast SEO plugin. -->","yoast_head_json":{"title":"Fauteuil empilable en corde et aluminium KAKAO | La Villa Garden & Design","description":"Fauteuil empilable Kakao. Design exclusif avec tissage de corde synth\u00e9tique et structure en aluminium. El\u00e9gance artisanale et durabilit\u00e9 pour votre jardin.","robots":{"index":"index","follow":"follow","max-snippet":"max-snippet:-1","max-image-preview":"max-image-preview:large","max-video-preview":"max-video-preview:-1"},"canonical":"https:\/\/www.lavillagardendesign.com\/fr\/product\/kakao-fauteuil-de-salle-a-manger-empilable-en-aluminium-et-corde-tressee\/","og_locale":"fr_FR","og_type":"article","og_title":"Fauteuil empilable en corde et aluminium KAKAO | La Villa Garden & Design","og_description":"Fauteuil empilable Kakao. Design exclusif avec tissage de corde synth\u00e9tique et structure en aluminium. El\u00e9gance artisanale et durabilit\u00e9 pour votre jardin.","og_url":"https:\/\/www.lavillagardendesign.com\/fr\/product\/kakao-fauteuil-de-salle-a-manger-empilable-en-aluminium-et-corde-tressee\/","og_site_name":"La Villa Garden&amp;Design","article_publisher":"https:\/\/www.facebook.com\/lavillagardendesign\/","og_image":[{"width":700,"height":800,"url":"https:\/\/www.lavillagardendesign.com\/wp-content\/uploads\/2026\/02\/5-7.png","type":"image\/png"}],"twitter_card":"summary_large_image","schema":{"@context":"https:\/\/schema.org","@graph":[{"@type":"WebPage","@id":"https:\/\/www.lavillagardendesign.com\/fr\/product\/kakao-fauteuil-de-salle-a-manger-empilable-en-aluminium-et-corde-tressee\/","url":"https:\/\/www.lavillagardendesign.com\/fr\/product\/kakao-fauteuil-de-salle-a-manger-empilable-en-aluminium-et-corde-tressee\/","name":"Fauteuil empilable en corde et aluminium KAKAO | La Villa Garden & Design","isPartOf":{"@id":"https:\/\/www.lavillagardendesign.com\/#website"},"primaryImageOfPage":{"@id":"https:\/\/www.lavillagardendesign.com\/fr\/product\/kakao-fauteuil-de-salle-a-manger-empilable-en-aluminium-et-corde-tressee\/#primaryimage"},"image":{"@id":"https:\/\/www.lavillagardendesign.com\/fr\/product\/kakao-fauteuil-de-salle-a-manger-empilable-en-aluminium-et-corde-tressee\/#primaryimage"},"thumbnailUrl":"https:\/\/www.lavillagardendesign.com\/wp-content\/uploads\/2026\/02\/5-7.png","datePublished":"2026-02-24T20:42:31+00:00","description":"Fauteuil empilable Kakao. Design exclusif avec tissage de corde synth\u00e9tique et structure en aluminium. El\u00e9gance artisanale et durabilit\u00e9 pour votre jardin.","breadcrumb":{"@id":"https:\/\/www.lavillagardendesign.com\/fr\/product\/kakao-fauteuil-de-salle-a-manger-empilable-en-aluminium-et-corde-tressee\/#breadcrumb"},"inLanguage":"fr-FR","potentialAction":[{"@type":"ReadAction","target":["https:\/\/www.lavillagardendesign.com\/fr\/product\/kakao-fauteuil-de-salle-a-manger-empilable-en-aluminium-et-corde-tressee\/"]}]},{"@type":"ImageObject","inLanguage":"fr-FR","@id":"https:\/\/www.lavillagardendesign.com\/fr\/product\/kakao-fauteuil-de-salle-a-manger-empilable-en-aluminium-et-corde-tressee\/#primaryimage","url":"https:\/\/www.lavillagardendesign.com\/wp-content\/uploads\/2026\/02\/5-7.png","contentUrl":"https:\/\/www.lavillagardendesign.com\/wp-content\/uploads\/2026\/02\/5-7.png","width":700,"height":800},{"@type":"BreadcrumbList","@id":"https:\/\/www.lavillagardendesign.com\/fr\/product\/kakao-fauteuil-de-salle-a-manger-empilable-en-aluminium-et-corde-tressee\/#breadcrumb","itemListElement":[{"@type":"ListItem","position":1,"name":"Home","item":"https:\/\/www.lavillagardendesign.com\/"},{"@type":"ListItem","position":2,"name":"Boutique","item":"https:\/\/www.lavillagardendesign.com\/fr\/boutique\/"},{"@type":"ListItem","position":3,"name":"Private: KAKAO &#8211; Fauteuil de salle \u00e0 manger empilable en aluminium et corde tress\u00e9e"}]},{"@type":"WebSite","@id":"https:\/\/www.lavillagardendesign.com\/#website","url":"https:\/\/www.lavillagardendesign.com\/","name":"La Villa Garden&Design","description":"","publisher":{"@id":"https:\/\/www.lavillagardendesign.com\/#organization"},"potentialAction":[{"@type":"SearchAction","target":{"@type":"EntryPoint","urlTemplate":"https:\/\/www.lavillagardendesign.com\/?s={search_term_string}"},"query-input":{"@type":"PropertyValueSpecification","valueRequired":true,"valueName":"search_term_string"}}],"inLanguage":"fr-FR"},{"@type":"Organization","@id":"https:\/\/www.lavillagardendesign.com\/#organization","name":"La Villa Garden&Design","url":"https:\/\/www.lavillagardendesign.com\/","logo":{"@type":"ImageObject","inLanguage":"fr-FR","@id":"https:\/\/www.lavillagardendesign.com\/#\/schema\/logo\/image\/","url":"https:\/\/www.lavillagardendesign.com\/wp-content\/uploads\/2024\/04\/logolavilla.png","contentUrl":"https:\/\/www.lavillagardendesign.com\/wp-content\/uploads\/2024\/04\/logolavilla.png","width":682,"height":391,"caption":"La Villa Garden&Design"},"image":{"@id":"https:\/\/www.lavillagardendesign.com\/#\/schema\/logo\/image\/"},"sameAs":["https:\/\/www.facebook.com\/lavillagardendesign\/"]}]}},"_links":{"self":[{"href":"https:\/\/www.lavillagardendesign.com\/fr\/wp-json\/wp\/v2\/product\/64181","targetHints":{"allow":["GET"]}}],"collection":[{"href":"https:\/\/www.lavillagardendesign.com\/fr\/wp-json\/wp\/v2\/product"}],"about":[{"href":"https:\/\/www.lavillagardendesign.com\/fr\/wp-json\/wp\/v2\/types\/product"}],"replies":[{"embeddable":true,"href":"https:\/\/www.lavillagardendesign.com\/fr\/wp-json\/wp\/v2\/comments?post=64181"}],"version-history":[{"count":0,"href":"https:\/\/www.lavillagardendesign.com\/fr\/wp-json\/wp\/v2\/product\/64181\/revisions"}],"wp:featuredmedia":[{"embeddable":true,"href":"https:\/\/www.lavillagardendesign.com\/fr\/wp-json\/wp\/v2\/media\/64078"}],"wp:attachment":[{"href":"https:\/\/www.lavillagardendesign.com\/fr\/wp-json\/wp\/v2\/media?parent=64181"}],"wp:term":[{"taxonomy":"product_brand","embeddable":true,"href":"https:\/\/www.lavillagardendesign.com\/fr\/wp-json\/wp\/v2\/product_brand?post=64181"},{"taxonomy":"product_cat","embeddable":true,"href":"https:\/\/www.lavillagardendesign.com\/fr\/wp-json\/wp\/v2\/product_cat?post=64181"},{"taxonomy":"product_tag","embeddable":true,"href":"https:\/\/www.lavillagardendesign.com\/fr\/wp-json\/wp\/v2\/product_tag?post=64181"}],"curies":[{"name":"wp","href":"https:\/\/api.w.org\/{rel}","templated":true}]}}