{"id":64166,"date":"2026-02-24T21:42:31","date_gmt":"2026-02-24T20:42:31","guid":{"rendered":"https:\/\/www.lavillagardendesign.com\/product\/dano-table-ronde-o108cm-aluminium-beige-et-plateau-dekton-ava\/"},"modified":"2026-02-24T21:42:31","modified_gmt":"2026-02-24T19:42:31","slug":"dano-table-ronde-o108cm-aluminium-beige-et-plateau-dekton-ava","status":"publish","type":"product","link":"https:\/\/www.lavillagardendesign.com\/fr\/product\/dano-table-ronde-o108cm-aluminium-beige-et-plateau-dekton-ava\/","title":{"rendered":"DANO &#8211; Table ronde \u00f8108cm aluminium beige et plateau Dekton Ava"},"content":{"rendered":"","protected":false},"excerpt":{"rendered":"<p>La table DANO allie l&rsquo;ing\u00e9nierie moderne \u00e0 la beaut\u00e9 \u00e9ternelle de la pierre technique. Son plateau Dekton Ava offre une esth\u00e9tique marbr\u00e9e chaleureuse et des performances in\u00e9gal\u00e9es : il est r\u00e9sistant aux rayures, au feu, aux taches et aux rayons UV, garantissant une durabilit\u00e9 \u00e9ternelle sans aucun entretien. Avec un diam\u00e8tre de 108 cm, c&rsquo;est la taille parfaite pour des d\u00eeners intimes pour 4 personnes sur des balcons ou des terrasses o\u00f9 il est essentiel de maximiser l&rsquo;espace sans faire de compromis sur l&rsquo;excellence. La structure en aluminium beige adoucit l&rsquo;aspect, s&rsquo;int\u00e9grant parfaitement au style m\u00e9diterran\u00e9en lumineux de la Costa Brava.   <\/p>\n","protected":false},"featured_media":64100,"comment_status":"open","ping_status":"closed","template":"","meta":[],"product_brand":[5001],"product_cat":[6832,2944,2946],"product_tag":[],"class_list":{"0":"post-64166","1":"product","2":"type-product","3":"status-publish","4":"has-post-thumbnail","6":"product_brand-la-villa-garden","7":"product_cat-outdoor-fr","8":"product_cat-tables-fr","9":"product_cat-tables-repas","11":"first","12":"instock","13":"sale","14":"taxable","15":"shipping-taxable","16":"purchasable","17":"product-type-simple"},"yoast_head":"<!-- This site is optimized with the Yoast SEO plugin v27.1.1 - https:\/\/yoast.com\/product\/yoast-seo-wordpress\/ -->\n<title>Table ronde DANO Dekton Ava &amp; Aluminium | La Villa Garden &amp; Design<\/title>\n<meta name=\"description\" content=\"Table exclusive Dano (\u00f8108cm). Plateau Dekton Ava ultra-r\u00e9sistant et pi\u00e9tement beige. Design compact et luxueux pour 4 personnes. Durabilit\u00e9 maximale.\" \/>\n<meta name=\"robots\" content=\"index, follow, max-snippet:-1, max-image-preview:large, max-video-preview:-1\" \/>\n<link rel=\"canonical\" href=\"https:\/\/www.lavillagardendesign.com\/fr\/product\/dano-table-ronde-o108cm-aluminium-beige-et-plateau-dekton-ava\/\" \/>\n<meta property=\"og:locale\" content=\"fr_FR\" \/>\n<meta property=\"og:type\" content=\"article\" \/>\n<meta property=\"og:title\" content=\"Table ronde DANO Dekton Ava &amp; Aluminium | La Villa Garden &amp; Design\" \/>\n<meta property=\"og:description\" content=\"Table exclusive Dano (\u00f8108cm). Plateau Dekton Ava ultra-r\u00e9sistant et pi\u00e9tement beige. Design compact et luxueux pour 4 personnes. Durabilit\u00e9 maximale.\" \/>\n<meta property=\"og:url\" content=\"https:\/\/www.lavillagardendesign.com\/fr\/product\/dano-table-ronde-o108cm-aluminium-beige-et-plateau-dekton-ava\/\" \/>\n<meta property=\"og:site_name\" content=\"La Villa Garden&amp;Design\" \/>\n<meta property=\"article:publisher\" content=\"https:\/\/www.facebook.com\/lavillagardendesign\/\" \/>\n<meta property=\"og:image\" content=\"https:\/\/www.lavillagardendesign.com\/wp-content\/uploads\/2026\/02\/1-11.png\" \/>\n\t<meta property=\"og:image:width\" content=\"700\" \/>\n\t<meta property=\"og:image:height\" content=\"800\" \/>\n\t<meta property=\"og:image:type\" content=\"image\/png\" \/>\n<meta name=\"twitter:card\" content=\"summary_large_image\" \/>\n<script type=\"application\/ld+json\" class=\"yoast-schema-graph\">{\"@context\":\"https:\/\/schema.org\",\"@graph\":[{\"@type\":\"WebPage\",\"@id\":\"https:\/\/www.lavillagardendesign.com\/fr\/product\/dano-table-ronde-o108cm-aluminium-beige-et-plateau-dekton-ava\/\",\"url\":\"https:\/\/www.lavillagardendesign.com\/fr\/product\/dano-table-ronde-o108cm-aluminium-beige-et-plateau-dekton-ava\/\",\"name\":\"Table ronde DANO Dekton Ava & Aluminium | La Villa Garden & Design\",\"isPartOf\":{\"@id\":\"https:\/\/www.lavillagardendesign.com\/#website\"},\"primaryImageOfPage\":{\"@id\":\"https:\/\/www.lavillagardendesign.com\/fr\/product\/dano-table-ronde-o108cm-aluminium-beige-et-plateau-dekton-ava\/#primaryimage\"},\"image\":{\"@id\":\"https:\/\/www.lavillagardendesign.com\/fr\/product\/dano-table-ronde-o108cm-aluminium-beige-et-plateau-dekton-ava\/#primaryimage\"},\"thumbnailUrl\":\"https:\/\/www.lavillagardendesign.com\/wp-content\/uploads\/2026\/02\/1-11.png\",\"datePublished\":\"2026-02-24T20:42:31+00:00\",\"description\":\"Table exclusive Dano (\u00f8108cm). Plateau Dekton Ava ultra-r\u00e9sistant et pi\u00e9tement beige. Design compact et luxueux pour 4 personnes. Durabilit\u00e9 maximale.\",\"breadcrumb\":{\"@id\":\"https:\/\/www.lavillagardendesign.com\/fr\/product\/dano-table-ronde-o108cm-aluminium-beige-et-plateau-dekton-ava\/#breadcrumb\"},\"inLanguage\":\"fr-FR\",\"potentialAction\":[{\"@type\":\"ReadAction\",\"target\":[\"https:\/\/www.lavillagardendesign.com\/fr\/product\/dano-table-ronde-o108cm-aluminium-beige-et-plateau-dekton-ava\/\"]}]},{\"@type\":\"ImageObject\",\"inLanguage\":\"fr-FR\",\"@id\":\"https:\/\/www.lavillagardendesign.com\/fr\/product\/dano-table-ronde-o108cm-aluminium-beige-et-plateau-dekton-ava\/#primaryimage\",\"url\":\"https:\/\/www.lavillagardendesign.com\/wp-content\/uploads\/2026\/02\/1-11.png\",\"contentUrl\":\"https:\/\/www.lavillagardendesign.com\/wp-content\/uploads\/2026\/02\/1-11.png\",\"width\":700,\"height\":800},{\"@type\":\"BreadcrumbList\",\"@id\":\"https:\/\/www.lavillagardendesign.com\/fr\/product\/dano-table-ronde-o108cm-aluminium-beige-et-plateau-dekton-ava\/#breadcrumb\",\"itemListElement\":[{\"@type\":\"ListItem\",\"position\":1,\"name\":\"Home\",\"item\":\"https:\/\/www.lavillagardendesign.com\/\"},{\"@type\":\"ListItem\",\"position\":2,\"name\":\"Boutique\",\"item\":\"https:\/\/www.lavillagardendesign.com\/fr\/boutique\/\"},{\"@type\":\"ListItem\",\"position\":3,\"name\":\"Private: DANO &#8211; Table ronde \u00f8108cm aluminium beige et plateau Dekton Ava\"}]},{\"@type\":\"WebSite\",\"@id\":\"https:\/\/www.lavillagardendesign.com\/#website\",\"url\":\"https:\/\/www.lavillagardendesign.com\/\",\"name\":\"La Villa Garden&Design\",\"description\":\"\",\"publisher\":{\"@id\":\"https:\/\/www.lavillagardendesign.com\/#organization\"},\"potentialAction\":[{\"@type\":\"SearchAction\",\"target\":{\"@type\":\"EntryPoint\",\"urlTemplate\":\"https:\/\/www.lavillagardendesign.com\/?s={search_term_string}\"},\"query-input\":{\"@type\":\"PropertyValueSpecification\",\"valueRequired\":true,\"valueName\":\"search_term_string\"}}],\"inLanguage\":\"fr-FR\"},{\"@type\":\"Organization\",\"@id\":\"https:\/\/www.lavillagardendesign.com\/#organization\",\"name\":\"La Villa Garden&Design\",\"url\":\"https:\/\/www.lavillagardendesign.com\/\",\"logo\":{\"@type\":\"ImageObject\",\"inLanguage\":\"fr-FR\",\"@id\":\"https:\/\/www.lavillagardendesign.com\/#\/schema\/logo\/image\/\",\"url\":\"https:\/\/www.lavillagardendesign.com\/wp-content\/uploads\/2024\/04\/logolavilla.png\",\"contentUrl\":\"https:\/\/www.lavillagardendesign.com\/wp-content\/uploads\/2024\/04\/logolavilla.png\",\"width\":682,\"height\":391,\"caption\":\"La Villa Garden&Design\"},\"image\":{\"@id\":\"https:\/\/www.lavillagardendesign.com\/#\/schema\/logo\/image\/\"},\"sameAs\":[\"https:\/\/www.facebook.com\/lavillagardendesign\/\"]}]}<\/script>\n<!-- \/ Yoast SEO plugin. -->","yoast_head_json":{"title":"Table ronde DANO Dekton Ava & Aluminium | La Villa Garden & Design","description":"Table exclusive Dano (\u00f8108cm). Plateau Dekton Ava ultra-r\u00e9sistant et pi\u00e9tement beige. Design compact et luxueux pour 4 personnes. Durabilit\u00e9 maximale.","robots":{"index":"index","follow":"follow","max-snippet":"max-snippet:-1","max-image-preview":"max-image-preview:large","max-video-preview":"max-video-preview:-1"},"canonical":"https:\/\/www.lavillagardendesign.com\/fr\/product\/dano-table-ronde-o108cm-aluminium-beige-et-plateau-dekton-ava\/","og_locale":"fr_FR","og_type":"article","og_title":"Table ronde DANO Dekton Ava & Aluminium | La Villa Garden & Design","og_description":"Table exclusive Dano (\u00f8108cm). Plateau Dekton Ava ultra-r\u00e9sistant et pi\u00e9tement beige. Design compact et luxueux pour 4 personnes. Durabilit\u00e9 maximale.","og_url":"https:\/\/www.lavillagardendesign.com\/fr\/product\/dano-table-ronde-o108cm-aluminium-beige-et-plateau-dekton-ava\/","og_site_name":"La Villa Garden&amp;Design","article_publisher":"https:\/\/www.facebook.com\/lavillagardendesign\/","og_image":[{"width":700,"height":800,"url":"https:\/\/www.lavillagardendesign.com\/wp-content\/uploads\/2026\/02\/1-11.png","type":"image\/png"}],"twitter_card":"summary_large_image","schema":{"@context":"https:\/\/schema.org","@graph":[{"@type":"WebPage","@id":"https:\/\/www.lavillagardendesign.com\/fr\/product\/dano-table-ronde-o108cm-aluminium-beige-et-plateau-dekton-ava\/","url":"https:\/\/www.lavillagardendesign.com\/fr\/product\/dano-table-ronde-o108cm-aluminium-beige-et-plateau-dekton-ava\/","name":"Table ronde DANO Dekton Ava & Aluminium | La Villa Garden & Design","isPartOf":{"@id":"https:\/\/www.lavillagardendesign.com\/#website"},"primaryImageOfPage":{"@id":"https:\/\/www.lavillagardendesign.com\/fr\/product\/dano-table-ronde-o108cm-aluminium-beige-et-plateau-dekton-ava\/#primaryimage"},"image":{"@id":"https:\/\/www.lavillagardendesign.com\/fr\/product\/dano-table-ronde-o108cm-aluminium-beige-et-plateau-dekton-ava\/#primaryimage"},"thumbnailUrl":"https:\/\/www.lavillagardendesign.com\/wp-content\/uploads\/2026\/02\/1-11.png","datePublished":"2026-02-24T20:42:31+00:00","description":"Table exclusive Dano (\u00f8108cm). Plateau Dekton Ava ultra-r\u00e9sistant et pi\u00e9tement beige. Design compact et luxueux pour 4 personnes. Durabilit\u00e9 maximale.","breadcrumb":{"@id":"https:\/\/www.lavillagardendesign.com\/fr\/product\/dano-table-ronde-o108cm-aluminium-beige-et-plateau-dekton-ava\/#breadcrumb"},"inLanguage":"fr-FR","potentialAction":[{"@type":"ReadAction","target":["https:\/\/www.lavillagardendesign.com\/fr\/product\/dano-table-ronde-o108cm-aluminium-beige-et-plateau-dekton-ava\/"]}]},{"@type":"ImageObject","inLanguage":"fr-FR","@id":"https:\/\/www.lavillagardendesign.com\/fr\/product\/dano-table-ronde-o108cm-aluminium-beige-et-plateau-dekton-ava\/#primaryimage","url":"https:\/\/www.lavillagardendesign.com\/wp-content\/uploads\/2026\/02\/1-11.png","contentUrl":"https:\/\/www.lavillagardendesign.com\/wp-content\/uploads\/2026\/02\/1-11.png","width":700,"height":800},{"@type":"BreadcrumbList","@id":"https:\/\/www.lavillagardendesign.com\/fr\/product\/dano-table-ronde-o108cm-aluminium-beige-et-plateau-dekton-ava\/#breadcrumb","itemListElement":[{"@type":"ListItem","position":1,"name":"Home","item":"https:\/\/www.lavillagardendesign.com\/"},{"@type":"ListItem","position":2,"name":"Boutique","item":"https:\/\/www.lavillagardendesign.com\/fr\/boutique\/"},{"@type":"ListItem","position":3,"name":"Private: DANO &#8211; Table ronde \u00f8108cm aluminium beige et plateau Dekton Ava"}]},{"@type":"WebSite","@id":"https:\/\/www.lavillagardendesign.com\/#website","url":"https:\/\/www.lavillagardendesign.com\/","name":"La Villa Garden&Design","description":"","publisher":{"@id":"https:\/\/www.lavillagardendesign.com\/#organization"},"potentialAction":[{"@type":"SearchAction","target":{"@type":"EntryPoint","urlTemplate":"https:\/\/www.lavillagardendesign.com\/?s={search_term_string}"},"query-input":{"@type":"PropertyValueSpecification","valueRequired":true,"valueName":"search_term_string"}}],"inLanguage":"fr-FR"},{"@type":"Organization","@id":"https:\/\/www.lavillagardendesign.com\/#organization","name":"La Villa Garden&Design","url":"https:\/\/www.lavillagardendesign.com\/","logo":{"@type":"ImageObject","inLanguage":"fr-FR","@id":"https:\/\/www.lavillagardendesign.com\/#\/schema\/logo\/image\/","url":"https:\/\/www.lavillagardendesign.com\/wp-content\/uploads\/2024\/04\/logolavilla.png","contentUrl":"https:\/\/www.lavillagardendesign.com\/wp-content\/uploads\/2024\/04\/logolavilla.png","width":682,"height":391,"caption":"La Villa Garden&Design"},"image":{"@id":"https:\/\/www.lavillagardendesign.com\/#\/schema\/logo\/image\/"},"sameAs":["https:\/\/www.facebook.com\/lavillagardendesign\/"]}]}},"_links":{"self":[{"href":"https:\/\/www.lavillagardendesign.com\/fr\/wp-json\/wp\/v2\/product\/64166","targetHints":{"allow":["GET"]}}],"collection":[{"href":"https:\/\/www.lavillagardendesign.com\/fr\/wp-json\/wp\/v2\/product"}],"about":[{"href":"https:\/\/www.lavillagardendesign.com\/fr\/wp-json\/wp\/v2\/types\/product"}],"replies":[{"embeddable":true,"href":"https:\/\/www.lavillagardendesign.com\/fr\/wp-json\/wp\/v2\/comments?post=64166"}],"version-history":[{"count":0,"href":"https:\/\/www.lavillagardendesign.com\/fr\/wp-json\/wp\/v2\/product\/64166\/revisions"}],"wp:featuredmedia":[{"embeddable":true,"href":"https:\/\/www.lavillagardendesign.com\/fr\/wp-json\/wp\/v2\/media\/64100"}],"wp:attachment":[{"href":"https:\/\/www.lavillagardendesign.com\/fr\/wp-json\/wp\/v2\/media?parent=64166"}],"wp:term":[{"taxonomy":"product_brand","embeddable":true,"href":"https:\/\/www.lavillagardendesign.com\/fr\/wp-json\/wp\/v2\/product_brand?post=64166"},{"taxonomy":"product_cat","embeddable":true,"href":"https:\/\/www.lavillagardendesign.com\/fr\/wp-json\/wp\/v2\/product_cat?post=64166"},{"taxonomy":"product_tag","embeddable":true,"href":"https:\/\/www.lavillagardendesign.com\/fr\/wp-json\/wp\/v2\/product_tag?post=64166"}],"curies":[{"name":"wp","href":"https:\/\/api.w.org\/{rel}","templated":true}]}}