{"id":63988,"date":"2026-02-24T21:42:29","date_gmt":"2026-02-24T20:42:29","guid":{"rendered":"https:\/\/www.lavillagardendesign.com\/product\/aruna-fauteuil-relax-en-teck-et-corde-dolefine\/"},"modified":"2026-02-24T21:42:29","modified_gmt":"2026-02-24T19:42:29","slug":"aruna-fauteuil-relax-en-teck-et-corde-dolefine","status":"publish","type":"product","link":"https:\/\/www.lavillagardendesign.com\/fr\/product\/aruna-fauteuil-relax-en-teck-et-corde-dolefine\/","title":{"rendered":"ARUNA &#8211; Fauteuil relax en teck et corde d&rsquo;ol\u00e9fine"},"content":{"rendered":"","protected":false},"excerpt":{"rendered":"<p>Cr\u00e9ez un sanctuaire de calme avec le fauteuil relax Aruna, une pi\u00e8ce qui exalte la beaut\u00e9 des mat\u00e9riaux nobles. D&rsquo;une architecture plus basse et plus profonde que son homologue de salle \u00e0 manger, ce fauteuil invite \u00e0 une d\u00e9tente prolong\u00e9e. La solidit\u00e9 du bois de teck est adoucie par le tissage complexe de la corde d&rsquo;ol\u00e9fine beige, offrant un soutien ergonomique et rafra\u00eechissant. Id\u00e9al pour am\u00e9nager des espaces de d\u00e9tente sous un porche ou au bord de la piscine, ce mobilier r\u00e9siste non seulement au climat m\u00e9diterran\u00e9en mais vieillit avec \u00e9l\u00e9gance, devenant ainsi le point fort de votre jardin.   <\/p>\n","protected":false},"featured_media":63845,"comment_status":"open","ping_status":"closed","template":"","meta":[],"product_brand":[5001],"product_cat":[6832,2935,2936],"product_tag":[],"class_list":{"0":"post-63988","1":"product","2":"type-product","3":"status-publish","4":"has-post-thumbnail","6":"product_brand-la-villa-garden","7":"product_cat-outdoor-fr","8":"product_cat-canapes-fauteuils","9":"product_cat-fauteuils","11":"first","12":"instock","13":"sale","14":"taxable","15":"shipping-taxable","16":"purchasable","17":"product-type-simple"},"yoast_head":"<!-- This site is optimized with the Yoast SEO plugin v27.1.1 - https:\/\/yoast.com\/product\/yoast-seo-wordpress\/ -->\n<title>ARUNA Fauteuil relax en teck et corde | La Villa Garden &amp; Design<\/title>\n<meta name=\"description\" content=\"D\u00e9couvrez le fauteuil relax Aruna. Structure en teck de premi\u00e8re qualit\u00e9 et corde en ol\u00e9fine beige. Confort maximal et design exclusif pour les espaces de d\u00e9tente ext\u00e9rieurs.\" \/>\n<meta name=\"robots\" content=\"index, follow, max-snippet:-1, max-image-preview:large, max-video-preview:-1\" \/>\n<link rel=\"canonical\" href=\"https:\/\/www.lavillagardendesign.com\/fr\/product\/aruna-fauteuil-relax-en-teck-et-corde-dolefine\/\" \/>\n<meta property=\"og:locale\" content=\"fr_FR\" \/>\n<meta property=\"og:type\" content=\"article\" \/>\n<meta property=\"og:title\" content=\"ARUNA Fauteuil relax en teck et corde | La Villa Garden &amp; Design\" \/>\n<meta property=\"og:description\" content=\"D\u00e9couvrez le fauteuil relax Aruna. Structure en teck de premi\u00e8re qualit\u00e9 et corde en ol\u00e9fine beige. Confort maximal et design exclusif pour les espaces de d\u00e9tente ext\u00e9rieurs.\" \/>\n<meta property=\"og:url\" content=\"https:\/\/www.lavillagardendesign.com\/fr\/product\/aruna-fauteuil-relax-en-teck-et-corde-dolefine\/\" \/>\n<meta property=\"og:site_name\" content=\"La Villa Garden&amp;Design\" \/>\n<meta property=\"article:publisher\" content=\"https:\/\/www.facebook.com\/lavillagardendesign\/\" \/>\n<meta property=\"og:image\" content=\"https:\/\/www.lavillagardendesign.com\/wp-content\/uploads\/2026\/02\/3-10-2.jpg\" \/>\n\t<meta property=\"og:image:width\" content=\"700\" \/>\n\t<meta property=\"og:image:height\" content=\"800\" \/>\n\t<meta property=\"og:image:type\" content=\"image\/jpeg\" \/>\n<meta name=\"twitter:card\" content=\"summary_large_image\" \/>\n<script type=\"application\/ld+json\" class=\"yoast-schema-graph\">{\"@context\":\"https:\/\/schema.org\",\"@graph\":[{\"@type\":\"WebPage\",\"@id\":\"https:\/\/www.lavillagardendesign.com\/fr\/product\/aruna-fauteuil-relax-en-teck-et-corde-dolefine\/\",\"url\":\"https:\/\/www.lavillagardendesign.com\/fr\/product\/aruna-fauteuil-relax-en-teck-et-corde-dolefine\/\",\"name\":\"ARUNA Fauteuil relax en teck et corde | La Villa Garden & Design\",\"isPartOf\":{\"@id\":\"https:\/\/www.lavillagardendesign.com\/#website\"},\"primaryImageOfPage\":{\"@id\":\"https:\/\/www.lavillagardendesign.com\/fr\/product\/aruna-fauteuil-relax-en-teck-et-corde-dolefine\/#primaryimage\"},\"image\":{\"@id\":\"https:\/\/www.lavillagardendesign.com\/fr\/product\/aruna-fauteuil-relax-en-teck-et-corde-dolefine\/#primaryimage\"},\"thumbnailUrl\":\"https:\/\/www.lavillagardendesign.com\/wp-content\/uploads\/2026\/02\/3-10-2.jpg\",\"datePublished\":\"2026-02-24T20:42:29+00:00\",\"description\":\"D\u00e9couvrez le fauteuil relax Aruna. Structure en teck de premi\u00e8re qualit\u00e9 et corde en ol\u00e9fine beige. Confort maximal et design exclusif pour les espaces de d\u00e9tente ext\u00e9rieurs.\",\"breadcrumb\":{\"@id\":\"https:\/\/www.lavillagardendesign.com\/fr\/product\/aruna-fauteuil-relax-en-teck-et-corde-dolefine\/#breadcrumb\"},\"inLanguage\":\"fr-FR\",\"potentialAction\":[{\"@type\":\"ReadAction\",\"target\":[\"https:\/\/www.lavillagardendesign.com\/fr\/product\/aruna-fauteuil-relax-en-teck-et-corde-dolefine\/\"]}]},{\"@type\":\"ImageObject\",\"inLanguage\":\"fr-FR\",\"@id\":\"https:\/\/www.lavillagardendesign.com\/fr\/product\/aruna-fauteuil-relax-en-teck-et-corde-dolefine\/#primaryimage\",\"url\":\"https:\/\/www.lavillagardendesign.com\/wp-content\/uploads\/2026\/02\/3-10-2.jpg\",\"contentUrl\":\"https:\/\/www.lavillagardendesign.com\/wp-content\/uploads\/2026\/02\/3-10-2.jpg\",\"width\":700,\"height\":800},{\"@type\":\"BreadcrumbList\",\"@id\":\"https:\/\/www.lavillagardendesign.com\/fr\/product\/aruna-fauteuil-relax-en-teck-et-corde-dolefine\/#breadcrumb\",\"itemListElement\":[{\"@type\":\"ListItem\",\"position\":1,\"name\":\"Home\",\"item\":\"https:\/\/www.lavillagardendesign.com\/\"},{\"@type\":\"ListItem\",\"position\":2,\"name\":\"Boutique\",\"item\":\"https:\/\/www.lavillagardendesign.com\/fr\/boutique\/\"},{\"@type\":\"ListItem\",\"position\":3,\"name\":\"ARUNA &#8211; Fauteuil relax en teck et corde d&rsquo;ol\u00e9fine\"}]},{\"@type\":\"WebSite\",\"@id\":\"https:\/\/www.lavillagardendesign.com\/#website\",\"url\":\"https:\/\/www.lavillagardendesign.com\/\",\"name\":\"La Villa Garden&Design\",\"description\":\"\",\"publisher\":{\"@id\":\"https:\/\/www.lavillagardendesign.com\/#organization\"},\"potentialAction\":[{\"@type\":\"SearchAction\",\"target\":{\"@type\":\"EntryPoint\",\"urlTemplate\":\"https:\/\/www.lavillagardendesign.com\/?s={search_term_string}\"},\"query-input\":{\"@type\":\"PropertyValueSpecification\",\"valueRequired\":true,\"valueName\":\"search_term_string\"}}],\"inLanguage\":\"fr-FR\"},{\"@type\":\"Organization\",\"@id\":\"https:\/\/www.lavillagardendesign.com\/#organization\",\"name\":\"La Villa Garden&Design\",\"url\":\"https:\/\/www.lavillagardendesign.com\/\",\"logo\":{\"@type\":\"ImageObject\",\"inLanguage\":\"fr-FR\",\"@id\":\"https:\/\/www.lavillagardendesign.com\/#\/schema\/logo\/image\/\",\"url\":\"https:\/\/www.lavillagardendesign.com\/wp-content\/uploads\/2024\/04\/logolavilla.png\",\"contentUrl\":\"https:\/\/www.lavillagardendesign.com\/wp-content\/uploads\/2024\/04\/logolavilla.png\",\"width\":682,\"height\":391,\"caption\":\"La Villa Garden&Design\"},\"image\":{\"@id\":\"https:\/\/www.lavillagardendesign.com\/#\/schema\/logo\/image\/\"},\"sameAs\":[\"https:\/\/www.facebook.com\/lavillagardendesign\/\"]}]}<\/script>\n<!-- \/ Yoast SEO plugin. -->","yoast_head_json":{"title":"ARUNA Fauteuil relax en teck et corde | La Villa Garden & Design","description":"D\u00e9couvrez le fauteuil relax Aruna. Structure en teck de premi\u00e8re qualit\u00e9 et corde en ol\u00e9fine beige. Confort maximal et design exclusif pour les espaces de d\u00e9tente ext\u00e9rieurs.","robots":{"index":"index","follow":"follow","max-snippet":"max-snippet:-1","max-image-preview":"max-image-preview:large","max-video-preview":"max-video-preview:-1"},"canonical":"https:\/\/www.lavillagardendesign.com\/fr\/product\/aruna-fauteuil-relax-en-teck-et-corde-dolefine\/","og_locale":"fr_FR","og_type":"article","og_title":"ARUNA Fauteuil relax en teck et corde | La Villa Garden & Design","og_description":"D\u00e9couvrez le fauteuil relax Aruna. Structure en teck de premi\u00e8re qualit\u00e9 et corde en ol\u00e9fine beige. Confort maximal et design exclusif pour les espaces de d\u00e9tente ext\u00e9rieurs.","og_url":"https:\/\/www.lavillagardendesign.com\/fr\/product\/aruna-fauteuil-relax-en-teck-et-corde-dolefine\/","og_site_name":"La Villa Garden&amp;Design","article_publisher":"https:\/\/www.facebook.com\/lavillagardendesign\/","og_image":[{"width":700,"height":800,"url":"https:\/\/www.lavillagardendesign.com\/wp-content\/uploads\/2026\/02\/3-10-2.jpg","type":"image\/jpeg"}],"twitter_card":"summary_large_image","schema":{"@context":"https:\/\/schema.org","@graph":[{"@type":"WebPage","@id":"https:\/\/www.lavillagardendesign.com\/fr\/product\/aruna-fauteuil-relax-en-teck-et-corde-dolefine\/","url":"https:\/\/www.lavillagardendesign.com\/fr\/product\/aruna-fauteuil-relax-en-teck-et-corde-dolefine\/","name":"ARUNA Fauteuil relax en teck et corde | La Villa Garden & Design","isPartOf":{"@id":"https:\/\/www.lavillagardendesign.com\/#website"},"primaryImageOfPage":{"@id":"https:\/\/www.lavillagardendesign.com\/fr\/product\/aruna-fauteuil-relax-en-teck-et-corde-dolefine\/#primaryimage"},"image":{"@id":"https:\/\/www.lavillagardendesign.com\/fr\/product\/aruna-fauteuil-relax-en-teck-et-corde-dolefine\/#primaryimage"},"thumbnailUrl":"https:\/\/www.lavillagardendesign.com\/wp-content\/uploads\/2026\/02\/3-10-2.jpg","datePublished":"2026-02-24T20:42:29+00:00","description":"D\u00e9couvrez le fauteuil relax Aruna. Structure en teck de premi\u00e8re qualit\u00e9 et corde en ol\u00e9fine beige. Confort maximal et design exclusif pour les espaces de d\u00e9tente ext\u00e9rieurs.","breadcrumb":{"@id":"https:\/\/www.lavillagardendesign.com\/fr\/product\/aruna-fauteuil-relax-en-teck-et-corde-dolefine\/#breadcrumb"},"inLanguage":"fr-FR","potentialAction":[{"@type":"ReadAction","target":["https:\/\/www.lavillagardendesign.com\/fr\/product\/aruna-fauteuil-relax-en-teck-et-corde-dolefine\/"]}]},{"@type":"ImageObject","inLanguage":"fr-FR","@id":"https:\/\/www.lavillagardendesign.com\/fr\/product\/aruna-fauteuil-relax-en-teck-et-corde-dolefine\/#primaryimage","url":"https:\/\/www.lavillagardendesign.com\/wp-content\/uploads\/2026\/02\/3-10-2.jpg","contentUrl":"https:\/\/www.lavillagardendesign.com\/wp-content\/uploads\/2026\/02\/3-10-2.jpg","width":700,"height":800},{"@type":"BreadcrumbList","@id":"https:\/\/www.lavillagardendesign.com\/fr\/product\/aruna-fauteuil-relax-en-teck-et-corde-dolefine\/#breadcrumb","itemListElement":[{"@type":"ListItem","position":1,"name":"Home","item":"https:\/\/www.lavillagardendesign.com\/"},{"@type":"ListItem","position":2,"name":"Boutique","item":"https:\/\/www.lavillagardendesign.com\/fr\/boutique\/"},{"@type":"ListItem","position":3,"name":"ARUNA &#8211; Fauteuil relax en teck et corde d&rsquo;ol\u00e9fine"}]},{"@type":"WebSite","@id":"https:\/\/www.lavillagardendesign.com\/#website","url":"https:\/\/www.lavillagardendesign.com\/","name":"La Villa Garden&Design","description":"","publisher":{"@id":"https:\/\/www.lavillagardendesign.com\/#organization"},"potentialAction":[{"@type":"SearchAction","target":{"@type":"EntryPoint","urlTemplate":"https:\/\/www.lavillagardendesign.com\/?s={search_term_string}"},"query-input":{"@type":"PropertyValueSpecification","valueRequired":true,"valueName":"search_term_string"}}],"inLanguage":"fr-FR"},{"@type":"Organization","@id":"https:\/\/www.lavillagardendesign.com\/#organization","name":"La Villa Garden&Design","url":"https:\/\/www.lavillagardendesign.com\/","logo":{"@type":"ImageObject","inLanguage":"fr-FR","@id":"https:\/\/www.lavillagardendesign.com\/#\/schema\/logo\/image\/","url":"https:\/\/www.lavillagardendesign.com\/wp-content\/uploads\/2024\/04\/logolavilla.png","contentUrl":"https:\/\/www.lavillagardendesign.com\/wp-content\/uploads\/2024\/04\/logolavilla.png","width":682,"height":391,"caption":"La Villa Garden&Design"},"image":{"@id":"https:\/\/www.lavillagardendesign.com\/#\/schema\/logo\/image\/"},"sameAs":["https:\/\/www.facebook.com\/lavillagardendesign\/"]}]}},"_links":{"self":[{"href":"https:\/\/www.lavillagardendesign.com\/fr\/wp-json\/wp\/v2\/product\/63988","targetHints":{"allow":["GET"]}}],"collection":[{"href":"https:\/\/www.lavillagardendesign.com\/fr\/wp-json\/wp\/v2\/product"}],"about":[{"href":"https:\/\/www.lavillagardendesign.com\/fr\/wp-json\/wp\/v2\/types\/product"}],"replies":[{"embeddable":true,"href":"https:\/\/www.lavillagardendesign.com\/fr\/wp-json\/wp\/v2\/comments?post=63988"}],"version-history":[{"count":0,"href":"https:\/\/www.lavillagardendesign.com\/fr\/wp-json\/wp\/v2\/product\/63988\/revisions"}],"wp:featuredmedia":[{"embeddable":true,"href":"https:\/\/www.lavillagardendesign.com\/fr\/wp-json\/wp\/v2\/media\/63845"}],"wp:attachment":[{"href":"https:\/\/www.lavillagardendesign.com\/fr\/wp-json\/wp\/v2\/media?parent=63988"}],"wp:term":[{"taxonomy":"product_brand","embeddable":true,"href":"https:\/\/www.lavillagardendesign.com\/fr\/wp-json\/wp\/v2\/product_brand?post=63988"},{"taxonomy":"product_cat","embeddable":true,"href":"https:\/\/www.lavillagardendesign.com\/fr\/wp-json\/wp\/v2\/product_cat?post=63988"},{"taxonomy":"product_tag","embeddable":true,"href":"https:\/\/www.lavillagardendesign.com\/fr\/wp-json\/wp\/v2\/product_tag?post=63988"}],"curies":[{"name":"wp","href":"https:\/\/api.w.org\/{rel}","templated":true}]}}