{"id":63975,"date":"2026-02-24T21:42:30","date_gmt":"2026-02-24T20:42:30","guid":{"rendered":"https:\/\/www.lavillagardendesign.com\/product\/boira-table-dappoint-ronde-en-aluminium-o40-5cm\/"},"modified":"2026-02-25T02:35:24","modified_gmt":"2026-02-25T00:35:24","slug":"boira-table-dappoint-ronde-en-aluminium-o40-5cm","status":"publish","type":"product","link":"https:\/\/www.lavillagardendesign.com\/fr\/product\/boira-table-dappoint-ronde-en-aluminium-o40-5cm\/","title":{"rendered":"BOIRA &#8211; Table d&rsquo;appoint ronde en aluminium \u00f840.5cm"},"content":{"rendered":"","protected":false},"excerpt":{"rendered":"<p>La table d&rsquo;appoint Boira est la d\u00e9finition m\u00eame de la fonctionnalit\u00e9 minimaliste. Avec un diam\u00e8tre compact de 40,5 cm et une hauteur ergonomique de 48 cm, cette pi\u00e8ce est con\u00e7ue pour se glisser parfaitement \u00e0 c\u00f4t\u00e9 de votre fauteuil de lecture ou de votre chaise longue pr\u00e9f\u00e9r\u00e9e. Fabriqu\u00e9 enti\u00e8rement en aluminium peint par poudrage, il offre une r\u00e9sistance absolue \u00e0 la corrosion et une construction l\u00e9g\u00e8re qui permet de reconfigurer votre terrasse sans effort. Sa conception en plateau avec un bord subtil emp\u00eache les objets de glisser, ce qui en fait le support le plus pratique et le plus \u00e9l\u00e9gant pour vos boissons et vos accessoires dans la piscine ou le jardin.   <\/p>\n","protected":false},"featured_media":63923,"comment_status":"open","ping_status":"closed","template":"","meta":[],"product_brand":[5001],"product_cat":[6832,2944,2948],"product_tag":[],"class_list":{"0":"post-63975","1":"product","2":"type-product","3":"status-publish","4":"has-post-thumbnail","6":"product_brand-la-villa-garden","7":"product_cat-outdoor-fr","8":"product_cat-tables-fr","9":"product_cat-tables-auxiliaires","11":"first","12":"instock","13":"sale","14":"taxable","15":"shipping-taxable","16":"purchasable","17":"product-type-variable"},"yoast_head":"<!-- This site is optimized with the Yoast SEO plugin v27.1.1 - https:\/\/yoast.com\/product\/yoast-seo-wordpress\/ -->\n<title>Table d&#039;appoint ronde en aluminium BOIRA | La Villa Garden &amp; Design<\/title>\n<meta name=\"description\" content=\"Table d&#039;appoint Boira (\u00f840.5cm). Design vertical compact en aluminium durable. Id\u00e9ale comme table d&#039;appoint pour les canap\u00e9s et les chaises longues. Qualit\u00e9 sup\u00e9rieure.\" \/>\n<meta name=\"robots\" content=\"index, follow, max-snippet:-1, max-image-preview:large, max-video-preview:-1\" \/>\n<link rel=\"canonical\" href=\"https:\/\/www.lavillagardendesign.com\/fr\/product\/boira-table-dappoint-ronde-en-aluminium-o40-5cm\/\" \/>\n<meta property=\"og:locale\" content=\"fr_FR\" \/>\n<meta property=\"og:type\" content=\"article\" \/>\n<meta property=\"og:title\" content=\"Table d&#039;appoint ronde en aluminium BOIRA | La Villa Garden &amp; Design\" \/>\n<meta property=\"og:description\" content=\"Table d&#039;appoint Boira (\u00f840.5cm). Design vertical compact en aluminium durable. Id\u00e9ale comme table d&#039;appoint pour les canap\u00e9s et les chaises longues. Qualit\u00e9 sup\u00e9rieure.\" \/>\n<meta property=\"og:url\" content=\"https:\/\/www.lavillagardendesign.com\/fr\/product\/boira-table-dappoint-ronde-en-aluminium-o40-5cm\/\" \/>\n<meta property=\"og:site_name\" content=\"La Villa Garden&amp;Design\" \/>\n<meta property=\"article:publisher\" content=\"https:\/\/www.facebook.com\/lavillagardendesign\/\" \/>\n<meta property=\"article:modified_time\" content=\"2026-02-25T00:35:24+00:00\" \/>\n<meta property=\"og:image\" content=\"https:\/\/www.lavillagardendesign.com\/wp-content\/uploads\/2026\/02\/1-7-2.jpg\" \/>\n\t<meta property=\"og:image:width\" content=\"700\" \/>\n\t<meta property=\"og:image:height\" content=\"800\" \/>\n\t<meta property=\"og:image:type\" content=\"image\/jpeg\" \/>\n<meta name=\"twitter:card\" content=\"summary_large_image\" \/>\n<script type=\"application\/ld+json\" class=\"yoast-schema-graph\">{\"@context\":\"https:\/\/schema.org\",\"@graph\":[{\"@type\":\"WebPage\",\"@id\":\"https:\/\/www.lavillagardendesign.com\/fr\/product\/boira-table-dappoint-ronde-en-aluminium-o40-5cm\/\",\"url\":\"https:\/\/www.lavillagardendesign.com\/fr\/product\/boira-table-dappoint-ronde-en-aluminium-o40-5cm\/\",\"name\":\"Table d'appoint ronde en aluminium BOIRA | La Villa Garden & Design\",\"isPartOf\":{\"@id\":\"https:\/\/www.lavillagardendesign.com\/#website\"},\"primaryImageOfPage\":{\"@id\":\"https:\/\/www.lavillagardendesign.com\/fr\/product\/boira-table-dappoint-ronde-en-aluminium-o40-5cm\/#primaryimage\"},\"image\":{\"@id\":\"https:\/\/www.lavillagardendesign.com\/fr\/product\/boira-table-dappoint-ronde-en-aluminium-o40-5cm\/#primaryimage\"},\"thumbnailUrl\":\"https:\/\/www.lavillagardendesign.com\/wp-content\/uploads\/2026\/02\/1-7-2.jpg\",\"datePublished\":\"2026-02-24T20:42:30+00:00\",\"dateModified\":\"2026-02-25T00:35:24+00:00\",\"description\":\"Table d'appoint Boira (\u00f840.5cm). Design vertical compact en aluminium durable. Id\u00e9ale comme table d'appoint pour les canap\u00e9s et les chaises longues. Qualit\u00e9 sup\u00e9rieure.\",\"breadcrumb\":{\"@id\":\"https:\/\/www.lavillagardendesign.com\/fr\/product\/boira-table-dappoint-ronde-en-aluminium-o40-5cm\/#breadcrumb\"},\"inLanguage\":\"fr-FR\",\"potentialAction\":[{\"@type\":\"ReadAction\",\"target\":[\"https:\/\/www.lavillagardendesign.com\/fr\/product\/boira-table-dappoint-ronde-en-aluminium-o40-5cm\/\"]}]},{\"@type\":\"ImageObject\",\"inLanguage\":\"fr-FR\",\"@id\":\"https:\/\/www.lavillagardendesign.com\/fr\/product\/boira-table-dappoint-ronde-en-aluminium-o40-5cm\/#primaryimage\",\"url\":\"https:\/\/www.lavillagardendesign.com\/wp-content\/uploads\/2026\/02\/1-7-2.jpg\",\"contentUrl\":\"https:\/\/www.lavillagardendesign.com\/wp-content\/uploads\/2026\/02\/1-7-2.jpg\",\"width\":700,\"height\":800},{\"@type\":\"BreadcrumbList\",\"@id\":\"https:\/\/www.lavillagardendesign.com\/fr\/product\/boira-table-dappoint-ronde-en-aluminium-o40-5cm\/#breadcrumb\",\"itemListElement\":[{\"@type\":\"ListItem\",\"position\":1,\"name\":\"Home\",\"item\":\"https:\/\/www.lavillagardendesign.com\/\"},{\"@type\":\"ListItem\",\"position\":2,\"name\":\"Boutique\",\"item\":\"https:\/\/www.lavillagardendesign.com\/fr\/boutique\/\"},{\"@type\":\"ListItem\",\"position\":3,\"name\":\"BOIRA &#8211; Table d&rsquo;appoint ronde en aluminium \u00f840.5cm\"}]},{\"@type\":\"WebSite\",\"@id\":\"https:\/\/www.lavillagardendesign.com\/#website\",\"url\":\"https:\/\/www.lavillagardendesign.com\/\",\"name\":\"La Villa Garden&Design\",\"description\":\"\",\"publisher\":{\"@id\":\"https:\/\/www.lavillagardendesign.com\/#organization\"},\"potentialAction\":[{\"@type\":\"SearchAction\",\"target\":{\"@type\":\"EntryPoint\",\"urlTemplate\":\"https:\/\/www.lavillagardendesign.com\/?s={search_term_string}\"},\"query-input\":{\"@type\":\"PropertyValueSpecification\",\"valueRequired\":true,\"valueName\":\"search_term_string\"}}],\"inLanguage\":\"fr-FR\"},{\"@type\":\"Organization\",\"@id\":\"https:\/\/www.lavillagardendesign.com\/#organization\",\"name\":\"La Villa Garden&Design\",\"url\":\"https:\/\/www.lavillagardendesign.com\/\",\"logo\":{\"@type\":\"ImageObject\",\"inLanguage\":\"fr-FR\",\"@id\":\"https:\/\/www.lavillagardendesign.com\/#\/schema\/logo\/image\/\",\"url\":\"https:\/\/www.lavillagardendesign.com\/wp-content\/uploads\/2024\/04\/logolavilla.png\",\"contentUrl\":\"https:\/\/www.lavillagardendesign.com\/wp-content\/uploads\/2024\/04\/logolavilla.png\",\"width\":682,\"height\":391,\"caption\":\"La Villa Garden&Design\"},\"image\":{\"@id\":\"https:\/\/www.lavillagardendesign.com\/#\/schema\/logo\/image\/\"},\"sameAs\":[\"https:\/\/www.facebook.com\/lavillagardendesign\/\"]}]}<\/script>\n<!-- \/ Yoast SEO plugin. -->","yoast_head_json":{"title":"Table d'appoint ronde en aluminium BOIRA | La Villa Garden & Design","description":"Table d'appoint Boira (\u00f840.5cm). Design vertical compact en aluminium durable. Id\u00e9ale comme table d'appoint pour les canap\u00e9s et les chaises longues. Qualit\u00e9 sup\u00e9rieure.","robots":{"index":"index","follow":"follow","max-snippet":"max-snippet:-1","max-image-preview":"max-image-preview:large","max-video-preview":"max-video-preview:-1"},"canonical":"https:\/\/www.lavillagardendesign.com\/fr\/product\/boira-table-dappoint-ronde-en-aluminium-o40-5cm\/","og_locale":"fr_FR","og_type":"article","og_title":"Table d'appoint ronde en aluminium BOIRA | La Villa Garden & Design","og_description":"Table d'appoint Boira (\u00f840.5cm). Design vertical compact en aluminium durable. Id\u00e9ale comme table d'appoint pour les canap\u00e9s et les chaises longues. Qualit\u00e9 sup\u00e9rieure.","og_url":"https:\/\/www.lavillagardendesign.com\/fr\/product\/boira-table-dappoint-ronde-en-aluminium-o40-5cm\/","og_site_name":"La Villa Garden&amp;Design","article_publisher":"https:\/\/www.facebook.com\/lavillagardendesign\/","article_modified_time":"2026-02-25T00:35:24+00:00","og_image":[{"width":700,"height":800,"url":"https:\/\/www.lavillagardendesign.com\/wp-content\/uploads\/2026\/02\/1-7-2.jpg","type":"image\/jpeg"}],"twitter_card":"summary_large_image","schema":{"@context":"https:\/\/schema.org","@graph":[{"@type":"WebPage","@id":"https:\/\/www.lavillagardendesign.com\/fr\/product\/boira-table-dappoint-ronde-en-aluminium-o40-5cm\/","url":"https:\/\/www.lavillagardendesign.com\/fr\/product\/boira-table-dappoint-ronde-en-aluminium-o40-5cm\/","name":"Table d'appoint ronde en aluminium BOIRA | La Villa Garden & Design","isPartOf":{"@id":"https:\/\/www.lavillagardendesign.com\/#website"},"primaryImageOfPage":{"@id":"https:\/\/www.lavillagardendesign.com\/fr\/product\/boira-table-dappoint-ronde-en-aluminium-o40-5cm\/#primaryimage"},"image":{"@id":"https:\/\/www.lavillagardendesign.com\/fr\/product\/boira-table-dappoint-ronde-en-aluminium-o40-5cm\/#primaryimage"},"thumbnailUrl":"https:\/\/www.lavillagardendesign.com\/wp-content\/uploads\/2026\/02\/1-7-2.jpg","datePublished":"2026-02-24T20:42:30+00:00","dateModified":"2026-02-25T00:35:24+00:00","description":"Table d'appoint Boira (\u00f840.5cm). Design vertical compact en aluminium durable. Id\u00e9ale comme table d'appoint pour les canap\u00e9s et les chaises longues. Qualit\u00e9 sup\u00e9rieure.","breadcrumb":{"@id":"https:\/\/www.lavillagardendesign.com\/fr\/product\/boira-table-dappoint-ronde-en-aluminium-o40-5cm\/#breadcrumb"},"inLanguage":"fr-FR","potentialAction":[{"@type":"ReadAction","target":["https:\/\/www.lavillagardendesign.com\/fr\/product\/boira-table-dappoint-ronde-en-aluminium-o40-5cm\/"]}]},{"@type":"ImageObject","inLanguage":"fr-FR","@id":"https:\/\/www.lavillagardendesign.com\/fr\/product\/boira-table-dappoint-ronde-en-aluminium-o40-5cm\/#primaryimage","url":"https:\/\/www.lavillagardendesign.com\/wp-content\/uploads\/2026\/02\/1-7-2.jpg","contentUrl":"https:\/\/www.lavillagardendesign.com\/wp-content\/uploads\/2026\/02\/1-7-2.jpg","width":700,"height":800},{"@type":"BreadcrumbList","@id":"https:\/\/www.lavillagardendesign.com\/fr\/product\/boira-table-dappoint-ronde-en-aluminium-o40-5cm\/#breadcrumb","itemListElement":[{"@type":"ListItem","position":1,"name":"Home","item":"https:\/\/www.lavillagardendesign.com\/"},{"@type":"ListItem","position":2,"name":"Boutique","item":"https:\/\/www.lavillagardendesign.com\/fr\/boutique\/"},{"@type":"ListItem","position":3,"name":"BOIRA &#8211; Table d&rsquo;appoint ronde en aluminium \u00f840.5cm"}]},{"@type":"WebSite","@id":"https:\/\/www.lavillagardendesign.com\/#website","url":"https:\/\/www.lavillagardendesign.com\/","name":"La Villa Garden&Design","description":"","publisher":{"@id":"https:\/\/www.lavillagardendesign.com\/#organization"},"potentialAction":[{"@type":"SearchAction","target":{"@type":"EntryPoint","urlTemplate":"https:\/\/www.lavillagardendesign.com\/?s={search_term_string}"},"query-input":{"@type":"PropertyValueSpecification","valueRequired":true,"valueName":"search_term_string"}}],"inLanguage":"fr-FR"},{"@type":"Organization","@id":"https:\/\/www.lavillagardendesign.com\/#organization","name":"La Villa Garden&Design","url":"https:\/\/www.lavillagardendesign.com\/","logo":{"@type":"ImageObject","inLanguage":"fr-FR","@id":"https:\/\/www.lavillagardendesign.com\/#\/schema\/logo\/image\/","url":"https:\/\/www.lavillagardendesign.com\/wp-content\/uploads\/2024\/04\/logolavilla.png","contentUrl":"https:\/\/www.lavillagardendesign.com\/wp-content\/uploads\/2024\/04\/logolavilla.png","width":682,"height":391,"caption":"La Villa Garden&Design"},"image":{"@id":"https:\/\/www.lavillagardendesign.com\/#\/schema\/logo\/image\/"},"sameAs":["https:\/\/www.facebook.com\/lavillagardendesign\/"]}]}},"_links":{"self":[{"href":"https:\/\/www.lavillagardendesign.com\/fr\/wp-json\/wp\/v2\/product\/63975","targetHints":{"allow":["GET"]}}],"collection":[{"href":"https:\/\/www.lavillagardendesign.com\/fr\/wp-json\/wp\/v2\/product"}],"about":[{"href":"https:\/\/www.lavillagardendesign.com\/fr\/wp-json\/wp\/v2\/types\/product"}],"replies":[{"embeddable":true,"href":"https:\/\/www.lavillagardendesign.com\/fr\/wp-json\/wp\/v2\/comments?post=63975"}],"version-history":[{"count":1,"href":"https:\/\/www.lavillagardendesign.com\/fr\/wp-json\/wp\/v2\/product\/63975\/revisions"}],"predecessor-version":[{"id":63980,"href":"https:\/\/www.lavillagardendesign.com\/fr\/wp-json\/wp\/v2\/product\/63975\/revisions\/63980"}],"wp:featuredmedia":[{"embeddable":true,"href":"https:\/\/www.lavillagardendesign.com\/fr\/wp-json\/wp\/v2\/media\/63923"}],"wp:attachment":[{"href":"https:\/\/www.lavillagardendesign.com\/fr\/wp-json\/wp\/v2\/media?parent=63975"}],"wp:term":[{"taxonomy":"product_brand","embeddable":true,"href":"https:\/\/www.lavillagardendesign.com\/fr\/wp-json\/wp\/v2\/product_brand?post=63975"},{"taxonomy":"product_cat","embeddable":true,"href":"https:\/\/www.lavillagardendesign.com\/fr\/wp-json\/wp\/v2\/product_cat?post=63975"},{"taxonomy":"product_tag","embeddable":true,"href":"https:\/\/www.lavillagardendesign.com\/fr\/wp-json\/wp\/v2\/product_tag?post=63975"}],"curies":[{"name":"wp","href":"https:\/\/api.w.org\/{rel}","templated":true}]}}