{"id":63971,"date":"2026-02-24T21:42:30","date_gmt":"2026-02-24T20:42:30","guid":{"rendered":"https:\/\/www.lavillagardendesign.com\/product\/bahia-table-basse-ronde-o60cm-en-finition-sable\/"},"modified":"2026-02-24T21:42:30","modified_gmt":"2026-02-24T19:42:30","slug":"bahia-table-basse-ronde-o60cm-en-finition-sable","status":"publish","type":"product","link":"https:\/\/www.lavillagardendesign.com\/fr\/product\/bahia-table-basse-ronde-o60cm-en-finition-sable\/","title":{"rendered":"BAHIA &#8211; Table basse ronde \u00f860cm en finition sable"},"content":{"rendered":"","protected":false},"excerpt":{"rendered":"<p>La table Bahia de 60 cm de diam\u00e8tre se caract\u00e9rise par sa polyvalence et son design organique. Avec une hauteur inf\u00e9rieure de 28 cm, cette pi\u00e8ce est con\u00e7ue pour fonctionner \u00e0 la fois ind\u00e9pendamment et en conjonction avec le mod\u00e8le \u00f880 cm, cr\u00e9ant un effet de table gigogne sophistiqu\u00e9e. La finition en aluminium de couleur sable apporte lumi\u00e8re et s\u00e9r\u00e9nit\u00e9 \u00e0 l&rsquo;espace ext\u00e9rieur. C&rsquo;est la solution parfaite pour ajouter un dynamisme visuel et une surface suppl\u00e9mentaire aux balcons chics ou aux chaises longues de piscine, tout en respectant la promesse de durabilit\u00e9 de La Villa Garden &amp; Design.   <\/p>\n","protected":false},"featured_media":63943,"comment_status":"open","ping_status":"closed","template":"","meta":[],"product_brand":[5001],"product_cat":[6832,2944,2945],"product_tag":[],"class_list":{"0":"post-63971","1":"product","2":"type-product","3":"status-publish","4":"has-post-thumbnail","6":"product_brand-la-villa-garden","7":"product_cat-outdoor-fr","8":"product_cat-tables-fr","9":"product_cat-tables-basses","11":"first","12":"instock","13":"sale","14":"taxable","15":"shipping-taxable","16":"purchasable","17":"product-type-simple"},"yoast_head":"<!-- This site is optimized with the Yoast SEO plugin v27.1.1 - https:\/\/yoast.com\/product\/yoast-seo-wordpress\/ -->\n<title>BAHIA Table d&#039;appoint en aluminium sable \u00f860cm | La Villa Garden &amp; Design<\/title>\n<meta name=\"description\" content=\"Table ronde basse Bahia (\u00f860cm). Aluminium couleur sable. Id\u00e9ale pour les compositions gigognes ou les petites terrasses. Design durable et moderne.\" \/>\n<meta name=\"robots\" content=\"index, follow, max-snippet:-1, max-image-preview:large, max-video-preview:-1\" \/>\n<link rel=\"canonical\" href=\"https:\/\/www.lavillagardendesign.com\/fr\/product\/bahia-table-basse-ronde-o60cm-en-finition-sable\/\" \/>\n<meta property=\"og:locale\" content=\"fr_FR\" \/>\n<meta property=\"og:type\" content=\"article\" \/>\n<meta property=\"og:title\" content=\"BAHIA Table d&#039;appoint en aluminium sable \u00f860cm | La Villa Garden &amp; Design\" \/>\n<meta property=\"og:description\" content=\"Table ronde basse Bahia (\u00f860cm). Aluminium couleur sable. Id\u00e9ale pour les compositions gigognes ou les petites terrasses. Design durable et moderne.\" \/>\n<meta property=\"og:url\" content=\"https:\/\/www.lavillagardendesign.com\/fr\/product\/bahia-table-basse-ronde-o60cm-en-finition-sable\/\" \/>\n<meta property=\"og:site_name\" content=\"La Villa Garden&amp;Design\" \/>\n<meta property=\"article:publisher\" content=\"https:\/\/www.facebook.com\/lavillagardendesign\/\" \/>\n<meta property=\"og:image\" content=\"https:\/\/www.lavillagardendesign.com\/wp-content\/uploads\/2026\/02\/2-13-1.jpg\" \/>\n\t<meta property=\"og:image:width\" content=\"700\" \/>\n\t<meta property=\"og:image:height\" content=\"800\" \/>\n\t<meta property=\"og:image:type\" content=\"image\/jpeg\" \/>\n<meta name=\"twitter:card\" content=\"summary_large_image\" \/>\n<script type=\"application\/ld+json\" class=\"yoast-schema-graph\">{\"@context\":\"https:\/\/schema.org\",\"@graph\":[{\"@type\":\"WebPage\",\"@id\":\"https:\/\/www.lavillagardendesign.com\/fr\/product\/bahia-table-basse-ronde-o60cm-en-finition-sable\/\",\"url\":\"https:\/\/www.lavillagardendesign.com\/fr\/product\/bahia-table-basse-ronde-o60cm-en-finition-sable\/\",\"name\":\"BAHIA Table d'appoint en aluminium sable \u00f860cm | La Villa Garden & Design\",\"isPartOf\":{\"@id\":\"https:\/\/www.lavillagardendesign.com\/#website\"},\"primaryImageOfPage\":{\"@id\":\"https:\/\/www.lavillagardendesign.com\/fr\/product\/bahia-table-basse-ronde-o60cm-en-finition-sable\/#primaryimage\"},\"image\":{\"@id\":\"https:\/\/www.lavillagardendesign.com\/fr\/product\/bahia-table-basse-ronde-o60cm-en-finition-sable\/#primaryimage\"},\"thumbnailUrl\":\"https:\/\/www.lavillagardendesign.com\/wp-content\/uploads\/2026\/02\/2-13-1.jpg\",\"datePublished\":\"2026-02-24T20:42:30+00:00\",\"description\":\"Table ronde basse Bahia (\u00f860cm). Aluminium couleur sable. Id\u00e9ale pour les compositions gigognes ou les petites terrasses. Design durable et moderne.\",\"breadcrumb\":{\"@id\":\"https:\/\/www.lavillagardendesign.com\/fr\/product\/bahia-table-basse-ronde-o60cm-en-finition-sable\/#breadcrumb\"},\"inLanguage\":\"fr-FR\",\"potentialAction\":[{\"@type\":\"ReadAction\",\"target\":[\"https:\/\/www.lavillagardendesign.com\/fr\/product\/bahia-table-basse-ronde-o60cm-en-finition-sable\/\"]}]},{\"@type\":\"ImageObject\",\"inLanguage\":\"fr-FR\",\"@id\":\"https:\/\/www.lavillagardendesign.com\/fr\/product\/bahia-table-basse-ronde-o60cm-en-finition-sable\/#primaryimage\",\"url\":\"https:\/\/www.lavillagardendesign.com\/wp-content\/uploads\/2026\/02\/2-13-1.jpg\",\"contentUrl\":\"https:\/\/www.lavillagardendesign.com\/wp-content\/uploads\/2026\/02\/2-13-1.jpg\",\"width\":700,\"height\":800},{\"@type\":\"BreadcrumbList\",\"@id\":\"https:\/\/www.lavillagardendesign.com\/fr\/product\/bahia-table-basse-ronde-o60cm-en-finition-sable\/#breadcrumb\",\"itemListElement\":[{\"@type\":\"ListItem\",\"position\":1,\"name\":\"Home\",\"item\":\"https:\/\/www.lavillagardendesign.com\/\"},{\"@type\":\"ListItem\",\"position\":2,\"name\":\"Boutique\",\"item\":\"https:\/\/www.lavillagardendesign.com\/fr\/boutique\/\"},{\"@type\":\"ListItem\",\"position\":3,\"name\":\"BAHIA &#8211; Table basse ronde \u00f860cm en finition sable\"}]},{\"@type\":\"WebSite\",\"@id\":\"https:\/\/www.lavillagardendesign.com\/#website\",\"url\":\"https:\/\/www.lavillagardendesign.com\/\",\"name\":\"La Villa Garden&Design\",\"description\":\"\",\"publisher\":{\"@id\":\"https:\/\/www.lavillagardendesign.com\/#organization\"},\"potentialAction\":[{\"@type\":\"SearchAction\",\"target\":{\"@type\":\"EntryPoint\",\"urlTemplate\":\"https:\/\/www.lavillagardendesign.com\/?s={search_term_string}\"},\"query-input\":{\"@type\":\"PropertyValueSpecification\",\"valueRequired\":true,\"valueName\":\"search_term_string\"}}],\"inLanguage\":\"fr-FR\"},{\"@type\":\"Organization\",\"@id\":\"https:\/\/www.lavillagardendesign.com\/#organization\",\"name\":\"La Villa Garden&Design\",\"url\":\"https:\/\/www.lavillagardendesign.com\/\",\"logo\":{\"@type\":\"ImageObject\",\"inLanguage\":\"fr-FR\",\"@id\":\"https:\/\/www.lavillagardendesign.com\/#\/schema\/logo\/image\/\",\"url\":\"https:\/\/www.lavillagardendesign.com\/wp-content\/uploads\/2024\/04\/logolavilla.png\",\"contentUrl\":\"https:\/\/www.lavillagardendesign.com\/wp-content\/uploads\/2024\/04\/logolavilla.png\",\"width\":682,\"height\":391,\"caption\":\"La Villa Garden&Design\"},\"image\":{\"@id\":\"https:\/\/www.lavillagardendesign.com\/#\/schema\/logo\/image\/\"},\"sameAs\":[\"https:\/\/www.facebook.com\/lavillagardendesign\/\"]}]}<\/script>\n<!-- \/ Yoast SEO plugin. -->","yoast_head_json":{"title":"BAHIA Table d'appoint en aluminium sable \u00f860cm | La Villa Garden & Design","description":"Table ronde basse Bahia (\u00f860cm). Aluminium couleur sable. Id\u00e9ale pour les compositions gigognes ou les petites terrasses. Design durable et moderne.","robots":{"index":"index","follow":"follow","max-snippet":"max-snippet:-1","max-image-preview":"max-image-preview:large","max-video-preview":"max-video-preview:-1"},"canonical":"https:\/\/www.lavillagardendesign.com\/fr\/product\/bahia-table-basse-ronde-o60cm-en-finition-sable\/","og_locale":"fr_FR","og_type":"article","og_title":"BAHIA Table d'appoint en aluminium sable \u00f860cm | La Villa Garden & Design","og_description":"Table ronde basse Bahia (\u00f860cm). Aluminium couleur sable. Id\u00e9ale pour les compositions gigognes ou les petites terrasses. Design durable et moderne.","og_url":"https:\/\/www.lavillagardendesign.com\/fr\/product\/bahia-table-basse-ronde-o60cm-en-finition-sable\/","og_site_name":"La Villa Garden&amp;Design","article_publisher":"https:\/\/www.facebook.com\/lavillagardendesign\/","og_image":[{"width":700,"height":800,"url":"https:\/\/www.lavillagardendesign.com\/wp-content\/uploads\/2026\/02\/2-13-1.jpg","type":"image\/jpeg"}],"twitter_card":"summary_large_image","schema":{"@context":"https:\/\/schema.org","@graph":[{"@type":"WebPage","@id":"https:\/\/www.lavillagardendesign.com\/fr\/product\/bahia-table-basse-ronde-o60cm-en-finition-sable\/","url":"https:\/\/www.lavillagardendesign.com\/fr\/product\/bahia-table-basse-ronde-o60cm-en-finition-sable\/","name":"BAHIA Table d'appoint en aluminium sable \u00f860cm | La Villa Garden & Design","isPartOf":{"@id":"https:\/\/www.lavillagardendesign.com\/#website"},"primaryImageOfPage":{"@id":"https:\/\/www.lavillagardendesign.com\/fr\/product\/bahia-table-basse-ronde-o60cm-en-finition-sable\/#primaryimage"},"image":{"@id":"https:\/\/www.lavillagardendesign.com\/fr\/product\/bahia-table-basse-ronde-o60cm-en-finition-sable\/#primaryimage"},"thumbnailUrl":"https:\/\/www.lavillagardendesign.com\/wp-content\/uploads\/2026\/02\/2-13-1.jpg","datePublished":"2026-02-24T20:42:30+00:00","description":"Table ronde basse Bahia (\u00f860cm). Aluminium couleur sable. Id\u00e9ale pour les compositions gigognes ou les petites terrasses. Design durable et moderne.","breadcrumb":{"@id":"https:\/\/www.lavillagardendesign.com\/fr\/product\/bahia-table-basse-ronde-o60cm-en-finition-sable\/#breadcrumb"},"inLanguage":"fr-FR","potentialAction":[{"@type":"ReadAction","target":["https:\/\/www.lavillagardendesign.com\/fr\/product\/bahia-table-basse-ronde-o60cm-en-finition-sable\/"]}]},{"@type":"ImageObject","inLanguage":"fr-FR","@id":"https:\/\/www.lavillagardendesign.com\/fr\/product\/bahia-table-basse-ronde-o60cm-en-finition-sable\/#primaryimage","url":"https:\/\/www.lavillagardendesign.com\/wp-content\/uploads\/2026\/02\/2-13-1.jpg","contentUrl":"https:\/\/www.lavillagardendesign.com\/wp-content\/uploads\/2026\/02\/2-13-1.jpg","width":700,"height":800},{"@type":"BreadcrumbList","@id":"https:\/\/www.lavillagardendesign.com\/fr\/product\/bahia-table-basse-ronde-o60cm-en-finition-sable\/#breadcrumb","itemListElement":[{"@type":"ListItem","position":1,"name":"Home","item":"https:\/\/www.lavillagardendesign.com\/"},{"@type":"ListItem","position":2,"name":"Boutique","item":"https:\/\/www.lavillagardendesign.com\/fr\/boutique\/"},{"@type":"ListItem","position":3,"name":"BAHIA &#8211; Table basse ronde \u00f860cm en finition sable"}]},{"@type":"WebSite","@id":"https:\/\/www.lavillagardendesign.com\/#website","url":"https:\/\/www.lavillagardendesign.com\/","name":"La Villa Garden&Design","description":"","publisher":{"@id":"https:\/\/www.lavillagardendesign.com\/#organization"},"potentialAction":[{"@type":"SearchAction","target":{"@type":"EntryPoint","urlTemplate":"https:\/\/www.lavillagardendesign.com\/?s={search_term_string}"},"query-input":{"@type":"PropertyValueSpecification","valueRequired":true,"valueName":"search_term_string"}}],"inLanguage":"fr-FR"},{"@type":"Organization","@id":"https:\/\/www.lavillagardendesign.com\/#organization","name":"La Villa Garden&Design","url":"https:\/\/www.lavillagardendesign.com\/","logo":{"@type":"ImageObject","inLanguage":"fr-FR","@id":"https:\/\/www.lavillagardendesign.com\/#\/schema\/logo\/image\/","url":"https:\/\/www.lavillagardendesign.com\/wp-content\/uploads\/2024\/04\/logolavilla.png","contentUrl":"https:\/\/www.lavillagardendesign.com\/wp-content\/uploads\/2024\/04\/logolavilla.png","width":682,"height":391,"caption":"La Villa Garden&Design"},"image":{"@id":"https:\/\/www.lavillagardendesign.com\/#\/schema\/logo\/image\/"},"sameAs":["https:\/\/www.facebook.com\/lavillagardendesign\/"]}]}},"_links":{"self":[{"href":"https:\/\/www.lavillagardendesign.com\/fr\/wp-json\/wp\/v2\/product\/63971","targetHints":{"allow":["GET"]}}],"collection":[{"href":"https:\/\/www.lavillagardendesign.com\/fr\/wp-json\/wp\/v2\/product"}],"about":[{"href":"https:\/\/www.lavillagardendesign.com\/fr\/wp-json\/wp\/v2\/types\/product"}],"replies":[{"embeddable":true,"href":"https:\/\/www.lavillagardendesign.com\/fr\/wp-json\/wp\/v2\/comments?post=63971"}],"version-history":[{"count":0,"href":"https:\/\/www.lavillagardendesign.com\/fr\/wp-json\/wp\/v2\/product\/63971\/revisions"}],"wp:featuredmedia":[{"embeddable":true,"href":"https:\/\/www.lavillagardendesign.com\/fr\/wp-json\/wp\/v2\/media\/63943"}],"wp:attachment":[{"href":"https:\/\/www.lavillagardendesign.com\/fr\/wp-json\/wp\/v2\/media?parent=63971"}],"wp:term":[{"taxonomy":"product_brand","embeddable":true,"href":"https:\/\/www.lavillagardendesign.com\/fr\/wp-json\/wp\/v2\/product_brand?post=63971"},{"taxonomy":"product_cat","embeddable":true,"href":"https:\/\/www.lavillagardendesign.com\/fr\/wp-json\/wp\/v2\/product_cat?post=63971"},{"taxonomy":"product_tag","embeddable":true,"href":"https:\/\/www.lavillagardendesign.com\/fr\/wp-json\/wp\/v2\/product_tag?post=63971"}],"curies":[{"name":"wp","href":"https:\/\/api.w.org\/{rel}","templated":true}]}}