{"id":63963,"date":"2026-02-24T21:42:30","date_gmt":"2026-02-24T20:42:30","guid":{"rendered":"https:\/\/www.lavillagardendesign.com\/?post_type=product&#038;p=63963"},"modified":"2026-02-25T02:31:29","modified_gmt":"2026-02-25T00:31:29","slug":"aruna-table-basse-rectangulaire-en-teck-180cm","status":"publish","type":"product","link":"https:\/\/www.lavillagardendesign.com\/fr\/product\/aruna-table-basse-rectangulaire-en-teck-180cm\/","title":{"rendered":"ARUNA &#8211; Table basse rectangulaire en teck 180cm"},"content":{"rendered":"","protected":false},"excerpt":{"rendered":"<p>La table basse Aruna est le point d&rsquo;ancrage visuel parfait pour votre salon d&rsquo;ext\u00e9rieur. D&rsquo;une longueur de 180 cm, ce meuble se distingue par sa construction en teck massif, qui met en valeur le grain naturel et la chaleur du bois de premi\u00e8re qualit\u00e9. Sa hauteur de 38 cm est soigneusement calibr\u00e9e pour compl\u00e9ter la profondeur et la hauteur des canap\u00e9s de la collection, facilitant ainsi le service et le style du salon. Robuste et \u00e9l\u00e9gant, il r\u00e9siste aux intemp\u00e9ries et acquiert une patine argent\u00e9e distingu\u00e9e au fil du temps s&rsquo;il n&rsquo;est pas trait\u00e9, ou conserve son ton dor\u00e9 s&rsquo;il est bien entretenu.   <\/p>\n","protected":false},"featured_media":63876,"comment_status":"open","ping_status":"closed","template":"","meta":[],"product_brand":[5001],"product_cat":[6832,2944,2945],"product_tag":[],"class_list":{"0":"post-63963","1":"product","2":"type-product","3":"status-publish","4":"has-post-thumbnail","6":"product_brand-la-villa-garden","7":"product_cat-outdoor-fr","8":"product_cat-tables-fr","9":"product_cat-tables-basses","11":"first","12":"instock","13":"sale","14":"taxable","15":"shipping-taxable","16":"purchasable","17":"product-type-simple"},"yoast_head":"<!-- This site is optimized with the Yoast SEO plugin v27.1.1 - https:\/\/yoast.com\/product\/yoast-seo-wordpress\/ -->\n<title>ARUNA Table basse en teck 180cm | La Villa Garden &amp; Design<\/title>\n<meta name=\"description\" content=\"Table basse rectangulaire Aruna (180x82cm). Teck massif de haute qualit\u00e9. Design robuste et \u00e9l\u00e9gant pour compl\u00e9ter votre salon d&#039;ext\u00e9rieur. Offre en ligne.\" \/>\n<meta name=\"robots\" content=\"index, follow, max-snippet:-1, max-image-preview:large, max-video-preview:-1\" \/>\n<link rel=\"canonical\" href=\"https:\/\/www.lavillagardendesign.com\/fr\/?post_type=product&p=63963\" \/>\n<meta property=\"og:locale\" content=\"fr_FR\" \/>\n<meta property=\"og:type\" content=\"article\" \/>\n<meta property=\"og:title\" content=\"ARUNA Table basse en teck 180cm | La Villa Garden &amp; Design\" \/>\n<meta property=\"og:description\" content=\"Table basse rectangulaire Aruna (180x82cm). Teck massif de haute qualit\u00e9. Design robuste et \u00e9l\u00e9gant pour compl\u00e9ter votre salon d&#039;ext\u00e9rieur. Offre en ligne.\" \/>\n<meta property=\"og:url\" content=\"https:\/\/www.lavillagardendesign.com\/fr\/?post_type=product&amp;p=63963\" \/>\n<meta property=\"og:site_name\" content=\"La Villa Garden&amp;Design\" \/>\n<meta property=\"article:publisher\" content=\"https:\/\/www.facebook.com\/lavillagardendesign\/\" \/>\n<meta property=\"article:modified_time\" content=\"2026-02-25T00:31:29+00:00\" \/>\n<meta property=\"og:image\" content=\"https:\/\/www.lavillagardendesign.com\/wp-content\/uploads\/2026\/02\/3-12.png\" \/>\n\t<meta property=\"og:image:width\" content=\"700\" \/>\n\t<meta property=\"og:image:height\" content=\"800\" \/>\n\t<meta property=\"og:image:type\" content=\"image\/png\" \/>\n<meta name=\"twitter:card\" content=\"summary_large_image\" \/>\n<script type=\"application\/ld+json\" class=\"yoast-schema-graph\">{\"@context\":\"https:\/\/schema.org\",\"@graph\":[{\"@type\":\"WebPage\",\"@id\":\"https:\/\/www.lavillagardendesign.com\/fr\/?post_type=product&p=63963\",\"url\":\"https:\/\/www.lavillagardendesign.com\/fr\/?post_type=product&p=63963\",\"name\":\"ARUNA Table basse en teck 180cm | La Villa Garden & Design\",\"isPartOf\":{\"@id\":\"https:\/\/www.lavillagardendesign.com\/#website\"},\"primaryImageOfPage\":{\"@id\":\"https:\/\/www.lavillagardendesign.com\/fr\/?post_type=product&p=63963#primaryimage\"},\"image\":{\"@id\":\"https:\/\/www.lavillagardendesign.com\/fr\/?post_type=product&p=63963#primaryimage\"},\"thumbnailUrl\":\"https:\/\/www.lavillagardendesign.com\/wp-content\/uploads\/2026\/02\/3-12.png\",\"datePublished\":\"2026-02-24T20:42:30+00:00\",\"dateModified\":\"2026-02-25T00:31:29+00:00\",\"description\":\"Table basse rectangulaire Aruna (180x82cm). Teck massif de haute qualit\u00e9. Design robuste et \u00e9l\u00e9gant pour compl\u00e9ter votre salon d'ext\u00e9rieur. Offre en ligne.\",\"breadcrumb\":{\"@id\":\"https:\/\/www.lavillagardendesign.com\/fr\/?post_type=product&p=63963#breadcrumb\"},\"inLanguage\":\"fr-FR\",\"potentialAction\":[{\"@type\":\"ReadAction\",\"target\":[\"https:\/\/www.lavillagardendesign.com\/fr\/?post_type=product&p=63963\"]}]},{\"@type\":\"ImageObject\",\"inLanguage\":\"fr-FR\",\"@id\":\"https:\/\/www.lavillagardendesign.com\/fr\/?post_type=product&p=63963#primaryimage\",\"url\":\"https:\/\/www.lavillagardendesign.com\/wp-content\/uploads\/2026\/02\/3-12.png\",\"contentUrl\":\"https:\/\/www.lavillagardendesign.com\/wp-content\/uploads\/2026\/02\/3-12.png\",\"width\":700,\"height\":800},{\"@type\":\"BreadcrumbList\",\"@id\":\"https:\/\/www.lavillagardendesign.com\/fr\/?post_type=product&p=63963#breadcrumb\",\"itemListElement\":[{\"@type\":\"ListItem\",\"position\":1,\"name\":\"Home\",\"item\":\"https:\/\/www.lavillagardendesign.com\/\"},{\"@type\":\"ListItem\",\"position\":2,\"name\":\"Boutique\",\"item\":\"https:\/\/www.lavillagardendesign.com\/fr\/boutique\/\"},{\"@type\":\"ListItem\",\"position\":3,\"name\":\"Private: ARUNA &#8211; Table basse rectangulaire en teck 180cm\"}]},{\"@type\":\"WebSite\",\"@id\":\"https:\/\/www.lavillagardendesign.com\/#website\",\"url\":\"https:\/\/www.lavillagardendesign.com\/\",\"name\":\"La Villa Garden&Design\",\"description\":\"\",\"publisher\":{\"@id\":\"https:\/\/www.lavillagardendesign.com\/#organization\"},\"potentialAction\":[{\"@type\":\"SearchAction\",\"target\":{\"@type\":\"EntryPoint\",\"urlTemplate\":\"https:\/\/www.lavillagardendesign.com\/?s={search_term_string}\"},\"query-input\":{\"@type\":\"PropertyValueSpecification\",\"valueRequired\":true,\"valueName\":\"search_term_string\"}}],\"inLanguage\":\"fr-FR\"},{\"@type\":\"Organization\",\"@id\":\"https:\/\/www.lavillagardendesign.com\/#organization\",\"name\":\"La Villa Garden&Design\",\"url\":\"https:\/\/www.lavillagardendesign.com\/\",\"logo\":{\"@type\":\"ImageObject\",\"inLanguage\":\"fr-FR\",\"@id\":\"https:\/\/www.lavillagardendesign.com\/#\/schema\/logo\/image\/\",\"url\":\"https:\/\/www.lavillagardendesign.com\/wp-content\/uploads\/2024\/04\/logolavilla.png\",\"contentUrl\":\"https:\/\/www.lavillagardendesign.com\/wp-content\/uploads\/2024\/04\/logolavilla.png\",\"width\":682,\"height\":391,\"caption\":\"La Villa Garden&Design\"},\"image\":{\"@id\":\"https:\/\/www.lavillagardendesign.com\/#\/schema\/logo\/image\/\"},\"sameAs\":[\"https:\/\/www.facebook.com\/lavillagardendesign\/\"]}]}<\/script>\n<!-- \/ Yoast SEO plugin. -->","yoast_head_json":{"title":"ARUNA Table basse en teck 180cm | La Villa Garden & Design","description":"Table basse rectangulaire Aruna (180x82cm). Teck massif de haute qualit\u00e9. Design robuste et \u00e9l\u00e9gant pour compl\u00e9ter votre salon d'ext\u00e9rieur. Offre en ligne.","robots":{"index":"index","follow":"follow","max-snippet":"max-snippet:-1","max-image-preview":"max-image-preview:large","max-video-preview":"max-video-preview:-1"},"canonical":"https:\/\/www.lavillagardendesign.com\/fr\/?post_type=product&p=63963","og_locale":"fr_FR","og_type":"article","og_title":"ARUNA Table basse en teck 180cm | La Villa Garden & Design","og_description":"Table basse rectangulaire Aruna (180x82cm). Teck massif de haute qualit\u00e9. Design robuste et \u00e9l\u00e9gant pour compl\u00e9ter votre salon d'ext\u00e9rieur. Offre en ligne.","og_url":"https:\/\/www.lavillagardendesign.com\/fr\/?post_type=product&p=63963","og_site_name":"La Villa Garden&amp;Design","article_publisher":"https:\/\/www.facebook.com\/lavillagardendesign\/","article_modified_time":"2026-02-25T00:31:29+00:00","og_image":[{"width":700,"height":800,"url":"https:\/\/www.lavillagardendesign.com\/wp-content\/uploads\/2026\/02\/3-12.png","type":"image\/png"}],"twitter_card":"summary_large_image","schema":{"@context":"https:\/\/schema.org","@graph":[{"@type":"WebPage","@id":"https:\/\/www.lavillagardendesign.com\/fr\/?post_type=product&p=63963","url":"https:\/\/www.lavillagardendesign.com\/fr\/?post_type=product&p=63963","name":"ARUNA Table basse en teck 180cm | La Villa Garden & Design","isPartOf":{"@id":"https:\/\/www.lavillagardendesign.com\/#website"},"primaryImageOfPage":{"@id":"https:\/\/www.lavillagardendesign.com\/fr\/?post_type=product&p=63963#primaryimage"},"image":{"@id":"https:\/\/www.lavillagardendesign.com\/fr\/?post_type=product&p=63963#primaryimage"},"thumbnailUrl":"https:\/\/www.lavillagardendesign.com\/wp-content\/uploads\/2026\/02\/3-12.png","datePublished":"2026-02-24T20:42:30+00:00","dateModified":"2026-02-25T00:31:29+00:00","description":"Table basse rectangulaire Aruna (180x82cm). Teck massif de haute qualit\u00e9. Design robuste et \u00e9l\u00e9gant pour compl\u00e9ter votre salon d'ext\u00e9rieur. Offre en ligne.","breadcrumb":{"@id":"https:\/\/www.lavillagardendesign.com\/fr\/?post_type=product&p=63963#breadcrumb"},"inLanguage":"fr-FR","potentialAction":[{"@type":"ReadAction","target":["https:\/\/www.lavillagardendesign.com\/fr\/?post_type=product&p=63963"]}]},{"@type":"ImageObject","inLanguage":"fr-FR","@id":"https:\/\/www.lavillagardendesign.com\/fr\/?post_type=product&p=63963#primaryimage","url":"https:\/\/www.lavillagardendesign.com\/wp-content\/uploads\/2026\/02\/3-12.png","contentUrl":"https:\/\/www.lavillagardendesign.com\/wp-content\/uploads\/2026\/02\/3-12.png","width":700,"height":800},{"@type":"BreadcrumbList","@id":"https:\/\/www.lavillagardendesign.com\/fr\/?post_type=product&p=63963#breadcrumb","itemListElement":[{"@type":"ListItem","position":1,"name":"Home","item":"https:\/\/www.lavillagardendesign.com\/"},{"@type":"ListItem","position":2,"name":"Boutique","item":"https:\/\/www.lavillagardendesign.com\/fr\/boutique\/"},{"@type":"ListItem","position":3,"name":"Private: ARUNA &#8211; Table basse rectangulaire en teck 180cm"}]},{"@type":"WebSite","@id":"https:\/\/www.lavillagardendesign.com\/#website","url":"https:\/\/www.lavillagardendesign.com\/","name":"La Villa Garden&Design","description":"","publisher":{"@id":"https:\/\/www.lavillagardendesign.com\/#organization"},"potentialAction":[{"@type":"SearchAction","target":{"@type":"EntryPoint","urlTemplate":"https:\/\/www.lavillagardendesign.com\/?s={search_term_string}"},"query-input":{"@type":"PropertyValueSpecification","valueRequired":true,"valueName":"search_term_string"}}],"inLanguage":"fr-FR"},{"@type":"Organization","@id":"https:\/\/www.lavillagardendesign.com\/#organization","name":"La Villa Garden&Design","url":"https:\/\/www.lavillagardendesign.com\/","logo":{"@type":"ImageObject","inLanguage":"fr-FR","@id":"https:\/\/www.lavillagardendesign.com\/#\/schema\/logo\/image\/","url":"https:\/\/www.lavillagardendesign.com\/wp-content\/uploads\/2024\/04\/logolavilla.png","contentUrl":"https:\/\/www.lavillagardendesign.com\/wp-content\/uploads\/2024\/04\/logolavilla.png","width":682,"height":391,"caption":"La Villa Garden&Design"},"image":{"@id":"https:\/\/www.lavillagardendesign.com\/#\/schema\/logo\/image\/"},"sameAs":["https:\/\/www.facebook.com\/lavillagardendesign\/"]}]}},"_links":{"self":[{"href":"https:\/\/www.lavillagardendesign.com\/fr\/wp-json\/wp\/v2\/product\/63963","targetHints":{"allow":["GET"]}}],"collection":[{"href":"https:\/\/www.lavillagardendesign.com\/fr\/wp-json\/wp\/v2\/product"}],"about":[{"href":"https:\/\/www.lavillagardendesign.com\/fr\/wp-json\/wp\/v2\/types\/product"}],"replies":[{"embeddable":true,"href":"https:\/\/www.lavillagardendesign.com\/fr\/wp-json\/wp\/v2\/comments?post=63963"}],"version-history":[{"count":1,"href":"https:\/\/www.lavillagardendesign.com\/fr\/wp-json\/wp\/v2\/product\/63963\/revisions"}],"predecessor-version":[{"id":63964,"href":"https:\/\/www.lavillagardendesign.com\/fr\/wp-json\/wp\/v2\/product\/63963\/revisions\/63964"}],"wp:featuredmedia":[{"embeddable":true,"href":"https:\/\/www.lavillagardendesign.com\/fr\/wp-json\/wp\/v2\/media\/63876"}],"wp:attachment":[{"href":"https:\/\/www.lavillagardendesign.com\/fr\/wp-json\/wp\/v2\/media?parent=63963"}],"wp:term":[{"taxonomy":"product_brand","embeddable":true,"href":"https:\/\/www.lavillagardendesign.com\/fr\/wp-json\/wp\/v2\/product_brand?post=63963"},{"taxonomy":"product_cat","embeddable":true,"href":"https:\/\/www.lavillagardendesign.com\/fr\/wp-json\/wp\/v2\/product_cat?post=63963"},{"taxonomy":"product_tag","embeddable":true,"href":"https:\/\/www.lavillagardendesign.com\/fr\/wp-json\/wp\/v2\/product_tag?post=63963"}],"curies":[{"name":"wp","href":"https:\/\/api.w.org\/{rel}","templated":true}]}}