{"id":63718,"date":"2025-06-07T22:59:25","date_gmt":"2025-06-07T21:59:25","guid":{"rendered":"https:\/\/www.lavillagardendesign.com\/product\/key-island-table-extensible-dexterieur\/"},"modified":"2025-06-07T22:59:25","modified_gmt":"2025-06-07T20:59:25","slug":"key-island-table-extensible-dexterieur","status":"publish","type":"product","link":"https:\/\/www.lavillagardendesign.com\/fr\/product\/key-island-table-extensible-dexterieur\/","title":{"rendered":"KEY ISLAND &#8211; Table extensible d&rsquo;ext\u00e9rieur"},"content":{"rendered":"","protected":false},"excerpt":{"rendered":"<p>La collection de tables extensibles KEYS ISLAND d\u00e9finit le minimalisme fonctionnel pour les espaces ext\u00e9rieurs haut de gamme. Fabriqu\u00e9es enti\u00e8rement en aluminium recouvert de poudre de polyester, ces tables offrent une r\u00e9sistance sup\u00e9rieure aux intemp\u00e9ries sans compromettre l&rsquo;esth\u00e9tique \u00e9l\u00e9gante et l\u00e9g\u00e8re. Leur syst\u00e8me d&rsquo;ouverture t\u00e9lescopique \u00e0 l&rsquo;ing\u00e9nierie avanc\u00e9e permet d&rsquo;\u00e9tendre la surface de fa\u00e7on transparente. La collection se distingue par ses formats polyvalents : de l&rsquo;ing\u00e9nieuse option compacte qui se transforme en une table carr\u00e9e spacieuse de 160&#215;160 cm, aux grands formats rectangulaires (jusqu&rsquo;\u00e0 3 m\u00e8tres) qui comprennent des roues discr\u00e8tes sur deux pieds pour une reconfiguration sans effort de la terrasse. Quincaillerie en acier inoxydable incluse pour une durabilit\u00e9 maximale.    <\/p>\n","protected":false},"featured_media":54914,"comment_status":"open","ping_status":"closed","template":"","meta":[],"product_brand":[4998],"product_cat":[6832,2944,2946],"product_tag":[],"class_list":{"0":"post-63718","1":"product","2":"type-product","3":"status-publish","4":"has-post-thumbnail","6":"product_brand-la-villa","7":"product_cat-outdoor-fr","8":"product_cat-tables-fr","9":"product_cat-tables-repas","11":"first","12":"instock","13":"sale","14":"taxable","15":"shipping-taxable","16":"purchasable","17":"product-type-variable"},"yoast_head":"<!-- This site is optimized with the Yoast SEO plugin v27.1.1 - https:\/\/yoast.com\/product\/yoast-seo-wordpress\/ -->\n<title>KONNOR Table \u00e0 rallonge 200-300x110 cm - La Villa<\/title>\n<meta name=\"description\" content=\"Table extensible KONNOR en aluminium 200-300x110 cm avec ouverture t\u00e9lescopique, roues et quincaillerie en acier inoxydable. Id\u00e9ale pour 8-12 personnes.\" \/>\n<meta name=\"robots\" content=\"index, follow, max-snippet:-1, max-image-preview:large, max-video-preview:-1\" \/>\n<link rel=\"canonical\" href=\"https:\/\/www.lavillagardendesign.com\/fr\/product\/key-island-table-extensible-dexterieur\/\" \/>\n<meta property=\"og:locale\" content=\"fr_FR\" \/>\n<meta property=\"og:type\" content=\"article\" \/>\n<meta property=\"og:title\" content=\"KONNOR Table \u00e0 rallonge 200-300x110 cm - La Villa\" \/>\n<meta property=\"og:description\" content=\"Table extensible KONNOR en aluminium 200-300x110 cm avec ouverture t\u00e9lescopique, roues et quincaillerie en acier inoxydable. Id\u00e9ale pour 8-12 personnes.\" \/>\n<meta property=\"og:url\" content=\"https:\/\/www.lavillagardendesign.com\/fr\/product\/key-island-table-extensible-dexterieur\/\" \/>\n<meta property=\"og:site_name\" content=\"La Villa Garden&amp;Design\" \/>\n<meta property=\"article:publisher\" content=\"https:\/\/www.facebook.com\/lavillagardendesign\/\" \/>\n<meta property=\"og:image\" content=\"https:\/\/www.lavillagardendesign.com\/wp-content\/uploads\/2025\/06\/4-1.jpg\" \/>\n\t<meta property=\"og:image:width\" content=\"700\" \/>\n\t<meta property=\"og:image:height\" content=\"800\" \/>\n\t<meta property=\"og:image:type\" content=\"image\/jpeg\" \/>\n<meta name=\"twitter:card\" content=\"summary_large_image\" \/>\n<script type=\"application\/ld+json\" class=\"yoast-schema-graph\">{\"@context\":\"https:\/\/schema.org\",\"@graph\":[{\"@type\":\"WebPage\",\"@id\":\"https:\/\/www.lavillagardendesign.com\/fr\/product\/key-island-table-extensible-dexterieur\/\",\"url\":\"https:\/\/www.lavillagardendesign.com\/fr\/product\/key-island-table-extensible-dexterieur\/\",\"name\":\"KONNOR Table \u00e0 rallonge 200-300x110 cm - La Villa\",\"isPartOf\":{\"@id\":\"https:\/\/www.lavillagardendesign.com\/#website\"},\"primaryImageOfPage\":{\"@id\":\"https:\/\/www.lavillagardendesign.com\/fr\/product\/key-island-table-extensible-dexterieur\/#primaryimage\"},\"image\":{\"@id\":\"https:\/\/www.lavillagardendesign.com\/fr\/product\/key-island-table-extensible-dexterieur\/#primaryimage\"},\"thumbnailUrl\":\"https:\/\/www.lavillagardendesign.com\/wp-content\/uploads\/2025\/06\/4-1.jpg\",\"datePublished\":\"2025-06-07T21:59:25+00:00\",\"description\":\"Table extensible KONNOR en aluminium 200-300x110 cm avec ouverture t\u00e9lescopique, roues et quincaillerie en acier inoxydable. Id\u00e9ale pour 8-12 personnes.\",\"breadcrumb\":{\"@id\":\"https:\/\/www.lavillagardendesign.com\/fr\/product\/key-island-table-extensible-dexterieur\/#breadcrumb\"},\"inLanguage\":\"fr-FR\",\"potentialAction\":[{\"@type\":\"ReadAction\",\"target\":[\"https:\/\/www.lavillagardendesign.com\/fr\/product\/key-island-table-extensible-dexterieur\/\"]}]},{\"@type\":\"ImageObject\",\"inLanguage\":\"fr-FR\",\"@id\":\"https:\/\/www.lavillagardendesign.com\/fr\/product\/key-island-table-extensible-dexterieur\/#primaryimage\",\"url\":\"https:\/\/www.lavillagardendesign.com\/wp-content\/uploads\/2025\/06\/4-1.jpg\",\"contentUrl\":\"https:\/\/www.lavillagardendesign.com\/wp-content\/uploads\/2025\/06\/4-1.jpg\",\"width\":700,\"height\":800},{\"@type\":\"BreadcrumbList\",\"@id\":\"https:\/\/www.lavillagardendesign.com\/fr\/product\/key-island-table-extensible-dexterieur\/#breadcrumb\",\"itemListElement\":[{\"@type\":\"ListItem\",\"position\":1,\"name\":\"Home\",\"item\":\"https:\/\/www.lavillagardendesign.com\/\"},{\"@type\":\"ListItem\",\"position\":2,\"name\":\"Boutique\",\"item\":\"https:\/\/www.lavillagardendesign.com\/fr\/boutique\/\"},{\"@type\":\"ListItem\",\"position\":3,\"name\":\"KEY ISLAND &#8211; Table extensible d&rsquo;ext\u00e9rieur\"}]},{\"@type\":\"WebSite\",\"@id\":\"https:\/\/www.lavillagardendesign.com\/#website\",\"url\":\"https:\/\/www.lavillagardendesign.com\/\",\"name\":\"La Villa Garden&Design\",\"description\":\"\",\"publisher\":{\"@id\":\"https:\/\/www.lavillagardendesign.com\/#organization\"},\"potentialAction\":[{\"@type\":\"SearchAction\",\"target\":{\"@type\":\"EntryPoint\",\"urlTemplate\":\"https:\/\/www.lavillagardendesign.com\/?s={search_term_string}\"},\"query-input\":{\"@type\":\"PropertyValueSpecification\",\"valueRequired\":true,\"valueName\":\"search_term_string\"}}],\"inLanguage\":\"fr-FR\"},{\"@type\":\"Organization\",\"@id\":\"https:\/\/www.lavillagardendesign.com\/#organization\",\"name\":\"La Villa Garden&Design\",\"url\":\"https:\/\/www.lavillagardendesign.com\/\",\"logo\":{\"@type\":\"ImageObject\",\"inLanguage\":\"fr-FR\",\"@id\":\"https:\/\/www.lavillagardendesign.com\/#\/schema\/logo\/image\/\",\"url\":\"https:\/\/www.lavillagardendesign.com\/wp-content\/uploads\/2024\/04\/logolavilla.png\",\"contentUrl\":\"https:\/\/www.lavillagardendesign.com\/wp-content\/uploads\/2024\/04\/logolavilla.png\",\"width\":682,\"height\":391,\"caption\":\"La Villa Garden&Design\"},\"image\":{\"@id\":\"https:\/\/www.lavillagardendesign.com\/#\/schema\/logo\/image\/\"},\"sameAs\":[\"https:\/\/www.facebook.com\/lavillagardendesign\/\"]}]}<\/script>\n<!-- \/ Yoast SEO plugin. -->","yoast_head_json":{"title":"KONNOR Table \u00e0 rallonge 200-300x110 cm - La Villa","description":"Table extensible KONNOR en aluminium 200-300x110 cm avec ouverture t\u00e9lescopique, roues et quincaillerie en acier inoxydable. Id\u00e9ale pour 8-12 personnes.","robots":{"index":"index","follow":"follow","max-snippet":"max-snippet:-1","max-image-preview":"max-image-preview:large","max-video-preview":"max-video-preview:-1"},"canonical":"https:\/\/www.lavillagardendesign.com\/fr\/product\/key-island-table-extensible-dexterieur\/","og_locale":"fr_FR","og_type":"article","og_title":"KONNOR Table \u00e0 rallonge 200-300x110 cm - La Villa","og_description":"Table extensible KONNOR en aluminium 200-300x110 cm avec ouverture t\u00e9lescopique, roues et quincaillerie en acier inoxydable. Id\u00e9ale pour 8-12 personnes.","og_url":"https:\/\/www.lavillagardendesign.com\/fr\/product\/key-island-table-extensible-dexterieur\/","og_site_name":"La Villa Garden&amp;Design","article_publisher":"https:\/\/www.facebook.com\/lavillagardendesign\/","og_image":[{"width":700,"height":800,"url":"https:\/\/www.lavillagardendesign.com\/wp-content\/uploads\/2025\/06\/4-1.jpg","type":"image\/jpeg"}],"twitter_card":"summary_large_image","schema":{"@context":"https:\/\/schema.org","@graph":[{"@type":"WebPage","@id":"https:\/\/www.lavillagardendesign.com\/fr\/product\/key-island-table-extensible-dexterieur\/","url":"https:\/\/www.lavillagardendesign.com\/fr\/product\/key-island-table-extensible-dexterieur\/","name":"KONNOR Table \u00e0 rallonge 200-300x110 cm - La Villa","isPartOf":{"@id":"https:\/\/www.lavillagardendesign.com\/#website"},"primaryImageOfPage":{"@id":"https:\/\/www.lavillagardendesign.com\/fr\/product\/key-island-table-extensible-dexterieur\/#primaryimage"},"image":{"@id":"https:\/\/www.lavillagardendesign.com\/fr\/product\/key-island-table-extensible-dexterieur\/#primaryimage"},"thumbnailUrl":"https:\/\/www.lavillagardendesign.com\/wp-content\/uploads\/2025\/06\/4-1.jpg","datePublished":"2025-06-07T21:59:25+00:00","description":"Table extensible KONNOR en aluminium 200-300x110 cm avec ouverture t\u00e9lescopique, roues et quincaillerie en acier inoxydable. Id\u00e9ale pour 8-12 personnes.","breadcrumb":{"@id":"https:\/\/www.lavillagardendesign.com\/fr\/product\/key-island-table-extensible-dexterieur\/#breadcrumb"},"inLanguage":"fr-FR","potentialAction":[{"@type":"ReadAction","target":["https:\/\/www.lavillagardendesign.com\/fr\/product\/key-island-table-extensible-dexterieur\/"]}]},{"@type":"ImageObject","inLanguage":"fr-FR","@id":"https:\/\/www.lavillagardendesign.com\/fr\/product\/key-island-table-extensible-dexterieur\/#primaryimage","url":"https:\/\/www.lavillagardendesign.com\/wp-content\/uploads\/2025\/06\/4-1.jpg","contentUrl":"https:\/\/www.lavillagardendesign.com\/wp-content\/uploads\/2025\/06\/4-1.jpg","width":700,"height":800},{"@type":"BreadcrumbList","@id":"https:\/\/www.lavillagardendesign.com\/fr\/product\/key-island-table-extensible-dexterieur\/#breadcrumb","itemListElement":[{"@type":"ListItem","position":1,"name":"Home","item":"https:\/\/www.lavillagardendesign.com\/"},{"@type":"ListItem","position":2,"name":"Boutique","item":"https:\/\/www.lavillagardendesign.com\/fr\/boutique\/"},{"@type":"ListItem","position":3,"name":"KEY ISLAND &#8211; Table extensible d&rsquo;ext\u00e9rieur"}]},{"@type":"WebSite","@id":"https:\/\/www.lavillagardendesign.com\/#website","url":"https:\/\/www.lavillagardendesign.com\/","name":"La Villa Garden&Design","description":"","publisher":{"@id":"https:\/\/www.lavillagardendesign.com\/#organization"},"potentialAction":[{"@type":"SearchAction","target":{"@type":"EntryPoint","urlTemplate":"https:\/\/www.lavillagardendesign.com\/?s={search_term_string}"},"query-input":{"@type":"PropertyValueSpecification","valueRequired":true,"valueName":"search_term_string"}}],"inLanguage":"fr-FR"},{"@type":"Organization","@id":"https:\/\/www.lavillagardendesign.com\/#organization","name":"La Villa Garden&Design","url":"https:\/\/www.lavillagardendesign.com\/","logo":{"@type":"ImageObject","inLanguage":"fr-FR","@id":"https:\/\/www.lavillagardendesign.com\/#\/schema\/logo\/image\/","url":"https:\/\/www.lavillagardendesign.com\/wp-content\/uploads\/2024\/04\/logolavilla.png","contentUrl":"https:\/\/www.lavillagardendesign.com\/wp-content\/uploads\/2024\/04\/logolavilla.png","width":682,"height":391,"caption":"La Villa Garden&Design"},"image":{"@id":"https:\/\/www.lavillagardendesign.com\/#\/schema\/logo\/image\/"},"sameAs":["https:\/\/www.facebook.com\/lavillagardendesign\/"]}]}},"_links":{"self":[{"href":"https:\/\/www.lavillagardendesign.com\/fr\/wp-json\/wp\/v2\/product\/63718","targetHints":{"allow":["GET"]}}],"collection":[{"href":"https:\/\/www.lavillagardendesign.com\/fr\/wp-json\/wp\/v2\/product"}],"about":[{"href":"https:\/\/www.lavillagardendesign.com\/fr\/wp-json\/wp\/v2\/types\/product"}],"replies":[{"embeddable":true,"href":"https:\/\/www.lavillagardendesign.com\/fr\/wp-json\/wp\/v2\/comments?post=63718"}],"version-history":[{"count":0,"href":"https:\/\/www.lavillagardendesign.com\/fr\/wp-json\/wp\/v2\/product\/63718\/revisions"}],"wp:featuredmedia":[{"embeddable":true,"href":"https:\/\/www.lavillagardendesign.com\/fr\/wp-json\/wp\/v2\/media\/54914"}],"wp:attachment":[{"href":"https:\/\/www.lavillagardendesign.com\/fr\/wp-json\/wp\/v2\/media?parent=63718"}],"wp:term":[{"taxonomy":"product_brand","embeddable":true,"href":"https:\/\/www.lavillagardendesign.com\/fr\/wp-json\/wp\/v2\/product_brand?post=63718"},{"taxonomy":"product_cat","embeddable":true,"href":"https:\/\/www.lavillagardendesign.com\/fr\/wp-json\/wp\/v2\/product_cat?post=63718"},{"taxonomy":"product_tag","embeddable":true,"href":"https:\/\/www.lavillagardendesign.com\/fr\/wp-json\/wp\/v2\/product_tag?post=63718"}],"curies":[{"name":"wp","href":"https:\/\/api.w.org\/{rel}","templated":true}]}}