{"id":62789,"date":"2026-02-09T10:38:50","date_gmt":"2026-02-09T09:38:50","guid":{"rendered":"https:\/\/www.lavillagardendesign.com\/product\/cuisine-exterieure-module-devier-caiman-avec-plan-en-pierre-frittee\/"},"modified":"2026-02-23T11:40:51","modified_gmt":"2026-02-23T09:40:51","slug":"cuisine-exterieure-module-devier-caiman-avec-plan-en-pierre-frittee","status":"publish","type":"product","link":"https:\/\/www.lavillagardendesign.com\/fr\/product\/cuisine-exterieure-module-devier-caiman-avec-plan-en-pierre-frittee\/","title":{"rendered":"CUISINE EXTERIEURE &#8211; Module d&rsquo;\u00e9vier Caiman avec plan en pierre fritt\u00e9e"},"content":{"rendered":"","protected":false},"excerpt":{"rendered":"<p>Transformez votre terrasse en un espace culinaire haut de gamme avec le module de <span class=\"il\">cuisine<\/span> Caiman de la collection <span class=\"il\">CUISINE<\/span> D&rsquo;EXT\u00c9RIEUR. Cette unit\u00e9 technique est dot\u00e9e d&rsquo;un plan de travail en pierre fritt\u00e9e de 12 mm \u00e0 effet marbre noir, un mat\u00e9riau ultra-r\u00e9sistant \u00e0 la chaleur, aux taches et aux rayures. La structure en aluminium rev\u00eatue d&rsquo;une poudre de polyester assure une durabilit\u00e9 contre la corrosion marine. Il comprend un \u00e9vier et un mitigeur en acier inoxydable 304 de haute qualit\u00e9, une \u00e9tag\u00e8re de rangement interne et des pieds r\u00e9glables pour une mise \u00e0 niveau parfaite. Disponible dans les finitions Anthracite et Sand pour s&rsquo;adapter \u00e0 tous les styles architecturaux.    <\/p>\n","protected":false},"featured_media":62563,"comment_status":"open","ping_status":"closed","template":"","meta":[],"product_brand":[4998],"product_cat":[6832,4774],"product_tag":[],"class_list":{"0":"post-62789","1":"product","2":"type-product","3":"status-publish","4":"has-post-thumbnail","6":"product_brand-la-villa","7":"product_cat-outdoor-fr","8":"product_cat-barbecue-fr","10":"first","11":"instock","12":"taxable","13":"shipping-taxable","14":"purchasable","15":"product-type-variable"},"yoast_head":"<!-- This site is optimized with the Yoast SEO plugin v27.1.1 - https:\/\/yoast.com\/product\/yoast-seo-wordpress\/ -->\n<title>Evier de cuisine d&#039;ext\u00e9rieur Caiman | Plateau en pierre fritt\u00e9e \/ La Villa Garden<\/title>\n<meta name=\"description\" content=\"Module de cuisine ext\u00e9rieure Caiman (120cm). \u00c9vier en acier inoxydable 304 et comptoir en pierre fritt\u00e9e (effet marbre). Disponible en Anthracite et Sable. Luxe fonctionnel.\" \/>\n<meta name=\"robots\" content=\"index, follow, max-snippet:-1, max-image-preview:large, max-video-preview:-1\" \/>\n<link rel=\"canonical\" href=\"https:\/\/www.lavillagardendesign.com\/fr\/product\/cuisine-exterieure-module-devier-caiman-avec-plan-en-pierre-frittee\/\" \/>\n<meta property=\"og:locale\" content=\"fr_FR\" \/>\n<meta property=\"og:type\" content=\"article\" \/>\n<meta property=\"og:title\" content=\"Evier de cuisine d&#039;ext\u00e9rieur Caiman | Plateau en pierre fritt\u00e9e \/ La Villa Garden\" \/>\n<meta property=\"og:description\" content=\"Module de cuisine ext\u00e9rieure Caiman (120cm). \u00c9vier en acier inoxydable 304 et comptoir en pierre fritt\u00e9e (effet marbre). Disponible en Anthracite et Sable. Luxe fonctionnel.\" \/>\n<meta property=\"og:url\" content=\"https:\/\/www.lavillagardendesign.com\/fr\/product\/cuisine-exterieure-module-devier-caiman-avec-plan-en-pierre-frittee\/\" \/>\n<meta property=\"og:site_name\" content=\"La Villa Garden&amp;Design\" \/>\n<meta property=\"article:publisher\" content=\"https:\/\/www.facebook.com\/lavillagardendesign\/\" \/>\n<meta property=\"article:modified_time\" content=\"2026-02-23T09:40:51+00:00\" \/>\n<meta property=\"og:image\" content=\"https:\/\/www.lavillagardendesign.com\/wp-content\/uploads\/2026\/02\/3-7.jpg\" \/>\n\t<meta property=\"og:image:width\" content=\"700\" \/>\n\t<meta property=\"og:image:height\" content=\"800\" \/>\n\t<meta property=\"og:image:type\" content=\"image\/jpeg\" \/>\n<meta name=\"twitter:card\" content=\"summary_large_image\" \/>\n<script type=\"application\/ld+json\" class=\"yoast-schema-graph\">{\"@context\":\"https:\/\/schema.org\",\"@graph\":[{\"@type\":\"WebPage\",\"@id\":\"https:\/\/www.lavillagardendesign.com\/fr\/product\/cuisine-exterieure-module-devier-caiman-avec-plan-en-pierre-frittee\/\",\"url\":\"https:\/\/www.lavillagardendesign.com\/fr\/product\/cuisine-exterieure-module-devier-caiman-avec-plan-en-pierre-frittee\/\",\"name\":\"Evier de cuisine d'ext\u00e9rieur Caiman | Plateau en pierre fritt\u00e9e \/ La Villa Garden\",\"isPartOf\":{\"@id\":\"https:\/\/www.lavillagardendesign.com\/#website\"},\"primaryImageOfPage\":{\"@id\":\"https:\/\/www.lavillagardendesign.com\/fr\/product\/cuisine-exterieure-module-devier-caiman-avec-plan-en-pierre-frittee\/#primaryimage\"},\"image\":{\"@id\":\"https:\/\/www.lavillagardendesign.com\/fr\/product\/cuisine-exterieure-module-devier-caiman-avec-plan-en-pierre-frittee\/#primaryimage\"},\"thumbnailUrl\":\"https:\/\/www.lavillagardendesign.com\/wp-content\/uploads\/2026\/02\/3-7.jpg\",\"datePublished\":\"2026-02-09T09:38:50+00:00\",\"dateModified\":\"2026-02-23T09:40:51+00:00\",\"description\":\"Module de cuisine ext\u00e9rieure Caiman (120cm). \u00c9vier en acier inoxydable 304 et comptoir en pierre fritt\u00e9e (effet marbre). Disponible en Anthracite et Sable. Luxe fonctionnel.\",\"breadcrumb\":{\"@id\":\"https:\/\/www.lavillagardendesign.com\/fr\/product\/cuisine-exterieure-module-devier-caiman-avec-plan-en-pierre-frittee\/#breadcrumb\"},\"inLanguage\":\"fr-FR\",\"potentialAction\":[{\"@type\":\"ReadAction\",\"target\":[\"https:\/\/www.lavillagardendesign.com\/fr\/product\/cuisine-exterieure-module-devier-caiman-avec-plan-en-pierre-frittee\/\"]}]},{\"@type\":\"ImageObject\",\"inLanguage\":\"fr-FR\",\"@id\":\"https:\/\/www.lavillagardendesign.com\/fr\/product\/cuisine-exterieure-module-devier-caiman-avec-plan-en-pierre-frittee\/#primaryimage\",\"url\":\"https:\/\/www.lavillagardendesign.com\/wp-content\/uploads\/2026\/02\/3-7.jpg\",\"contentUrl\":\"https:\/\/www.lavillagardendesign.com\/wp-content\/uploads\/2026\/02\/3-7.jpg\",\"width\":700,\"height\":800},{\"@type\":\"BreadcrumbList\",\"@id\":\"https:\/\/www.lavillagardendesign.com\/fr\/product\/cuisine-exterieure-module-devier-caiman-avec-plan-en-pierre-frittee\/#breadcrumb\",\"itemListElement\":[{\"@type\":\"ListItem\",\"position\":1,\"name\":\"Home\",\"item\":\"https:\/\/www.lavillagardendesign.com\/\"},{\"@type\":\"ListItem\",\"position\":2,\"name\":\"Boutique\",\"item\":\"https:\/\/www.lavillagardendesign.com\/fr\/boutique\/\"},{\"@type\":\"ListItem\",\"position\":3,\"name\":\"CUISINE EXTERIEURE &#8211; Module d&#8217;\u00e9vier Caiman avec plan en pierre fritt\u00e9e\"}]},{\"@type\":\"WebSite\",\"@id\":\"https:\/\/www.lavillagardendesign.com\/#website\",\"url\":\"https:\/\/www.lavillagardendesign.com\/\",\"name\":\"La Villa Garden&Design\",\"description\":\"\",\"publisher\":{\"@id\":\"https:\/\/www.lavillagardendesign.com\/#organization\"},\"potentialAction\":[{\"@type\":\"SearchAction\",\"target\":{\"@type\":\"EntryPoint\",\"urlTemplate\":\"https:\/\/www.lavillagardendesign.com\/?s={search_term_string}\"},\"query-input\":{\"@type\":\"PropertyValueSpecification\",\"valueRequired\":true,\"valueName\":\"search_term_string\"}}],\"inLanguage\":\"fr-FR\"},{\"@type\":\"Organization\",\"@id\":\"https:\/\/www.lavillagardendesign.com\/#organization\",\"name\":\"La Villa Garden&Design\",\"url\":\"https:\/\/www.lavillagardendesign.com\/\",\"logo\":{\"@type\":\"ImageObject\",\"inLanguage\":\"fr-FR\",\"@id\":\"https:\/\/www.lavillagardendesign.com\/#\/schema\/logo\/image\/\",\"url\":\"https:\/\/www.lavillagardendesign.com\/wp-content\/uploads\/2024\/04\/logolavilla.png\",\"contentUrl\":\"https:\/\/www.lavillagardendesign.com\/wp-content\/uploads\/2024\/04\/logolavilla.png\",\"width\":682,\"height\":391,\"caption\":\"La Villa Garden&Design\"},\"image\":{\"@id\":\"https:\/\/www.lavillagardendesign.com\/#\/schema\/logo\/image\/\"},\"sameAs\":[\"https:\/\/www.facebook.com\/lavillagardendesign\/\"]}]}<\/script>\n<!-- \/ Yoast SEO plugin. -->","yoast_head_json":{"title":"Evier de cuisine d'ext\u00e9rieur Caiman | Plateau en pierre fritt\u00e9e \/ La Villa Garden","description":"Module de cuisine ext\u00e9rieure Caiman (120cm). \u00c9vier en acier inoxydable 304 et comptoir en pierre fritt\u00e9e (effet marbre). Disponible en Anthracite et Sable. Luxe fonctionnel.","robots":{"index":"index","follow":"follow","max-snippet":"max-snippet:-1","max-image-preview":"max-image-preview:large","max-video-preview":"max-video-preview:-1"},"canonical":"https:\/\/www.lavillagardendesign.com\/fr\/product\/cuisine-exterieure-module-devier-caiman-avec-plan-en-pierre-frittee\/","og_locale":"fr_FR","og_type":"article","og_title":"Evier de cuisine d'ext\u00e9rieur Caiman | Plateau en pierre fritt\u00e9e \/ La Villa Garden","og_description":"Module de cuisine ext\u00e9rieure Caiman (120cm). \u00c9vier en acier inoxydable 304 et comptoir en pierre fritt\u00e9e (effet marbre). Disponible en Anthracite et Sable. Luxe fonctionnel.","og_url":"https:\/\/www.lavillagardendesign.com\/fr\/product\/cuisine-exterieure-module-devier-caiman-avec-plan-en-pierre-frittee\/","og_site_name":"La Villa Garden&amp;Design","article_publisher":"https:\/\/www.facebook.com\/lavillagardendesign\/","article_modified_time":"2026-02-23T09:40:51+00:00","og_image":[{"width":700,"height":800,"url":"https:\/\/www.lavillagardendesign.com\/wp-content\/uploads\/2026\/02\/3-7.jpg","type":"image\/jpeg"}],"twitter_card":"summary_large_image","schema":{"@context":"https:\/\/schema.org","@graph":[{"@type":"WebPage","@id":"https:\/\/www.lavillagardendesign.com\/fr\/product\/cuisine-exterieure-module-devier-caiman-avec-plan-en-pierre-frittee\/","url":"https:\/\/www.lavillagardendesign.com\/fr\/product\/cuisine-exterieure-module-devier-caiman-avec-plan-en-pierre-frittee\/","name":"Evier de cuisine d'ext\u00e9rieur Caiman | Plateau en pierre fritt\u00e9e \/ La Villa Garden","isPartOf":{"@id":"https:\/\/www.lavillagardendesign.com\/#website"},"primaryImageOfPage":{"@id":"https:\/\/www.lavillagardendesign.com\/fr\/product\/cuisine-exterieure-module-devier-caiman-avec-plan-en-pierre-frittee\/#primaryimage"},"image":{"@id":"https:\/\/www.lavillagardendesign.com\/fr\/product\/cuisine-exterieure-module-devier-caiman-avec-plan-en-pierre-frittee\/#primaryimage"},"thumbnailUrl":"https:\/\/www.lavillagardendesign.com\/wp-content\/uploads\/2026\/02\/3-7.jpg","datePublished":"2026-02-09T09:38:50+00:00","dateModified":"2026-02-23T09:40:51+00:00","description":"Module de cuisine ext\u00e9rieure Caiman (120cm). \u00c9vier en acier inoxydable 304 et comptoir en pierre fritt\u00e9e (effet marbre). Disponible en Anthracite et Sable. Luxe fonctionnel.","breadcrumb":{"@id":"https:\/\/www.lavillagardendesign.com\/fr\/product\/cuisine-exterieure-module-devier-caiman-avec-plan-en-pierre-frittee\/#breadcrumb"},"inLanguage":"fr-FR","potentialAction":[{"@type":"ReadAction","target":["https:\/\/www.lavillagardendesign.com\/fr\/product\/cuisine-exterieure-module-devier-caiman-avec-plan-en-pierre-frittee\/"]}]},{"@type":"ImageObject","inLanguage":"fr-FR","@id":"https:\/\/www.lavillagardendesign.com\/fr\/product\/cuisine-exterieure-module-devier-caiman-avec-plan-en-pierre-frittee\/#primaryimage","url":"https:\/\/www.lavillagardendesign.com\/wp-content\/uploads\/2026\/02\/3-7.jpg","contentUrl":"https:\/\/www.lavillagardendesign.com\/wp-content\/uploads\/2026\/02\/3-7.jpg","width":700,"height":800},{"@type":"BreadcrumbList","@id":"https:\/\/www.lavillagardendesign.com\/fr\/product\/cuisine-exterieure-module-devier-caiman-avec-plan-en-pierre-frittee\/#breadcrumb","itemListElement":[{"@type":"ListItem","position":1,"name":"Home","item":"https:\/\/www.lavillagardendesign.com\/"},{"@type":"ListItem","position":2,"name":"Boutique","item":"https:\/\/www.lavillagardendesign.com\/fr\/boutique\/"},{"@type":"ListItem","position":3,"name":"CUISINE EXTERIEURE &#8211; Module d&#8217;\u00e9vier Caiman avec plan en pierre fritt\u00e9e"}]},{"@type":"WebSite","@id":"https:\/\/www.lavillagardendesign.com\/#website","url":"https:\/\/www.lavillagardendesign.com\/","name":"La Villa Garden&Design","description":"","publisher":{"@id":"https:\/\/www.lavillagardendesign.com\/#organization"},"potentialAction":[{"@type":"SearchAction","target":{"@type":"EntryPoint","urlTemplate":"https:\/\/www.lavillagardendesign.com\/?s={search_term_string}"},"query-input":{"@type":"PropertyValueSpecification","valueRequired":true,"valueName":"search_term_string"}}],"inLanguage":"fr-FR"},{"@type":"Organization","@id":"https:\/\/www.lavillagardendesign.com\/#organization","name":"La Villa Garden&Design","url":"https:\/\/www.lavillagardendesign.com\/","logo":{"@type":"ImageObject","inLanguage":"fr-FR","@id":"https:\/\/www.lavillagardendesign.com\/#\/schema\/logo\/image\/","url":"https:\/\/www.lavillagardendesign.com\/wp-content\/uploads\/2024\/04\/logolavilla.png","contentUrl":"https:\/\/www.lavillagardendesign.com\/wp-content\/uploads\/2024\/04\/logolavilla.png","width":682,"height":391,"caption":"La Villa Garden&Design"},"image":{"@id":"https:\/\/www.lavillagardendesign.com\/#\/schema\/logo\/image\/"},"sameAs":["https:\/\/www.facebook.com\/lavillagardendesign\/"]}]}},"_links":{"self":[{"href":"https:\/\/www.lavillagardendesign.com\/fr\/wp-json\/wp\/v2\/product\/62789","targetHints":{"allow":["GET"]}}],"collection":[{"href":"https:\/\/www.lavillagardendesign.com\/fr\/wp-json\/wp\/v2\/product"}],"about":[{"href":"https:\/\/www.lavillagardendesign.com\/fr\/wp-json\/wp\/v2\/types\/product"}],"replies":[{"embeddable":true,"href":"https:\/\/www.lavillagardendesign.com\/fr\/wp-json\/wp\/v2\/comments?post=62789"}],"version-history":[{"count":1,"href":"https:\/\/www.lavillagardendesign.com\/fr\/wp-json\/wp\/v2\/product\/62789\/revisions"}],"predecessor-version":[{"id":62806,"href":"https:\/\/www.lavillagardendesign.com\/fr\/wp-json\/wp\/v2\/product\/62789\/revisions\/62806"}],"wp:featuredmedia":[{"embeddable":true,"href":"https:\/\/www.lavillagardendesign.com\/fr\/wp-json\/wp\/v2\/media\/62563"}],"wp:attachment":[{"href":"https:\/\/www.lavillagardendesign.com\/fr\/wp-json\/wp\/v2\/media?parent=62789"}],"wp:term":[{"taxonomy":"product_brand","embeddable":true,"href":"https:\/\/www.lavillagardendesign.com\/fr\/wp-json\/wp\/v2\/product_brand?post=62789"},{"taxonomy":"product_cat","embeddable":true,"href":"https:\/\/www.lavillagardendesign.com\/fr\/wp-json\/wp\/v2\/product_cat?post=62789"},{"taxonomy":"product_tag","embeddable":true,"href":"https:\/\/www.lavillagardendesign.com\/fr\/wp-json\/wp\/v2\/product_tag?post=62789"}],"curies":[{"name":"wp","href":"https:\/\/api.w.org\/{rel}","templated":true}]}}