{"id":62782,"date":"2026-02-09T10:39:38","date_gmt":"2026-02-09T08:39:38","guid":{"rendered":"https:\/\/www.lavillagardendesign.com\/product\/cuisine-exterieure-module-dangle-et-de-rangement-caiman\/"},"modified":"2026-02-23T11:40:53","modified_gmt":"2026-02-23T09:40:53","slug":"cuisine-exterieure-module-dangle-et-de-rangement-caiman","status":"publish","type":"product","link":"https:\/\/www.lavillagardendesign.com\/fr\/product\/cuisine-exterieure-module-dangle-et-de-rangement-caiman\/","title":{"rendered":"CUISINE EXT\u00c9RIEURE &#8211; Module d&rsquo;angle et de rangement Caiman"},"content":{"rendered":"","protected":false},"excerpt":{"rendered":"<p>Maximisez la fonctionnalit\u00e9 de votre espace culinaire ext\u00e9rieur avec le module d&rsquo;angle et de rangement Caiman. Cette unit\u00e9 polyvalente vous permet de relier diff\u00e9rentes sections de votre <span class=\"il\">cuisine<\/span> modulaire ou d&rsquo;\u00e9tendre votre espace de travail. \u00c9quip\u00e9 d&rsquo;\u00e9tag\u00e8res internes, il offre un espace de rangement pr\u00e9cieux pour la vaisselle ou les ustensiles, tout en les prot\u00e9geant des intemp\u00e9ries. La version Sand (Arena) pr\u00e9sente un plan de travail sophistiqu\u00e9 en pierre fritt\u00e9e (12 mm) \u00e0 effet Travertin, tandis que la version Anthracite conserve une esth\u00e9tique \u00e9pur\u00e9e et minimaliste. Sa structure en aluminium et sa quincaillerie en acier inoxydable 304 garantissent une r\u00e9sistance totale dans les environnements c\u00f4tiers.    <\/p>\n","protected":false},"featured_media":62613,"comment_status":"open","ping_status":"closed","template":"","meta":[],"product_brand":[4998],"product_cat":[6832,4774],"product_tag":[],"class_list":{"0":"post-62782","1":"product","2":"type-product","3":"status-publish","4":"has-post-thumbnail","6":"product_brand-la-villa","7":"product_cat-outdoor-fr","8":"product_cat-barbecue-fr","10":"first","11":"instock","12":"taxable","13":"shipping-taxable","14":"purchasable","15":"product-type-variable"},"yoast_head":"<!-- This site is optimized with the Yoast SEO plugin v27.1.1 - https:\/\/yoast.com\/product\/yoast-seo-wordpress\/ -->\n<title>Module d&#039;angle de cuisine Caiman | Stockage de pierres fritt\u00e9es \/ La Villa Garden<\/title>\n<meta name=\"description\" content=\"Module d&#039;angle et de rangement en ca\u00efman (120cm). Plan de travail en pierre fritt\u00e9e (Travertin\/Marbre). Etag\u00e8res int\u00e9rieures. Parfait pour les cuisines ext\u00e9rieures modulaires de luxe.\" \/>\n<meta name=\"robots\" content=\"index, follow, max-snippet:-1, max-image-preview:large, max-video-preview:-1\" \/>\n<link rel=\"canonical\" href=\"https:\/\/www.lavillagardendesign.com\/fr\/product\/cuisine-exterieure-module-dangle-et-de-rangement-caiman\/\" \/>\n<meta property=\"og:locale\" content=\"fr_FR\" \/>\n<meta property=\"og:type\" content=\"article\" \/>\n<meta property=\"og:title\" content=\"Module d&#039;angle de cuisine Caiman | Stockage de pierres fritt\u00e9es \/ La Villa Garden\" \/>\n<meta property=\"og:description\" content=\"Module d&#039;angle et de rangement en ca\u00efman (120cm). Plan de travail en pierre fritt\u00e9e (Travertin\/Marbre). Etag\u00e8res int\u00e9rieures. Parfait pour les cuisines ext\u00e9rieures modulaires de luxe.\" \/>\n<meta property=\"og:url\" content=\"https:\/\/www.lavillagardendesign.com\/fr\/product\/cuisine-exterieure-module-dangle-et-de-rangement-caiman\/\" \/>\n<meta property=\"og:site_name\" content=\"La Villa Garden&amp;Design\" \/>\n<meta property=\"article:publisher\" content=\"https:\/\/www.facebook.com\/lavillagardendesign\/\" \/>\n<meta property=\"article:modified_time\" content=\"2026-02-23T09:40:53+00:00\" \/>\n<meta property=\"og:image\" content=\"https:\/\/www.lavillagardendesign.com\/wp-content\/uploads\/2026\/02\/1-3-9.jpg\" \/>\n\t<meta property=\"og:image:width\" content=\"700\" \/>\n\t<meta property=\"og:image:height\" content=\"800\" \/>\n\t<meta property=\"og:image:type\" content=\"image\/jpeg\" \/>\n<meta name=\"twitter:card\" content=\"summary_large_image\" \/>\n<script type=\"application\/ld+json\" class=\"yoast-schema-graph\">{\"@context\":\"https:\/\/schema.org\",\"@graph\":[{\"@type\":\"WebPage\",\"@id\":\"https:\/\/www.lavillagardendesign.com\/fr\/product\/cuisine-exterieure-module-dangle-et-de-rangement-caiman\/\",\"url\":\"https:\/\/www.lavillagardendesign.com\/fr\/product\/cuisine-exterieure-module-dangle-et-de-rangement-caiman\/\",\"name\":\"Module d'angle de cuisine Caiman | Stockage de pierres fritt\u00e9es \/ La Villa Garden\",\"isPartOf\":{\"@id\":\"https:\/\/www.lavillagardendesign.com\/#website\"},\"primaryImageOfPage\":{\"@id\":\"https:\/\/www.lavillagardendesign.com\/fr\/product\/cuisine-exterieure-module-dangle-et-de-rangement-caiman\/#primaryimage\"},\"image\":{\"@id\":\"https:\/\/www.lavillagardendesign.com\/fr\/product\/cuisine-exterieure-module-dangle-et-de-rangement-caiman\/#primaryimage\"},\"thumbnailUrl\":\"https:\/\/www.lavillagardendesign.com\/wp-content\/uploads\/2026\/02\/1-3-9.jpg\",\"datePublished\":\"2026-02-09T08:39:38+00:00\",\"dateModified\":\"2026-02-23T09:40:53+00:00\",\"description\":\"Module d'angle et de rangement en ca\u00efman (120cm). Plan de travail en pierre fritt\u00e9e (Travertin\/Marbre). Etag\u00e8res int\u00e9rieures. Parfait pour les cuisines ext\u00e9rieures modulaires de luxe.\",\"breadcrumb\":{\"@id\":\"https:\/\/www.lavillagardendesign.com\/fr\/product\/cuisine-exterieure-module-dangle-et-de-rangement-caiman\/#breadcrumb\"},\"inLanguage\":\"fr-FR\",\"potentialAction\":[{\"@type\":\"ReadAction\",\"target\":[\"https:\/\/www.lavillagardendesign.com\/fr\/product\/cuisine-exterieure-module-dangle-et-de-rangement-caiman\/\"]}]},{\"@type\":\"ImageObject\",\"inLanguage\":\"fr-FR\",\"@id\":\"https:\/\/www.lavillagardendesign.com\/fr\/product\/cuisine-exterieure-module-dangle-et-de-rangement-caiman\/#primaryimage\",\"url\":\"https:\/\/www.lavillagardendesign.com\/wp-content\/uploads\/2026\/02\/1-3-9.jpg\",\"contentUrl\":\"https:\/\/www.lavillagardendesign.com\/wp-content\/uploads\/2026\/02\/1-3-9.jpg\",\"width\":700,\"height\":800},{\"@type\":\"BreadcrumbList\",\"@id\":\"https:\/\/www.lavillagardendesign.com\/fr\/product\/cuisine-exterieure-module-dangle-et-de-rangement-caiman\/#breadcrumb\",\"itemListElement\":[{\"@type\":\"ListItem\",\"position\":1,\"name\":\"Home\",\"item\":\"https:\/\/www.lavillagardendesign.com\/\"},{\"@type\":\"ListItem\",\"position\":2,\"name\":\"Boutique\",\"item\":\"https:\/\/www.lavillagardendesign.com\/fr\/boutique\/\"},{\"@type\":\"ListItem\",\"position\":3,\"name\":\"CUISINE EXT\u00c9RIEURE &#8211; Module d&#8217;angle et de rangement Caiman\"}]},{\"@type\":\"WebSite\",\"@id\":\"https:\/\/www.lavillagardendesign.com\/#website\",\"url\":\"https:\/\/www.lavillagardendesign.com\/\",\"name\":\"La Villa Garden&Design\",\"description\":\"\",\"publisher\":{\"@id\":\"https:\/\/www.lavillagardendesign.com\/#organization\"},\"potentialAction\":[{\"@type\":\"SearchAction\",\"target\":{\"@type\":\"EntryPoint\",\"urlTemplate\":\"https:\/\/www.lavillagardendesign.com\/?s={search_term_string}\"},\"query-input\":{\"@type\":\"PropertyValueSpecification\",\"valueRequired\":true,\"valueName\":\"search_term_string\"}}],\"inLanguage\":\"fr-FR\"},{\"@type\":\"Organization\",\"@id\":\"https:\/\/www.lavillagardendesign.com\/#organization\",\"name\":\"La Villa Garden&Design\",\"url\":\"https:\/\/www.lavillagardendesign.com\/\",\"logo\":{\"@type\":\"ImageObject\",\"inLanguage\":\"fr-FR\",\"@id\":\"https:\/\/www.lavillagardendesign.com\/#\/schema\/logo\/image\/\",\"url\":\"https:\/\/www.lavillagardendesign.com\/wp-content\/uploads\/2024\/04\/logolavilla.png\",\"contentUrl\":\"https:\/\/www.lavillagardendesign.com\/wp-content\/uploads\/2024\/04\/logolavilla.png\",\"width\":682,\"height\":391,\"caption\":\"La Villa Garden&Design\"},\"image\":{\"@id\":\"https:\/\/www.lavillagardendesign.com\/#\/schema\/logo\/image\/\"},\"sameAs\":[\"https:\/\/www.facebook.com\/lavillagardendesign\/\"]}]}<\/script>\n<!-- \/ Yoast SEO plugin. -->","yoast_head_json":{"title":"Module d'angle de cuisine Caiman | Stockage de pierres fritt\u00e9es \/ La Villa Garden","description":"Module d'angle et de rangement en ca\u00efman (120cm). Plan de travail en pierre fritt\u00e9e (Travertin\/Marbre). Etag\u00e8res int\u00e9rieures. Parfait pour les cuisines ext\u00e9rieures modulaires de luxe.","robots":{"index":"index","follow":"follow","max-snippet":"max-snippet:-1","max-image-preview":"max-image-preview:large","max-video-preview":"max-video-preview:-1"},"canonical":"https:\/\/www.lavillagardendesign.com\/fr\/product\/cuisine-exterieure-module-dangle-et-de-rangement-caiman\/","og_locale":"fr_FR","og_type":"article","og_title":"Module d'angle de cuisine Caiman | Stockage de pierres fritt\u00e9es \/ La Villa Garden","og_description":"Module d'angle et de rangement en ca\u00efman (120cm). Plan de travail en pierre fritt\u00e9e (Travertin\/Marbre). Etag\u00e8res int\u00e9rieures. Parfait pour les cuisines ext\u00e9rieures modulaires de luxe.","og_url":"https:\/\/www.lavillagardendesign.com\/fr\/product\/cuisine-exterieure-module-dangle-et-de-rangement-caiman\/","og_site_name":"La Villa Garden&amp;Design","article_publisher":"https:\/\/www.facebook.com\/lavillagardendesign\/","article_modified_time":"2026-02-23T09:40:53+00:00","og_image":[{"width":700,"height":800,"url":"https:\/\/www.lavillagardendesign.com\/wp-content\/uploads\/2026\/02\/1-3-9.jpg","type":"image\/jpeg"}],"twitter_card":"summary_large_image","schema":{"@context":"https:\/\/schema.org","@graph":[{"@type":"WebPage","@id":"https:\/\/www.lavillagardendesign.com\/fr\/product\/cuisine-exterieure-module-dangle-et-de-rangement-caiman\/","url":"https:\/\/www.lavillagardendesign.com\/fr\/product\/cuisine-exterieure-module-dangle-et-de-rangement-caiman\/","name":"Module d'angle de cuisine Caiman | Stockage de pierres fritt\u00e9es \/ La Villa Garden","isPartOf":{"@id":"https:\/\/www.lavillagardendesign.com\/#website"},"primaryImageOfPage":{"@id":"https:\/\/www.lavillagardendesign.com\/fr\/product\/cuisine-exterieure-module-dangle-et-de-rangement-caiman\/#primaryimage"},"image":{"@id":"https:\/\/www.lavillagardendesign.com\/fr\/product\/cuisine-exterieure-module-dangle-et-de-rangement-caiman\/#primaryimage"},"thumbnailUrl":"https:\/\/www.lavillagardendesign.com\/wp-content\/uploads\/2026\/02\/1-3-9.jpg","datePublished":"2026-02-09T08:39:38+00:00","dateModified":"2026-02-23T09:40:53+00:00","description":"Module d'angle et de rangement en ca\u00efman (120cm). Plan de travail en pierre fritt\u00e9e (Travertin\/Marbre). Etag\u00e8res int\u00e9rieures. Parfait pour les cuisines ext\u00e9rieures modulaires de luxe.","breadcrumb":{"@id":"https:\/\/www.lavillagardendesign.com\/fr\/product\/cuisine-exterieure-module-dangle-et-de-rangement-caiman\/#breadcrumb"},"inLanguage":"fr-FR","potentialAction":[{"@type":"ReadAction","target":["https:\/\/www.lavillagardendesign.com\/fr\/product\/cuisine-exterieure-module-dangle-et-de-rangement-caiman\/"]}]},{"@type":"ImageObject","inLanguage":"fr-FR","@id":"https:\/\/www.lavillagardendesign.com\/fr\/product\/cuisine-exterieure-module-dangle-et-de-rangement-caiman\/#primaryimage","url":"https:\/\/www.lavillagardendesign.com\/wp-content\/uploads\/2026\/02\/1-3-9.jpg","contentUrl":"https:\/\/www.lavillagardendesign.com\/wp-content\/uploads\/2026\/02\/1-3-9.jpg","width":700,"height":800},{"@type":"BreadcrumbList","@id":"https:\/\/www.lavillagardendesign.com\/fr\/product\/cuisine-exterieure-module-dangle-et-de-rangement-caiman\/#breadcrumb","itemListElement":[{"@type":"ListItem","position":1,"name":"Home","item":"https:\/\/www.lavillagardendesign.com\/"},{"@type":"ListItem","position":2,"name":"Boutique","item":"https:\/\/www.lavillagardendesign.com\/fr\/boutique\/"},{"@type":"ListItem","position":3,"name":"CUISINE EXT\u00c9RIEURE &#8211; Module d&#8217;angle et de rangement Caiman"}]},{"@type":"WebSite","@id":"https:\/\/www.lavillagardendesign.com\/#website","url":"https:\/\/www.lavillagardendesign.com\/","name":"La Villa Garden&Design","description":"","publisher":{"@id":"https:\/\/www.lavillagardendesign.com\/#organization"},"potentialAction":[{"@type":"SearchAction","target":{"@type":"EntryPoint","urlTemplate":"https:\/\/www.lavillagardendesign.com\/?s={search_term_string}"},"query-input":{"@type":"PropertyValueSpecification","valueRequired":true,"valueName":"search_term_string"}}],"inLanguage":"fr-FR"},{"@type":"Organization","@id":"https:\/\/www.lavillagardendesign.com\/#organization","name":"La Villa Garden&Design","url":"https:\/\/www.lavillagardendesign.com\/","logo":{"@type":"ImageObject","inLanguage":"fr-FR","@id":"https:\/\/www.lavillagardendesign.com\/#\/schema\/logo\/image\/","url":"https:\/\/www.lavillagardendesign.com\/wp-content\/uploads\/2024\/04\/logolavilla.png","contentUrl":"https:\/\/www.lavillagardendesign.com\/wp-content\/uploads\/2024\/04\/logolavilla.png","width":682,"height":391,"caption":"La Villa Garden&Design"},"image":{"@id":"https:\/\/www.lavillagardendesign.com\/#\/schema\/logo\/image\/"},"sameAs":["https:\/\/www.facebook.com\/lavillagardendesign\/"]}]}},"_links":{"self":[{"href":"https:\/\/www.lavillagardendesign.com\/fr\/wp-json\/wp\/v2\/product\/62782","targetHints":{"allow":["GET"]}}],"collection":[{"href":"https:\/\/www.lavillagardendesign.com\/fr\/wp-json\/wp\/v2\/product"}],"about":[{"href":"https:\/\/www.lavillagardendesign.com\/fr\/wp-json\/wp\/v2\/types\/product"}],"replies":[{"embeddable":true,"href":"https:\/\/www.lavillagardendesign.com\/fr\/wp-json\/wp\/v2\/comments?post=62782"}],"version-history":[{"count":1,"href":"https:\/\/www.lavillagardendesign.com\/fr\/wp-json\/wp\/v2\/product\/62782\/revisions"}],"predecessor-version":[{"id":63671,"href":"https:\/\/www.lavillagardendesign.com\/fr\/wp-json\/wp\/v2\/product\/62782\/revisions\/63671"}],"wp:featuredmedia":[{"embeddable":true,"href":"https:\/\/www.lavillagardendesign.com\/fr\/wp-json\/wp\/v2\/media\/62613"}],"wp:attachment":[{"href":"https:\/\/www.lavillagardendesign.com\/fr\/wp-json\/wp\/v2\/media?parent=62782"}],"wp:term":[{"taxonomy":"product_brand","embeddable":true,"href":"https:\/\/www.lavillagardendesign.com\/fr\/wp-json\/wp\/v2\/product_brand?post=62782"},{"taxonomy":"product_cat","embeddable":true,"href":"https:\/\/www.lavillagardendesign.com\/fr\/wp-json\/wp\/v2\/product_cat?post=62782"},{"taxonomy":"product_tag","embeddable":true,"href":"https:\/\/www.lavillagardendesign.com\/fr\/wp-json\/wp\/v2\/product_tag?post=62782"}],"curies":[{"name":"wp","href":"https:\/\/api.w.org\/{rel}","templated":true}]}}