{"id":62781,"date":"2026-02-09T10:48:23","date_gmt":"2026-02-09T08:48:23","guid":{"rendered":"https:\/\/www.lavillagardendesign.com\/product\/cuisine-dexterieur-module-de-cuisine-a-etageres-ouvertes-caiman\/"},"modified":"2026-02-23T11:41:37","modified_gmt":"2026-02-23T09:41:37","slug":"cuisine-dexterieur-module-de-cuisine-a-etageres-ouvertes-caiman","status":"publish","type":"product","link":"https:\/\/www.lavillagardendesign.com\/fr\/product\/cuisine-dexterieur-module-de-cuisine-a-etageres-ouvertes-caiman\/","title":{"rendered":"CUISINE D&rsquo;EXT\u00c9RIEUR &#8211; Module de cuisine \u00e0 \u00e9tag\u00e8res ouvertes Caiman"},"content":{"rendered":"","protected":false},"excerpt":{"rendered":"<p>Ajoutez une l\u00e9g\u00e8ret\u00e9 visuelle et une accessibilit\u00e9 imm\u00e9diate \u00e0 votre projet culinaire avec le module d&rsquo;\u00e9tag\u00e8res ouvertes Caiman de la collection <span class=\"il\">CUISINE<\/span> D&rsquo;EXT\u00c9RIEUR. Ce module est dot\u00e9 d&rsquo;une \u00e9tag\u00e8re ouverte, id\u00e9ale pour ranger le bois de chauffage, les serviettes de piscine ou pour garder la vaisselle fr\u00e9quemment utilis\u00e9e \u00e0 port\u00e9e de main. Il conserve l&rsquo;excellence technique de la s\u00e9rie avec une structure en aluminium anthracite et un plan de travail en pierre fritt\u00e9e (12 mm) \u00e0 effet marbre noir, r\u00e9sistant aux coupures et \u00e0 la chaleur. La quincaillerie en acier inoxydable 304 garantit une longue dur\u00e9e de vie \u00e0 l&rsquo;ext\u00e9rieur. Id\u00e9al pour s&rsquo;intercaler entre les modules ferm\u00e9s afin de cr\u00e9er un am\u00e9nagement dynamique de la <span class=\"il\">cuisine<\/span>.    <\/p>\n","protected":false},"featured_media":62627,"comment_status":"open","ping_status":"closed","template":"","meta":[],"product_brand":[4998],"product_cat":[6832,4774],"product_tag":[],"class_list":{"0":"post-62781","1":"product","2":"type-product","3":"status-publish","4":"has-post-thumbnail","6":"product_brand-la-villa","7":"product_cat-outdoor-fr","8":"product_cat-barbecue-fr","10":"first","11":"instock","12":"taxable","13":"shipping-taxable","14":"purchasable","15":"product-type-simple"},"yoast_head":"<!-- This site is optimized with the Yoast SEO plugin v27.1.1 - https:\/\/yoast.com\/product\/yoast-seo-wordpress\/ -->\n<title>Module de cuisine ouverte Caiman | La Villa Garden<\/title>\n<meta name=\"description\" content=\"Module de cuisine ext\u00e9rieure ouverte Caiman (120cm). \u00c9tag\u00e8res accessibles et comptoir en pierre fritt\u00e9e de marbre noir. Structure en aluminium durable. \u20ac890.\" \/>\n<meta name=\"robots\" content=\"index, follow, max-snippet:-1, max-image-preview:large, max-video-preview:-1\" \/>\n<link rel=\"canonical\" href=\"https:\/\/www.lavillagardendesign.com\/fr\/product\/cuisine-dexterieur-module-de-cuisine-a-etageres-ouvertes-caiman\/\" \/>\n<meta property=\"og:locale\" content=\"fr_FR\" \/>\n<meta property=\"og:type\" content=\"article\" \/>\n<meta property=\"og:title\" content=\"Module de cuisine ouverte Caiman | La Villa Garden\" \/>\n<meta property=\"og:description\" content=\"Module de cuisine ext\u00e9rieure ouverte Caiman (120cm). \u00c9tag\u00e8res accessibles et comptoir en pierre fritt\u00e9e de marbre noir. Structure en aluminium durable. \u20ac890.\" \/>\n<meta property=\"og:url\" content=\"https:\/\/www.lavillagardendesign.com\/fr\/product\/cuisine-dexterieur-module-de-cuisine-a-etageres-ouvertes-caiman\/\" \/>\n<meta property=\"og:site_name\" content=\"La Villa Garden&amp;Design\" \/>\n<meta property=\"article:publisher\" content=\"https:\/\/www.facebook.com\/lavillagardendesign\/\" \/>\n<meta property=\"article:modified_time\" content=\"2026-02-23T09:41:37+00:00\" \/>\n<meta property=\"og:image\" content=\"https:\/\/www.lavillagardendesign.com\/wp-content\/uploads\/2026\/02\/3-7-2.jpg\" \/>\n\t<meta property=\"og:image:width\" content=\"700\" \/>\n\t<meta property=\"og:image:height\" content=\"800\" \/>\n\t<meta property=\"og:image:type\" content=\"image\/jpeg\" \/>\n<meta name=\"twitter:card\" content=\"summary_large_image\" \/>\n<script type=\"application\/ld+json\" class=\"yoast-schema-graph\">{\"@context\":\"https:\/\/schema.org\",\"@graph\":[{\"@type\":\"WebPage\",\"@id\":\"https:\/\/www.lavillagardendesign.com\/fr\/product\/cuisine-dexterieur-module-de-cuisine-a-etageres-ouvertes-caiman\/\",\"url\":\"https:\/\/www.lavillagardendesign.com\/fr\/product\/cuisine-dexterieur-module-de-cuisine-a-etageres-ouvertes-caiman\/\",\"name\":\"Module de cuisine ouverte Caiman | La Villa Garden\",\"isPartOf\":{\"@id\":\"https:\/\/www.lavillagardendesign.com\/#website\"},\"primaryImageOfPage\":{\"@id\":\"https:\/\/www.lavillagardendesign.com\/fr\/product\/cuisine-dexterieur-module-de-cuisine-a-etageres-ouvertes-caiman\/#primaryimage\"},\"image\":{\"@id\":\"https:\/\/www.lavillagardendesign.com\/fr\/product\/cuisine-dexterieur-module-de-cuisine-a-etageres-ouvertes-caiman\/#primaryimage\"},\"thumbnailUrl\":\"https:\/\/www.lavillagardendesign.com\/wp-content\/uploads\/2026\/02\/3-7-2.jpg\",\"datePublished\":\"2026-02-09T08:48:23+00:00\",\"dateModified\":\"2026-02-23T09:41:37+00:00\",\"description\":\"Module de cuisine ext\u00e9rieure ouverte Caiman (120cm). \u00c9tag\u00e8res accessibles et comptoir en pierre fritt\u00e9e de marbre noir. Structure en aluminium durable. \u20ac890.\",\"breadcrumb\":{\"@id\":\"https:\/\/www.lavillagardendesign.com\/fr\/product\/cuisine-dexterieur-module-de-cuisine-a-etageres-ouvertes-caiman\/#breadcrumb\"},\"inLanguage\":\"fr-FR\",\"potentialAction\":[{\"@type\":\"ReadAction\",\"target\":[\"https:\/\/www.lavillagardendesign.com\/fr\/product\/cuisine-dexterieur-module-de-cuisine-a-etageres-ouvertes-caiman\/\"]}]},{\"@type\":\"ImageObject\",\"inLanguage\":\"fr-FR\",\"@id\":\"https:\/\/www.lavillagardendesign.com\/fr\/product\/cuisine-dexterieur-module-de-cuisine-a-etageres-ouvertes-caiman\/#primaryimage\",\"url\":\"https:\/\/www.lavillagardendesign.com\/wp-content\/uploads\/2026\/02\/3-7-2.jpg\",\"contentUrl\":\"https:\/\/www.lavillagardendesign.com\/wp-content\/uploads\/2026\/02\/3-7-2.jpg\",\"width\":700,\"height\":800},{\"@type\":\"BreadcrumbList\",\"@id\":\"https:\/\/www.lavillagardendesign.com\/fr\/product\/cuisine-dexterieur-module-de-cuisine-a-etageres-ouvertes-caiman\/#breadcrumb\",\"itemListElement\":[{\"@type\":\"ListItem\",\"position\":1,\"name\":\"Home\",\"item\":\"https:\/\/www.lavillagardendesign.com\/\"},{\"@type\":\"ListItem\",\"position\":2,\"name\":\"Boutique\",\"item\":\"https:\/\/www.lavillagardendesign.com\/fr\/boutique\/\"},{\"@type\":\"ListItem\",\"position\":3,\"name\":\"CUISINE D&#8217;EXT\u00c9RIEUR &#8211; Module de cuisine \u00e0 \u00e9tag\u00e8res ouvertes Caiman\"}]},{\"@type\":\"WebSite\",\"@id\":\"https:\/\/www.lavillagardendesign.com\/#website\",\"url\":\"https:\/\/www.lavillagardendesign.com\/\",\"name\":\"La Villa Garden&Design\",\"description\":\"\",\"publisher\":{\"@id\":\"https:\/\/www.lavillagardendesign.com\/#organization\"},\"potentialAction\":[{\"@type\":\"SearchAction\",\"target\":{\"@type\":\"EntryPoint\",\"urlTemplate\":\"https:\/\/www.lavillagardendesign.com\/?s={search_term_string}\"},\"query-input\":{\"@type\":\"PropertyValueSpecification\",\"valueRequired\":true,\"valueName\":\"search_term_string\"}}],\"inLanguage\":\"fr-FR\"},{\"@type\":\"Organization\",\"@id\":\"https:\/\/www.lavillagardendesign.com\/#organization\",\"name\":\"La Villa Garden&Design\",\"url\":\"https:\/\/www.lavillagardendesign.com\/\",\"logo\":{\"@type\":\"ImageObject\",\"inLanguage\":\"fr-FR\",\"@id\":\"https:\/\/www.lavillagardendesign.com\/#\/schema\/logo\/image\/\",\"url\":\"https:\/\/www.lavillagardendesign.com\/wp-content\/uploads\/2024\/04\/logolavilla.png\",\"contentUrl\":\"https:\/\/www.lavillagardendesign.com\/wp-content\/uploads\/2024\/04\/logolavilla.png\",\"width\":682,\"height\":391,\"caption\":\"La Villa Garden&Design\"},\"image\":{\"@id\":\"https:\/\/www.lavillagardendesign.com\/#\/schema\/logo\/image\/\"},\"sameAs\":[\"https:\/\/www.facebook.com\/lavillagardendesign\/\"]}]}<\/script>\n<!-- \/ Yoast SEO plugin. -->","yoast_head_json":{"title":"Module de cuisine ouverte Caiman | La Villa Garden","description":"Module de cuisine ext\u00e9rieure ouverte Caiman (120cm). \u00c9tag\u00e8res accessibles et comptoir en pierre fritt\u00e9e de marbre noir. Structure en aluminium durable. \u20ac890.","robots":{"index":"index","follow":"follow","max-snippet":"max-snippet:-1","max-image-preview":"max-image-preview:large","max-video-preview":"max-video-preview:-1"},"canonical":"https:\/\/www.lavillagardendesign.com\/fr\/product\/cuisine-dexterieur-module-de-cuisine-a-etageres-ouvertes-caiman\/","og_locale":"fr_FR","og_type":"article","og_title":"Module de cuisine ouverte Caiman | La Villa Garden","og_description":"Module de cuisine ext\u00e9rieure ouverte Caiman (120cm). \u00c9tag\u00e8res accessibles et comptoir en pierre fritt\u00e9e de marbre noir. Structure en aluminium durable. \u20ac890.","og_url":"https:\/\/www.lavillagardendesign.com\/fr\/product\/cuisine-dexterieur-module-de-cuisine-a-etageres-ouvertes-caiman\/","og_site_name":"La Villa Garden&amp;Design","article_publisher":"https:\/\/www.facebook.com\/lavillagardendesign\/","article_modified_time":"2026-02-23T09:41:37+00:00","og_image":[{"width":700,"height":800,"url":"https:\/\/www.lavillagardendesign.com\/wp-content\/uploads\/2026\/02\/3-7-2.jpg","type":"image\/jpeg"}],"twitter_card":"summary_large_image","schema":{"@context":"https:\/\/schema.org","@graph":[{"@type":"WebPage","@id":"https:\/\/www.lavillagardendesign.com\/fr\/product\/cuisine-dexterieur-module-de-cuisine-a-etageres-ouvertes-caiman\/","url":"https:\/\/www.lavillagardendesign.com\/fr\/product\/cuisine-dexterieur-module-de-cuisine-a-etageres-ouvertes-caiman\/","name":"Module de cuisine ouverte Caiman | La Villa Garden","isPartOf":{"@id":"https:\/\/www.lavillagardendesign.com\/#website"},"primaryImageOfPage":{"@id":"https:\/\/www.lavillagardendesign.com\/fr\/product\/cuisine-dexterieur-module-de-cuisine-a-etageres-ouvertes-caiman\/#primaryimage"},"image":{"@id":"https:\/\/www.lavillagardendesign.com\/fr\/product\/cuisine-dexterieur-module-de-cuisine-a-etageres-ouvertes-caiman\/#primaryimage"},"thumbnailUrl":"https:\/\/www.lavillagardendesign.com\/wp-content\/uploads\/2026\/02\/3-7-2.jpg","datePublished":"2026-02-09T08:48:23+00:00","dateModified":"2026-02-23T09:41:37+00:00","description":"Module de cuisine ext\u00e9rieure ouverte Caiman (120cm). \u00c9tag\u00e8res accessibles et comptoir en pierre fritt\u00e9e de marbre noir. Structure en aluminium durable. \u20ac890.","breadcrumb":{"@id":"https:\/\/www.lavillagardendesign.com\/fr\/product\/cuisine-dexterieur-module-de-cuisine-a-etageres-ouvertes-caiman\/#breadcrumb"},"inLanguage":"fr-FR","potentialAction":[{"@type":"ReadAction","target":["https:\/\/www.lavillagardendesign.com\/fr\/product\/cuisine-dexterieur-module-de-cuisine-a-etageres-ouvertes-caiman\/"]}]},{"@type":"ImageObject","inLanguage":"fr-FR","@id":"https:\/\/www.lavillagardendesign.com\/fr\/product\/cuisine-dexterieur-module-de-cuisine-a-etageres-ouvertes-caiman\/#primaryimage","url":"https:\/\/www.lavillagardendesign.com\/wp-content\/uploads\/2026\/02\/3-7-2.jpg","contentUrl":"https:\/\/www.lavillagardendesign.com\/wp-content\/uploads\/2026\/02\/3-7-2.jpg","width":700,"height":800},{"@type":"BreadcrumbList","@id":"https:\/\/www.lavillagardendesign.com\/fr\/product\/cuisine-dexterieur-module-de-cuisine-a-etageres-ouvertes-caiman\/#breadcrumb","itemListElement":[{"@type":"ListItem","position":1,"name":"Home","item":"https:\/\/www.lavillagardendesign.com\/"},{"@type":"ListItem","position":2,"name":"Boutique","item":"https:\/\/www.lavillagardendesign.com\/fr\/boutique\/"},{"@type":"ListItem","position":3,"name":"CUISINE D&#8217;EXT\u00c9RIEUR &#8211; Module de cuisine \u00e0 \u00e9tag\u00e8res ouvertes Caiman"}]},{"@type":"WebSite","@id":"https:\/\/www.lavillagardendesign.com\/#website","url":"https:\/\/www.lavillagardendesign.com\/","name":"La Villa Garden&Design","description":"","publisher":{"@id":"https:\/\/www.lavillagardendesign.com\/#organization"},"potentialAction":[{"@type":"SearchAction","target":{"@type":"EntryPoint","urlTemplate":"https:\/\/www.lavillagardendesign.com\/?s={search_term_string}"},"query-input":{"@type":"PropertyValueSpecification","valueRequired":true,"valueName":"search_term_string"}}],"inLanguage":"fr-FR"},{"@type":"Organization","@id":"https:\/\/www.lavillagardendesign.com\/#organization","name":"La Villa Garden&Design","url":"https:\/\/www.lavillagardendesign.com\/","logo":{"@type":"ImageObject","inLanguage":"fr-FR","@id":"https:\/\/www.lavillagardendesign.com\/#\/schema\/logo\/image\/","url":"https:\/\/www.lavillagardendesign.com\/wp-content\/uploads\/2024\/04\/logolavilla.png","contentUrl":"https:\/\/www.lavillagardendesign.com\/wp-content\/uploads\/2024\/04\/logolavilla.png","width":682,"height":391,"caption":"La Villa Garden&Design"},"image":{"@id":"https:\/\/www.lavillagardendesign.com\/#\/schema\/logo\/image\/"},"sameAs":["https:\/\/www.facebook.com\/lavillagardendesign\/"]}]}},"_links":{"self":[{"href":"https:\/\/www.lavillagardendesign.com\/fr\/wp-json\/wp\/v2\/product\/62781","targetHints":{"allow":["GET"]}}],"collection":[{"href":"https:\/\/www.lavillagardendesign.com\/fr\/wp-json\/wp\/v2\/product"}],"about":[{"href":"https:\/\/www.lavillagardendesign.com\/fr\/wp-json\/wp\/v2\/types\/product"}],"replies":[{"embeddable":true,"href":"https:\/\/www.lavillagardendesign.com\/fr\/wp-json\/wp\/v2\/comments?post=62781"}],"version-history":[{"count":1,"href":"https:\/\/www.lavillagardendesign.com\/fr\/wp-json\/wp\/v2\/product\/62781\/revisions"}],"predecessor-version":[{"id":63728,"href":"https:\/\/www.lavillagardendesign.com\/fr\/wp-json\/wp\/v2\/product\/62781\/revisions\/63728"}],"wp:featuredmedia":[{"embeddable":true,"href":"https:\/\/www.lavillagardendesign.com\/fr\/wp-json\/wp\/v2\/media\/62627"}],"wp:attachment":[{"href":"https:\/\/www.lavillagardendesign.com\/fr\/wp-json\/wp\/v2\/media?parent=62781"}],"wp:term":[{"taxonomy":"product_brand","embeddable":true,"href":"https:\/\/www.lavillagardendesign.com\/fr\/wp-json\/wp\/v2\/product_brand?post=62781"},{"taxonomy":"product_cat","embeddable":true,"href":"https:\/\/www.lavillagardendesign.com\/fr\/wp-json\/wp\/v2\/product_cat?post=62781"},{"taxonomy":"product_tag","embeddable":true,"href":"https:\/\/www.lavillagardendesign.com\/fr\/wp-json\/wp\/v2\/product_tag?post=62781"}],"curies":[{"name":"wp","href":"https:\/\/api.w.org\/{rel}","templated":true}]}}