{"id":62752,"date":"2026-02-09T11:02:04","date_gmt":"2026-02-09T10:02:04","guid":{"rendered":"https:\/\/www.lavillagardendesign.com\/product\/cuisine-exterieure-module-dangle-ouvert-caiman-sand\/"},"modified":"2026-02-23T11:41:37","modified_gmt":"2026-02-23T09:41:37","slug":"cuisine-exterieure-module-dangle-ouvert-caiman-sand","status":"publish","type":"product","link":"https:\/\/www.lavillagardendesign.com\/fr\/product\/cuisine-exterieure-module-dangle-ouvert-caiman-sand\/","title":{"rendered":"CUISINE EXTERIEURE &#8211; Module d&rsquo;angle ouvert Caiman Sand"},"content":{"rendered":"","protected":false},"excerpt":{"rendered":"<p>Compl\u00e9tez votre <span class=\"il\">cuisine<\/span> ext\u00e9rieure de style m\u00e9diterran\u00e9en avec le module Open Corner de la collection OUTDOOR <span class=\"il\">KITCHEN<\/span>. Cette version en finition Sand (Arena) apporte luminosit\u00e9 et chaleur \u00e0 la terrasse. Son \u00e9tag\u00e8re ouverte au format angulaire (62&#215;62 cm) relie les modules lin\u00e9aires tout en utilisant l&rsquo;espace pour un stockage ou une pr\u00e9sentation visible. Le plan de travail en pierre fritt\u00e9e (12 mm) \u00e0 effet marbre beige, tr\u00e8s r\u00e9sistant au soleil et aux rayures, est surmont\u00e9 d&rsquo;une structure en aluminium thermolaqu\u00e9. Id\u00e9al pour des am\u00e9nagements a\u00e9r\u00e9s et \u00e9l\u00e9gants dans les zones c\u00f4ti\u00e8res.    <\/p>\n","protected":false},"featured_media":62667,"comment_status":"open","ping_status":"closed","template":"","meta":[],"product_brand":[4998],"product_cat":[6832,4774],"product_tag":[],"class_list":{"0":"post-62752","1":"product","2":"type-product","3":"status-publish","4":"has-post-thumbnail","6":"product_brand-la-villa","7":"product_cat-outdoor-fr","8":"product_cat-barbecue-fr","10":"first","11":"instock","12":"taxable","13":"shipping-taxable","14":"purchasable","15":"product-type-simple"},"yoast_head":"<!-- This site is optimized with the Yoast SEO plugin v27.1.1 - https:\/\/yoast.com\/product\/yoast-seo-wordpress\/ -->\n<title>Module d&#039;angle ouvert Caiman Sand | La Villa Garden<\/title>\n<meta name=\"description\" content=\"Module d&#039;angle ouvert Caiman Sand (62x62cm). Plateau en marbre fritt\u00e9 beige. Rayonnage ouvert et structure en aluminium. Style m\u00e9diterran\u00e9en. \u20ac499.\" \/>\n<meta name=\"robots\" content=\"index, follow, max-snippet:-1, max-image-preview:large, max-video-preview:-1\" \/>\n<link rel=\"canonical\" href=\"https:\/\/www.lavillagardendesign.com\/fr\/product\/cuisine-exterieure-module-dangle-ouvert-caiman-sand\/\" \/>\n<meta property=\"og:locale\" content=\"fr_FR\" \/>\n<meta property=\"og:type\" content=\"article\" \/>\n<meta property=\"og:title\" content=\"Module d&#039;angle ouvert Caiman Sand | La Villa Garden\" \/>\n<meta property=\"og:description\" content=\"Module d&#039;angle ouvert Caiman Sand (62x62cm). Plateau en marbre fritt\u00e9 beige. Rayonnage ouvert et structure en aluminium. Style m\u00e9diterran\u00e9en. \u20ac499.\" \/>\n<meta property=\"og:url\" content=\"https:\/\/www.lavillagardendesign.com\/fr\/product\/cuisine-exterieure-module-dangle-ouvert-caiman-sand\/\" \/>\n<meta property=\"og:site_name\" content=\"La Villa Garden&amp;Design\" \/>\n<meta property=\"article:publisher\" content=\"https:\/\/www.facebook.com\/lavillagardendesign\/\" \/>\n<meta property=\"article:modified_time\" content=\"2026-02-23T09:41:37+00:00\" \/>\n<meta property=\"og:image\" content=\"https:\/\/www.lavillagardendesign.com\/wp-content\/uploads\/2026\/02\/2-8.png\" \/>\n\t<meta property=\"og:image:width\" content=\"700\" \/>\n\t<meta property=\"og:image:height\" content=\"800\" \/>\n\t<meta property=\"og:image:type\" content=\"image\/png\" \/>\n<meta name=\"twitter:card\" content=\"summary_large_image\" \/>\n<script type=\"application\/ld+json\" class=\"yoast-schema-graph\">{\"@context\":\"https:\/\/schema.org\",\"@graph\":[{\"@type\":\"WebPage\",\"@id\":\"https:\/\/www.lavillagardendesign.com\/fr\/product\/cuisine-exterieure-module-dangle-ouvert-caiman-sand\/\",\"url\":\"https:\/\/www.lavillagardendesign.com\/fr\/product\/cuisine-exterieure-module-dangle-ouvert-caiman-sand\/\",\"name\":\"Module d'angle ouvert Caiman Sand | La Villa Garden\",\"isPartOf\":{\"@id\":\"https:\/\/www.lavillagardendesign.com\/#website\"},\"primaryImageOfPage\":{\"@id\":\"https:\/\/www.lavillagardendesign.com\/fr\/product\/cuisine-exterieure-module-dangle-ouvert-caiman-sand\/#primaryimage\"},\"image\":{\"@id\":\"https:\/\/www.lavillagardendesign.com\/fr\/product\/cuisine-exterieure-module-dangle-ouvert-caiman-sand\/#primaryimage\"},\"thumbnailUrl\":\"https:\/\/www.lavillagardendesign.com\/wp-content\/uploads\/2026\/02\/2-8.png\",\"datePublished\":\"2026-02-09T10:02:04+00:00\",\"dateModified\":\"2026-02-23T09:41:37+00:00\",\"description\":\"Module d'angle ouvert Caiman Sand (62x62cm). Plateau en marbre fritt\u00e9 beige. Rayonnage ouvert et structure en aluminium. Style m\u00e9diterran\u00e9en. \u20ac499.\",\"breadcrumb\":{\"@id\":\"https:\/\/www.lavillagardendesign.com\/fr\/product\/cuisine-exterieure-module-dangle-ouvert-caiman-sand\/#breadcrumb\"},\"inLanguage\":\"fr-FR\",\"potentialAction\":[{\"@type\":\"ReadAction\",\"target\":[\"https:\/\/www.lavillagardendesign.com\/fr\/product\/cuisine-exterieure-module-dangle-ouvert-caiman-sand\/\"]}]},{\"@type\":\"ImageObject\",\"inLanguage\":\"fr-FR\",\"@id\":\"https:\/\/www.lavillagardendesign.com\/fr\/product\/cuisine-exterieure-module-dangle-ouvert-caiman-sand\/#primaryimage\",\"url\":\"https:\/\/www.lavillagardendesign.com\/wp-content\/uploads\/2026\/02\/2-8.png\",\"contentUrl\":\"https:\/\/www.lavillagardendesign.com\/wp-content\/uploads\/2026\/02\/2-8.png\",\"width\":700,\"height\":800},{\"@type\":\"BreadcrumbList\",\"@id\":\"https:\/\/www.lavillagardendesign.com\/fr\/product\/cuisine-exterieure-module-dangle-ouvert-caiman-sand\/#breadcrumb\",\"itemListElement\":[{\"@type\":\"ListItem\",\"position\":1,\"name\":\"Home\",\"item\":\"https:\/\/www.lavillagardendesign.com\/\"},{\"@type\":\"ListItem\",\"position\":2,\"name\":\"Boutique\",\"item\":\"https:\/\/www.lavillagardendesign.com\/fr\/boutique\/\"},{\"@type\":\"ListItem\",\"position\":3,\"name\":\"CUISINE EXTERIEURE &#8211; Module d&rsquo;angle ouvert Caiman Sand\"}]},{\"@type\":\"WebSite\",\"@id\":\"https:\/\/www.lavillagardendesign.com\/#website\",\"url\":\"https:\/\/www.lavillagardendesign.com\/\",\"name\":\"La Villa Garden&Design\",\"description\":\"\",\"publisher\":{\"@id\":\"https:\/\/www.lavillagardendesign.com\/#organization\"},\"potentialAction\":[{\"@type\":\"SearchAction\",\"target\":{\"@type\":\"EntryPoint\",\"urlTemplate\":\"https:\/\/www.lavillagardendesign.com\/?s={search_term_string}\"},\"query-input\":{\"@type\":\"PropertyValueSpecification\",\"valueRequired\":true,\"valueName\":\"search_term_string\"}}],\"inLanguage\":\"fr-FR\"},{\"@type\":\"Organization\",\"@id\":\"https:\/\/www.lavillagardendesign.com\/#organization\",\"name\":\"La Villa Garden&Design\",\"url\":\"https:\/\/www.lavillagardendesign.com\/\",\"logo\":{\"@type\":\"ImageObject\",\"inLanguage\":\"fr-FR\",\"@id\":\"https:\/\/www.lavillagardendesign.com\/#\/schema\/logo\/image\/\",\"url\":\"https:\/\/www.lavillagardendesign.com\/wp-content\/uploads\/2024\/04\/logolavilla.png\",\"contentUrl\":\"https:\/\/www.lavillagardendesign.com\/wp-content\/uploads\/2024\/04\/logolavilla.png\",\"width\":682,\"height\":391,\"caption\":\"La Villa Garden&Design\"},\"image\":{\"@id\":\"https:\/\/www.lavillagardendesign.com\/#\/schema\/logo\/image\/\"},\"sameAs\":[\"https:\/\/www.facebook.com\/lavillagardendesign\/\"]}]}<\/script>\n<!-- \/ Yoast SEO plugin. -->","yoast_head_json":{"title":"Module d'angle ouvert Caiman Sand | La Villa Garden","description":"Module d'angle ouvert Caiman Sand (62x62cm). Plateau en marbre fritt\u00e9 beige. Rayonnage ouvert et structure en aluminium. Style m\u00e9diterran\u00e9en. \u20ac499.","robots":{"index":"index","follow":"follow","max-snippet":"max-snippet:-1","max-image-preview":"max-image-preview:large","max-video-preview":"max-video-preview:-1"},"canonical":"https:\/\/www.lavillagardendesign.com\/fr\/product\/cuisine-exterieure-module-dangle-ouvert-caiman-sand\/","og_locale":"fr_FR","og_type":"article","og_title":"Module d'angle ouvert Caiman Sand | La Villa Garden","og_description":"Module d'angle ouvert Caiman Sand (62x62cm). Plateau en marbre fritt\u00e9 beige. Rayonnage ouvert et structure en aluminium. Style m\u00e9diterran\u00e9en. \u20ac499.","og_url":"https:\/\/www.lavillagardendesign.com\/fr\/product\/cuisine-exterieure-module-dangle-ouvert-caiman-sand\/","og_site_name":"La Villa Garden&amp;Design","article_publisher":"https:\/\/www.facebook.com\/lavillagardendesign\/","article_modified_time":"2026-02-23T09:41:37+00:00","og_image":[{"width":700,"height":800,"url":"https:\/\/www.lavillagardendesign.com\/wp-content\/uploads\/2026\/02\/2-8.png","type":"image\/png"}],"twitter_card":"summary_large_image","schema":{"@context":"https:\/\/schema.org","@graph":[{"@type":"WebPage","@id":"https:\/\/www.lavillagardendesign.com\/fr\/product\/cuisine-exterieure-module-dangle-ouvert-caiman-sand\/","url":"https:\/\/www.lavillagardendesign.com\/fr\/product\/cuisine-exterieure-module-dangle-ouvert-caiman-sand\/","name":"Module d'angle ouvert Caiman Sand | La Villa Garden","isPartOf":{"@id":"https:\/\/www.lavillagardendesign.com\/#website"},"primaryImageOfPage":{"@id":"https:\/\/www.lavillagardendesign.com\/fr\/product\/cuisine-exterieure-module-dangle-ouvert-caiman-sand\/#primaryimage"},"image":{"@id":"https:\/\/www.lavillagardendesign.com\/fr\/product\/cuisine-exterieure-module-dangle-ouvert-caiman-sand\/#primaryimage"},"thumbnailUrl":"https:\/\/www.lavillagardendesign.com\/wp-content\/uploads\/2026\/02\/2-8.png","datePublished":"2026-02-09T10:02:04+00:00","dateModified":"2026-02-23T09:41:37+00:00","description":"Module d'angle ouvert Caiman Sand (62x62cm). Plateau en marbre fritt\u00e9 beige. Rayonnage ouvert et structure en aluminium. Style m\u00e9diterran\u00e9en. \u20ac499.","breadcrumb":{"@id":"https:\/\/www.lavillagardendesign.com\/fr\/product\/cuisine-exterieure-module-dangle-ouvert-caiman-sand\/#breadcrumb"},"inLanguage":"fr-FR","potentialAction":[{"@type":"ReadAction","target":["https:\/\/www.lavillagardendesign.com\/fr\/product\/cuisine-exterieure-module-dangle-ouvert-caiman-sand\/"]}]},{"@type":"ImageObject","inLanguage":"fr-FR","@id":"https:\/\/www.lavillagardendesign.com\/fr\/product\/cuisine-exterieure-module-dangle-ouvert-caiman-sand\/#primaryimage","url":"https:\/\/www.lavillagardendesign.com\/wp-content\/uploads\/2026\/02\/2-8.png","contentUrl":"https:\/\/www.lavillagardendesign.com\/wp-content\/uploads\/2026\/02\/2-8.png","width":700,"height":800},{"@type":"BreadcrumbList","@id":"https:\/\/www.lavillagardendesign.com\/fr\/product\/cuisine-exterieure-module-dangle-ouvert-caiman-sand\/#breadcrumb","itemListElement":[{"@type":"ListItem","position":1,"name":"Home","item":"https:\/\/www.lavillagardendesign.com\/"},{"@type":"ListItem","position":2,"name":"Boutique","item":"https:\/\/www.lavillagardendesign.com\/fr\/boutique\/"},{"@type":"ListItem","position":3,"name":"CUISINE EXTERIEURE &#8211; Module d&rsquo;angle ouvert Caiman Sand"}]},{"@type":"WebSite","@id":"https:\/\/www.lavillagardendesign.com\/#website","url":"https:\/\/www.lavillagardendesign.com\/","name":"La Villa Garden&Design","description":"","publisher":{"@id":"https:\/\/www.lavillagardendesign.com\/#organization"},"potentialAction":[{"@type":"SearchAction","target":{"@type":"EntryPoint","urlTemplate":"https:\/\/www.lavillagardendesign.com\/?s={search_term_string}"},"query-input":{"@type":"PropertyValueSpecification","valueRequired":true,"valueName":"search_term_string"}}],"inLanguage":"fr-FR"},{"@type":"Organization","@id":"https:\/\/www.lavillagardendesign.com\/#organization","name":"La Villa Garden&Design","url":"https:\/\/www.lavillagardendesign.com\/","logo":{"@type":"ImageObject","inLanguage":"fr-FR","@id":"https:\/\/www.lavillagardendesign.com\/#\/schema\/logo\/image\/","url":"https:\/\/www.lavillagardendesign.com\/wp-content\/uploads\/2024\/04\/logolavilla.png","contentUrl":"https:\/\/www.lavillagardendesign.com\/wp-content\/uploads\/2024\/04\/logolavilla.png","width":682,"height":391,"caption":"La Villa Garden&Design"},"image":{"@id":"https:\/\/www.lavillagardendesign.com\/#\/schema\/logo\/image\/"},"sameAs":["https:\/\/www.facebook.com\/lavillagardendesign\/"]}]}},"_links":{"self":[{"href":"https:\/\/www.lavillagardendesign.com\/fr\/wp-json\/wp\/v2\/product\/62752","targetHints":{"allow":["GET"]}}],"collection":[{"href":"https:\/\/www.lavillagardendesign.com\/fr\/wp-json\/wp\/v2\/product"}],"about":[{"href":"https:\/\/www.lavillagardendesign.com\/fr\/wp-json\/wp\/v2\/types\/product"}],"replies":[{"embeddable":true,"href":"https:\/\/www.lavillagardendesign.com\/fr\/wp-json\/wp\/v2\/comments?post=62752"}],"version-history":[{"count":1,"href":"https:\/\/www.lavillagardendesign.com\/fr\/wp-json\/wp\/v2\/product\/62752\/revisions"}],"predecessor-version":[{"id":63729,"href":"https:\/\/www.lavillagardendesign.com\/fr\/wp-json\/wp\/v2\/product\/62752\/revisions\/63729"}],"wp:featuredmedia":[{"embeddable":true,"href":"https:\/\/www.lavillagardendesign.com\/fr\/wp-json\/wp\/v2\/media\/62667"}],"wp:attachment":[{"href":"https:\/\/www.lavillagardendesign.com\/fr\/wp-json\/wp\/v2\/media?parent=62752"}],"wp:term":[{"taxonomy":"product_brand","embeddable":true,"href":"https:\/\/www.lavillagardendesign.com\/fr\/wp-json\/wp\/v2\/product_brand?post=62752"},{"taxonomy":"product_cat","embeddable":true,"href":"https:\/\/www.lavillagardendesign.com\/fr\/wp-json\/wp\/v2\/product_cat?post=62752"},{"taxonomy":"product_tag","embeddable":true,"href":"https:\/\/www.lavillagardendesign.com\/fr\/wp-json\/wp\/v2\/product_tag?post=62752"}],"curies":[{"name":"wp","href":"https:\/\/api.w.org\/{rel}","templated":true}]}}