{"id":62748,"date":"2026-02-09T10:53:25","date_gmt":"2026-02-09T09:53:25","guid":{"rendered":"https:\/\/www.lavillagardendesign.com\/product\/cuisine-exterieure-module-dangle-en-caiman\/"},"modified":"2026-02-23T11:38:20","modified_gmt":"2026-02-23T09:38:20","slug":"cuisine-exterieure-module-dangle-en-caiman","status":"publish","type":"product","link":"https:\/\/www.lavillagardendesign.com\/fr\/product\/cuisine-exterieure-module-dangle-en-caiman\/","title":{"rendered":"CUISINE EXT\u00c9RIEURE &#8211; Module d&rsquo;angle en ca\u00efman"},"content":{"rendered":"","protected":false},"excerpt":{"rendered":"<p>Concevez une <span class=\"il\">cuisine d&rsquo;<\/span> ext\u00e9rieur immersive et fonctionnelle avec le module d&rsquo;angle de la collection <span class=\"il\">CUISINE<\/span> D&rsquo;EXT\u00c9RIEUR. Ce module de 62&#215;62 cm est sp\u00e9cialement con\u00e7u pour relier les modules lin\u00e9aires Caiman, permettant des configurations en \u00ab\u00a0L\u00a0\u00bb ou en \u00ab\u00a0U\u00a0\u00bb pour s&rsquo;adapter \u00e0 l&rsquo;architecture de votre terrasse. Malgr\u00e9 son encombrement r\u00e9duit, il offre des \u00e9tag\u00e8res de rangement internes et conserve le luxueux plan de travail en pierre fritt\u00e9e (12 mm) \u00e0 effet marbre noir. Sa structure en aluminium anthracite et ses pieds r\u00e9glables assurent une union solide et de niveau avec le reste de la <span class=\"il\">cuisine<\/span>.   <\/p>\n","protected":false},"featured_media":62646,"comment_status":"open","ping_status":"closed","template":"","meta":[],"product_brand":[4998],"product_cat":[6832,4774],"product_tag":[],"class_list":{"0":"post-62748","1":"product","2":"type-product","3":"status-publish","4":"has-post-thumbnail","6":"product_brand-la-villa","7":"product_cat-outdoor-fr","8":"product_cat-barbecue-fr","10":"first","11":"instock","12":"taxable","13":"shipping-taxable","14":"purchasable","15":"product-type-simple"},"yoast_head":"<!-- This site is optimized with the Yoast SEO plugin v27.1.1 - https:\/\/yoast.com\/product\/yoast-seo-wordpress\/ -->\n<title>Module de cuisine d&#039;angle Caiman 62x62 | La Villa Garden<\/title>\n<meta name=\"description\" content=\"Module d&#039;angle Caiman (62x62cm). Connecteur pour les cuisines en L. Comptoir en pierre fritt\u00e9e de marbre noir. Structure en aluminium durable. \u20ac690.\" \/>\n<meta name=\"robots\" content=\"index, follow, max-snippet:-1, max-image-preview:large, max-video-preview:-1\" \/>\n<link rel=\"canonical\" href=\"https:\/\/www.lavillagardendesign.com\/fr\/product\/cuisine-exterieure-module-dangle-en-caiman\/\" \/>\n<meta property=\"og:locale\" content=\"fr_FR\" \/>\n<meta property=\"og:type\" content=\"article\" \/>\n<meta property=\"og:title\" content=\"Module de cuisine d&#039;angle Caiman 62x62 | La Villa Garden\" \/>\n<meta property=\"og:description\" content=\"Module d&#039;angle Caiman (62x62cm). Connecteur pour les cuisines en L. Comptoir en pierre fritt\u00e9e de marbre noir. Structure en aluminium durable. \u20ac690.\" \/>\n<meta property=\"og:url\" content=\"https:\/\/www.lavillagardendesign.com\/fr\/product\/cuisine-exterieure-module-dangle-en-caiman\/\" \/>\n<meta property=\"og:site_name\" content=\"La Villa Garden&amp;Design\" \/>\n<meta property=\"article:publisher\" content=\"https:\/\/www.facebook.com\/lavillagardendesign\/\" \/>\n<meta property=\"article:modified_time\" content=\"2026-02-23T09:38:20+00:00\" \/>\n<meta property=\"og:image\" content=\"https:\/\/www.lavillagardendesign.com\/wp-content\/uploads\/2026\/02\/4-7-3.jpg\" \/>\n\t<meta property=\"og:image:width\" content=\"700\" \/>\n\t<meta property=\"og:image:height\" content=\"800\" \/>\n\t<meta property=\"og:image:type\" content=\"image\/jpeg\" \/>\n<meta name=\"twitter:card\" content=\"summary_large_image\" \/>\n<script type=\"application\/ld+json\" class=\"yoast-schema-graph\">{\"@context\":\"https:\/\/schema.org\",\"@graph\":[{\"@type\":\"WebPage\",\"@id\":\"https:\/\/www.lavillagardendesign.com\/fr\/product\/cuisine-exterieure-module-dangle-en-caiman\/\",\"url\":\"https:\/\/www.lavillagardendesign.com\/fr\/product\/cuisine-exterieure-module-dangle-en-caiman\/\",\"name\":\"Module de cuisine d'angle Caiman 62x62 | La Villa Garden\",\"isPartOf\":{\"@id\":\"https:\/\/www.lavillagardendesign.com\/#website\"},\"primaryImageOfPage\":{\"@id\":\"https:\/\/www.lavillagardendesign.com\/fr\/product\/cuisine-exterieure-module-dangle-en-caiman\/#primaryimage\"},\"image\":{\"@id\":\"https:\/\/www.lavillagardendesign.com\/fr\/product\/cuisine-exterieure-module-dangle-en-caiman\/#primaryimage\"},\"thumbnailUrl\":\"https:\/\/www.lavillagardendesign.com\/wp-content\/uploads\/2026\/02\/4-7-3.jpg\",\"datePublished\":\"2026-02-09T09:53:25+00:00\",\"dateModified\":\"2026-02-23T09:38:20+00:00\",\"description\":\"Module d'angle Caiman (62x62cm). Connecteur pour les cuisines en L. Comptoir en pierre fritt\u00e9e de marbre noir. Structure en aluminium durable. \u20ac690.\",\"breadcrumb\":{\"@id\":\"https:\/\/www.lavillagardendesign.com\/fr\/product\/cuisine-exterieure-module-dangle-en-caiman\/#breadcrumb\"},\"inLanguage\":\"fr-FR\",\"potentialAction\":[{\"@type\":\"ReadAction\",\"target\":[\"https:\/\/www.lavillagardendesign.com\/fr\/product\/cuisine-exterieure-module-dangle-en-caiman\/\"]}]},{\"@type\":\"ImageObject\",\"inLanguage\":\"fr-FR\",\"@id\":\"https:\/\/www.lavillagardendesign.com\/fr\/product\/cuisine-exterieure-module-dangle-en-caiman\/#primaryimage\",\"url\":\"https:\/\/www.lavillagardendesign.com\/wp-content\/uploads\/2026\/02\/4-7-3.jpg\",\"contentUrl\":\"https:\/\/www.lavillagardendesign.com\/wp-content\/uploads\/2026\/02\/4-7-3.jpg\",\"width\":700,\"height\":800},{\"@type\":\"BreadcrumbList\",\"@id\":\"https:\/\/www.lavillagardendesign.com\/fr\/product\/cuisine-exterieure-module-dangle-en-caiman\/#breadcrumb\",\"itemListElement\":[{\"@type\":\"ListItem\",\"position\":1,\"name\":\"Home\",\"item\":\"https:\/\/www.lavillagardendesign.com\/\"},{\"@type\":\"ListItem\",\"position\":2,\"name\":\"Boutique\",\"item\":\"https:\/\/www.lavillagardendesign.com\/fr\/boutique\/\"},{\"@type\":\"ListItem\",\"position\":3,\"name\":\"CUISINE EXT\u00c9RIEURE &#8211; Module d&rsquo;angle en ca\u00efman\"}]},{\"@type\":\"WebSite\",\"@id\":\"https:\/\/www.lavillagardendesign.com\/#website\",\"url\":\"https:\/\/www.lavillagardendesign.com\/\",\"name\":\"La Villa Garden&Design\",\"description\":\"\",\"publisher\":{\"@id\":\"https:\/\/www.lavillagardendesign.com\/#organization\"},\"potentialAction\":[{\"@type\":\"SearchAction\",\"target\":{\"@type\":\"EntryPoint\",\"urlTemplate\":\"https:\/\/www.lavillagardendesign.com\/?s={search_term_string}\"},\"query-input\":{\"@type\":\"PropertyValueSpecification\",\"valueRequired\":true,\"valueName\":\"search_term_string\"}}],\"inLanguage\":\"fr-FR\"},{\"@type\":\"Organization\",\"@id\":\"https:\/\/www.lavillagardendesign.com\/#organization\",\"name\":\"La Villa Garden&Design\",\"url\":\"https:\/\/www.lavillagardendesign.com\/\",\"logo\":{\"@type\":\"ImageObject\",\"inLanguage\":\"fr-FR\",\"@id\":\"https:\/\/www.lavillagardendesign.com\/#\/schema\/logo\/image\/\",\"url\":\"https:\/\/www.lavillagardendesign.com\/wp-content\/uploads\/2024\/04\/logolavilla.png\",\"contentUrl\":\"https:\/\/www.lavillagardendesign.com\/wp-content\/uploads\/2024\/04\/logolavilla.png\",\"width\":682,\"height\":391,\"caption\":\"La Villa Garden&Design\"},\"image\":{\"@id\":\"https:\/\/www.lavillagardendesign.com\/#\/schema\/logo\/image\/\"},\"sameAs\":[\"https:\/\/www.facebook.com\/lavillagardendesign\/\"]}]}<\/script>\n<!-- \/ Yoast SEO plugin. -->","yoast_head_json":{"title":"Module de cuisine d'angle Caiman 62x62 | La Villa Garden","description":"Module d'angle Caiman (62x62cm). Connecteur pour les cuisines en L. Comptoir en pierre fritt\u00e9e de marbre noir. Structure en aluminium durable. \u20ac690.","robots":{"index":"index","follow":"follow","max-snippet":"max-snippet:-1","max-image-preview":"max-image-preview:large","max-video-preview":"max-video-preview:-1"},"canonical":"https:\/\/www.lavillagardendesign.com\/fr\/product\/cuisine-exterieure-module-dangle-en-caiman\/","og_locale":"fr_FR","og_type":"article","og_title":"Module de cuisine d'angle Caiman 62x62 | La Villa Garden","og_description":"Module d'angle Caiman (62x62cm). Connecteur pour les cuisines en L. Comptoir en pierre fritt\u00e9e de marbre noir. Structure en aluminium durable. \u20ac690.","og_url":"https:\/\/www.lavillagardendesign.com\/fr\/product\/cuisine-exterieure-module-dangle-en-caiman\/","og_site_name":"La Villa Garden&amp;Design","article_publisher":"https:\/\/www.facebook.com\/lavillagardendesign\/","article_modified_time":"2026-02-23T09:38:20+00:00","og_image":[{"width":700,"height":800,"url":"https:\/\/www.lavillagardendesign.com\/wp-content\/uploads\/2026\/02\/4-7-3.jpg","type":"image\/jpeg"}],"twitter_card":"summary_large_image","schema":{"@context":"https:\/\/schema.org","@graph":[{"@type":"WebPage","@id":"https:\/\/www.lavillagardendesign.com\/fr\/product\/cuisine-exterieure-module-dangle-en-caiman\/","url":"https:\/\/www.lavillagardendesign.com\/fr\/product\/cuisine-exterieure-module-dangle-en-caiman\/","name":"Module de cuisine d'angle Caiman 62x62 | La Villa Garden","isPartOf":{"@id":"https:\/\/www.lavillagardendesign.com\/#website"},"primaryImageOfPage":{"@id":"https:\/\/www.lavillagardendesign.com\/fr\/product\/cuisine-exterieure-module-dangle-en-caiman\/#primaryimage"},"image":{"@id":"https:\/\/www.lavillagardendesign.com\/fr\/product\/cuisine-exterieure-module-dangle-en-caiman\/#primaryimage"},"thumbnailUrl":"https:\/\/www.lavillagardendesign.com\/wp-content\/uploads\/2026\/02\/4-7-3.jpg","datePublished":"2026-02-09T09:53:25+00:00","dateModified":"2026-02-23T09:38:20+00:00","description":"Module d'angle Caiman (62x62cm). Connecteur pour les cuisines en L. Comptoir en pierre fritt\u00e9e de marbre noir. Structure en aluminium durable. \u20ac690.","breadcrumb":{"@id":"https:\/\/www.lavillagardendesign.com\/fr\/product\/cuisine-exterieure-module-dangle-en-caiman\/#breadcrumb"},"inLanguage":"fr-FR","potentialAction":[{"@type":"ReadAction","target":["https:\/\/www.lavillagardendesign.com\/fr\/product\/cuisine-exterieure-module-dangle-en-caiman\/"]}]},{"@type":"ImageObject","inLanguage":"fr-FR","@id":"https:\/\/www.lavillagardendesign.com\/fr\/product\/cuisine-exterieure-module-dangle-en-caiman\/#primaryimage","url":"https:\/\/www.lavillagardendesign.com\/wp-content\/uploads\/2026\/02\/4-7-3.jpg","contentUrl":"https:\/\/www.lavillagardendesign.com\/wp-content\/uploads\/2026\/02\/4-7-3.jpg","width":700,"height":800},{"@type":"BreadcrumbList","@id":"https:\/\/www.lavillagardendesign.com\/fr\/product\/cuisine-exterieure-module-dangle-en-caiman\/#breadcrumb","itemListElement":[{"@type":"ListItem","position":1,"name":"Home","item":"https:\/\/www.lavillagardendesign.com\/"},{"@type":"ListItem","position":2,"name":"Boutique","item":"https:\/\/www.lavillagardendesign.com\/fr\/boutique\/"},{"@type":"ListItem","position":3,"name":"CUISINE EXT\u00c9RIEURE &#8211; Module d&rsquo;angle en ca\u00efman"}]},{"@type":"WebSite","@id":"https:\/\/www.lavillagardendesign.com\/#website","url":"https:\/\/www.lavillagardendesign.com\/","name":"La Villa Garden&Design","description":"","publisher":{"@id":"https:\/\/www.lavillagardendesign.com\/#organization"},"potentialAction":[{"@type":"SearchAction","target":{"@type":"EntryPoint","urlTemplate":"https:\/\/www.lavillagardendesign.com\/?s={search_term_string}"},"query-input":{"@type":"PropertyValueSpecification","valueRequired":true,"valueName":"search_term_string"}}],"inLanguage":"fr-FR"},{"@type":"Organization","@id":"https:\/\/www.lavillagardendesign.com\/#organization","name":"La Villa Garden&Design","url":"https:\/\/www.lavillagardendesign.com\/","logo":{"@type":"ImageObject","inLanguage":"fr-FR","@id":"https:\/\/www.lavillagardendesign.com\/#\/schema\/logo\/image\/","url":"https:\/\/www.lavillagardendesign.com\/wp-content\/uploads\/2024\/04\/logolavilla.png","contentUrl":"https:\/\/www.lavillagardendesign.com\/wp-content\/uploads\/2024\/04\/logolavilla.png","width":682,"height":391,"caption":"La Villa Garden&Design"},"image":{"@id":"https:\/\/www.lavillagardendesign.com\/#\/schema\/logo\/image\/"},"sameAs":["https:\/\/www.facebook.com\/lavillagardendesign\/"]}]}},"_links":{"self":[{"href":"https:\/\/www.lavillagardendesign.com\/fr\/wp-json\/wp\/v2\/product\/62748","targetHints":{"allow":["GET"]}}],"collection":[{"href":"https:\/\/www.lavillagardendesign.com\/fr\/wp-json\/wp\/v2\/product"}],"about":[{"href":"https:\/\/www.lavillagardendesign.com\/fr\/wp-json\/wp\/v2\/types\/product"}],"replies":[{"embeddable":true,"href":"https:\/\/www.lavillagardendesign.com\/fr\/wp-json\/wp\/v2\/comments?post=62748"}],"version-history":[{"count":1,"href":"https:\/\/www.lavillagardendesign.com\/fr\/wp-json\/wp\/v2\/product\/62748\/revisions"}],"predecessor-version":[{"id":63631,"href":"https:\/\/www.lavillagardendesign.com\/fr\/wp-json\/wp\/v2\/product\/62748\/revisions\/63631"}],"wp:featuredmedia":[{"embeddable":true,"href":"https:\/\/www.lavillagardendesign.com\/fr\/wp-json\/wp\/v2\/media\/62646"}],"wp:attachment":[{"href":"https:\/\/www.lavillagardendesign.com\/fr\/wp-json\/wp\/v2\/media?parent=62748"}],"wp:term":[{"taxonomy":"product_brand","embeddable":true,"href":"https:\/\/www.lavillagardendesign.com\/fr\/wp-json\/wp\/v2\/product_brand?post=62748"},{"taxonomy":"product_cat","embeddable":true,"href":"https:\/\/www.lavillagardendesign.com\/fr\/wp-json\/wp\/v2\/product_cat?post=62748"},{"taxonomy":"product_tag","embeddable":true,"href":"https:\/\/www.lavillagardendesign.com\/fr\/wp-json\/wp\/v2\/product_tag?post=62748"}],"curies":[{"name":"wp","href":"https:\/\/api.w.org\/{rel}","templated":true}]}}