{"id":62512,"date":"2026-02-08T14:29:01","date_gmt":"2026-02-08T13:29:01","guid":{"rendered":"https:\/\/www.lavillagardendesign.com\/product\/sorrento-chaise-longue-inclinable-3-positions\/"},"modified":"2026-02-10T14:22:48","modified_gmt":"2026-02-10T12:22:48","slug":"sorrento-chaise-longue-inclinable-3-positions","status":"publish","type":"product","link":"https:\/\/www.lavillagardendesign.com\/fr\/product\/sorrento-chaise-longue-inclinable-3-positions\/","title":{"rendered":"SORRENTO &#8211; Chaise longue inclinable (3 positions)"},"content":{"rendered":"","protected":false},"excerpt":{"rendered":"<p>Trouvez la position id\u00e9ale sous le soleil avec la chaise longue <span class=\"il\">SORRENTO<\/span>. Cette chaise longue est la d\u00e9finition m\u00eame de la relaxation fonctionnelle : son dossier est r\u00e9glable en <b>trois positions diff\u00e9rentes<\/b>, ce qui vous permet de passer de la lecture \u00e0 la sieste en quelques secondes. Sa structure <b>en aluminium recouvert de poudre de polyester<\/b> est \u00e0 la fois l\u00e9g\u00e8re et robuste, con\u00e7ue pour r\u00e9sister \u00e0 un usage ext\u00e9rieur sans rouiller. Le corps du hamac est en <b>Textil\u00e8ne 2&#215;1 haute densit\u00e9 (610g\/m\u00b2)<\/b> en finition \u00ab\u00a0Whisper\u00a0\u00bb (tonalit\u00e9 douce et \u00e9l\u00e9gante), un mat\u00e9riau technique qui ne se d\u00e9forme pas, respire parfaitement et s\u00e8che tr\u00e8s rapidement. Livr\u00e9 avec des ferrures en acier galvanis\u00e9 pour une plus grande durabilit\u00e9.    <\/p>\n<ul>\n<li>Largeur : 60,5 cm<\/li>\n<li>Profondeur : 101,5 cm<\/li>\n<li>Hauteur totale : 73,5 cm<\/li>\n<li>Hauteur d&rsquo;assise : 35 cm (position basse, d\u00e9tendue)<\/li>\n<\/ul>\n","protected":false},"featured_media":62419,"comment_status":"open","ping_status":"closed","template":"","meta":[],"product_brand":[4998],"product_cat":[6832,2938,2940,5658],"product_tag":[],"class_list":{"0":"post-62512","1":"product","2":"type-product","3":"status-publish","4":"has-post-thumbnail","6":"product_brand-la-villa","7":"product_cat-outdoor-fr","8":"product_cat-bains-de-soleil","9":"product_cat-transats","10":"product_cat-promos-web","12":"first","13":"instock","14":"sale","15":"taxable","16":"shipping-taxable","17":"purchasable","18":"product-type-simple"},"yoast_head":"<!-- This site is optimized with the Yoast SEO plugin v27.1.1 - https:\/\/yoast.com\/product\/yoast-seo-wordpress\/ -->\n<title>Chaise longue inclinable SORRENTO Aluminium Textilene | La Villa Garden<\/title>\n<meta name=\"description\" content=\"Chaise longue de jardin SORRENTO. Inclinable en 3 positions. Structure en aluminium et Textil\u00e8ne haut de gamme (610g\/m\u00b2). Couleur Whisper. Offre \u20ac159.\" \/>\n<meta name=\"robots\" content=\"index, follow, max-snippet:-1, max-image-preview:large, max-video-preview:-1\" \/>\n<link rel=\"canonical\" href=\"https:\/\/www.lavillagardendesign.com\/fr\/product\/sorrento-chaise-longue-inclinable-3-positions\/\" \/>\n<meta property=\"og:locale\" content=\"fr_FR\" \/>\n<meta property=\"og:type\" content=\"article\" \/>\n<meta property=\"og:title\" content=\"Chaise longue inclinable SORRENTO Aluminium Textilene | La Villa Garden\" \/>\n<meta property=\"og:description\" content=\"Chaise longue de jardin SORRENTO. Inclinable en 3 positions. Structure en aluminium et Textil\u00e8ne haut de gamme (610g\/m\u00b2). Couleur Whisper. Offre \u20ac159.\" \/>\n<meta property=\"og:url\" content=\"https:\/\/www.lavillagardendesign.com\/fr\/product\/sorrento-chaise-longue-inclinable-3-positions\/\" \/>\n<meta property=\"og:site_name\" content=\"La Villa Garden&amp;Design\" \/>\n<meta property=\"article:publisher\" content=\"https:\/\/www.facebook.com\/lavillagardendesign\/\" \/>\n<meta property=\"article:modified_time\" content=\"2026-02-10T12:22:48+00:00\" \/>\n<meta property=\"og:image\" content=\"https:\/\/www.lavillagardendesign.com\/wp-content\/uploads\/2026\/02\/3-5.png\" \/>\n\t<meta property=\"og:image:width\" content=\"700\" \/>\n\t<meta property=\"og:image:height\" content=\"800\" \/>\n\t<meta property=\"og:image:type\" content=\"image\/png\" \/>\n<meta name=\"twitter:card\" content=\"summary_large_image\" \/>\n<script type=\"application\/ld+json\" class=\"yoast-schema-graph\">{\"@context\":\"https:\/\/schema.org\",\"@graph\":[{\"@type\":\"WebPage\",\"@id\":\"https:\/\/www.lavillagardendesign.com\/fr\/product\/sorrento-chaise-longue-inclinable-3-positions\/\",\"url\":\"https:\/\/www.lavillagardendesign.com\/fr\/product\/sorrento-chaise-longue-inclinable-3-positions\/\",\"name\":\"Chaise longue inclinable SORRENTO Aluminium Textilene | La Villa Garden\",\"isPartOf\":{\"@id\":\"https:\/\/www.lavillagardendesign.com\/#website\"},\"primaryImageOfPage\":{\"@id\":\"https:\/\/www.lavillagardendesign.com\/fr\/product\/sorrento-chaise-longue-inclinable-3-positions\/#primaryimage\"},\"image\":{\"@id\":\"https:\/\/www.lavillagardendesign.com\/fr\/product\/sorrento-chaise-longue-inclinable-3-positions\/#primaryimage\"},\"thumbnailUrl\":\"https:\/\/www.lavillagardendesign.com\/wp-content\/uploads\/2026\/02\/3-5.png\",\"datePublished\":\"2026-02-08T13:29:01+00:00\",\"dateModified\":\"2026-02-10T12:22:48+00:00\",\"description\":\"Chaise longue de jardin SORRENTO. Inclinable en 3 positions. Structure en aluminium et Textil\u00e8ne haut de gamme (610g\/m\u00b2). Couleur Whisper. Offre \u20ac159.\",\"breadcrumb\":{\"@id\":\"https:\/\/www.lavillagardendesign.com\/fr\/product\/sorrento-chaise-longue-inclinable-3-positions\/#breadcrumb\"},\"inLanguage\":\"fr-FR\",\"potentialAction\":[{\"@type\":\"ReadAction\",\"target\":[\"https:\/\/www.lavillagardendesign.com\/fr\/product\/sorrento-chaise-longue-inclinable-3-positions\/\"]}]},{\"@type\":\"ImageObject\",\"inLanguage\":\"fr-FR\",\"@id\":\"https:\/\/www.lavillagardendesign.com\/fr\/product\/sorrento-chaise-longue-inclinable-3-positions\/#primaryimage\",\"url\":\"https:\/\/www.lavillagardendesign.com\/wp-content\/uploads\/2026\/02\/3-5.png\",\"contentUrl\":\"https:\/\/www.lavillagardendesign.com\/wp-content\/uploads\/2026\/02\/3-5.png\",\"width\":700,\"height\":800},{\"@type\":\"BreadcrumbList\",\"@id\":\"https:\/\/www.lavillagardendesign.com\/fr\/product\/sorrento-chaise-longue-inclinable-3-positions\/#breadcrumb\",\"itemListElement\":[{\"@type\":\"ListItem\",\"position\":1,\"name\":\"Home\",\"item\":\"https:\/\/www.lavillagardendesign.com\/\"},{\"@type\":\"ListItem\",\"position\":2,\"name\":\"Boutique\",\"item\":\"https:\/\/www.lavillagardendesign.com\/fr\/boutique\/\"},{\"@type\":\"ListItem\",\"position\":3,\"name\":\"SORRENTO &#8211; Chaise longue inclinable (3 positions)\"}]},{\"@type\":\"WebSite\",\"@id\":\"https:\/\/www.lavillagardendesign.com\/#website\",\"url\":\"https:\/\/www.lavillagardendesign.com\/\",\"name\":\"La Villa Garden&Design\",\"description\":\"\",\"publisher\":{\"@id\":\"https:\/\/www.lavillagardendesign.com\/#organization\"},\"potentialAction\":[{\"@type\":\"SearchAction\",\"target\":{\"@type\":\"EntryPoint\",\"urlTemplate\":\"https:\/\/www.lavillagardendesign.com\/?s={search_term_string}\"},\"query-input\":{\"@type\":\"PropertyValueSpecification\",\"valueRequired\":true,\"valueName\":\"search_term_string\"}}],\"inLanguage\":\"fr-FR\"},{\"@type\":\"Organization\",\"@id\":\"https:\/\/www.lavillagardendesign.com\/#organization\",\"name\":\"La Villa Garden&Design\",\"url\":\"https:\/\/www.lavillagardendesign.com\/\",\"logo\":{\"@type\":\"ImageObject\",\"inLanguage\":\"fr-FR\",\"@id\":\"https:\/\/www.lavillagardendesign.com\/#\/schema\/logo\/image\/\",\"url\":\"https:\/\/www.lavillagardendesign.com\/wp-content\/uploads\/2024\/04\/logolavilla.png\",\"contentUrl\":\"https:\/\/www.lavillagardendesign.com\/wp-content\/uploads\/2024\/04\/logolavilla.png\",\"width\":682,\"height\":391,\"caption\":\"La Villa Garden&Design\"},\"image\":{\"@id\":\"https:\/\/www.lavillagardendesign.com\/#\/schema\/logo\/image\/\"},\"sameAs\":[\"https:\/\/www.facebook.com\/lavillagardendesign\/\"]}]}<\/script>\n<!-- \/ Yoast SEO plugin. -->","yoast_head_json":{"title":"Chaise longue inclinable SORRENTO Aluminium Textilene | La Villa Garden","description":"Chaise longue de jardin SORRENTO. Inclinable en 3 positions. Structure en aluminium et Textil\u00e8ne haut de gamme (610g\/m\u00b2). Couleur Whisper. Offre \u20ac159.","robots":{"index":"index","follow":"follow","max-snippet":"max-snippet:-1","max-image-preview":"max-image-preview:large","max-video-preview":"max-video-preview:-1"},"canonical":"https:\/\/www.lavillagardendesign.com\/fr\/product\/sorrento-chaise-longue-inclinable-3-positions\/","og_locale":"fr_FR","og_type":"article","og_title":"Chaise longue inclinable SORRENTO Aluminium Textilene | La Villa Garden","og_description":"Chaise longue de jardin SORRENTO. Inclinable en 3 positions. Structure en aluminium et Textil\u00e8ne haut de gamme (610g\/m\u00b2). Couleur Whisper. Offre \u20ac159.","og_url":"https:\/\/www.lavillagardendesign.com\/fr\/product\/sorrento-chaise-longue-inclinable-3-positions\/","og_site_name":"La Villa Garden&amp;Design","article_publisher":"https:\/\/www.facebook.com\/lavillagardendesign\/","article_modified_time":"2026-02-10T12:22:48+00:00","og_image":[{"width":700,"height":800,"url":"https:\/\/www.lavillagardendesign.com\/wp-content\/uploads\/2026\/02\/3-5.png","type":"image\/png"}],"twitter_card":"summary_large_image","schema":{"@context":"https:\/\/schema.org","@graph":[{"@type":"WebPage","@id":"https:\/\/www.lavillagardendesign.com\/fr\/product\/sorrento-chaise-longue-inclinable-3-positions\/","url":"https:\/\/www.lavillagardendesign.com\/fr\/product\/sorrento-chaise-longue-inclinable-3-positions\/","name":"Chaise longue inclinable SORRENTO Aluminium Textilene | La Villa Garden","isPartOf":{"@id":"https:\/\/www.lavillagardendesign.com\/#website"},"primaryImageOfPage":{"@id":"https:\/\/www.lavillagardendesign.com\/fr\/product\/sorrento-chaise-longue-inclinable-3-positions\/#primaryimage"},"image":{"@id":"https:\/\/www.lavillagardendesign.com\/fr\/product\/sorrento-chaise-longue-inclinable-3-positions\/#primaryimage"},"thumbnailUrl":"https:\/\/www.lavillagardendesign.com\/wp-content\/uploads\/2026\/02\/3-5.png","datePublished":"2026-02-08T13:29:01+00:00","dateModified":"2026-02-10T12:22:48+00:00","description":"Chaise longue de jardin SORRENTO. Inclinable en 3 positions. Structure en aluminium et Textil\u00e8ne haut de gamme (610g\/m\u00b2). Couleur Whisper. Offre \u20ac159.","breadcrumb":{"@id":"https:\/\/www.lavillagardendesign.com\/fr\/product\/sorrento-chaise-longue-inclinable-3-positions\/#breadcrumb"},"inLanguage":"fr-FR","potentialAction":[{"@type":"ReadAction","target":["https:\/\/www.lavillagardendesign.com\/fr\/product\/sorrento-chaise-longue-inclinable-3-positions\/"]}]},{"@type":"ImageObject","inLanguage":"fr-FR","@id":"https:\/\/www.lavillagardendesign.com\/fr\/product\/sorrento-chaise-longue-inclinable-3-positions\/#primaryimage","url":"https:\/\/www.lavillagardendesign.com\/wp-content\/uploads\/2026\/02\/3-5.png","contentUrl":"https:\/\/www.lavillagardendesign.com\/wp-content\/uploads\/2026\/02\/3-5.png","width":700,"height":800},{"@type":"BreadcrumbList","@id":"https:\/\/www.lavillagardendesign.com\/fr\/product\/sorrento-chaise-longue-inclinable-3-positions\/#breadcrumb","itemListElement":[{"@type":"ListItem","position":1,"name":"Home","item":"https:\/\/www.lavillagardendesign.com\/"},{"@type":"ListItem","position":2,"name":"Boutique","item":"https:\/\/www.lavillagardendesign.com\/fr\/boutique\/"},{"@type":"ListItem","position":3,"name":"SORRENTO &#8211; Chaise longue inclinable (3 positions)"}]},{"@type":"WebSite","@id":"https:\/\/www.lavillagardendesign.com\/#website","url":"https:\/\/www.lavillagardendesign.com\/","name":"La Villa Garden&Design","description":"","publisher":{"@id":"https:\/\/www.lavillagardendesign.com\/#organization"},"potentialAction":[{"@type":"SearchAction","target":{"@type":"EntryPoint","urlTemplate":"https:\/\/www.lavillagardendesign.com\/?s={search_term_string}"},"query-input":{"@type":"PropertyValueSpecification","valueRequired":true,"valueName":"search_term_string"}}],"inLanguage":"fr-FR"},{"@type":"Organization","@id":"https:\/\/www.lavillagardendesign.com\/#organization","name":"La Villa Garden&Design","url":"https:\/\/www.lavillagardendesign.com\/","logo":{"@type":"ImageObject","inLanguage":"fr-FR","@id":"https:\/\/www.lavillagardendesign.com\/#\/schema\/logo\/image\/","url":"https:\/\/www.lavillagardendesign.com\/wp-content\/uploads\/2024\/04\/logolavilla.png","contentUrl":"https:\/\/www.lavillagardendesign.com\/wp-content\/uploads\/2024\/04\/logolavilla.png","width":682,"height":391,"caption":"La Villa Garden&Design"},"image":{"@id":"https:\/\/www.lavillagardendesign.com\/#\/schema\/logo\/image\/"},"sameAs":["https:\/\/www.facebook.com\/lavillagardendesign\/"]}]}},"_links":{"self":[{"href":"https:\/\/www.lavillagardendesign.com\/fr\/wp-json\/wp\/v2\/product\/62512","targetHints":{"allow":["GET"]}}],"collection":[{"href":"https:\/\/www.lavillagardendesign.com\/fr\/wp-json\/wp\/v2\/product"}],"about":[{"href":"https:\/\/www.lavillagardendesign.com\/fr\/wp-json\/wp\/v2\/types\/product"}],"replies":[{"embeddable":true,"href":"https:\/\/www.lavillagardendesign.com\/fr\/wp-json\/wp\/v2\/comments?post=62512"}],"version-history":[{"count":1,"href":"https:\/\/www.lavillagardendesign.com\/fr\/wp-json\/wp\/v2\/product\/62512\/revisions"}],"predecessor-version":[{"id":62764,"href":"https:\/\/www.lavillagardendesign.com\/fr\/wp-json\/wp\/v2\/product\/62512\/revisions\/62764"}],"wp:featuredmedia":[{"embeddable":true,"href":"https:\/\/www.lavillagardendesign.com\/fr\/wp-json\/wp\/v2\/media\/62419"}],"wp:attachment":[{"href":"https:\/\/www.lavillagardendesign.com\/fr\/wp-json\/wp\/v2\/media?parent=62512"}],"wp:term":[{"taxonomy":"product_brand","embeddable":true,"href":"https:\/\/www.lavillagardendesign.com\/fr\/wp-json\/wp\/v2\/product_brand?post=62512"},{"taxonomy":"product_cat","embeddable":true,"href":"https:\/\/www.lavillagardendesign.com\/fr\/wp-json\/wp\/v2\/product_cat?post=62512"},{"taxonomy":"product_tag","embeddable":true,"href":"https:\/\/www.lavillagardendesign.com\/fr\/wp-json\/wp\/v2\/product_tag?post=62512"}],"curies":[{"name":"wp","href":"https:\/\/api.w.org\/{rel}","templated":true}]}}