{"id":62085,"date":"2026-02-06T21:04:53","date_gmt":"2026-02-06T20:04:53","guid":{"rendered":"https:\/\/www.lavillagardendesign.com\/product\/collection-portofino-fauteuil-lounge-relax\/"},"modified":"2026-02-10T14:23:43","modified_gmt":"2026-02-10T12:23:43","slug":"collection-portofino-fauteuil-lounge-relax","status":"publish","type":"product","link":"https:\/\/www.lavillagardendesign.com\/fr\/product\/collection-portofino-fauteuil-lounge-relax\/","title":{"rendered":"COLLECTION PORTOFINO &#8211; Fauteuil Lounge Relax"},"content":{"rendered":"","protected":false},"excerpt":{"rendered":"<p>Apportez l&rsquo;\u00e9l\u00e9gance m\u00e9diterran\u00e9enne \u00e0 votre espace de d\u00e9tente avec le fauteuil Lounge <span class=\"il\">PORTOFINO<\/span>. Cette pi\u00e8ce de design exclusive red\u00e9finit le luxe ext\u00e9rieur gr\u00e2ce \u00e0 une fusion de textures : une structure solide en aluminium peint par poudrage, une assise avec une base <b>tiss\u00e9e en corde d&rsquo;ol\u00e9fine<\/b> pour un soutien flexible, et des inserts sophistiqu\u00e9s <b>en bois de teck<\/b> sur les accoudoirs. Avec une profondeur g\u00e9n\u00e9reuse de <b>98 cm<\/b>, ce fauteuil vous invite \u00e0 vous adosser et \u00e0 profiter de longues heures de d\u00e9tente. Un confort maximal est garanti par ses coussins amovibles en tissu <b>Olefin<\/b> (100% polypropyl\u00e8ne), un mat\u00e9riau technique hydrofuge et r\u00e9sistant aux UV. Disponible en deux finitions pour d\u00e9finir la personnalit\u00e9 de votre terrasse : <b>P\u00e9lican<\/b> (ton sable chaud) pour une ambiance lumineuse et naturelle, ou <b>Anthracite<\/b> (gris fonc\u00e9) pour un style contemporain et \u00e9pur\u00e9.    <\/p>\n<ul>\n<li>Largeur : 75 cm<\/li>\n<li>Profondeur : 98 cm (profondeur extra confort)<\/li>\n<li>Hauteur totale : 85 cm<\/li>\n<li>Hauteur du si\u00e8ge : 44 cm<\/li>\n<li>Hauteur des accoudoirs : 58 cm<\/li>\n<\/ul>\n","protected":false},"featured_media":62038,"comment_status":"open","ping_status":"closed","template":"","meta":[],"product_brand":[4998],"product_cat":[6832,2935,2936,5658],"product_tag":[],"class_list":{"0":"post-62085","1":"product","2":"type-product","3":"status-publish","4":"has-post-thumbnail","6":"product_brand-la-villa","7":"product_cat-outdoor-fr","8":"product_cat-canapes-fauteuils","9":"product_cat-fauteuils","10":"product_cat-promos-web","12":"first","13":"instock","14":"sale","15":"taxable","16":"shipping-taxable","17":"purchasable","18":"product-type-variable"},"yoast_head":"<!-- This site is optimized with the Yoast SEO plugin v27.1.1 - https:\/\/yoast.com\/product\/yoast-seo-wordpress\/ -->\n<title>Fauteuil Lounge PORTOFINO Teck &amp; Corde | P\u00e9lican ou Anthracite<\/title>\n<meta name=\"description\" content=\"Fauteuil d&#039;ext\u00e9rieur PORTOFINO. Design profond avec accoudoirs en teck et structure en aluminium\/corde. Disponible en P\u00e9lican et Anthracite. Offre \u20ac799.\" \/>\n<meta name=\"robots\" content=\"index, follow, max-snippet:-1, max-image-preview:large, max-video-preview:-1\" \/>\n<link rel=\"canonical\" href=\"https:\/\/www.lavillagardendesign.com\/fr\/product\/collection-portofino-fauteuil-lounge-relax\/\" \/>\n<meta property=\"og:locale\" content=\"fr_FR\" \/>\n<meta property=\"og:type\" content=\"article\" \/>\n<meta property=\"og:title\" content=\"Fauteuil Lounge PORTOFINO Teck &amp; Corde | P\u00e9lican ou Anthracite\" \/>\n<meta property=\"og:description\" content=\"Fauteuil d&#039;ext\u00e9rieur PORTOFINO. Design profond avec accoudoirs en teck et structure en aluminium\/corde. Disponible en P\u00e9lican et Anthracite. Offre \u20ac799.\" \/>\n<meta property=\"og:url\" content=\"https:\/\/www.lavillagardendesign.com\/fr\/product\/collection-portofino-fauteuil-lounge-relax\/\" \/>\n<meta property=\"og:site_name\" content=\"La Villa Garden&amp;Design\" \/>\n<meta property=\"article:publisher\" content=\"https:\/\/www.facebook.com\/lavillagardendesign\/\" \/>\n<meta property=\"article:modified_time\" content=\"2026-02-10T12:23:43+00:00\" \/>\n<meta property=\"og:image\" content=\"https:\/\/www.lavillagardendesign.com\/wp-content\/uploads\/2026\/02\/5-1-4.jpg\" \/>\n\t<meta property=\"og:image:width\" content=\"700\" \/>\n\t<meta property=\"og:image:height\" content=\"800\" \/>\n\t<meta property=\"og:image:type\" content=\"image\/jpeg\" \/>\n<meta name=\"twitter:card\" content=\"summary_large_image\" \/>\n<script type=\"application\/ld+json\" class=\"yoast-schema-graph\">{\"@context\":\"https:\/\/schema.org\",\"@graph\":[{\"@type\":\"WebPage\",\"@id\":\"https:\/\/www.lavillagardendesign.com\/fr\/product\/collection-portofino-fauteuil-lounge-relax\/\",\"url\":\"https:\/\/www.lavillagardendesign.com\/fr\/product\/collection-portofino-fauteuil-lounge-relax\/\",\"name\":\"Fauteuil Lounge PORTOFINO Teck & Corde | P\u00e9lican ou Anthracite\",\"isPartOf\":{\"@id\":\"https:\/\/www.lavillagardendesign.com\/#website\"},\"primaryImageOfPage\":{\"@id\":\"https:\/\/www.lavillagardendesign.com\/fr\/product\/collection-portofino-fauteuil-lounge-relax\/#primaryimage\"},\"image\":{\"@id\":\"https:\/\/www.lavillagardendesign.com\/fr\/product\/collection-portofino-fauteuil-lounge-relax\/#primaryimage\"},\"thumbnailUrl\":\"https:\/\/www.lavillagardendesign.com\/wp-content\/uploads\/2026\/02\/5-1-4.jpg\",\"datePublished\":\"2026-02-06T20:04:53+00:00\",\"dateModified\":\"2026-02-10T12:23:43+00:00\",\"description\":\"Fauteuil d'ext\u00e9rieur PORTOFINO. Design profond avec accoudoirs en teck et structure en aluminium\/corde. Disponible en P\u00e9lican et Anthracite. Offre \u20ac799.\",\"breadcrumb\":{\"@id\":\"https:\/\/www.lavillagardendesign.com\/fr\/product\/collection-portofino-fauteuil-lounge-relax\/#breadcrumb\"},\"inLanguage\":\"fr-FR\",\"potentialAction\":[{\"@type\":\"ReadAction\",\"target\":[\"https:\/\/www.lavillagardendesign.com\/fr\/product\/collection-portofino-fauteuil-lounge-relax\/\"]}]},{\"@type\":\"ImageObject\",\"inLanguage\":\"fr-FR\",\"@id\":\"https:\/\/www.lavillagardendesign.com\/fr\/product\/collection-portofino-fauteuil-lounge-relax\/#primaryimage\",\"url\":\"https:\/\/www.lavillagardendesign.com\/wp-content\/uploads\/2026\/02\/5-1-4.jpg\",\"contentUrl\":\"https:\/\/www.lavillagardendesign.com\/wp-content\/uploads\/2026\/02\/5-1-4.jpg\",\"width\":700,\"height\":800},{\"@type\":\"BreadcrumbList\",\"@id\":\"https:\/\/www.lavillagardendesign.com\/fr\/product\/collection-portofino-fauteuil-lounge-relax\/#breadcrumb\",\"itemListElement\":[{\"@type\":\"ListItem\",\"position\":1,\"name\":\"Home\",\"item\":\"https:\/\/www.lavillagardendesign.com\/\"},{\"@type\":\"ListItem\",\"position\":2,\"name\":\"Boutique\",\"item\":\"https:\/\/www.lavillagardendesign.com\/fr\/boutique\/\"},{\"@type\":\"ListItem\",\"position\":3,\"name\":\"COLLECTION PORTOFINO &#8211; Fauteuil Lounge Relax\"}]},{\"@type\":\"WebSite\",\"@id\":\"https:\/\/www.lavillagardendesign.com\/#website\",\"url\":\"https:\/\/www.lavillagardendesign.com\/\",\"name\":\"La Villa Garden&Design\",\"description\":\"\",\"publisher\":{\"@id\":\"https:\/\/www.lavillagardendesign.com\/#organization\"},\"potentialAction\":[{\"@type\":\"SearchAction\",\"target\":{\"@type\":\"EntryPoint\",\"urlTemplate\":\"https:\/\/www.lavillagardendesign.com\/?s={search_term_string}\"},\"query-input\":{\"@type\":\"PropertyValueSpecification\",\"valueRequired\":true,\"valueName\":\"search_term_string\"}}],\"inLanguage\":\"fr-FR\"},{\"@type\":\"Organization\",\"@id\":\"https:\/\/www.lavillagardendesign.com\/#organization\",\"name\":\"La Villa Garden&Design\",\"url\":\"https:\/\/www.lavillagardendesign.com\/\",\"logo\":{\"@type\":\"ImageObject\",\"inLanguage\":\"fr-FR\",\"@id\":\"https:\/\/www.lavillagardendesign.com\/#\/schema\/logo\/image\/\",\"url\":\"https:\/\/www.lavillagardendesign.com\/wp-content\/uploads\/2024\/04\/logolavilla.png\",\"contentUrl\":\"https:\/\/www.lavillagardendesign.com\/wp-content\/uploads\/2024\/04\/logolavilla.png\",\"width\":682,\"height\":391,\"caption\":\"La Villa Garden&Design\"},\"image\":{\"@id\":\"https:\/\/www.lavillagardendesign.com\/#\/schema\/logo\/image\/\"},\"sameAs\":[\"https:\/\/www.facebook.com\/lavillagardendesign\/\"]}]}<\/script>\n<!-- \/ Yoast SEO plugin. -->","yoast_head_json":{"title":"Fauteuil Lounge PORTOFINO Teck & Corde | P\u00e9lican ou Anthracite","description":"Fauteuil d'ext\u00e9rieur PORTOFINO. Design profond avec accoudoirs en teck et structure en aluminium\/corde. Disponible en P\u00e9lican et Anthracite. Offre \u20ac799.","robots":{"index":"index","follow":"follow","max-snippet":"max-snippet:-1","max-image-preview":"max-image-preview:large","max-video-preview":"max-video-preview:-1"},"canonical":"https:\/\/www.lavillagardendesign.com\/fr\/product\/collection-portofino-fauteuil-lounge-relax\/","og_locale":"fr_FR","og_type":"article","og_title":"Fauteuil Lounge PORTOFINO Teck & Corde | P\u00e9lican ou Anthracite","og_description":"Fauteuil d'ext\u00e9rieur PORTOFINO. Design profond avec accoudoirs en teck et structure en aluminium\/corde. Disponible en P\u00e9lican et Anthracite. Offre \u20ac799.","og_url":"https:\/\/www.lavillagardendesign.com\/fr\/product\/collection-portofino-fauteuil-lounge-relax\/","og_site_name":"La Villa Garden&amp;Design","article_publisher":"https:\/\/www.facebook.com\/lavillagardendesign\/","article_modified_time":"2026-02-10T12:23:43+00:00","og_image":[{"width":700,"height":800,"url":"https:\/\/www.lavillagardendesign.com\/wp-content\/uploads\/2026\/02\/5-1-4.jpg","type":"image\/jpeg"}],"twitter_card":"summary_large_image","schema":{"@context":"https:\/\/schema.org","@graph":[{"@type":"WebPage","@id":"https:\/\/www.lavillagardendesign.com\/fr\/product\/collection-portofino-fauteuil-lounge-relax\/","url":"https:\/\/www.lavillagardendesign.com\/fr\/product\/collection-portofino-fauteuil-lounge-relax\/","name":"Fauteuil Lounge PORTOFINO Teck & Corde | P\u00e9lican ou Anthracite","isPartOf":{"@id":"https:\/\/www.lavillagardendesign.com\/#website"},"primaryImageOfPage":{"@id":"https:\/\/www.lavillagardendesign.com\/fr\/product\/collection-portofino-fauteuil-lounge-relax\/#primaryimage"},"image":{"@id":"https:\/\/www.lavillagardendesign.com\/fr\/product\/collection-portofino-fauteuil-lounge-relax\/#primaryimage"},"thumbnailUrl":"https:\/\/www.lavillagardendesign.com\/wp-content\/uploads\/2026\/02\/5-1-4.jpg","datePublished":"2026-02-06T20:04:53+00:00","dateModified":"2026-02-10T12:23:43+00:00","description":"Fauteuil d'ext\u00e9rieur PORTOFINO. Design profond avec accoudoirs en teck et structure en aluminium\/corde. Disponible en P\u00e9lican et Anthracite. Offre \u20ac799.","breadcrumb":{"@id":"https:\/\/www.lavillagardendesign.com\/fr\/product\/collection-portofino-fauteuil-lounge-relax\/#breadcrumb"},"inLanguage":"fr-FR","potentialAction":[{"@type":"ReadAction","target":["https:\/\/www.lavillagardendesign.com\/fr\/product\/collection-portofino-fauteuil-lounge-relax\/"]}]},{"@type":"ImageObject","inLanguage":"fr-FR","@id":"https:\/\/www.lavillagardendesign.com\/fr\/product\/collection-portofino-fauteuil-lounge-relax\/#primaryimage","url":"https:\/\/www.lavillagardendesign.com\/wp-content\/uploads\/2026\/02\/5-1-4.jpg","contentUrl":"https:\/\/www.lavillagardendesign.com\/wp-content\/uploads\/2026\/02\/5-1-4.jpg","width":700,"height":800},{"@type":"BreadcrumbList","@id":"https:\/\/www.lavillagardendesign.com\/fr\/product\/collection-portofino-fauteuil-lounge-relax\/#breadcrumb","itemListElement":[{"@type":"ListItem","position":1,"name":"Home","item":"https:\/\/www.lavillagardendesign.com\/"},{"@type":"ListItem","position":2,"name":"Boutique","item":"https:\/\/www.lavillagardendesign.com\/fr\/boutique\/"},{"@type":"ListItem","position":3,"name":"COLLECTION PORTOFINO &#8211; Fauteuil Lounge Relax"}]},{"@type":"WebSite","@id":"https:\/\/www.lavillagardendesign.com\/#website","url":"https:\/\/www.lavillagardendesign.com\/","name":"La Villa Garden&Design","description":"","publisher":{"@id":"https:\/\/www.lavillagardendesign.com\/#organization"},"potentialAction":[{"@type":"SearchAction","target":{"@type":"EntryPoint","urlTemplate":"https:\/\/www.lavillagardendesign.com\/?s={search_term_string}"},"query-input":{"@type":"PropertyValueSpecification","valueRequired":true,"valueName":"search_term_string"}}],"inLanguage":"fr-FR"},{"@type":"Organization","@id":"https:\/\/www.lavillagardendesign.com\/#organization","name":"La Villa Garden&Design","url":"https:\/\/www.lavillagardendesign.com\/","logo":{"@type":"ImageObject","inLanguage":"fr-FR","@id":"https:\/\/www.lavillagardendesign.com\/#\/schema\/logo\/image\/","url":"https:\/\/www.lavillagardendesign.com\/wp-content\/uploads\/2024\/04\/logolavilla.png","contentUrl":"https:\/\/www.lavillagardendesign.com\/wp-content\/uploads\/2024\/04\/logolavilla.png","width":682,"height":391,"caption":"La Villa Garden&Design"},"image":{"@id":"https:\/\/www.lavillagardendesign.com\/#\/schema\/logo\/image\/"},"sameAs":["https:\/\/www.facebook.com\/lavillagardendesign\/"]}]}},"_links":{"self":[{"href":"https:\/\/www.lavillagardendesign.com\/fr\/wp-json\/wp\/v2\/product\/62085","targetHints":{"allow":["GET"]}}],"collection":[{"href":"https:\/\/www.lavillagardendesign.com\/fr\/wp-json\/wp\/v2\/product"}],"about":[{"href":"https:\/\/www.lavillagardendesign.com\/fr\/wp-json\/wp\/v2\/types\/product"}],"replies":[{"embeddable":true,"href":"https:\/\/www.lavillagardendesign.com\/fr\/wp-json\/wp\/v2\/comments?post=62085"}],"version-history":[{"count":1,"href":"https:\/\/www.lavillagardendesign.com\/fr\/wp-json\/wp\/v2\/product\/62085\/revisions"}],"predecessor-version":[{"id":62775,"href":"https:\/\/www.lavillagardendesign.com\/fr\/wp-json\/wp\/v2\/product\/62085\/revisions\/62775"}],"wp:featuredmedia":[{"embeddable":true,"href":"https:\/\/www.lavillagardendesign.com\/fr\/wp-json\/wp\/v2\/media\/62038"}],"wp:attachment":[{"href":"https:\/\/www.lavillagardendesign.com\/fr\/wp-json\/wp\/v2\/media?parent=62085"}],"wp:term":[{"taxonomy":"product_brand","embeddable":true,"href":"https:\/\/www.lavillagardendesign.com\/fr\/wp-json\/wp\/v2\/product_brand?post=62085"},{"taxonomy":"product_cat","embeddable":true,"href":"https:\/\/www.lavillagardendesign.com\/fr\/wp-json\/wp\/v2\/product_cat?post=62085"},{"taxonomy":"product_tag","embeddable":true,"href":"https:\/\/www.lavillagardendesign.com\/fr\/wp-json\/wp\/v2\/product_tag?post=62085"}],"curies":[{"name":"wp","href":"https:\/\/api.w.org\/{rel}","templated":true}]}}