{"id":61942,"date":"2026-02-05T11:39:25","date_gmt":"2026-02-05T10:39:25","guid":{"rendered":"https:\/\/www.lavillagardendesign.com\/product\/vegetal-dragonnier-artificiel-real-touch-avec-pot-h150\/"},"modified":"2026-02-23T11:40:53","modified_gmt":"2026-02-23T09:40:53","slug":"vegetal-dragonnier-artificiel-real-touch-avec-pot-h150","status":"publish","type":"product","link":"https:\/\/www.lavillagardendesign.com\/fr\/product\/vegetal-dragonnier-artificiel-real-touch-avec-pot-h150\/","title":{"rendered":"VEGETAL &#8211; Dragonnier artificiel \u00ab\u00a0Real Touch\u00a0\u00bb avec pot H150"},"content":{"rendered":"","protected":false},"excerpt":{"rendered":"<p>Incorporez une pi\u00e8ce sculpturale \u00e0 votre am\u00e9nagement int\u00e9rieur ou \u00e0 votre terrasse couverte avec le dragonnier (Dracaena) de la collection <span class=\"il\">VEGETAL<\/span>. Ce v\u00e9g\u00e9tal haut de gamme se distingue par ses feuilles en caoutchouc, un mat\u00e9riau de premi\u00e8re qualit\u00e9 qui offre une exp\u00e9rience \u00ab\u00a0Real Touch\u00a0\u00bb et un drap\u00e9 lourd et naturel sup\u00e9rieur aux alternatives textiles standard. Avec un volume impressionnant de 110 cm de diam\u00e8tre et 150 cm de hauteur, cet arbre sert de point focal architectural. Sa base technique, lest\u00e9e de b\u00e9ton, assure la stabilit\u00e9 n\u00e9cessaire pour supporter son feuillage luxuriant en toute s\u00e9curit\u00e9.   <\/p>\n","protected":false},"featured_media":61924,"comment_status":"open","ping_status":"closed","template":"","meta":[],"product_brand":[4998],"product_cat":[2922,2925,5986,6832],"product_tag":[5755],"class_list":{"0":"post-61942","1":"product","2":"type-product","3":"status-publish","4":"has-post-thumbnail","6":"product_brand-la-villa","7":"product_cat-accessoires","8":"product_cat-decorations-fr","9":"product_cat-nouvelle-collection","10":"product_cat-outdoor-fr","11":"product_tag-vegetal","13":"first","14":"instock","15":"taxable","16":"shipping-taxable","17":"purchasable","18":"product-type-simple"},"yoast_head":"<!-- This site is optimized with the Yoast SEO plugin v27.4 - https:\/\/yoast.com\/product\/yoast-seo-wordpress\/ -->\n<title>Dragonier Artificiel VEGETAL 150cm | Feuilles en caoutchouc au toucher r\u00e9el<\/title>\n<meta name=\"description\" content=\"Dragonnier artificiel de luxe (Dracaena) avec un feuillage en caoutchouc Real Touch. Design volumineux de \u00d8110x150 cm avec une base stable en b\u00e9ton. D\u00e9cor de qualit\u00e9 sup\u00e9rieure sans entretien.\" \/>\n<meta name=\"robots\" content=\"index, follow, max-snippet:-1, max-image-preview:large, max-video-preview:-1\" \/>\n<link rel=\"canonical\" href=\"https:\/\/www.lavillagardendesign.com\/fr\/product\/vegetal-dragonnier-artificiel-real-touch-avec-pot-h150\/\" \/>\n<meta property=\"og:locale\" content=\"fr_FR\" \/>\n<meta property=\"og:type\" content=\"article\" \/>\n<meta property=\"og:title\" content=\"Dragonier Artificiel VEGETAL 150cm | Feuilles en caoutchouc au toucher r\u00e9el\" \/>\n<meta property=\"og:description\" content=\"Dragonnier artificiel de luxe (Dracaena) avec un feuillage en caoutchouc Real Touch. Design volumineux de \u00d8110x150 cm avec une base stable en b\u00e9ton. D\u00e9cor de qualit\u00e9 sup\u00e9rieure sans entretien.\" \/>\n<meta property=\"og:url\" content=\"https:\/\/www.lavillagardendesign.com\/fr\/product\/vegetal-dragonnier-artificiel-real-touch-avec-pot-h150\/\" \/>\n<meta property=\"og:site_name\" content=\"La Villa Garden&amp;Design\" \/>\n<meta property=\"article:publisher\" content=\"https:\/\/www.facebook.com\/lavillagardendesign\/\" \/>\n<meta property=\"article:modified_time\" content=\"2026-02-23T09:40:53+00:00\" \/>\n<meta property=\"og:image\" content=\"https:\/\/www.lavillagardendesign.com\/wp-content\/uploads\/2026\/02\/2-1-9.jpg\" \/>\n\t<meta property=\"og:image:width\" content=\"700\" \/>\n\t<meta property=\"og:image:height\" content=\"800\" \/>\n\t<meta property=\"og:image:type\" content=\"image\/jpeg\" \/>\n<meta name=\"twitter:card\" content=\"summary_large_image\" \/>\n<script type=\"application\/ld+json\" class=\"yoast-schema-graph\">{\"@context\":\"https:\\\/\\\/schema.org\",\"@graph\":[{\"@type\":\"WebPage\",\"@id\":\"https:\\\/\\\/www.lavillagardendesign.com\\\/fr\\\/product\\\/vegetal-dragonnier-artificiel-real-touch-avec-pot-h150\\\/\",\"url\":\"https:\\\/\\\/www.lavillagardendesign.com\\\/fr\\\/product\\\/vegetal-dragonnier-artificiel-real-touch-avec-pot-h150\\\/\",\"name\":\"Dragonier Artificiel VEGETAL 150cm | Feuilles en caoutchouc au toucher r\u00e9el\",\"isPartOf\":{\"@id\":\"https:\\\/\\\/www.lavillagardendesign.com\\\/#website\"},\"primaryImageOfPage\":{\"@id\":\"https:\\\/\\\/www.lavillagardendesign.com\\\/fr\\\/product\\\/vegetal-dragonnier-artificiel-real-touch-avec-pot-h150\\\/#primaryimage\"},\"image\":{\"@id\":\"https:\\\/\\\/www.lavillagardendesign.com\\\/fr\\\/product\\\/vegetal-dragonnier-artificiel-real-touch-avec-pot-h150\\\/#primaryimage\"},\"thumbnailUrl\":\"https:\\\/\\\/www.lavillagardendesign.com\\\/wp-content\\\/uploads\\\/2026\\\/02\\\/2-1-9.jpg\",\"datePublished\":\"2026-02-05T10:39:25+00:00\",\"dateModified\":\"2026-02-23T09:40:53+00:00\",\"description\":\"Dragonnier artificiel de luxe (Dracaena) avec un feuillage en caoutchouc Real Touch. Design volumineux de \u00d8110x150 cm avec une base stable en b\u00e9ton. D\u00e9cor de qualit\u00e9 sup\u00e9rieure sans entretien.\",\"breadcrumb\":{\"@id\":\"https:\\\/\\\/www.lavillagardendesign.com\\\/fr\\\/product\\\/vegetal-dragonnier-artificiel-real-touch-avec-pot-h150\\\/#breadcrumb\"},\"inLanguage\":\"fr-FR\",\"potentialAction\":[{\"@type\":\"ReadAction\",\"target\":[\"https:\\\/\\\/www.lavillagardendesign.com\\\/fr\\\/product\\\/vegetal-dragonnier-artificiel-real-touch-avec-pot-h150\\\/\"]}]},{\"@type\":\"ImageObject\",\"inLanguage\":\"fr-FR\",\"@id\":\"https:\\\/\\\/www.lavillagardendesign.com\\\/fr\\\/product\\\/vegetal-dragonnier-artificiel-real-touch-avec-pot-h150\\\/#primaryimage\",\"url\":\"https:\\\/\\\/www.lavillagardendesign.com\\\/wp-content\\\/uploads\\\/2026\\\/02\\\/2-1-9.jpg\",\"contentUrl\":\"https:\\\/\\\/www.lavillagardendesign.com\\\/wp-content\\\/uploads\\\/2026\\\/02\\\/2-1-9.jpg\",\"width\":700,\"height\":800},{\"@type\":\"BreadcrumbList\",\"@id\":\"https:\\\/\\\/www.lavillagardendesign.com\\\/fr\\\/product\\\/vegetal-dragonnier-artificiel-real-touch-avec-pot-h150\\\/#breadcrumb\",\"itemListElement\":[{\"@type\":\"ListItem\",\"position\":1,\"name\":\"Home\",\"item\":\"https:\\\/\\\/www.lavillagardendesign.com\\\/\"},{\"@type\":\"ListItem\",\"position\":2,\"name\":\"Boutique\",\"item\":\"https:\\\/\\\/www.lavillagardendesign.com\\\/fr\\\/boutique\\\/\"},{\"@type\":\"ListItem\",\"position\":3,\"name\":\"VEGETAL &#8211; Dragonnier artificiel \u00abReal Touch\u00bb avec pot H150\"}]},{\"@type\":\"WebSite\",\"@id\":\"https:\\\/\\\/www.lavillagardendesign.com\\\/#website\",\"url\":\"https:\\\/\\\/www.lavillagardendesign.com\\\/\",\"name\":\"La Villa Garden&Design\",\"description\":\"\",\"publisher\":{\"@id\":\"https:\\\/\\\/www.lavillagardendesign.com\\\/#organization\"},\"potentialAction\":[{\"@type\":\"SearchAction\",\"target\":{\"@type\":\"EntryPoint\",\"urlTemplate\":\"https:\\\/\\\/www.lavillagardendesign.com\\\/?s={search_term_string}\"},\"query-input\":{\"@type\":\"PropertyValueSpecification\",\"valueRequired\":true,\"valueName\":\"search_term_string\"}}],\"inLanguage\":\"fr-FR\"},{\"@type\":\"Organization\",\"@id\":\"https:\\\/\\\/www.lavillagardendesign.com\\\/#organization\",\"name\":\"La Villa Garden&Design\",\"url\":\"https:\\\/\\\/www.lavillagardendesign.com\\\/\",\"logo\":{\"@type\":\"ImageObject\",\"inLanguage\":\"fr-FR\",\"@id\":\"https:\\\/\\\/www.lavillagardendesign.com\\\/#\\\/schema\\\/logo\\\/image\\\/\",\"url\":\"https:\\\/\\\/www.lavillagardendesign.com\\\/wp-content\\\/uploads\\\/2024\\\/04\\\/logolavilla.png\",\"contentUrl\":\"https:\\\/\\\/www.lavillagardendesign.com\\\/wp-content\\\/uploads\\\/2024\\\/04\\\/logolavilla.png\",\"width\":682,\"height\":391,\"caption\":\"La Villa Garden&Design\"},\"image\":{\"@id\":\"https:\\\/\\\/www.lavillagardendesign.com\\\/#\\\/schema\\\/logo\\\/image\\\/\"},\"sameAs\":[\"https:\\\/\\\/www.facebook.com\\\/lavillagardendesign\\\/\"]}]}<\/script>\n<!-- \/ Yoast SEO plugin. -->","yoast_head_json":{"title":"Dragonier Artificiel VEGETAL 150cm | Feuilles en caoutchouc au toucher r\u00e9el","description":"Dragonnier artificiel de luxe (Dracaena) avec un feuillage en caoutchouc Real Touch. Design volumineux de \u00d8110x150 cm avec une base stable en b\u00e9ton. D\u00e9cor de qualit\u00e9 sup\u00e9rieure sans entretien.","robots":{"index":"index","follow":"follow","max-snippet":"max-snippet:-1","max-image-preview":"max-image-preview:large","max-video-preview":"max-video-preview:-1"},"canonical":"https:\/\/www.lavillagardendesign.com\/fr\/product\/vegetal-dragonnier-artificiel-real-touch-avec-pot-h150\/","og_locale":"fr_FR","og_type":"article","og_title":"Dragonier Artificiel VEGETAL 150cm | Feuilles en caoutchouc au toucher r\u00e9el","og_description":"Dragonnier artificiel de luxe (Dracaena) avec un feuillage en caoutchouc Real Touch. Design volumineux de \u00d8110x150 cm avec une base stable en b\u00e9ton. D\u00e9cor de qualit\u00e9 sup\u00e9rieure sans entretien.","og_url":"https:\/\/www.lavillagardendesign.com\/fr\/product\/vegetal-dragonnier-artificiel-real-touch-avec-pot-h150\/","og_site_name":"La Villa Garden&amp;Design","article_publisher":"https:\/\/www.facebook.com\/lavillagardendesign\/","article_modified_time":"2026-02-23T09:40:53+00:00","og_image":[{"width":700,"height":800,"url":"https:\/\/www.lavillagardendesign.com\/wp-content\/uploads\/2026\/02\/2-1-9.jpg","type":"image\/jpeg"}],"twitter_card":"summary_large_image","schema":{"@context":"https:\/\/schema.org","@graph":[{"@type":"WebPage","@id":"https:\/\/www.lavillagardendesign.com\/fr\/product\/vegetal-dragonnier-artificiel-real-touch-avec-pot-h150\/","url":"https:\/\/www.lavillagardendesign.com\/fr\/product\/vegetal-dragonnier-artificiel-real-touch-avec-pot-h150\/","name":"Dragonier Artificiel VEGETAL 150cm | Feuilles en caoutchouc au toucher r\u00e9el","isPartOf":{"@id":"https:\/\/www.lavillagardendesign.com\/#website"},"primaryImageOfPage":{"@id":"https:\/\/www.lavillagardendesign.com\/fr\/product\/vegetal-dragonnier-artificiel-real-touch-avec-pot-h150\/#primaryimage"},"image":{"@id":"https:\/\/www.lavillagardendesign.com\/fr\/product\/vegetal-dragonnier-artificiel-real-touch-avec-pot-h150\/#primaryimage"},"thumbnailUrl":"https:\/\/www.lavillagardendesign.com\/wp-content\/uploads\/2026\/02\/2-1-9.jpg","datePublished":"2026-02-05T10:39:25+00:00","dateModified":"2026-02-23T09:40:53+00:00","description":"Dragonnier artificiel de luxe (Dracaena) avec un feuillage en caoutchouc Real Touch. Design volumineux de \u00d8110x150 cm avec une base stable en b\u00e9ton. D\u00e9cor de qualit\u00e9 sup\u00e9rieure sans entretien.","breadcrumb":{"@id":"https:\/\/www.lavillagardendesign.com\/fr\/product\/vegetal-dragonnier-artificiel-real-touch-avec-pot-h150\/#breadcrumb"},"inLanguage":"fr-FR","potentialAction":[{"@type":"ReadAction","target":["https:\/\/www.lavillagardendesign.com\/fr\/product\/vegetal-dragonnier-artificiel-real-touch-avec-pot-h150\/"]}]},{"@type":"ImageObject","inLanguage":"fr-FR","@id":"https:\/\/www.lavillagardendesign.com\/fr\/product\/vegetal-dragonnier-artificiel-real-touch-avec-pot-h150\/#primaryimage","url":"https:\/\/www.lavillagardendesign.com\/wp-content\/uploads\/2026\/02\/2-1-9.jpg","contentUrl":"https:\/\/www.lavillagardendesign.com\/wp-content\/uploads\/2026\/02\/2-1-9.jpg","width":700,"height":800},{"@type":"BreadcrumbList","@id":"https:\/\/www.lavillagardendesign.com\/fr\/product\/vegetal-dragonnier-artificiel-real-touch-avec-pot-h150\/#breadcrumb","itemListElement":[{"@type":"ListItem","position":1,"name":"Home","item":"https:\/\/www.lavillagardendesign.com\/"},{"@type":"ListItem","position":2,"name":"Boutique","item":"https:\/\/www.lavillagardendesign.com\/fr\/boutique\/"},{"@type":"ListItem","position":3,"name":"VEGETAL &#8211; Dragonnier artificiel \u00abReal Touch\u00bb avec pot H150"}]},{"@type":"WebSite","@id":"https:\/\/www.lavillagardendesign.com\/#website","url":"https:\/\/www.lavillagardendesign.com\/","name":"La Villa Garden&Design","description":"","publisher":{"@id":"https:\/\/www.lavillagardendesign.com\/#organization"},"potentialAction":[{"@type":"SearchAction","target":{"@type":"EntryPoint","urlTemplate":"https:\/\/www.lavillagardendesign.com\/?s={search_term_string}"},"query-input":{"@type":"PropertyValueSpecification","valueRequired":true,"valueName":"search_term_string"}}],"inLanguage":"fr-FR"},{"@type":"Organization","@id":"https:\/\/www.lavillagardendesign.com\/#organization","name":"La Villa Garden&Design","url":"https:\/\/www.lavillagardendesign.com\/","logo":{"@type":"ImageObject","inLanguage":"fr-FR","@id":"https:\/\/www.lavillagardendesign.com\/#\/schema\/logo\/image\/","url":"https:\/\/www.lavillagardendesign.com\/wp-content\/uploads\/2024\/04\/logolavilla.png","contentUrl":"https:\/\/www.lavillagardendesign.com\/wp-content\/uploads\/2024\/04\/logolavilla.png","width":682,"height":391,"caption":"La Villa Garden&Design"},"image":{"@id":"https:\/\/www.lavillagardendesign.com\/#\/schema\/logo\/image\/"},"sameAs":["https:\/\/www.facebook.com\/lavillagardendesign\/"]}]}},"_links":{"self":[{"href":"https:\/\/www.lavillagardendesign.com\/fr\/wp-json\/wp\/v2\/product\/61942","targetHints":{"allow":["GET"]}}],"collection":[{"href":"https:\/\/www.lavillagardendesign.com\/fr\/wp-json\/wp\/v2\/product"}],"about":[{"href":"https:\/\/www.lavillagardendesign.com\/fr\/wp-json\/wp\/v2\/types\/product"}],"replies":[{"embeddable":true,"href":"https:\/\/www.lavillagardendesign.com\/fr\/wp-json\/wp\/v2\/comments?post=61942"}],"version-history":[{"count":1,"href":"https:\/\/www.lavillagardendesign.com\/fr\/wp-json\/wp\/v2\/product\/61942\/revisions"}],"predecessor-version":[{"id":62100,"href":"https:\/\/www.lavillagardendesign.com\/fr\/wp-json\/wp\/v2\/product\/61942\/revisions\/62100"}],"wp:featuredmedia":[{"embeddable":true,"href":"https:\/\/www.lavillagardendesign.com\/fr\/wp-json\/wp\/v2\/media\/61924"}],"wp:attachment":[{"href":"https:\/\/www.lavillagardendesign.com\/fr\/wp-json\/wp\/v2\/media?parent=61942"}],"wp:term":[{"taxonomy":"product_brand","embeddable":true,"href":"https:\/\/www.lavillagardendesign.com\/fr\/wp-json\/wp\/v2\/product_brand?post=61942"},{"taxonomy":"product_cat","embeddable":true,"href":"https:\/\/www.lavillagardendesign.com\/fr\/wp-json\/wp\/v2\/product_cat?post=61942"},{"taxonomy":"product_tag","embeddable":true,"href":"https:\/\/www.lavillagardendesign.com\/fr\/wp-json\/wp\/v2\/product_tag?post=61942"}],"curies":[{"name":"wp","href":"https:\/\/api.w.org\/{rel}","templated":true}]}}