{"id":61938,"date":"2026-02-05T10:45:26","date_gmt":"2026-02-05T09:45:26","guid":{"rendered":"https:\/\/www.lavillagardendesign.com\/product\/vegetal-collection-mur-de-jardin-vertical-artificiel\/"},"modified":"2026-02-23T11:40:47","modified_gmt":"2026-02-23T09:40:47","slug":"vegetal-collection-mur-de-jardin-vertical-artificiel","status":"publish","type":"product","link":"https:\/\/www.lavillagardendesign.com\/fr\/product\/vegetal-collection-mur-de-jardin-vertical-artificiel\/","title":{"rendered":"VEGETAL COLLECTION &#8211; Mur de jardin vertical artificiel"},"content":{"rendered":"<p><span class=\"il\">VEGETAL<\/span> COLLECTION &#8211; Mur de jardin vertical artificiel (1 m\u00b2) &#8211; Mix Ecuador ou Mix Playas<\/p>\n","protected":false},"excerpt":{"rendered":"<p>Donnez vie \u00e0 vos murs ext\u00e9rieurs avec notre gamme de jardins verticaux synth\u00e9tiques de la collection <span class=\"il\">VEGETAL<\/span>. Con\u00e7us pour apporter fra\u00eecheur et intimit\u00e9 imm\u00e9diate, ces panneaux imitent parfaitement la nature sans n\u00e9cessiter d&rsquo;arrosage ni d&rsquo;entretien. Fabriqu\u00e9s en <b>poly\u00e9thyl\u00e8ne (PE)<\/b> r\u00e9sistant aux rayons solaires, ils conservent leur couleur verte vibrante sous le soleil.  <\/p>\n<ul>\n<li><b>Mod\u00e8le MIX ECUADOR :<\/b> Panneau de grand format (100&#215;100 cm) \u00e0 l&rsquo;esth\u00e9tique tropicale dense et luxuriante.<\/li>\n<li><b>Mod\u00e8le MIX PLAYAS (lot de 4) :<\/b> Un paquet de 4 dalles modulaires (50&#215;50 cm chacune) permettant une installation plus flexible dans les petits espaces ou les formes irr\u00e9guli\u00e8res. <i>Remarque : les deux mod\u00e8les couvrent une surface totale de 1 m\u00e8tre carr\u00e9.<\/i><\/li>\n<\/ul>\n","protected":false},"featured_media":61888,"comment_status":"open","ping_status":"closed","template":"","meta":[],"product_brand":[4998],"product_cat":[2922,2925,5986,6832],"product_tag":[5755],"class_list":{"0":"post-61938","1":"product","2":"type-product","3":"status-publish","4":"has-post-thumbnail","6":"product_brand-la-villa","7":"product_cat-accessoires","8":"product_cat-decorations-fr","9":"product_cat-nouvelle-collection","10":"product_cat-outdoor-fr","11":"product_tag-vegetal","13":"first","14":"instock","15":"taxable","16":"shipping-taxable","17":"purchasable","18":"product-type-variable"},"yoast_head":"<!-- This site is optimized with the Yoast SEO plugin v27.4 - https:\/\/yoast.com\/product\/yoast-seo-wordpress\/ -->\n<title>Mur vertical artificiel 1m\u00b2 Ecuador &amp; Playas | La Villa Garden<\/title>\n<meta name=\"description\" content=\"Panneaux de jardin verticaux synth\u00e9tiques pour l&#039;ext\u00e9rieur. R\u00e9sistant aux UV. Disponible en grand panneau (Mix Ecuador - \u20ac149) ou en lot de 4 dalles (Mix Playas - \u20ac129).\" \/>\n<meta name=\"robots\" content=\"index, follow, max-snippet:-1, max-image-preview:large, max-video-preview:-1\" \/>\n<link rel=\"canonical\" href=\"https:\/\/www.lavillagardendesign.com\/fr\/product\/vegetal-collection-mur-de-jardin-vertical-artificiel\/\" \/>\n<meta property=\"og:locale\" content=\"fr_FR\" \/>\n<meta property=\"og:type\" content=\"article\" \/>\n<meta property=\"og:title\" content=\"Mur vertical artificiel 1m\u00b2 Ecuador &amp; Playas | La Villa Garden\" \/>\n<meta property=\"og:description\" content=\"Panneaux de jardin verticaux synth\u00e9tiques pour l&#039;ext\u00e9rieur. R\u00e9sistant aux UV. Disponible en grand panneau (Mix Ecuador - \u20ac149) ou en lot de 4 dalles (Mix Playas - \u20ac129).\" \/>\n<meta property=\"og:url\" content=\"https:\/\/www.lavillagardendesign.com\/fr\/product\/vegetal-collection-mur-de-jardin-vertical-artificiel\/\" \/>\n<meta property=\"og:site_name\" content=\"La Villa Garden&amp;Design\" \/>\n<meta property=\"article:publisher\" content=\"https:\/\/www.facebook.com\/lavillagardendesign\/\" \/>\n<meta property=\"article:modified_time\" content=\"2026-02-23T09:40:47+00:00\" \/>\n<meta property=\"og:image\" content=\"https:\/\/www.lavillagardendesign.com\/wp-content\/uploads\/2026\/02\/4-1-5.jpg\" \/>\n\t<meta property=\"og:image:width\" content=\"700\" \/>\n\t<meta property=\"og:image:height\" content=\"800\" \/>\n\t<meta property=\"og:image:type\" content=\"image\/jpeg\" \/>\n<meta name=\"twitter:card\" content=\"summary_large_image\" \/>\n<script type=\"application\/ld+json\" class=\"yoast-schema-graph\">{\"@context\":\"https:\\\/\\\/schema.org\",\"@graph\":[{\"@type\":\"WebPage\",\"@id\":\"https:\\\/\\\/www.lavillagardendesign.com\\\/fr\\\/product\\\/vegetal-collection-mur-de-jardin-vertical-artificiel\\\/\",\"url\":\"https:\\\/\\\/www.lavillagardendesign.com\\\/fr\\\/product\\\/vegetal-collection-mur-de-jardin-vertical-artificiel\\\/\",\"name\":\"Mur vertical artificiel 1m\u00b2 Ecuador & Playas | La Villa Garden\",\"isPartOf\":{\"@id\":\"https:\\\/\\\/www.lavillagardendesign.com\\\/#website\"},\"primaryImageOfPage\":{\"@id\":\"https:\\\/\\\/www.lavillagardendesign.com\\\/fr\\\/product\\\/vegetal-collection-mur-de-jardin-vertical-artificiel\\\/#primaryimage\"},\"image\":{\"@id\":\"https:\\\/\\\/www.lavillagardendesign.com\\\/fr\\\/product\\\/vegetal-collection-mur-de-jardin-vertical-artificiel\\\/#primaryimage\"},\"thumbnailUrl\":\"https:\\\/\\\/www.lavillagardendesign.com\\\/wp-content\\\/uploads\\\/2026\\\/02\\\/4-1-5.jpg\",\"datePublished\":\"2026-02-05T09:45:26+00:00\",\"dateModified\":\"2026-02-23T09:40:47+00:00\",\"description\":\"Panneaux de jardin verticaux synth\u00e9tiques pour l'ext\u00e9rieur. R\u00e9sistant aux UV. Disponible en grand panneau (Mix Ecuador - \u20ac149) ou en lot de 4 dalles (Mix Playas - \u20ac129).\",\"breadcrumb\":{\"@id\":\"https:\\\/\\\/www.lavillagardendesign.com\\\/fr\\\/product\\\/vegetal-collection-mur-de-jardin-vertical-artificiel\\\/#breadcrumb\"},\"inLanguage\":\"fr-FR\",\"potentialAction\":[{\"@type\":\"ReadAction\",\"target\":[\"https:\\\/\\\/www.lavillagardendesign.com\\\/fr\\\/product\\\/vegetal-collection-mur-de-jardin-vertical-artificiel\\\/\"]}]},{\"@type\":\"ImageObject\",\"inLanguage\":\"fr-FR\",\"@id\":\"https:\\\/\\\/www.lavillagardendesign.com\\\/fr\\\/product\\\/vegetal-collection-mur-de-jardin-vertical-artificiel\\\/#primaryimage\",\"url\":\"https:\\\/\\\/www.lavillagardendesign.com\\\/wp-content\\\/uploads\\\/2026\\\/02\\\/4-1-5.jpg\",\"contentUrl\":\"https:\\\/\\\/www.lavillagardendesign.com\\\/wp-content\\\/uploads\\\/2026\\\/02\\\/4-1-5.jpg\",\"width\":700,\"height\":800},{\"@type\":\"BreadcrumbList\",\"@id\":\"https:\\\/\\\/www.lavillagardendesign.com\\\/fr\\\/product\\\/vegetal-collection-mur-de-jardin-vertical-artificiel\\\/#breadcrumb\",\"itemListElement\":[{\"@type\":\"ListItem\",\"position\":1,\"name\":\"Home\",\"item\":\"https:\\\/\\\/www.lavillagardendesign.com\\\/\"},{\"@type\":\"ListItem\",\"position\":2,\"name\":\"Boutique\",\"item\":\"https:\\\/\\\/www.lavillagardendesign.com\\\/fr\\\/boutique\\\/\"},{\"@type\":\"ListItem\",\"position\":3,\"name\":\"VEGETAL COLLECTION &#8211; Mur de jardin vertical artificiel\"}]},{\"@type\":\"WebSite\",\"@id\":\"https:\\\/\\\/www.lavillagardendesign.com\\\/#website\",\"url\":\"https:\\\/\\\/www.lavillagardendesign.com\\\/\",\"name\":\"La Villa Garden&Design\",\"description\":\"\",\"publisher\":{\"@id\":\"https:\\\/\\\/www.lavillagardendesign.com\\\/#organization\"},\"potentialAction\":[{\"@type\":\"SearchAction\",\"target\":{\"@type\":\"EntryPoint\",\"urlTemplate\":\"https:\\\/\\\/www.lavillagardendesign.com\\\/?s={search_term_string}\"},\"query-input\":{\"@type\":\"PropertyValueSpecification\",\"valueRequired\":true,\"valueName\":\"search_term_string\"}}],\"inLanguage\":\"fr-FR\"},{\"@type\":\"Organization\",\"@id\":\"https:\\\/\\\/www.lavillagardendesign.com\\\/#organization\",\"name\":\"La Villa Garden&Design\",\"url\":\"https:\\\/\\\/www.lavillagardendesign.com\\\/\",\"logo\":{\"@type\":\"ImageObject\",\"inLanguage\":\"fr-FR\",\"@id\":\"https:\\\/\\\/www.lavillagardendesign.com\\\/#\\\/schema\\\/logo\\\/image\\\/\",\"url\":\"https:\\\/\\\/www.lavillagardendesign.com\\\/wp-content\\\/uploads\\\/2024\\\/04\\\/logolavilla.png\",\"contentUrl\":\"https:\\\/\\\/www.lavillagardendesign.com\\\/wp-content\\\/uploads\\\/2024\\\/04\\\/logolavilla.png\",\"width\":682,\"height\":391,\"caption\":\"La Villa Garden&Design\"},\"image\":{\"@id\":\"https:\\\/\\\/www.lavillagardendesign.com\\\/#\\\/schema\\\/logo\\\/image\\\/\"},\"sameAs\":[\"https:\\\/\\\/www.facebook.com\\\/lavillagardendesign\\\/\"]}]}<\/script>\n<!-- \/ Yoast SEO plugin. -->","yoast_head_json":{"title":"Mur vertical artificiel 1m\u00b2 Ecuador & Playas | La Villa Garden","description":"Panneaux de jardin verticaux synth\u00e9tiques pour l'ext\u00e9rieur. R\u00e9sistant aux UV. Disponible en grand panneau (Mix Ecuador - \u20ac149) ou en lot de 4 dalles (Mix Playas - \u20ac129).","robots":{"index":"index","follow":"follow","max-snippet":"max-snippet:-1","max-image-preview":"max-image-preview:large","max-video-preview":"max-video-preview:-1"},"canonical":"https:\/\/www.lavillagardendesign.com\/fr\/product\/vegetal-collection-mur-de-jardin-vertical-artificiel\/","og_locale":"fr_FR","og_type":"article","og_title":"Mur vertical artificiel 1m\u00b2 Ecuador & Playas | La Villa Garden","og_description":"Panneaux de jardin verticaux synth\u00e9tiques pour l'ext\u00e9rieur. R\u00e9sistant aux UV. Disponible en grand panneau (Mix Ecuador - \u20ac149) ou en lot de 4 dalles (Mix Playas - \u20ac129).","og_url":"https:\/\/www.lavillagardendesign.com\/fr\/product\/vegetal-collection-mur-de-jardin-vertical-artificiel\/","og_site_name":"La Villa Garden&amp;Design","article_publisher":"https:\/\/www.facebook.com\/lavillagardendesign\/","article_modified_time":"2026-02-23T09:40:47+00:00","og_image":[{"width":700,"height":800,"url":"https:\/\/www.lavillagardendesign.com\/wp-content\/uploads\/2026\/02\/4-1-5.jpg","type":"image\/jpeg"}],"twitter_card":"summary_large_image","schema":{"@context":"https:\/\/schema.org","@graph":[{"@type":"WebPage","@id":"https:\/\/www.lavillagardendesign.com\/fr\/product\/vegetal-collection-mur-de-jardin-vertical-artificiel\/","url":"https:\/\/www.lavillagardendesign.com\/fr\/product\/vegetal-collection-mur-de-jardin-vertical-artificiel\/","name":"Mur vertical artificiel 1m\u00b2 Ecuador & Playas | La Villa Garden","isPartOf":{"@id":"https:\/\/www.lavillagardendesign.com\/#website"},"primaryImageOfPage":{"@id":"https:\/\/www.lavillagardendesign.com\/fr\/product\/vegetal-collection-mur-de-jardin-vertical-artificiel\/#primaryimage"},"image":{"@id":"https:\/\/www.lavillagardendesign.com\/fr\/product\/vegetal-collection-mur-de-jardin-vertical-artificiel\/#primaryimage"},"thumbnailUrl":"https:\/\/www.lavillagardendesign.com\/wp-content\/uploads\/2026\/02\/4-1-5.jpg","datePublished":"2026-02-05T09:45:26+00:00","dateModified":"2026-02-23T09:40:47+00:00","description":"Panneaux de jardin verticaux synth\u00e9tiques pour l'ext\u00e9rieur. R\u00e9sistant aux UV. Disponible en grand panneau (Mix Ecuador - \u20ac149) ou en lot de 4 dalles (Mix Playas - \u20ac129).","breadcrumb":{"@id":"https:\/\/www.lavillagardendesign.com\/fr\/product\/vegetal-collection-mur-de-jardin-vertical-artificiel\/#breadcrumb"},"inLanguage":"fr-FR","potentialAction":[{"@type":"ReadAction","target":["https:\/\/www.lavillagardendesign.com\/fr\/product\/vegetal-collection-mur-de-jardin-vertical-artificiel\/"]}]},{"@type":"ImageObject","inLanguage":"fr-FR","@id":"https:\/\/www.lavillagardendesign.com\/fr\/product\/vegetal-collection-mur-de-jardin-vertical-artificiel\/#primaryimage","url":"https:\/\/www.lavillagardendesign.com\/wp-content\/uploads\/2026\/02\/4-1-5.jpg","contentUrl":"https:\/\/www.lavillagardendesign.com\/wp-content\/uploads\/2026\/02\/4-1-5.jpg","width":700,"height":800},{"@type":"BreadcrumbList","@id":"https:\/\/www.lavillagardendesign.com\/fr\/product\/vegetal-collection-mur-de-jardin-vertical-artificiel\/#breadcrumb","itemListElement":[{"@type":"ListItem","position":1,"name":"Home","item":"https:\/\/www.lavillagardendesign.com\/"},{"@type":"ListItem","position":2,"name":"Boutique","item":"https:\/\/www.lavillagardendesign.com\/fr\/boutique\/"},{"@type":"ListItem","position":3,"name":"VEGETAL COLLECTION &#8211; Mur de jardin vertical artificiel"}]},{"@type":"WebSite","@id":"https:\/\/www.lavillagardendesign.com\/#website","url":"https:\/\/www.lavillagardendesign.com\/","name":"La Villa Garden&Design","description":"","publisher":{"@id":"https:\/\/www.lavillagardendesign.com\/#organization"},"potentialAction":[{"@type":"SearchAction","target":{"@type":"EntryPoint","urlTemplate":"https:\/\/www.lavillagardendesign.com\/?s={search_term_string}"},"query-input":{"@type":"PropertyValueSpecification","valueRequired":true,"valueName":"search_term_string"}}],"inLanguage":"fr-FR"},{"@type":"Organization","@id":"https:\/\/www.lavillagardendesign.com\/#organization","name":"La Villa Garden&Design","url":"https:\/\/www.lavillagardendesign.com\/","logo":{"@type":"ImageObject","inLanguage":"fr-FR","@id":"https:\/\/www.lavillagardendesign.com\/#\/schema\/logo\/image\/","url":"https:\/\/www.lavillagardendesign.com\/wp-content\/uploads\/2024\/04\/logolavilla.png","contentUrl":"https:\/\/www.lavillagardendesign.com\/wp-content\/uploads\/2024\/04\/logolavilla.png","width":682,"height":391,"caption":"La Villa Garden&Design"},"image":{"@id":"https:\/\/www.lavillagardendesign.com\/#\/schema\/logo\/image\/"},"sameAs":["https:\/\/www.facebook.com\/lavillagardendesign\/"]}]}},"_links":{"self":[{"href":"https:\/\/www.lavillagardendesign.com\/fr\/wp-json\/wp\/v2\/product\/61938","targetHints":{"allow":["GET"]}}],"collection":[{"href":"https:\/\/www.lavillagardendesign.com\/fr\/wp-json\/wp\/v2\/product"}],"about":[{"href":"https:\/\/www.lavillagardendesign.com\/fr\/wp-json\/wp\/v2\/types\/product"}],"replies":[{"embeddable":true,"href":"https:\/\/www.lavillagardendesign.com\/fr\/wp-json\/wp\/v2\/comments?post=61938"}],"version-history":[{"count":1,"href":"https:\/\/www.lavillagardendesign.com\/fr\/wp-json\/wp\/v2\/product\/61938\/revisions"}],"predecessor-version":[{"id":62096,"href":"https:\/\/www.lavillagardendesign.com\/fr\/wp-json\/wp\/v2\/product\/61938\/revisions\/62096"}],"wp:featuredmedia":[{"embeddable":true,"href":"https:\/\/www.lavillagardendesign.com\/fr\/wp-json\/wp\/v2\/media\/61888"}],"wp:attachment":[{"href":"https:\/\/www.lavillagardendesign.com\/fr\/wp-json\/wp\/v2\/media?parent=61938"}],"wp:term":[{"taxonomy":"product_brand","embeddable":true,"href":"https:\/\/www.lavillagardendesign.com\/fr\/wp-json\/wp\/v2\/product_brand?post=61938"},{"taxonomy":"product_cat","embeddable":true,"href":"https:\/\/www.lavillagardendesign.com\/fr\/wp-json\/wp\/v2\/product_cat?post=61938"},{"taxonomy":"product_tag","embeddable":true,"href":"https:\/\/www.lavillagardendesign.com\/fr\/wp-json\/wp\/v2\/product_tag?post=61938"}],"curies":[{"name":"wp","href":"https:\/\/api.w.org\/{rel}","templated":true}]}}